{"id":32870,"date":"2023-12-13T16:33:32","date_gmt":"2023-12-13T08:33:32","guid":{"rendered":"https:\/\/www.xiangxiangdaily.com\/danke\/"},"modified":"2026-04-28T18:16:13","modified_gmt":"2026-04-28T10:16:13","slug":"danke","status":"publish","type":"page","link":"https:\/\/www.xiangxiangdaily.com\/de\/danke\/","title":{"rendered":"Danke"},"content":{"rendered":"\t\t<div data-elementor-type=\"wp-page\" data-elementor-id=\"32870\" class=\"elementor elementor-32870 elementor-10487\" data-elementor-post-type=\"page\">\n\t\t\t\t<div class=\"elementor-element elementor-element-24794f0 e-flex e-con-boxed e-con e-parent\" data-id=\"24794f0\" data-element_type=\"container\" data-e-type=\"container\">\n\t\t\t\t\t<div class=\"e-con-inner\">\n\t\t\t\t<div class=\"elementor-element elementor-element-feb6e69 elementor-widget elementor-widget-heading\" data-id=\"feb6e69\" data-element_type=\"widget\" data-e-type=\"widget\" data-widget_type=\"heading.default\">\n\t\t\t\t<div class=\"elementor-widget-container\">\n\t\t\t\t\t<h1 class=\"elementor-heading-title elementor-size-default\">Danke, dass Sie sich f\u00fcr uns entschieden haben\ud83d\udc96!<\/h1>\t\t\t\t<\/div>\n\t\t\t\t<\/div>\n\t\t<div class=\"elementor-element elementor-element-a708d2c e-flex e-con-boxed e-con e-child\" data-id=\"a708d2c\" data-element_type=\"container\" data-e-type=\"container\">\n\t\t\t\t\t<div class=\"e-con-inner\">\n\t\t<div class=\"elementor-element elementor-element-2276f21 e-flex e-con-boxed e-con e-child\" data-id=\"2276f21\" data-element_type=\"container\" data-e-type=\"container\">\n\t\t\t\t\t<div class=\"e-con-inner\">\n\t\t\t\t<div class=\"elementor-element elementor-element-24dbbd7 elementor-widget elementor-widget-image\" data-id=\"24dbbd7\" data-element_type=\"widget\" data-e-type=\"widget\" data-widget_type=\"image.default\">\n\t\t\t\t<div class=\"elementor-widget-container\">\n\t\t\t\t\t\t\t\t\t\t\t\t\t\t\t<img fetchpriority=\"high\" decoding=\"async\" width=\"800\" height=\"533\" src=\"https:\/\/www.xiangxiangdaily.com\/wp-content\/uploads\/2023\/12\/thanks.webp\" class=\"attachment-large size-large wp-image-32880\" alt=\"danke\" srcset=\"https:\/\/www.xiangxiangdaily.com\/wp-content\/uploads\/2023\/12\/thanks.webp 800w, https:\/\/www.xiangxiangdaily.com\/wp-content\/uploads\/2023\/12\/thanks-600x400.webp 600w, https:\/\/www.xiangxiangdaily.com\/wp-content\/uploads\/2023\/12\/thanks-300x200.webp 300w, https:\/\/www.xiangxiangdaily.com\/wp-content\/uploads\/2023\/12\/thanks-768x512.webp 768w\" sizes=\"(max-width: 800px) 100vw, 800px\" \/>\t\t\t\t\t\t\t\t\t\t\t\t\t\t\t<\/div>\n\t\t\t\t<\/div>\n\t\t\t\t\t<\/div>\n\t\t\t\t<\/div>\n\t\t<div class=\"elementor-element elementor-element-0ab1bb7 e-flex e-con-boxed e-con e-child\" data-id=\"0ab1bb7\" data-element_type=\"container\" data-e-type=\"container\">\n\t\t\t\t\t<div class=\"e-con-inner\">\n\t\t\t\t<div class=\"elementor-element elementor-element-5236ed5 elementor-widget elementor-widget-text-editor\" data-id=\"5236ed5\" data-element_type=\"widget\" data-e-type=\"widget\" data-widget_type=\"text-editor.default\">\n\t\t\t\t<div class=\"elementor-widget-container\">\n\t\t\t\t\t\t\t\t\t<p>Ihre Angaben wurden erfolgreich \u00fcbermittelt.<\/p><p>Wir werden uns in K\u00fcrze mit Ihnen in Verbindung setzen, um einen Folgeanruf oder ein Treffen zu vereinbaren.<br><br><i>In der Zwischenzeit, wenn Sie Fragen haben, k\u00f6nnen Sie uns gerne \u00fcber WhatsApp <span style=\"color: #ff6600;\"><a style=\"color: #ff6600;\" href=\"https:\/\/wa.me\/8615986432834\" target=\"_blank\" rel=\"noopener\"><span style=\"text-decoration: underline;\"><span style=\"color: #00ccff; text-decoration: underline;\">anrufen oder kontaktieren<\/span><\/span><\/a><\/span> .<\/i><\/p>\t\t\t\t\t\t\t\t<\/div>\n\t\t\t\t<\/div>\n\t\t<div class=\"elementor-element elementor-element-ea965e7 e-flex e-con-boxed e-con e-child\" data-id=\"ea965e7\" data-element_type=\"container\" data-e-type=\"container\">\n\t\t\t\t\t<div class=\"e-con-inner\">\n\t\t\t\t<div class=\"elementor-element elementor-element-8a0ad7c elementor-widget__width-auto elementor-widget elementor-widget-button\" data-id=\"8a0ad7c\" data-element_type=\"widget\" data-e-type=\"widget\" data-widget_type=\"button.default\">\n\t\t\t\t<div class=\"elementor-widget-container\">\n\t\t\t\t\t\t\t\t\t<div class=\"elementor-button-wrapper\">\n\t\t\t\t\t<a class=\"elementor-button elementor-button-link elementor-size-sm\" href=\"https:\/\/www.xiangxiangdaily.com\/catalogs\/\">\n\t\t\t\t\t\t<span class=\"elementor-button-content-wrapper\">\n\t\t\t\t\t\t<span class=\"elementor-button-icon\">\n\t\t\t\t<i aria-hidden=\"true\" class=\"fas fa-cloud-download-alt\"><\/i>\t\t\t<\/span>\n\t\t\t\t\t\t\t\t\t<span class=\"elementor-button-text\">Kataloge<\/span>\n\t\t\t\t\t<\/span>\n\t\t\t\t\t<\/a>\n\t\t\t\t<\/div>\n\t\t\t\t\t\t\t\t<\/div>\n\t\t\t\t<\/div>\n\t\t\t\t<div class=\"elementor-element elementor-element-e594d6d elementor-widget__width-auto elementor-widget elementor-widget-button\" data-id=\"e594d6d\" data-element_type=\"widget\" data-e-type=\"widget\" data-widget_type=\"button.default\">\n\t\t\t\t<div class=\"elementor-widget-container\">\n\t\t\t\t\t\t\t\t\t<div class=\"elementor-button-wrapper\">\n\t\t\t\t\t<a class=\"elementor-button elementor-button-link elementor-size-sm\" href=\"https:\/\/www.xiangxiangdaily.com\/de\/\">\n\t\t\t\t\t\t<span class=\"elementor-button-content-wrapper\">\n\t\t\t\t\t\t<span class=\"elementor-button-icon\">\n\t\t\t\t<i aria-hidden=\"true\" class=\"fas fa-home\"><\/i>\t\t\t<\/span>\n\t\t\t\t\t\t\t\t\t<span class=\"elementor-button-text\">Zur\u00fcck nach Hause<\/span>\n\t\t\t\t\t<\/span>\n\t\t\t\t\t<\/a>\n\t\t\t\t<\/div>\n\t\t\t\t\t\t\t\t<\/div>\n\t\t\t\t<\/div>\n\t\t\t\t\t<\/div>\n\t\t\t\t<\/div>\n\t\t\t\t\t<\/div>\n\t\t\t\t<\/div>\n\t\t\t\t\t<\/div>\n\t\t\t\t<\/div>\n\t\t\t\t\t<\/div>\n\t\t\t\t<\/div>\n\t\t\t\t<\/div>\n\t\t","protected":false},"excerpt":{"rendered":"<p>Danke, dass Sie sich f\u00fcr uns entschieden haben\ud83d\udc96! Ihre Angaben wurden erfolgreich \u00fcbermittelt. Wir werden uns in K\u00fcrze mit Ihnen in Verbindung setzen, um einen Folgeanruf oder ein Treffen zu vereinbaren. In der Zwischenzeit, wenn Sie Fragen haben, k\u00f6nnen Sie uns gerne \u00fcber WhatsApp anrufen oder kontaktieren . Kataloge Zur\u00fcck nach Hause<\/p>\n","protected":false},"author":1,"featured_media":32880,"parent":0,"menu_order":0,"comment_status":"closed","ping_status":"closed","template":"elementor_theme","meta":{"_acf_changed":false,"footnotes":""},"class_list":["post-32870","page","type-page","status-publish","has-post-thumbnail","hentry"],"acf":[],"_links":{"self":[{"href":"https:\/\/www.xiangxiangdaily.com\/de\/wp-json\/wp\/v2\/pages\/32870","targetHints":{"allow":["GET"]}}],"collection":[{"href":"https:\/\/www.xiangxiangdaily.com\/de\/wp-json\/wp\/v2\/pages"}],"about":[{"href":"https:\/\/www.xiangxiangdaily.com\/de\/wp-json\/wp\/v2\/types\/page"}],"author":[{"embeddable":true,"href":"https:\/\/www.xiangxiangdaily.com\/de\/wp-json\/wp\/v2\/users\/1"}],"replies":[{"embeddable":true,"href":"https:\/\/www.xiangxiangdaily.com\/de\/wp-json\/wp\/v2\/comments?post=32870"}],"version-history":[{"count":2,"href":"https:\/\/www.xiangxiangdaily.com\/de\/wp-json\/wp\/v2\/pages\/32870\/revisions"}],"predecessor-version":[{"id":101614,"href":"https:\/\/www.xiangxiangdaily.com\/de\/wp-json\/wp\/v2\/pages\/32870\/revisions\/101614"}],"wp:featuredmedia":[{"embeddable":true,"href":"https:\/\/www.xiangxiangdaily.com\/de\/wp-json\/wp\/v2\/media\/32880"}],"wp:attachment":[{"href":"https:\/\/www.xiangxiangdaily.com\/de\/wp-json\/wp\/v2\/media?parent=32870"}],"curies":[{"name":"wp","href":"https:\/\/api.w.org\/{rel}","templated":true}]}}