{"id":32980,"date":"2023-12-09T10:09:23","date_gmt":"2023-12-09T02:09:23","guid":{"rendered":"https:\/\/www.xiangxiangdaily.com\/schonheitssalon-und-spa\/"},"modified":"2026-04-28T18:03:40","modified_gmt":"2026-04-28T10:03:40","slug":"schonheitssalon-und-spa","status":"publish","type":"page","link":"https:\/\/www.xiangxiangdaily.com\/de\/schonheitssalon-und-spa\/","title":{"rendered":"Sch\u00f6nheitssalon &amp; Spa"},"content":{"rendered":"\t\t<div data-elementor-type=\"wp-page\" data-elementor-id=\"32980\" class=\"elementor elementor-32980 elementor-9933\" data-elementor-post-type=\"page\">\n\t\t\t\t<div class=\"elementor-element elementor-element-3f866b89 e-flex e-con-boxed e-con e-parent\" data-id=\"3f866b89\" data-element_type=\"container\" data-e-type=\"container\" data-settings=\"{&quot;background_background&quot;:&quot;classic&quot;}\">\n\t\t\t\t\t<div class=\"e-con-inner\">\n\t\t\t\t<div class=\"elementor-element elementor-element-1d734e5b elementor-widget elementor-widget-heading\" data-id=\"1d734e5b\" data-element_type=\"widget\" data-e-type=\"widget\" data-widget_type=\"heading.default\">\n\t\t\t\t<div class=\"elementor-widget-container\">\n\t\t\t\t\t<h1 class=\"elementor-heading-title elementor-size-default\">Bauty salon &amp; spa slution<\/h1>\t\t\t\t<\/div>\n\t\t\t\t<\/div>\n\t\t\t\t<div class=\"elementor-element elementor-element-38a0c3f elementor-widget elementor-widget-text-editor\" data-id=\"38a0c3f\" data-element_type=\"widget\" data-e-type=\"widget\" data-widget_type=\"text-editor.default\">\n\t\t\t\t<div class=\"elementor-widget-container\">\n\t\t\t\t\t\t\t\t\t<p>Unsere Produkte sind so konzipiert, dass sie effektiv, sicher und erschwinglich sind, damit Salons und Spas ihren Kunden das beste Erlebnis bieten k\u00f6nnen.<\/p>\t\t\t\t\t\t\t\t<\/div>\n\t\t\t\t<\/div>\n\t\t\t\t<div class=\"elementor-element elementor-element-25315c0 elementor-widget elementor-widget-breadcrumbs\" data-id=\"25315c0\" data-element_type=\"widget\" data-e-type=\"widget\" data-widget_type=\"breadcrumbs.default\">\n\t\t\t\t<div class=\"elementor-widget-container\">\n\t\t\t\t\t<nav><span class=\"last\">Startseite<\/span><\/nav>\t\t\t\t<\/div>\n\t\t\t\t<\/div>\n\t\t\t\t\t<\/div>\n\t\t\t\t<\/div>\n\t\t<div class=\"elementor-element elementor-element-c4728be e-flex e-con-boxed e-con e-parent\" data-id=\"c4728be\" data-element_type=\"container\" data-e-type=\"container\" data-settings=\"{&quot;background_background&quot;:&quot;classic&quot;}\">\n\t\t\t\t\t<div class=\"e-con-inner\">\n\t\t<div class=\"elementor-element elementor-element-f624669 e-flex e-con-boxed e-con e-child\" data-id=\"f624669\" data-element_type=\"container\" data-e-type=\"container\">\n\t\t\t\t\t<div class=\"e-con-inner\">\n\t\t\t\t<div class=\"elementor-element elementor-element-c1146ca elementor-widget elementor-widget-heading\" data-id=\"c1146ca\" data-element_type=\"widget\" data-e-type=\"widget\" data-widget_type=\"heading.default\">\n\t\t\t\t<div class=\"elementor-widget-container\">\n\t\t\t\t\t<div class=\"elementor-heading-title elementor-size-default\">3000+ Anbieter von Kosmetikmarken<\/div>\t\t\t\t<\/div>\n\t\t\t\t<\/div>\n\t\t\t\t<div class=\"elementor-element elementor-element-90cc8e6 elementor-widget elementor-widget-heading\" data-id=\"90cc8e6\" data-element_type=\"widget\" data-e-type=\"widget\" data-widget_type=\"heading.default\">\n\t\t\t\t<div class=\"elementor-widget-container\">\n\t\t\t\t\t<h2 class=\"elementor-heading-title elementor-size-default\">Steigern Sie Ihr Gesch\u00e4ft im Sch\u00f6nheitssalon zu den niedrigsten Kosten<\/h2>\t\t\t\t<\/div>\n\t\t\t\t<\/div>\n\t\t\t\t<div class=\"elementor-element elementor-element-7ba5504 elementor-widget elementor-widget-text-editor\" data-id=\"7ba5504\" data-element_type=\"widget\" data-e-type=\"widget\" data-widget_type=\"text-editor.default\">\n\t\t\t\t<div class=\"elementor-widget-container\">\n\t\t\t\t\t\t\t\t\t<p>Wir sind ein f\u00fchrender Hersteller von Haarpflegeprodukten und unsere Produkte werden von Salons auf der ganzen Welt gesch\u00e4tzt. Wir bieten eine breite Palette von Produkten an, um die Bed\u00fcrfnisse all Ihrer Kunden zu befriedigen, und wir bieten auch ma\u00dfgeschneiderte Formulierungen, um das perfekte Produkt f\u00fcr Ihren Salon zu kreieren.<\/p>\t\t\t\t\t\t\t\t<\/div>\n\t\t\t\t<\/div>\n\t\t\t\t<div class=\"elementor-element elementor-element-ccf37ef elementor-widget elementor-widget-button\" data-id=\"ccf37ef\" data-element_type=\"widget\" data-e-type=\"widget\" data-widget_type=\"button.default\">\n\t\t\t\t<div class=\"elementor-widget-container\">\n\t\t\t\t\t\t\t\t\t<div class=\"elementor-button-wrapper\">\n\t\t\t\t\t<a class=\"elementor-button elementor-button-link elementor-size-sm\" href=\"#elementor-action%3Aaction%3Dpopup%3Aopen%26settings%3DeyJpZCI6ODQ4NDEsInRvZ2dsZSI6ZmFsc2V9\">\n\t\t\t\t\t\t<span class=\"elementor-button-content-wrapper\">\n\t\t\t\t\t\t\t\t\t<span class=\"elementor-button-text\">Sprechen Sie \u00fcber Ihr Projekt<\/span>\n\t\t\t\t\t<\/span>\n\t\t\t\t\t<\/a>\n\t\t\t\t<\/div>\n\t\t\t\t\t\t\t\t<\/div>\n\t\t\t\t<\/div>\n\t\t\t\t\t<\/div>\n\t\t\t\t<\/div>\n\t\t<div class=\"elementor-element elementor-element-64a1b2a e-flex e-con-boxed e-con e-child\" data-id=\"64a1b2a\" data-element_type=\"container\" data-e-type=\"container\">\n\t\t\t\t\t<div class=\"e-con-inner\">\n\t\t\t\t<div class=\"elementor-element elementor-element-b02fb33 elementor-widget elementor-widget-image\" data-id=\"b02fb33\" data-element_type=\"widget\" data-e-type=\"widget\" data-widget_type=\"image.default\">\n\t\t\t\t<div class=\"elementor-widget-container\">\n\t\t\t\t\t\t\t\t\t\t\t\t\t\t\t<img fetchpriority=\"high\" decoding=\"async\" width=\"500\" height=\"353\" src=\"https:\/\/www.xiangxiangdaily.com\/wp-content\/uploads\/2024\/01\/Beauty-Salon-Product-Manufacturer.webp\" class=\"attachment-large size-large wp-image-33577\" alt=\"Hersteller von Sch\u00f6nheitssalonprodukten\" srcset=\"https:\/\/www.xiangxiangdaily.com\/wp-content\/uploads\/2024\/01\/Beauty-Salon-Product-Manufacturer.webp 500w, https:\/\/www.xiangxiangdaily.com\/wp-content\/uploads\/2024\/01\/Beauty-Salon-Product-Manufacturer-300x212.webp 300w\" sizes=\"(max-width: 500px) 100vw, 500px\" \/>\t\t\t\t\t\t\t\t\t\t\t\t\t\t\t<\/div>\n\t\t\t\t<\/div>\n\t\t\t\t\t<\/div>\n\t\t\t\t<\/div>\n\t\t\t\t\t<\/div>\n\t\t\t\t<\/div>\n\t\t<div class=\"elementor-element elementor-element-5d6aead e-flex e-con-boxed e-con e-parent\" data-id=\"5d6aead\" data-element_type=\"container\" data-e-type=\"container\">\n\t\t\t\t\t<div class=\"e-con-inner\">\n\t\t\t\t<div class=\"elementor-element elementor-element-1893d67 elementor-widget elementor-widget-heading\" data-id=\"1893d67\" data-element_type=\"widget\" data-e-type=\"widget\" data-widget_type=\"heading.default\">\n\t\t\t\t<div class=\"elementor-widget-container\">\n\t\t\t\t\t<h2 class=\"elementor-heading-title elementor-size-default\">Die besten Haarpflegeprodukte f\u00fcr Ihren Salon<\/h2>\t\t\t\t<\/div>\n\t\t\t\t<\/div>\n\t\t\t\t<div class=\"elementor-element elementor-element-7bec875 elementor-widget elementor-widget-text-editor\" data-id=\"7bec875\" data-element_type=\"widget\" data-e-type=\"widget\" data-widget_type=\"text-editor.default\">\n\t\t\t\t<div class=\"elementor-widget-container\">\n\t\t\t\t\t\t\t\t\t<p>Auf dem wettbewerbsintensiven Markt von heute m\u00fcssen Sch\u00f6nheitssalons hochwertige Produkte anbieten, um sich von der Konkurrenz abzuheben. Unsere <a href=\"https:\/\/www.xiangxiangdaily.com\/de\/produktkategorie\/haarpflege\/\">Haarpflegeprodukte<\/a> bestehen aus den besten Inhaltsstoffen und Formulierungen und sind wirksam f\u00fcr alle Haartypen.<\/p>\t\t\t\t\t\t\t\t<\/div>\n\t\t\t\t<\/div>\n\t\t\t\t<div class=\"elementor-element elementor-element-5a4b824 elementor-widget-divider--view-line elementor-widget elementor-widget-divider\" data-id=\"5a4b824\" data-element_type=\"widget\" data-e-type=\"widget\" data-widget_type=\"divider.default\">\n\t\t\t\t<div class=\"elementor-widget-container\">\n\t\t\t\t\t\t\t<div class=\"elementor-divider\">\n\t\t\t<span class=\"elementor-divider-separator\">\n\t\t\t\t\t\t<\/span>\n\t\t<\/div>\n\t\t\t\t\t\t<\/div>\n\t\t\t\t<\/div>\n\t\t\t\t<div class=\"elementor-element elementor-element-8569e17 elementor-widget elementor-widget-text-editor\" data-id=\"8569e17\" data-element_type=\"widget\" data-e-type=\"widget\" data-widget_type=\"text-editor.default\">\n\t\t\t\t<div class=\"elementor-widget-container\">\n\t\t\t\t\t\t\t\t\t<p>Als f\u00fchrender <a class=\"link-whisper\" title=\"K\u00f6rperpflege Hersteller\" href=\"https:\/\/www.xiangxiangdaily.com\/de\/body-care-manufacturer-2\/\" target=\"_blank\" rel=\"noopener\" data-wpil-monitor-id=\"99\">Hersteller von K\u00f6rperpflegeprodukten<\/a> haben wir uns auf hochwertige Shampoos, Conditioner und andere Haarpflegel\u00f6sungen f\u00fcr Salons, Spas und andere professionelle Kosmetikunternehmen spezialisiert. Wir wissen, dass jeder Salon seine eigene Identit\u00e4t, sein eigenes Klientel und seine eigenen Servicestandards hat. Deshalb bieten wir eine <strong>ma\u00dfgeschneiderte Produktentwicklung<\/strong> an, um sicherzustellen, dass Sie genau das bekommen, was Sie brauchen, um sich in einem wettbewerbsintensiven Markt abzuheben.<\/p><h3>1. Ma\u00dfgeschneiderte Formulierungen<\/h3><p>Ihre Kunden vertrauen darauf, dass Sie das Beste bieten, und wir helfen Ihnen dabei, indem wir Produkte entwickeln, die speziell auf Ihre Bed\u00fcrfnisse zugeschnitten sind. Ganz gleich, ob Sie sulfatfreie Shampoos, n\u00e4hrende Pflegesp\u00fclungen oder biologische Formulierungen suchen, wir arbeiten mit Ihnen zusammen, um <strong>ma\u00dfgeschneiderte Formulierungen<\/strong> zu entwickeln, die mit Ihren Markenwerten und Kundenpr\u00e4ferenzen \u00fcbereinstimmen.<\/p><p>Unser Expertenteam arbeitet mit Ihnen zusammen, um die Inhaltsstoffe, D\u00fcfte, Texturen und Verpackungen zu bestimmen, die das Image Ihres Salons am besten widerspiegeln und den Bed\u00fcrfnissen Ihrer Kunden gerecht werden. Vom Volumen und der Haarstruktur Ihrer Kunden bis hin zu den saisonalen Trends in der Haarpflege - wir sorgen daf\u00fcr, dass unsere Produkte perfekt zu Ihrem Gesch\u00e4ft passen.<\/p><h3>2. Private Labeling und Branding<\/h3><p>Wir belassen es nicht bei der Formulierung. Wir bieten Ihnen <strong>Private Labeling Services<\/strong>, um Ihrem Salon oder Spa eine eigene Linie von Haarpflegeprodukten zu geben. Mit Ihrem Markennamen und Logo auf den Flaschen schaffen Sie ein pers\u00f6nlicheres Kundenerlebnis und st\u00e4rken die Markentreue.<\/p><p>Unser Designteam kann Ihnen dabei helfen, ein Logo zu entwerfen oder Ihre Verpackung zu aktualisieren, um ihr ein frisches, modernes Aussehen zu verleihen, das die Essenz Ihres Unternehmens einf\u00e4ngt. Dies st\u00e4rkt nicht nur Ihr Markenimage, sondern er\u00f6ffnet auch eine zus\u00e4tzliche Einnahmequelle durch den Verkauf Ihrer exklusiven Produkte in Ihrem Salon.<\/p><h3>3. Flexibilit\u00e4t bei Bestellung und Verpackung<\/h3><p>Wir verstehen die Bed\u00fcrfnisse von gro\u00dfen und kleinen Unternehmen. Egal, ob Sie ein Boutique-Salon oder eine gro\u00dfe Kette sind, wir bieten Ihnen flexible Bestellm\u00f6glichkeiten, die zu Ihrer Gr\u00f6\u00dfe und Ihrem Bedarf passen. Unsere Verpackungsl\u00f6sungen lassen sich auch an Ihre Bed\u00fcrfnisse anpassen - egal, ob Sie umweltfreundliche Verpackungen, Premium-Flaschen oder Gro\u00dfpackungen bevorzugen.<\/p><h3>4. Branchenkenntnis und nachweislicher Erfolg<\/h3><p>Mit jahrelanger Erfahrung in der <a class=\"link-whisper\" title=\"Top 5 Hautpflegehersteller in China\" href=\"https:\/\/www.xiangxiangdaily.com\/de\/hautpflege-hersteller\/\" target=\"_blank\" rel=\"noopener\" data-wpil-monitor-id=\"1525\">Herstellung von K\u00f6rperpflegeprodukten<\/a> haben wir mit einer Vielzahl von Kosmetikunternehmen zusammengearbeitet. Unsere <strong>Erfolgsbilanz<\/strong> reicht von luxuri\u00f6sen Spas bis hin zu gro\u00dfen Salons, jeder mit einzigartigen Herausforderungen und Erwartungen.<\/p><p>Unser umfassendes Branchenwissen stellt sicher, dass wir Trends und Vorschriften immer einen Schritt voraus sind und Produkte liefern, die nicht nur wirksam, sondern auch sicher sind und den Branchenstandards entsprechen. Wir haben Salons in verschiedenen M\u00e4rkten erfolgreich dabei geholfen, ihr Serviceangebot zu verbessern und die Kundenzufriedenheit mit ma\u00dfgeschneiderten Haarpflegeprodukten zu erh\u00f6hen.<\/p><h3>5. Kollaborativer Ansatz<\/h3><p>Wir verstehen uns nicht nur als Lieferant, sondern als <strong>strategischer Partner<\/strong> f\u00fcr Ihren Erfolg. Unser Prozess beginnt damit, Ihre spezifischen Gesch\u00e4ftsziele und Kundenpr\u00e4ferenzen zu verstehen. Von dort aus arbeiten wir w\u00e4hrend des gesamten Entwicklungsprozesses eng zusammen, um sicherzustellen, dass das Endprodukt genau Ihren Spezifikationen entspricht.<\/p><p>Wir legen Wert auf langfristige Beziehungen und engagieren uns f\u00fcr eine kontinuierliche Unterst\u00fctzung. Ganz gleich, ob Sie eine Rezeptur optimieren, neue Produkte einf\u00fchren oder die Produktion ausweiten m\u00f6chten, wir helfen Ihnen bei jedem Schritt, Ihr Gesch\u00e4ft auszubauen.<\/p>\t\t\t\t\t\t\t\t<\/div>\n\t\t\t\t<\/div>\n\t\t\t\t\t<\/div>\n\t\t\t\t<\/div>\n\t\t\t\t<\/div>\n\t\t","protected":false},"excerpt":{"rendered":"<p>Bauty salon &amp; spa slution Unsere Produkte sind so konzipiert, dass sie effektiv, sicher und erschwinglich sind, damit Salons und Spas ihren Kunden das beste Erlebnis bieten k\u00f6nnen. Home 3000+ Anbieter von Kosmetikmarken Steigern Sie Ihr Gesch\u00e4ft im Sch\u00f6nheitssalon zu den niedrigsten Kosten Wir sind ein f\u00fchrender Hersteller von Haarpflegeprodukten und unsere Produkte werden von [&hellip;]<\/p>\n","protected":false},"author":1,"featured_media":32982,"parent":0,"menu_order":0,"comment_status":"closed","ping_status":"closed","template":"elementor_theme","meta":{"_acf_changed":false,"footnotes":""},"class_list":["post-32980","page","type-page","status-publish","has-post-thumbnail","hentry"],"acf":[],"_links":{"self":[{"href":"https:\/\/www.xiangxiangdaily.com\/de\/wp-json\/wp\/v2\/pages\/32980","targetHints":{"allow":["GET"]}}],"collection":[{"href":"https:\/\/www.xiangxiangdaily.com\/de\/wp-json\/wp\/v2\/pages"}],"about":[{"href":"https:\/\/www.xiangxiangdaily.com\/de\/wp-json\/wp\/v2\/types\/page"}],"author":[{"embeddable":true,"href":"https:\/\/www.xiangxiangdaily.com\/de\/wp-json\/wp\/v2\/users\/1"}],"replies":[{"embeddable":true,"href":"https:\/\/www.xiangxiangdaily.com\/de\/wp-json\/wp\/v2\/comments?post=32980"}],"version-history":[{"count":2,"href":"https:\/\/www.xiangxiangdaily.com\/de\/wp-json\/wp\/v2\/pages\/32980\/revisions"}],"predecessor-version":[{"id":101371,"href":"https:\/\/www.xiangxiangdaily.com\/de\/wp-json\/wp\/v2\/pages\/32980\/revisions\/101371"}],"wp:featuredmedia":[{"embeddable":true,"href":"https:\/\/www.xiangxiangdaily.com\/de\/wp-json\/wp\/v2\/media\/32982"}],"wp:attachment":[{"href":"https:\/\/www.xiangxiangdaily.com\/de\/wp-json\/wp\/v2\/media?parent=32980"}],"curies":[{"name":"wp","href":"https:\/\/api.w.org\/{rel}","templated":true}]}}