{"id":33065,"date":"2023-12-09T09:53:29","date_gmt":"2023-12-09T01:53:29","guid":{"rendered":"https:\/\/www.xiangxiangdaily.com\/unternehmer-startups\/"},"modified":"2026-01-31T09:47:10","modified_gmt":"2026-01-31T01:47:10","slug":"unternehmer-startups","status":"publish","type":"page","link":"https:\/\/www.xiangxiangdaily.com\/de\/unternehmer-startups\/","title":{"rendered":"Unternehmer &amp; Startups"},"content":{"rendered":"\t\t<div data-elementor-type=\"wp-page\" data-elementor-id=\"33065\" class=\"elementor elementor-33065 elementor-9924\" data-elementor-post-type=\"page\">\n\t\t\t\t<div class=\"elementor-element elementor-element-66eab8d6 e-flex e-con-boxed e-con e-parent\" data-id=\"66eab8d6\" data-element_type=\"container\" data-e-type=\"container\" data-settings=\"{&quot;background_background&quot;:&quot;classic&quot;}\">\n\t\t\t\t\t<div class=\"e-con-inner\">\n\t\t\t\t<div class=\"elementor-element elementor-element-4f07bcb3 elementor-widget elementor-widget-heading\" data-id=\"4f07bcb3\" data-element_type=\"widget\" data-e-type=\"widget\" data-widget_type=\"heading.default\">\n\t\t\t\t<div class=\"elementor-widget-container\">\n\t\t\t\t\t<h1 class=\"elementor-heading-title elementor-size-default\">Unternehmer &amp; Startups<\/h1>\t\t\t\t<\/div>\n\t\t\t\t<\/div>\n\t\t\t\t<div class=\"elementor-element elementor-element-49d8ff13 elementor-widget elementor-widget-heading\" data-id=\"49d8ff13\" data-element_type=\"widget\" data-e-type=\"widget\" data-widget_type=\"heading.default\">\n\t\t\t\t<div class=\"elementor-widget-container\">\n\t\t\t\t\t<p class=\"elementor-heading-title elementor-size-default\">Es ist unsere Leidenschaft, Unternehmern und Startups bei der Verwirklichung ihrer Tr\u00e4ume zu helfen. Wir glauben, dass jeder die Chance verdient, eine erfolgreiche Marke f\u00fcr K\u00f6rperpflegeprodukte zu schaffen.<\/p>\t\t\t\t<\/div>\n\t\t\t\t<\/div>\n\t\t\t\t<div class=\"elementor-element elementor-element-7b0c04c elementor-widget elementor-widget-breadcrumbs\" data-id=\"7b0c04c\" data-element_type=\"widget\" data-e-type=\"widget\" data-widget_type=\"breadcrumbs.default\">\n\t\t\t\t<div class=\"elementor-widget-container\">\n\t\t\t\t\t<nav><span class=\"last\">Startseite<\/span><\/nav>\t\t\t\t<\/div>\n\t\t\t\t<\/div>\n\t\t\t\t\t<\/div>\n\t\t\t\t<\/div>\n\t\t<div class=\"elementor-element elementor-element-471bbf2 e-flex e-con-boxed e-con e-parent\" data-id=\"471bbf2\" data-element_type=\"container\" data-e-type=\"container\">\n\t\t\t\t\t<div class=\"e-con-inner\">\n\t\t\t\t<div class=\"elementor-element elementor-element-0f6e7a6 elementor-widget elementor-widget-text-editor\" data-id=\"0f6e7a6\" data-element_type=\"widget\" data-e-type=\"widget\" data-widget_type=\"text-editor.default\">\n\t\t\t\t<div class=\"elementor-widget-container\">\n\t\t\t\t\t\t\t\t\t<p><img fetchpriority=\"high\" decoding=\"async\" class=\"alignnone wp-image-36425 size-full\" src=\"https:\/\/www.xiangxiangdaily.com\/wp-content\/uploads\/2024\/09\/Rosemary-Strengthening-Hair-Masque-4.webp\" alt=\"Rosmarin Kr\u00e4ftigende Haarmaske (4)\" width=\"800\" height=\"800\" srcset=\"https:\/\/www.xiangxiangdaily.com\/wp-content\/uploads\/2024\/09\/Rosemary-Strengthening-Hair-Masque-4.webp 800w, https:\/\/www.xiangxiangdaily.com\/wp-content\/uploads\/2024\/09\/Rosemary-Strengthening-Hair-Masque-4-300x300.webp 300w, https:\/\/www.xiangxiangdaily.com\/wp-content\/uploads\/2024\/09\/Rosemary-Strengthening-Hair-Masque-4-600x600.webp 600w, https:\/\/www.xiangxiangdaily.com\/wp-content\/uploads\/2024\/09\/Rosemary-Strengthening-Hair-Masque-4-500x500.webp 500w, https:\/\/www.xiangxiangdaily.com\/wp-content\/uploads\/2024\/09\/Rosemary-Strengthening-Hair-Masque-4-150x150.webp 150w, https:\/\/www.xiangxiangdaily.com\/wp-content\/uploads\/2024\/09\/Rosemary-Strengthening-Hair-Masque-4-768x768.webp 768w\" sizes=\"(max-width: 800px) 100vw, 800px\" \/><\/p>\n<p>In der heutigen wettbewerbsintensiven K\u00f6rperpflegebranche sehen sich Unternehmer und Startups oft mit Herausforderungen konfrontiert, wenn sie eine Marke von Grund auf aufbauen. Um eine einzigartige Haar-, <a class=\"link-whisper\" title=\"K\u00f6rperpflege Hersteller\" href=\"https:\/\/www.xiangxiangdaily.com\/de\/korperpflegemittel-hersteller\/\" target=\"_blank\" rel=\"noopener\" data-wpil-monitor-id=\"105\">K\u00f6rper-<\/a> oder Gesichtspflegelinie zu entwickeln, bedarf es mehr als nur einer gro\u00dfartigen Idee - es ist Fachwissen \u00fcber die Produktformulierung, die Einhaltung von Vorschriften und das Verst\u00e4ndnis von Markttrends erforderlich. Wir bei Xiangxiang setzen uns leidenschaftlich daf\u00fcr ein, Ihre Visionen zu verwirklichen. Als vertrauensw\u00fcrdiger <a class=\"link-whisper\" title=\"Haarpflege Hersteller\" href=\"https:\/\/www.xiangxiangdaily.com\/de\/haarpflegemittel-hersteller\/\" target=\"_blank\" rel=\"noopener\" data-wpil-monitor-id=\"753\">Hersteller von K\u00f6rperpflegeprodukten<\/a> helfen wir Unternehmern und Startups, ihre Tr\u00e4ume zu verwirklichen, indem wir ihnen professionelle Unterst\u00fctzung bieten, die auf ihre speziellen Bed\u00fcrfnisse zugeschnitten ist.<\/p>\n<h2>Ein individueller Ansatz f\u00fcr jeden Unternehmer<\/h2>\n<p>Jeder Unternehmer hat eine einzigartige Vision, und wir wissen, dass es in dieser dynamischen Branche keine Einheitsl\u00f6sungen gibt, die f\u00fcr alle funktionieren. Ganz gleich, ob Sie sich auf Haarpflegeprodukte, Hautpflegel\u00f6sungen oder K\u00f6rperpflegeprodukte konzentrieren, unser Ansatz ist individuell auf die spezifischen Ziele Ihrer Marke abgestimmt. Vom ersten Tag an arbeiten wir eng mit Ihnen zusammen, um Ihre Marktnische, Ihr Zielpublikum und Ihre Markenwerte zu verstehen.<\/p>\n<p>Unser Team aus erfahrenen Produktentwicklern und Branchenspezialisten wird mit Ihnen zusammenarbeiten, um Formeln zu entwerfen, die die Identit\u00e4t Ihrer Marke widerspiegeln. Ganz gleich, ob Sie eine umweltfreundliche, naturbelassene Produktlinie oder eine innovative L\u00f6sung mit innovativen Inhaltsstoffen entwickeln m\u00f6chten, wir verf\u00fcgen \u00fcber das Know-how, um Ihre Vision zum Leben zu erwecken.<\/p>\n<h2>Verstehen von branchenspezifischen Merkmalen<\/h2>\n<p>Einer der Schl\u00fcssel zum Erfolg in der <a class=\"link-whisper\" title=\"Die 20 besten Anbieter von K\u00f6rperpflege- und Kosmetikartikeln in China\" href=\"https:\/\/www.xiangxiangdaily.com\/de\/top-20-personal-care-cosmetics-suppliers-in-china\/\" target=\"_blank\" rel=\"noopener\" data-wpil-monitor-id=\"2683\">K\u00f6rperpflegeindustrie<\/a> ist das Verst\u00e4ndnis der einzigartigen Eigenschaften jeder Produktkategorie. Wir sind stolz auf unser umfassendes Wissen \u00fcber die Trends in der Haar-, K\u00f6rper- und Gesichtspflege, das es uns erm\u00f6glicht, Einblicke zu geben, die Ihre Produkte von anderen abheben. Zum Beispiel:<\/p>\n<ul>\n<li>\n<p><strong>Haarpflege<\/strong>: Unsere Formulierungen sind f\u00fcr verschiedene Haartypen und -zust\u00e4nde entwickelt worden, von <a class=\"link-whisper\" title=\"Rizinus\u00f6l f\u00fcr lockiges Haar\" href=\"https:\/\/www.xiangxiangdaily.com\/de\/haarpflegemittel-hersteller\/haarol-hersteller\/rizinusol-fur-lockiges-haar\/\" target=\"_blank\" rel=\"noopener\" data-wpil-monitor-id=\"752\">lockigem und strukturiertem Haar<\/a> bis hin zu farbbehandeltem und feinem Haar. Wir bieten L\u00f6sungen f\u00fcr den Feuchtigkeitsgehalt, die Gesundheit der Kopfhaut und die Reparatur von Sch\u00e4den und stellen so sicher, dass Ihre Produkte die unterschiedlichen Bed\u00fcrfnisse Ihrer Kunden erf\u00fcllen.<\/p>\n<\/li>\n<li>\n<p><strong>K\u00f6rperpflege<\/strong>: Wir wissen, dass die Verbraucher heute <a class=\"link-whisper\" title=\"Kakao Feuchtigkeitsspendendes K\u00f6rper\u00f6l\" href=\"https:\/\/www.xiangxiangdaily.com\/de\/korperpflegemittel-hersteller\/privat-label-massage-ol\/kakao-feuchtigkeitskorper-ol\/\" target=\"_blank\" rel=\"noopener\" data-wpil-monitor-id=\"449\">K\u00f6rperpflegeprodukte suchen , die \u00fcber eine einfache Feuchtigkeitszufuhr hinausgehen<\/a>. Von luxuri\u00f6sen <a class=\"link-whisper\" title=\"K\u00f6rperlotion Hersteller\" href=\"https:\/\/www.xiangxiangdaily.com\/de\/korperpflegemittel-hersteller\/korperlotion-hersteller\/\" target=\"_blank\" rel=\"noopener\" data-wpil-monitor-id=\"213\">K\u00f6rperlotionen<\/a> bis hin zu therapeutischen Peelings bieten wir ma\u00dfgeschneiderte Formulierungen, die die perfekte Kombination aus Feuchtigkeit, Pflege und Duft bieten und gleichzeitig den Standards f\u00fcr saubere Sch\u00f6nheit entsprechen.<\/p>\n<\/li>\n<li>\n<p><strong>Gesichtspflege<\/strong>: Die Hautpflegebranche entwickelt sich rasant und die Nachfrage nach Produkten, die sich auf Anti-Aging, Aknebehandlung und L\u00f6sungen f\u00fcr empfindliche Haut konzentrieren, steigt. Unser Team ist auf dem neuesten Stand der Entwicklung von Wirkstoffen wie Hyalurons\u00e4ure, Retinol und Vitamin C und sorgt daf\u00fcr, dass Ihre Gesichtspflegeprodukte sowohl wirksam als auch marktf\u00e4hig sind.<\/p>\n<\/li>\n<\/ul>\n<h2>Schmerzpunkte mit ma\u00dfgeschneiderten L\u00f6sungen beseitigen<\/h2>\n<p>Startups haben oft mit Problemen wie begrenzten Ressourcen, regulatorischen H\u00fcrden oder Unsicherheiten bei der Produktformulierung zu k\u00e4mpfen. Unser Fachwissen hilft Ihnen, diese allgemeinen Herausforderungen zu meistern:<\/p>\n<ol>\n<li>\n<p><strong>Produktentwicklung<\/strong>: Die Herstellung hochwertiger <a class=\"link-whisper\" title=\"Wie Sie die Inhaltsstoffe f\u00fcr ein individuelles Shampoo ausw\u00e4hlen\" href=\"https:\/\/www.xiangxiangdaily.com\/de\/how-to-choose-ingredients-for-custom-shampoo-2\/\" target=\"_blank\" rel=\"noopener\" data-wpil-monitor-id=\"1619\">K\u00f6rperpflegeprodukte erfordert Kenntnisse \u00fcber Inhaltsstoffe<\/a>, Wirksamkeit und Sicherheit. Wir arbeiten mit Ihnen zusammen, um Produkte zu formulieren, die nicht nur Ihren Vorstellungen entsprechen, sondern auch die Branchenvorschriften erf\u00fcllen. Ganz gleich, ob Sie biologische, grausam-freie oder vegan-zertifizierte Produkte ben\u00f6tigen, wir stellen sicher, dass Ihre Formulierungen den h\u00f6chsten Standards entsprechen.<\/p>\n<\/li>\n<li>\n<p><strong>Kleinserienfertigung<\/strong>: F\u00fcr Start-ups k\u00f6nnen die anf\u00e4nglichen Produktionskosten \u00fcberw\u00e4ltigend sein. Wir bieten eine Kleinserienfertigung an, die es Ihnen erm\u00f6glicht, den Markt zu testen, ohne die finanzielle Belastung einer Gro\u00dfproduktion. Diese Flexibilit\u00e4t erm\u00f6glicht es Unternehmern, sich auf den Aufbau ihrer Marke zu konzentrieren, bevor sie skalieren.<\/p>\n<\/li>\n<li>\n<p><strong>Branding und Verpackung<\/strong>: Der erste Eindruck z\u00e4hlt. Wir helfen Ihnen bei der Produktverpackung und dem Design, um sicherzustellen, dass die \u00c4sthetik Ihrer Marke mit Ihrer Zielgruppe \u00fcbereinstimmt. Unser Team hilft Ihnen bei der Auswahl der richtigen Verpackungsmaterialien, die nicht nur gut aussehen, sondern auch die Integrit\u00e4t Ihrer Produkte sch\u00fctzen.<\/p>\n<\/li>\n<li>\n<p><strong>Einhaltung gesetzlicher Vorschriften<\/strong>: Es kann einsch\u00fcchternd sein, sich in einer Landschaft von Vorschriften wie den FDA-Richtlinien, internationaler Compliance und Produktsicherheitstests zurechtzufinden. Wir nehmen Ihnen das R\u00e4tselraten ab und stellen sicher, dass alle Ihre Produkte den erforderlichen Vorschriften entsprechen, damit Sie sich auf das konzentrieren k\u00f6nnen, was am wichtigsten ist - das Wachstum Ihres Unternehmens.<\/p>\n<\/li>\n<\/ol>\n<h2>Professionelle Beratung f\u00fcr nachhaltiges Wachstum<\/h2>\n<p>Unsere Rolle als Hersteller von K\u00f6rperpflegeprodukten geht \u00fcber die Produktion hinaus. Wir begleiten Sie in jeder Phase der Entwicklung Ihrer Marke und bieten Ihnen professionelle Beratung, die Ihnen hilft, nachhaltig zu wachsen. Wir wissen, wie wichtig es ist, mit den sich st\u00e4ndig \u00e4ndernden Verbraucherpr\u00e4ferenzen und Branchentrends Schritt zu halten.<\/p>\n<ul>\n<li>\n<p><strong>Trend-Insights<\/strong>: Wir haben den Finger am Puls der Markttrends und geben Ihnen Einblicke in neue Bed\u00fcrfnisse und Vorlieben der Verbraucher. Ob es um saubere Sch\u00f6nheit, nachhaltige Verpackungen oder fortschrittliche Hautpflegetechnologien geht, wir helfen Ihnen, der Zeit voraus zu sein.<\/p>\n<\/li>\n<li>\n<p><strong>Fortlaufender Support<\/strong>: Sobald Ihre Produkte auf dem Markt sind, h\u00f6rt unsere Unterst\u00fctzung nicht auf. Wir unterst\u00fctzen Sie auch weiterhin, wenn Sie Ihre Produktlinie erweitern, neue Innovationen einf\u00fchren oder neue M\u00e4rkte erschlie\u00dfen.<\/p>\n<\/li>\n<\/ul>\n<h2>Ihr Erfolg ist unser Erfolg<\/h2>\n<p>Wir bei Xiangxiang glauben, dass jeder die Chance verdient, eine erfolgreiche <a href=\"https:\/\/www.xiangxiangdaily.com\/de\/leading-facial-serum-suppliers-for-your-brand\/\" title=\"F\u00fchrende Anbieter von Gesichtsserum f\u00fcr Ihre Marke\" target=\"_blank\" rel=\"noopener\" data-wpil-monitor-id=\"5017\">Marke f\u00fcr K\u00f6rperpflegeprodukte<\/a> aufzubauen. Unsere Leidenschaft ist es, Unternehmern und Startups bei der Verwirklichung ihrer Tr\u00e4ume zu helfen. Wir kombinieren unsere Produktionserfahrung mit Ihrer Vision, um Produkte zu schaffen, die bei den Verbrauchern ankommen.<\/p>\n<p>Ganz gleich, ob Sie Ihr erstes Produkt auf den Markt bringen oder Ihr bestehendes Sortiment erweitern, wir sind f\u00fcr Sie da und unterst\u00fctzen Sie bei jedem Schritt. Gemeinsam k\u00f6nnen wir eine K\u00f6rperpflegemarke schaffen, die nicht nur in einem \u00fcberf\u00fcllten Markt hervorsticht, sondern auch einen bedeutenden Einfluss auf Ihre Kunden hat.<\/p>\n<p>Lassen Sie uns gemeinsam etwas Sch\u00f6nes schaffen.<\/p>\n\t\t\t\t\t\t\t\t<\/div>\n\t\t\t\t<\/div>\n\t\t\t\t\t<\/div>\n\t\t\t\t<\/div>\n\t\t<div class=\"elementor-element elementor-element-39218e1 e-flex e-con-boxed e-con e-parent\" data-id=\"39218e1\" data-element_type=\"container\" data-e-type=\"container\">\n\t\t\t\t\t<div class=\"e-con-inner\">\n\t\t\t\t<div class=\"elementor-element elementor-element-9c89785 elementor-widget elementor-widget-heading\" data-id=\"9c89785\" data-element_type=\"widget\" data-e-type=\"widget\" data-widget_type=\"heading.default\">\n\t\t\t\t<div class=\"elementor-widget-container\">\n\t\t\t\t\t<h2 class=\"elementor-heading-title elementor-size-default\">Qualit\u00e4tsprodukte, die Ihren Bed\u00fcrfnissen entsprechen<\/h2>\t\t\t\t<\/div>\n\t\t\t\t<\/div>\n\t\t\t\t<div class=\"elementor-element elementor-element-fca03d8 elementor-widget elementor-widget-heading\" data-id=\"fca03d8\" data-element_type=\"widget\" data-e-type=\"widget\" data-widget_type=\"heading.default\">\n\t\t\t\t<div class=\"elementor-widget-container\">\n\t\t\t\t\t<p class=\"elementor-heading-title elementor-size-default\">Unsere K\u00f6rperpflegeprodukte sind vollst\u00e4ndig anpassbar, so dass Sie Produkte kreieren k\u00f6nnen, die den spezifischen Bed\u00fcrfnissen Ihrer Kunden entsprechen. Dies verschafft Ihnen einen Wettbewerbsvorteil und hilft Ihnen, sich von der Konkurrenz abzuheben.<\/p>\t\t\t\t<\/div>\n\t\t\t\t<\/div>\n\t\t<div class=\"elementor-element elementor-element-71c0615 e-flex e-con-boxed e-con e-child\" data-id=\"71c0615\" data-element_type=\"container\" data-e-type=\"container\">\n\t\t\t\t\t<div class=\"e-con-inner\">\n\t\t<div class=\"elementor-element elementor-element-f7c5362 e-flex e-con-boxed e-con e-child\" data-id=\"f7c5362\" data-element_type=\"container\" data-e-type=\"container\">\n\t\t\t\t\t<div class=\"e-con-inner\">\n\t\t\t\t<div class=\"elementor-element elementor-element-52573ba elementor-widget elementor-widget-image\" data-id=\"52573ba\" data-element_type=\"widget\" data-e-type=\"widget\" data-widget_type=\"image.default\">\n\t\t\t\t<div class=\"elementor-widget-container\">\n\t\t\t\t\t\t\t\t\t\t\t\t\t\t\t<img decoding=\"async\" width=\"500\" height=\"333\" src=\"https:\/\/www.xiangxiangdaily.com\/wp-content\/uploads\/2023\/12\/Custom-Ingredients.webp\" class=\"attachment-large size-large wp-image-99121\" alt=\"Individuelle Zutaten\" \/>\t\t\t\t\t\t\t\t\t\t\t\t\t\t\t<\/div>\n\t\t\t\t<\/div>\n\t\t<div class=\"elementor-element elementor-element-3a33e73 e-flex e-con-boxed e-con e-child\" data-id=\"3a33e73\" data-element_type=\"container\" data-e-type=\"container\">\n\t\t\t\t\t<div class=\"e-con-inner\">\n\t\t\t\t<div class=\"elementor-element elementor-element-ea5d290 elementor-view-default elementor-widget elementor-widget-icon\" data-id=\"ea5d290\" data-element_type=\"widget\" data-e-type=\"widget\" data-widget_type=\"icon.default\">\n\t\t\t\t<div class=\"elementor-widget-container\">\n\t\t\t\t\t\t\t<div class=\"elementor-icon-wrapper\">\n\t\t\t<div class=\"elementor-icon\">\n\t\t\t<i aria-hidden=\"true\" class=\"fas fa-check-circle\"><\/i>\t\t\t<\/div>\n\t\t<\/div>\n\t\t\t\t\t\t<\/div>\n\t\t\t\t<\/div>\n\t\t\t\t<div class=\"elementor-element elementor-element-640bb76 elementor-widget elementor-widget-heading\" data-id=\"640bb76\" data-element_type=\"widget\" data-e-type=\"widget\" data-widget_type=\"heading.default\">\n\t\t\t\t<div class=\"elementor-widget-container\">\n\t\t\t\t\t<h5 class=\"elementor-heading-title elementor-size-default\">W\u00e4hlen Sie Ihre Zutaten<\/h5>\t\t\t\t<\/div>\n\t\t\t\t<\/div>\n\t\t\t\t\t<\/div>\n\t\t\t\t<\/div>\n\t\t\t\t<div class=\"elementor-element elementor-element-f5e4a8f elementor-widget elementor-widget-heading\" data-id=\"f5e4a8f\" data-element_type=\"widget\" data-e-type=\"widget\" data-widget_type=\"heading.default\">\n\t\t\t\t<div class=\"elementor-widget-container\">\n\t\t\t\t\t<p class=\"elementor-heading-title elementor-size-default\">Sie k\u00f6nnen aus einer breiten Palette von Zutaten w\u00e4hlen, darunter nat\u00fcrliche, biologische und vegane Optionen.<\/p>\t\t\t\t<\/div>\n\t\t\t\t<\/div>\n\t\t\t\t\t<\/div>\n\t\t\t\t<\/div>\n\t\t<div class=\"elementor-element elementor-element-6069f7e e-flex e-con-boxed e-con e-child\" data-id=\"6069f7e\" data-element_type=\"container\" data-e-type=\"container\">\n\t\t\t\t\t<div class=\"e-con-inner\">\n\t\t\t\t<div class=\"elementor-element elementor-element-de07089 elementor-widget elementor-widget-image\" data-id=\"de07089\" data-element_type=\"widget\" data-e-type=\"widget\" data-widget_type=\"image.default\">\n\t\t\t\t<div class=\"elementor-widget-container\">\n\t\t\t\t\t\t\t\t\t\t\t\t\t\t\t<img decoding=\"async\" width=\"500\" height=\"333\" src=\"https:\/\/www.xiangxiangdaily.com\/wp-content\/uploads\/2023\/12\/Packing-type.webp\" class=\"attachment-large size-large wp-image-99129\" alt=\"Packungstyp\" \/>\t\t\t\t\t\t\t\t\t\t\t\t\t\t\t<\/div>\n\t\t\t\t<\/div>\n\t\t<div class=\"elementor-element elementor-element-61a5e1b e-flex e-con-boxed e-con e-child\" data-id=\"61a5e1b\" data-element_type=\"container\" data-e-type=\"container\">\n\t\t\t\t\t<div class=\"e-con-inner\">\n\t\t\t\t<div class=\"elementor-element elementor-element-a9cc2e2 elementor-view-default elementor-widget elementor-widget-icon\" data-id=\"a9cc2e2\" data-element_type=\"widget\" data-e-type=\"widget\" data-widget_type=\"icon.default\">\n\t\t\t\t<div class=\"elementor-widget-container\">\n\t\t\t\t\t\t\t<div class=\"elementor-icon-wrapper\">\n\t\t\t<div class=\"elementor-icon\">\n\t\t\t<i aria-hidden=\"true\" class=\"fas fa-check-circle\"><\/i>\t\t\t<\/div>\n\t\t<\/div>\n\t\t\t\t\t\t<\/div>\n\t\t\t\t<\/div>\n\t\t\t\t<div class=\"elementor-element elementor-element-d2e4d43 elementor-widget elementor-widget-heading\" data-id=\"d2e4d43\" data-element_type=\"widget\" data-e-type=\"widget\" data-widget_type=\"heading.default\">\n\t\t\t\t<div class=\"elementor-widget-container\">\n\t\t\t\t\t<h5 class=\"elementor-heading-title elementor-size-default\">Gestalten Sie Ihre Verpackung<\/h5>\t\t\t\t<\/div>\n\t\t\t\t<\/div>\n\t\t\t\t\t<\/div>\n\t\t\t\t<\/div>\n\t\t\t\t<div class=\"elementor-element elementor-element-7d9e140 elementor-widget elementor-widget-heading\" data-id=\"7d9e140\" data-element_type=\"widget\" data-e-type=\"widget\" data-widget_type=\"heading.default\">\n\t\t\t\t<div class=\"elementor-widget-container\">\n\t\t\t\t\t<p class=\"elementor-heading-title elementor-size-default\">Sie k\u00f6nnen aus einer Vielzahl von Verpackungsoptionen w\u00e4hlen, einschlie\u00dflich individueller Etiketten und Verpackungsmaterialien.<\/p>\t\t\t\t<\/div>\n\t\t\t\t<\/div>\n\t\t\t\t\t<\/div>\n\t\t\t\t<\/div>\n\t\t<div class=\"elementor-element elementor-element-6fa05f8 e-flex e-con-boxed e-con e-child\" data-id=\"6fa05f8\" data-element_type=\"container\" data-e-type=\"container\">\n\t\t\t\t\t<div class=\"e-con-inner\">\n\t\t\t\t<div class=\"elementor-element elementor-element-7bce30d elementor-widget elementor-widget-image\" data-id=\"7bce30d\" data-element_type=\"widget\" data-e-type=\"widget\" data-widget_type=\"image.default\">\n\t\t\t\t<div class=\"elementor-widget-container\">\n\t\t\t\t\t\t\t\t\t\t\t\t\t\t\t<img loading=\"lazy\" decoding=\"async\" width=\"500\" height=\"333\" src=\"https:\/\/www.xiangxiangdaily.com\/wp-content\/uploads\/2023\/12\/Private-Label.webp\" class=\"attachment-large size-large wp-image-99113\" alt=\"Private Label\" \/>\t\t\t\t\t\t\t\t\t\t\t\t\t\t\t<\/div>\n\t\t\t\t<\/div>\n\t\t<div class=\"elementor-element elementor-element-f61d47c e-flex e-con-boxed e-con e-child\" data-id=\"f61d47c\" data-element_type=\"container\" data-e-type=\"container\">\n\t\t\t\t\t<div class=\"e-con-inner\">\n\t\t\t\t<div class=\"elementor-element elementor-element-0172391 elementor-view-default elementor-widget elementor-widget-icon\" data-id=\"0172391\" data-element_type=\"widget\" data-e-type=\"widget\" data-widget_type=\"icon.default\">\n\t\t\t\t<div class=\"elementor-widget-container\">\n\t\t\t\t\t\t\t<div class=\"elementor-icon-wrapper\">\n\t\t\t<div class=\"elementor-icon\">\n\t\t\t<i aria-hidden=\"true\" class=\"fas fa-check-circle\"><\/i>\t\t\t<\/div>\n\t\t<\/div>\n\t\t\t\t\t\t<\/div>\n\t\t\t\t<\/div>\n\t\t\t\t<div class=\"elementor-element elementor-element-ae1f72b elementor-widget elementor-widget-heading\" data-id=\"ae1f72b\" data-element_type=\"widget\" data-e-type=\"widget\" data-widget_type=\"heading.default\">\n\t\t\t\t<div class=\"elementor-widget-container\">\n\t\t\t\t\t<h5 class=\"elementor-heading-title elementor-size-default\">Erstellen Sie Ihre Marke<\/h5>\t\t\t\t<\/div>\n\t\t\t\t<\/div>\n\t\t\t\t\t<\/div>\n\t\t\t\t<\/div>\n\t\t\t\t<div class=\"elementor-element elementor-element-adbcdf8 elementor-widget elementor-widget-heading\" data-id=\"adbcdf8\" data-element_type=\"widget\" data-e-type=\"widget\" data-widget_type=\"heading.default\">\n\t\t\t\t<div class=\"elementor-widget-container\">\n\t\t\t\t\t<p class=\"elementor-heading-title elementor-size-default\">Wir k\u00f6nnen Ihnen helfen, eine einzigartige Markenidentit\u00e4t f\u00fcr Ihre K\u00f6rperpflegeprodukte zu schaffen.<\/p>\t\t\t\t<\/div>\n\t\t\t\t<\/div>\n\t\t\t\t\t<\/div>\n\t\t\t\t<\/div>\n\t\t\t\t\t<\/div>\n\t\t\t\t<\/div>\n\t\t\t\t\t<\/div>\n\t\t\t\t<\/div>\n\t\t\t\t<\/div>\n\t\t","protected":false},"excerpt":{"rendered":"<p>Unternehmer &amp; Startups Es ist unsere Leidenschaft, Unternehmern und Startups bei der Verwirklichung ihrer Tr\u00e4ume zu helfen. Wir glauben, dass jeder die Chance verdient, eine erfolgreiche Marke f\u00fcr K\u00f6rperpflegeprodukte zu schaffen. Home In der heutigen wettbewerbsintensiven K\u00f6rperpflegebranche sehen sich Unternehmer und Startups oft mit Herausforderungen konfrontiert, wenn sie eine Marke von Grund auf aufbauen. Um [&hellip;]<\/p>\n","protected":false},"author":1,"featured_media":33067,"parent":0,"menu_order":0,"comment_status":"closed","ping_status":"closed","template":"elementor_theme","meta":{"_acf_changed":false,"footnotes":""},"class_list":["post-33065","page","type-page","status-publish","has-post-thumbnail","hentry"],"acf":[],"_links":{"self":[{"href":"https:\/\/www.xiangxiangdaily.com\/de\/wp-json\/wp\/v2\/pages\/33065","targetHints":{"allow":["GET"]}}],"collection":[{"href":"https:\/\/www.xiangxiangdaily.com\/de\/wp-json\/wp\/v2\/pages"}],"about":[{"href":"https:\/\/www.xiangxiangdaily.com\/de\/wp-json\/wp\/v2\/types\/page"}],"author":[{"embeddable":true,"href":"https:\/\/www.xiangxiangdaily.com\/de\/wp-json\/wp\/v2\/users\/1"}],"replies":[{"embeddable":true,"href":"https:\/\/www.xiangxiangdaily.com\/de\/wp-json\/wp\/v2\/comments?post=33065"}],"version-history":[{"count":0,"href":"https:\/\/www.xiangxiangdaily.com\/de\/wp-json\/wp\/v2\/pages\/33065\/revisions"}],"wp:featuredmedia":[{"embeddable":true,"href":"https:\/\/www.xiangxiangdaily.com\/de\/wp-json\/wp\/v2\/media\/33067"}],"wp:attachment":[{"href":"https:\/\/www.xiangxiangdaily.com\/de\/wp-json\/wp\/v2\/media?parent=33065"}],"curies":[{"name":"wp","href":"https:\/\/api.w.org\/{rel}","templated":true}]}}