{"id":33120,"date":"2023-01-13T14:14:13","date_gmt":"2023-01-13T06:14:13","guid":{"rendered":"https:\/\/www.xiangxiangdaily.com\/bloggt\/"},"modified":"2026-04-07T17:12:52","modified_gmt":"2026-04-07T09:12:52","slug":"bloggt","status":"publish","type":"page","link":"https:\/\/www.xiangxiangdaily.com\/de\/bloggt\/","title":{"rendered":"Blogs"},"content":{"rendered":"\t\t<div data-elementor-type=\"wp-page\" data-elementor-id=\"33120\" class=\"elementor elementor-33120 elementor-3646\" data-elementor-post-type=\"page\">\n\t\t\t\t<div class=\"elementor-element elementor-element-819521e e-flex e-con-boxed e-con e-parent\" data-id=\"819521e\" data-element_type=\"container\" data-e-type=\"container\">\n\t\t\t\t\t<div class=\"e-con-inner\">\n\t\t\t\t<div class=\"elementor-element elementor-element-975c5c6 elementor-widget elementor-widget-heading\" data-id=\"975c5c6\" data-element_type=\"widget\" data-e-type=\"widget\" data-widget_type=\"heading.default\">\n\t\t\t\t<div class=\"elementor-widget-container\">\n\t\t\t\t\t<h1 class=\"elementor-heading-title elementor-size-default\">Blogs<\/h1>\t\t\t\t<\/div>\n\t\t\t\t<\/div>\n\t\t\t\t<div class=\"elementor-element elementor-element-649766b elementor-grid-3 elementor-grid-tablet-2 elementor-grid-mobile-1 elementor-posts--thumbnail-top elementor-widget elementor-widget-posts\" data-id=\"649766b\" data-element_type=\"widget\" data-e-type=\"widget\" data-settings=\"{&quot;pagination_type&quot;:&quot;numbers_and_prev_next&quot;,&quot;classic_columns&quot;:&quot;3&quot;,&quot;classic_columns_tablet&quot;:&quot;2&quot;,&quot;classic_columns_mobile&quot;:&quot;1&quot;,&quot;classic_row_gap&quot;:{&quot;unit&quot;:&quot;px&quot;,&quot;size&quot;:35,&quot;sizes&quot;:[]},&quot;classic_row_gap_laptop&quot;:{&quot;unit&quot;:&quot;px&quot;,&quot;size&quot;:&quot;&quot;,&quot;sizes&quot;:[]},&quot;classic_row_gap_tablet&quot;:{&quot;unit&quot;:&quot;px&quot;,&quot;size&quot;:&quot;&quot;,&quot;sizes&quot;:[]},&quot;classic_row_gap_mobile&quot;:{&quot;unit&quot;:&quot;px&quot;,&quot;size&quot;:&quot;&quot;,&quot;sizes&quot;:[]}}\" data-widget_type=\"posts.classic\">\n\t\t\t\t<div class=\"elementor-widget-container\">\n\t\t\t\t\t\t\t<div class=\"elementor-posts-container elementor-posts elementor-posts--skin-classic elementor-grid\" role=\"list\">\n\t\t\t\t<article class=\"elementor-post elementor-grid-item post-91777 post type-post status-publish format-standard has-post-thumbnail hentry category-neu\" role=\"listitem\">\n\t\t\t\t<a class=\"elementor-post__thumbnail__link\" href=\"https:\/\/www.xiangxiangdaily.com\/de\/pdrn-face-cream-oem-odm-guide-for-brands\/\" tabindex=\"-1\">\n\t\t\t<div class=\"elementor-post__thumbnail\"><img fetchpriority=\"high\" decoding=\"async\" width=\"300\" height=\"200\" src=\"https:\/\/www.xiangxiangdaily.com\/wp-content\/uploads\/2026\/02\/ChatGPT-Image-2026\u5e742\u67085\u65e5-18_05_30-300x200.png\" class=\"attachment-medium size-medium wp-image-91757\" alt=\"\" srcset=\"https:\/\/www.xiangxiangdaily.com\/wp-content\/uploads\/2026\/02\/ChatGPT-Image-2026\u5e742\u67085\u65e5-18_05_30-300x200.png 300w, https:\/\/www.xiangxiangdaily.com\/wp-content\/uploads\/2026\/02\/ChatGPT-Image-2026\u5e742\u67085\u65e5-18_05_30-1024x683.png 1024w, https:\/\/www.xiangxiangdaily.com\/wp-content\/uploads\/2026\/02\/ChatGPT-Image-2026\u5e742\u67085\u65e5-18_05_30-768x512.png 768w, https:\/\/www.xiangxiangdaily.com\/wp-content\/uploads\/2026\/02\/ChatGPT-Image-2026\u5e742\u67085\u65e5-18_05_30-600x400.png 600w, https:\/\/www.xiangxiangdaily.com\/wp-content\/uploads\/2026\/02\/ChatGPT-Image-2026\u5e742\u67085\u65e5-18_05_30.png 1536w\" sizes=\"(max-width: 300px) 100vw, 300px\" \/><\/div>\n\t\t<\/a>\n\t\t\t\t<div class=\"elementor-post__text\">\n\t\t\t\t<h3 class=\"elementor-post__title\">\n\t\t\t<a href=\"https:\/\/www.xiangxiangdaily.com\/de\/pdrn-face-cream-oem-odm-guide-for-brands\/\">\n\t\t\t\tPDRN Gesichtscreme OEM\/ODM-Leitfaden f\u00fcr Marken\t\t\t<\/a>\n\t\t<\/h3>\n\t\t\t\t<div class=\"elementor-post__meta-data\">\n\t\t\t\t\t<span class=\"elementor-post-date\">\n\t\t\t5. Februar 2026\t\t<\/span>\n\t\t\t\t<span class=\"elementor-post-avatar\">\n\t\t\tKeine Kommentare\t\t<\/span>\n\t\t\t\t<\/div>\n\t\t\t\t<div class=\"elementor-post__excerpt\">\n\t\t\t<p>PDRN Gesichtscreme OEM\/ODM-Leitfaden f\u00fcr Marken: Formulierung, Verpackung und Lieferanten-Checkliste. Erfahren Sie, warum Xiangxiang Daily ein vertrauensw\u00fcrdiger Produktionspartner ist. <\/p>\n\t\t<\/div>\n\t\t\n\t\t<a class=\"elementor-post__read-more\" href=\"https:\/\/www.xiangxiangdaily.com\/de\/pdrn-face-cream-oem-odm-guide-for-brands\/\" aria-label=\"Read more about PDRN Gesichtscreme OEM\/ODM-Leitfaden f\u00fcr Marken\" tabindex=\"-1\">\n\t\t\tMehr lesen \"\t\t<\/a>\n\n\t\t\t\t<\/div>\n\t\t\t\t<\/article>\n\t\t\t\t<article class=\"elementor-post elementor-grid-item post-91621 post type-post status-publish format-standard has-post-thumbnail hentry category-korperpflege\" role=\"listitem\">\n\t\t\t\t<a class=\"elementor-post__thumbnail__link\" href=\"https:\/\/www.xiangxiangdaily.com\/de\/how-to-choose-a-soap-bar-oem-factory\/\" tabindex=\"-1\">\n\t\t\t<div class=\"elementor-post__thumbnail\"><img decoding=\"async\" width=\"300\" height=\"200\" src=\"https:\/\/www.xiangxiangdaily.com\/wp-content\/uploads\/2026\/02\/ChatGPT-Image-2026\u5e742\u67084\u65e5-11_32_46-1-300x200.png\" class=\"attachment-medium size-medium wp-image-91594\" alt=\"\" srcset=\"https:\/\/www.xiangxiangdaily.com\/wp-content\/uploads\/2026\/02\/ChatGPT-Image-2026\u5e742\u67084\u65e5-11_32_46-1-300x200.png 300w, https:\/\/www.xiangxiangdaily.com\/wp-content\/uploads\/2026\/02\/ChatGPT-Image-2026\u5e742\u67084\u65e5-11_32_46-1-768x512.png 768w, https:\/\/www.xiangxiangdaily.com\/wp-content\/uploads\/2026\/02\/ChatGPT-Image-2026\u5e742\u67084\u65e5-11_32_46-1-600x400.png 600w, https:\/\/www.xiangxiangdaily.com\/wp-content\/uploads\/2026\/02\/ChatGPT-Image-2026\u5e742\u67084\u65e5-11_32_46-1.png 800w\" sizes=\"(max-width: 300px) 100vw, 300px\" \/><\/div>\n\t\t<\/a>\n\t\t\t\t<div class=\"elementor-post__text\">\n\t\t\t\t<h3 class=\"elementor-post__title\">\n\t\t\t<a href=\"https:\/\/www.xiangxiangdaily.com\/de\/how-to-choose-a-soap-bar-oem-factory\/\">\n\t\t\t\tSo w\u00e4hlen Sie eine OEM-Fabrik f\u00fcr Seifenstangen\t\t\t<\/a>\n\t\t<\/h3>\n\t\t\t\t<div class=\"elementor-post__meta-data\">\n\t\t\t\t\t<span class=\"elementor-post-date\">\n\t\t\t4. Februar 2026\t\t<\/span>\n\t\t\t\t<span class=\"elementor-post-avatar\">\n\t\t\tKeine Kommentare\t\t<\/span>\n\t\t\t\t<\/div>\n\t\t\t\t<div class=\"elementor-post__excerpt\">\n\t\t\t<p>Erfahren Sie, wie Sie eine OEM-Fabrik f\u00fcr Seifenst\u00fccke f\u00fcr Ihre Marke ausw\u00e4hlen, worauf Sie bei Lieferanten achten sollten und warum Xiangxiang Daily ein zuverl\u00e4ssiger OEM\/ODM-Partner ist.<\/p>\n\t\t<\/div>\n\t\t\n\t\t<a class=\"elementor-post__read-more\" href=\"https:\/\/www.xiangxiangdaily.com\/de\/how-to-choose-a-soap-bar-oem-factory\/\" aria-label=\"Read more about So w\u00e4hlen Sie eine OEM-Fabrik f\u00fcr Seifenstangen\" tabindex=\"-1\">\n\t\t\tMehr lesen \"\t\t<\/a>\n\n\t\t\t\t<\/div>\n\t\t\t\t<\/article>\n\t\t\t\t<article class=\"elementor-post elementor-grid-item post-91269 post type-post status-publish format-standard has-post-thumbnail hentry category-korperpflege\" role=\"listitem\">\n\t\t\t\t<a class=\"elementor-post__thumbnail__link\" href=\"https:\/\/www.xiangxiangdaily.com\/de\/how-to-choose-a-hair-care-manufacturer\/\" tabindex=\"-1\">\n\t\t\t<div class=\"elementor-post__thumbnail\"><img decoding=\"async\" width=\"300\" height=\"200\" src=\"https:\/\/www.xiangxiangdaily.com\/wp-content\/uploads\/2026\/02\/ChatGPT-Image-2026\u5e742\u67082\u65e5-15_05_52-1-300x200.png\" class=\"attachment-medium size-medium wp-image-91254\" alt=\"\" srcset=\"https:\/\/www.xiangxiangdaily.com\/wp-content\/uploads\/2026\/02\/ChatGPT-Image-2026\u5e742\u67082\u65e5-15_05_52-1-300x200.png 300w, https:\/\/www.xiangxiangdaily.com\/wp-content\/uploads\/2026\/02\/ChatGPT-Image-2026\u5e742\u67082\u65e5-15_05_52-1-768x512.png 768w, https:\/\/www.xiangxiangdaily.com\/wp-content\/uploads\/2026\/02\/ChatGPT-Image-2026\u5e742\u67082\u65e5-15_05_52-1-600x400.png 600w, https:\/\/www.xiangxiangdaily.com\/wp-content\/uploads\/2026\/02\/ChatGPT-Image-2026\u5e742\u67082\u65e5-15_05_52-1.png 800w\" sizes=\"(max-width: 300px) 100vw, 300px\" \/><\/div>\n\t\t<\/a>\n\t\t\t\t<div class=\"elementor-post__text\">\n\t\t\t\t<h3 class=\"elementor-post__title\">\n\t\t\t<a href=\"https:\/\/www.xiangxiangdaily.com\/de\/how-to-choose-a-hair-care-manufacturer\/\">\n\t\t\t\tWie Sie einen Haarpflegehersteller ausw\u00e4hlen\t\t\t<\/a>\n\t\t<\/h3>\n\t\t\t\t<div class=\"elementor-post__meta-data\">\n\t\t\t\t\t<span class=\"elementor-post-date\">\n\t\t\t2. Februar 2026\t\t<\/span>\n\t\t\t\t<span class=\"elementor-post-avatar\">\n\t\t\tKeine Kommentare\t\t<\/span>\n\t\t\t\t<\/div>\n\t\t\t\t<div class=\"elementor-post__excerpt\">\n\t\t\t<p>Erfahren Sie, wie Sie den richtigen Haarpflegehersteller f\u00fcr Ihre Marke ausw\u00e4hlen und entdecken Sie, warum Xiangxiang Daily ein vertrauensw\u00fcrdiger OEM\/ODM-Partner f\u00fcr globale M\u00e4rkte ist.<\/p>\n\t\t<\/div>\n\t\t\n\t\t<a class=\"elementor-post__read-more\" href=\"https:\/\/www.xiangxiangdaily.com\/de\/how-to-choose-a-hair-care-manufacturer\/\" aria-label=\"Read more about Wie Sie einen Haarpflegehersteller ausw\u00e4hlen\" tabindex=\"-1\">\n\t\t\tMehr lesen \"\t\t<\/a>\n\n\t\t\t\t<\/div>\n\t\t\t\t<\/article>\n\t\t\t\t<article class=\"elementor-post elementor-grid-item post-91178 post type-post status-publish format-standard has-post-thumbnail hentry category-korperpflege\" role=\"listitem\">\n\t\t\t\t<a class=\"elementor-post__thumbnail__link\" href=\"https:\/\/www.xiangxiangdaily.com\/de\/leading-facial-serum-suppliers-for-your-brand\/\" tabindex=\"-1\">\n\t\t\t<div class=\"elementor-post__thumbnail\"><img loading=\"lazy\" decoding=\"async\" width=\"300\" height=\"200\" src=\"https:\/\/www.xiangxiangdaily.com\/wp-content\/uploads\/2026\/01\/ChatGPT-Image-2026\u5e741\u670830\u65e5-15_23_43-1-300x200.png\" class=\"attachment-medium size-medium wp-image-91153\" alt=\"\" srcset=\"https:\/\/www.xiangxiangdaily.com\/wp-content\/uploads\/2026\/01\/ChatGPT-Image-2026\u5e741\u670830\u65e5-15_23_43-1-300x200.png 300w, https:\/\/www.xiangxiangdaily.com\/wp-content\/uploads\/2026\/01\/ChatGPT-Image-2026\u5e741\u670830\u65e5-15_23_43-1-768x512.png 768w, https:\/\/www.xiangxiangdaily.com\/wp-content\/uploads\/2026\/01\/ChatGPT-Image-2026\u5e741\u670830\u65e5-15_23_43-1-600x400.png 600w, https:\/\/www.xiangxiangdaily.com\/wp-content\/uploads\/2026\/01\/ChatGPT-Image-2026\u5e741\u670830\u65e5-15_23_43-1.png 800w\" sizes=\"(max-width: 300px) 100vw, 300px\" \/><\/div>\n\t\t<\/a>\n\t\t\t\t<div class=\"elementor-post__text\">\n\t\t\t\t<h3 class=\"elementor-post__title\">\n\t\t\t<a href=\"https:\/\/www.xiangxiangdaily.com\/de\/leading-facial-serum-suppliers-for-your-brand\/\">\n\t\t\t\tF\u00fchrende Anbieter von Gesichtsserum f\u00fcr Ihre Marke\t\t\t<\/a>\n\t\t<\/h3>\n\t\t\t\t<div class=\"elementor-post__meta-data\">\n\t\t\t\t\t<span class=\"elementor-post-date\">\n\t\t\t30. Januar 2026\t\t<\/span>\n\t\t\t\t<span class=\"elementor-post-avatar\">\n\t\t\tKeine Kommentare\t\t<\/span>\n\t\t\t\t<\/div>\n\t\t\t\t<div class=\"elementor-post__excerpt\">\n\t\t\t<p>\"Entdecken Sie die besten Anbieter von Gesichtsserum f\u00fcr Ihre Eigenmarke. Erfahren Sie, worauf Sie bei der Auswahl eines Lieferanten achten sollten und warum Xiangxiang Daily sich auszeichnet.\"<\/p>\n\t\t<\/div>\n\t\t\n\t\t<a class=\"elementor-post__read-more\" href=\"https:\/\/www.xiangxiangdaily.com\/de\/leading-facial-serum-suppliers-for-your-brand\/\" aria-label=\"Read more about F\u00fchrende Anbieter von Gesichtsserum f\u00fcr Ihre Marke\" tabindex=\"-1\">\n\t\t\tMehr lesen \"\t\t<\/a>\n\n\t\t\t\t<\/div>\n\t\t\t\t<\/article>\n\t\t\t\t<article class=\"elementor-post elementor-grid-item post-91088 post type-post status-publish format-standard has-post-thumbnail hentry category-korperpflege\" role=\"listitem\">\n\t\t\t\t<a class=\"elementor-post__thumbnail__link\" href=\"https:\/\/www.xiangxiangdaily.com\/de\/top-10-skin-care-product-suppliers-in-malaysia\/\" tabindex=\"-1\">\n\t\t\t<div class=\"elementor-post__thumbnail\"><img loading=\"lazy\" decoding=\"async\" width=\"300\" height=\"200\" src=\"https:\/\/www.xiangxiangdaily.com\/wp-content\/uploads\/2026\/01\/Top-10-Skin-Care-Product-Suppliers-in-Malaysia-300x200.jpg\" class=\"attachment-medium size-medium wp-image-91110\" alt=\"Top 10 Skin Care Product Suppliers in Malaysia\" srcset=\"https:\/\/www.xiangxiangdaily.com\/wp-content\/uploads\/2026\/01\/Top-10-Skin-Care-Product-Suppliers-in-Malaysia-300x200.jpg 300w, https:\/\/www.xiangxiangdaily.com\/wp-content\/uploads\/2026\/01\/Top-10-Skin-Care-Product-Suppliers-in-Malaysia-768x512.jpg 768w, https:\/\/www.xiangxiangdaily.com\/wp-content\/uploads\/2026\/01\/Top-10-Skin-Care-Product-Suppliers-in-Malaysia-600x400.jpg 600w, https:\/\/www.xiangxiangdaily.com\/wp-content\/uploads\/2026\/01\/Top-10-Skin-Care-Product-Suppliers-in-Malaysia.jpg 800w\" sizes=\"(max-width: 300px) 100vw, 300px\" \/><\/div>\n\t\t<\/a>\n\t\t\t\t<div class=\"elementor-post__text\">\n\t\t\t\t<h3 class=\"elementor-post__title\">\n\t\t\t<a href=\"https:\/\/www.xiangxiangdaily.com\/de\/top-10-skin-care-product-suppliers-in-malaysia\/\">\n\t\t\t\tTop 10 Anbieter von Hautpflegeprodukten in Malaysia\t\t\t<\/a>\n\t\t<\/h3>\n\t\t\t\t<div class=\"elementor-post__meta-data\">\n\t\t\t\t\t<span class=\"elementor-post-date\">\n\t\t\t14. Januar 2026\t\t<\/span>\n\t\t\t\t<span class=\"elementor-post-avatar\">\n\t\t\tKeine Kommentare\t\t<\/span>\n\t\t\t\t<\/div>\n\t\t\t\t<div class=\"elementor-post__excerpt\">\n\t\t\t<p>Home Top 10 Anbieter von Hautpflegeprodukten in Malaysia Malaysia hat sich zu einem strategischen Zentrum f\u00fcr die Herstellung von Hautpflegeprodukten in S\u00fcdostasien entwickelt. Mit einer<\/p>\n\t\t<\/div>\n\t\t\n\t\t<a class=\"elementor-post__read-more\" href=\"https:\/\/www.xiangxiangdaily.com\/de\/top-10-skin-care-product-suppliers-in-malaysia\/\" aria-label=\"Read more about Top 10 Anbieter von Hautpflegeprodukten in Malaysia\" tabindex=\"-1\">\n\t\t\tMehr lesen \"\t\t<\/a>\n\n\t\t\t\t<\/div>\n\t\t\t\t<\/article>\n\t\t\t\t<article class=\"elementor-post elementor-grid-item post-90944 post type-post status-publish format-standard has-post-thumbnail hentry category-korperpflege\" role=\"listitem\">\n\t\t\t\t<a class=\"elementor-post__thumbnail__link\" href=\"https:\/\/www.xiangxiangdaily.com\/de\/how-to-build-your-own-skincare-brand-in-2026\/\" tabindex=\"-1\">\n\t\t\t<div class=\"elementor-post__thumbnail\"><img loading=\"lazy\" decoding=\"async\" width=\"300\" height=\"200\" src=\"https:\/\/www.xiangxiangdaily.com\/wp-content\/uploads\/2025\/12\/Skincare-brand-development-guide-300x200.jpg\" class=\"attachment-medium size-medium wp-image-90911\" alt=\"\" srcset=\"https:\/\/www.xiangxiangdaily.com\/wp-content\/uploads\/2025\/12\/Skincare-brand-development-guide-300x200.jpg 300w, https:\/\/www.xiangxiangdaily.com\/wp-content\/uploads\/2025\/12\/Skincare-brand-development-guide-768x512.jpg 768w, https:\/\/www.xiangxiangdaily.com\/wp-content\/uploads\/2025\/12\/Skincare-brand-development-guide-600x400.jpg 600w, https:\/\/www.xiangxiangdaily.com\/wp-content\/uploads\/2025\/12\/Skincare-brand-development-guide.jpg 800w\" sizes=\"(max-width: 300px) 100vw, 300px\" \/><\/div>\n\t\t<\/a>\n\t\t\t\t<div class=\"elementor-post__text\">\n\t\t\t\t<h3 class=\"elementor-post__title\">\n\t\t\t<a href=\"https:\/\/www.xiangxiangdaily.com\/de\/how-to-build-your-own-skincare-brand-in-2026\/\">\n\t\t\t\tWie Sie Ihre eigene Hautpflegemarke im Jahr 2026 aufbauen\t\t\t<\/a>\n\t\t<\/h3>\n\t\t\t\t<div class=\"elementor-post__meta-data\">\n\t\t\t\t\t<span class=\"elementor-post-date\">\n\t\t\t17. Dezember 2025\t\t<\/span>\n\t\t\t\t<span class=\"elementor-post-avatar\">\n\t\t\tKeine Kommentare\t\t<\/span>\n\t\t\t\t<\/div>\n\t\t\t\t<div class=\"elementor-post__excerpt\">\n\t\t\t<p>Home Wie Sie Ihre eigene Hautpflegemarke im Jahr 2026 aufbauen Einf\u00fchrung Die globale Hautpflegebranche w\u00e4chst weiter, aber das Jahr 2026 markiert einen Wendepunkt. Die Verbraucher<\/p>\n\t\t<\/div>\n\t\t\n\t\t<a class=\"elementor-post__read-more\" href=\"https:\/\/www.xiangxiangdaily.com\/de\/how-to-build-your-own-skincare-brand-in-2026\/\" aria-label=\"Read more about Wie Sie Ihre eigene Hautpflegemarke im Jahr 2026 aufbauen\" tabindex=\"-1\">\n\t\t\tMehr lesen \"\t\t<\/a>\n\n\t\t\t\t<\/div>\n\t\t\t\t<\/article>\n\t\t\t\t<article class=\"elementor-post elementor-grid-item post-90885 post type-post status-publish format-standard has-post-thumbnail hentry category-korperpflege\" role=\"listitem\">\n\t\t\t\t<a class=\"elementor-post__thumbnail__link\" href=\"https:\/\/www.xiangxiangdaily.com\/de\/cambodian-shampoo-packaging-and-design-features\/\" tabindex=\"-1\">\n\t\t\t<div class=\"elementor-post__thumbnail\"><img loading=\"lazy\" decoding=\"async\" width=\"300\" height=\"200\" src=\"https:\/\/www.xiangxiangdaily.com\/wp-content\/uploads\/2025\/12\/Natural-Inspired-Design-Trends-in-Cambodia-Shampoo-300x200.jpg\" class=\"attachment-medium size-medium wp-image-90867\" alt=\"Natural Inspired Design Trends in Cambodia Shampoo\" srcset=\"https:\/\/www.xiangxiangdaily.com\/wp-content\/uploads\/2025\/12\/Natural-Inspired-Design-Trends-in-Cambodia-Shampoo-300x200.jpg 300w, https:\/\/www.xiangxiangdaily.com\/wp-content\/uploads\/2025\/12\/Natural-Inspired-Design-Trends-in-Cambodia-Shampoo-768x512.jpg 768w, https:\/\/www.xiangxiangdaily.com\/wp-content\/uploads\/2025\/12\/Natural-Inspired-Design-Trends-in-Cambodia-Shampoo-600x400.jpg 600w, https:\/\/www.xiangxiangdaily.com\/wp-content\/uploads\/2025\/12\/Natural-Inspired-Design-Trends-in-Cambodia-Shampoo.jpg 800w\" sizes=\"(max-width: 300px) 100vw, 300px\" \/><\/div>\n\t\t<\/a>\n\t\t\t\t<div class=\"elementor-post__text\">\n\t\t\t\t<h3 class=\"elementor-post__title\">\n\t\t\t<a href=\"https:\/\/www.xiangxiangdaily.com\/de\/cambodian-shampoo-packaging-and-design-features\/\">\n\t\t\t\tKambodschanische Shampoo-Verpackung und Design-Merkmale\t\t\t<\/a>\n\t\t<\/h3>\n\t\t\t\t<div class=\"elementor-post__meta-data\">\n\t\t\t\t\t<span class=\"elementor-post-date\">\n\t\t\t10. Dezember 2025\t\t<\/span>\n\t\t\t\t<span class=\"elementor-post-avatar\">\n\t\t\tKeine Kommentare\t\t<\/span>\n\t\t\t\t<\/div>\n\t\t\t\t<div class=\"elementor-post__excerpt\">\n\t\t\t<p>Home Kambodschanische Shampoo-Verpackung und Design-Merkmale Einf\u00fchrung Der kambodschanische Markt f\u00fcr Sch\u00f6nheits- und K\u00f6rperpflegeprodukte ist in den letzten Jahren stetig gewachsen, unterst\u00fctzt durch steigende Einkommen, Urbanisierung<\/p>\n\t\t<\/div>\n\t\t\n\t\t<a class=\"elementor-post__read-more\" href=\"https:\/\/www.xiangxiangdaily.com\/de\/cambodian-shampoo-packaging-and-design-features\/\" aria-label=\"Read more about Kambodschanische Shampoo-Verpackung und Design-Merkmale\" tabindex=\"-1\">\n\t\t\tMehr lesen \"\t\t<\/a>\n\n\t\t\t\t<\/div>\n\t\t\t\t<\/article>\n\t\t\t\t<article class=\"elementor-post elementor-grid-item post-90839 post type-post status-publish format-standard has-post-thumbnail hentry category-korperpflege\" role=\"listitem\">\n\t\t\t\t<a class=\"elementor-post__thumbnail__link\" href=\"https:\/\/www.xiangxiangdaily.com\/de\/nigeria-hair-care-market-size-growth-and-trends\/\" tabindex=\"-1\">\n\t\t\t<div class=\"elementor-post__thumbnail\"><img loading=\"lazy\" decoding=\"async\" width=\"300\" height=\"200\" src=\"https:\/\/www.xiangxiangdaily.com\/wp-content\/uploads\/2025\/11\/Nigeria-Hair-Care-Opportunities-for-New-Brands-300x200.jpg\" class=\"attachment-medium size-medium wp-image-90824\" alt=\"Nigeria Hair Care Opportunities for New Brands\" srcset=\"https:\/\/www.xiangxiangdaily.com\/wp-content\/uploads\/2025\/11\/Nigeria-Hair-Care-Opportunities-for-New-Brands-300x200.jpg 300w, https:\/\/www.xiangxiangdaily.com\/wp-content\/uploads\/2025\/11\/Nigeria-Hair-Care-Opportunities-for-New-Brands-768x512.jpg 768w, https:\/\/www.xiangxiangdaily.com\/wp-content\/uploads\/2025\/11\/Nigeria-Hair-Care-Opportunities-for-New-Brands-600x400.jpg 600w, https:\/\/www.xiangxiangdaily.com\/wp-content\/uploads\/2025\/11\/Nigeria-Hair-Care-Opportunities-for-New-Brands.jpg 800w\" sizes=\"(max-width: 300px) 100vw, 300px\" \/><\/div>\n\t\t<\/a>\n\t\t\t\t<div class=\"elementor-post__text\">\n\t\t\t\t<h3 class=\"elementor-post__title\">\n\t\t\t<a href=\"https:\/\/www.xiangxiangdaily.com\/de\/nigeria-hair-care-market-size-growth-and-trends\/\">\n\t\t\t\tNigeria Haarpflege Marktgr\u00f6\u00dfe Wachstum und Trends\t\t\t<\/a>\n\t\t<\/h3>\n\t\t\t\t<div class=\"elementor-post__meta-data\">\n\t\t\t\t\t<span class=\"elementor-post-date\">\n\t\t\t25. November 2025\t\t<\/span>\n\t\t\t\t<span class=\"elementor-post-avatar\">\n\t\t\tKeine Kommentare\t\t<\/span>\n\t\t\t\t<\/div>\n\t\t\t\t<div class=\"elementor-post__excerpt\">\n\t\t\t<p>Home Nigeria Haarpflege Marktgr\u00f6\u00dfe Wachstum und Trends Marktgr\u00f6\u00dfe und Wachstum - Momentaufnahme Nigeria ist einer der gr\u00f6\u00dften M\u00e4rkte f\u00fcr Sch\u00f6nheitspflege und K\u00f6rperpflege in Afrika. Sch\u00e4tzungen<\/p>\n\t\t<\/div>\n\t\t\n\t\t<a class=\"elementor-post__read-more\" href=\"https:\/\/www.xiangxiangdaily.com\/de\/nigeria-hair-care-market-size-growth-and-trends\/\" aria-label=\"Read more about Nigeria Haarpflege Marktgr\u00f6\u00dfe Wachstum und Trends\" tabindex=\"-1\">\n\t\t\tMehr lesen \"\t\t<\/a>\n\n\t\t\t\t<\/div>\n\t\t\t\t<\/article>\n\t\t\t\t<article class=\"elementor-post elementor-grid-item post-90808 post type-post status-publish format-standard has-post-thumbnail hentry category-korperpflege\" role=\"listitem\">\n\t\t\t\t<a class=\"elementor-post__thumbnail__link\" href=\"https:\/\/www.xiangxiangdaily.com\/de\/how-much-budget-you-need-to-start-a-skincare-brand\/\" tabindex=\"-1\">\n\t\t\t<div class=\"elementor-post__thumbnail\"><img loading=\"lazy\" decoding=\"async\" width=\"300\" height=\"200\" src=\"https:\/\/www.xiangxiangdaily.com\/wp-content\/uploads\/2025\/11\/Startup-Costs-for-Launching-Your-Own-Skincare-Line-300x200.jpg\" class=\"attachment-medium size-medium wp-image-90774\" alt=\"Startup Costs for Launching Your Own Skincare Line\" srcset=\"https:\/\/www.xiangxiangdaily.com\/wp-content\/uploads\/2025\/11\/Startup-Costs-for-Launching-Your-Own-Skincare-Line-300x200.jpg 300w, https:\/\/www.xiangxiangdaily.com\/wp-content\/uploads\/2025\/11\/Startup-Costs-for-Launching-Your-Own-Skincare-Line-768x512.jpg 768w, https:\/\/www.xiangxiangdaily.com\/wp-content\/uploads\/2025\/11\/Startup-Costs-for-Launching-Your-Own-Skincare-Line-600x400.jpg 600w, https:\/\/www.xiangxiangdaily.com\/wp-content\/uploads\/2025\/11\/Startup-Costs-for-Launching-Your-Own-Skincare-Line.jpg 800w\" sizes=\"(max-width: 300px) 100vw, 300px\" \/><\/div>\n\t\t<\/a>\n\t\t\t\t<div class=\"elementor-post__text\">\n\t\t\t\t<h3 class=\"elementor-post__title\">\n\t\t\t<a href=\"https:\/\/www.xiangxiangdaily.com\/de\/how-much-budget-you-need-to-start-a-skincare-brand\/\">\n\t\t\t\tWie viel Budget Sie ben\u00f6tigen, um eine Hautpflegemarke zu gr\u00fcnden\t\t\t<\/a>\n\t\t<\/h3>\n\t\t\t\t<div class=\"elementor-post__meta-data\">\n\t\t\t\t\t<span class=\"elementor-post-date\">\n\t\t\t17. November 2025\t\t<\/span>\n\t\t\t\t<span class=\"elementor-post-avatar\">\n\t\t\tKeine Kommentare\t\t<\/span>\n\t\t\t\t<\/div>\n\t\t\t\t<div class=\"elementor-post__excerpt\">\n\t\t\t<p>Home Wie viel Budget Sie ben\u00f6tigen, um eine Hautpflegemarke zu gr\u00fcnden Die Einf\u00fchrung einer eigenen Hautpflegeserie kann eines der aufregendsten und profitabelsten Gesch\u00e4ftsvorhaben in der<\/p>\n\t\t<\/div>\n\t\t\n\t\t<a class=\"elementor-post__read-more\" href=\"https:\/\/www.xiangxiangdaily.com\/de\/how-much-budget-you-need-to-start-a-skincare-brand\/\" aria-label=\"Read more about Wie viel Budget Sie ben\u00f6tigen, um eine Hautpflegemarke zu gr\u00fcnden\" tabindex=\"-1\">\n\t\t\tMehr lesen \"\t\t<\/a>\n\n\t\t\t\t<\/div>\n\t\t\t\t<\/article>\n\t\t\t\t<\/div>\n\t\t\n\t\t\t\t<div class=\"e-load-more-anchor\" data-page=\"1\" data-max-page=\"21\" data-next-page=\"https:\/\/www.xiangxiangdaily.com\/de\/wp-json\/wp\/v2\/pages\/33120\/page\/2\/\"><\/div>\n\t\t\t\t<nav class=\"elementor-pagination\" aria-label=\"Pagination\">\n\t\t\t<span class=\"page-numbers prev\">\" Vorherige<\/span>\n<span aria-current=\"page\" class=\"page-numbers current\"><span class=\"elementor-screen-only\">Seite<\/span>1<\/span>\n<a class=\"page-numbers\" href=\"https:\/\/www.xiangxiangdaily.com\/de\/wp-json\/wp\/v2\/pages\/33120\/page\/2\/\"><span class=\"elementor-screen-only\">Seite<\/span>2<\/a>\n<a class=\"page-numbers\" href=\"https:\/\/www.xiangxiangdaily.com\/de\/wp-json\/wp\/v2\/pages\/33120\/page\/3\/\"><span class=\"elementor-screen-only\">Seite<\/span>3<\/a>\n<a class=\"page-numbers\" href=\"https:\/\/www.xiangxiangdaily.com\/de\/wp-json\/wp\/v2\/pages\/33120\/page\/4\/\"><span class=\"elementor-screen-only\">Seite<\/span>4<\/a>\n<a class=\"page-numbers\" href=\"https:\/\/www.xiangxiangdaily.com\/de\/wp-json\/wp\/v2\/pages\/33120\/page\/5\/\"><span class=\"elementor-screen-only\">Seite<\/span>5<\/a>\n<a class=\"page-numbers next\" href=\"https:\/\/www.xiangxiangdaily.com\/de\/wp-json\/wp\/v2\/pages\/33120\/page\/2\/\">N\u00e4chste \"<\/a>\t\t<\/nav>\n\t\t\t\t\t\t<\/div>\n\t\t\t\t<\/div>\n\t\t\t\t\t<\/div>\n\t\t\t\t<\/div>\n\t\t\t\t<\/div>\n\t\t","protected":false},"excerpt":{"rendered":"<p>Wir halten Sie \u00fcber die neuesten Branchentrends, Nachrichten und Entwicklungen auf dem Laufenden, damit Sie immer einen Schritt voraus sind.<\/p>\n","protected":false},"author":1,"featured_media":0,"parent":0,"menu_order":0,"comment_status":"closed","ping_status":"closed","template":"elementor_theme","meta":{"_acf_changed":false,"footnotes":""},"class_list":["post-33120","page","type-page","status-publish","hentry"],"acf":[],"_links":{"self":[{"href":"https:\/\/www.xiangxiangdaily.com\/de\/wp-json\/wp\/v2\/pages\/33120","targetHints":{"allow":["GET"]}}],"collection":[{"href":"https:\/\/www.xiangxiangdaily.com\/de\/wp-json\/wp\/v2\/pages"}],"about":[{"href":"https:\/\/www.xiangxiangdaily.com\/de\/wp-json\/wp\/v2\/types\/page"}],"author":[{"embeddable":true,"href":"https:\/\/www.xiangxiangdaily.com\/de\/wp-json\/wp\/v2\/users\/1"}],"replies":[{"embeddable":true,"href":"https:\/\/www.xiangxiangdaily.com\/de\/wp-json\/wp\/v2\/comments?post=33120"}],"version-history":[{"count":2,"href":"https:\/\/www.xiangxiangdaily.com\/de\/wp-json\/wp\/v2\/pages\/33120\/revisions"}],"predecessor-version":[{"id":98059,"href":"https:\/\/www.xiangxiangdaily.com\/de\/wp-json\/wp\/v2\/pages\/33120\/revisions\/98059"}],"wp:attachment":[{"href":"https:\/\/www.xiangxiangdaily.com\/de\/wp-json\/wp\/v2\/media?parent=33120"}],"curies":[{"name":"wp","href":"https:\/\/api.w.org\/{rel}","templated":true}]}}