{"id":33126,"date":"2023-03-29T14:21:49","date_gmt":"2023-03-29T06:21:49","guid":{"rendered":"https:\/\/www.xiangxiangdaily.com\/unsere-marke\/"},"modified":"2026-04-28T18:19:33","modified_gmt":"2026-04-28T10:19:33","slug":"unsere-marke","status":"publish","type":"page","link":"https:\/\/www.xiangxiangdaily.com\/de\/unsere-marke\/","title":{"rendered":"Unsere Marke"},"content":{"rendered":"\t\t<div data-elementor-type=\"wp-page\" data-elementor-id=\"33126\" class=\"elementor elementor-33126 elementor-7532\" data-elementor-post-type=\"page\">\n\t\t\t\t<div class=\"elementor-element elementor-element-7e7b1861 e-flex e-con-boxed e-con e-parent\" data-id=\"7e7b1861\" data-element_type=\"container\" data-e-type=\"container\" data-settings=\"{&quot;background_background&quot;:&quot;classic&quot;}\">\n\t\t\t\t\t<div class=\"e-con-inner\">\n\t\t\t\t<div class=\"elementor-element elementor-element-4fc2465f elementor-widget elementor-widget-heading\" data-id=\"4fc2465f\" data-element_type=\"widget\" data-e-type=\"widget\" data-widget_type=\"heading.default\">\n\t\t\t\t<div class=\"elementor-widget-container\">\n\t\t\t\t\t<h1 class=\"elementor-heading-title elementor-size-default\">Entfesseln Sie die Kraft Ihrer Marke<\/h1>\t\t\t\t<\/div>\n\t\t\t\t<\/div>\n\t\t\t\t<div class=\"elementor-element elementor-element-da40c46 elementor-widget elementor-widget-text-editor\" data-id=\"da40c46\" data-element_type=\"widget\" data-e-type=\"widget\" data-widget_type=\"text-editor.default\">\n\t\t\t\t<div class=\"elementor-widget-container\">\n\t\t\t\t\t\t\t\t\t<p>Unsere Eigenmarken bieten Unternehmen den Vorteil einer erh\u00f6hten Markenbekanntheit, Individualisierung, Kosteneffizienz und Kontrolle \u00fcber Preisgestaltung und Vertrieb.<\/p>\t\t\t\t\t\t\t\t<\/div>\n\t\t\t\t<\/div>\n\t\t\t\t<div class=\"elementor-element elementor-element-b730b85 elementor-widget elementor-widget-breadcrumbs\" data-id=\"b730b85\" data-element_type=\"widget\" data-e-type=\"widget\" data-widget_type=\"breadcrumbs.default\">\n\t\t\t\t<div class=\"elementor-widget-container\">\n\t\t\t\t\t<nav><span class=\"last\">Startseite<\/span><\/nav>\t\t\t\t<\/div>\n\t\t\t\t<\/div>\n\t\t\t\t\t<\/div>\n\t\t\t\t<\/div>\n\t\t<div class=\"elementor-element elementor-element-9afd530 e-flex e-con-boxed e-con e-parent\" data-id=\"9afd530\" data-element_type=\"container\" data-e-type=\"container\">\n\t\t\t\t\t<div class=\"e-con-inner\">\n\t\t<div class=\"elementor-element elementor-element-1de65fd e-con-full e-flex e-con e-child\" data-id=\"1de65fd\" data-element_type=\"container\" data-e-type=\"container\">\n\t\t\t\t<div class=\"elementor-element elementor-element-95659ee elementor-widget elementor-widget-heading\" data-id=\"95659ee\" data-element_type=\"widget\" data-e-type=\"widget\" data-widget_type=\"heading.default\">\n\t\t\t\t<div class=\"elementor-widget-container\">\n\t\t\t\t\t<h2 class=\"elementor-heading-title elementor-size-default\">PPZ &amp; Lidercare<\/h2>\t\t\t\t<\/div>\n\t\t\t\t<\/div>\n\t\t\t\t<div class=\"elementor-element elementor-element-c12932c elementor-widget elementor-widget-text-editor\" data-id=\"c12932c\" data-element_type=\"widget\" data-e-type=\"widget\" data-widget_type=\"text-editor.default\">\n\t\t\t\t<div class=\"elementor-widget-container\">\n\t\t\t\t\t\t\t\t\t<p>PPZ und Lidercare sind zwei unabh\u00e4ngige Marken von Xiangxiang Daily im Bereich der K\u00f6rperpflege, die sich auf die F\u00f6rderung gesunder Badegewohnheiten und die Verwendung umweltfreundlicher Materialien konzentrieren. Unsere Unternehmensphilosophie basiert darauf, unseren Kunden qualitativ hochwertige, sichere und nachhaltige Produkte anzubieten, die K\u00f6rperpflege und Wohlbefinden f\u00f6rdern. <\/p>\t\t\t\t\t\t\t\t<\/div>\n\t\t\t\t<\/div>\n\t\t\t\t<\/div>\n\t\t<div class=\"elementor-element elementor-element-75360fe e-con-full e-flex e-con e-child\" data-id=\"75360fe\" data-element_type=\"container\" data-e-type=\"container\">\n\t\t\t\t<div class=\"elementor-element elementor-element-733d2d8 elementor-widget elementor-widget-image\" data-id=\"733d2d8\" data-element_type=\"widget\" data-e-type=\"widget\" data-widget_type=\"image.default\">\n\t\t\t\t<div class=\"elementor-widget-container\">\n\t\t\t\t\t\t\t\t\t\t\t\t\t\t\t<img fetchpriority=\"high\" decoding=\"async\" width=\"300\" height=\"300\" src=\"https:\/\/www.xiangxiangdaily.com\/wp-content\/uploads\/2023\/12\/PPZ.webp\" class=\"attachment-medium size-medium wp-image-33127\" alt=\"PPZ-Logo\" srcset=\"https:\/\/www.xiangxiangdaily.com\/wp-content\/uploads\/2023\/12\/PPZ.webp 300w, https:\/\/www.xiangxiangdaily.com\/wp-content\/uploads\/2023\/12\/PPZ-150x150.webp 150w\" sizes=\"(max-width: 300px) 100vw, 300px\" \/>\t\t\t\t\t\t\t\t\t\t\t\t\t\t\t<\/div>\n\t\t\t\t<\/div>\n\t\t\t\t<div class=\"elementor-element elementor-element-16873ff elementor-widget elementor-widget-image\" data-id=\"16873ff\" data-element_type=\"widget\" data-e-type=\"widget\" data-widget_type=\"image.default\">\n\t\t\t\t<div class=\"elementor-widget-container\">\n\t\t\t\t\t\t\t\t\t\t\t\t\t\t\t<img decoding=\"async\" width=\"300\" height=\"300\" src=\"https:\/\/www.xiangxiangdaily.com\/wp-content\/uploads\/2023\/12\/lidercare.webp\" class=\"attachment-medium size-medium wp-image-33128\" alt=\"lidercare-Logo\" srcset=\"https:\/\/www.xiangxiangdaily.com\/wp-content\/uploads\/2023\/12\/lidercare.webp 300w, https:\/\/www.xiangxiangdaily.com\/wp-content\/uploads\/2023\/12\/lidercare-150x150.webp 150w\" sizes=\"(max-width: 300px) 100vw, 300px\" \/>\t\t\t\t\t\t\t\t\t\t\t\t\t\t\t<\/div>\n\t\t\t\t<\/div>\n\t\t\t\t<\/div>\n\t\t\t\t\t<\/div>\n\t\t\t\t<\/div>\n\t\t<div class=\"elementor-element elementor-element-6bdfa64 e-flex e-con-boxed e-con e-parent\" data-id=\"6bdfa64\" data-element_type=\"container\" data-e-type=\"container\">\n\t\t\t\t\t<div class=\"e-con-inner\">\n\t\t<div class=\"elementor-element elementor-element-d34608c e-con-full e-flex e-con e-child\" data-id=\"d34608c\" data-element_type=\"container\" data-e-type=\"container\">\n\t\t\t\t<div class=\"elementor-element elementor-element-408b000 elementor-widget elementor-widget-image\" data-id=\"408b000\" data-element_type=\"widget\" data-e-type=\"widget\" data-widget_type=\"image.default\">\n\t\t\t\t<div class=\"elementor-widget-container\">\n\t\t\t\t\t\t\t\t\t\t\t\t\t\t\t<img decoding=\"async\" width=\"800\" height=\"758\" src=\"https:\/\/www.xiangxiangdaily.com\/wp-content\/uploads\/2023\/12\/healthy-bath.webp\" class=\"attachment-large size-large wp-image-33129\" alt=\"Gesundes Bad\" srcset=\"https:\/\/www.xiangxiangdaily.com\/wp-content\/uploads\/2023\/12\/healthy-bath.webp 800w, https:\/\/www.xiangxiangdaily.com\/wp-content\/uploads\/2023\/12\/healthy-bath-600x569.webp 600w, https:\/\/www.xiangxiangdaily.com\/wp-content\/uploads\/2023\/12\/healthy-bath-300x284.webp 300w, https:\/\/www.xiangxiangdaily.com\/wp-content\/uploads\/2023\/12\/healthy-bath-768x728.webp 768w\" sizes=\"(max-width: 800px) 100vw, 800px\" \/>\t\t\t\t\t\t\t\t\t\t\t\t\t\t\t<\/div>\n\t\t\t\t<\/div>\n\t\t\t\t<\/div>\n\t\t<div class=\"elementor-element elementor-element-36a7bbe e-con-full e-flex e-con e-child\" data-id=\"36a7bbe\" data-element_type=\"container\" data-e-type=\"container\">\n\t\t\t\t<div class=\"elementor-element elementor-element-54cac70 elementor-widget elementor-widget-heading\" data-id=\"54cac70\" data-element_type=\"widget\" data-e-type=\"widget\" data-widget_type=\"heading.default\">\n\t\t\t\t<div class=\"elementor-widget-container\">\n\t\t\t\t\t<h2 class=\"elementor-heading-title elementor-size-default\">F\u00fchrend in der K\u00f6rperpflegeindustrie<\/h2>\t\t\t\t<\/div>\n\t\t\t\t<\/div>\n\t\t\t\t<div class=\"elementor-element elementor-element-c1cf27b elementor-widget elementor-widget-text-editor\" data-id=\"c1cf27b\" data-element_type=\"widget\" data-e-type=\"widget\" data-widget_type=\"text-editor.default\">\n\t\t\t\t<div class=\"elementor-widget-container\">\n\t\t\t\t\t\t\t\t\t<p>Bei PPZ und <a href=\"https:\/\/www.lidercare.com\/\" target=\"_blank\" rel=\"noopener\">Lidercare<\/a> verstehen wir die Bedeutung einer guten Hygiene und die Rolle, die das Baden dabei spielt. Unsere Produkte sind darauf ausgelegt, gesunde Badegewohnheiten zu f\u00f6rdern, indem sie eine effektive Reinigung und Ern\u00e4hrung bieten und gleichzeitig sanft f\u00fcr die Haut sind. <br><br>Im Einklang mit unserem Engagement zur F\u00f6rderung der Nachhaltigkeit verwenden wir umweltfreundliche Materialien in unseren Produkten. Unser Fokus liegt darauf, unsere Umweltbelastung zu minimieren und gleichzeitig Produkte von h\u00f6chster Qualit\u00e4t zu produzieren. <\/p>\t\t\t\t\t\t\t\t<\/div>\n\t\t\t\t<\/div>\n\t\t\t\t<\/div>\n\t\t\t\t\t<\/div>\n\t\t\t\t<\/div>\n\t\t<div class=\"elementor-element elementor-element-230e8e1 e-flex e-con-boxed e-con e-parent\" data-id=\"230e8e1\" data-element_type=\"container\" data-e-type=\"container\">\n\t\t\t\t\t<div class=\"e-con-inner\">\n\t\t<div class=\"elementor-element elementor-element-63c28af e-con-full e-flex e-con e-child\" data-id=\"63c28af\" data-element_type=\"container\" data-e-type=\"container\">\n\t\t\t\t<div class=\"elementor-element elementor-element-1c2d280 elementor-widget elementor-widget-heading\" data-id=\"1c2d280\" data-element_type=\"widget\" data-e-type=\"widget\" data-widget_type=\"heading.default\">\n\t\t\t\t<div class=\"elementor-widget-container\">\n\t\t\t\t\t<h2 class=\"elementor-heading-title elementor-size-default\">Vegan und frei von Grausamkeiten<\/h2>\t\t\t\t<\/div>\n\t\t\t\t<\/div>\n\t\t\t\t<div class=\"elementor-element elementor-element-a40890d elementor-widget elementor-widget-text-editor\" data-id=\"a40890d\" data-element_type=\"widget\" data-e-type=\"widget\" data-widget_type=\"text-editor.default\">\n\t\t\t\t<div class=\"elementor-widget-container\">\n\t\t\t\t\t\t\t\t\t<p>Unser Ziel bei PPZ und Lidercare ist es, unseren Kunden Produkte anzubieten, die sicher, wirksam und umweltfreundlich sind. Wir glauben, dass wir durch die F\u00f6rderung gesunder Badegewohnheiten und die Verwendung nachhaltiger Materialien einen positiven Einfluss auf die Gesundheit unserer Kunden und unseres Planeten haben k\u00f6nnen. <\/p>\t\t\t\t\t\t\t\t<\/div>\n\t\t\t\t<\/div>\n\t\t\t\t<\/div>\n\t\t<div class=\"elementor-element elementor-element-248be4d e-con-full e-flex e-con e-child\" data-id=\"248be4d\" data-element_type=\"container\" data-e-type=\"container\">\n\t\t\t\t<div class=\"elementor-element elementor-element-3aaf807 elementor-widget elementor-widget-image\" data-id=\"3aaf807\" data-element_type=\"widget\" data-e-type=\"widget\" data-widget_type=\"image.default\">\n\t\t\t\t<div class=\"elementor-widget-container\">\n\t\t\t\t\t\t\t\t\t\t\t\t\t\t\t<img loading=\"lazy\" decoding=\"async\" width=\"800\" height=\"560\" src=\"https:\/\/www.xiangxiangdaily.com\/wp-content\/uploads\/2023\/12\/Environmentally-friendly-cosmetics.webp\" class=\"attachment-large size-large wp-image-33130\" alt=\"Umweltfreundliche Kosmetika\" srcset=\"https:\/\/www.xiangxiangdaily.com\/wp-content\/uploads\/2023\/12\/Environmentally-friendly-cosmetics.webp 800w, https:\/\/www.xiangxiangdaily.com\/wp-content\/uploads\/2023\/12\/Environmentally-friendly-cosmetics-600x420.webp 600w, https:\/\/www.xiangxiangdaily.com\/wp-content\/uploads\/2023\/12\/Environmentally-friendly-cosmetics-300x210.webp 300w, https:\/\/www.xiangxiangdaily.com\/wp-content\/uploads\/2023\/12\/Environmentally-friendly-cosmetics-768x538.webp 768w\" sizes=\"(max-width: 800px) 100vw, 800px\" \/>\t\t\t\t\t\t\t\t\t\t\t\t\t\t\t<\/div>\n\t\t\t\t<\/div>\n\t\t\t\t<\/div>\n\t\t\t\t\t<\/div>\n\t\t\t\t<\/div>\n\t\t\t\t<\/div>\n\t\t","protected":false},"excerpt":{"rendered":"<p>Entfesseln Sie die Kraft Ihrer Marke Unsere Eigenmarken bieten Unternehmen den Vorteil einer erh\u00f6hten Markenbekanntheit, Individualisierung, Kosteneffizienz und Kontrolle \u00fcber Preisgestaltung und Vertrieb. Home PPZ &amp; Lidercare PPZ und Lidercare sind zwei unabh\u00e4ngige Marken von Xiangxiang Daily im Bereich der K\u00f6rperpflege, die sich auf die F\u00f6rderung gesunder Badegewohnheiten und die Verwendung umweltfreundlicher Materialien konzentrieren. Unsere [&hellip;]<\/p>\n","protected":false},"author":1,"featured_media":33129,"parent":0,"menu_order":0,"comment_status":"closed","ping_status":"closed","template":"","meta":{"_acf_changed":false,"footnotes":""},"class_list":["post-33126","page","type-page","status-publish","has-post-thumbnail","hentry"],"acf":[],"_links":{"self":[{"href":"https:\/\/www.xiangxiangdaily.com\/de\/wp-json\/wp\/v2\/pages\/33126","targetHints":{"allow":["GET"]}}],"collection":[{"href":"https:\/\/www.xiangxiangdaily.com\/de\/wp-json\/wp\/v2\/pages"}],"about":[{"href":"https:\/\/www.xiangxiangdaily.com\/de\/wp-json\/wp\/v2\/types\/page"}],"author":[{"embeddable":true,"href":"https:\/\/www.xiangxiangdaily.com\/de\/wp-json\/wp\/v2\/users\/1"}],"replies":[{"embeddable":true,"href":"https:\/\/www.xiangxiangdaily.com\/de\/wp-json\/wp\/v2\/comments?post=33126"}],"version-history":[{"count":2,"href":"https:\/\/www.xiangxiangdaily.com\/de\/wp-json\/wp\/v2\/pages\/33126\/revisions"}],"predecessor-version":[{"id":101819,"href":"https:\/\/www.xiangxiangdaily.com\/de\/wp-json\/wp\/v2\/pages\/33126\/revisions\/101819"}],"wp:featuredmedia":[{"embeddable":true,"href":"https:\/\/www.xiangxiangdaily.com\/de\/wp-json\/wp\/v2\/media\/33129"}],"wp:attachment":[{"href":"https:\/\/www.xiangxiangdaily.com\/de\/wp-json\/wp\/v2\/media?parent=33126"}],"curies":[{"name":"wp","href":"https:\/\/api.w.org\/{rel}","templated":true}]}}