{"id":33213,"date":"2023-12-08T18:05:54","date_gmt":"2023-12-08T10:05:54","guid":{"rendered":"https:\/\/www.xiangxiangdaily.com\/e-commerce-und-einzelhandler\/"},"modified":"2026-04-28T18:07:51","modified_gmt":"2026-04-28T10:07:51","slug":"e-commerce-und-einzelhandler","status":"publish","type":"page","link":"https:\/\/www.xiangxiangdaily.com\/de\/e-commerce-und-einzelhandler\/","title":{"rendered":"Amazon, Shopify Markeninhaber"},"content":{"rendered":"\t\t<div data-elementor-type=\"wp-page\" data-elementor-id=\"33213\" class=\"elementor elementor-33213 elementor-9905\" data-elementor-post-type=\"page\">\n\t\t\t\t<div class=\"elementor-element elementor-element-16de91d1 e-flex e-con-boxed e-con e-parent\" data-id=\"16de91d1\" data-element_type=\"container\" data-e-type=\"container\" data-settings=\"{&quot;background_background&quot;:&quot;classic&quot;}\">\n\t\t\t\t\t<div class=\"e-con-inner\">\n\t\t\t\t<div class=\"elementor-element elementor-element-4609a700 elementor-widget elementor-widget-heading\" data-id=\"4609a700\" data-element_type=\"widget\" data-e-type=\"widget\" data-widget_type=\"heading.default\">\n\t\t\t\t<div class=\"elementor-widget-container\">\n\t\t\t\t\t<h1 class=\"elementor-heading-title elementor-size-default\">Amazon, Shopify Markeninhaber<\/h1>\t\t\t\t<\/div>\n\t\t\t\t<\/div>\n\t\t\t\t<div class=\"elementor-element elementor-element-0472800 elementor-widget elementor-widget-text-editor\" data-id=\"0472800\" data-element_type=\"widget\" data-e-type=\"widget\" data-widget_type=\"text-editor.default\">\n\t\t\t\t<div class=\"elementor-widget-container\">\n\t\t\t\t\t\t\t\t\t<p>Wir stellen unseren Kunden die Ressourcen und die Unterst\u00fctzung zur Verf\u00fcgung, die sie ben\u00f6tigen, um in der sich st\u00e4ndig ver\u00e4ndernden E-Commerce- und Einzelhandelsumgebung erfolgreich zu sein.<\/p>\t\t\t\t\t\t\t\t<\/div>\n\t\t\t\t<\/div>\n\t\t\t\t<div class=\"elementor-element elementor-element-d85a150 elementor-widget elementor-widget-breadcrumbs\" data-id=\"d85a150\" data-element_type=\"widget\" data-e-type=\"widget\" data-widget_type=\"breadcrumbs.default\">\n\t\t\t\t<div class=\"elementor-widget-container\">\n\t\t\t\t\t<nav><span class=\"last\">Startseite<\/span><\/nav>\t\t\t\t<\/div>\n\t\t\t\t<\/div>\n\t\t\t\t\t<\/div>\n\t\t\t\t<\/div>\n\t\t<div class=\"elementor-element elementor-element-6c9b7da e-flex e-con-boxed e-con e-parent\" data-id=\"6c9b7da\" data-element_type=\"container\" data-e-type=\"container\" data-settings=\"{&quot;background_background&quot;:&quot;classic&quot;}\">\n\t\t\t\t\t<div class=\"e-con-inner\">\n\t\t<div class=\"elementor-element elementor-element-692afdc e-flex e-con-boxed e-con e-child\" data-id=\"692afdc\" data-element_type=\"container\" data-e-type=\"container\">\n\t\t\t\t\t<div class=\"e-con-inner\">\n\t\t\t\t<div class=\"elementor-element elementor-element-4a4ed38 elementor-widget elementor-widget-heading\" data-id=\"4a4ed38\" data-element_type=\"widget\" data-e-type=\"widget\" data-widget_type=\"heading.default\">\n\t\t\t\t<div class=\"elementor-widget-container\">\n\t\t\t\t\t<div class=\"elementor-heading-title elementor-size-default\">3000+ Anbieter von Kosmetikmarken<\/div>\t\t\t\t<\/div>\n\t\t\t\t<\/div>\n\t\t\t\t<div class=\"elementor-element elementor-element-2335f20 elementor-widget elementor-widget-heading\" data-id=\"2335f20\" data-element_type=\"widget\" data-e-type=\"widget\" data-widget_type=\"heading.default\">\n\t\t\t\t<div class=\"elementor-widget-container\">\n\t\t\t\t\t<h2 class=\"elementor-heading-title elementor-size-default\">Erweitern Sie Ihr E-Commerce-Gesch\u00e4ft mit unseren bew\u00e4hrten L\u00f6sungen<\/h2>\t\t\t\t<\/div>\n\t\t\t\t<\/div>\n\t\t\t\t<div class=\"elementor-element elementor-element-4bb6f2f elementor-widget elementor-widget-text-editor\" data-id=\"4bb6f2f\" data-element_type=\"widget\" data-e-type=\"widget\" data-widget_type=\"text-editor.default\">\n\t\t\t\t<div class=\"elementor-widget-container\">\n\t\t\t\t\t\t\t\t\t<p>Unsere E-Commerce-L\u00f6sung basiert auf jahrelanger Erfahrung und Forschung. Wir haben Tausenden von Einzelh\u00e4ndlern geholfen, ihr Gesch\u00e4ft zu vergr\u00f6\u00dfern, und wir k\u00f6nnen auch Ihnen helfen.<\/p>\t\t\t\t\t\t\t\t<\/div>\n\t\t\t\t<\/div>\n\t\t\t\t<div class=\"elementor-element elementor-element-b6838d2 elementor-widget elementor-widget-button\" data-id=\"b6838d2\" data-element_type=\"widget\" data-e-type=\"widget\" data-widget_type=\"button.default\">\n\t\t\t\t<div class=\"elementor-widget-container\">\n\t\t\t\t\t\t\t\t\t<div class=\"elementor-button-wrapper\">\n\t\t\t\t\t<a class=\"elementor-button elementor-button-link elementor-size-sm\" href=\"#elementor-action%3Aaction%3Dpopup%3Aopen%26settings%3DeyJpZCI6ODQ4NDEsInRvZ2dsZSI6ZmFsc2V9\">\n\t\t\t\t\t\t<span class=\"elementor-button-content-wrapper\">\n\t\t\t\t\t\t\t\t\t<span class=\"elementor-button-text\">Sprechen Sie \u00fcber Ihr Projekt<\/span>\n\t\t\t\t\t<\/span>\n\t\t\t\t\t<\/a>\n\t\t\t\t<\/div>\n\t\t\t\t\t\t\t\t<\/div>\n\t\t\t\t<\/div>\n\t\t\t\t\t<\/div>\n\t\t\t\t<\/div>\n\t\t<div class=\"elementor-element elementor-element-bf2cf63 e-flex e-con-boxed e-con e-child\" data-id=\"bf2cf63\" data-element_type=\"container\" data-e-type=\"container\">\n\t\t\t\t\t<div class=\"e-con-inner\">\n\t\t\t\t<div class=\"elementor-element elementor-element-f45ffeb elementor-widget elementor-widget-image\" data-id=\"f45ffeb\" data-element_type=\"widget\" data-e-type=\"widget\" data-widget_type=\"image.default\">\n\t\t\t\t<div class=\"elementor-widget-container\">\n\t\t\t\t\t\t\t\t\t\t\t\t\t\t\t<img fetchpriority=\"high\" decoding=\"async\" width=\"500\" height=\"353\" src=\"https:\/\/www.xiangxiangdaily.com\/wp-content\/uploads\/2024\/01\/Beauty-Salon-Product-Manufacturer.webp\" class=\"attachment-large size-large wp-image-33577\" alt=\"Hersteller von Sch\u00f6nheitssalonprodukten\" srcset=\"https:\/\/www.xiangxiangdaily.com\/wp-content\/uploads\/2024\/01\/Beauty-Salon-Product-Manufacturer.webp 500w, https:\/\/www.xiangxiangdaily.com\/wp-content\/uploads\/2024\/01\/Beauty-Salon-Product-Manufacturer-300x212.webp 300w\" sizes=\"(max-width: 500px) 100vw, 500px\" \/>\t\t\t\t\t\t\t\t\t\t\t\t\t\t\t<\/div>\n\t\t\t\t<\/div>\n\t\t\t\t\t<\/div>\n\t\t\t\t<\/div>\n\t\t\t\t\t<\/div>\n\t\t\t\t<\/div>\n\t\t<div class=\"elementor-element elementor-element-76a0d6d e-flex e-con-boxed e-con e-parent\" data-id=\"76a0d6d\" data-element_type=\"container\" data-e-type=\"container\">\n\t\t\t\t\t<div class=\"e-con-inner\">\n\t\t\t\t<div class=\"elementor-element elementor-element-439b752 elementor-widget elementor-widget-text-editor\" data-id=\"439b752\" data-element_type=\"widget\" data-e-type=\"widget\" data-widget_type=\"text-editor.default\">\n\t\t\t\t<div class=\"elementor-widget-container\">\n\t\t\t\t\t\t\t\t\t<p>Als <a class=\"link-whisper\" title=\"K\u00f6rperpflege Hersteller\" href=\"https:\/\/www.xiangxiangdaily.com\/de\/body-care-manufacturer-2\/\" target=\"_blank\" rel=\"noopener\" data-wpil-monitor-id=\"109\">Hersteller von K\u00f6rperpflegeprodukten<\/a> mit umfassender Erfahrung im Bereich Haarpflegeprodukte kennen wir die einzigartigen Herausforderungen und Chancen, denen sich E-Commerce-Plattformen und Einzelh\u00e4ndler auf dem heutigen wettbewerbsintensiven Markt gegen\u00fcbersehen. Ganz gleich, ob Sie ein Online-Shop, ein gro\u00dfer Einzelh\u00e4ndler oder ein Boutique-Gesch\u00e4ft sind, wir bieten Ihnen <strong>ma\u00dfgeschneiderte <a class=\"link-whisper\" title=\"Haarpflege Hersteller\" href=\"https:\/\/www.xiangxiangdaily.com\/hair-care-manufacturer\/\" target=\"_blank\" rel=\"noopener\" data-wpil-monitor-id=\"803\">Haarpflegeprodukte<\/a><\/strong>, die auf die Bed\u00fcrfnisse Ihrer Kunden und Ihre Gesch\u00e4ftsziele zugeschnitten sind. Unsere nachgewiesene Erfolgsbilanz in der Branche stellt sicher, dass wir Ihnen helfen k\u00f6nnen, qualitativ hochwertige, unverwechselbare Produkte zu liefern, die den Umsatz und die Kundentreue steigern.<\/p><h3>1. Ma\u00dfgeschneiderte Produktformulierungen f\u00fcr Ihren Markt<\/h3><p>Der E-Commerce- und Einzelhandelsmarkt ist unglaublich vielf\u00e4ltig, und die Kunden suchen eine gro\u00dfe Auswahl an spezialisierten Produkten. Ganz gleich, ob Ihre Zielgruppe <strong>biologische, vegane<\/strong> oder <strong>luxuri\u00f6se Haarpflegel\u00f6sungen<\/strong> bevorzugt, wir bieten <strong>ma\u00dfgeschneiderte Produktformulierungen<\/strong>, die den spezifischen Marktanforderungen entsprechen. Unser Expertenteam arbeitet mit Ihnen zusammen, um Shampoos, Pflegesp\u00fclungen und andere Haarpflegeprodukte zu entwickeln, die der Identit\u00e4t Ihrer Marke und den Vorlieben Ihrer Kunden gerecht werden.<\/p><p>Wir ber\u00fccksichtigen Schl\u00fcsselfaktoren wie Trends bei den Inhaltsstoffen, saisonale Ver\u00e4nderungen und beliebte Haarpflegethemen wie Feuchtigkeitspflege, Kr\u00e4ftigung oder Volumenaufbau, um sicherzustellen, dass Ihre Produktlinie bei den Verbrauchern ankommt, die Sie ansprechen.<\/p><h3>2. Private Labeling und White Label-L\u00f6sungen<\/h3><p>F\u00fcr E-Commerce-Plattformen und Einzelh\u00e4ndler ist eine <strong>Eigenmarken-Produktlinie<\/strong> eine hervorragende M\u00f6glichkeit, Markenbekanntheit und Kundentreue aufzubauen. Wir bieten Ihnen <strong>Private Labeling Services<\/strong>, die es Ihnen erm\u00f6glichen, Haarpflegeprodukte unter Ihrem eigenen Markennamen zu verkaufen. Durch die vollst\u00e4ndige Flexibilit\u00e4t bei der Gestaltung der Verpackung, der Platzierung des Logos und der Marketingmaterialien k\u00f6nnen Sie eine Produktlinie schaffen, die sich von der Konkurrenz abhebt.<\/p><p>F\u00fcr diejenigen, die schnell in den Markt einsteigen wollen, bieten wir auch <strong>White-Label-L\u00f6sungen<\/strong>an <strong>- fertige<\/strong>Produkte, die problemlos umbenannt und auf den Markt gebracht werden k\u00f6nnen. So k\u00f6nnen Sie sich auf Marketing und Vertrieb konzentrieren, ohne den langwierigen Prozess der Produktentwicklung.<\/p><h3>3. Skalierbare Fertigung und flexible Lieferkettenl\u00f6sungen<\/h3><p>Einzelh\u00e4ndler und E-Commerce-Unternehmen ben\u00f6tigen <strong>Skalierbarkeit und Flexibilit\u00e4t<\/strong>, insbesondere bei schwankender Nachfrage oder saisonalen Trends. Unsere Produktionskapazit\u00e4ten erm\u00f6glichen es uns, die Produktion je nach Bedarf zu erh\u00f6hen oder zu verringern, so dass Sie nie mit Engp\u00e4ssen oder \u00dcberbest\u00e4nden konfrontiert werden.<\/p><p>Dar\u00fcber hinaus bieten wir flexible Verpackungs- und Lieferkettenl\u00f6sungen zur Unterst\u00fctzung Ihres Gesch\u00e4ftsmodells an, unabh\u00e4ngig davon, ob Sie Gro\u00dfsendungen, einzelne Einheiten f\u00fcr den Einzelverkauf oder umweltfreundliche Verpackungen zur Erf\u00fcllung Ihrer Nachhaltigkeitsziele ben\u00f6tigen.<\/p><h3>4. Fachwissen \u00fcber die Einhaltung gesetzlicher Vorschriften und Markttrends<\/h3><p>Unsere umfangreiche Erfahrung in der <a class=\"link-whisper\" title=\"Die 20 besten Anbieter von K\u00f6rperpflege- und Kosmetikartikeln in China\" href=\"https:\/\/www.xiangxiangdaily.com\/de\/top-20-personal-care-cosmetics-suppliers-in-china\/\" target=\"_blank\" rel=\"noopener\" data-wpil-monitor-id=\"2685\">K\u00f6rperpflegebranche<\/a> stellt sicher, dass alle unsere Produkte die <strong>regulatorischen Standards<\/strong> in verschiedenen Regionen, einschlie\u00dflich der USA, der EU und Asien, erf\u00fcllen. Wir sind den Branchenvorschriften und Sicherheitsrichtlinien immer einen Schritt voraus und stellen sicher, dass Ihre Produkte den neuesten Vorschriften und Zertifizierungen entsprechen, wie z. B. <strong>grausamkeitsfrei<\/strong>, <strong>parabenfrei<\/strong> oder <strong>biologisch<\/strong>.<\/p><p>Dar\u00fcber hinaus beobachtet unser Team <strong>aufkommende Markttrends<\/strong>. Egal, ob es sich um den Anstieg umweltbewusster Verbraucher oder um die neuesten Zutaten handelt, die immer beliebter werden - Sie k\u00f6nnen sich darauf verlassen, dass unsere Produkte die sich entwickelnden Anforderungen Ihrer Kunden erf\u00fcllen.<\/p><h3>5. Bew\u00e4hrter Erfolg im E-Commerce und Einzelhandel<\/h3><p>Wir haben mit einer Vielzahl von <strong>E-Commerce-Plattformen<\/strong> und <strong>Einzelh\u00e4ndlern<\/strong> zusammengearbeitet, von Boutique-Onlineshops bis hin zu gro\u00dfen, etablierten Marken. Unsere Kunden haben unsere Produkte erfolgreich eingesetzt, um sich auf dem Markt zu differenzieren, indem sie einzigartige, hochwertige Haarpflegel\u00f6sungen anbieten, die die Kunden zum Wiederkommen bewegen.<\/p><p>So haben wir beispielsweise E-Commerce-Unternehmen bei der Entwicklung von Haarpflegeprodukten auf Abonnementbasis geholfen, die f\u00fcr wiederkehrende Einnahmen sorgen, und wir haben Einzelh\u00e4ndler bei der Einf\u00fchrung saisonaler Produktlinien unterst\u00fctzt, die von den Trends beim Weihnachtsgesch\u00e4ft profitieren. Unser flexibler Ansatz erm\u00f6glicht es uns, unsere L\u00f6sungen auf Ihre spezifischen Marktstrategien und Wachstumsziele zuzuschneiden.<\/p><h3>6. Gemeinsame Produktentwicklung und fortlaufende Unterst\u00fctzung<\/h3><p>Wir sind stolz darauf, dass wir mit unseren Kunden aus dem Einzelhandel und dem E-Commerce einen <strong>kooperativen Ansatz verfolgen<\/strong>. Von der ersten Beratung bis zur Produkteinf\u00fchrung und dar\u00fcber hinaus arbeiten wir in jeder Phase der Entwicklung eng mit Ihnen zusammen. Wir glauben, dass das Verst\u00e4ndnis der Vision Ihrer Marke und der Bed\u00fcrfnisse Ihrer Kunden der Schl\u00fcssel zu einer Produktlinie ist, die nicht nur erfolgreich ist, sondern auch den Test der Zeit \u00fcbersteht.<\/p><p>Neben der Produktentwicklung bieten wir Ihnen <strong>laufende Unterst\u00fctzung<\/strong> bei der Anpassung von Rezepturen, der Einf\u00fchrung neuer Produkte oder der Skalierung der Produktion in Abh\u00e4ngigkeit vom Wachstum Ihres Unternehmens. Ganz gleich, ob Sie Ihre Produktpalette erweitern oder sich an ver\u00e4nderte Verbrauchertrends anpassen m\u00f6chten, wir sind f\u00fcr Sie da, um Ihren langfristigen Erfolg zu sichern.<\/p>\t\t\t\t\t\t\t\t<\/div>\n\t\t\t\t<\/div>\n\t\t\t\t\t<\/div>\n\t\t\t\t<\/div>\n\t\t\t\t<\/div>\n\t\t","protected":false},"excerpt":{"rendered":"<p>Amazon, Shopify Markeninhaber Wir stellen unseren Kunden die Ressourcen und die Unterst\u00fctzung zur Verf\u00fcgung, die sie ben\u00f6tigen, um in der sich st\u00e4ndig ver\u00e4ndernden E-Commerce- und Einzelhandelsumgebung erfolgreich zu sein. Home 3000+ Anbieter von Kosmetikmarken Erweitern Sie Ihr E-Commerce-Gesch\u00e4ft mit unseren bew\u00e4hrten L\u00f6sungen Unsere E-Commerce-L\u00f6sung basiert auf jahrelanger Erfahrung und Forschung. Wir haben Tausenden von Einzelh\u00e4ndlern [&hellip;]<\/p>\n","protected":false},"author":1,"featured_media":33214,"parent":0,"menu_order":0,"comment_status":"closed","ping_status":"closed","template":"elementor_theme","meta":{"_acf_changed":false,"footnotes":""},"class_list":["post-33213","page","type-page","status-publish","has-post-thumbnail","hentry"],"acf":[],"_links":{"self":[{"href":"https:\/\/www.xiangxiangdaily.com\/de\/wp-json\/wp\/v2\/pages\/33213","targetHints":{"allow":["GET"]}}],"collection":[{"href":"https:\/\/www.xiangxiangdaily.com\/de\/wp-json\/wp\/v2\/pages"}],"about":[{"href":"https:\/\/www.xiangxiangdaily.com\/de\/wp-json\/wp\/v2\/types\/page"}],"author":[{"embeddable":true,"href":"https:\/\/www.xiangxiangdaily.com\/de\/wp-json\/wp\/v2\/users\/1"}],"replies":[{"embeddable":true,"href":"https:\/\/www.xiangxiangdaily.com\/de\/wp-json\/wp\/v2\/comments?post=33213"}],"version-history":[{"count":2,"href":"https:\/\/www.xiangxiangdaily.com\/de\/wp-json\/wp\/v2\/pages\/33213\/revisions"}],"predecessor-version":[{"id":101431,"href":"https:\/\/www.xiangxiangdaily.com\/de\/wp-json\/wp\/v2\/pages\/33213\/revisions\/101431"}],"wp:featuredmedia":[{"embeddable":true,"href":"https:\/\/www.xiangxiangdaily.com\/de\/wp-json\/wp\/v2\/media\/33214"}],"wp:attachment":[{"href":"https:\/\/www.xiangxiangdaily.com\/de\/wp-json\/wp\/v2\/media?parent=33213"}],"curies":[{"name":"wp","href":"https:\/\/api.w.org\/{rel}","templated":true}]}}