{"id":33345,"date":"2023-01-12T09:49:15","date_gmt":"2023-01-12T01:49:15","guid":{"rendered":"https:\/\/www.xiangxiangdaily.com\/oemodm-dienste\/"},"modified":"2026-04-28T18:07:51","modified_gmt":"2026-04-28T10:07:51","slug":"oem-odm-services","status":"publish","type":"page","link":"https:\/\/www.xiangxiangdaily.com\/de\/oem-odm-services\/","title":{"rendered":"OEM &amp; ODM Dienstleistungen"},"content":{"rendered":"\t\t<div data-elementor-type=\"wp-page\" data-elementor-id=\"33345\" class=\"elementor elementor-33345 elementor-3358\" data-elementor-post-type=\"page\">\n\t\t\t\t<div class=\"elementor-element elementor-element-169657bf e-flex e-con-boxed e-con e-parent\" data-id=\"169657bf\" data-element_type=\"container\" data-e-type=\"container\" data-settings=\"{&quot;background_background&quot;:&quot;classic&quot;}\">\n\t\t\t\t\t<div class=\"e-con-inner\">\n\t\t\t\t<div class=\"elementor-element elementor-element-3fac2cb6 elementor-widget elementor-widget-heading\" data-id=\"3fac2cb6\" data-element_type=\"widget\" data-e-type=\"widget\" data-widget_type=\"heading.default\">\n\t\t\t\t<div class=\"elementor-widget-container\">\n\t\t\t\t\t<h1 class=\"elementor-heading-title elementor-size-default\">OEM &amp; ODM Dienstleistungen<\/h1>\t\t\t\t<\/div>\n\t\t\t\t<\/div>\n\t\t\t\t<div class=\"elementor-element elementor-element-9710db2 elementor-widget elementor-widget-text-editor\" data-id=\"9710db2\" data-element_type=\"widget\" data-e-type=\"widget\" data-widget_type=\"text-editor.default\">\n\t\t\t\t<div class=\"elementor-widget-container\">\n\t\t\t\t\t\t\t\t\t<p>Die OEM- und ODM-Dienstleistungen von Xiangxiang Daily bieten Unternehmen die M\u00f6glichkeit, Kosten zu minimieren, die Produktivit\u00e4t zu steigern und Produkte zu personalisieren, ohne in teure Produktionsanlagen und Einrichtungen investieren zu m\u00fcssen. Dies wiederum erm\u00f6glicht es Unternehmen, sich auf ihre Kernkompetenzen zu konzentrieren und ihre Ressourcen auf andere Bereiche zu lenken. <\/p>\t\t\t\t\t\t\t\t<\/div>\n\t\t\t\t<\/div>\n\t\t\t\t<div class=\"elementor-element elementor-element-9f2f99c elementor-widget elementor-widget-breadcrumbs\" data-id=\"9f2f99c\" data-element_type=\"widget\" data-e-type=\"widget\" data-widget_type=\"breadcrumbs.default\">\n\t\t\t\t<div class=\"elementor-widget-container\">\n\t\t\t\t\t<nav><span class=\"last\">Startseite<\/span><\/nav>\t\t\t\t<\/div>\n\t\t\t\t<\/div>\n\t\t\t\t\t<\/div>\n\t\t\t\t<\/div>\n\t\t<div class=\"elementor-element elementor-element-5406d36 e-flex e-con-boxed e-con e-parent\" data-id=\"5406d36\" data-element_type=\"container\" data-e-type=\"container\">\n\t\t\t\t\t<div class=\"e-con-inner\">\n\t\t\t\t<div class=\"elementor-element elementor-element-e3c7664 elementor-widget elementor-widget-image\" data-id=\"e3c7664\" data-element_type=\"widget\" data-e-type=\"widget\" data-widget_type=\"image.default\">\n\t\t\t\t<div class=\"elementor-widget-container\">\n\t\t\t\t\t\t\t\t\t\t\t\t\t\t\t<img fetchpriority=\"high\" decoding=\"async\" width=\"768\" height=\"297\" src=\"https:\/\/www.xiangxiangdaily.com\/wp-content\/uploads\/2023\/11\/production-line.webp\" class=\"attachment-medium_large size-medium_large wp-image-98705\" alt=\"Produktionslinie\" \/>\t\t\t\t\t\t\t\t\t\t\t\t\t\t\t<\/div>\n\t\t\t\t<\/div>\n\t\t\t\t<div class=\"elementor-element elementor-element-c2d0959 elementor-widget elementor-widget-heading\" data-id=\"c2d0959\" data-element_type=\"widget\" data-e-type=\"widget\" data-widget_type=\"heading.default\">\n\t\t\t\t<div class=\"elementor-widget-container\">\n\t\t\t\t\t<h2 class=\"elementor-heading-title elementor-size-default\">Wie l\u00e4uft der OEM &amp; ODM Herstellungsprozess ab?<\/h2>\t\t\t\t<\/div>\n\t\t\t\t<\/div>\n\t\t\t\t<div class=\"elementor-element elementor-element-a70b992 elementor-widget elementor-widget-text-editor\" data-id=\"a70b992\" data-element_type=\"widget\" data-e-type=\"widget\" data-widget_type=\"text-editor.default\">\n\t\t\t\t<div class=\"elementor-widget-container\">\n\t\t\t\t\t\t\t\t\t<p>W\u00e4hrend des gesamten Prozesses halten der Kunde und der Hersteller eine klare und offene Kommunikation aufrecht, um sicherzustellen, dass das Projekt wie erwartet voranschreitet und alle Bedenken oder Probleme umgehend behandelt werden.<\/p>\t\t\t\t\t\t\t\t<\/div>\n\t\t\t\t<\/div>\n\t\t\t\t\t<\/div>\n\t\t\t\t<\/div>\n\t\t<div class=\"elementor-element elementor-element-dd6aa9d e-flex e-con-boxed e-con e-parent\" data-id=\"dd6aa9d\" data-element_type=\"container\" data-e-type=\"container\">\n\t\t\t\t\t<div class=\"e-con-inner\">\n\t\t<div class=\"elementor-element elementor-element-a7209c3 e-con-full e-flex e-con e-child\" data-id=\"a7209c3\" data-element_type=\"container\" data-e-type=\"container\">\n\t\t\t\t<div class=\"elementor-element elementor-element-eca1417 elementor-widget elementor-widget-heading\" data-id=\"eca1417\" data-element_type=\"widget\" data-e-type=\"widget\" data-widget_type=\"heading.default\">\n\t\t\t\t<div class=\"elementor-widget-container\">\n\t\t\t\t\t<h3 class=\"elementor-heading-title elementor-size-default\">OEM Dienstleistungen<\/h3>\t\t\t\t<\/div>\n\t\t\t\t<\/div>\n\t\t\t\t<div class=\"elementor-element elementor-element-83c6793 elementor-widget elementor-widget-image\" data-id=\"83c6793\" data-element_type=\"widget\" data-e-type=\"widget\" data-widget_type=\"image.default\">\n\t\t\t\t<div class=\"elementor-widget-container\">\n\t\t\t\t\t\t\t\t\t\t\t\t\t\t\t<img decoding=\"async\" width=\"733\" height=\"1024\" src=\"https:\/\/www.xiangxiangdaily.com\/wp-content\/uploads\/2024\/04\/OEM.webp\" class=\"attachment-large size-large wp-image-99591\" alt=\"\" \/>\t\t\t\t\t\t\t\t\t\t\t\t\t\t\t<\/div>\n\t\t\t\t<\/div>\n\t\t\t\t<\/div>\n\t\t<div class=\"elementor-element elementor-element-2376bf0 e-con-full e-flex e-con e-child\" data-id=\"2376bf0\" data-element_type=\"container\" data-e-type=\"container\">\n\t\t\t\t<div class=\"elementor-element elementor-element-56e3e64 elementor-widget elementor-widget-heading\" data-id=\"56e3e64\" data-element_type=\"widget\" data-e-type=\"widget\" data-widget_type=\"heading.default\">\n\t\t\t\t<div class=\"elementor-widget-container\">\n\t\t\t\t\t<h3 class=\"elementor-heading-title elementor-size-default\">ODM Dienstleistungen<\/h3>\t\t\t\t<\/div>\n\t\t\t\t<\/div>\n\t\t\t\t<div class=\"elementor-element elementor-element-aab2d7b elementor-widget elementor-widget-image\" data-id=\"aab2d7b\" data-element_type=\"widget\" data-e-type=\"widget\" data-widget_type=\"image.default\">\n\t\t\t\t<div class=\"elementor-widget-container\">\n\t\t\t\t\t\t\t\t\t\t\t\t\t\t\t<img decoding=\"async\" width=\"743\" height=\"1024\" src=\"https:\/\/www.xiangxiangdaily.com\/wp-content\/uploads\/2024\/04\/ODM.webp\" class=\"attachment-large size-large wp-image-99583\" alt=\"ODM\" \/>\t\t\t\t\t\t\t\t\t\t\t\t\t\t\t<\/div>\n\t\t\t\t<\/div>\n\t\t\t\t<\/div>\n\t\t\t\t\t<\/div>\n\t\t\t\t<\/div>\n\t\t\t\t<\/div>\n\t\t","protected":false},"excerpt":{"rendered":"<p>OEM &amp; ODM Dienstleistungen Die OEM- und ODM-Dienstleistungen von Xiangxiang Daily bieten Unternehmen die M\u00f6glichkeit, Kosten zu minimieren, die Produktivit\u00e4t zu steigern und Produkte zu personalisieren, ohne in teure Produktionsanlagen und Einrichtungen investieren zu m\u00fcssen. Dies wiederum erm\u00f6glicht es Unternehmen, sich auf ihre Kernkompetenzen zu konzentrieren und ihre Ressourcen auf andere Bereiche zu lenken. Home [&hellip;]<\/p>\n","protected":false},"author":1,"featured_media":33346,"parent":0,"menu_order":0,"comment_status":"closed","ping_status":"closed","template":"","meta":{"_acf_changed":false,"footnotes":""},"class_list":["post-33345","page","type-page","status-publish","has-post-thumbnail","hentry"],"acf":[],"_links":{"self":[{"href":"https:\/\/www.xiangxiangdaily.com\/de\/wp-json\/wp\/v2\/pages\/33345","targetHints":{"allow":["GET"]}}],"collection":[{"href":"https:\/\/www.xiangxiangdaily.com\/de\/wp-json\/wp\/v2\/pages"}],"about":[{"href":"https:\/\/www.xiangxiangdaily.com\/de\/wp-json\/wp\/v2\/types\/page"}],"author":[{"embeddable":true,"href":"https:\/\/www.xiangxiangdaily.com\/de\/wp-json\/wp\/v2\/users\/1"}],"replies":[{"embeddable":true,"href":"https:\/\/www.xiangxiangdaily.com\/de\/wp-json\/wp\/v2\/comments?post=33345"}],"version-history":[{"count":2,"href":"https:\/\/www.xiangxiangdaily.com\/de\/wp-json\/wp\/v2\/pages\/33345\/revisions"}],"predecessor-version":[{"id":101423,"href":"https:\/\/www.xiangxiangdaily.com\/de\/wp-json\/wp\/v2\/pages\/33345\/revisions\/101423"}],"wp:featuredmedia":[{"embeddable":true,"href":"https:\/\/www.xiangxiangdaily.com\/de\/wp-json\/wp\/v2\/media\/33346"}],"wp:attachment":[{"href":"https:\/\/www.xiangxiangdaily.com\/de\/wp-json\/wp\/v2\/media?parent=33345"}],"curies":[{"name":"wp","href":"https:\/\/api.w.org\/{rel}","templated":true}]}}