{"id":33391,"date":"2023-01-12T10:12:59","date_gmt":"2023-01-12T02:12:59","guid":{"rendered":"https:\/\/www.xiangxiangdaily.com\/fuhrung\/"},"modified":"2026-03-17T14:30:22","modified_gmt":"2026-03-17T06:30:22","slug":"fuhrung","status":"publish","type":"page","link":"https:\/\/www.xiangxiangdaily.com\/de\/fuhrung\/","title":{"rendered":"F\u00fchrungsqualit\u00e4ten"},"content":{"rendered":"\t\t<div data-elementor-type=\"wp-page\" data-elementor-id=\"33391\" class=\"elementor elementor-33391 elementor-3420\" data-elementor-post-type=\"page\">\n\t\t\t\t<div class=\"elementor-element elementor-element-6397af38 e-flex e-con-boxed e-con e-parent\" data-id=\"6397af38\" data-element_type=\"container\" data-e-type=\"container\" data-settings=\"{&quot;background_background&quot;:&quot;classic&quot;}\">\n\t\t\t\t\t<div class=\"e-con-inner\">\n\t\t\t\t<div class=\"elementor-element elementor-element-43f01f24 elementor-widget elementor-widget-heading\" data-id=\"43f01f24\" data-element_type=\"widget\" data-e-type=\"widget\" data-widget_type=\"heading.default\">\n\t\t\t\t<div class=\"elementor-widget-container\">\n\t\t\t\t\t<h1 class=\"elementor-heading-title elementor-size-default\">F\u00fchrungsqualit\u00e4ten<\/h1>\t\t\t\t<\/div>\n\t\t\t\t<\/div>\n\t\t\t\t<div class=\"elementor-element elementor-element-2f2a3c9f elementor-widget elementor-widget-heading\" data-id=\"2f2a3c9f\" data-element_type=\"widget\" data-e-type=\"widget\" data-widget_type=\"heading.default\">\n\t\t\t\t<div class=\"elementor-widget-container\">\n\t\t\t\t\t<p class=\"elementor-heading-title elementor-size-default\">Das F\u00fchrungsteam von Xiangxiang geht mit gutem Beispiel voran und demonstriert die Qualit\u00e4ten, die unsere Mitarbeiter auszeichnen: Integrit\u00e4t, Fachwissen und das Engagement, unseren Kunden mit Auszeichnung zu dienen.<\/p>\t\t\t\t<\/div>\n\t\t\t\t<\/div>\n\t\t\t\t<div class=\"elementor-element elementor-element-f6f0186 elementor-widget elementor-widget-breadcrumbs\" data-id=\"f6f0186\" data-element_type=\"widget\" data-e-type=\"widget\" data-widget_type=\"breadcrumbs.default\">\n\t\t\t\t<div class=\"elementor-widget-container\">\n\t\t\t\t\t<nav><span class=\"last\">Startseite<\/span><\/nav>\t\t\t\t<\/div>\n\t\t\t\t<\/div>\n\t\t\t\t\t<\/div>\n\t\t\t\t<\/div>\n\t\t<div class=\"elementor-element elementor-element-03b9a7e e-flex e-con-boxed e-con e-parent\" data-id=\"03b9a7e\" data-element_type=\"container\" data-e-type=\"container\" data-settings=\"{&quot;background_background&quot;:&quot;classic&quot;}\">\n\t\t\t\t\t<div class=\"e-con-inner\">\n\t\t\t\t<div class=\"elementor-element elementor-element-2a97e8b elementor-widget elementor-widget-heading\" data-id=\"2a97e8b\" data-element_type=\"widget\" data-e-type=\"widget\" data-widget_type=\"heading.default\">\n\t\t\t\t<div class=\"elementor-widget-container\">\n\t\t\t\t\t<h2 class=\"elementor-heading-title elementor-size-default\">Entdecken Sie die Gesichter hinter Xiangxiangs Erfolg<\/h2>\t\t\t\t<\/div>\n\t\t\t\t<\/div>\n\t\t<div class=\"elementor-element elementor-element-a987817 e-flex e-con-boxed e-con e-child\" data-id=\"a987817\" data-element_type=\"container\" data-e-type=\"container\">\n\t\t\t\t\t<div class=\"e-con-inner\">\n\t\t\t\t<div class=\"elementor-element elementor-element-e1858a3 elementor-widget-divider--view-line elementor-widget elementor-widget-divider\" data-id=\"e1858a3\" data-element_type=\"widget\" data-e-type=\"widget\" data-widget_type=\"divider.default\">\n\t\t\t\t<div class=\"elementor-widget-container\">\n\t\t\t\t\t\t\t<div class=\"elementor-divider\">\n\t\t\t<span class=\"elementor-divider-separator\">\n\t\t\t\t\t\t<\/span>\n\t\t<\/div>\n\t\t\t\t\t\t<\/div>\n\t\t\t\t<\/div>\n\t\t\t\t<div class=\"elementor-element elementor-element-8360d4a elementor-view-default elementor-widget elementor-widget-icon\" data-id=\"8360d4a\" data-element_type=\"widget\" data-e-type=\"widget\" data-widget_type=\"icon.default\">\n\t\t\t\t<div class=\"elementor-widget-container\">\n\t\t\t\t\t\t\t<div class=\"elementor-icon-wrapper\">\n\t\t\t<div class=\"elementor-icon\">\n\t\t\t<i aria-hidden=\"true\" class=\"fas fa-star\"><\/i>\t\t\t<\/div>\n\t\t<\/div>\n\t\t\t\t\t\t<\/div>\n\t\t\t\t<\/div>\n\t\t\t\t<div class=\"elementor-element elementor-element-d0f75a7 elementor-widget-divider--view-line elementor-widget elementor-widget-divider\" data-id=\"d0f75a7\" data-element_type=\"widget\" data-e-type=\"widget\" data-widget_type=\"divider.default\">\n\t\t\t\t<div class=\"elementor-widget-container\">\n\t\t\t\t\t\t\t<div class=\"elementor-divider\">\n\t\t\t<span class=\"elementor-divider-separator\">\n\t\t\t\t\t\t<\/span>\n\t\t<\/div>\n\t\t\t\t\t\t<\/div>\n\t\t\t\t<\/div>\n\t\t\t\t\t<\/div>\n\t\t\t\t<\/div>\n\t\t\t\t<div class=\"elementor-element elementor-element-75bfd3f elementor-widget elementor-widget-heading\" data-id=\"75bfd3f\" data-element_type=\"widget\" data-e-type=\"widget\" data-widget_type=\"heading.default\">\n\t\t\t\t<div class=\"elementor-widget-container\">\n\t\t\t\t\t<p class=\"elementor-heading-title elementor-size-default\">Das F\u00fchrungsteam von Xiangxiang besteht aus Branchenexperten, die ein tiefes Verst\u00e4ndnis f\u00fcr die K\u00f6rperpflegeindustrie haben. Mit ihrer Vision, ihrer Erfahrung und ihrem unersch\u00fctterlichen Engagement f\u00fcr Integrit\u00e4t haben sie ein Unternehmen geschaffen, das den Erfolg seiner Mitarbeiter und Kunden in den Mittelpunkt stellt.<\/p>\t\t\t\t<\/div>\n\t\t\t\t<\/div>\n\t\t\t\t\t<\/div>\n\t\t\t\t<\/div>\n\t\t<div class=\"elementor-element elementor-element-8b84784 e-flex e-con-boxed e-con e-parent\" data-id=\"8b84784\" data-element_type=\"container\" data-e-type=\"container\">\n\t\t\t\t\t<div class=\"e-con-inner\">\n\t\t\t\t<div class=\"elementor-element elementor-element-d0a8b66 elementor-widget elementor-widget-image\" data-id=\"d0a8b66\" data-element_type=\"widget\" data-e-type=\"widget\" data-widget_type=\"image.default\">\n\t\t\t\t<div class=\"elementor-widget-container\">\n\t\t\t\t\t\t\t\t\t\t\t\t\t\t\t<img fetchpriority=\"high\" decoding=\"async\" width=\"800\" height=\"801\" src=\"https:\/\/www.xiangxiangdaily.com\/wp-content\/uploads\/2023\/12\/Sophia-Li.webp\" class=\"attachment-large size-large wp-image-98865\" alt=\"Sophia Li\" \/>\t\t\t\t\t\t\t\t\t\t\t\t\t\t\t<\/div>\n\t\t\t\t<\/div>\n\t\t<div class=\"elementor-element elementor-element-72f72df e-flex e-con-boxed e-con e-child\" data-id=\"72f72df\" data-element_type=\"container\" data-e-type=\"container\">\n\t\t\t\t\t<div class=\"e-con-inner\">\n\t\t\t\t<div class=\"elementor-element elementor-element-7f91207 elementor-widget elementor-widget-heading\" data-id=\"7f91207\" data-element_type=\"widget\" data-e-type=\"widget\" data-widget_type=\"heading.default\">\n\t\t\t\t<div class=\"elementor-widget-container\">\n\t\t\t\t\t<h2 class=\"elementor-heading-title elementor-size-default\">Sophia Li<\/h2>\t\t\t\t<\/div>\n\t\t\t\t<\/div>\n\t\t\t\t<div class=\"elementor-element elementor-element-8d1744d elementor-widget elementor-widget-heading\" data-id=\"8d1744d\" data-element_type=\"widget\" data-e-type=\"widget\" data-widget_type=\"heading.default\">\n\t\t\t\t<div class=\"elementor-widget-container\">\n\t\t\t\t\t<h4 class=\"elementor-heading-title elementor-size-default\">Vorsitzender<\/h4>\t\t\t\t<\/div>\n\t\t\t\t<\/div>\n\t\t\t\t<div class=\"elementor-element elementor-element-89a4d43 elementor-widget elementor-widget-heading\" data-id=\"89a4d43\" data-element_type=\"widget\" data-e-type=\"widget\" data-widget_type=\"heading.default\">\n\t\t\t\t<div class=\"elementor-widget-container\">\n\t\t\t\t\t<h3 class=\"elementor-heading-title elementor-size-default\">\"Synergie entsteht, wenn Individuen zusammenkommen, um ein gemeinsames Ziel zu erreichen\"<\/h3>\t\t\t\t<\/div>\n\t\t\t\t<\/div>\n\t\t\t\t<div class=\"elementor-element elementor-element-55c9c35 elementor-widget elementor-widget-text-editor\" data-id=\"55c9c35\" data-element_type=\"widget\" data-e-type=\"widget\" data-widget_type=\"text-editor.default\">\n\t\t\t\t<div class=\"elementor-widget-container\">\n\t\t\t\t\t\t\t\t\t<p>Zuvor war sie eine engagierte F\u00fchrungspers\u00f6nlichkeit und ein unterst\u00fctzender Mentor f\u00fcr alle Xiangxiang-Mitarbeiter. Heute beaufsichtigt sie die Entwicklung von innovativen <span style=\"text-decoration: underline;\"><a href=\"https:\/\/www.xiangxiangdaily.com\/oemodm-services\/\">Formulierungen und Verpackungsdesigns<\/a><\/span> f\u00fcr K\u00f6rperpflegeprodukte. Au\u00dferdem baut sie eine robuste Lieferkette auf, um einen optimalen Service f\u00fcr unsere Kunden zu gew\u00e4hrleisten, und treibt das Wachstum des Unternehmens durch strategische Fusionen und \u00dcbernahmen voran.  <\/p>\t\t\t\t\t\t\t\t<\/div>\n\t\t\t\t<\/div>\n\t\t\t\t<div class=\"elementor-element elementor-element-cd64f9f elementor-widget elementor-widget-heading\" data-id=\"cd64f9f\" data-element_type=\"widget\" data-e-type=\"widget\" data-widget_type=\"heading.default\">\n\t\t\t\t<div class=\"elementor-widget-container\">\n\t\t\t\t\t<p class=\"elementor-heading-title elementor-size-default\">Als CEO unseres <a href=\"https:\/\/www.xiangxiangdaily.com\/guide-to-starting-a-private-label-shampoo-business-2025\/\" title=\"Leitfaden f\u00fcr den Aufbau eines Shampoo-Gesch\u00e4fts mit Eigenmarken (2025)\" target=\"_blank\" rel=\"noopener\" class=\"link-whisper\" data-wpil-monitor-id=\"2951\">Gesch\u00e4ftsbereichs f\u00fcr K\u00f6rperpflegeprodukte<\/a> ist Sophia bestrebt, dessen Leistung zum Nutzen unserer Kunden, Mitarbeiter und der lokalen Gemeinschaft zu verbessern. Sie setzt sich f\u00fcr eine nachhaltige Produktion und wertsteigernde Verpackungen f\u00fcr Kosmetika ein. Sophia hat eine nachgewiesene Erfolgsbilanz als F\u00fchrungspers\u00f6nlichkeit, denn sie war bereits 2012 unser Chief Operating Officer und spielte eine Schl\u00fcsselrolle beim Wachstum unseres K\u00f6rperpflegemittelgesch\u00e4fts in Guangzhou, Guangdong, China.  <\/p>\t\t\t\t<\/div>\n\t\t\t\t<\/div>\n\t\t\t\t\t<\/div>\n\t\t\t\t<\/div>\n\t\t\t\t\t<\/div>\n\t\t\t\t<\/div>\n\t\t<div class=\"elementor-element elementor-element-9796745 e-flex e-con-boxed e-con e-parent\" data-id=\"9796745\" data-element_type=\"container\" data-e-type=\"container\">\n\t\t\t\t\t<div class=\"e-con-inner\">\n\t\t\t\t<div class=\"elementor-element elementor-element-e854484 elementor-widget elementor-widget-image\" data-id=\"e854484\" data-element_type=\"widget\" data-e-type=\"widget\" data-widget_type=\"image.default\">\n\t\t\t\t<div class=\"elementor-widget-container\">\n\t\t\t\t\t\t\t\t\t\t\t\t\t\t\t<img decoding=\"async\" width=\"800\" height=\"799\" src=\"https:\/\/www.xiangxiangdaily.com\/wp-content\/uploads\/2023\/12\/David-Shi.webp\" class=\"attachment-large size-large wp-image-98857\" alt=\"David Shi\" \/>\t\t\t\t\t\t\t\t\t\t\t\t\t\t\t<\/div>\n\t\t\t\t<\/div>\n\t\t<div class=\"elementor-element elementor-element-8934a71 e-flex e-con-boxed e-con e-child\" data-id=\"8934a71\" data-element_type=\"container\" data-e-type=\"container\">\n\t\t\t\t\t<div class=\"e-con-inner\">\n\t\t\t\t<div class=\"elementor-element elementor-element-bfb9894 elementor-widget elementor-widget-heading\" data-id=\"bfb9894\" data-element_type=\"widget\" data-e-type=\"widget\" data-widget_type=\"heading.default\">\n\t\t\t\t<div class=\"elementor-widget-container\">\n\t\t\t\t\t<h2 class=\"elementor-heading-title elementor-size-default\">David Shi<\/h2>\t\t\t\t<\/div>\n\t\t\t\t<\/div>\n\t\t\t\t<div class=\"elementor-element elementor-element-3848381 elementor-widget elementor-widget-heading\" data-id=\"3848381\" data-element_type=\"widget\" data-e-type=\"widget\" data-widget_type=\"heading.default\">\n\t\t\t\t<div class=\"elementor-widget-container\">\n\t\t\t\t\t<p class=\"elementor-heading-title elementor-size-default\">Vorstandsvorsitzender<\/p>\t\t\t\t<\/div>\n\t\t\t\t<\/div>\n\t\t\t\t<div class=\"elementor-element elementor-element-2c10e55 elementor-widget elementor-widget-heading\" data-id=\"2c10e55\" data-element_type=\"widget\" data-e-type=\"widget\" data-widget_type=\"heading.default\">\n\t\t\t\t<div class=\"elementor-widget-container\">\n\t\t\t\t\t<h3 class=\"elementor-heading-title elementor-size-default\">\"Xiangxiang glaubt an eine Win-Win-Situation. Wir konzentrieren uns nicht nur auf den individuellen Erfolg, sondern streben nach einem besseren und h\u00f6heren Erfolg f\u00fcr alle.<\/h3>\t\t\t\t<\/div>\n\t\t\t\t<\/div>\n\t\t\t\t<div class=\"elementor-element elementor-element-39728a5 elementor-widget elementor-widget-heading\" data-id=\"39728a5\" data-element_type=\"widget\" data-e-type=\"widget\" data-widget_type=\"heading.default\">\n\t\t\t\t<div class=\"elementor-widget-container\">\n\t\t\t\t\t<p class=\"elementor-heading-title elementor-size-default\">Im Jahr 2018 wurde David zum CEO von Xiangxiang ernannt. Er kann auf mehr als 10 Jahre Erfahrung in der Lieferkette der Kosmetik- und K\u00f6rperpflegeindustrie zur\u00fcckgreifen. Er gilt weithin als Pionier im Bereich der Herstellung von Domains. Er hat einen scharfen Blick f\u00fcr Verpackungs- und Markentrends und ein feines Gesp\u00fcr f\u00fcr die sich st\u00e4ndig weiterentwickelnden Bed\u00fcrfnisse unserer Kunden. <\/p>\t\t\t\t<\/div>\n\t\t\t\t<\/div>\n\t\t\t\t<div class=\"elementor-element elementor-element-557d528 elementor-widget elementor-widget-heading\" data-id=\"557d528\" data-element_type=\"widget\" data-e-type=\"widget\" data-widget_type=\"heading.default\">\n\t\t\t\t<div class=\"elementor-widget-container\">\n\t\t\t\t\t<p class=\"elementor-heading-title elementor-size-default\">David hat die Lieferkette von Xiangxiang f\u00fcr K\u00f6rperpflegeprodukte umgestaltet und effiziente Managementverfahren eingef\u00fchrt, um eine schnelle Produktlieferung zu gew\u00e4hrleisten. Wie er es ausdr\u00fcckt, ist es unsere Aufgabe, globale Marken mit qualitativ hochwertigen K\u00f6rperpflegeprodukten zu versorgen und ihren Markenwert auf jede erdenkliche Weise zu steigern.<\/p>\t\t\t\t<\/div>\n\t\t\t\t<\/div>\n\t\t\t\t\t<\/div>\n\t\t\t\t<\/div>\n\t\t\t\t\t<\/div>\n\t\t\t\t<\/div>\n\t\t<div class=\"elementor-element elementor-element-b065378 e-flex e-con-boxed e-con e-parent\" data-id=\"b065378\" data-element_type=\"container\" data-e-type=\"container\">\n\t\t\t\t\t<div class=\"e-con-inner\">\n\t\t\t\t<div class=\"elementor-element elementor-element-75fe2bf elementor-widget elementor-widget-image\" data-id=\"75fe2bf\" data-element_type=\"widget\" data-e-type=\"widget\" data-widget_type=\"image.default\">\n\t\t\t\t<div class=\"elementor-widget-container\">\n\t\t\t\t\t\t\t\t\t\t\t\t\t\t\t<img decoding=\"async\" width=\"800\" height=\"800\" src=\"https:\/\/www.xiangxiangdaily.com\/wp-content\/uploads\/2023\/12\/Cindy-Chen.webp\" class=\"attachment-large size-large wp-image-98849\" alt=\"Cindy Chen\" \/>\t\t\t\t\t\t\t\t\t\t\t\t\t\t\t<\/div>\n\t\t\t\t<\/div>\n\t\t<div class=\"elementor-element elementor-element-27b7f86 e-flex e-con-boxed e-con e-child\" data-id=\"27b7f86\" data-element_type=\"container\" data-e-type=\"container\">\n\t\t\t\t\t<div class=\"e-con-inner\">\n\t\t\t\t<div class=\"elementor-element elementor-element-6b1a4db elementor-widget elementor-widget-heading\" data-id=\"6b1a4db\" data-element_type=\"widget\" data-e-type=\"widget\" data-widget_type=\"heading.default\">\n\t\t\t\t<div class=\"elementor-widget-container\">\n\t\t\t\t\t<h2 class=\"elementor-heading-title elementor-size-default\">Cindy Chen<\/h2>\t\t\t\t<\/div>\n\t\t\t\t<\/div>\n\t\t\t\t<div class=\"elementor-element elementor-element-5ff5f30 elementor-widget elementor-widget-heading\" data-id=\"5ff5f30\" data-element_type=\"widget\" data-e-type=\"widget\" data-widget_type=\"heading.default\">\n\t\t\t\t<div class=\"elementor-widget-container\">\n\t\t\t\t\t<p class=\"elementor-heading-title elementor-size-default\">Generaldirektor<\/p>\t\t\t\t<\/div>\n\t\t\t\t<\/div>\n\t\t\t\t<div class=\"elementor-element elementor-element-6dcc58b elementor-widget elementor-widget-heading\" data-id=\"6dcc58b\" data-element_type=\"widget\" data-e-type=\"widget\" data-widget_type=\"heading.default\">\n\t\t\t\t<div class=\"elementor-widget-container\">\n\t\t\t\t\t<h3 class=\"elementor-heading-title elementor-size-default\">\"Die Kundenzufriedenheit in den Vordergrund zu stellen ist die effektivste Gesch\u00e4ftsstrategie\"<\/h3>\t\t\t\t<\/div>\n\t\t\t\t<\/div>\n\t\t\t\t<div class=\"elementor-element elementor-element-f712298 elementor-widget elementor-widget-heading\" data-id=\"f712298\" data-element_type=\"widget\" data-e-type=\"widget\" data-widget_type=\"heading.default\">\n\t\t\t\t<div class=\"elementor-widget-container\">\n\t\t\t\t\t<p class=\"elementor-heading-title elementor-size-default\">Cindy arbeitet seit \u00fcber 10 Jahren f\u00fcr das Unternehmen und hatte verschiedene Positionen inne, darunter Sales Manager, Marketing Manager und Operations Manager. Sie verf\u00fcgt \u00fcber ein tiefes Verst\u00e4ndnis der Kosmetikindustrie und ist eine bew\u00e4hrte F\u00fchrungspers\u00f6nlichkeit bei der F\u00f6rderung von Wachstum und Innovation.<\/p>\t\t\t\t<\/div>\n\t\t\t\t<\/div>\n\t\t\t\t<div class=\"elementor-element elementor-element-c0f044b elementor-widget elementor-widget-heading\" data-id=\"c0f044b\" data-element_type=\"widget\" data-e-type=\"widget\" data-widget_type=\"heading.default\">\n\t\t\t\t<div class=\"elementor-widget-container\">\n\t\t\t\t\t<p class=\"elementor-heading-title elementor-size-default\">Cindy ist eine starke Verfechterin der Kundenzufriedenheit. Sie glaubt, dass die Zufriedenheit der Kunden die effektivste Gesch\u00e4ftsstrategie ist. Es ist ihr ein Anliegen, den Kunden die bestm\u00f6glichen Produkte und Dienstleistungen zu bieten, und sie ist immer auf der Suche nach neuen M\u00f6glichkeiten zur Verbesserung der Kundenerfahrung.<\/p>\t\t\t\t<\/div>\n\t\t\t\t<\/div>\n\t\t\t\t\t<\/div>\n\t\t\t\t<\/div>\n\t\t\t\t\t<\/div>\n\t\t\t\t<\/div>\n\t\t\t\t<\/div>\n\t\t","protected":false},"excerpt":{"rendered":"<p>F\u00fchrungsqualit\u00e4ten Das F\u00fchrungsteam von Xiangxiang geht mit gutem Beispiel voran und demonstriert die Qualit\u00e4ten, die unsere Mitarbeiter auszeichnen: Integrit\u00e4t, Fachwissen und das Engagement, unseren Kunden mit Auszeichnung zu dienen. Home Entdecken Sie die Gesichter hinter Xiangxiangs Erfolg Das F\u00fchrungsteam von Xiangxiang besteht aus Branchenexperten, die ein tiefes Verst\u00e4ndnis f\u00fcr die K\u00f6rperpflegeindustrie haben. Mit ihrer Vision, [&hellip;]<\/p>\n","protected":false},"author":1,"featured_media":33392,"parent":0,"menu_order":0,"comment_status":"closed","ping_status":"closed","template":"","meta":{"_acf_changed":false,"footnotes":""},"class_list":["post-33391","page","type-page","status-publish","has-post-thumbnail","hentry"],"acf":[],"_links":{"self":[{"href":"https:\/\/www.xiangxiangdaily.com\/de\/wp-json\/wp\/v2\/pages\/33391","targetHints":{"allow":["GET"]}}],"collection":[{"href":"https:\/\/www.xiangxiangdaily.com\/de\/wp-json\/wp\/v2\/pages"}],"about":[{"href":"https:\/\/www.xiangxiangdaily.com\/de\/wp-json\/wp\/v2\/types\/page"}],"author":[{"embeddable":true,"href":"https:\/\/www.xiangxiangdaily.com\/de\/wp-json\/wp\/v2\/users\/1"}],"replies":[{"embeddable":true,"href":"https:\/\/www.xiangxiangdaily.com\/de\/wp-json\/wp\/v2\/comments?post=33391"}],"version-history":[{"count":0,"href":"https:\/\/www.xiangxiangdaily.com\/de\/wp-json\/wp\/v2\/pages\/33391\/revisions"}],"wp:featuredmedia":[{"embeddable":true,"href":"https:\/\/www.xiangxiangdaily.com\/de\/wp-json\/wp\/v2\/media\/33392"}],"wp:attachment":[{"href":"https:\/\/www.xiangxiangdaily.com\/de\/wp-json\/wp\/v2\/media?parent=33391"}],"curies":[{"name":"wp","href":"https:\/\/api.w.org\/{rel}","templated":true}]}}