{"id":33462,"date":"2023-01-12T09:51:13","date_gmt":"2023-01-12T01:51:13","guid":{"rendered":"https:\/\/www.xiangxiangdaily.com\/qualitat\/"},"modified":"2026-04-28T18:19:02","modified_gmt":"2026-04-28T10:19:02","slug":"qualitat","status":"publish","type":"page","link":"https:\/\/www.xiangxiangdaily.com\/de\/qualitat\/","title":{"rendered":"Qualit\u00e4t"},"content":{"rendered":"\t\t<div data-elementor-type=\"wp-page\" data-elementor-id=\"33462\" class=\"elementor elementor-33462 elementor-3370\" data-elementor-post-type=\"page\">\n\t\t\t\t<div class=\"elementor-element elementor-element-1058d60 e-flex e-con-boxed e-con e-parent\" data-id=\"1058d60\" data-element_type=\"container\" data-e-type=\"container\" data-settings=\"{&quot;background_background&quot;:&quot;classic&quot;}\">\n\t\t\t\t\t<div class=\"e-con-inner\">\n\t\t\t\t<div class=\"elementor-element elementor-element-4976530b elementor-widget elementor-widget-heading\" data-id=\"4976530b\" data-element_type=\"widget\" data-e-type=\"widget\" data-widget_type=\"heading.default\">\n\t\t\t\t<div class=\"elementor-widget-container\">\n\t\t\t\t\t<h1 class=\"elementor-heading-title elementor-size-default\">Qualit\u00e4tskontrolle<\/h1>\t\t\t\t<\/div>\n\t\t\t\t<\/div>\n\t\t\t\t<div class=\"elementor-element elementor-element-31f1d6b elementor-widget elementor-widget-text-editor\" data-id=\"31f1d6b\" data-element_type=\"widget\" data-e-type=\"widget\" data-widget_type=\"text-editor.default\">\n\t\t\t\t<div class=\"elementor-widget-container\">\n\t\t\t\t\t\t\t\t\t<p>Verschaffen Sie sich einen Vorteil gegen\u00fcber Ihren Konkurrenten durch die Einf\u00fchrung von Qualit\u00e4tsmanagementverfahren.<\/p>\t\t\t\t\t\t\t\t<\/div>\n\t\t\t\t<\/div>\n\t\t\t\t<div class=\"elementor-element elementor-element-67403f7 elementor-widget elementor-widget-breadcrumbs\" data-id=\"67403f7\" data-element_type=\"widget\" data-e-type=\"widget\" data-widget_type=\"breadcrumbs.default\">\n\t\t\t\t<div class=\"elementor-widget-container\">\n\t\t\t\t\t<nav><span class=\"last\">Startseite<\/span><\/nav>\t\t\t\t<\/div>\n\t\t\t\t<\/div>\n\t\t\t\t\t<\/div>\n\t\t\t\t<\/div>\n\t\t<div class=\"elementor-element elementor-element-f935f2e e-flex e-con-boxed e-con e-parent\" data-id=\"f935f2e\" data-element_type=\"container\" data-e-type=\"container\">\n\t\t\t\t\t<div class=\"e-con-inner\">\n\t\t<div class=\"elementor-element elementor-element-4f7ac06 e-con-full e-flex e-con e-child\" data-id=\"4f7ac06\" data-element_type=\"container\" data-e-type=\"container\">\n\t\t\t\t<div class=\"elementor-element elementor-element-690f7dc elementor-widget elementor-widget-heading\" data-id=\"690f7dc\" data-element_type=\"widget\" data-e-type=\"widget\" data-widget_type=\"heading.default\">\n\t\t\t\t<div class=\"elementor-widget-container\">\n\t\t\t\t\t<h2 class=\"elementor-heading-title elementor-size-default\">Es sind die Feinheiten der Sch\u00f6nheit, die sie wirklich auszeichnen<\/h2>\t\t\t\t<\/div>\n\t\t\t\t<\/div>\n\t\t\t\t<div class=\"elementor-element elementor-element-3592340 elementor-widget-divider--view-line elementor-widget elementor-widget-divider\" data-id=\"3592340\" data-element_type=\"widget\" data-e-type=\"widget\" data-widget_type=\"divider.default\">\n\t\t\t\t<div class=\"elementor-widget-container\">\n\t\t\t\t\t\t\t<div class=\"elementor-divider\">\n\t\t\t<span class=\"elementor-divider-separator\">\n\t\t\t\t\t\t<\/span>\n\t\t<\/div>\n\t\t\t\t\t\t<\/div>\n\t\t\t\t<\/div>\n\t\t\t\t<\/div>\n\t\t<div class=\"elementor-element elementor-element-7c58979 e-con-full e-flex e-con e-child\" data-id=\"7c58979\" data-element_type=\"container\" data-e-type=\"container\">\n\t\t\t\t<div class=\"elementor-element elementor-element-c5202c8 elementor-widget elementor-widget-text-editor\" data-id=\"c5202c8\" data-element_type=\"widget\" data-e-type=\"widget\" data-widget_type=\"text-editor.default\">\n\t\t\t\t<div class=\"elementor-widget-container\">\n\t\t\t\t\t\t\t\t\t<p>Wir bei Xiangxiang sind stolz auf unser Know-how in der <span style=\"text-decoration: underline; color: #cc99ff;\"><strong><a style=\"color: #cc99ff; text-decoration: underline;\" href=\"https:\/\/www.xiangxiangdaily.com\/manufacturing\/\">Herstellung<\/a><\/strong><\/span>Deshalb haben wir eine eigene Abteilung f\u00fcr Qualit\u00e4tskontrolle, um die hervorragende Qualit\u00e4t unserer Produkte zu gew\u00e4hrleisten. Unser Qualit\u00e4tskontrollteam und die Produktionsabteilung arbeiten in jeder Phase des Produktionsprozesses eng zusammen, von der Beschaffung und Mischung der Zutaten \u00fcber die Pr\u00fcfung des pH-Werts bis hin zur Abf\u00fcllung und Verpackung. Gemeinsam stellen sie sicher, dass unser Endprodukt unseren hohen Qualit\u00e4tsstandards entspricht.  <\/p>\t\t\t\t\t\t\t\t<\/div>\n\t\t\t\t<\/div>\n\t\t\t\t<\/div>\n\t\t\t\t\t<\/div>\n\t\t\t\t<\/div>\n\t\t<div class=\"elementor-element elementor-element-f5c2d6d e-flex e-con-boxed e-con e-parent\" data-id=\"f5c2d6d\" data-element_type=\"container\" data-e-type=\"container\">\n\t\t\t\t\t<div class=\"e-con-inner\">\n\t\t<div class=\"elementor-element elementor-element-127ccb0 e-flex e-con-boxed e-con e-child\" data-id=\"127ccb0\" data-element_type=\"container\" data-e-type=\"container\">\n\t\t\t\t\t<div class=\"e-con-inner\">\n\t\t<div class=\"elementor-element elementor-element-cfe27f7 e-flex e-con-boxed e-con e-child\" data-id=\"cfe27f7\" data-element_type=\"container\" data-e-type=\"container\">\n\t\t\t\t\t<div class=\"e-con-inner\">\n\t\t\t\t<div class=\"elementor-element elementor-element-95ea013 elementor-widget elementor-widget-heading\" data-id=\"95ea013\" data-element_type=\"widget\" data-e-type=\"widget\" data-widget_type=\"heading.default\">\n\t\t\t\t<div class=\"elementor-widget-container\">\n\t\t\t\t\t<h2 class=\"elementor-heading-title elementor-size-default\">pH-Wert<\/h2>\t\t\t\t<\/div>\n\t\t\t\t<\/div>\n\t\t\t\t<div class=\"elementor-element elementor-element-ba56665 elementor-widget elementor-widget-text-editor\" data-id=\"ba56665\" data-element_type=\"widget\" data-e-type=\"widget\" data-widget_type=\"text-editor.default\">\n\t\t\t\t<div class=\"elementor-widget-container\">\n\t\t\t\t\t\t\t\t\t<p>Der pH-Wert des Produkts ist ein entscheidender Faktor f\u00fcr seine Sicherheit und Wirksamkeit. Der pH-Wert kann sich auf die F\u00e4higkeit des Produkts auswirken, in die Haut oder das Haar einzudringen, und kann au\u00dferdem Reizungen oder Sch\u00e4den verursachen. Daher wird der pH-Wert getestet, um sicherzustellen, dass er innerhalb des f\u00fcr das jeweilige Produkt empfohlenen Bereichs liegt.  <\/p>\t\t\t\t\t\t\t\t<\/div>\n\t\t\t\t<\/div>\n\t\t\t\t\t<\/div>\n\t\t\t\t<\/div>\n\t\t<div class=\"elementor-element elementor-element-49db518 e-flex e-con-boxed e-con e-child\" data-id=\"49db518\" data-element_type=\"container\" data-e-type=\"container\">\n\t\t\t\t\t<div class=\"e-con-inner\">\n\t\t\t\t<div class=\"elementor-element elementor-element-c0fe689 elementor-widget elementor-widget-image\" data-id=\"c0fe689\" data-element_type=\"widget\" data-e-type=\"widget\" data-widget_type=\"image.default\">\n\t\t\t\t<div class=\"elementor-widget-container\">\n\t\t\t\t\t\t\t\t\t\t\t\t\t\t\t<img fetchpriority=\"high\" decoding=\"async\" width=\"800\" height=\"533\" src=\"https:\/\/www.xiangxiangdaily.com\/wp-content\/uploads\/2023\/12\/pH-level.webp\" class=\"attachment-large size-large wp-image-98977\" alt=\"pH-Wert\" \/>\t\t\t\t\t\t\t\t\t\t\t\t\t\t\t<\/div>\n\t\t\t\t<\/div>\n\t\t\t\t\t<\/div>\n\t\t\t\t<\/div>\n\t\t\t\t\t<\/div>\n\t\t\t\t<\/div>\n\t\t<div class=\"elementor-element elementor-element-e8077db e-flex e-con-boxed e-con e-child\" data-id=\"e8077db\" data-element_type=\"container\" data-e-type=\"container\">\n\t\t\t\t\t<div class=\"e-con-inner\">\n\t\t<div class=\"elementor-element elementor-element-94df213 e-flex e-con-boxed e-con e-child\" data-id=\"94df213\" data-element_type=\"container\" data-e-type=\"container\">\n\t\t\t\t\t<div class=\"e-con-inner\">\n\t\t\t\t<div class=\"elementor-element elementor-element-6cab142 elementor-widget elementor-widget-heading\" data-id=\"6cab142\" data-element_type=\"widget\" data-e-type=\"widget\" data-widget_type=\"heading.default\">\n\t\t\t\t<div class=\"elementor-widget-container\">\n\t\t\t\t\t<h2 class=\"elementor-heading-title elementor-size-default\">Viskosit\u00e4t<\/h2>\t\t\t\t<\/div>\n\t\t\t\t<\/div>\n\t\t\t\t<div class=\"elementor-element elementor-element-83207df elementor-widget elementor-widget-text-editor\" data-id=\"83207df\" data-element_type=\"widget\" data-e-type=\"widget\" data-widget_type=\"text-editor.default\">\n\t\t\t\t<div class=\"elementor-widget-container\">\n\t\t\t\t\t\t\t\t\t<p>Die Dicke oder Viskosit\u00e4t des Produkts ist ein wesentlicher Aspekt seiner Gesamtqualit\u00e4t. Die Viskosit\u00e4t wird gemessen, um sicherzustellen, dass sie konsistent ist und der gew\u00fcnschten Textur entspricht. Die Beschaffenheit des Produkts ist entscheidend daf\u00fcr, dass es sich leicht auftragen, verteilen und verwenden l\u00e4sst.  <\/p>\t\t\t\t\t\t\t\t<\/div>\n\t\t\t\t<\/div>\n\t\t\t\t\t<\/div>\n\t\t\t\t<\/div>\n\t\t<div class=\"elementor-element elementor-element-5238b21 e-flex e-con-boxed e-con e-child\" data-id=\"5238b21\" data-element_type=\"container\" data-e-type=\"container\">\n\t\t\t\t\t<div class=\"e-con-inner\">\n\t\t\t\t<div class=\"elementor-element elementor-element-6c01301 elementor-widget elementor-widget-image\" data-id=\"6c01301\" data-element_type=\"widget\" data-e-type=\"widget\" data-widget_type=\"image.default\">\n\t\t\t\t<div class=\"elementor-widget-container\">\n\t\t\t\t\t\t\t\t\t\t\t\t\t\t\t<img decoding=\"async\" width=\"800\" height=\"533\" src=\"https:\/\/www.xiangxiangdaily.com\/wp-content\/uploads\/2023\/12\/Viscosity.webp\" class=\"attachment-large size-large wp-image-98993\" alt=\"Viskosit\u00e4t\" \/>\t\t\t\t\t\t\t\t\t\t\t\t\t\t\t<\/div>\n\t\t\t\t<\/div>\n\t\t\t\t\t<\/div>\n\t\t\t\t<\/div>\n\t\t\t\t\t<\/div>\n\t\t\t\t<\/div>\n\t\t<div class=\"elementor-element elementor-element-a894703 e-flex e-con-boxed e-con e-child\" data-id=\"a894703\" data-element_type=\"container\" data-e-type=\"container\">\n\t\t\t\t\t<div class=\"e-con-inner\">\n\t\t<div class=\"elementor-element elementor-element-eed4df8 e-flex e-con-boxed e-con e-child\" data-id=\"eed4df8\" data-element_type=\"container\" data-e-type=\"container\">\n\t\t\t\t\t<div class=\"e-con-inner\">\n\t\t\t\t<div class=\"elementor-element elementor-element-4b7eb72 elementor-widget elementor-widget-heading\" data-id=\"4b7eb72\" data-element_type=\"widget\" data-e-type=\"widget\" data-widget_type=\"heading.default\">\n\t\t\t\t<div class=\"elementor-widget-container\">\n\t\t\t\t\t<h2 class=\"elementor-heading-title elementor-size-default\">Stabilit\u00e4t<\/h2>\t\t\t\t<\/div>\n\t\t\t\t<\/div>\n\t\t\t\t<div class=\"elementor-element elementor-element-436b72b elementor-widget elementor-widget-text-editor\" data-id=\"436b72b\" data-element_type=\"widget\" data-e-type=\"widget\" data-widget_type=\"text-editor.default\">\n\t\t\t\t<div class=\"elementor-widget-container\">\n\t\t\t\t\t\t\t\t\t<p>Die Stabilit\u00e4t des Produkts ist ein weiterer entscheidender Aspekt seiner Qualit\u00e4t. Die Stabilit\u00e4t des Produkts wird gepr\u00fcft, indem es verschiedenen Bedingungen wie hohen und niedrigen Temperaturen, Feuchtigkeit und Lichteinwirkung ausgesetzt wird, um sicherzustellen, dass es seine Integrit\u00e4t bewahrt. Die Stabilit\u00e4tstests werden durchgef\u00fchrt, um sicherzustellen, dass das Produkt seine Wirksamkeit und Sicherheit im Laufe der Zeit beibeh\u00e4lt.  <\/p>\t\t\t\t\t\t\t\t<\/div>\n\t\t\t\t<\/div>\n\t\t\t\t\t<\/div>\n\t\t\t\t<\/div>\n\t\t<div class=\"elementor-element elementor-element-aedd845 e-flex e-con-boxed e-con e-child\" data-id=\"aedd845\" data-element_type=\"container\" data-e-type=\"container\">\n\t\t\t\t\t<div class=\"e-con-inner\">\n\t\t\t\t<div class=\"elementor-element elementor-element-a03b478 elementor-widget elementor-widget-image\" data-id=\"a03b478\" data-element_type=\"widget\" data-e-type=\"widget\" data-widget_type=\"image.default\">\n\t\t\t\t<div class=\"elementor-widget-container\">\n\t\t\t\t\t\t\t\t\t\t\t\t\t\t\t<img decoding=\"async\" width=\"800\" height=\"533\" src=\"https:\/\/www.xiangxiangdaily.com\/wp-content\/uploads\/2023\/12\/Stability.webp\" class=\"attachment-large size-large wp-image-98985\" alt=\"Stabilit\u00e4t\" \/>\t\t\t\t\t\t\t\t\t\t\t\t\t\t\t<\/div>\n\t\t\t\t<\/div>\n\t\t\t\t\t<\/div>\n\t\t\t\t<\/div>\n\t\t\t\t\t<\/div>\n\t\t\t\t<\/div>\n\t\t<div class=\"elementor-element elementor-element-ef45a5e e-flex e-con-boxed e-con e-child\" data-id=\"ef45a5e\" data-element_type=\"container\" data-e-type=\"container\">\n\t\t\t\t\t<div class=\"e-con-inner\">\n\t\t<div class=\"elementor-element elementor-element-669a086 e-flex e-con-boxed e-con e-child\" data-id=\"669a086\" data-element_type=\"container\" data-e-type=\"container\">\n\t\t\t\t\t<div class=\"e-con-inner\">\n\t\t\t\t<div class=\"elementor-element elementor-element-f6259ef elementor-widget elementor-widget-heading\" data-id=\"f6259ef\" data-element_type=\"widget\" data-e-type=\"widget\" data-widget_type=\"heading.default\">\n\t\t\t\t<div class=\"elementor-widget-container\">\n\t\t\t\t\t<h2 class=\"elementor-heading-title elementor-size-default\">Mikrobieller Inhalt<\/h2>\t\t\t\t<\/div>\n\t\t\t\t<\/div>\n\t\t\t\t<div class=\"elementor-element elementor-element-0f60249 elementor-widget elementor-widget-text-editor\" data-id=\"0f60249\" data-element_type=\"widget\" data-e-type=\"widget\" data-widget_type=\"text-editor.default\">\n\t\t\t\t<div class=\"elementor-widget-container\">\n\t\t\t\t\t\t\t\t\t<p>Das Vorhandensein von mikrobiellen Verunreinigungen in dem Produkt kann ein Risiko f\u00fcr die Gesundheit des Anwenders darstellen. Daher wird das Produkt auf seinen mikrobiellen Gehalt getestet, um sicherzustellen, dass es sicher in der Anwendung ist und keine unerw\u00fcnschten Reaktionen hervorruft. Die mikrobiellen Tests werden in der Regel in verschiedenen Stadien des Herstellungsprozesses durchgef\u00fchrt, einschlie\u00dflich der Rohmaterialien, der prozessbegleitenden Proben und des Endprodukts.  <\/p>\t\t\t\t\t\t\t\t<\/div>\n\t\t\t\t<\/div>\n\t\t\t\t\t<\/div>\n\t\t\t\t<\/div>\n\t\t<div class=\"elementor-element elementor-element-d2b9bb3 e-flex e-con-boxed e-con e-child\" data-id=\"d2b9bb3\" data-element_type=\"container\" data-e-type=\"container\">\n\t\t\t\t\t<div class=\"e-con-inner\">\n\t\t\t\t<div class=\"elementor-element elementor-element-a89f218 elementor-widget elementor-widget-image\" data-id=\"a89f218\" data-element_type=\"widget\" data-e-type=\"widget\" data-widget_type=\"image.default\">\n\t\t\t\t<div class=\"elementor-widget-container\">\n\t\t\t\t\t\t\t\t\t\t\t\t\t\t\t<img loading=\"lazy\" decoding=\"async\" width=\"800\" height=\"533\" src=\"https:\/\/www.xiangxiangdaily.com\/wp-content\/uploads\/2023\/12\/Microbial-content.webp\" class=\"attachment-large size-large wp-image-98969\" alt=\"Mikrobieller Inhalt\" \/>\t\t\t\t\t\t\t\t\t\t\t\t\t\t\t<\/div>\n\t\t\t\t<\/div>\n\t\t\t\t\t<\/div>\n\t\t\t\t<\/div>\n\t\t\t\t\t<\/div>\n\t\t\t\t<\/div>\n\t\t<div class=\"elementor-element elementor-element-dc517d8 e-flex e-con-boxed e-con e-child\" data-id=\"dc517d8\" data-element_type=\"container\" data-e-type=\"container\">\n\t\t\t\t\t<div class=\"e-con-inner\">\n\t\t<div class=\"elementor-element elementor-element-935ecff e-flex e-con-boxed e-con e-child\" data-id=\"935ecff\" data-element_type=\"container\" data-e-type=\"container\">\n\t\t\t\t\t<div class=\"e-con-inner\">\n\t\t\t\t<div class=\"elementor-element elementor-element-cd8b6d0 elementor-widget elementor-widget-heading\" data-id=\"cd8b6d0\" data-element_type=\"widget\" data-e-type=\"widget\" data-widget_type=\"heading.default\">\n\t\t\t\t<div class=\"elementor-widget-container\">\n\t\t\t\t\t<h2 class=\"elementor-heading-title elementor-size-default\">Erscheinungsbild<\/h2>\t\t\t\t<\/div>\n\t\t\t\t<\/div>\n\t\t\t\t<div class=\"elementor-element elementor-element-fcf2643 elementor-widget elementor-widget-text-editor\" data-id=\"fcf2643\" data-element_type=\"widget\" data-e-type=\"widget\" data-widget_type=\"text-editor.default\">\n\t\t\t\t<div class=\"elementor-widget-container\">\n\t\t\t\t\t\t\t\t\t<p>Das allgemeine Erscheinungsbild des Produkts wird gepr\u00fcft, um sicherzustellen, dass es optisch ansprechend ist und den gew\u00fcnschten Qualit\u00e4tsstandards entspricht. Farbe, Klarheit und Gleichm\u00e4\u00dfigkeit des Produkts werden gepr\u00fcft, um sicherzustellen, dass sie den vorgegebenen Anforderungen entsprechen. <\/p>\t\t\t\t\t\t\t\t<\/div>\n\t\t\t\t<\/div>\n\t\t\t\t\t<\/div>\n\t\t\t\t<\/div>\n\t\t<div class=\"elementor-element elementor-element-946cd18 e-flex e-con-boxed e-con e-child\" data-id=\"946cd18\" data-element_type=\"container\" data-e-type=\"container\">\n\t\t\t\t\t<div class=\"e-con-inner\">\n\t\t\t\t<div class=\"elementor-element elementor-element-34b2847 elementor-widget elementor-widget-image\" data-id=\"34b2847\" data-element_type=\"widget\" data-e-type=\"widget\" data-widget_type=\"image.default\">\n\t\t\t\t<div class=\"elementor-widget-container\">\n\t\t\t\t\t\t\t\t\t\t\t\t\t\t\t<img loading=\"lazy\" decoding=\"async\" width=\"800\" height=\"533\" src=\"https:\/\/www.xiangxiangdaily.com\/wp-content\/uploads\/2023\/12\/Appearance.webp\" class=\"attachment-large size-large wp-image-98961\" alt=\"Erscheinungsbild\" \/>\t\t\t\t\t\t\t\t\t\t\t\t\t\t\t<\/div>\n\t\t\t\t<\/div>\n\t\t\t\t\t<\/div>\n\t\t\t\t<\/div>\n\t\t\t\t\t<\/div>\n\t\t\t\t<\/div>\n\t\t\t\t<div class=\"elementor-element elementor-element-1d101ad elementor-widget elementor-widget-text-editor\" data-id=\"1d101ad\" data-element_type=\"widget\" data-e-type=\"widget\" data-widget_type=\"text-editor.default\">\n\t\t\t\t<div class=\"elementor-widget-container\">\n\t\t\t\t\t\t\t\t\t<p>Zus\u00e4tzlich zu den oben genannten Tests k\u00f6nnen je nach den Inhaltsstoffen und dem Verwendungszweck des Produkts weitere spezifische Tests durchgef\u00fchrt werden. Insgesamt ist die Qualit\u00e4tskontrolle in einer Kosmetikfabrik ein akribischer und umfassender Prozess, der sicherstellt, dass das Endprodukt alle gew\u00fcnschten Qualit\u00e4tsstandards erf\u00fcllt. <\/p>\t\t\t\t\t\t\t\t<\/div>\n\t\t\t\t<\/div>\n\t\t\t\t\t<\/div>\n\t\t\t\t<\/div>\n\t\t<div class=\"elementor-element elementor-element-ebbe682 e-flex e-con-boxed e-con e-parent\" data-id=\"ebbe682\" data-element_type=\"container\" data-e-type=\"container\">\n\t\t\t\t\t<div class=\"e-con-inner\">\n\t\t\t\t<div class=\"elementor-element elementor-element-c42b4e6 elementor-widget elementor-widget-heading\" data-id=\"c42b4e6\" data-element_type=\"widget\" data-e-type=\"widget\" data-widget_type=\"heading.default\">\n\t\t\t\t<div class=\"elementor-widget-container\">\n\t\t\t\t\t<h2 class=\"elementor-heading-title elementor-size-default\">Zusammenarbeit im Team ist der Schl\u00fcssel zur Qualit\u00e4t des Schutzes<\/h2>\t\t\t\t<\/div>\n\t\t\t\t<\/div>\n\t\t\t\t<div class=\"elementor-element elementor-element-2a2a7d8 elementor-widget elementor-widget-text-editor\" data-id=\"2a2a7d8\" data-element_type=\"widget\" data-e-type=\"widget\" data-widget_type=\"text-editor.default\">\n\t\t\t\t<div class=\"elementor-widget-container\">\n\t\t\t\t\t\t\t\t\t<p>Die Herstellung von Qualit\u00e4tskosmetika ist eine Gemeinschaftsarbeit, die die gemeinsame Unterst\u00fctzung von Bedienern der Produktionslinie, Reinigungs- und Umr\u00fcstungspersonal sowie dem Produktions-\/Verpackungsmanagement erfordert. Unsere Inspektionstechnologien liefern genaue Daten und werden durch die scharfen Sinne unserer Inspektoren erg\u00e4nzt, so dass wir Ihre Spezifikationen mit gr\u00f6\u00dfter Genauigkeit erf\u00fcllen k\u00f6nnen. <\/p>\t\t\t\t\t\t\t\t<\/div>\n\t\t\t\t<\/div>\n\t\t<div class=\"elementor-element elementor-element-283a02e e-flex e-con-boxed e-con e-child\" data-id=\"283a02e\" data-element_type=\"container\" data-e-type=\"container\">\n\t\t\t\t\t<div class=\"e-con-inner\">\n\t\t\t\t<div class=\"elementor-element elementor-element-456a05f elementor-widget elementor-widget-image\" data-id=\"456a05f\" data-element_type=\"widget\" data-e-type=\"widget\" data-widget_type=\"image.default\">\n\t\t\t\t<div class=\"elementor-widget-container\">\n\t\t\t\t\t\t\t\t\t\t\t\t\t\t\t<img loading=\"lazy\" decoding=\"async\" width=\"580\" height=\"450\" src=\"https:\/\/www.xiangxiangdaily.com\/wp-content\/uploads\/2023\/12\/Production-Workshop\uff081\uff09.webp\" class=\"attachment-large size-large wp-image-99009\" alt=\"Produktionswerkstatt(2)\" \/>\t\t\t\t\t\t\t\t\t\t\t\t\t\t\t<\/div>\n\t\t\t\t<\/div>\n\t\t\t\t<div class=\"elementor-element elementor-element-b6c61aa elementor-widget elementor-widget-image\" data-id=\"b6c61aa\" data-element_type=\"widget\" data-e-type=\"widget\" data-widget_type=\"image.default\">\n\t\t\t\t<div class=\"elementor-widget-container\">\n\t\t\t\t\t\t\t\t\t\t\t\t\t\t\t<img loading=\"lazy\" decoding=\"async\" width=\"580\" height=\"450\" src=\"https:\/\/www.xiangxiangdaily.com\/wp-content\/uploads\/2023\/12\/shipping-service-1.webp\" class=\"attachment-large size-large wp-image-99017\" alt=\"Versandservice(2)\" \/>\t\t\t\t\t\t\t\t\t\t\t\t\t\t\t<\/div>\n\t\t\t\t<\/div>\n\t\t\t\t<div class=\"elementor-element elementor-element-ab35251 elementor-widget elementor-widget-image\" data-id=\"ab35251\" data-element_type=\"widget\" data-e-type=\"widget\" data-widget_type=\"image.default\">\n\t\t\t\t<div class=\"elementor-widget-container\">\n\t\t\t\t\t\t\t\t\t\t\t\t\t\t\t<img loading=\"lazy\" decoding=\"async\" width=\"580\" height=\"450\" src=\"https:\/\/www.xiangxiangdaily.com\/wp-content\/uploads\/2023\/12\/Inventory-Management-1.webp\" class=\"attachment-large size-large wp-image-99001\" alt=\"Bestandsverwaltung(2)\" \/>\t\t\t\t\t\t\t\t\t\t\t\t\t\t\t<\/div>\n\t\t\t\t<\/div>\n\t\t\t\t\t<\/div>\n\t\t\t\t<\/div>\n\t\t\t\t\t<\/div>\n\t\t\t\t<\/div>\n\t\t\t\t<\/div>\n\t\t","protected":false},"excerpt":{"rendered":"<p>Qualit\u00e4tskontrolle Verschaffen Sie sich einen Vorteil gegen\u00fcber Ihren Konkurrenten durch die Einf\u00fchrung von Qualit\u00e4tsmanagementverfahren. Home Es sind die Feinheiten der Sch\u00f6nheit, die sie wirklich auszeichnen Wir bei Xiangxiang sind stolz auf unser Know-how in der HerstellungDeshalb haben wir eine eigene Abteilung f\u00fcr Qualit\u00e4tskontrolle, um die hervorragende Qualit\u00e4t unserer Produkte zu gew\u00e4hrleisten. Unser Qualit\u00e4tskontrollteam und die [&hellip;]<\/p>\n","protected":false},"author":1,"featured_media":33464,"parent":0,"menu_order":0,"comment_status":"closed","ping_status":"closed","template":"","meta":{"_acf_changed":false,"footnotes":""},"class_list":["post-33462","page","type-page","status-publish","has-post-thumbnail","hentry"],"acf":[],"_links":{"self":[{"href":"https:\/\/www.xiangxiangdaily.com\/de\/wp-json\/wp\/v2\/pages\/33462","targetHints":{"allow":["GET"]}}],"collection":[{"href":"https:\/\/www.xiangxiangdaily.com\/de\/wp-json\/wp\/v2\/pages"}],"about":[{"href":"https:\/\/www.xiangxiangdaily.com\/de\/wp-json\/wp\/v2\/types\/page"}],"author":[{"embeddable":true,"href":"https:\/\/www.xiangxiangdaily.com\/de\/wp-json\/wp\/v2\/users\/1"}],"replies":[{"embeddable":true,"href":"https:\/\/www.xiangxiangdaily.com\/de\/wp-json\/wp\/v2\/comments?post=33462"}],"version-history":[{"count":1,"href":"https:\/\/www.xiangxiangdaily.com\/de\/wp-json\/wp\/v2\/pages\/33462\/revisions"}],"predecessor-version":[{"id":101766,"href":"https:\/\/www.xiangxiangdaily.com\/de\/wp-json\/wp\/v2\/pages\/33462\/revisions\/101766"}],"wp:featuredmedia":[{"embeddable":true,"href":"https:\/\/www.xiangxiangdaily.com\/de\/wp-json\/wp\/v2\/media\/33464"}],"wp:attachment":[{"href":"https:\/\/www.xiangxiangdaily.com\/de\/wp-json\/wp\/v2\/media?parent=33462"}],"curies":[{"name":"wp","href":"https:\/\/api.w.org\/{rel}","templated":true}]}}