{"id":33671,"date":"2022-07-24T11:50:43","date_gmt":"2022-07-24T03:50:43","guid":{"rendered":"https:\/\/www.xiangxiangdaily.com\/dienstleistungen\/"},"modified":"2026-02-28T17:24:16","modified_gmt":"2026-02-28T09:24:16","slug":"dienstleistungen","status":"publish","type":"page","link":"https:\/\/www.xiangxiangdaily.com\/de\/dienstleistungen\/","title":{"rendered":"Dienstleistungen"},"content":{"rendered":"\t\t<div data-elementor-type=\"wp-page\" data-elementor-id=\"33671\" class=\"elementor elementor-33671 elementor-751\" data-elementor-post-type=\"page\">\n\t\t\t\t<div class=\"elementor-element elementor-element-2041c355 e-flex e-con-boxed e-con e-parent\" data-id=\"2041c355\" data-element_type=\"container\" data-e-type=\"container\" data-settings=\"{&quot;background_background&quot;:&quot;classic&quot;}\">\n\t\t\t\t\t<div class=\"e-con-inner\">\n\t\t\t\t<div class=\"elementor-element elementor-element-784b54c0 elementor-widget elementor-widget-heading\" data-id=\"784b54c0\" data-element_type=\"widget\" data-e-type=\"widget\" data-widget_type=\"heading.default\">\n\t\t\t\t<div class=\"elementor-widget-container\">\n\t\t\t\t\t<h1 class=\"elementor-heading-title elementor-size-default\">Eine schlanke Lieferkette: <\/br>Umfassende Dienstleistungen<\/h1>\t\t\t\t<\/div>\n\t\t\t\t<\/div>\n\t\t\t\t<div class=\"elementor-element elementor-element-5d354759 elementor-widget elementor-widget-heading\" data-id=\"5d354759\" data-element_type=\"widget\" data-e-type=\"widget\" data-widget_type=\"heading.default\">\n\t\t\t\t<div class=\"elementor-widget-container\">\n\t\t\t\t\t<p class=\"elementor-heading-title elementor-size-default\">Wir geh\u00f6ren zu den besten Anbietern von Produktion, Vertrieb und einkommenssteigernden Dienstleistungen.<\/p>\t\t\t\t<\/div>\n\t\t\t\t<\/div>\n\t\t\t\t\t<\/div>\n\t\t\t\t<\/div>\n\t\t<div class=\"elementor-element elementor-element-e14c6d6 e-flex e-con-boxed e-con e-parent\" data-id=\"e14c6d6\" data-element_type=\"container\" data-e-type=\"container\" data-settings=\"{&quot;background_background&quot;:&quot;classic&quot;}\">\n\t\t\t\t\t<div class=\"e-con-inner\">\n\t\t\t\t<div class=\"elementor-element elementor-element-41f743e elementor-widget elementor-widget-breadcrumbs\" data-id=\"41f743e\" data-element_type=\"widget\" data-e-type=\"widget\" data-widget_type=\"breadcrumbs.default\">\n\t\t\t\t<div class=\"elementor-widget-container\">\n\t\t\t\t\t<nav><span class=\"last\">Startseite<\/span><\/nav>\t\t\t\t<\/div>\n\t\t\t\t<\/div>\n\t\t\t\t\t<\/div>\n\t\t\t\t<\/div>\n\t\t<div class=\"elementor-element elementor-element-a5b128f e-flex e-con-boxed e-con e-parent\" data-id=\"a5b128f\" data-element_type=\"container\" data-e-type=\"container\">\n\t\t\t\t\t<div class=\"e-con-inner\">\n\t\t<div class=\"elementor-element elementor-element-b9aa2b5 e-con-full e-flex e-con e-child\" data-id=\"b9aa2b5\" data-element_type=\"container\" data-e-type=\"container\">\n\t\t\t\t<div class=\"elementor-element elementor-element-33a6232 elementor-widget elementor-widget-heading\" data-id=\"33a6232\" data-element_type=\"widget\" data-e-type=\"widget\" data-widget_type=\"heading.default\">\n\t\t\t\t<div class=\"elementor-widget-container\">\n\t\t\t\t\t<h2 class=\"elementor-heading-title elementor-size-default\">An Ihrer Seite von der Konzeption bis zum Versand<\/h2>\t\t\t\t<\/div>\n\t\t\t\t<\/div>\n\t\t\t\t<div class=\"elementor-element elementor-element-e2e7828 elementor-widget-divider--view-line elementor-widget elementor-widget-divider\" data-id=\"e2e7828\" data-element_type=\"widget\" data-e-type=\"widget\" data-widget_type=\"divider.default\">\n\t\t\t\t<div class=\"elementor-widget-container\">\n\t\t\t\t\t\t\t<div class=\"elementor-divider\">\n\t\t\t<span class=\"elementor-divider-separator\">\n\t\t\t\t\t\t<\/span>\n\t\t<\/div>\n\t\t\t\t\t\t<\/div>\n\t\t\t\t<\/div>\n\t\t\t\t<\/div>\n\t\t<div class=\"elementor-element elementor-element-bf89cb4 e-con-full e-flex e-con e-child\" data-id=\"bf89cb4\" data-element_type=\"container\" data-e-type=\"container\">\n\t\t\t\t<div class=\"elementor-element elementor-element-8b0f587 elementor-widget elementor-widget-heading\" data-id=\"8b0f587\" data-element_type=\"widget\" data-e-type=\"widget\" data-widget_type=\"heading.default\">\n\t\t\t\t<div class=\"elementor-widget-container\">\n\t\t\t\t\t<p class=\"elementor-heading-title elementor-size-default\">Unser technisches und industrielles Team unterst\u00fctzt Sie bei der Definition Ihres Kosmetikprojekts und sorgt f\u00fcr eine perfekte Kompatibilit\u00e4t zwischen unseren Produkten und Ihrer Idee, was unseren gemeinsamen Erfolg garantiert.<\/p>\t\t\t\t<\/div>\n\t\t\t\t<\/div>\n\t\t\t\t<div class=\"elementor-element elementor-element-9c89bef elementor-widget elementor-widget-text-editor\" data-id=\"9c89bef\" data-element_type=\"widget\" data-e-type=\"widget\" data-widget_type=\"text-editor.default\">\n\t\t\t\t<div class=\"elementor-widget-container\">\n\t\t\t\t\t\t\t\t\t<p>Wir bieten Dienstleistungen aus einer Hand, unterst\u00fctzt von Kosmetikexperten und mehr als 30 Jahren Forschung in der <span style=\"text-decoration: underline;\"><span style=\"color: #ff99cc;\"><a style=\"color: #ff99cc; text-decoration: underline;\" href=\"https:\/\/www.pinterest.com\/xiangxaingdaily\/\" target=\"_blank\" rel=\"noopener\">K\u00f6rperpflege<\/a><\/span><\/span> Industrie.<\/p>\t\t\t\t\t\t\t\t<\/div>\n\t\t\t\t<\/div>\n\t\t\t\t<div class=\"elementor-element elementor-element-6d7a8e9 elementor-widget elementor-widget-heading\" data-id=\"6d7a8e9\" data-element_type=\"widget\" data-e-type=\"widget\" data-widget_type=\"heading.default\">\n\t\t\t\t<div class=\"elementor-widget-container\">\n\t\t\t\t\t<p class=\"elementor-heading-title elementor-size-default\">Jeder einzelne Service ist speziell auf Sie zugeschnitten und Sie werden in jeder Phase des Prozesses sorgf\u00e4ltig unterst\u00fctzt, vom ersten Entwurf des Produkts bis hin zum <a href=\"https:\/\/www.xiangxiangdaily.com\/de\/kundendienst\/\" title=\"Service nach dem Kauf\" target=\"_blank\" rel=\"noopener\" class=\"link-whisper\" data-wpil-monitor-id=\"2\">Kundendienst<\/a>, der von Xiangxiang eingerichtet wurde, um auch ein Qualit\u00e4tsfeedback zu geben.<\/p>\t\t\t\t<\/div>\n\t\t\t\t<\/div>\n\t\t\t\t<\/div>\n\t\t\t\t\t<\/div>\n\t\t\t\t<\/div>\n\t\t<div class=\"elementor-element elementor-element-0489729 e-flex e-con-boxed e-con e-parent\" data-id=\"0489729\" data-element_type=\"container\" data-e-type=\"container\">\n\t\t\t\t\t<div class=\"e-con-inner\">\n\t\t<a class=\"elementor-element elementor-element-191c3a2 e-con-full e-flex e-con e-child\" data-id=\"191c3a2\" data-element_type=\"container\" data-e-type=\"container\" href=\"https:\/\/www.xiangxiangdaily.com\/de\/forschung-slash-entwicklung\/\">\n\t\t\t\t<div class=\"elementor-element elementor-element-37232d6 elementor-widget elementor-widget-image\" data-id=\"37232d6\" data-element_type=\"widget\" data-e-type=\"widget\" data-widget_type=\"image.default\">\n\t\t\t\t<div class=\"elementor-widget-container\">\n\t\t\t\t\t\t\t\t\t\t\t\t\t\t\t<img fetchpriority=\"high\" decoding=\"async\" width=\"500\" height=\"333\" src=\"https:\/\/www.xiangxiangdaily.com\/wp-content\/uploads\/2023\/12\/Research-Development0.webp\" class=\"attachment-large size-large wp-image-33095\" alt=\"\" srcset=\"https:\/\/www.xiangxiangdaily.com\/wp-content\/uploads\/2023\/12\/Research-Development0.webp 500w, https:\/\/www.xiangxiangdaily.com\/wp-content\/uploads\/2023\/12\/Research-Development0-300x200.webp 300w\" sizes=\"(max-width: 500px) 100vw, 500px\" \/>\t\t\t\t\t\t\t\t\t\t\t\t\t\t\t<\/div>\n\t\t\t\t<\/div>\n\t\t\t\t<div class=\"elementor-element elementor-element-d64fa3b elementor-widget elementor-widget-heading\" data-id=\"d64fa3b\" data-element_type=\"widget\" data-e-type=\"widget\" data-widget_type=\"heading.default\">\n\t\t\t\t<div class=\"elementor-widget-container\">\n\t\t\t\t\t<h4 class=\"elementor-heading-title elementor-size-default\">Forschung &amp; Entwicklung<\/h4>\t\t\t\t<\/div>\n\t\t\t\t<\/div>\n\t\t\t\t<div class=\"elementor-element elementor-element-e5500eb elementor-widget elementor-widget-heading\" data-id=\"e5500eb\" data-element_type=\"widget\" data-e-type=\"widget\" data-widget_type=\"heading.default\">\n\t\t\t\t<div class=\"elementor-widget-container\">\n\t\t\t\t\t<p class=\"elementor-heading-title elementor-size-default\">Wir kreieren f\u00fcr Sie Verpackungen, die am besten zu Ihren Produkten, Ihren M\u00e4rkten und Ihren Kunden passen.<\/p>\t\t\t\t<\/div>\n\t\t\t\t<\/div>\n\t\t\t\t<\/a>\n\t\t<a class=\"elementor-element elementor-element-db1d02f e-con-full e-flex e-con e-child\" data-id=\"db1d02f\" data-element_type=\"container\" data-e-type=\"container\" href=\"https:\/\/www.xiangxiangdaily.com\/de\/oemodm-dienste\/\">\n\t\t\t\t<div class=\"elementor-element elementor-element-ca8e5a4 elementor-widget elementor-widget-image\" data-id=\"ca8e5a4\" data-element_type=\"widget\" data-e-type=\"widget\" data-widget_type=\"image.default\">\n\t\t\t\t<div class=\"elementor-widget-container\">\n\t\t\t\t\t\t\t\t\t\t\t\t\t\t\t<img decoding=\"async\" width=\"500\" height=\"333\" src=\"https:\/\/www.xiangxiangdaily.com\/wp-content\/uploads\/2023\/12\/OEM-ODM0.webp\" class=\"attachment-large size-large wp-image-99209\" alt=\"OEM &amp; ODM(0)\" srcset=\"https:\/\/www.xiangxiangdaily.com\/wp-content\/uploads\/2023\/12\/OEM-ODM0.webp 500w, https:\/\/www.xiangxiangdaily.com\/wp-content\/uploads\/2023\/12\/OEM-ODM0-300x200.webp 300w\" sizes=\"(max-width: 500px) 100vw, 500px\" \/>\t\t\t\t\t\t\t\t\t\t\t\t\t\t\t<\/div>\n\t\t\t\t<\/div>\n\t\t\t\t<div class=\"elementor-element elementor-element-dc81454 elementor-widget elementor-widget-heading\" data-id=\"dc81454\" data-element_type=\"widget\" data-e-type=\"widget\" data-widget_type=\"heading.default\">\n\t\t\t\t<div class=\"elementor-widget-container\">\n\t\t\t\t\t<h4 class=\"elementor-heading-title elementor-size-default\">OEM &amp; ODM<\/h4>\t\t\t\t<\/div>\n\t\t\t\t<\/div>\n\t\t\t\t<div class=\"elementor-element elementor-element-a54dd24 elementor-widget elementor-widget-heading\" data-id=\"a54dd24\" data-element_type=\"widget\" data-e-type=\"widget\" data-widget_type=\"heading.default\">\n\t\t\t\t<div class=\"elementor-widget-container\">\n\t\t\t\t\t<p class=\"elementor-heading-title elementor-size-default\">Mit Ihrem Entwurf oder mit Hilfe unseres Grafik- und Branding-Teams dekorieren und etikettieren wir Ihre Verpackung f\u00fcr eine wirklich besondere Pr\u00e4sentation.<\/p>\t\t\t\t<\/div>\n\t\t\t\t<\/div>\n\t\t\t\t<\/a>\n\t\t\t\t\t<\/div>\n\t\t\t\t<\/div>\n\t\t<div class=\"elementor-element elementor-element-d86938d e-flex e-con-boxed e-con e-parent\" data-id=\"d86938d\" data-element_type=\"container\" data-e-type=\"container\">\n\t\t\t\t\t<div class=\"e-con-inner\">\n\t\t<a class=\"elementor-element elementor-element-2807bb9 e-con-full e-flex e-con e-child\" data-id=\"2807bb9\" data-element_type=\"container\" data-e-type=\"container\" href=\"https:\/\/www.xiangxiangdaily.com\/manufacturing\/\">\n\t\t\t\t<div class=\"elementor-element elementor-element-d7d1dbb elementor-widget elementor-widget-image\" data-id=\"d7d1dbb\" data-element_type=\"widget\" data-e-type=\"widget\" data-widget_type=\"image.default\">\n\t\t\t\t<div class=\"elementor-widget-container\">\n\t\t\t\t\t\t\t\t\t\t\t\t\t\t\t<img decoding=\"async\" width=\"500\" height=\"333\" src=\"https:\/\/www.xiangxiangdaily.com\/wp-content\/uploads\/2023\/12\/Cosmetics-Manufacturing0.webp\" class=\"attachment-large size-large wp-image-99201\" alt=\"Cosmetics Manufacturing(0)\" \/>\t\t\t\t\t\t\t\t\t\t\t\t\t\t\t<\/div>\n\t\t\t\t<\/div>\n\t\t\t\t<div class=\"elementor-element elementor-element-39649e4 elementor-widget elementor-widget-heading\" data-id=\"39649e4\" data-element_type=\"widget\" data-e-type=\"widget\" data-widget_type=\"heading.default\">\n\t\t\t\t<div class=\"elementor-widget-container\">\n\t\t\t\t\t<h4 class=\"elementor-heading-title elementor-size-default\">Herstellung von Kosmetika<\/h4>\t\t\t\t<\/div>\n\t\t\t\t<\/div>\n\t\t\t\t<div class=\"elementor-element elementor-element-36b284d elementor-widget elementor-widget-heading\" data-id=\"36b284d\" data-element_type=\"widget\" data-e-type=\"widget\" data-widget_type=\"heading.default\">\n\t\t\t\t<div class=\"elementor-widget-container\">\n\t\t\t\t\t<p class=\"elementor-heading-title elementor-size-default\">Von der Lizenzierung von Maschinen bis zur Herstellung von Kosmetika, von manuellen bis zu automatisierten Inspektionstechnologien, wir haben alles f\u00fcr Sie.<\/p>\t\t\t\t<\/div>\n\t\t\t\t<\/div>\n\t\t\t\t<\/a>\n\t\t<a class=\"elementor-element elementor-element-121753f e-con-full e-flex e-con e-child\" data-id=\"121753f\" data-element_type=\"container\" data-e-type=\"container\" href=\"https:\/\/www.xiangxiangdaily.com\/de\/qualitat\/\">\n\t\t\t\t<div class=\"elementor-element elementor-element-4057b17 elementor-widget elementor-widget-image\" data-id=\"4057b17\" data-element_type=\"widget\" data-e-type=\"widget\" data-widget_type=\"image.default\">\n\t\t\t\t<div class=\"elementor-widget-container\">\n\t\t\t\t\t\t\t\t\t\t\t\t\t\t\t<img loading=\"lazy\" decoding=\"async\" width=\"500\" height=\"333\" src=\"https:\/\/www.xiangxiangdaily.com\/wp-content\/uploads\/2023\/12\/Quality-Management0.webp\" class=\"attachment-large size-large wp-image-33464\" alt=\"\" srcset=\"https:\/\/www.xiangxiangdaily.com\/wp-content\/uploads\/2023\/12\/Quality-Management0.webp 500w, https:\/\/www.xiangxiangdaily.com\/wp-content\/uploads\/2023\/12\/Quality-Management0-300x200.webp 300w\" sizes=\"(max-width: 500px) 100vw, 500px\" \/>\t\t\t\t\t\t\t\t\t\t\t\t\t\t\t<\/div>\n\t\t\t\t<\/div>\n\t\t\t\t<div class=\"elementor-element elementor-element-22771e0 elementor-widget elementor-widget-heading\" data-id=\"22771e0\" data-element_type=\"widget\" data-e-type=\"widget\" data-widget_type=\"heading.default\">\n\t\t\t\t<div class=\"elementor-widget-container\">\n\t\t\t\t\t<h4 class=\"elementor-heading-title elementor-size-default\">Qualit\u00e4tsmanagement<\/h4>\t\t\t\t<\/div>\n\t\t\t\t<\/div>\n\t\t\t\t<div class=\"elementor-element elementor-element-c27530d elementor-widget elementor-widget-heading\" data-id=\"c27530d\" data-element_type=\"widget\" data-e-type=\"widget\" data-widget_type=\"heading.default\">\n\t\t\t\t<div class=\"elementor-widget-container\">\n\t\t\t\t\t<p class=\"elementor-heading-title elementor-size-default\">Systematische Audits von neuen Produkten, Kontrolle der laufenden Produktion jeder Linie und Prozessaudits.<\/p>\t\t\t\t<\/div>\n\t\t\t\t<\/div>\n\t\t\t\t<\/a>\n\t\t\t\t\t<\/div>\n\t\t\t\t<\/div>\n\t\t<div class=\"elementor-element elementor-element-2980634 e-flex e-con-boxed e-con e-parent\" data-id=\"2980634\" data-element_type=\"container\" data-e-type=\"container\">\n\t\t\t\t\t<div class=\"e-con-inner\">\n\t\t<a class=\"elementor-element elementor-element-124f62e e-con-full e-flex e-con e-child\" data-id=\"124f62e\" data-element_type=\"container\" data-e-type=\"container\" href=\"https:\/\/www.xiangxiangdaily.com\/de\/lagerung-logistik\/\">\n\t\t\t\t<div class=\"elementor-element elementor-element-855325c elementor-widget elementor-widget-image\" data-id=\"855325c\" data-element_type=\"widget\" data-e-type=\"widget\" data-widget_type=\"image.default\">\n\t\t\t\t<div class=\"elementor-widget-container\">\n\t\t\t\t\t\t\t\t\t\t\t\t\t\t\t<img loading=\"lazy\" decoding=\"async\" width=\"500\" height=\"333\" src=\"https:\/\/www.xiangxiangdaily.com\/wp-content\/uploads\/2023\/12\/Inventory-Management0.webp\" class=\"attachment-large size-large wp-image-33466\" alt=\"\" srcset=\"https:\/\/www.xiangxiangdaily.com\/wp-content\/uploads\/2023\/12\/Inventory-Management0.webp 500w, https:\/\/www.xiangxiangdaily.com\/wp-content\/uploads\/2023\/12\/Inventory-Management0-300x200.webp 300w\" sizes=\"(max-width: 500px) 100vw, 500px\" \/>\t\t\t\t\t\t\t\t\t\t\t\t\t\t\t<\/div>\n\t\t\t\t<\/div>\n\t\t\t\t<div class=\"elementor-element elementor-element-80c74b3 elementor-widget elementor-widget-heading\" data-id=\"80c74b3\" data-element_type=\"widget\" data-e-type=\"widget\" data-widget_type=\"heading.default\">\n\t\t\t\t<div class=\"elementor-widget-container\">\n\t\t\t\t\t<h4 class=\"elementor-heading-title elementor-size-default\">Lagerhaltung &amp; Logistik<\/h4>\t\t\t\t<\/div>\n\t\t\t\t<\/div>\n\t\t\t\t<div class=\"elementor-element elementor-element-5efd053 elementor-widget elementor-widget-heading\" data-id=\"5efd053\" data-element_type=\"widget\" data-e-type=\"widget\" data-widget_type=\"heading.default\">\n\t\t\t\t<div class=\"elementor-widget-container\">\n\t\t\t\t\t<p class=\"elementor-heading-title elementor-size-default\">Mit mehr als 3 Millionen Quadratmetern Lagerfl\u00e4che und unserer gro\u00dfen Erfahrung in der Bestandsverwaltung sind wir bereit, Sie zu bedienen.<\/p>\t\t\t\t<\/div>\n\t\t\t\t<\/div>\n\t\t\t\t<\/a>\n\t\t<a class=\"elementor-element elementor-element-ea0d23d e-con-full e-flex e-con e-child\" data-id=\"ea0d23d\" data-element_type=\"container\" data-e-type=\"container\" href=\"https:\/\/www.xiangxiangdaily.com\/de\/kundendienst\/\">\n\t\t\t\t<div class=\"elementor-element elementor-element-c9482da elementor-widget elementor-widget-image\" data-id=\"c9482da\" data-element_type=\"widget\" data-e-type=\"widget\" data-widget_type=\"image.default\">\n\t\t\t\t<div class=\"elementor-widget-container\">\n\t\t\t\t\t\t\t\t\t\t\t\t\t\t\t<img loading=\"lazy\" decoding=\"async\" width=\"500\" height=\"333\" src=\"https:\/\/www.xiangxiangdaily.com\/wp-content\/uploads\/2023\/12\/After-Sales-Services0.webp\" class=\"attachment-large size-large wp-image-99193\" alt=\"After-Sales Services(0)\" srcset=\"https:\/\/www.xiangxiangdaily.com\/wp-content\/uploads\/2023\/12\/After-Sales-Services0.webp 500w, https:\/\/www.xiangxiangdaily.com\/wp-content\/uploads\/2023\/12\/After-Sales-Services0-300x200.webp 300w\" sizes=\"(max-width: 500px) 100vw, 500px\" \/>\t\t\t\t\t\t\t\t\t\t\t\t\t\t\t<\/div>\n\t\t\t\t<\/div>\n\t\t\t\t<div class=\"elementor-element elementor-element-a025783 elementor-widget elementor-widget-heading\" data-id=\"a025783\" data-element_type=\"widget\" data-e-type=\"widget\" data-widget_type=\"heading.default\">\n\t\t\t\t<div class=\"elementor-widget-container\">\n\t\t\t\t\t<h4 class=\"elementor-heading-title elementor-size-default\">Kundendienst<\/h4>\t\t\t\t<\/div>\n\t\t\t\t<\/div>\n\t\t\t\t<div class=\"elementor-element elementor-element-e9709d0 elementor-widget elementor-widget-heading\" data-id=\"e9709d0\" data-element_type=\"widget\" data-e-type=\"widget\" data-widget_type=\"heading.default\">\n\t\t\t\t<div class=\"elementor-widget-container\">\n\t\t\t\t\t<p class=\"elementor-heading-title elementor-size-default\">Unser Team unterst\u00fctzt Sie vor Ort, um die Effizienz und die Behebung von Problemen zu gew\u00e4hrleisten.\n<\/p>\t\t\t\t<\/div>\n\t\t\t\t<\/div>\n\t\t\t\t<\/a>\n\t\t\t\t\t<\/div>\n\t\t\t\t<\/div>\n\t\t\t\t<\/div>\n\t\t","protected":false},"excerpt":{"rendered":"<p>Eine schlanke Lieferkette: Umfassende Dienstleistungen Wir geh\u00f6ren zu den besten Anbietern von Produktion, Vertrieb und einkommenssteigernden Dienstleistungen. Home An Ihrer Seite von der Konzeption bis zum Versand Unser technisches und industrielles Team unterst\u00fctzt Sie bei der Definition Ihres Kosmetikprojekts und sorgt f\u00fcr eine perfekte Kompatibilit\u00e4t zwischen unseren Produkten und Ihrer Idee, was unseren gemeinsamen Erfolg [&hellip;]<\/p>\n","protected":false},"author":1,"featured_media":33429,"parent":0,"menu_order":0,"comment_status":"closed","ping_status":"closed","template":"","meta":{"_acf_changed":false,"footnotes":""},"class_list":["post-33671","page","type-page","status-publish","has-post-thumbnail","hentry"],"acf":[],"_links":{"self":[{"href":"https:\/\/www.xiangxiangdaily.com\/de\/wp-json\/wp\/v2\/pages\/33671","targetHints":{"allow":["GET"]}}],"collection":[{"href":"https:\/\/www.xiangxiangdaily.com\/de\/wp-json\/wp\/v2\/pages"}],"about":[{"href":"https:\/\/www.xiangxiangdaily.com\/de\/wp-json\/wp\/v2\/types\/page"}],"author":[{"embeddable":true,"href":"https:\/\/www.xiangxiangdaily.com\/de\/wp-json\/wp\/v2\/users\/1"}],"replies":[{"embeddable":true,"href":"https:\/\/www.xiangxiangdaily.com\/de\/wp-json\/wp\/v2\/comments?post=33671"}],"version-history":[{"count":0,"href":"https:\/\/www.xiangxiangdaily.com\/de\/wp-json\/wp\/v2\/pages\/33671\/revisions"}],"wp:featuredmedia":[{"embeddable":true,"href":"https:\/\/www.xiangxiangdaily.com\/de\/wp-json\/wp\/v2\/media\/33429"}],"wp:attachment":[{"href":"https:\/\/www.xiangxiangdaily.com\/de\/wp-json\/wp\/v2\/media?parent=33671"}],"curies":[{"name":"wp","href":"https:\/\/api.w.org\/{rel}","templated":true}]}}