{"id":62881,"date":"2022-11-23T12:34:00","date_gmt":"2022-11-23T04:34:00","guid":{"rendered":"https:\/\/www.xiangxiangdaily.com\/terms-conditions\/"},"modified":"2026-04-28T18:12:06","modified_gmt":"2026-04-28T10:12:06","slug":"terms-conditions","status":"publish","type":"page","link":"https:\/\/www.xiangxiangdaily.com\/de\/terms-conditions\/","title":{"rendered":"Bedingungen &amp; Konditionen"},"content":{"rendered":"\t\t<div data-elementor-type=\"wp-page\" data-elementor-id=\"62881\" class=\"elementor elementor-62881 elementor-444\" data-elementor-post-type=\"page\">\n\t\t\t\t<div class=\"elementor-element elementor-element-c663898 e-flex e-con-boxed e-con e-parent\" data-id=\"c663898\" data-element_type=\"container\" data-e-type=\"container\" data-settings=\"{&quot;background_background&quot;:&quot;classic&quot;}\">\n\t\t\t\t\t<div class=\"e-con-inner\">\n\t\t\t\t<div class=\"elementor-element elementor-element-af456e3 elementor-widget elementor-widget-heading\" data-id=\"af456e3\" data-element_type=\"widget\" data-e-type=\"widget\" data-widget_type=\"heading.default\">\n\t\t\t\t<div class=\"elementor-widget-container\">\n\t\t\t\t\t<h1 class=\"elementor-heading-title elementor-size-default\">Allgemeine Gesch\u00e4ftsbedingungen f\u00fcr die Website<\/h1>\t\t\t\t<\/div>\n\t\t\t\t<\/div>\n\t\t\t\t<div class=\"elementor-element elementor-element-28b59da elementor-align-center elementor-widget elementor-widget-breadcrumbs\" data-id=\"28b59da\" data-element_type=\"widget\" data-e-type=\"widget\" data-widget_type=\"breadcrumbs.default\">\n\t\t\t\t<div class=\"elementor-widget-container\">\n\t\t\t\t\t<nav><span class=\"last\">Startseite<\/span><\/nav>\t\t\t\t<\/div>\n\t\t\t\t<\/div>\n\t\t\t\t\t<\/div>\n\t\t\t\t<\/div>\n\t\t<div class=\"elementor-element elementor-element-290ab4f e-flex e-con-boxed e-con e-parent\" data-id=\"290ab4f\" data-element_type=\"container\" data-e-type=\"container\">\n\t\t\t\t\t<div class=\"e-con-inner\">\n\t\t\t\t<div class=\"elementor-element elementor-element-cb1a7f9 elementor-widget elementor-widget-text-editor\" data-id=\"cb1a7f9\" data-element_type=\"widget\" data-e-type=\"widget\" data-widget_type=\"text-editor.default\">\n\t\t\t\t<div class=\"elementor-widget-container\">\n\t\t\t\t\t\t\t\t\t<p>Bedingungen f\u00fcr diese Website werden Begriffe wie \"wir\", \"unser\", \"Lidercare\", \"Xiangxiangdaily\", \"Xiangxiangdaily Group\" usw. verwendet, um sich auf Xiangxiangdaily Schweiz AG und ihre Tochtergesellschaften zu beziehen. Der Verweis auf \"diese Website\" in diesem Dokument bezieht sich auf jede Person, die diese Website <a class=\"link-whisper\" title=\"Kontakt\" href=\"https:\/\/www.xiangxiangdaily.com\/de\/kontakt\/\" target=\"_blank\" rel=\"noopener\" data-wpil-monitor-id=\"536\">kontaktiert<\/a> und\/oder nutzt. <\/p><p>Auf dieser Website beziehen sich Begriffe wie \"wir\", \"unser\", \"Lidercare\", \"Xiangxiangdaily\", \"Xiangxiangdaily Group\" usw. auf Xiangxiangdaily Schweiz AG und ihre Tochtergesellschaften. Der Verweis auf \"diese Website\" in diesem Dokument bezieht sich auf jede Person, die diese Website kontaktiert und\/oder nutzt. <\/p><p>Auf dieser Website werden W\u00f6rter wie \"wir\", \"unser\", \"<span style=\"text-decoration: underline; color: #333333;\"><a style=\"color: #333333; text-decoration: underline;\" href=\"http:\/\/www.lidercare.com\" target=\"_blank\" rel=\"noopener\">Lidercare<\/a><\/span>\", \"Xiangxiangdaily\", \"Xiangxiangdaily Gruppe\" usw. beziehen sich auf Xiangxiangdaily Schweiz Ltd. und ihre Tochtergesellschaften. Der Verweis auf \"diese Website\" in diesem Dokument bezieht sich auf jede Person, die diese Website kontaktiert und\/oder nutzt.<\/p><h2>Website Datenschutzhinweis<\/h2><p>Alle pers\u00f6nlichen Daten oder Informationen, die an diese Website \u00fcbermittelt werden, unterliegen den Datenschutzbestimmungen der Xiangxiang Gruppe. <span style=\"text-decoration: underline; color: #333333;\"><a style=\"color: #333333; text-decoration: underline;\" href=\"https:\/\/www.xiangxiangdaily.com\/de\/privacy-policy\/\">Datenschutzpolitik<\/a><\/span> und dem Schutz der Privatsph\u00e4re und der pers\u00f6nlichen Daten, wie auf dieser Website dargelegt.<\/p><h2>Korrektheit, Vollst\u00e4ndigkeit und Aktualit\u00e4t der Informationen<\/h2><p>Wir \u00fcbernehmen keine Verantwortung f\u00fcr die Richtigkeit und Vollst\u00e4ndigkeit der auf dieser Website enthaltenen Informationen. Wenn Sie sich auf die auf dieser Website enthaltenen Materialien verlassen, geschieht dies auf Ihr eigenes Risiko. Sie erkl\u00e4ren sich damit einverstanden, die Verantwortung f\u00fcr alle \u00c4nderungen oder Aktualisierungen an den Informationen und Materialien auf dieser Website zu \u00fcbernehmen.  <\/p><h2>\u00dcbertragung<\/h2><p>Jede nicht-pers\u00f6nliche Kommunikation oder jedes nicht-pers\u00f6nliche Material, das an die Website \u00fcbermittelt wird, einschlie\u00dflich, aber nicht beschr\u00e4nkt auf Materialien, Fragen, Kommentare, Vorschl\u00e4ge oder \u00e4hnliche Inhalte, wird als nicht-vertraulich und nicht-privat angesehen. Alle von Ihnen an die Website \u00fcbermittelten oder eingestellten Inhalte sind Eigentum der Lidercare Group und k\u00f6nnen f\u00fcr jeden Zweck verwendet werden, einschlie\u00dflich, aber nicht beschr\u00e4nkt auf Vervielf\u00e4ltigung, Offenlegung, \u00dcbertragung, Verteilung, Ausstrahlung und Ver\u00f6ffentlichung. Dar\u00fcber hinaus k\u00f6nnen alle von Ihnen an diese Website \u00fcbermittelten Ideen, Kunstwerke, Inspirationen, Vorschl\u00e4ge oder Konzepte von der Xiangxiang Gruppe f\u00fcr verschiedene Zwecke wie Produktentwicklung, Produktion, Werbung und Marketing verwendet werden.  <\/p><p>Die Xiangxiang Gruppe ist nicht f\u00fcr die Bereitstellung von Informationen im Zusammenhang mit den oben genannten Verwendungen verantwortlich. Indem Sie Informationen zur Verf\u00fcgung stellen, garantieren Sie, dass die von Ihnen zur Verf\u00fcgung gestellten Informationen Ihr Eigentum sind und durch die Nutzung der Informationen durch die Xiangxiang Gruppe keine Rechte Dritter verletzen oder anderweitig gegen geltendes Recht versto\u00dfen werden. Au\u00dferdem ist die Xiangxiang Gruppe nicht verpflichtet, die \u00fcbermittelten Informationen zu verwenden.  <\/p><h2>Rechte an geistigem Eigentum<\/h2><p>XiangxiangDaily Products Ltd. aus der Schweiz ist der eingetragene Markeninhaber. Alle Urheberrechte, Warenzeichen und sonstigen geistigen Eigentumsrechte an den Texten, Bildern und sonstigen Materialien auf dieser Website geh\u00f6ren der XiangxiangDaily Group oder sind vom jeweiligen Eigent\u00fcmer lizenziert. <\/p><p>Sie d\u00fcrfen auf diese Website zugreifen, Ausz\u00fcge (Referenzen) kopieren, sie auf Ihrer Festplatte ausdrucken oder an andere weiterleiten. Sie m\u00fcssen jedoch alle Urheberrechte, andere Eigentumshinweise und Markenvermerke, die auf der Kopie erscheinen, beibehalten. Die Vervielf\u00e4ltigung von Teilen der Website darf weder verkauft oder kommerziell vertrieben noch ver\u00e4ndert oder in andere Werke, Ver\u00f6ffentlichungen oder Websites eingef\u00fcgt werden.  <\/p><p>Die Marken, Logos, Schriftarten und Dienstleistungsmarken (zusammenfassend als \"Marken\" bezeichnet), die auf dieser Website erscheinen, sind Eigentum der XiangxiangDaily Group. Die Verwendung der auf dieser Website erscheinenden Marken oder anderer Inhalte dieser Website ist strengstens untersagt, es sei denn, dies ist in diesen Allgemeinen Gesch\u00e4ftsbedingungen vorgesehen. Bitte beachten Sie auch, dass XiangxiangDaily Group seine Rechte an geistigem Eigentum in vollem Umfang durchsetzen wird, soweit dies gesetzlich zul\u00e4ssig ist.  <\/p><h2>Link zu anderen Websites<\/h2><p>Die Website der XiangxiangDaily Gruppe kann Links zu externen Netzwerken und Systemen enthalten, die nicht unter der Kontrolle von XiangxiangDaily stehen. Wir \u00fcbernehmen keine Garantie f\u00fcr die Richtigkeit, die Funktionalit\u00e4t oder den Inhalt einer externen Website, die von unserer Website aus verlinkt ist. Die Links werden in gutem Glauben angeboten und XiangxiangDaily Group haftet nicht f\u00fcr sp\u00e4tere \u00c4nderungen auf der verlinkten Website. Die Verlinkung zu anderen Websites bedeutet nicht, dass XiangxiangDaily Group diese billigt oder anerkennt. Wir raten Ihnen dringend, die rechtlichen und datenschutzrechtlichen Hinweise jeder externen Website, die Sie besuchen, sorgf\u00e4ltig zu lesen.    <\/p><p>Wenn Sie auf diese Website zugreifen und sie nutzen, tun Sie dies auf Ihr eigenes Risiko.<\/p><h2>Garantie<\/h2><p>XiangxiangDaily \u00fcbernimmt keinerlei Garantien, weder ausdr\u00fccklich noch stillschweigend, gesetzlich oder anderweitig (einschlie\u00dflich stillschweigender Garantien der Marktg\u00e4ngigkeit, zufriedenstellenden Qualit\u00e4t, Eignung f\u00fcr einen bestimmten Zweck), einschlie\u00dflich Garantien oder Zusicherungen, dass die Informationen auf der Website vollst\u00e4ndig, genau, zuverl\u00e4ssig, zeitnah und ohne Verletzung von Rechten Dritter sind, dass der Zugang zu dieser Website ununterbrochen ist oder dass es keine Fehler oder Viren auf der Website gibt. XiangxiangDaily garantiert auch nicht, dass diese Website sicher ist, oder dass Ratschl\u00e4ge oder Informationen, die Sie auf der Website erhalten, richtig oder zuverl\u00e4ssig sind. Jegliche Garantien oder Zusicherungen werden ausdr\u00fccklich abgelehnt.  <\/p><p>Bitte beachten Sie, dass einige Rechtsordnungen den Ausschluss stillschweigender Garantien nicht zulassen, so dass einige dieser Ausschl\u00fcsse m\u00f6glicherweise nicht auf Sie zutreffen. Bitte pr\u00fcfen Sie Ihre \u00f6rtlichen Gesetze. <\/p><p>Wir behalten uns das Recht vor, Ihren Zugang zu dieser Website oder zu bestimmten Funktionen dieser Website jederzeit und ohne Vorank\u00fcndigung einzuschr\u00e4nken, auszusetzen oder zu beenden.<\/p><h2>Gesetzliche Haftung<\/h2><p>Ungeachtet des Grundes und unabh\u00e4ngig davon, ob es sich um Ihre Nutzung, die Unm\u00f6glichkeit der Nutzung oder um \u00c4nderungen an dieser Website oder um den Zugriff auf andere Websites \u00fcber die auf dieser Website bereitgestellten Links oder um Ma\u00dfnahmen handelt, die wir als Reaktion auf an uns gesendete E-Mail-Nachrichten ergriffen oder nicht ergriffen haben, kann die Lidercare Group und\/oder andere an der Erstellung, Produktion oder Darstellung dieser Website beteiligte Parteien nicht f\u00fcr direkte, zuf\u00e4llige, indirekte, besondere oder strafende Sch\u00e4den, Kosten, Verluste oder Verbindlichkeiten haftbar gemacht werden, soweit dies nach geltendem Recht zul\u00e4ssig ist.<\/p><p>Die Lidercare Gruppe und\/oder andere Personen, die an der Erstellung, Produktion oder \u00dcbermittlung dieser Website beteiligt sind, sind nicht f\u00fcr die Pflege und Wartung dieser Website oder f\u00fcr Korrekturen, Aktualisierungen oder Ver\u00f6ffentlichungen im Zusammenhang mit dieser Website verantwortlich. Alle Materialien auf dieser Website k\u00f6nnen ohne vorherige Ank\u00fcndigung ge\u00e4ndert werden. <\/p><p>Dar\u00fcber hinaus ist die Lidercare Gruppe nicht verantwortlich oder haftbar f\u00fcr Sch\u00e4den, die dadurch entstehen, dass Ihre Computerausr\u00fcstung oder sonstiges Eigentum infolge der Nutzung, des Zugriffs oder des Herunterladens von Material von dieser Website mit Viren infiziert wird. Wenn Sie sich entscheiden, Material von dieser Website herunterzuladen, tun Sie dies auf eigenes Risiko. <\/p><p>Bitte beachten Sie, dass einige Gerichtsbarkeiten den Ausschluss oder die Beschr\u00e4nkung der Haftung f\u00fcr beil\u00e4ufig entstandene Sch\u00e4den oder Folgesch\u00e4den nicht zulassen, so dass einige Ausschl\u00fcsse oder Beschr\u00e4nkungen f\u00fcr Sie m\u00f6glicherweise nicht gelten. Bitte pr\u00fcfen Sie Ihre \u00f6rtlichen Gesetze. <\/p><h2>Verbotene Aktivit\u00e4t<\/h2><p>Es ist Ihnen nicht gestattet, sich an Aktivit\u00e4ten zu beteiligen, die Lidercare Group als unangemessen, ungesetzlich oder durch geltendes Recht verboten erachtet, einschlie\u00dflich aber nicht beschr\u00e4nkt auf:<\/p><ul><li>Verletzung der Privatsph\u00e4re oder der gesetzlichen Rechte einer Person, wie z.B. das Hochladen von pers\u00f6nlichen Daten ohne deren Zustimmung.<\/li><li>Diese Website zu nutzen, um die Lidercare Group, ihre Mitarbeiter oder andere in einer Weise zu diffamieren oder zu untergraben, die deren Ruf sch\u00e4digt.<\/li><li>Hochladen einer Datei, die einen Virus enth\u00e4lt, der das Eigentum von Lidercare oder anderen besch\u00e4digt.<\/li><li>Das Einstellen oder \u00dcbertragen von nicht genehmigtem Material auf die Website, einschlie\u00dflich, aber nicht beschr\u00e4nkt auf Material, das sich auf System- oder Cybersicherheitsbedrohungen, Rassismus, Obsz\u00f6nit\u00e4t oder andere illegale Inhalte bezieht, von denen wir glauben, dass sie der Lidercare Group oder Drittunternehmen Schaden zuf\u00fcgen, sie benachteiligen oder verletzen k\u00f6nnten.<\/li><\/ul><p>Sie und Lidercare erkl\u00e4ren sich damit einverstanden, dass alle Streitigkeiten oder Anspr\u00fcche, die sich aus der Nutzung dieser Website ergeben, den Gesetzen der Sonderverwaltungsregion Hongkong unterliegen und der ausschlie\u00dflichen Gerichtsbarkeit der Gerichte der Sonderverwaltungsregion Hongkong unterworfen sind.<\/p><h2>Nutzung der Website<\/h2><ul><li>Diese Website ist nur f\u00fcr Ihren pers\u00f6nlichen Gebrauch bestimmt, und Sie sind nicht berechtigt, sie f\u00fcr kommerzielle Zwecke zu nutzen oder anderen eine solche Genehmigung zu erteilen.<\/li><li>Wir behalten uns das Recht vor, ohne Vorank\u00fcndigung und nach unserem alleinigen Ermessen Material, das auf der Website oder dem Schwarzen Brett angezeigt oder ver\u00f6ffentlicht wird, einseitig zu \u00fcberpr\u00fcfen, zu bearbeiten, zu verschieben oder zu l\u00f6schen.<\/li><li>Sie d\u00fcrfen Materialien, einschlie\u00dflich des Codes und der Software auf der Website, in keiner Weise ver\u00e4ndern, kopieren, zur\u00fccksetzen, nachdrucken, hochladen, posten, \u00fcbertragen oder verteilen.<\/li><li>Sie verpflichten sich, diese Website nicht zu nutzen, um obsz\u00f6nes, verleumderisches, volksverhetzendes, bel\u00e4stigendes, rassistisches oder hasserf\u00fclltes Material zu ver\u00f6ffentlichen, und sie nur in \u00dcbereinstimmung mit dem Gesetz zu nutzen.<\/li><li>Sie sind daf\u00fcr verantwortlich, dass jegliches Material, das Sie auf der Website zur Verf\u00fcgung stellen oder auf dem Schwarzen Brett oder im Forum oder anderswo ver\u00f6ffentlichen, keine Urheberrechte, Markenrechte oder andere pers\u00f6nliche Rechte oder die Rechte Dritter verletzt.<\/li><li>Sie verpflichten sich, die Website und die zugeh\u00f6rige Software, Hardware und\/oder Server nicht zu besch\u00e4digen, zu verdecken, anzugreifen, zu modifizieren oder in irgendeiner Weise zu st\u00f6ren.<\/li><\/ul><p>Die Nichteinhaltung der oben genannten Bedingungen kann zur Aussetzung oder Beendigung Ihres Zugangs zu dieser Website f\u00fchren, mit oder ohne Ank\u00fcndigung zu verschiedenen Zeiten auf der Website.<\/p><h2>Vertraulichkeit und Geheimhaltungsvereinbarung<\/h2><p>Sie erkennen an und erkl\u00e4ren sich damit einverstanden, dass alle vertraulichen Informationen, die von der Lidercare Group zur Verf\u00fcgung gestellt werden, unabh\u00e4ngig davon, ob sie als solche gekennzeichnet sind oder nicht, einschlie\u00dflich, aber nicht beschr\u00e4nkt auf urheberrechtlich gesch\u00fctzte Materialien, Prozesse und Techniken im Zusammenhang mit der \u00dcberpr\u00fcfung und dem Testen zuk\u00fcnftiger Produkt- oder Dienstleistungskonzepte in Online- oder Offline-Umfragen oder -Diskussionen, vertraulich behandelt und nicht offengelegt, kopiert, verwendet oder direkt oder indirekt an Dritte weitergegeben werden.<\/p>\t\t\t\t\t\t\t\t<\/div>\n\t\t\t\t<\/div>\n\t\t\t\t\t<\/div>\n\t\t\t\t<\/div>\n\t\t\t\t<\/div>\n\t\t","protected":false},"excerpt":{"rendered":"<p>Allgemeine Gesch\u00e4ftsbedingungen f\u00fcr die Website Home Bedingungen f\u00fcr diese Website werden Begriffe wie \"wir\", \"unser\", \"Lidercare\", \"Xiangxiangdaily\", \"Xiangxiangdaily Group\" usw. verwendet, um sich auf Xiangxiangdaily Schweiz AG und ihre Tochtergesellschaften zu beziehen. Der Verweis auf \"diese Website\" in diesem Dokument bezieht sich auf jede Person, die diese Website kontaktiert und\/oder nutzt. Auf dieser Website beziehen [&hellip;]<\/p>\n","protected":false},"author":1,"featured_media":0,"parent":0,"menu_order":0,"comment_status":"closed","ping_status":"closed","template":"","meta":{"_acf_changed":false,"footnotes":""},"class_list":["post-62881","page","type-page","status-publish","hentry"],"acf":[],"_links":{"self":[{"href":"https:\/\/www.xiangxiangdaily.com\/de\/wp-json\/wp\/v2\/pages\/62881","targetHints":{"allow":["GET"]}}],"collection":[{"href":"https:\/\/www.xiangxiangdaily.com\/de\/wp-json\/wp\/v2\/pages"}],"about":[{"href":"https:\/\/www.xiangxiangdaily.com\/de\/wp-json\/wp\/v2\/types\/page"}],"author":[{"embeddable":true,"href":"https:\/\/www.xiangxiangdaily.com\/de\/wp-json\/wp\/v2\/users\/1"}],"replies":[{"embeddable":true,"href":"https:\/\/www.xiangxiangdaily.com\/de\/wp-json\/wp\/v2\/comments?post=62881"}],"version-history":[{"count":1,"href":"https:\/\/www.xiangxiangdaily.com\/de\/wp-json\/wp\/v2\/pages\/62881\/revisions"}],"predecessor-version":[{"id":101480,"href":"https:\/\/www.xiangxiangdaily.com\/de\/wp-json\/wp\/v2\/pages\/62881\/revisions\/101480"}],"wp:attachment":[{"href":"https:\/\/www.xiangxiangdaily.com\/de\/wp-json\/wp\/v2\/media?parent=62881"}],"curies":[{"name":"wp","href":"https:\/\/api.w.org\/{rel}","templated":true}]}}