{"id":62886,"date":"2022-03-02T09:54:53","date_gmt":"2022-03-02T01:54:53","guid":{"rendered":"https:\/\/www.xiangxiangdaily.com\/privacy-policy\/"},"modified":"2026-02-28T17:23:59","modified_gmt":"2026-02-28T09:23:59","slug":"privacy-policy","status":"publish","type":"page","link":"https:\/\/www.xiangxiangdaily.com\/de\/privacy-policy\/","title":{"rendered":"Datenschutzbestimmungen"},"content":{"rendered":"\t\t<div data-elementor-type=\"wp-page\" data-elementor-id=\"62886\" class=\"elementor elementor-62886 elementor-1017\" data-elementor-post-type=\"page\">\n\t\t\t\t<div class=\"elementor-element elementor-element-51053e5 e-flex e-con-boxed e-con e-parent\" data-id=\"51053e5\" data-element_type=\"container\" data-e-type=\"container\" data-settings=\"{&quot;background_background&quot;:&quot;classic&quot;}\">\n\t\t\t\t\t<div class=\"e-con-inner\">\n\t\t\t\t<div class=\"elementor-element elementor-element-3754c262 elementor-widget elementor-widget-heading\" data-id=\"3754c262\" data-element_type=\"widget\" data-e-type=\"widget\" data-widget_type=\"heading.default\">\n\t\t\t\t<div class=\"elementor-widget-container\">\n\t\t\t\t\t<h1 class=\"elementor-heading-title elementor-size-default\">  Datenschutzbestimmungen<\/h1>\t\t\t\t<\/div>\n\t\t\t\t<\/div>\n\t\t\t\t<div class=\"elementor-element elementor-element-d43209f elementor-align-center elementor-widget elementor-widget-breadcrumbs\" data-id=\"d43209f\" data-element_type=\"widget\" data-e-type=\"widget\" data-widget_type=\"breadcrumbs.default\">\n\t\t\t\t<div class=\"elementor-widget-container\">\n\t\t\t\t\t<nav><span class=\"last\">Startseite<\/span><\/nav>\t\t\t\t<\/div>\n\t\t\t\t<\/div>\n\t\t\t\t\t<\/div>\n\t\t\t\t<\/div>\n\t\t<div class=\"elementor-element elementor-element-6442494 e-flex e-con-boxed e-con e-parent\" data-id=\"6442494\" data-element_type=\"container\" data-e-type=\"container\">\n\t\t\t\t\t<div class=\"e-con-inner\">\n\t\t\t\t<div class=\"elementor-element elementor-element-91aa2e4 elementor-widget elementor-widget-text-editor\" data-id=\"91aa2e4\" data-element_type=\"widget\" data-e-type=\"widget\" data-widget_type=\"text-editor.default\">\n\t\t\t\t<div class=\"elementor-widget-container\">\n\t\t\t\t\t\t\t\t\t<h2>Datenschutz ist wichtig.<\/h2><p>Wir wissen, dass der Datenschutz heute ein wichtiges Thema ist, und wir m\u00f6chten, dass Sie Ihre Interaktion mit uns genie\u00dfen und dabei wissen, dass wir Ihre pers\u00f6nlichen Daten sch\u00e4tzen und sch\u00fctzen.<\/p><p>Hier finden Sie einen \u00dcberblick dar\u00fcber, wie wir Ihre pers\u00f6nlichen Daten verarbeiten, zu welchen Zwecken wir sie verarbeiten und wie Sie davon profitieren. Sie erfahren auch, welche Rechte Sie haben und wie Sie uns kontaktieren k\u00f6nnen.<\/p><h2>Aktualisierungen dieses Datenschutzhinweises<\/h2><p>Im Zuge der gesch\u00e4ftlichen und technischen Entwicklung kann es sein, dass wir diesen Datenschutzhinweis \u00e4ndern m\u00fcssen. Wir empfehlen Ihnen, diese Datenschutzerkl\u00e4rung regelm\u00e4\u00dfig zu lesen, um sicherzustellen, dass Sie auf dem Laufenden dar\u00fcber sind, wie Lidercare Ihre pers\u00f6nlichen Daten verwendet.<\/p><h2>Unter 13 Jahre alt?<\/h2><p>Wenn Sie unter 13 Jahre alt sind, bitten wir Sie zu warten, bis Sie etwas \u00e4lter sind, um mit uns zu interagieren, oder einen Elternteil oder Erziehungsberechtigten zu bitten, uns <a class=\"link-whisper\" title=\"Kontakt\" href=\"https:\/\/www.xiangxiangdaily.com\/de\/kontakt\/\" target=\"_blank\" rel=\"noopener\" data-wpil-monitor-id=\"534\">zu kontaktieren<\/a>! Wir k\u00f6nnen Ihre pers\u00f6nlichen Daten nicht ohne ihre Zustimmung sammeln und verwenden.<\/p><h2>Warum verarbeiten wir Ihre pers\u00f6nlichen Daten?<\/h2><p>Wir verarbeiten Ihre personenbezogenen Daten, einschlie\u00dflich sensibler personenbezogener Daten, die Sie uns mit Ihrem Einverst\u00e4ndnis zur Verf\u00fcgung gestellt haben, um mit Ihnen zu kommunizieren, Ihre Bestellungen zu erf\u00fcllen, Ihre Anfragen zu beantworten und Sie mit Informationen \u00fcber Lidercare und unsere Produkte zu versorgen. Wir verarbeiten Ihre personenbezogenen Daten auch, um uns bei der Einhaltung von Gesetzen zu unterst\u00fctzen, um relevante Teile unseres Unternehmens zu verkaufen oder zu \u00fcbertragen, um unsere Systeme und Finanzen zu verwalten, um Untersuchungen durchzuf\u00fchren und um gesetzliche Rechte auszu\u00fcben. Wir kombinieren Ihre pers\u00f6nlichen Daten aus allen Quellen, damit wir Sie besser verstehen und Ihre Erfahrungen bei der Interaktion mit uns verbessern und personalisieren k\u00f6nnen.<\/p><h2>Wer kann auf Ihre pers\u00f6nlichen Daten zugreifen und warum?<\/h2><p>Wir beschr\u00e4nken die Weitergabe Ihrer pers\u00f6nlichen Daten an andere, m\u00fcssen Ihre pers\u00f6nlichen Daten jedoch in bestimmten F\u00e4llen und haupts\u00e4chlich an die folgenden Empf\u00e4nger weitergeben:<\/p><p>Unternehmen innerhalb der Lidercare-Gruppe, sofern dies f\u00fcr unsere legitimen Interessen oder mit Ihrer Zustimmung erforderlich ist;<\/p><p>Dritte, die von uns beauftragt wurden, Dienstleistungen zu erbringen, wie z.B. die Verwaltung von Lidercare-Websites, -Anwendungen und -Dienstleistungen (z.B. Funktionen, Programme und Werbeaktionen), die Ihnen zur Verf\u00fcgung stehen, vorbehaltlich entsprechender Schutzma\u00dfnahmen;<\/p><p>Auskunfteien\/Schuldeneintreiber, soweit dies gesetzlich zul\u00e4ssig ist und wenn wir Ihre Kreditw\u00fcrdigkeit \u00fcberpr\u00fcfen m\u00fcssen (z.B. wenn Sie sich f\u00fcr eine Bestellung mit Rechnung entscheiden) oder ausstehende Rechnungen einziehen m\u00fcssen; und zust\u00e4ndige \u00f6ffentliche Stellen und Beh\u00f6rden, wenn dies gesetzlich vorgeschrieben ist oder ein berechtigtes Gesch\u00e4ftsinteresse besteht.<\/p><h2>Datensicherheit und Aufbewahrung<\/h2><p>Wir ergreifen eine Reihe von Ma\u00dfnahmen, um Ihre pers\u00f6nlichen Daten vertraulich und sicher zu halten, einschlie\u00dflich der Beschr\u00e4nkung des Zugriffs auf Ihre pers\u00f6nlichen Daten auf der Grundlage der Notwendigkeit, sie zu kennen, und der Einhaltung angemessener Sicherheitsstandards zum Schutz Ihrer Daten.<\/p><p>Wir ergreifen alle angemessenen Ma\u00dfnahmen, um sicherzustellen, dass Ihre personenbezogenen Daten nur f\u00fcr den Mindestzeitraum verarbeitet werden, der im Zusammenhang mit der Verarbeitung erforderlich ist: (i) die in dieser Datenschutzerkl\u00e4rung dargelegten Zwecke; (ii) zus\u00e4tzliche Zwecke, die Ihnen zum oder vor dem Zeitpunkt der Erhebung der relevanten personenbezogenen Daten oder dem Beginn der relevanten Verarbeitung mitgeteilt wurden; oder (iii) soweit dies nach geltendem Recht erforderlich oder zul\u00e4ssig ist; und danach f\u00fcr die Dauer der geltenden Verj\u00e4hrungsfrist. Kurz gesagt, sobald Ihre pers\u00f6nlichen Daten nicht mehr ben\u00f6tigt werden, werden wir sie auf sichere Weise vernichten oder l\u00f6schen.<\/p><h2>Kontaktieren Sie uns<\/h2><p>Lidercare handelt als \"Verantwortlicher\" f\u00fcr Ihre pers\u00f6nlichen Daten, die im Rahmen oder in Verbindung mit dieser Datenschutzerkl\u00e4rung verarbeitet werden. Wenn Sie Fragen oder Anmerkungen zu diesem Datenschutzhinweis oder zur Erhebung und Verarbeitung personenbezogener Daten durch Lidercare haben, wenden Sie sich bitte an uns oder senden Sie uns eine E-Mail an Lidercare@hotmail.com oder per Post an:<br> Raum 221, Geb\u00e4ude B, 22 Jianpeng Road, Helong Street, Guangzhou, Guangdong, China<\/p>\t\t\t\t\t\t\t\t<\/div>\n\t\t\t\t<\/div>\n\t\t\t\t\t<\/div>\n\t\t\t\t<\/div>\n\t\t\t\t<\/div>\n\t\t","protected":false},"excerpt":{"rendered":"<p>Datenschutzbestimmungen Home Datenschutz ist wichtig. Wir wissen, dass der Datenschutz heute ein wichtiges Thema ist, und wir m\u00f6chten, dass Sie Ihre Interaktion mit uns genie\u00dfen und dabei wissen, dass wir Ihre pers\u00f6nlichen Daten sch\u00e4tzen und sch\u00fctzen. Hier finden Sie einen \u00dcberblick dar\u00fcber, wie wir Ihre pers\u00f6nlichen Daten verarbeiten, zu welchen Zwecken wir sie verarbeiten und [&hellip;]<\/p>\n","protected":false},"author":1,"featured_media":0,"parent":0,"menu_order":0,"comment_status":"closed","ping_status":"closed","template":"","meta":{"_acf_changed":false,"footnotes":""},"class_list":["post-62886","page","type-page","status-publish","hentry"],"acf":[],"_links":{"self":[{"href":"https:\/\/www.xiangxiangdaily.com\/de\/wp-json\/wp\/v2\/pages\/62886","targetHints":{"allow":["GET"]}}],"collection":[{"href":"https:\/\/www.xiangxiangdaily.com\/de\/wp-json\/wp\/v2\/pages"}],"about":[{"href":"https:\/\/www.xiangxiangdaily.com\/de\/wp-json\/wp\/v2\/types\/page"}],"author":[{"embeddable":true,"href":"https:\/\/www.xiangxiangdaily.com\/de\/wp-json\/wp\/v2\/users\/1"}],"replies":[{"embeddable":true,"href":"https:\/\/www.xiangxiangdaily.com\/de\/wp-json\/wp\/v2\/comments?post=62886"}],"version-history":[{"count":0,"href":"https:\/\/www.xiangxiangdaily.com\/de\/wp-json\/wp\/v2\/pages\/62886\/revisions"}],"wp:attachment":[{"href":"https:\/\/www.xiangxiangdaily.com\/de\/wp-json\/wp\/v2\/media?parent=62886"}],"curies":[{"name":"wp","href":"https:\/\/api.w.org\/{rel}","templated":true}]}}