{"id":19203,"date":"2023-12-09T10:09:23","date_gmt":"2023-12-09T02:09:23","guid":{"rendered":"https:\/\/www.xiangxiangdaily.com\/salon-de-belleza-spa\/"},"modified":"2026-04-28T18:17:29","modified_gmt":"2026-04-28T10:17:29","slug":"salon-de-belleza-spa","status":"publish","type":"page","link":"https:\/\/www.xiangxiangdaily.com\/es\/salon-de-belleza-spa\/","title":{"rendered":"Sal\u00f3n de belleza y spa"},"content":{"rendered":"\t\t<div data-elementor-type=\"wp-page\" data-elementor-id=\"19203\" class=\"elementor elementor-19203 elementor-9933\" data-elementor-post-type=\"page\">\n\t\t\t\t<div class=\"elementor-element elementor-element-3f866b89 e-flex e-con-boxed e-con e-parent\" data-id=\"3f866b89\" data-element_type=\"container\" data-e-type=\"container\" data-settings=\"{&quot;background_background&quot;:&quot;classic&quot;}\">\n\t\t\t\t\t<div class=\"e-con-inner\">\n\t\t\t\t<div class=\"elementor-element elementor-element-1d734e5b elementor-widget elementor-widget-heading\" data-id=\"1d734e5b\" data-element_type=\"widget\" data-e-type=\"widget\" data-widget_type=\"heading.default\">\n\t\t\t\t<div class=\"elementor-widget-container\">\n\t\t\t\t\t<h1 class=\"elementor-heading-title elementor-size-default\">Bauty salon &amp; spa slution<\/h1>\t\t\t\t<\/div>\n\t\t\t\t<\/div>\n\t\t\t\t<div class=\"elementor-element elementor-element-38a0c3f elementor-widget elementor-widget-text-editor\" data-id=\"38a0c3f\" data-element_type=\"widget\" data-e-type=\"widget\" data-widget_type=\"text-editor.default\">\n\t\t\t\t<div class=\"elementor-widget-container\">\n\t\t\t\t\t\t\t\t\t<p>Nuestros productos est\u00e1n dise\u00f1ados para ser eficaces, seguros y asequibles, ayudando a los salones de belleza y spas a ofrecer la mejor experiencia a sus clientes.<\/p>\t\t\t\t\t\t\t\t<\/div>\n\t\t\t\t<\/div>\n\t\t\t\t<div class=\"elementor-element elementor-element-25315c0 elementor-widget elementor-widget-breadcrumbs\" data-id=\"25315c0\" data-element_type=\"widget\" data-e-type=\"widget\" data-widget_type=\"breadcrumbs.default\">\n\t\t\t\t<div class=\"elementor-widget-container\">\n\t\t\t\t\t<nav><span class=\"last\">Inicio<\/span><\/nav>\t\t\t\t<\/div>\n\t\t\t\t<\/div>\n\t\t\t\t\t<\/div>\n\t\t\t\t<\/div>\n\t\t<div class=\"elementor-element elementor-element-c4728be e-flex e-con-boxed e-con e-parent\" data-id=\"c4728be\" data-element_type=\"container\" data-e-type=\"container\" data-settings=\"{&quot;background_background&quot;:&quot;classic&quot;}\">\n\t\t\t\t\t<div class=\"e-con-inner\">\n\t\t<div class=\"elementor-element elementor-element-f624669 e-flex e-con-boxed e-con e-child\" data-id=\"f624669\" data-element_type=\"container\" data-e-type=\"container\">\n\t\t\t\t\t<div class=\"e-con-inner\">\n\t\t\t\t<div class=\"elementor-element elementor-element-c1146ca elementor-widget elementor-widget-heading\" data-id=\"c1146ca\" data-element_type=\"widget\" data-e-type=\"widget\" data-widget_type=\"heading.default\">\n\t\t\t\t<div class=\"elementor-widget-container\">\n\t\t\t\t\t<div class=\"elementor-heading-title elementor-size-default\">3000+ Proveedor de marcas de belleza<\/div>\t\t\t\t<\/div>\n\t\t\t\t<\/div>\n\t\t\t\t<div class=\"elementor-element elementor-element-90cc8e6 elementor-widget elementor-widget-heading\" data-id=\"90cc8e6\" data-element_type=\"widget\" data-e-type=\"widget\" data-widget_type=\"heading.default\">\n\t\t\t\t<div class=\"elementor-widget-container\">\n\t\t\t\t\t<h2 class=\"elementor-heading-title elementor-size-default\">Impulsa Tu Negocio De Sal\u00f3n De Belleza Al Menor Coste<\/h2>\t\t\t\t<\/div>\n\t\t\t\t<\/div>\n\t\t\t\t<div class=\"elementor-element elementor-element-7ba5504 elementor-widget elementor-widget-text-editor\" data-id=\"7ba5504\" data-element_type=\"widget\" data-e-type=\"widget\" data-widget_type=\"text-editor.default\">\n\t\t\t\t<div class=\"elementor-widget-container\">\n\t\t\t\t\t\t\t\t\t<p>Somos uno de los principales fabricantes de productos para el cuidado del cabello, y nuestros productos gozan de la confianza de salones de todo el mundo. Ofrecemos una amplia gama de productos para satisfacer las necesidades de todos sus clientes, y tambi\u00e9n formulaciones personalizadas para crear el producto perfecto para su sal\u00f3n.<\/p>\t\t\t\t\t\t\t\t<\/div>\n\t\t\t\t<\/div>\n\t\t\t\t<div class=\"elementor-element elementor-element-ccf37ef elementor-widget elementor-widget-button\" data-id=\"ccf37ef\" data-element_type=\"widget\" data-e-type=\"widget\" data-widget_type=\"button.default\">\n\t\t\t\t<div class=\"elementor-widget-container\">\n\t\t\t\t\t\t\t\t\t<div class=\"elementor-button-wrapper\">\n\t\t\t\t\t<a class=\"elementor-button elementor-button-link elementor-size-sm\" href=\"#elementor-action%3Aaction%3Dpopup%3Aopen%26settings%3DeyJpZCI6ODQ4NDMsInRvZ2dsZSI6ZmFsc2V9\">\n\t\t\t\t\t\t<span class=\"elementor-button-content-wrapper\">\n\t\t\t\t\t\t\t\t\t<span class=\"elementor-button-text\">Hable de su proyecto<\/span>\n\t\t\t\t\t<\/span>\n\t\t\t\t\t<\/a>\n\t\t\t\t<\/div>\n\t\t\t\t\t\t\t\t<\/div>\n\t\t\t\t<\/div>\n\t\t\t\t\t<\/div>\n\t\t\t\t<\/div>\n\t\t<div class=\"elementor-element elementor-element-64a1b2a e-flex e-con-boxed e-con e-child\" data-id=\"64a1b2a\" data-element_type=\"container\" data-e-type=\"container\">\n\t\t\t\t\t<div class=\"e-con-inner\">\n\t\t\t\t<div class=\"elementor-element elementor-element-b02fb33 elementor-widget elementor-widget-image\" data-id=\"b02fb33\" data-element_type=\"widget\" data-e-type=\"widget\" data-widget_type=\"image.default\">\n\t\t\t\t<div class=\"elementor-widget-container\">\n\t\t\t\t\t\t\t\t\t\t\t\t\t\t\t<img fetchpriority=\"high\" decoding=\"async\" width=\"500\" height=\"353\" src=\"https:\/\/www.xiangxiangdaily.com\/wp-content\/uploads\/2024\/01\/Beauty-Salon-Product-Manufacturer.webp\" class=\"attachment-large size-large wp-image-12192\" alt=\"Fabricantes de productos de belleza\" srcset=\"https:\/\/www.xiangxiangdaily.com\/wp-content\/uploads\/2024\/01\/Beauty-Salon-Product-Manufacturer.webp 500w, https:\/\/www.xiangxiangdaily.com\/wp-content\/uploads\/2024\/01\/Beauty-Salon-Product-Manufacturer-300x212.webp 300w\" sizes=\"(max-width: 500px) 100vw, 500px\" \/>\t\t\t\t\t\t\t\t\t\t\t\t\t\t\t<\/div>\n\t\t\t\t<\/div>\n\t\t\t\t\t<\/div>\n\t\t\t\t<\/div>\n\t\t\t\t\t<\/div>\n\t\t\t\t<\/div>\n\t\t<div class=\"elementor-element elementor-element-5d6aead e-flex e-con-boxed e-con e-parent\" data-id=\"5d6aead\" data-element_type=\"container\" data-e-type=\"container\">\n\t\t\t\t\t<div class=\"e-con-inner\">\n\t\t\t\t<div class=\"elementor-element elementor-element-1893d67 elementor-widget elementor-widget-heading\" data-id=\"1893d67\" data-element_type=\"widget\" data-e-type=\"widget\" data-widget_type=\"heading.default\">\n\t\t\t\t<div class=\"elementor-widget-container\">\n\t\t\t\t\t<h2 class=\"elementor-heading-title elementor-size-default\">Los mejores productos para el cuidado del cabello<\/h2>\t\t\t\t<\/div>\n\t\t\t\t<\/div>\n\t\t\t\t<div class=\"elementor-element elementor-element-7bec875 elementor-widget elementor-widget-text-editor\" data-id=\"7bec875\" data-element_type=\"widget\" data-e-type=\"widget\" data-widget_type=\"text-editor.default\">\n\t\t\t\t<div class=\"elementor-widget-container\">\n\t\t\t\t\t\t\t\t\t<p>En el competitivo mercado actual, los salones de belleza deben ofrecer productos de alta calidad para destacar entre la competencia. Nuestros <a href=\"https:\/\/www.xiangxiangdaily.com\/es\/categoria-de-producto\/cuidado-del-cabello\/\">productos para el cuidado del cabello<\/a> est\u00e1n elaborados con los mejores ingredientes y formulaciones, y son efectivos para todo tipo de cabello.<\/p>\t\t\t\t\t\t\t\t<\/div>\n\t\t\t\t<\/div>\n\t\t\t\t<div class=\"elementor-element elementor-element-5a4b824 elementor-widget-divider--view-line elementor-widget elementor-widget-divider\" data-id=\"5a4b824\" data-element_type=\"widget\" data-e-type=\"widget\" data-widget_type=\"divider.default\">\n\t\t\t\t<div class=\"elementor-widget-container\">\n\t\t\t\t\t\t\t<div class=\"elementor-divider\">\n\t\t\t<span class=\"elementor-divider-separator\">\n\t\t\t\t\t\t<\/span>\n\t\t<\/div>\n\t\t\t\t\t\t<\/div>\n\t\t\t\t<\/div>\n\t\t\t\t<div class=\"elementor-element elementor-element-8569e17 elementor-widget elementor-widget-text-editor\" data-id=\"8569e17\" data-element_type=\"widget\" data-e-type=\"widget\" data-widget_type=\"text-editor.default\">\n\t\t\t\t<div class=\"elementor-widget-container\">\n\t\t\t\t\t\t\t\t\t<p>Como <a class=\"link-whisper\" title=\"Cuidado corporal Fabricante\" href=\"https:\/\/www.xiangxiangdaily.com\/es\/body-care-manufacturer-2\/\" target=\"_blank\" rel=\"noopener\" data-wpil-monitor-id=\"99\">fabricante l\u00edder de productos para el cuidado personal<\/a>, estamos especializados en ofrecer champ\u00fas, acondicionadores y otras soluciones de alta calidad para el cuidado del cabello para salones de belleza, spas y otros negocios de belleza profesional. Entendemos que cada sal\u00f3n tiene su propia identidad, clientela y normas de servicio. Por eso ofrecemos <strong>el desarrollo de productos personalizados<\/strong>, para asegurarnos de que obtienes exactamente lo que necesitas para destacar en un mercado competitivo.<\/p><h3>1. Formulaciones a medida<\/h3><p>Tus clientes conf\u00edan en que les ofrezcas lo mejor, y nosotros te ayudamos a conseguirlo creando productos espec\u00edficamente adaptados a sus necesidades. Tanto si buscas champ\u00fas sin sulfatos, acondicionadores nutritivos o f\u00f3rmulas org\u00e1nicas, trabajamos contigo para desarrollar <strong>f\u00f3rmulas personalizadas<\/strong> que se ajusten a los valores de tu marca y a las preferencias de tus clientes.<\/p><p>Nuestro equipo de expertos colabora contigo para determinar los ingredientes, aromas, texturas y envases que mejor reflejen la imagen de tu sal\u00f3n y satisfagan las necesidades de tus clientes. Desde el volumen y la textura del cabello de tus clientes hasta las tendencias estacionales en cuidado capilar, nos aseguramos de que nuestros productos se adapten perfectamente a tu negocio.<\/p><h3>2. Etiquetado privado y marca<\/h3><p>No nos limitamos a la formulaci\u00f3n. Ofrecemos <strong>servicios de etiquetado privado<\/strong> para que tu sal\u00f3n o spa tenga su propia l\u00ednea de productos para el cuidado del cabello. Con el nombre y el logotipo de tu marca en las botellas, creas una experiencia de cliente m\u00e1s personalizada y fomentas la fidelidad a la marca.<\/p><p>Nuestro equipo de dise\u00f1o puede ayudarte a crear un logotipo o a actualizar tu envase para darle un aspecto fresco y moderno que capte la esencia de tu negocio. Esto no s\u00f3lo mejora tu imagen de marca, sino que tambi\u00e9n abre una fuente de ingresos adicional al vender tus productos exclusivos en tu sal\u00f3n.<\/p><h3>3. Flexibilidad en los pedidos y el embalaje<\/h3><p>Comprendemos las necesidades de las empresas, grandes y peque\u00f1as. Tanto si eres un sal\u00f3n boutique como una gran cadena, te ofrecemos opciones de pedido flexibles que se adaptan a tu tama\u00f1o y demanda. Nuestras soluciones de envasado tambi\u00e9n son personalizables para adaptarse a tu est\u00e9tica, tanto si prefieres envases ecol\u00f3gicos, botellas de primera calidad u opciones de suministro a granel.<\/p><h3>4. Experiencia en el sector y \u00e9xito probado<\/h3><p>Con a\u00f1os de experiencia en la industria <a class=\"link-whisper\" title=\"Los 5 principales fabricantes de productos para el cuidado de la piel en China\" href=\"https:\/\/www.xiangxiangdaily.com\/es\/fabricantes-de-productos-para-el-cuidado-de-la-piel\/\" target=\"_blank\" rel=\"noopener\" data-wpil-monitor-id=\"1525\">de fabricaci\u00f3n de productos de cuidado personal<\/a>, hemos trabajado con una amplia gama de empresas de belleza. Nuestro <strong>historial de \u00e9xitos<\/strong> abarca desde spas de lujo hasta salones de gran volumen, cada uno con retos y expectativas \u00fanicos.<\/p><p>Nuestro amplio conocimiento del sector garantiza que nos mantengamos a la vanguardia de las tendencias y las normativas, suministrando productos que no s\u00f3lo son eficaces, sino tambi\u00e9n seguros y conformes con las normas del sector. Hemos ayudado con \u00e9xito a salones de m\u00faltiples mercados a elevar su oferta de servicios y aumentar la satisfacci\u00f3n del cliente con productos de cuidado del cabello a medida.<\/p><h3>5. Enfoque colaborativo<\/h3><p>Nos consideramos no s\u00f3lo un proveedor, sino un <strong>socio estrat\u00e9gico<\/strong> para tu \u00e9xito. Nuestro proceso comienza con la comprensi\u00f3n de tus objetivos empresariales espec\u00edficos y las preferencias de tus clientes. A partir de ah\u00ed, colaboramos estrechamente durante todo el proceso de desarrollo, garantizando que el producto final cumpla exactamente tus especificaciones.<\/p><p>Valoramos las relaciones a largo plazo y nos comprometemos a proporcionar apoyo continuo. Tanto si necesitas ajustar una formulaci\u00f3n, introducir nuevos productos o aumentar la producci\u00f3n, estamos aqu\u00ed para ayudarte a hacer crecer tu negocio en cada paso del camino.<\/p>\t\t\t\t\t\t\t\t<\/div>\n\t\t\t\t<\/div>\n\t\t\t\t\t<\/div>\n\t\t\t\t<\/div>\n\t\t\t\t<\/div>\n\t\t","protected":false},"excerpt":{"rendered":"<p>Bauty salon &amp; spa slution Nuestros productos est\u00e1n dise\u00f1ados para ser eficaces, seguros y asequibles, ayudando a los salones de belleza y spas a ofrecer la mejor experiencia a sus clientes. Home 3000+ Proveedor de marcas de belleza Impulsa Tu Negocio De Sal\u00f3n De Belleza Al Menor Coste Somos uno de los principales fabricantes de [&hellip;]<\/p>\n","protected":false},"author":1,"featured_media":13311,"parent":0,"menu_order":0,"comment_status":"closed","ping_status":"closed","template":"elementor_theme","meta":{"_acf_changed":false,"footnotes":""},"class_list":["post-19203","page","type-page","status-publish","has-post-thumbnail","hentry"],"acf":[],"_links":{"self":[{"href":"https:\/\/www.xiangxiangdaily.com\/es\/wp-json\/wp\/v2\/pages\/19203","targetHints":{"allow":["GET"]}}],"collection":[{"href":"https:\/\/www.xiangxiangdaily.com\/es\/wp-json\/wp\/v2\/pages"}],"about":[{"href":"https:\/\/www.xiangxiangdaily.com\/es\/wp-json\/wp\/v2\/types\/page"}],"author":[{"embeddable":true,"href":"https:\/\/www.xiangxiangdaily.com\/es\/wp-json\/wp\/v2\/users\/1"}],"replies":[{"embeddable":true,"href":"https:\/\/www.xiangxiangdaily.com\/es\/wp-json\/wp\/v2\/comments?post=19203"}],"version-history":[{"count":2,"href":"https:\/\/www.xiangxiangdaily.com\/es\/wp-json\/wp\/v2\/pages\/19203\/revisions"}],"predecessor-version":[{"id":101662,"href":"https:\/\/www.xiangxiangdaily.com\/es\/wp-json\/wp\/v2\/pages\/19203\/revisions\/101662"}],"wp:featuredmedia":[{"embeddable":true,"href":"https:\/\/www.xiangxiangdaily.com\/es\/wp-json\/wp\/v2\/media\/13311"}],"wp:attachment":[{"href":"https:\/\/www.xiangxiangdaily.com\/es\/wp-json\/wp\/v2\/media?parent=19203"}],"curies":[{"name":"wp","href":"https:\/\/api.w.org\/{rel}","templated":true}]}}