{"id":19230,"date":"2023-01-13T14:14:13","date_gmt":"2023-01-13T06:14:13","guid":{"rendered":"https:\/\/www.xiangxiangdaily.com\/blogs\/"},"modified":"2026-04-07T17:12:52","modified_gmt":"2026-04-07T09:12:52","slug":"blogs","status":"publish","type":"page","link":"https:\/\/www.xiangxiangdaily.com\/es\/blogs\/","title":{"rendered":"Blogs"},"content":{"rendered":"\t\t<div data-elementor-type=\"wp-page\" data-elementor-id=\"19230\" class=\"elementor elementor-19230 elementor-3646\" data-elementor-post-type=\"page\">\n\t\t\t\t<div class=\"elementor-element elementor-element-819521e e-flex e-con-boxed e-con e-parent\" data-id=\"819521e\" data-element_type=\"container\" data-e-type=\"container\">\n\t\t\t\t\t<div class=\"e-con-inner\">\n\t\t\t\t<div class=\"elementor-element elementor-element-975c5c6 elementor-widget elementor-widget-heading\" data-id=\"975c5c6\" data-element_type=\"widget\" data-e-type=\"widget\" data-widget_type=\"heading.default\">\n\t\t\t\t<div class=\"elementor-widget-container\">\n\t\t\t\t\t<h1 class=\"elementor-heading-title elementor-size-default\">Blogs<\/h1>\t\t\t\t<\/div>\n\t\t\t\t<\/div>\n\t\t\t\t<div class=\"elementor-element elementor-element-649766b elementor-grid-3 elementor-grid-tablet-2 elementor-grid-mobile-1 elementor-posts--thumbnail-top elementor-widget elementor-widget-posts\" data-id=\"649766b\" data-element_type=\"widget\" data-e-type=\"widget\" data-settings=\"{&quot;pagination_type&quot;:&quot;numbers_and_prev_next&quot;,&quot;classic_columns&quot;:&quot;3&quot;,&quot;classic_columns_tablet&quot;:&quot;2&quot;,&quot;classic_columns_mobile&quot;:&quot;1&quot;,&quot;classic_row_gap&quot;:{&quot;unit&quot;:&quot;px&quot;,&quot;size&quot;:35,&quot;sizes&quot;:[]},&quot;classic_row_gap_laptop&quot;:{&quot;unit&quot;:&quot;px&quot;,&quot;size&quot;:&quot;&quot;,&quot;sizes&quot;:[]},&quot;classic_row_gap_tablet&quot;:{&quot;unit&quot;:&quot;px&quot;,&quot;size&quot;:&quot;&quot;,&quot;sizes&quot;:[]},&quot;classic_row_gap_mobile&quot;:{&quot;unit&quot;:&quot;px&quot;,&quot;size&quot;:&quot;&quot;,&quot;sizes&quot;:[]}}\" data-widget_type=\"posts.classic\">\n\t\t\t\t<div class=\"elementor-widget-container\">\n\t\t\t\t\t\t\t<div class=\"elementor-posts-container elementor-posts elementor-posts--skin-classic elementor-grid\" role=\"list\">\r\n\t\t\t\t<article class=\"elementor-post elementor-grid-item post-91792 post type-post status-publish format-standard has-post-thumbnail hentry category-nuevo\" role=\"listitem\">\r\n\t\t\t\t<a class=\"elementor-post__thumbnail__link\" href=\"https:\/\/www.xiangxiangdaily.com\/es\/pdrn-face-cream-oem-odm-guide-for-brands\/\" tabindex=\"-1\" >\r\n\t\t\t<div class=\"elementor-post__thumbnail\"><img fetchpriority=\"high\" decoding=\"async\" width=\"300\" height=\"200\" src=\"https:\/\/www.xiangxiangdaily.com\/wp-content\/uploads\/2026\/02\/ChatGPT-Image-2026\u5e742\u67085\u65e5-18_05_30-300x200.png\" class=\"attachment-medium size-medium wp-image-91764\" alt=\"\" srcset=\"https:\/\/www.xiangxiangdaily.com\/wp-content\/uploads\/2026\/02\/ChatGPT-Image-2026\u5e742\u67085\u65e5-18_05_30-300x200.png 300w, https:\/\/www.xiangxiangdaily.com\/wp-content\/uploads\/2026\/02\/ChatGPT-Image-2026\u5e742\u67085\u65e5-18_05_30-1024x683.png 1024w, https:\/\/www.xiangxiangdaily.com\/wp-content\/uploads\/2026\/02\/ChatGPT-Image-2026\u5e742\u67085\u65e5-18_05_30-768x512.png 768w, https:\/\/www.xiangxiangdaily.com\/wp-content\/uploads\/2026\/02\/ChatGPT-Image-2026\u5e742\u67085\u65e5-18_05_30-600x400.png 600w, https:\/\/www.xiangxiangdaily.com\/wp-content\/uploads\/2026\/02\/ChatGPT-Image-2026\u5e742\u67085\u65e5-18_05_30.png 1536w\" sizes=\"(max-width: 300px) 100vw, 300px\" \/><\/div>\r\n\t\t<\/a>\r\n\t\t\t\t<div class=\"elementor-post__text\">\r\n\t\t\t\t<h3 class=\"elementor-post__title\">\r\n\t\t\t<a href=\"https:\/\/www.xiangxiangdaily.com\/es\/pdrn-face-cream-oem-odm-guide-for-brands\/\" >\r\n\t\t\t\tCrema facial PDRN Gu\u00eda OEM\/ODM para marcas\t\t\t<\/a>\r\n\t\t<\/h3>\r\n\t\t\t\t<div class=\"elementor-post__meta-data\">\r\n\t\t\t\t\t<span class=\"elementor-post-date\">\r\n\t\t\t5 de febrero de 2026\t\t<\/span>\r\n\t\t\t\t<span class=\"elementor-post-avatar\">\r\n\t\t\tNo hay comentarios\t\t<\/span>\r\n\t\t\t\t<\/div>\r\n\t\t\t\t<div class=\"elementor-post__excerpt\">\r\n\t\t\t<p>Gu\u00eda OEM\/ODM de crema facial PDRN para marcas: formulaci\u00f3n, envasado y lista de comprobaci\u00f3n de proveedores. Descubre por qu\u00e9 Xiangxiang Daily es un socio fabricante de confianza. <\/p>\n\t\t<\/div>\r\n\t\t\r\n\t\t<a class=\"elementor-post__read-more\" href=\"https:\/\/www.xiangxiangdaily.com\/es\/pdrn-face-cream-oem-odm-guide-for-brands\/\" aria-label=\"Read more about Crema facial PDRN Gu\u00eda OEM\/ODM para marcas\" tabindex=\"-1\" >\r\n\t\t\tSigue leyendo \"\t\t<\/a>\r\n\r\n\t\t\t\t<\/div>\r\n\t\t\t\t<\/article>\r\n\t\t\t\t<article class=\"elementor-post elementor-grid-item post-91627 post type-post status-publish format-standard has-post-thumbnail hentry category-nuevo\" role=\"listitem\">\r\n\t\t\t\t<a class=\"elementor-post__thumbnail__link\" href=\"https:\/\/www.xiangxiangdaily.com\/es\/how-to-choose-a-soap-bar-oem-factory\/\" tabindex=\"-1\" >\r\n\t\t\t<div class=\"elementor-post__thumbnail\"><img decoding=\"async\" width=\"300\" height=\"200\" src=\"https:\/\/www.xiangxiangdaily.com\/wp-content\/uploads\/2026\/02\/ChatGPT-Image-2026\u5e742\u67084\u65e5-11_32_46-1-300x200.png\" class=\"attachment-medium size-medium wp-image-91601\" alt=\"\" srcset=\"https:\/\/www.xiangxiangdaily.com\/wp-content\/uploads\/2026\/02\/ChatGPT-Image-2026\u5e742\u67084\u65e5-11_32_46-1-300x200.png 300w, https:\/\/www.xiangxiangdaily.com\/wp-content\/uploads\/2026\/02\/ChatGPT-Image-2026\u5e742\u67084\u65e5-11_32_46-1-768x512.png 768w, https:\/\/www.xiangxiangdaily.com\/wp-content\/uploads\/2026\/02\/ChatGPT-Image-2026\u5e742\u67084\u65e5-11_32_46-1-600x400.png 600w, https:\/\/www.xiangxiangdaily.com\/wp-content\/uploads\/2026\/02\/ChatGPT-Image-2026\u5e742\u67084\u65e5-11_32_46-1.png 800w\" sizes=\"(max-width: 300px) 100vw, 300px\" \/><\/div>\r\n\t\t<\/a>\r\n\t\t\t\t<div class=\"elementor-post__text\">\r\n\t\t\t\t<h3 class=\"elementor-post__title\">\r\n\t\t\t<a href=\"https:\/\/www.xiangxiangdaily.com\/es\/how-to-choose-a-soap-bar-oem-factory\/\" >\r\n\t\t\t\tC\u00f3mo elegir una f\u00e1brica OEM de pastillas de jab\u00f3n\t\t\t<\/a>\r\n\t\t<\/h3>\r\n\t\t\t\t<div class=\"elementor-post__meta-data\">\r\n\t\t\t\t\t<span class=\"elementor-post-date\">\r\n\t\t\t4 de febrero de 2026\t\t<\/span>\r\n\t\t\t\t<span class=\"elementor-post-avatar\">\r\n\t\t\tNo hay comentarios\t\t<\/span>\r\n\t\t\t\t<\/div>\r\n\t\t\t\t<div class=\"elementor-post__excerpt\">\r\n\t\t\t<p>Aprende a elegir una f\u00e1brica OEM de pastillas de jab\u00f3n para tu marca, qu\u00e9 comprobar en los proveedores y por qu\u00e9 Xiangxiang Daily es un socio OEM\/ODM de confianza.<\/p>\n\t\t<\/div>\r\n\t\t\r\n\t\t<a class=\"elementor-post__read-more\" href=\"https:\/\/www.xiangxiangdaily.com\/es\/how-to-choose-a-soap-bar-oem-factory\/\" aria-label=\"Read more about C\u00f3mo elegir una f\u00e1brica OEM de pastillas de jab\u00f3n\" tabindex=\"-1\" >\r\n\t\t\tSigue leyendo \"\t\t<\/a>\r\n\r\n\t\t\t\t<\/div>\r\n\t\t\t\t<\/article>\r\n\t\t\t\t<article class=\"elementor-post elementor-grid-item post-91285 post type-post status-publish format-standard has-post-thumbnail hentry category-nuevo\" role=\"listitem\">\r\n\t\t\t\t<a class=\"elementor-post__thumbnail__link\" href=\"https:\/\/www.xiangxiangdaily.com\/es\/how-to-choose-a-hair-care-manufacturer\/\" tabindex=\"-1\" >\r\n\t\t\t<div class=\"elementor-post__thumbnail\"><img decoding=\"async\" width=\"300\" height=\"200\" src=\"https:\/\/www.xiangxiangdaily.com\/wp-content\/uploads\/2026\/02\/ChatGPT-Image-2026\u5e742\u67082\u65e5-15_05_52-1-300x200.png\" class=\"attachment-medium size-medium wp-image-91261\" alt=\"\" srcset=\"https:\/\/www.xiangxiangdaily.com\/wp-content\/uploads\/2026\/02\/ChatGPT-Image-2026\u5e742\u67082\u65e5-15_05_52-1-300x200.png 300w, https:\/\/www.xiangxiangdaily.com\/wp-content\/uploads\/2026\/02\/ChatGPT-Image-2026\u5e742\u67082\u65e5-15_05_52-1-768x512.png 768w, https:\/\/www.xiangxiangdaily.com\/wp-content\/uploads\/2026\/02\/ChatGPT-Image-2026\u5e742\u67082\u65e5-15_05_52-1-600x400.png 600w, https:\/\/www.xiangxiangdaily.com\/wp-content\/uploads\/2026\/02\/ChatGPT-Image-2026\u5e742\u67082\u65e5-15_05_52-1.png 800w\" sizes=\"(max-width: 300px) 100vw, 300px\" \/><\/div>\r\n\t\t<\/a>\r\n\t\t\t\t<div class=\"elementor-post__text\">\r\n\t\t\t\t<h3 class=\"elementor-post__title\">\r\n\t\t\t<a href=\"https:\/\/www.xiangxiangdaily.com\/es\/how-to-choose-a-hair-care-manufacturer\/\" >\r\n\t\t\t\tC\u00f3mo elegir un fabricante de productos capilares\t\t\t<\/a>\r\n\t\t<\/h3>\r\n\t\t\t\t<div class=\"elementor-post__meta-data\">\r\n\t\t\t\t\t<span class=\"elementor-post-date\">\r\n\t\t\t2 de febrero de 2026\t\t<\/span>\r\n\t\t\t\t<span class=\"elementor-post-avatar\">\r\n\t\t\tNo hay comentarios\t\t<\/span>\r\n\t\t\t\t<\/div>\r\n\t\t\t\t<div class=\"elementor-post__excerpt\">\r\n\t\t\t<p>Aprende a elegir el fabricante de productos para el cuidado del cabello adecuado para tu marca y descubre por qu\u00e9 Xiangxiang Daily es un socio OEM\/ODM de confianza para los mercados mundiales.<\/p>\n\t\t<\/div>\r\n\t\t\r\n\t\t<a class=\"elementor-post__read-more\" href=\"https:\/\/www.xiangxiangdaily.com\/es\/how-to-choose-a-hair-care-manufacturer\/\" aria-label=\"Read more about C\u00f3mo elegir un fabricante de productos capilares\" tabindex=\"-1\" >\r\n\t\t\tSigue leyendo \"\t\t<\/a>\r\n\r\n\t\t\t\t<\/div>\r\n\t\t\t\t<\/article>\r\n\t\t\t\t<article class=\"elementor-post elementor-grid-item post-91188 post type-post status-publish format-standard has-post-thumbnail hentry category-nuevo\" role=\"listitem\">\r\n\t\t\t\t<a class=\"elementor-post__thumbnail__link\" href=\"https:\/\/www.xiangxiangdaily.com\/es\/leading-facial-serum-suppliers-for-your-brand\/\" tabindex=\"-1\" >\r\n\t\t\t<div class=\"elementor-post__thumbnail\"><img loading=\"lazy\" decoding=\"async\" width=\"300\" height=\"200\" src=\"https:\/\/www.xiangxiangdaily.com\/wp-content\/uploads\/2026\/01\/ChatGPT-Image-2026\u5e741\u670830\u65e5-15_23_43-1-300x200.png\" class=\"attachment-medium size-medium wp-image-91160\" alt=\"\" srcset=\"https:\/\/www.xiangxiangdaily.com\/wp-content\/uploads\/2026\/01\/ChatGPT-Image-2026\u5e741\u670830\u65e5-15_23_43-1-300x200.png 300w, https:\/\/www.xiangxiangdaily.com\/wp-content\/uploads\/2026\/01\/ChatGPT-Image-2026\u5e741\u670830\u65e5-15_23_43-1-768x512.png 768w, https:\/\/www.xiangxiangdaily.com\/wp-content\/uploads\/2026\/01\/ChatGPT-Image-2026\u5e741\u670830\u65e5-15_23_43-1-600x400.png 600w, https:\/\/www.xiangxiangdaily.com\/wp-content\/uploads\/2026\/01\/ChatGPT-Image-2026\u5e741\u670830\u65e5-15_23_43-1.png 800w\" sizes=\"(max-width: 300px) 100vw, 300px\" \/><\/div>\r\n\t\t<\/a>\r\n\t\t\t\t<div class=\"elementor-post__text\">\r\n\t\t\t\t<h3 class=\"elementor-post__title\">\r\n\t\t\t<a href=\"https:\/\/www.xiangxiangdaily.com\/es\/leading-facial-serum-suppliers-for-your-brand\/\" >\r\n\t\t\t\tProveedores l\u00edderes de sueros faciales para tu marca\t\t\t<\/a>\r\n\t\t<\/h3>\r\n\t\t\t\t<div class=\"elementor-post__meta-data\">\r\n\t\t\t\t\t<span class=\"elementor-post-date\">\r\n\t\t\t30 de enero de 2026\t\t<\/span>\r\n\t\t\t\t<span class=\"elementor-post-avatar\">\r\n\t\t\tNo hay comentarios\t\t<\/span>\r\n\t\t\t\t<\/div>\r\n\t\t\t\t<div class=\"elementor-post__excerpt\">\r\n\t\t\t<p>\"Descubre los mejores proveedores de suero facial para tu marca blanca. Aprende qu\u00e9 debes tener en cuenta al elegir un proveedor y por qu\u00e9 destaca Xiangxiang Daily.\"<\/p>\n\t\t<\/div>\r\n\t\t\r\n\t\t<a class=\"elementor-post__read-more\" href=\"https:\/\/www.xiangxiangdaily.com\/es\/leading-facial-serum-suppliers-for-your-brand\/\" aria-label=\"Read more about Proveedores l\u00edderes de sueros faciales para tu marca\" tabindex=\"-1\" >\r\n\t\t\tSigue leyendo \"\t\t<\/a>\r\n\r\n\t\t\t\t<\/div>\r\n\t\t\t\t<\/article>\r\n\t\t\t\t<article class=\"elementor-post elementor-grid-item post-91100 post type-post status-publish format-standard has-post-thumbnail hentry category-nuevo\" role=\"listitem\">\r\n\t\t\t\t<a class=\"elementor-post__thumbnail__link\" href=\"https:\/\/www.xiangxiangdaily.com\/es\/top-10-skin-care-product-suppliers-in-malaysia\/\" tabindex=\"-1\" >\r\n\t\t\t<div class=\"elementor-post__thumbnail\"><img loading=\"lazy\" decoding=\"async\" width=\"300\" height=\"200\" src=\"https:\/\/www.xiangxiangdaily.com\/wp-content\/uploads\/2026\/01\/Top-10-Skin-Care-Product-Suppliers-in-Malaysia-300x200.jpg\" class=\"attachment-medium size-medium wp-image-91117\" alt=\"Los 10 principales proveedores de productos para el cuidado de la piel en Malasia\" srcset=\"https:\/\/www.xiangxiangdaily.com\/wp-content\/uploads\/2026\/01\/Top-10-Skin-Care-Product-Suppliers-in-Malaysia-300x200.jpg 300w, https:\/\/www.xiangxiangdaily.com\/wp-content\/uploads\/2026\/01\/Top-10-Skin-Care-Product-Suppliers-in-Malaysia-768x512.jpg 768w, https:\/\/www.xiangxiangdaily.com\/wp-content\/uploads\/2026\/01\/Top-10-Skin-Care-Product-Suppliers-in-Malaysia-600x400.jpg 600w, https:\/\/www.xiangxiangdaily.com\/wp-content\/uploads\/2026\/01\/Top-10-Skin-Care-Product-Suppliers-in-Malaysia.jpg 800w\" sizes=\"(max-width: 300px) 100vw, 300px\" \/><\/div>\r\n\t\t<\/a>\r\n\t\t\t\t<div class=\"elementor-post__text\">\r\n\t\t\t\t<h3 class=\"elementor-post__title\">\r\n\t\t\t<a href=\"https:\/\/www.xiangxiangdaily.com\/es\/top-10-skin-care-product-suppliers-in-malaysia\/\" >\r\n\t\t\t\tLos 10 mejores proveedores de productos para el cuidado de la piel en Malasia\t\t\t<\/a>\r\n\t\t<\/h3>\r\n\t\t\t\t<div class=\"elementor-post__meta-data\">\r\n\t\t\t\t\t<span class=\"elementor-post-date\">\r\n\t\t\t14 de enero de 2026\t\t<\/span>\r\n\t\t\t\t<span class=\"elementor-post-avatar\">\r\n\t\t\tNo hay comentarios\t\t<\/span>\r\n\t\t\t\t<\/div>\r\n\t\t\t\t<div class=\"elementor-post__excerpt\">\r\n\t\t\t<p>Los 10 principales proveedores de productos para el cuidado de la piel en Malasia. Descubre fabricantes OEM de confianza y de uso limitado, liderados por Xiangxiang Daily, para marcas de belleza globales. <\/p>\n\t\t<\/div>\r\n\t\t\r\n\t\t<a class=\"elementor-post__read-more\" href=\"https:\/\/www.xiangxiangdaily.com\/es\/top-10-skin-care-product-suppliers-in-malaysia\/\" aria-label=\"Read more about Los 10 mejores proveedores de productos para el cuidado de la piel en Malasia\" tabindex=\"-1\" >\r\n\t\t\tSigue leyendo \"\t\t<\/a>\r\n\r\n\t\t\t\t<\/div>\r\n\t\t\t\t<\/article>\r\n\t\t\t\t<article class=\"elementor-post elementor-grid-item post-90940 post type-post status-publish format-standard has-post-thumbnail hentry category-nuevo\" role=\"listitem\">\r\n\t\t\t\t<a class=\"elementor-post__thumbnail__link\" href=\"https:\/\/www.xiangxiangdaily.com\/es\/how-to-build-your-own-skincare-brand-in-2026\/\" tabindex=\"-1\" >\r\n\t\t\t<div class=\"elementor-post__thumbnail\"><img loading=\"lazy\" decoding=\"async\" width=\"300\" height=\"200\" src=\"https:\/\/www.xiangxiangdaily.com\/wp-content\/uploads\/2025\/12\/Skincare-brand-development-guide-300x200.jpg\" class=\"attachment-medium size-medium wp-image-90918\" alt=\"\" srcset=\"https:\/\/www.xiangxiangdaily.com\/wp-content\/uploads\/2025\/12\/Skincare-brand-development-guide-300x200.jpg 300w, https:\/\/www.xiangxiangdaily.com\/wp-content\/uploads\/2025\/12\/Skincare-brand-development-guide-768x512.jpg 768w, https:\/\/www.xiangxiangdaily.com\/wp-content\/uploads\/2025\/12\/Skincare-brand-development-guide-600x400.jpg 600w, https:\/\/www.xiangxiangdaily.com\/wp-content\/uploads\/2025\/12\/Skincare-brand-development-guide.jpg 800w\" sizes=\"(max-width: 300px) 100vw, 300px\" \/><\/div>\r\n\t\t<\/a>\r\n\t\t\t\t<div class=\"elementor-post__text\">\r\n\t\t\t\t<h3 class=\"elementor-post__title\">\r\n\t\t\t<a href=\"https:\/\/www.xiangxiangdaily.com\/es\/how-to-build-your-own-skincare-brand-in-2026\/\" >\r\n\t\t\t\tC\u00f3mo crear tu propia marca de cuidado de la piel en 2026\t\t\t<\/a>\r\n\t\t<\/h3>\r\n\t\t\t\t<div class=\"elementor-post__meta-data\">\r\n\t\t\t\t\t<span class=\"elementor-post-date\">\r\n\t\t\t17 de diciembre de 2025\t\t<\/span>\r\n\t\t\t\t<span class=\"elementor-post-avatar\">\r\n\t\t\tNo hay comentarios\t\t<\/span>\r\n\t\t\t\t<\/div>\r\n\t\t\t\t<div class=\"elementor-post__excerpt\">\r\n\t\t\t<p>Una gu\u00eda profesional 2026 que abarca la creaci\u00f3n de marcas de cuidado de la piel, el desarrollo de productos, el envasado, el cumplimiento, la fabricaci\u00f3n y la estrategia de salida al mercado.<\/p>\n\t\t<\/div>\r\n\t\t\r\n\t\t<a class=\"elementor-post__read-more\" href=\"https:\/\/www.xiangxiangdaily.com\/es\/how-to-build-your-own-skincare-brand-in-2026\/\" aria-label=\"Read more about C\u00f3mo crear tu propia marca de cuidado de la piel en 2026\" tabindex=\"-1\" >\r\n\t\t\tSigue leyendo \"\t\t<\/a>\r\n\r\n\t\t\t\t<\/div>\r\n\t\t\t\t<\/article>\r\n\t\t\t\t<article class=\"elementor-post elementor-grid-item post-90895 post type-post status-publish format-standard has-post-thumbnail hentry category-nuevo\" role=\"listitem\">\r\n\t\t\t\t<a class=\"elementor-post__thumbnail__link\" href=\"https:\/\/www.xiangxiangdaily.com\/es\/cambodian-shampoo-packaging-and-design-features\/\" tabindex=\"-1\" >\r\n\t\t\t<div class=\"elementor-post__thumbnail\"><img loading=\"lazy\" decoding=\"async\" width=\"300\" height=\"200\" src=\"https:\/\/www.xiangxiangdaily.com\/wp-content\/uploads\/2025\/12\/Natural-Inspired-Design-Trends-in-Cambodia-Shampoo-300x200.jpg\" class=\"attachment-medium size-medium wp-image-90874\" alt=\"Tendencias de dise\u00f1o de inspiraci\u00f3n natural en el champ\u00fa de Camboya\" srcset=\"https:\/\/www.xiangxiangdaily.com\/wp-content\/uploads\/2025\/12\/Natural-Inspired-Design-Trends-in-Cambodia-Shampoo-300x200.jpg 300w, https:\/\/www.xiangxiangdaily.com\/wp-content\/uploads\/2025\/12\/Natural-Inspired-Design-Trends-in-Cambodia-Shampoo-768x512.jpg 768w, https:\/\/www.xiangxiangdaily.com\/wp-content\/uploads\/2025\/12\/Natural-Inspired-Design-Trends-in-Cambodia-Shampoo-600x400.jpg 600w, https:\/\/www.xiangxiangdaily.com\/wp-content\/uploads\/2025\/12\/Natural-Inspired-Design-Trends-in-Cambodia-Shampoo.jpg 800w\" sizes=\"(max-width: 300px) 100vw, 300px\" \/><\/div>\r\n\t\t<\/a>\r\n\t\t\t\t<div class=\"elementor-post__text\">\r\n\t\t\t\t<h3 class=\"elementor-post__title\">\r\n\t\t\t<a href=\"https:\/\/www.xiangxiangdaily.com\/es\/cambodian-shampoo-packaging-and-design-features\/\" >\r\n\t\t\t\tCaracter\u00edsticas del dise\u00f1o y envasado del champ\u00fa camboyano\t\t\t<\/a>\r\n\t\t<\/h3>\r\n\t\t\t\t<div class=\"elementor-post__meta-data\">\r\n\t\t\t\t\t<span class=\"elementor-post-date\">\r\n\t\t\t10 de diciembre de 2025\t\t<\/span>\r\n\t\t\t\t<span class=\"elementor-post-avatar\">\r\n\t\t\tNo hay comentarios\t\t<\/span>\r\n\t\t\t\t<\/div>\r\n\t\t\t\t<div class=\"elementor-post__excerpt\">\r\n\t\t\t<p>Una mirada en profundidad al envasado del champ\u00fa camboyano, desde las normas de etiquetado jemer hasta los elementos visuales culturales, los colores y las tendencias ecol\u00f3gicas que conforman el dise\u00f1o del cuidado del cabello.<\/p>\n\t\t<\/div>\r\n\t\t\r\n\t\t<a class=\"elementor-post__read-more\" href=\"https:\/\/www.xiangxiangdaily.com\/es\/cambodian-shampoo-packaging-and-design-features\/\" aria-label=\"Read more about Caracter\u00edsticas del dise\u00f1o y envasado del champ\u00fa camboyano\" tabindex=\"-1\" >\r\n\t\t\tSigue leyendo \"\t\t<\/a>\r\n\r\n\t\t\t\t<\/div>\r\n\t\t\t\t<\/article>\r\n\t\t\t\t<article class=\"elementor-post elementor-grid-item post-90845 post type-post status-publish format-standard has-post-thumbnail hentry category-nuevo\" role=\"listitem\">\r\n\t\t\t\t<a class=\"elementor-post__thumbnail__link\" href=\"https:\/\/www.xiangxiangdaily.com\/es\/nigeria-hair-care-market-size-growth-and-trends\/\" tabindex=\"-1\" >\r\n\t\t\t<div class=\"elementor-post__thumbnail\"><img loading=\"lazy\" decoding=\"async\" width=\"300\" height=\"200\" src=\"https:\/\/www.xiangxiangdaily.com\/wp-content\/uploads\/2025\/11\/Nigeria-Hair-Care-Opportunities-for-New-Brands-300x200.jpg\" class=\"attachment-medium size-medium wp-image-90831\" alt=\"Oportunidades de cuidado del cabello en Nigeria para nuevas marcas\" srcset=\"https:\/\/www.xiangxiangdaily.com\/wp-content\/uploads\/2025\/11\/Nigeria-Hair-Care-Opportunities-for-New-Brands-300x200.jpg 300w, https:\/\/www.xiangxiangdaily.com\/wp-content\/uploads\/2025\/11\/Nigeria-Hair-Care-Opportunities-for-New-Brands-768x512.jpg 768w, https:\/\/www.xiangxiangdaily.com\/wp-content\/uploads\/2025\/11\/Nigeria-Hair-Care-Opportunities-for-New-Brands-600x400.jpg 600w, https:\/\/www.xiangxiangdaily.com\/wp-content\/uploads\/2025\/11\/Nigeria-Hair-Care-Opportunities-for-New-Brands.jpg 800w\" sizes=\"(max-width: 300px) 100vw, 300px\" \/><\/div>\r\n\t\t<\/a>\r\n\t\t\t\t<div class=\"elementor-post__text\">\r\n\t\t\t\t<h3 class=\"elementor-post__title\">\r\n\t\t\t<a href=\"https:\/\/www.xiangxiangdaily.com\/es\/nigeria-hair-care-market-size-growth-and-trends\/\" >\r\n\t\t\t\tCrecimiento y tendencias del mercado del cuidado del cabello en Nigeria\t\t\t<\/a>\r\n\t\t<\/h3>\r\n\t\t\t\t<div class=\"elementor-post__meta-data\">\r\n\t\t\t\t\t<span class=\"elementor-post-date\">\r\n\t\t\t25 de noviembre de 2025\t\t<\/span>\r\n\t\t\t\t<span class=\"elementor-post-avatar\">\r\n\t\t\tNo hay comentarios\t\t<\/span>\r\n\t\t\t\t<\/div>\r\n\t\t\t\t<div class=\"elementor-post__excerpt\">\r\n\t\t\t<p>Un an\u00e1lisis actualizado del mercado nigeriano del cuidado del cabello, que abarca el tama\u00f1o, los factores de crecimiento, las tendencias de consumo, los canales, la competencia, la regulaci\u00f3n y las principales oportunidades para las marcas.<\/p>\n\t\t<\/div>\r\n\t\t\r\n\t\t<a class=\"elementor-post__read-more\" href=\"https:\/\/www.xiangxiangdaily.com\/es\/nigeria-hair-care-market-size-growth-and-trends\/\" aria-label=\"Read more about Crecimiento y tendencias del mercado del cuidado del cabello en Nigeria\" tabindex=\"-1\" >\r\n\t\t\tSigue leyendo \"\t\t<\/a>\r\n\r\n\t\t\t\t<\/div>\r\n\t\t\t\t<\/article>\r\n\t\t\t\t<article class=\"elementor-post elementor-grid-item post-90802 post type-post status-publish format-standard has-post-thumbnail hentry category-nuevo\" role=\"listitem\">\r\n\t\t\t\t<a class=\"elementor-post__thumbnail__link\" href=\"https:\/\/www.xiangxiangdaily.com\/es\/how-much-budget-you-need-to-start-a-skincare-brand\/\" tabindex=\"-1\" >\r\n\t\t\t<div class=\"elementor-post__thumbnail\"><img loading=\"lazy\" decoding=\"async\" width=\"300\" height=\"200\" src=\"https:\/\/www.xiangxiangdaily.com\/wp-content\/uploads\/2025\/11\/Startup-Costs-for-Launching-Your-Own-Skincare-Line-300x200.jpg\" class=\"attachment-medium size-medium wp-image-90781\" alt=\"Costes iniciales para lanzar tu propia l\u00ednea de cuidado de la piel\" srcset=\"https:\/\/www.xiangxiangdaily.com\/wp-content\/uploads\/2025\/11\/Startup-Costs-for-Launching-Your-Own-Skincare-Line-300x200.jpg 300w, https:\/\/www.xiangxiangdaily.com\/wp-content\/uploads\/2025\/11\/Startup-Costs-for-Launching-Your-Own-Skincare-Line-768x512.jpg 768w, https:\/\/www.xiangxiangdaily.com\/wp-content\/uploads\/2025\/11\/Startup-Costs-for-Launching-Your-Own-Skincare-Line-600x400.jpg 600w, https:\/\/www.xiangxiangdaily.com\/wp-content\/uploads\/2025\/11\/Startup-Costs-for-Launching-Your-Own-Skincare-Line.jpg 800w\" sizes=\"(max-width: 300px) 100vw, 300px\" \/><\/div>\r\n\t\t<\/a>\r\n\t\t\t\t<div class=\"elementor-post__text\">\r\n\t\t\t\t<h3 class=\"elementor-post__title\">\r\n\t\t\t<a href=\"https:\/\/www.xiangxiangdaily.com\/es\/how-much-budget-you-need-to-start-a-skincare-brand\/\" >\r\n\t\t\t\t\u00bfCu\u00e1nto presupuesto necesitas para crear una marca de cuidado de la piel?\t\t\t<\/a>\r\n\t\t<\/h3>\r\n\t\t\t\t<div class=\"elementor-post__meta-data\">\r\n\t\t\t\t\t<span class=\"elementor-post-date\">\r\n\t\t\t17 de noviembre de 2025\t\t<\/span>\r\n\t\t\t\t<span class=\"elementor-post-avatar\">\r\n\t\t\tNo hay comentarios\t\t<\/span>\r\n\t\t\t\t<\/div>\r\n\t\t\t\t<div class=\"elementor-post__excerpt\">\r\n\t\t\t<p>Averigua el coste real de iniciar una l\u00ednea de cuidado de la piel, incluyendo f\u00f3rmulas, MOQ, envasado, pruebas, marca y aspectos esenciales de marketing.<\/p>\n\t\t<\/div>\r\n\t\t\r\n\t\t<a class=\"elementor-post__read-more\" href=\"https:\/\/www.xiangxiangdaily.com\/es\/how-much-budget-you-need-to-start-a-skincare-brand\/\" aria-label=\"Read more about \u00bfCu\u00e1nto presupuesto necesitas para crear una marca de cuidado de la piel?\" tabindex=\"-1\" >\r\n\t\t\tSigue leyendo \"\t\t<\/a>\r\n\r\n\t\t\t\t<\/div>\r\n\t\t\t\t<\/article>\r\n\t\t\t\t<\/div>\r\n\t\t\r\n\t\t\t\t<div class=\"e-load-more-anchor\" data-page=\"1\" data-max-page=\"21\" data-next-page=\"https:\/\/www.xiangxiangdaily.com\/es\/wp-json\/wp\/v2\/pages\/19230\/page\/2\/\"><\/div>\r\n\t\t\t\t<nav class=\"elementor-pagination\" aria-label=\"Pagination\">\r\n\t\t\t<span class=\"page-numbers prev\">\" Anterior<\/span>\n<span aria-current=\"page\" class=\"page-numbers current\"><span class=\"elementor-screen-only\">P\u00e1gina<\/span>1<\/span>\n<a class=\"page-numbers\" href=\"https:\/\/www.xiangxiangdaily.com\/es\/wp-json\/wp\/v2\/pages\/19230\/page\/2\/\"><span class=\"elementor-screen-only\">P\u00e1gina<\/span>2<\/a>\n<a class=\"page-numbers\" href=\"https:\/\/www.xiangxiangdaily.com\/es\/wp-json\/wp\/v2\/pages\/19230\/page\/3\/\"><span class=\"elementor-screen-only\">P\u00e1gina<\/span>3<\/a>\n<a class=\"page-numbers\" href=\"https:\/\/www.xiangxiangdaily.com\/es\/wp-json\/wp\/v2\/pages\/19230\/page\/4\/\"><span class=\"elementor-screen-only\">P\u00e1gina<\/span>4<\/a>\n<a class=\"page-numbers\" href=\"https:\/\/www.xiangxiangdaily.com\/es\/wp-json\/wp\/v2\/pages\/19230\/page\/5\/\"><span class=\"elementor-screen-only\">P\u00e1gina<\/span>5<\/a>\n<a class=\"page-numbers next\" href=\"https:\/\/www.xiangxiangdaily.com\/es\/wp-json\/wp\/v2\/pages\/19230\/page\/2\/\">Siguiente \"<\/a>\t\t<\/nav>\r\n\t\t\t\t\t\t<\/div>\n\t\t\t\t<\/div>\n\t\t\t\t\t<\/div>\n\t\t\t\t<\/div>\n\t\t\t\t<\/div>\n\t\t","protected":false},"excerpt":{"rendered":"<p>Te mantenemos al d\u00eda de las \u00faltimas tendencias, noticias y novedades del sector para que siempre vayas un paso por delante.<\/p>\n","protected":false},"author":1,"featured_media":0,"parent":0,"menu_order":0,"comment_status":"closed","ping_status":"closed","template":"elementor_theme","meta":{"_acf_changed":false,"footnotes":""},"class_list":["post-19230","page","type-page","status-publish","hentry"],"acf":[],"_links":{"self":[{"href":"https:\/\/www.xiangxiangdaily.com\/es\/wp-json\/wp\/v2\/pages\/19230","targetHints":{"allow":["GET"]}}],"collection":[{"href":"https:\/\/www.xiangxiangdaily.com\/es\/wp-json\/wp\/v2\/pages"}],"about":[{"href":"https:\/\/www.xiangxiangdaily.com\/es\/wp-json\/wp\/v2\/types\/page"}],"author":[{"embeddable":true,"href":"https:\/\/www.xiangxiangdaily.com\/es\/wp-json\/wp\/v2\/users\/1"}],"replies":[{"embeddable":true,"href":"https:\/\/www.xiangxiangdaily.com\/es\/wp-json\/wp\/v2\/comments?post=19230"}],"version-history":[{"count":0,"href":"https:\/\/www.xiangxiangdaily.com\/es\/wp-json\/wp\/v2\/pages\/19230\/revisions"}],"wp:attachment":[{"href":"https:\/\/www.xiangxiangdaily.com\/es\/wp-json\/wp\/v2\/media?parent=19230"}],"curies":[{"name":"wp","href":"https:\/\/api.w.org\/{rel}","templated":true}]}}