{"id":19284,"date":"2023-12-09T09:53:29","date_gmt":"2023-12-09T01:53:29","guid":{"rendered":"https:\/\/www.xiangxiangdaily.com\/emprendedores-startups\/"},"modified":"2026-01-31T09:47:16","modified_gmt":"2026-01-31T01:47:16","slug":"emprendedores-startups","status":"publish","type":"page","link":"https:\/\/www.xiangxiangdaily.com\/es\/emprendedores-startups\/","title":{"rendered":"Emprendedores y Startups"},"content":{"rendered":"\t\t<div data-elementor-type=\"wp-page\" data-elementor-id=\"19284\" class=\"elementor elementor-19284 elementor-9924\" data-elementor-post-type=\"page\">\n\t\t\t\t<div class=\"elementor-element elementor-element-66eab8d6 e-flex e-con-boxed e-con e-parent\" data-id=\"66eab8d6\" data-element_type=\"container\" data-e-type=\"container\" data-settings=\"{&quot;background_background&quot;:&quot;classic&quot;}\">\n\t\t\t\t\t<div class=\"e-con-inner\">\n\t\t\t\t<div class=\"elementor-element elementor-element-4f07bcb3 elementor-widget elementor-widget-heading\" data-id=\"4f07bcb3\" data-element_type=\"widget\" data-e-type=\"widget\" data-widget_type=\"heading.default\">\n\t\t\t\t<div class=\"elementor-widget-container\">\n\t\t\t\t\t<h1 class=\"elementor-heading-title elementor-size-default\">Emprendedores y Startups<\/h1>\t\t\t\t<\/div>\n\t\t\t\t<\/div>\n\t\t\t\t<div class=\"elementor-element elementor-element-49d8ff13 elementor-widget elementor-widget-heading\" data-id=\"49d8ff13\" data-element_type=\"widget\" data-e-type=\"widget\" data-widget_type=\"heading.default\">\n\t\t\t\t<div class=\"elementor-widget-container\">\n\t\t\t\t\t<p class=\"elementor-heading-title elementor-size-default\">Nos apasiona ayudar a emprendedores y startups a alcanzar sus sue\u00f1os. Creemos que todo el mundo merece la oportunidad de crear una marca de cuidado personal de \u00e9xito.<\/p>\t\t\t\t<\/div>\n\t\t\t\t<\/div>\n\t\t\t\t<div class=\"elementor-element elementor-element-7b0c04c elementor-widget elementor-widget-breadcrumbs\" data-id=\"7b0c04c\" data-element_type=\"widget\" data-e-type=\"widget\" data-widget_type=\"breadcrumbs.default\">\n\t\t\t\t<div class=\"elementor-widget-container\">\n\t\t\t\t\t<nav><span class=\"last\">Inicio<\/span><\/nav>\t\t\t\t<\/div>\n\t\t\t\t<\/div>\n\t\t\t\t\t<\/div>\n\t\t\t\t<\/div>\n\t\t<div class=\"elementor-element elementor-element-471bbf2 e-flex e-con-boxed e-con e-parent\" data-id=\"471bbf2\" data-element_type=\"container\" data-e-type=\"container\">\n\t\t\t\t\t<div class=\"e-con-inner\">\n\t\t\t\t<div class=\"elementor-element elementor-element-0f6e7a6 elementor-widget elementor-widget-text-editor\" data-id=\"0f6e7a6\" data-element_type=\"widget\" data-e-type=\"widget\" data-widget_type=\"text-editor.default\">\n\t\t\t\t<div class=\"elementor-widget-container\">\n\t\t\t\t\t\t\t\t\t<p><img fetchpriority=\"high\" decoding=\"async\" class=\"alignnone wp-image-36425 size-full\" src=\"https:\/\/www.xiangxiangdaily.com\/wp-content\/uploads\/2024\/09\/Rosemary-Strengthening-Hair-Masque-4.webp\" alt=\"Mascarilla capilar fortalecedora de romero (4)\" width=\"800\" height=\"800\" srcset=\"https:\/\/www.xiangxiangdaily.com\/wp-content\/uploads\/2024\/09\/Rosemary-Strengthening-Hair-Masque-4.webp 800w, https:\/\/www.xiangxiangdaily.com\/wp-content\/uploads\/2024\/09\/Rosemary-Strengthening-Hair-Masque-4-300x300.webp 300w, https:\/\/www.xiangxiangdaily.com\/wp-content\/uploads\/2024\/09\/Rosemary-Strengthening-Hair-Masque-4-600x600.webp 600w, https:\/\/www.xiangxiangdaily.com\/wp-content\/uploads\/2024\/09\/Rosemary-Strengthening-Hair-Masque-4-500x500.webp 500w, https:\/\/www.xiangxiangdaily.com\/wp-content\/uploads\/2024\/09\/Rosemary-Strengthening-Hair-Masque-4-150x150.webp 150w, https:\/\/www.xiangxiangdaily.com\/wp-content\/uploads\/2024\/09\/Rosemary-Strengthening-Hair-Masque-4-768x768.webp 768w\" sizes=\"(max-width: 800px) 100vw, 800px\" \/><\/p>\n<p>En el competitivo sector actual del cuidado personal, los empresarios y las empresas de nueva creaci\u00f3n se enfrentan a menudo a retos a la hora de crear una marca desde cero. El camino hacia la creaci\u00f3n de una l\u00ednea \u00fanica de cuidado capilar, <a class=\"link-whisper\" title=\"Cuidado corporal Fabricante\" href=\"https:\/\/www.xiangxiangdaily.com\/es\/fabricante-de-productos-de-higiene-corporal\/\" target=\"_blank\" rel=\"noopener\" data-wpil-monitor-id=\"105\">corporal<\/a> o facial requiere algo m\u00e1s que una gran idea: exige experiencia en la formulaci\u00f3n de productos, el cumplimiento de la normativa y la comprensi\u00f3n de las tendencias del mercado. En Xiangxiang, nos apasiona convertir tu visi\u00f3n en realidad. Como <a class=\"link-whisper\" title=\"Cuidado del cabello Fabricantes\" href=\"https:\/\/www.xiangxiangdaily.com\/es\/fabricante-de-productos-para-el-cuidado-del-cabello\/\" target=\"_blank\" rel=\"noopener\" data-wpil-monitor-id=\"753\">fabricante de confianza de productos de cuidado<\/a> personal, ayudamos a los empresarios y a las nuevas empresas a hacer realidad sus sue\u00f1os proporcion\u00e1ndoles apoyo profesional adaptado a sus necesidades espec\u00edficas.<\/p>\n<h2>Un enfoque personalizado para cada empresario<\/h2>\n<p>Cada empresario tiene una visi\u00f3n \u00fanica, y entendemos que las soluciones de talla \u00fanica no funcionan en esta industria din\u00e1mica. Tanto si te centras en productos para el cuidado del cabello, soluciones para el cuidado de la piel o productos esenciales para el cuidado corporal, nuestro enfoque es personalizado para alcanzar los objetivos espec\u00edficos de tu marca. Desde el primer d\u00eda, trabajamos estrechamente contigo para comprender tu nicho de mercado, tu p\u00fablico objetivo y los valores de tu marca.<\/p>\n<p>Nuestro equipo de experimentados desarrolladores de productos y especialistas del sector colaborar\u00e1 contigo para dise\u00f1ar f\u00f3rmulas que reflejen la identidad de tu marca. Tanto si quieres crear una l\u00ednea ecol\u00f3gica y totalmente natural como una soluci\u00f3n de vanguardia con ingredientes innovadores, tenemos la experiencia necesaria para hacer realidad tu visi\u00f3n.<\/p>\n<h2>Comprender las caracter\u00edsticas espec\u00edficas del sector<\/h2>\n<p>Una de las claves del \u00e9xito en la industria <a class=\"link-whisper\" title=\"Los 20 mejores proveedores de cosm\u00e9tica y cuidado personal de China\" href=\"https:\/\/www.xiangxiangdaily.com\/es\/top-20-personal-care-cosmetics-suppliers-in-china\/\" target=\"_blank\" rel=\"noopener\" data-wpil-monitor-id=\"2683\">del cuidado personal<\/a> es comprender las caracter\u00edsticas \u00fanicas de cada categor\u00eda de productos. Estamos orgullosos de nuestro profundo conocimiento de las tendencias en cuidado capilar, corporal y facial, lo que nos permite ofrecer ideas que diferencian tus productos. Por ejemplo:<\/p>\n<ul>\n<li>\n<p><strong>Cuidado del cabello<\/strong>: Nuestras f\u00f3rmulas est\u00e1n pensadas para distintos tipos y condiciones de cabello, desde <a class=\"link-whisper\" title=\"Aceite de ricino para el pelo rizado\" href=\"https:\/\/www.xiangxiangdaily.com\/es\/fabricante-de-productos-para-el-cuidado-del-cabello\/fabricante-de-aceite-para-el-cabello\/aceite-de-ricino-para-el-pelo-rizado\/\" target=\"_blank\" rel=\"noopener\" data-wpil-monitor-id=\"752\">el rizado y con textura<\/a> hasta el te\u00f1ido y fino. Proporcionamos soluciones para la retenci\u00f3n de la humedad, la salud del cuero cabelludo y la reparaci\u00f3n de da\u00f1os, garantizando que tus productos satisfagan las diversas necesidades de tus clientes.<\/p>\n<\/li>\n<li>\n<p><strong>Cuidado corporal<\/strong>: Entendemos que los consumidores de hoy en d\u00eda buscan <a class=\"link-whisper\" title=\"Aceite corporal hidratante de cacao\" href=\"https:\/\/www.xiangxiangdaily.com\/es\/fabricante-de-productos-de-higiene-corporal\/aceite-de-masaje-de-marca-blanca\/aceite-corporal-hidratante-de-cacao\/\" target=\"_blank\" rel=\"noopener\" data-wpil-monitor-id=\"449\">productos para el cuidado corporal que vayan m\u00e1s all\u00e1 de la simple hidrataci\u00f3n<\/a>. Desde lujosas <a class=\"link-whisper\" title=\"Loci\u00f3n corporal Fabricantes\" href=\"https:\/\/www.xiangxiangdaily.com\/es\/fabricante-de-productos-de-higiene-corporal\/fabricante-de-lociones-corporales\/\" target=\"_blank\" rel=\"noopener\" data-wpil-monitor-id=\"213\">lociones corporales<\/a> hasta exfoliantes terap\u00e9uticos, ofrecemos f\u00f3rmulas a medida que proporcionan la combinaci\u00f3n perfecta de hidrataci\u00f3n, nutrici\u00f3n y fragancia, al tiempo que se ajustan a las normas de belleza limpia.<\/p>\n<\/li>\n<li>\n<p><strong>Cuidado facial<\/strong>: La industria del cuidado de la piel est\u00e1 evolucionando r\u00e1pidamente, con una demanda de productos centrados en el antienvejecimiento, el tratamiento del acn\u00e9 y las soluciones para la piel sensible. Nuestro equipo est\u00e1 al d\u00eda de los \u00faltimos avances en principios activos como el \u00e1cido hialur\u00f3nico, el retinol y la vitamina C, para garantizar que tus productos de cuidado facial sean eficaces y comercializables.<\/p>\n<\/li>\n<\/ul>\n<h2>Resolver los puntos d\u00e9biles con soluciones personalizadas<\/h2>\n<p>Las startups a menudo se enfrentan a dificultades como recursos limitados, obst\u00e1culos normativos o incertidumbre sobre la formulaci\u00f3n del producto. Nuestra experiencia ayuda a aliviar estos retos habituales:<\/p>\n<ol>\n<li>\n<p><strong>Desarrollo de productos<\/strong>: Crear <a class=\"link-whisper\" title=\"C\u00f3mo elegir ingredientes para un champ\u00fa personalizado\" href=\"https:\/\/www.xiangxiangdaily.com\/es\/how-to-choose-ingredients-for-custom-shampoo-2\/\" target=\"_blank\" rel=\"noopener\" data-wpil-monitor-id=\"1619\">productos de cuidado personal de alta calidad requiere conocimientos sobre ingredientes<\/a>, eficacia y seguridad. Trabajamos contigo para formular productos que no s\u00f3lo satisfagan tu visi\u00f3n, sino que tambi\u00e9n cumplan la normativa del sector. Tanto si necesitas productos ecol\u00f3gicos, sin crueldad o con certificaci\u00f3n vegana, nos aseguramos de que tus f\u00f3rmulas cumplan las normas m\u00e1s estrictas.<\/p>\n<\/li>\n<li>\n<p><strong>Fabricaci\u00f3n de lotes peque\u00f1os<\/strong>: Para las nuevas empresas, los costes iniciales de producci\u00f3n pueden ser abrumadores. Ofrecemos la fabricaci\u00f3n de lotes peque\u00f1os, lo que te permite probar el mercado sin la carga financiera de la producci\u00f3n a gran escala. Esta flexibilidad permite a los empresarios centrarse en construir su marca antes de escalar.<\/p>\n<\/li>\n<li>\n<p><strong>Marca y envases<\/strong>: La primera impresi\u00f3n importa. Ayudamos con el envasado y el dise\u00f1o de los productos para garantizar que la est\u00e9tica de tu marca se ajuste a tu p\u00fablico objetivo. Nuestro equipo te ayudar\u00e1 a elegir los materiales de envasado adecuados que no s\u00f3lo tengan un aspecto estupendo, sino que tambi\u00e9n protejan la integridad de tus productos.<\/p>\n<\/li>\n<li>\n<p><strong>Cumplimiento normativo<\/strong>: Navegar por entornos normativos como las directrices de la FDA, el cumplimiento internacional y las pruebas de seguridad de los productos puede resultar intimidante. Eliminamos las conjeturas del proceso, garantizando que todos tus productos cumplen la normativa necesaria, para que puedas centrarte en lo que m\u00e1s importa: hacer crecer tu negocio.<\/p>\n<\/li>\n<\/ol>\n<h2>Orientaci\u00f3n profesional para un crecimiento sostenible<\/h2>\n<p>Nuestro papel como fabricante de productos de cuidado personal va m\u00e1s all\u00e1 de la producci\u00f3n. Nos comprometemos a guiarte en cada etapa del viaje de tu marca, ofreci\u00e9ndote asesoramiento profesional que te ayude a escalar de forma sostenible. Comprendemos la importancia de mantenerse al d\u00eda con las preferencias de los consumidores y las tendencias del sector, que cambian constantemente.<\/p>\n<ul>\n<li>\n<p><strong>Perspectiva de las tendencias<\/strong>: Con nuestro dedo en el pulso de las tendencias del mercado, proporcionamos informaci\u00f3n sobre las necesidades y preferencias emergentes de los consumidores. Tanto si se trata de belleza limpia, envases sostenibles o tecnolog\u00eda avanzada para el cuidado de la piel, te ayudaremos a mantenerte a la vanguardia.<\/p>\n<\/li>\n<li>\n<p><strong>Apoyo continuo<\/strong>: Una vez lanzados tus productos, nuestro apoyo no termina. Seguimos proporcion\u00e1ndote asistencia continua a medida que ampl\u00edas tu l\u00ednea de productos, introduces nuevas innovaciones o entras en nuevos mercados.<\/p>\n<\/li>\n<\/ul>\n<h2>Tu \u00e9xito es nuestro \u00e9xito<\/h2>\n<p>En Xiangxiang, creemos que todo el mundo merece la oportunidad de construir una <a href=\"https:\/\/www.xiangxiangdaily.com\/es\/leading-facial-serum-suppliers-for-your-brand\/\" title=\"Proveedores l\u00edderes de sueros faciales para tu marca\" target=\"_blank\" rel=\"noopener\" data-wpil-monitor-id=\"5017\">marca de cuidado personal<\/a> de \u00e9xito. Nos apasiona ayudar a emprendedores y startups a alcanzar sus sue\u00f1os, combinando nuestra experiencia en fabricaci\u00f3n con tu visi\u00f3n para crear productos que resuenen entre los consumidores.<\/p>\n<p>Tanto si lanzas tu primer producto como si ampl\u00edas tu l\u00ednea actual, estamos aqu\u00ed para apoyarte en cada paso del camino. Juntos, podemos crear una marca de cuidado personal que no s\u00f3lo destaque en un mercado saturado, sino que tambi\u00e9n tenga un impacto significativo en tus clientes.<\/p>\n<p>Construyamos juntos algo hermoso.<\/p>\n\t\t\t\t\t\t\t\t<\/div>\n\t\t\t\t<\/div>\n\t\t\t\t\t<\/div>\n\t\t\t\t<\/div>\n\t\t<div class=\"elementor-element elementor-element-39218e1 e-flex e-con-boxed e-con e-parent\" data-id=\"39218e1\" data-element_type=\"container\" data-e-type=\"container\">\n\t\t\t\t\t<div class=\"e-con-inner\">\n\t\t\t\t<div class=\"elementor-element elementor-element-9c89785 elementor-widget elementor-widget-heading\" data-id=\"9c89785\" data-element_type=\"widget\" data-e-type=\"widget\" data-widget_type=\"heading.default\">\n\t\t\t\t<div class=\"elementor-widget-container\">\n\t\t\t\t\t<h2 class=\"elementor-heading-title elementor-size-default\">Productos de calidad que satisfacen sus necesidades<\/h2>\t\t\t\t<\/div>\n\t\t\t\t<\/div>\n\t\t\t\t<div class=\"elementor-element elementor-element-fca03d8 elementor-widget elementor-widget-heading\" data-id=\"fca03d8\" data-element_type=\"widget\" data-e-type=\"widget\" data-widget_type=\"heading.default\">\n\t\t\t\t<div class=\"elementor-widget-container\">\n\t\t\t\t\t<p class=\"elementor-heading-title elementor-size-default\">Nuestros productos de cuidado personal son totalmente personalizables, por lo que podr\u00e1 crear productos que satisfagan las necesidades espec\u00edficas de sus clientes. Esto le da una ventaja competitiva y le ayuda a diferenciarse de la competencia.<\/p>\t\t\t\t<\/div>\n\t\t\t\t<\/div>\n\t\t<div class=\"elementor-element elementor-element-71c0615 e-flex e-con-boxed e-con e-child\" data-id=\"71c0615\" data-element_type=\"container\" data-e-type=\"container\">\n\t\t\t\t\t<div class=\"e-con-inner\">\n\t\t<div class=\"elementor-element elementor-element-f7c5362 e-flex e-con-boxed e-con e-child\" data-id=\"f7c5362\" data-element_type=\"container\" data-e-type=\"container\">\n\t\t\t\t\t<div class=\"e-con-inner\">\n\t\t\t\t<div class=\"elementor-element elementor-element-52573ba elementor-widget elementor-widget-image\" data-id=\"52573ba\" data-element_type=\"widget\" data-e-type=\"widget\" data-widget_type=\"image.default\">\n\t\t\t\t<div class=\"elementor-widget-container\">\n\t\t\t\t\t\t\t\t\t\t\t\t\t\t\t<img decoding=\"async\" width=\"500\" height=\"333\" src=\"https:\/\/www.xiangxiangdaily.com\/wp-content\/uploads\/2023\/12\/Custom-Ingredients.webp\" class=\"attachment-large size-large wp-image-11623\" alt=\"Ingredientes personalizados\" srcset=\"https:\/\/www.xiangxiangdaily.com\/wp-content\/uploads\/2023\/12\/Custom-Ingredients.webp 500w, https:\/\/www.xiangxiangdaily.com\/wp-content\/uploads\/2023\/12\/Custom-Ingredients-300x200.webp 300w\" sizes=\"(max-width: 500px) 100vw, 500px\" \/>\t\t\t\t\t\t\t\t\t\t\t\t\t\t\t<\/div>\n\t\t\t\t<\/div>\n\t\t<div class=\"elementor-element elementor-element-3a33e73 e-flex e-con-boxed e-con e-child\" data-id=\"3a33e73\" data-element_type=\"container\" data-e-type=\"container\">\n\t\t\t\t\t<div class=\"e-con-inner\">\n\t\t\t\t<div class=\"elementor-element elementor-element-ea5d290 elementor-view-default elementor-widget elementor-widget-icon\" data-id=\"ea5d290\" data-element_type=\"widget\" data-e-type=\"widget\" data-widget_type=\"icon.default\">\n\t\t\t\t<div class=\"elementor-widget-container\">\n\t\t\t\t\t\t\t<div class=\"elementor-icon-wrapper\">\n\t\t\t<div class=\"elementor-icon\">\n\t\t\t<i aria-hidden=\"true\" class=\"fas fa-check-circle\"><\/i>\t\t\t<\/div>\n\t\t<\/div>\n\t\t\t\t\t\t<\/div>\n\t\t\t\t<\/div>\n\t\t\t\t<div class=\"elementor-element elementor-element-640bb76 elementor-widget elementor-widget-heading\" data-id=\"640bb76\" data-element_type=\"widget\" data-e-type=\"widget\" data-widget_type=\"heading.default\">\n\t\t\t\t<div class=\"elementor-widget-container\">\n\t\t\t\t\t<h5 class=\"elementor-heading-title elementor-size-default\">Elija sus ingredientes<\/h5>\t\t\t\t<\/div>\n\t\t\t\t<\/div>\n\t\t\t\t\t<\/div>\n\t\t\t\t<\/div>\n\t\t\t\t<div class=\"elementor-element elementor-element-f5e4a8f elementor-widget elementor-widget-heading\" data-id=\"f5e4a8f\" data-element_type=\"widget\" data-e-type=\"widget\" data-widget_type=\"heading.default\">\n\t\t\t\t<div class=\"elementor-widget-container\">\n\t\t\t\t\t<p class=\"elementor-heading-title elementor-size-default\">Puede elegir entre una amplia gama de ingredientes, incluidas opciones naturales, ecol\u00f3gicas y veganas.<\/p>\t\t\t\t<\/div>\n\t\t\t\t<\/div>\n\t\t\t\t\t<\/div>\n\t\t\t\t<\/div>\n\t\t<div class=\"elementor-element elementor-element-6069f7e e-flex e-con-boxed e-con e-child\" data-id=\"6069f7e\" data-element_type=\"container\" data-e-type=\"container\">\n\t\t\t\t\t<div class=\"e-con-inner\">\n\t\t\t\t<div class=\"elementor-element elementor-element-de07089 elementor-widget elementor-widget-image\" data-id=\"de07089\" data-element_type=\"widget\" data-e-type=\"widget\" data-widget_type=\"image.default\">\n\t\t\t\t<div class=\"elementor-widget-container\">\n\t\t\t\t\t\t\t\t\t\t\t\t\t\t\t<img decoding=\"async\" width=\"500\" height=\"333\" src=\"https:\/\/www.xiangxiangdaily.com\/wp-content\/uploads\/2023\/12\/Packing-type.webp\" class=\"attachment-large size-large wp-image-11627\" alt=\"Tipo de empaquetado\" srcset=\"https:\/\/www.xiangxiangdaily.com\/wp-content\/uploads\/2023\/12\/Packing-type.webp 500w, https:\/\/www.xiangxiangdaily.com\/wp-content\/uploads\/2023\/12\/Packing-type-300x200.webp 300w\" sizes=\"(max-width: 500px) 100vw, 500px\" \/>\t\t\t\t\t\t\t\t\t\t\t\t\t\t\t<\/div>\n\t\t\t\t<\/div>\n\t\t<div class=\"elementor-element elementor-element-61a5e1b e-flex e-con-boxed e-con e-child\" data-id=\"61a5e1b\" data-element_type=\"container\" data-e-type=\"container\">\n\t\t\t\t\t<div class=\"e-con-inner\">\n\t\t\t\t<div class=\"elementor-element elementor-element-a9cc2e2 elementor-view-default elementor-widget elementor-widget-icon\" data-id=\"a9cc2e2\" data-element_type=\"widget\" data-e-type=\"widget\" data-widget_type=\"icon.default\">\n\t\t\t\t<div class=\"elementor-widget-container\">\n\t\t\t\t\t\t\t<div class=\"elementor-icon-wrapper\">\n\t\t\t<div class=\"elementor-icon\">\n\t\t\t<i aria-hidden=\"true\" class=\"fas fa-check-circle\"><\/i>\t\t\t<\/div>\n\t\t<\/div>\n\t\t\t\t\t\t<\/div>\n\t\t\t\t<\/div>\n\t\t\t\t<div class=\"elementor-element elementor-element-d2e4d43 elementor-widget elementor-widget-heading\" data-id=\"d2e4d43\" data-element_type=\"widget\" data-e-type=\"widget\" data-widget_type=\"heading.default\">\n\t\t\t\t<div class=\"elementor-widget-container\">\n\t\t\t\t\t<h5 class=\"elementor-heading-title elementor-size-default\">Dise\u00f1e su envase<\/h5>\t\t\t\t<\/div>\n\t\t\t\t<\/div>\n\t\t\t\t\t<\/div>\n\t\t\t\t<\/div>\n\t\t\t\t<div class=\"elementor-element elementor-element-7d9e140 elementor-widget elementor-widget-heading\" data-id=\"7d9e140\" data-element_type=\"widget\" data-e-type=\"widget\" data-widget_type=\"heading.default\">\n\t\t\t\t<div class=\"elementor-widget-container\">\n\t\t\t\t\t<p class=\"elementor-heading-title elementor-size-default\">Puede elegir entre diversas opciones de envasado, incluidas etiquetas y materiales de envasado personalizados.<\/p>\t\t\t\t<\/div>\n\t\t\t\t<\/div>\n\t\t\t\t\t<\/div>\n\t\t\t\t<\/div>\n\t\t<div class=\"elementor-element elementor-element-6fa05f8 e-flex e-con-boxed e-con e-child\" data-id=\"6fa05f8\" data-element_type=\"container\" data-e-type=\"container\">\n\t\t\t\t\t<div class=\"e-con-inner\">\n\t\t\t\t<div class=\"elementor-element elementor-element-7bce30d elementor-widget elementor-widget-image\" data-id=\"7bce30d\" data-element_type=\"widget\" data-e-type=\"widget\" data-widget_type=\"image.default\">\n\t\t\t\t<div class=\"elementor-widget-container\">\n\t\t\t\t\t\t\t\t\t\t\t\t\t\t\t<img loading=\"lazy\" decoding=\"async\" width=\"500\" height=\"333\" src=\"https:\/\/www.xiangxiangdaily.com\/wp-content\/uploads\/2023\/12\/Private-Label.webp\" class=\"attachment-large size-large wp-image-11619\" alt=\"Marca propia\" srcset=\"https:\/\/www.xiangxiangdaily.com\/wp-content\/uploads\/2023\/12\/Private-Label.webp 500w, https:\/\/www.xiangxiangdaily.com\/wp-content\/uploads\/2023\/12\/Private-Label-300x200.webp 300w\" sizes=\"(max-width: 500px) 100vw, 500px\" \/>\t\t\t\t\t\t\t\t\t\t\t\t\t\t\t<\/div>\n\t\t\t\t<\/div>\n\t\t<div class=\"elementor-element elementor-element-f61d47c e-flex e-con-boxed e-con e-child\" data-id=\"f61d47c\" data-element_type=\"container\" data-e-type=\"container\">\n\t\t\t\t\t<div class=\"e-con-inner\">\n\t\t\t\t<div class=\"elementor-element elementor-element-0172391 elementor-view-default elementor-widget elementor-widget-icon\" data-id=\"0172391\" data-element_type=\"widget\" data-e-type=\"widget\" data-widget_type=\"icon.default\">\n\t\t\t\t<div class=\"elementor-widget-container\">\n\t\t\t\t\t\t\t<div class=\"elementor-icon-wrapper\">\n\t\t\t<div class=\"elementor-icon\">\n\t\t\t<i aria-hidden=\"true\" class=\"fas fa-check-circle\"><\/i>\t\t\t<\/div>\n\t\t<\/div>\n\t\t\t\t\t\t<\/div>\n\t\t\t\t<\/div>\n\t\t\t\t<div class=\"elementor-element elementor-element-ae1f72b elementor-widget elementor-widget-heading\" data-id=\"ae1f72b\" data-element_type=\"widget\" data-e-type=\"widget\" data-widget_type=\"heading.default\">\n\t\t\t\t<div class=\"elementor-widget-container\">\n\t\t\t\t\t<h5 class=\"elementor-heading-title elementor-size-default\">Cree su marca<\/h5>\t\t\t\t<\/div>\n\t\t\t\t<\/div>\n\t\t\t\t\t<\/div>\n\t\t\t\t<\/div>\n\t\t\t\t<div class=\"elementor-element elementor-element-adbcdf8 elementor-widget elementor-widget-heading\" data-id=\"adbcdf8\" data-element_type=\"widget\" data-e-type=\"widget\" data-widget_type=\"heading.default\">\n\t\t\t\t<div class=\"elementor-widget-container\">\n\t\t\t\t\t<p class=\"elementor-heading-title elementor-size-default\">Podemos ayudarle a crear una identidad de marca \u00fanica para sus productos de cuidado personal.<\/p>\t\t\t\t<\/div>\n\t\t\t\t<\/div>\n\t\t\t\t\t<\/div>\n\t\t\t\t<\/div>\n\t\t\t\t\t<\/div>\n\t\t\t\t<\/div>\n\t\t\t\t\t<\/div>\n\t\t\t\t<\/div>\n\t\t\t\t<\/div>\n\t\t","protected":false},"excerpt":{"rendered":"<p>Emprendedores y Startups Nos apasiona ayudar a emprendedores y startups a alcanzar sus sue\u00f1os. Creemos que todo el mundo merece la oportunidad de crear una marca de cuidado personal de \u00e9xito. Home En el competitivo sector actual del cuidado personal, los empresarios y las empresas de nueva creaci\u00f3n se enfrentan a menudo a retos a [&hellip;]<\/p>\n","protected":false},"author":1,"featured_media":13334,"parent":0,"menu_order":0,"comment_status":"closed","ping_status":"closed","template":"elementor_theme","meta":{"_acf_changed":false,"footnotes":""},"class_list":["post-19284","page","type-page","status-publish","has-post-thumbnail","hentry"],"acf":[],"_links":{"self":[{"href":"https:\/\/www.xiangxiangdaily.com\/es\/wp-json\/wp\/v2\/pages\/19284","targetHints":{"allow":["GET"]}}],"collection":[{"href":"https:\/\/www.xiangxiangdaily.com\/es\/wp-json\/wp\/v2\/pages"}],"about":[{"href":"https:\/\/www.xiangxiangdaily.com\/es\/wp-json\/wp\/v2\/types\/page"}],"author":[{"embeddable":true,"href":"https:\/\/www.xiangxiangdaily.com\/es\/wp-json\/wp\/v2\/users\/1"}],"replies":[{"embeddable":true,"href":"https:\/\/www.xiangxiangdaily.com\/es\/wp-json\/wp\/v2\/comments?post=19284"}],"version-history":[{"count":0,"href":"https:\/\/www.xiangxiangdaily.com\/es\/wp-json\/wp\/v2\/pages\/19284\/revisions"}],"wp:featuredmedia":[{"embeddable":true,"href":"https:\/\/www.xiangxiangdaily.com\/es\/wp-json\/wp\/v2\/media\/13334"}],"wp:attachment":[{"href":"https:\/\/www.xiangxiangdaily.com\/es\/wp-json\/wp\/v2\/media?parent=19284"}],"curies":[{"name":"wp","href":"https:\/\/api.w.org\/{rel}","templated":true}]}}