{"id":19860,"date":"2023-01-12T10:12:59","date_gmt":"2023-01-12T02:12:59","guid":{"rendered":"https:\/\/www.xiangxiangdaily.com\/liderazgo\/"},"modified":"2026-03-17T14:31:04","modified_gmt":"2026-03-17T06:31:04","slug":"liderazgo","status":"publish","type":"page","link":"https:\/\/www.xiangxiangdaily.com\/es\/liderazgo\/","title":{"rendered":"Liderazgo"},"content":{"rendered":"\t\t<div data-elementor-type=\"wp-page\" data-elementor-id=\"19860\" class=\"elementor elementor-19860 elementor-3420\" data-elementor-post-type=\"page\">\n\t\t\t\t<div class=\"elementor-element elementor-element-6397af38 e-flex e-con-boxed e-con e-parent\" data-id=\"6397af38\" data-element_type=\"container\" data-e-type=\"container\" data-settings=\"{&quot;background_background&quot;:&quot;classic&quot;}\">\n\t\t\t\t\t<div class=\"e-con-inner\">\n\t\t\t\t<div class=\"elementor-element elementor-element-43f01f24 elementor-widget elementor-widget-heading\" data-id=\"43f01f24\" data-element_type=\"widget\" data-e-type=\"widget\" data-widget_type=\"heading.default\">\n\t\t\t\t<div class=\"elementor-widget-container\">\n\t\t\t\t\t<h1 class=\"elementor-heading-title elementor-size-default\">Liderazgo<\/h1>\t\t\t\t<\/div>\n\t\t\t\t<\/div>\n\t\t\t\t<div class=\"elementor-element elementor-element-2f2a3c9f elementor-widget elementor-widget-heading\" data-id=\"2f2a3c9f\" data-element_type=\"widget\" data-e-type=\"widget\" data-widget_type=\"heading.default\">\n\t\t\t\t<div class=\"elementor-widget-container\">\n\t\t\t\t\t<p class=\"elementor-heading-title elementor-size-default\">El equipo directivo de Xiangxiang predica con el ejemplo, demostrando las cualidades que distinguen a nuestros empleados: integridad, experiencia y el compromiso de servir a nuestros clientes con distinci\u00f3n.<\/p>\t\t\t\t<\/div>\n\t\t\t\t<\/div>\n\t\t\t\t<div class=\"elementor-element elementor-element-f6f0186 elementor-widget elementor-widget-breadcrumbs\" data-id=\"f6f0186\" data-element_type=\"widget\" data-e-type=\"widget\" data-widget_type=\"breadcrumbs.default\">\n\t\t\t\t<div class=\"elementor-widget-container\">\n\t\t\t\t\t<nav><span class=\"last\">Inicio<\/span><\/nav>\t\t\t\t<\/div>\n\t\t\t\t<\/div>\n\t\t\t\t\t<\/div>\n\t\t\t\t<\/div>\n\t\t<div class=\"elementor-element elementor-element-03b9a7e e-flex e-con-boxed e-con e-parent\" data-id=\"03b9a7e\" data-element_type=\"container\" data-e-type=\"container\" data-settings=\"{&quot;background_background&quot;:&quot;classic&quot;}\">\n\t\t\t\t\t<div class=\"e-con-inner\">\n\t\t\t\t<div class=\"elementor-element elementor-element-2a97e8b elementor-widget elementor-widget-heading\" data-id=\"2a97e8b\" data-element_type=\"widget\" data-e-type=\"widget\" data-widget_type=\"heading.default\">\n\t\t\t\t<div class=\"elementor-widget-container\">\n\t\t\t\t\t<h2 class=\"elementor-heading-title elementor-size-default\">Descubra las caras del \u00e9xito de Xiangxiang<\/h2>\t\t\t\t<\/div>\n\t\t\t\t<\/div>\n\t\t<div class=\"elementor-element elementor-element-a987817 e-flex e-con-boxed e-con e-child\" data-id=\"a987817\" data-element_type=\"container\" data-e-type=\"container\">\n\t\t\t\t\t<div class=\"e-con-inner\">\n\t\t\t\t<div class=\"elementor-element elementor-element-e1858a3 elementor-widget-divider--view-line elementor-widget elementor-widget-divider\" data-id=\"e1858a3\" data-element_type=\"widget\" data-e-type=\"widget\" data-widget_type=\"divider.default\">\n\t\t\t\t<div class=\"elementor-widget-container\">\n\t\t\t\t\t\t\t<div class=\"elementor-divider\">\n\t\t\t<span class=\"elementor-divider-separator\">\n\t\t\t\t\t\t<\/span>\n\t\t<\/div>\n\t\t\t\t\t\t<\/div>\n\t\t\t\t<\/div>\n\t\t\t\t<div class=\"elementor-element elementor-element-8360d4a elementor-view-default elementor-widget elementor-widget-icon\" data-id=\"8360d4a\" data-element_type=\"widget\" data-e-type=\"widget\" data-widget_type=\"icon.default\">\n\t\t\t\t<div class=\"elementor-widget-container\">\n\t\t\t\t\t\t\t<div class=\"elementor-icon-wrapper\">\n\t\t\t<div class=\"elementor-icon\">\n\t\t\t<i aria-hidden=\"true\" class=\"fas fa-star\"><\/i>\t\t\t<\/div>\n\t\t<\/div>\n\t\t\t\t\t\t<\/div>\n\t\t\t\t<\/div>\n\t\t\t\t<div class=\"elementor-element elementor-element-d0f75a7 elementor-widget-divider--view-line elementor-widget elementor-widget-divider\" data-id=\"d0f75a7\" data-element_type=\"widget\" data-e-type=\"widget\" data-widget_type=\"divider.default\">\n\t\t\t\t<div class=\"elementor-widget-container\">\n\t\t\t\t\t\t\t<div class=\"elementor-divider\">\n\t\t\t<span class=\"elementor-divider-separator\">\n\t\t\t\t\t\t<\/span>\n\t\t<\/div>\n\t\t\t\t\t\t<\/div>\n\t\t\t\t<\/div>\n\t\t\t\t\t<\/div>\n\t\t\t\t<\/div>\n\t\t\t\t<div class=\"elementor-element elementor-element-75bfd3f elementor-widget elementor-widget-heading\" data-id=\"75bfd3f\" data-element_type=\"widget\" data-e-type=\"widget\" data-widget_type=\"heading.default\">\n\t\t\t\t<div class=\"elementor-widget-container\">\n\t\t\t\t\t<p class=\"elementor-heading-title elementor-size-default\">El equipo directivo de Xiangxiang est\u00e1 formado por expertos del sector que conocen a fondo la industria del cuidado personal. Con su visi\u00f3n, experiencia e inquebrantable compromiso con la integridad, han creado una empresa que prioriza el \u00e9xito de sus empleados y clientes.<\/p>\t\t\t\t<\/div>\n\t\t\t\t<\/div>\n\t\t\t\t\t<\/div>\n\t\t\t\t<\/div>\n\t\t<div class=\"elementor-element elementor-element-8b84784 e-flex e-con-boxed e-con e-parent\" data-id=\"8b84784\" data-element_type=\"container\" data-e-type=\"container\">\n\t\t\t\t\t<div class=\"e-con-inner\">\n\t\t\t\t<div class=\"elementor-element elementor-element-d0a8b66 elementor-widget elementor-widget-image\" data-id=\"d0a8b66\" data-element_type=\"widget\" data-e-type=\"widget\" data-widget_type=\"image.default\">\n\t\t\t\t<div class=\"elementor-widget-container\">\n\t\t\t\t\t\t\t\t\t\t\t\t\t\t\t<img fetchpriority=\"high\" decoding=\"async\" width=\"800\" height=\"801\" src=\"https:\/\/www.xiangxiangdaily.com\/wp-content\/uploads\/2023\/12\/Sophia-Li.webp\" class=\"attachment-large size-large wp-image-11399\" alt=\"Sophia Li\" srcset=\"https:\/\/www.xiangxiangdaily.com\/wp-content\/uploads\/2023\/12\/Sophia-Li.webp 800w, https:\/\/www.xiangxiangdaily.com\/wp-content\/uploads\/2023\/12\/Sophia-Li-300x300.webp 300w, https:\/\/www.xiangxiangdaily.com\/wp-content\/uploads\/2023\/12\/Sophia-Li-600x601.webp 600w, https:\/\/www.xiangxiangdaily.com\/wp-content\/uploads\/2023\/12\/Sophia-Li-500x500.webp 500w, https:\/\/www.xiangxiangdaily.com\/wp-content\/uploads\/2023\/12\/Sophia-Li-150x150.webp 150w, https:\/\/www.xiangxiangdaily.com\/wp-content\/uploads\/2023\/12\/Sophia-Li-768x769.webp 768w\" sizes=\"(max-width: 800px) 100vw, 800px\" \/>\t\t\t\t\t\t\t\t\t\t\t\t\t\t\t<\/div>\n\t\t\t\t<\/div>\n\t\t<div class=\"elementor-element elementor-element-72f72df e-flex e-con-boxed e-con e-child\" data-id=\"72f72df\" data-element_type=\"container\" data-e-type=\"container\">\n\t\t\t\t\t<div class=\"e-con-inner\">\n\t\t\t\t<div class=\"elementor-element elementor-element-7f91207 elementor-widget elementor-widget-heading\" data-id=\"7f91207\" data-element_type=\"widget\" data-e-type=\"widget\" data-widget_type=\"heading.default\">\n\t\t\t\t<div class=\"elementor-widget-container\">\n\t\t\t\t\t<h2 class=\"elementor-heading-title elementor-size-default\">Sophia Li<\/h2>\t\t\t\t<\/div>\n\t\t\t\t<\/div>\n\t\t\t\t<div class=\"elementor-element elementor-element-8d1744d elementor-widget elementor-widget-heading\" data-id=\"8d1744d\" data-element_type=\"widget\" data-e-type=\"widget\" data-widget_type=\"heading.default\">\n\t\t\t\t<div class=\"elementor-widget-container\">\n\t\t\t\t\t<h4 class=\"elementor-heading-title elementor-size-default\">Presidente<\/h4>\t\t\t\t<\/div>\n\t\t\t\t<\/div>\n\t\t\t\t<div class=\"elementor-element elementor-element-89a4d43 elementor-widget elementor-widget-heading\" data-id=\"89a4d43\" data-element_type=\"widget\" data-e-type=\"widget\" data-widget_type=\"heading.default\">\n\t\t\t\t<div class=\"elementor-widget-container\">\n\t\t\t\t\t<h3 class=\"elementor-heading-title elementor-size-default\">\"La sinergia se crea cuando los individuos se unen para lograr un objetivo com\u00fan\"<\/h3>\t\t\t\t<\/div>\n\t\t\t\t<\/div>\n\t\t\t\t<div class=\"elementor-element elementor-element-55c9c35 elementor-widget elementor-widget-text-editor\" data-id=\"55c9c35\" data-element_type=\"widget\" data-e-type=\"widget\" data-widget_type=\"text-editor.default\">\n\t\t\t\t<div class=\"elementor-widget-container\">\n\t\t\t\t\t\t\t\t\t<p>Antes de ocupar ese puesto, fue una l\u00edder dedicada y una mentora de apoyo para todos los empleados de Xiangxiang. En la actualidad, supervisa el desarrollo de innovadoras <span style=\"text-decoration: underline;\"><a href=\"https:\/\/www.xiangxiangdaily.com\/oemodm-services\/\">formulaciones y dise\u00f1os de envases<\/a><\/span> para productos de cuidado personal. Tambi\u00e9n est\u00e1 estableciendo una s\u00f3lida cadena de suministro para garantizar un servicio \u00f3ptimo a nuestros clientes, e impulsando el crecimiento de la empresa mediante fusiones y adquisiciones estrat\u00e9gicas.  <\/p>\t\t\t\t\t\t\t\t<\/div>\n\t\t\t\t<\/div>\n\t\t\t\t<div class=\"elementor-element elementor-element-cd64f9f elementor-widget elementor-widget-heading\" data-id=\"cd64f9f\" data-element_type=\"widget\" data-e-type=\"widget\" data-widget_type=\"heading.default\">\n\t\t\t\t<div class=\"elementor-widget-container\">\n\t\t\t\t\t<p class=\"elementor-heading-title elementor-size-default\">Como Directora General de nuestro <a href=\"https:\/\/www.xiangxiangdaily.com\/guide-to-starting-a-private-label-shampoo-business-2025\/\" title=\"Gu\u00eda para iniciar un negocio de champ\u00fa de marca blanca (2025)\" target=\"_blank\" rel=\"noopener\" class=\"link-whisper\" data-wpil-monitor-id=\"2951\">negocio de productos de cuidado personal<\/a>, Sophia se dedica a mejorar su rendimiento en beneficio de nuestros clientes, empleados y comunidad local. Cree en la producci\u00f3n sostenible y el envasado de cosm\u00e9ticos con valor a\u00f1adido. Sophia tiene un historial probado como l\u00edder de \u00e9xito, ya que anteriormente fue nuestra directora de operaciones en 2012 y desempe\u00f1\u00f3 un papel clave en el crecimiento de nuestro negocio de productos de cuidado personal en Guangzhou (Guangdong, China).  <\/p>\t\t\t\t<\/div>\n\t\t\t\t<\/div>\n\t\t\t\t\t<\/div>\n\t\t\t\t<\/div>\n\t\t\t\t\t<\/div>\n\t\t\t\t<\/div>\n\t\t<div class=\"elementor-element elementor-element-9796745 e-flex e-con-boxed e-con e-parent\" data-id=\"9796745\" data-element_type=\"container\" data-e-type=\"container\">\n\t\t\t\t\t<div class=\"e-con-inner\">\n\t\t\t\t<div class=\"elementor-element elementor-element-e854484 elementor-widget elementor-widget-image\" data-id=\"e854484\" data-element_type=\"widget\" data-e-type=\"widget\" data-widget_type=\"image.default\">\n\t\t\t\t<div class=\"elementor-widget-container\">\n\t\t\t\t\t\t\t\t\t\t\t\t\t\t\t<img decoding=\"async\" width=\"800\" height=\"799\" src=\"https:\/\/www.xiangxiangdaily.com\/wp-content\/uploads\/2023\/12\/David-Shi.webp\" class=\"attachment-large size-large wp-image-11395\" alt=\"David Shi\" srcset=\"https:\/\/www.xiangxiangdaily.com\/wp-content\/uploads\/2023\/12\/David-Shi.webp 800w, https:\/\/www.xiangxiangdaily.com\/wp-content\/uploads\/2023\/12\/David-Shi-300x300.webp 300w, https:\/\/www.xiangxiangdaily.com\/wp-content\/uploads\/2023\/12\/David-Shi-600x599.webp 600w, https:\/\/www.xiangxiangdaily.com\/wp-content\/uploads\/2023\/12\/David-Shi-500x500.webp 500w, https:\/\/www.xiangxiangdaily.com\/wp-content\/uploads\/2023\/12\/David-Shi-150x150.webp 150w, https:\/\/www.xiangxiangdaily.com\/wp-content\/uploads\/2023\/12\/David-Shi-768x767.webp 768w\" sizes=\"(max-width: 800px) 100vw, 800px\" \/>\t\t\t\t\t\t\t\t\t\t\t\t\t\t\t<\/div>\n\t\t\t\t<\/div>\n\t\t<div class=\"elementor-element elementor-element-8934a71 e-flex e-con-boxed e-con e-child\" data-id=\"8934a71\" data-element_type=\"container\" data-e-type=\"container\">\n\t\t\t\t\t<div class=\"e-con-inner\">\n\t\t\t\t<div class=\"elementor-element elementor-element-bfb9894 elementor-widget elementor-widget-heading\" data-id=\"bfb9894\" data-element_type=\"widget\" data-e-type=\"widget\" data-widget_type=\"heading.default\">\n\t\t\t\t<div class=\"elementor-widget-container\">\n\t\t\t\t\t<h2 class=\"elementor-heading-title elementor-size-default\">David Shi<\/h2>\t\t\t\t<\/div>\n\t\t\t\t<\/div>\n\t\t\t\t<div class=\"elementor-element elementor-element-3848381 elementor-widget elementor-widget-heading\" data-id=\"3848381\" data-element_type=\"widget\" data-e-type=\"widget\" data-widget_type=\"heading.default\">\n\t\t\t\t<div class=\"elementor-widget-container\">\n\t\t\t\t\t<p class=\"elementor-heading-title elementor-size-default\">Consejero Delegado<\/p>\t\t\t\t<\/div>\n\t\t\t\t<\/div>\n\t\t\t\t<div class=\"elementor-element elementor-element-2c10e55 elementor-widget elementor-widget-heading\" data-id=\"2c10e55\" data-element_type=\"widget\" data-e-type=\"widget\" data-widget_type=\"heading.default\">\n\t\t\t\t<div class=\"elementor-widget-container\">\n\t\t\t\t\t<h3 class=\"elementor-heading-title elementor-size-default\">\"Xiangxiang cree en el beneficio mutuo. No nos centramos solo en el \u00e9xito individual, sino que nos esforzamos por conseguir un \u00e9xito mejor y mayor para todos\"<\/h3>\t\t\t\t<\/div>\n\t\t\t\t<\/div>\n\t\t\t\t<div class=\"elementor-element elementor-element-39728a5 elementor-widget elementor-widget-heading\" data-id=\"39728a5\" data-element_type=\"widget\" data-e-type=\"widget\" data-widget_type=\"heading.default\">\n\t\t\t\t<div class=\"elementor-widget-container\">\n\t\t\t\t\t<p class=\"elementor-heading-title elementor-size-default\">En 2018, David se convirti\u00f3 en el CEO de Xiangxiang, aprovechando sus m\u00e1s de 10 a\u00f1os de experiencia en la cadena de suministro de las industrias cosm\u00e9tica y de cuidado personal. Se le considera un pionero en el sector de la fabricaci\u00f3n de dominios, con un gran ojo para las tendencias de envasado y marca y un agudo conocimiento de las necesidades en constante evoluci\u00f3n de nuestros clientes. <\/p>\t\t\t\t<\/div>\n\t\t\t\t<\/div>\n\t\t\t\t<div class=\"elementor-element elementor-element-557d528 elementor-widget elementor-widget-heading\" data-id=\"557d528\" data-element_type=\"widget\" data-e-type=\"widget\" data-widget_type=\"heading.default\">\n\t\t\t\t<div class=\"elementor-widget-container\">\n\t\t\t\t\t<p class=\"elementor-heading-title elementor-size-default\">David ha transformado la cadena de suministro de productos de cuidado personal de Xiangxiang, estableciendo pr\u00e1cticas de gesti\u00f3n eficientes para garantizar la entrega r\u00e1pida de los productos. En sus palabras, nuestra misi\u00f3n es suministrar productos de cuidado personal de la m\u00e1xima calidad a marcas mundiales y aumentar su valor de marca de todas las formas posibles.<\/p>\t\t\t\t<\/div>\n\t\t\t\t<\/div>\n\t\t\t\t\t<\/div>\n\t\t\t\t<\/div>\n\t\t\t\t\t<\/div>\n\t\t\t\t<\/div>\n\t\t<div class=\"elementor-element elementor-element-b065378 e-flex e-con-boxed e-con e-parent\" data-id=\"b065378\" data-element_type=\"container\" data-e-type=\"container\">\n\t\t\t\t\t<div class=\"e-con-inner\">\n\t\t\t\t<div class=\"elementor-element elementor-element-75fe2bf elementor-widget elementor-widget-image\" data-id=\"75fe2bf\" data-element_type=\"widget\" data-e-type=\"widget\" data-widget_type=\"image.default\">\n\t\t\t\t<div class=\"elementor-widget-container\">\n\t\t\t\t\t\t\t\t\t\t\t\t\t\t\t<img decoding=\"async\" width=\"800\" height=\"800\" src=\"https:\/\/www.xiangxiangdaily.com\/wp-content\/uploads\/2023\/12\/Cindy-Chen.webp\" class=\"attachment-large size-large wp-image-11391\" alt=\"Cindy Chen\" srcset=\"https:\/\/www.xiangxiangdaily.com\/wp-content\/uploads\/2023\/12\/Cindy-Chen.webp 800w, https:\/\/www.xiangxiangdaily.com\/wp-content\/uploads\/2023\/12\/Cindy-Chen-300x300.webp 300w, https:\/\/www.xiangxiangdaily.com\/wp-content\/uploads\/2023\/12\/Cindy-Chen-600x600.webp 600w, https:\/\/www.xiangxiangdaily.com\/wp-content\/uploads\/2023\/12\/Cindy-Chen-500x500.webp 500w, https:\/\/www.xiangxiangdaily.com\/wp-content\/uploads\/2023\/12\/Cindy-Chen-150x150.webp 150w, https:\/\/www.xiangxiangdaily.com\/wp-content\/uploads\/2023\/12\/Cindy-Chen-768x768.webp 768w\" sizes=\"(max-width: 800px) 100vw, 800px\" \/>\t\t\t\t\t\t\t\t\t\t\t\t\t\t\t<\/div>\n\t\t\t\t<\/div>\n\t\t<div class=\"elementor-element elementor-element-27b7f86 e-flex e-con-boxed e-con e-child\" data-id=\"27b7f86\" data-element_type=\"container\" data-e-type=\"container\">\n\t\t\t\t\t<div class=\"e-con-inner\">\n\t\t\t\t<div class=\"elementor-element elementor-element-6b1a4db elementor-widget elementor-widget-heading\" data-id=\"6b1a4db\" data-element_type=\"widget\" data-e-type=\"widget\" data-widget_type=\"heading.default\">\n\t\t\t\t<div class=\"elementor-widget-container\">\n\t\t\t\t\t<h2 class=\"elementor-heading-title elementor-size-default\">Cindy Chen<\/h2>\t\t\t\t<\/div>\n\t\t\t\t<\/div>\n\t\t\t\t<div class=\"elementor-element elementor-element-5ff5f30 elementor-widget elementor-widget-heading\" data-id=\"5ff5f30\" data-element_type=\"widget\" data-e-type=\"widget\" data-widget_type=\"heading.default\">\n\t\t\t\t<div class=\"elementor-widget-container\">\n\t\t\t\t\t<p class=\"elementor-heading-title elementor-size-default\">Director General<\/p>\t\t\t\t<\/div>\n\t\t\t\t<\/div>\n\t\t\t\t<div class=\"elementor-element elementor-element-6dcc58b elementor-widget elementor-widget-heading\" data-id=\"6dcc58b\" data-element_type=\"widget\" data-e-type=\"widget\" data-widget_type=\"heading.default\">\n\t\t\t\t<div class=\"elementor-widget-container\">\n\t\t\t\t\t<h3 class=\"elementor-heading-title elementor-size-default\">\"Priorizar la satisfacci\u00f3n del cliente es la estrategia empresarial m\u00e1s eficaz\"<\/h3>\t\t\t\t<\/div>\n\t\t\t\t<\/div>\n\t\t\t\t<div class=\"elementor-element elementor-element-f712298 elementor-widget elementor-widget-heading\" data-id=\"f712298\" data-element_type=\"widget\" data-e-type=\"widget\" data-widget_type=\"heading.default\">\n\t\t\t\t<div class=\"elementor-widget-container\">\n\t\t\t\t\t<p class=\"elementor-heading-title elementor-size-default\">Cindy trabaja en la empresa desde hace m\u00e1s de 10 a\u00f1os y ha ocupado diversos cargos, como Directora de Ventas, Directora de Marketing y Directora de Operaciones. Posee un profundo conocimiento del sector de los cosm\u00e9ticos para el cuidado personal y es una l\u00edder probada en el impulso del crecimiento y la innovaci\u00f3n.<\/p>\t\t\t\t<\/div>\n\t\t\t\t<\/div>\n\t\t\t\t<div class=\"elementor-element elementor-element-c0f044b elementor-widget elementor-widget-heading\" data-id=\"c0f044b\" data-element_type=\"widget\" data-e-type=\"widget\" data-widget_type=\"heading.default\">\n\t\t\t\t<div class=\"elementor-widget-container\">\n\t\t\t\t\t<p class=\"elementor-heading-title elementor-size-default\">Cindy es una firme defensora de la satisfacci\u00f3n del cliente. Cree que dar prioridad a la satisfacci\u00f3n del cliente es la estrategia empresarial m\u00e1s eficaz. Se compromete a ofrecer a los clientes los mejores productos y servicios posibles, y siempre busca nuevas formas de mejorar la experiencia del cliente.<\/p>\t\t\t\t<\/div>\n\t\t\t\t<\/div>\n\t\t\t\t\t<\/div>\n\t\t\t\t<\/div>\n\t\t\t\t\t<\/div>\n\t\t\t\t<\/div>\n\t\t\t\t<\/div>\n\t\t","protected":false},"excerpt":{"rendered":"<p>Liderazgo El equipo directivo de Xiangxiang predica con el ejemplo, demostrando las cualidades que distinguen a nuestros empleados: integridad, experiencia y el compromiso de servir a nuestros clientes con distinci\u00f3n. Home Descubra las caras del \u00e9xito de Xiangxiang El equipo directivo de Xiangxiang est\u00e1 formado por expertos del sector que conocen a fondo la industria [&hellip;]<\/p>\n","protected":false},"author":1,"featured_media":11279,"parent":0,"menu_order":0,"comment_status":"closed","ping_status":"closed","template":"","meta":{"_acf_changed":false,"footnotes":""},"class_list":["post-19860","page","type-page","status-publish","has-post-thumbnail","hentry"],"acf":[],"_links":{"self":[{"href":"https:\/\/www.xiangxiangdaily.com\/es\/wp-json\/wp\/v2\/pages\/19860","targetHints":{"allow":["GET"]}}],"collection":[{"href":"https:\/\/www.xiangxiangdaily.com\/es\/wp-json\/wp\/v2\/pages"}],"about":[{"href":"https:\/\/www.xiangxiangdaily.com\/es\/wp-json\/wp\/v2\/types\/page"}],"author":[{"embeddable":true,"href":"https:\/\/www.xiangxiangdaily.com\/es\/wp-json\/wp\/v2\/users\/1"}],"replies":[{"embeddable":true,"href":"https:\/\/www.xiangxiangdaily.com\/es\/wp-json\/wp\/v2\/comments?post=19860"}],"version-history":[{"count":0,"href":"https:\/\/www.xiangxiangdaily.com\/es\/wp-json\/wp\/v2\/pages\/19860\/revisions"}],"wp:featuredmedia":[{"embeddable":true,"href":"https:\/\/www.xiangxiangdaily.com\/es\/wp-json\/wp\/v2\/media\/11279"}],"wp:attachment":[{"href":"https:\/\/www.xiangxiangdaily.com\/es\/wp-json\/wp\/v2\/media?parent=19860"}],"curies":[{"name":"wp","href":"https:\/\/api.w.org\/{rel}","templated":true}]}}