{"id":19870,"date":"2023-01-12T09:51:13","date_gmt":"2023-01-12T01:51:13","guid":{"rendered":"https:\/\/www.xiangxiangdaily.com\/calidad\/"},"modified":"2026-03-17T14:32:54","modified_gmt":"2026-03-17T06:32:54","slug":"calidad","status":"publish","type":"page","link":"https:\/\/www.xiangxiangdaily.com\/es\/calidad\/","title":{"rendered":"Calidad"},"content":{"rendered":"\t\t<div data-elementor-type=\"wp-page\" data-elementor-id=\"19870\" class=\"elementor elementor-19870 elementor-3370\" data-elementor-post-type=\"page\">\n\t\t\t\t<div class=\"elementor-element elementor-element-1058d60 e-flex e-con-boxed e-con e-parent\" data-id=\"1058d60\" data-element_type=\"container\" data-e-type=\"container\" data-settings=\"{&quot;background_background&quot;:&quot;classic&quot;}\">\n\t\t\t\t\t<div class=\"e-con-inner\">\n\t\t\t\t<div class=\"elementor-element elementor-element-4976530b elementor-widget elementor-widget-heading\" data-id=\"4976530b\" data-element_type=\"widget\" data-e-type=\"widget\" data-widget_type=\"heading.default\">\n\t\t\t\t<div class=\"elementor-widget-container\">\n\t\t\t\t\t<h1 class=\"elementor-heading-title elementor-size-default\">Control de calidad<\/h1>\t\t\t\t<\/div>\n\t\t\t\t<\/div>\n\t\t\t\t<div class=\"elementor-element elementor-element-50c1500b elementor-widget elementor-widget-heading\" data-id=\"50c1500b\" data-element_type=\"widget\" data-e-type=\"widget\" data-widget_type=\"heading.default\">\n\t\t\t\t<div class=\"elementor-widget-container\">\n\t\t\t\t\t<p class=\"elementor-heading-title elementor-size-default\">Obtener una ventaja sobre los competidores aplicando pr\u00e1cticas de gesti\u00f3n de la calidad.<\/p>\t\t\t\t<\/div>\n\t\t\t\t<\/div>\n\t\t\t\t<div class=\"elementor-element elementor-element-67403f7 elementor-widget elementor-widget-breadcrumbs\" data-id=\"67403f7\" data-element_type=\"widget\" data-e-type=\"widget\" data-widget_type=\"breadcrumbs.default\">\n\t\t\t\t<div class=\"elementor-widget-container\">\n\t\t\t\t\t<nav><span class=\"last\">Inicio<\/span><\/nav>\t\t\t\t<\/div>\n\t\t\t\t<\/div>\n\t\t\t\t\t<\/div>\n\t\t\t\t<\/div>\n\t\t<div class=\"elementor-element elementor-element-f935f2e e-flex e-con-boxed e-con e-parent\" data-id=\"f935f2e\" data-element_type=\"container\" data-e-type=\"container\">\n\t\t\t\t\t<div class=\"e-con-inner\">\n\t\t<div class=\"elementor-element elementor-element-4f7ac06 e-con-full e-flex e-con e-child\" data-id=\"4f7ac06\" data-element_type=\"container\" data-e-type=\"container\">\n\t\t\t\t<div class=\"elementor-element elementor-element-690f7dc elementor-widget elementor-widget-heading\" data-id=\"690f7dc\" data-element_type=\"widget\" data-e-type=\"widget\" data-widget_type=\"heading.default\">\n\t\t\t\t<div class=\"elementor-widget-container\">\n\t\t\t\t\t<h2 class=\"elementor-heading-title elementor-size-default\">Los peque\u00f1os detalles de la belleza son los que realmente la hacen destacar<\/h2>\t\t\t\t<\/div>\n\t\t\t\t<\/div>\n\t\t\t\t<div class=\"elementor-element elementor-element-3592340 elementor-widget-divider--view-line elementor-widget elementor-widget-divider\" data-id=\"3592340\" data-element_type=\"widget\" data-e-type=\"widget\" data-widget_type=\"divider.default\">\n\t\t\t\t<div class=\"elementor-widget-container\">\n\t\t\t\t\t\t\t<div class=\"elementor-divider\">\n\t\t\t<span class=\"elementor-divider-separator\">\n\t\t\t\t\t\t<\/span>\n\t\t<\/div>\n\t\t\t\t\t\t<\/div>\n\t\t\t\t<\/div>\n\t\t\t\t<\/div>\n\t\t<div class=\"elementor-element elementor-element-7c58979 e-con-full e-flex e-con e-child\" data-id=\"7c58979\" data-element_type=\"container\" data-e-type=\"container\">\n\t\t\t\t<div class=\"elementor-element elementor-element-c5202c8 elementor-widget elementor-widget-text-editor\" data-id=\"c5202c8\" data-element_type=\"widget\" data-e-type=\"widget\" data-widget_type=\"text-editor.default\">\n\t\t\t\t<div class=\"elementor-widget-container\">\n\t\t\t\t\t\t\t\t\t<p>En Xiangxiang, estamos orgullosos de nuestra experiencia en <span style=\"text-decoration: underline; color: #cc99ff;\"><strong><a style=\"color: #cc99ff; text-decoration: underline;\" href=\"https:\/\/www.xiangxiangdaily.com\/manufacturing\/\">fabricaci\u00f3n de<\/a><\/strong><\/span>por eso tenemos un departamento dedicado al control de calidad para garantizar la calidad superior de nuestros productos. Nuestro equipo de control de calidad y el departamento de fabricaci\u00f3n colaboran estrechamente en todas las fases del proceso de producci\u00f3n, desde la recogida y mezcla de ingredientes hasta la comprobaci\u00f3n del pH y el llenado y envasado. Juntos, garantizan que nuestro producto final cumpla nuestras estrictas normas de calidad.  <\/p>\t\t\t\t\t\t\t\t<\/div>\n\t\t\t\t<\/div>\n\t\t\t\t<\/div>\n\t\t\t\t\t<\/div>\n\t\t\t\t<\/div>\n\t\t<div class=\"elementor-element elementor-element-f5c2d6d e-flex e-con-boxed e-con e-parent\" data-id=\"f5c2d6d\" data-element_type=\"container\" data-e-type=\"container\">\n\t\t\t\t\t<div class=\"e-con-inner\">\n\t\t<div class=\"elementor-element elementor-element-127ccb0 e-flex e-con-boxed e-con e-child\" data-id=\"127ccb0\" data-element_type=\"container\" data-e-type=\"container\">\n\t\t\t\t\t<div class=\"e-con-inner\">\n\t\t<div class=\"elementor-element elementor-element-cfe27f7 e-flex e-con-boxed e-con e-child\" data-id=\"cfe27f7\" data-element_type=\"container\" data-e-type=\"container\">\n\t\t\t\t\t<div class=\"e-con-inner\">\n\t\t\t\t<div class=\"elementor-element elementor-element-95ea013 elementor-widget elementor-widget-heading\" data-id=\"95ea013\" data-element_type=\"widget\" data-e-type=\"widget\" data-widget_type=\"heading.default\">\n\t\t\t\t<div class=\"elementor-widget-container\">\n\t\t\t\t\t<h2 class=\"elementor-heading-title elementor-size-default\">Nivel de pH<\/h2>\t\t\t\t<\/div>\n\t\t\t\t<\/div>\n\t\t\t\t<div class=\"elementor-element elementor-element-1de0218 elementor-widget elementor-widget-heading\" data-id=\"1de0218\" data-element_type=\"widget\" data-e-type=\"widget\" data-widget_type=\"heading.default\">\n\t\t\t\t<div class=\"elementor-widget-container\">\n\t\t\t\t\t<p class=\"elementor-heading-title elementor-size-default\">El nivel de pH del producto es un factor cr\u00edtico para garantizar su seguridad y eficacia. El nivel de pH puede afectar a la capacidad del producto para penetrar en la piel o el cabello y tambi\u00e9n puede causar irritaci\u00f3n o da\u00f1os. Por lo tanto, el nivel de pH se comprueba para garantizar que se encuentra dentro del intervalo recomendado para ese producto espec\u00edfico.  <\/p>\t\t\t\t<\/div>\n\t\t\t\t<\/div>\n\t\t\t\t\t<\/div>\n\t\t\t\t<\/div>\n\t\t<div class=\"elementor-element elementor-element-49db518 e-flex e-con-boxed e-con e-child\" data-id=\"49db518\" data-element_type=\"container\" data-e-type=\"container\">\n\t\t\t\t\t<div class=\"e-con-inner\">\n\t\t\t\t<div class=\"elementor-element elementor-element-c0fe689 elementor-widget elementor-widget-image\" data-id=\"c0fe689\" data-element_type=\"widget\" data-e-type=\"widget\" data-widget_type=\"image.default\">\n\t\t\t\t<div class=\"elementor-widget-container\">\n\t\t\t\t\t\t\t\t\t\t\t\t\t\t\t<img fetchpriority=\"high\" decoding=\"async\" width=\"800\" height=\"533\" src=\"https:\/\/www.xiangxiangdaily.com\/wp-content\/uploads\/2023\/12\/pH-level.webp\" class=\"attachment-large size-large wp-image-11475\" alt=\"pH level\" srcset=\"https:\/\/www.xiangxiangdaily.com\/wp-content\/uploads\/2023\/12\/pH-level.webp 800w, https:\/\/www.xiangxiangdaily.com\/wp-content\/uploads\/2023\/12\/pH-level-600x400.webp 600w, https:\/\/www.xiangxiangdaily.com\/wp-content\/uploads\/2023\/12\/pH-level-300x200.webp 300w, https:\/\/www.xiangxiangdaily.com\/wp-content\/uploads\/2023\/12\/pH-level-768x512.webp 768w\" sizes=\"(max-width: 800px) 100vw, 800px\" \/>\t\t\t\t\t\t\t\t\t\t\t\t\t\t\t<\/div>\n\t\t\t\t<\/div>\n\t\t\t\t\t<\/div>\n\t\t\t\t<\/div>\n\t\t\t\t\t<\/div>\n\t\t\t\t<\/div>\n\t\t<div class=\"elementor-element elementor-element-e8077db e-flex e-con-boxed e-con e-child\" data-id=\"e8077db\" data-element_type=\"container\" data-e-type=\"container\">\n\t\t\t\t\t<div class=\"e-con-inner\">\n\t\t<div class=\"elementor-element elementor-element-94df213 e-flex e-con-boxed e-con e-child\" data-id=\"94df213\" data-element_type=\"container\" data-e-type=\"container\">\n\t\t\t\t\t<div class=\"e-con-inner\">\n\t\t\t\t<div class=\"elementor-element elementor-element-6cab142 elementor-widget elementor-widget-heading\" data-id=\"6cab142\" data-element_type=\"widget\" data-e-type=\"widget\" data-widget_type=\"heading.default\">\n\t\t\t\t<div class=\"elementor-widget-container\">\n\t\t\t\t\t<h2 class=\"elementor-heading-title elementor-size-default\">Viscosidad<\/h2>\t\t\t\t<\/div>\n\t\t\t\t<\/div>\n\t\t\t\t<div class=\"elementor-element elementor-element-3266099 elementor-widget elementor-widget-heading\" data-id=\"3266099\" data-element_type=\"widget\" data-e-type=\"widget\" data-widget_type=\"heading.default\">\n\t\t\t\t<div class=\"elementor-widget-container\">\n\t\t\t\t\t<p class=\"elementor-heading-title elementor-size-default\">El espesor o viscosidad del producto es un aspecto esencial de su calidad global. La viscosidad se mide para garantizar que sea constante y cumpla la textura deseada. La textura del producto es crucial para garantizar que sea f\u00e1cil de aplicar, distribuir y utilizar.  <\/p>\t\t\t\t<\/div>\n\t\t\t\t<\/div>\n\t\t\t\t\t<\/div>\n\t\t\t\t<\/div>\n\t\t<div class=\"elementor-element elementor-element-5238b21 e-flex e-con-boxed e-con e-child\" data-id=\"5238b21\" data-element_type=\"container\" data-e-type=\"container\">\n\t\t\t\t\t<div class=\"e-con-inner\">\n\t\t\t\t<div class=\"elementor-element elementor-element-6c01301 elementor-widget elementor-widget-image\" data-id=\"6c01301\" data-element_type=\"widget\" data-e-type=\"widget\" data-widget_type=\"image.default\">\n\t\t\t\t<div class=\"elementor-widget-container\">\n\t\t\t\t\t\t\t\t\t\t\t\t\t\t\t<img decoding=\"async\" width=\"800\" height=\"533\" src=\"https:\/\/www.xiangxiangdaily.com\/wp-content\/uploads\/2023\/12\/Viscosity.webp\" class=\"attachment-large size-large wp-image-11483\" alt=\"Viscosity\" srcset=\"https:\/\/www.xiangxiangdaily.com\/wp-content\/uploads\/2023\/12\/Viscosity.webp 800w, https:\/\/www.xiangxiangdaily.com\/wp-content\/uploads\/2023\/12\/Viscosity-600x400.webp 600w, https:\/\/www.xiangxiangdaily.com\/wp-content\/uploads\/2023\/12\/Viscosity-300x200.webp 300w, https:\/\/www.xiangxiangdaily.com\/wp-content\/uploads\/2023\/12\/Viscosity-768x512.webp 768w\" sizes=\"(max-width: 800px) 100vw, 800px\" \/>\t\t\t\t\t\t\t\t\t\t\t\t\t\t\t<\/div>\n\t\t\t\t<\/div>\n\t\t\t\t\t<\/div>\n\t\t\t\t<\/div>\n\t\t\t\t\t<\/div>\n\t\t\t\t<\/div>\n\t\t<div class=\"elementor-element elementor-element-a894703 e-flex e-con-boxed e-con e-child\" data-id=\"a894703\" data-element_type=\"container\" data-e-type=\"container\">\n\t\t\t\t\t<div class=\"e-con-inner\">\n\t\t<div class=\"elementor-element elementor-element-eed4df8 e-flex e-con-boxed e-con e-child\" data-id=\"eed4df8\" data-element_type=\"container\" data-e-type=\"container\">\n\t\t\t\t\t<div class=\"e-con-inner\">\n\t\t\t\t<div class=\"elementor-element elementor-element-4b7eb72 elementor-widget elementor-widget-heading\" data-id=\"4b7eb72\" data-element_type=\"widget\" data-e-type=\"widget\" data-widget_type=\"heading.default\">\n\t\t\t\t<div class=\"elementor-widget-container\">\n\t\t\t\t\t<h2 class=\"elementor-heading-title elementor-size-default\">Estabilidad<\/h2>\t\t\t\t<\/div>\n\t\t\t\t<\/div>\n\t\t\t\t<div class=\"elementor-element elementor-element-c8a82cd elementor-widget elementor-widget-heading\" data-id=\"c8a82cd\" data-element_type=\"widget\" data-e-type=\"widget\" data-widget_type=\"heading.default\">\n\t\t\t\t<div class=\"elementor-widget-container\">\n\t\t\t\t\t<p class=\"elementor-heading-title elementor-size-default\">La estabilidad del producto es otro aspecto crucial de su calidad. La estabilidad del producto se comprueba someti\u00e9ndolo a diversas condiciones, como temperaturas altas y bajas, humedad y exposici\u00f3n a la luz, para garantizar que mantiene su integridad. Las pruebas de estabilidad se realizan para garantizar que el producto mantiene su eficacia y seguridad a lo largo del tiempo.  <\/p>\t\t\t\t<\/div>\n\t\t\t\t<\/div>\n\t\t\t\t\t<\/div>\n\t\t\t\t<\/div>\n\t\t<div class=\"elementor-element elementor-element-aedd845 e-flex e-con-boxed e-con e-child\" data-id=\"aedd845\" data-element_type=\"container\" data-e-type=\"container\">\n\t\t\t\t\t<div class=\"e-con-inner\">\n\t\t\t\t<div class=\"elementor-element elementor-element-a03b478 elementor-widget elementor-widget-image\" data-id=\"a03b478\" data-element_type=\"widget\" data-e-type=\"widget\" data-widget_type=\"image.default\">\n\t\t\t\t<div class=\"elementor-widget-container\">\n\t\t\t\t\t\t\t\t\t\t\t\t\t\t\t<img decoding=\"async\" width=\"800\" height=\"533\" src=\"https:\/\/www.xiangxiangdaily.com\/wp-content\/uploads\/2023\/12\/Stability.webp\" class=\"attachment-large size-large wp-image-11479\" alt=\"Stability\" srcset=\"https:\/\/www.xiangxiangdaily.com\/wp-content\/uploads\/2023\/12\/Stability.webp 800w, https:\/\/www.xiangxiangdaily.com\/wp-content\/uploads\/2023\/12\/Stability-600x400.webp 600w, https:\/\/www.xiangxiangdaily.com\/wp-content\/uploads\/2023\/12\/Stability-300x200.webp 300w, https:\/\/www.xiangxiangdaily.com\/wp-content\/uploads\/2023\/12\/Stability-768x512.webp 768w\" sizes=\"(max-width: 800px) 100vw, 800px\" \/>\t\t\t\t\t\t\t\t\t\t\t\t\t\t\t<\/div>\n\t\t\t\t<\/div>\n\t\t\t\t\t<\/div>\n\t\t\t\t<\/div>\n\t\t\t\t\t<\/div>\n\t\t\t\t<\/div>\n\t\t<div class=\"elementor-element elementor-element-ef45a5e e-flex e-con-boxed e-con e-child\" data-id=\"ef45a5e\" data-element_type=\"container\" data-e-type=\"container\">\n\t\t\t\t\t<div class=\"e-con-inner\">\n\t\t<div class=\"elementor-element elementor-element-669a086 e-flex e-con-boxed e-con e-child\" data-id=\"669a086\" data-element_type=\"container\" data-e-type=\"container\">\n\t\t\t\t\t<div class=\"e-con-inner\">\n\t\t\t\t<div class=\"elementor-element elementor-element-f6259ef elementor-widget elementor-widget-heading\" data-id=\"f6259ef\" data-element_type=\"widget\" data-e-type=\"widget\" data-widget_type=\"heading.default\">\n\t\t\t\t<div class=\"elementor-widget-container\">\n\t\t\t\t\t<h2 class=\"elementor-heading-title elementor-size-default\">Contenido microbiano<\/h2>\t\t\t\t<\/div>\n\t\t\t\t<\/div>\n\t\t\t\t<div class=\"elementor-element elementor-element-bb572e5 elementor-widget elementor-widget-heading\" data-id=\"bb572e5\" data-element_type=\"widget\" data-e-type=\"widget\" data-widget_type=\"heading.default\">\n\t\t\t\t<div class=\"elementor-widget-container\">\n\t\t\t\t\t<p class=\"elementor-heading-title elementor-size-default\">La presencia de contaminaci\u00f3n microbiana en el producto puede suponer un riesgo para la salud del usuario. Por ello, el producto se somete a pruebas de contenido microbiano para garantizar que su uso es seguro y no provoca reacciones adversas. Las pruebas microbianas suelen realizarse en distintas fases del proceso de fabricaci\u00f3n, incluidas las materias primas, las muestras durante el proceso y el producto final.  <\/p>\t\t\t\t<\/div>\n\t\t\t\t<\/div>\n\t\t\t\t\t<\/div>\n\t\t\t\t<\/div>\n\t\t<div class=\"elementor-element elementor-element-d2b9bb3 e-flex e-con-boxed e-con e-child\" data-id=\"d2b9bb3\" data-element_type=\"container\" data-e-type=\"container\">\n\t\t\t\t\t<div class=\"e-con-inner\">\n\t\t\t\t<div class=\"elementor-element elementor-element-a89f218 elementor-widget elementor-widget-image\" data-id=\"a89f218\" data-element_type=\"widget\" data-e-type=\"widget\" data-widget_type=\"image.default\">\n\t\t\t\t<div class=\"elementor-widget-container\">\n\t\t\t\t\t\t\t\t\t\t\t\t\t\t\t<img loading=\"lazy\" decoding=\"async\" width=\"800\" height=\"533\" src=\"https:\/\/www.xiangxiangdaily.com\/wp-content\/uploads\/2023\/12\/Microbial-content.webp\" class=\"attachment-large size-large wp-image-11471\" alt=\"Microbial content\" srcset=\"https:\/\/www.xiangxiangdaily.com\/wp-content\/uploads\/2023\/12\/Microbial-content.webp 800w, https:\/\/www.xiangxiangdaily.com\/wp-content\/uploads\/2023\/12\/Microbial-content-600x400.webp 600w, https:\/\/www.xiangxiangdaily.com\/wp-content\/uploads\/2023\/12\/Microbial-content-300x200.webp 300w, https:\/\/www.xiangxiangdaily.com\/wp-content\/uploads\/2023\/12\/Microbial-content-768x512.webp 768w\" sizes=\"(max-width: 800px) 100vw, 800px\" \/>\t\t\t\t\t\t\t\t\t\t\t\t\t\t\t<\/div>\n\t\t\t\t<\/div>\n\t\t\t\t\t<\/div>\n\t\t\t\t<\/div>\n\t\t\t\t\t<\/div>\n\t\t\t\t<\/div>\n\t\t<div class=\"elementor-element elementor-element-dc517d8 e-flex e-con-boxed e-con e-child\" data-id=\"dc517d8\" data-element_type=\"container\" data-e-type=\"container\">\n\t\t\t\t\t<div class=\"e-con-inner\">\n\t\t<div class=\"elementor-element elementor-element-935ecff e-flex e-con-boxed e-con e-child\" data-id=\"935ecff\" data-element_type=\"container\" data-e-type=\"container\">\n\t\t\t\t\t<div class=\"e-con-inner\">\n\t\t\t\t<div class=\"elementor-element elementor-element-cd8b6d0 elementor-widget elementor-widget-heading\" data-id=\"cd8b6d0\" data-element_type=\"widget\" data-e-type=\"widget\" data-widget_type=\"heading.default\">\n\t\t\t\t<div class=\"elementor-widget-container\">\n\t\t\t\t\t<h2 class=\"elementor-heading-title elementor-size-default\">Apariencia<\/h2>\t\t\t\t<\/div>\n\t\t\t\t<\/div>\n\t\t\t\t<div class=\"elementor-element elementor-element-9f76bb8 elementor-widget elementor-widget-heading\" data-id=\"9f76bb8\" data-element_type=\"widget\" data-e-type=\"widget\" data-widget_type=\"heading.default\">\n\t\t\t\t<div class=\"elementor-widget-container\">\n\t\t\t\t\t<p class=\"elementor-heading-title elementor-size-default\">Se inspecciona el aspecto general del producto para garantizar que sea visualmente atractivo y cumpla las normas de calidad deseadas. Se examinan el color, la claridad y la uniformidad del producto para garantizar que cumplen los requisitos especificados. <\/p>\t\t\t\t<\/div>\n\t\t\t\t<\/div>\n\t\t\t\t\t<\/div>\n\t\t\t\t<\/div>\n\t\t<div class=\"elementor-element elementor-element-946cd18 e-flex e-con-boxed e-con e-child\" data-id=\"946cd18\" data-element_type=\"container\" data-e-type=\"container\">\n\t\t\t\t\t<div class=\"e-con-inner\">\n\t\t\t\t<div class=\"elementor-element elementor-element-34b2847 elementor-widget elementor-widget-image\" data-id=\"34b2847\" data-element_type=\"widget\" data-e-type=\"widget\" data-widget_type=\"image.default\">\n\t\t\t\t<div class=\"elementor-widget-container\">\n\t\t\t\t\t\t\t\t\t\t\t\t\t\t\t<img loading=\"lazy\" decoding=\"async\" width=\"800\" height=\"533\" src=\"https:\/\/www.xiangxiangdaily.com\/wp-content\/uploads\/2023\/12\/Appearance.webp\" class=\"attachment-large size-large wp-image-11467\" alt=\"Appearance\" srcset=\"https:\/\/www.xiangxiangdaily.com\/wp-content\/uploads\/2023\/12\/Appearance.webp 800w, https:\/\/www.xiangxiangdaily.com\/wp-content\/uploads\/2023\/12\/Appearance-600x400.webp 600w, https:\/\/www.xiangxiangdaily.com\/wp-content\/uploads\/2023\/12\/Appearance-300x200.webp 300w, https:\/\/www.xiangxiangdaily.com\/wp-content\/uploads\/2023\/12\/Appearance-768x512.webp 768w\" sizes=\"(max-width: 800px) 100vw, 800px\" \/>\t\t\t\t\t\t\t\t\t\t\t\t\t\t\t<\/div>\n\t\t\t\t<\/div>\n\t\t\t\t\t<\/div>\n\t\t\t\t<\/div>\n\t\t\t\t\t<\/div>\n\t\t\t\t<\/div>\n\t\t\t\t<div class=\"elementor-element elementor-element-909e26c elementor-widget elementor-widget-heading\" data-id=\"909e26c\" data-element_type=\"widget\" data-e-type=\"widget\" data-widget_type=\"heading.default\">\n\t\t\t\t<div class=\"elementor-widget-container\">\n\t\t\t\t\t<p class=\"elementor-heading-title elementor-size-default\">Adem\u00e1s de las pruebas anteriores, pueden realizarse otras pruebas espec\u00edficas en funci\u00f3n de los ingredientes del producto y del uso previsto. En general, el proceso de control de calidad en una f\u00e1brica de cosm\u00e9ticos es un proceso meticuloso y exhaustivo que garantiza que el producto final cumple todas las normas de calidad deseadas. <\/p>\t\t\t\t<\/div>\n\t\t\t\t<\/div>\n\t\t\t\t\t<\/div>\n\t\t\t\t<\/div>\n\t\t<div class=\"elementor-element elementor-element-ebbe682 e-flex e-con-boxed e-con e-parent\" data-id=\"ebbe682\" data-element_type=\"container\" data-e-type=\"container\">\n\t\t\t\t\t<div class=\"e-con-inner\">\n\t\t\t\t<div class=\"elementor-element elementor-element-c42b4e6 elementor-widget elementor-widget-heading\" data-id=\"c42b4e6\" data-element_type=\"widget\" data-e-type=\"widget\" data-widget_type=\"heading.default\">\n\t\t\t\t<div class=\"elementor-widget-container\">\n\t\t\t\t\t<h2 class=\"elementor-heading-title elementor-size-default\">La colaboraci\u00f3n en equipo es clave para una protecci\u00f3n de calidad<\/h2>\t\t\t\t<\/div>\n\t\t\t\t<\/div>\n\t\t\t\t<div class=\"elementor-element elementor-element-fc5e5c6 elementor-widget elementor-widget-heading\" data-id=\"fc5e5c6\" data-element_type=\"widget\" data-e-type=\"widget\" data-widget_type=\"heading.default\">\n\t\t\t\t<div class=\"elementor-widget-container\">\n\t\t\t\t\t<p class=\"elementor-heading-title elementor-size-default\">Producir cosm\u00e9ticos de calidad es un esfuerzo de colaboraci\u00f3n que requiere el apoyo conjunto de los operarios de l\u00ednea, los equipos de limpieza y cambio y la direcci\u00f3n de fabricaci\u00f3n\/envasado. Nuestras tecnolog\u00edas de inspecci\u00f3n proporcionan lecturas de datos precisas y se complementan con los agudos sentidos de nuestros inspectores, lo que nos permite cumplir sus especificaciones con la m\u00e1xima fidelidad. <\/p>\t\t\t\t<\/div>\n\t\t\t\t<\/div>\n\t\t<div class=\"elementor-element elementor-element-283a02e e-flex e-con-boxed e-con e-child\" data-id=\"283a02e\" data-element_type=\"container\" data-e-type=\"container\">\n\t\t\t\t\t<div class=\"e-con-inner\">\n\t\t\t\t<div class=\"elementor-element elementor-element-456a05f elementor-widget elementor-widget-image\" data-id=\"456a05f\" data-element_type=\"widget\" data-e-type=\"widget\" data-widget_type=\"image.default\">\n\t\t\t\t<div class=\"elementor-widget-container\">\n\t\t\t\t\t\t\t\t\t\t\t\t\t\t\t<img loading=\"lazy\" decoding=\"async\" width=\"580\" height=\"450\" src=\"https:\/\/www.xiangxiangdaily.com\/wp-content\/uploads\/2023\/12\/Production-Workshop\uff081\uff09.webp\" class=\"attachment-large size-large wp-image-11491\" alt=\"Production Workshop\uff082\uff09\" srcset=\"https:\/\/www.xiangxiangdaily.com\/wp-content\/uploads\/2023\/12\/Production-Workshop\uff081\uff09.webp 580w, https:\/\/www.xiangxiangdaily.com\/wp-content\/uploads\/2023\/12\/Production-Workshop\uff081\uff09-300x233.webp 300w\" sizes=\"(max-width: 580px) 100vw, 580px\" \/>\t\t\t\t\t\t\t\t\t\t\t\t\t\t\t<\/div>\n\t\t\t\t<\/div>\n\t\t\t\t<div class=\"elementor-element elementor-element-b6c61aa elementor-widget elementor-widget-image\" data-id=\"b6c61aa\" data-element_type=\"widget\" data-e-type=\"widget\" data-widget_type=\"image.default\">\n\t\t\t\t<div class=\"elementor-widget-container\">\n\t\t\t\t\t\t\t\t\t\t\t\t\t\t\t<img loading=\"lazy\" decoding=\"async\" width=\"580\" height=\"450\" src=\"https:\/\/www.xiangxiangdaily.com\/wp-content\/uploads\/2023\/12\/shipping-service-1.webp\" class=\"attachment-large size-large wp-image-11495\" alt=\"shipping service\uff082\uff09\" srcset=\"https:\/\/www.xiangxiangdaily.com\/wp-content\/uploads\/2023\/12\/shipping-service-1.webp 580w, https:\/\/www.xiangxiangdaily.com\/wp-content\/uploads\/2023\/12\/shipping-service-1-300x233.webp 300w\" sizes=\"(max-width: 580px) 100vw, 580px\" \/>\t\t\t\t\t\t\t\t\t\t\t\t\t\t\t<\/div>\n\t\t\t\t<\/div>\n\t\t\t\t<div class=\"elementor-element elementor-element-ab35251 elementor-widget elementor-widget-image\" data-id=\"ab35251\" data-element_type=\"widget\" data-e-type=\"widget\" data-widget_type=\"image.default\">\n\t\t\t\t<div class=\"elementor-widget-container\">\n\t\t\t\t\t\t\t\t\t\t\t\t\t\t\t<img loading=\"lazy\" decoding=\"async\" width=\"580\" height=\"450\" src=\"https:\/\/www.xiangxiangdaily.com\/wp-content\/uploads\/2023\/12\/Inventory-Management-1.webp\" class=\"attachment-large size-large wp-image-11487\" alt=\"Inventory Management\uff082\uff09\" srcset=\"https:\/\/www.xiangxiangdaily.com\/wp-content\/uploads\/2023\/12\/Inventory-Management-1.webp 580w, https:\/\/www.xiangxiangdaily.com\/wp-content\/uploads\/2023\/12\/Inventory-Management-1-300x233.webp 300w\" sizes=\"(max-width: 580px) 100vw, 580px\" \/>\t\t\t\t\t\t\t\t\t\t\t\t\t\t\t<\/div>\n\t\t\t\t<\/div>\n\t\t\t\t\t<\/div>\n\t\t\t\t<\/div>\n\t\t\t\t\t<\/div>\n\t\t\t\t<\/div>\n\t\t\t\t<\/div>\n\t\t","protected":false},"excerpt":{"rendered":"<p>Control de calidad Obtener una ventaja sobre los competidores aplicando pr\u00e1cticas de gesti\u00f3n de la calidad. Home Los peque\u00f1os detalles de la belleza son los que realmente la hacen destacar En Xiangxiang, estamos orgullosos de nuestra experiencia en fabricaci\u00f3n depor eso tenemos un departamento dedicado al control de calidad para garantizar la calidad superior de [&hellip;]<\/p>\n","protected":false},"author":1,"featured_media":12015,"parent":0,"menu_order":0,"comment_status":"closed","ping_status":"closed","template":"","meta":{"_acf_changed":false,"footnotes":""},"class_list":["post-19870","page","type-page","status-publish","has-post-thumbnail","hentry"],"acf":[],"_links":{"self":[{"href":"https:\/\/www.xiangxiangdaily.com\/es\/wp-json\/wp\/v2\/pages\/19870","targetHints":{"allow":["GET"]}}],"collection":[{"href":"https:\/\/www.xiangxiangdaily.com\/es\/wp-json\/wp\/v2\/pages"}],"about":[{"href":"https:\/\/www.xiangxiangdaily.com\/es\/wp-json\/wp\/v2\/types\/page"}],"author":[{"embeddable":true,"href":"https:\/\/www.xiangxiangdaily.com\/es\/wp-json\/wp\/v2\/users\/1"}],"replies":[{"embeddable":true,"href":"https:\/\/www.xiangxiangdaily.com\/es\/wp-json\/wp\/v2\/comments?post=19870"}],"version-history":[{"count":0,"href":"https:\/\/www.xiangxiangdaily.com\/es\/wp-json\/wp\/v2\/pages\/19870\/revisions"}],"wp:featuredmedia":[{"embeddable":true,"href":"https:\/\/www.xiangxiangdaily.com\/es\/wp-json\/wp\/v2\/media\/12015"}],"wp:attachment":[{"href":"https:\/\/www.xiangxiangdaily.com\/es\/wp-json\/wp\/v2\/media?parent=19870"}],"curies":[{"name":"wp","href":"https:\/\/api.w.org\/{rel}","templated":true}]}}