{"id":19929,"date":"2022-07-24T11:50:43","date_gmt":"2022-07-24T03:50:43","guid":{"rendered":"https:\/\/www.xiangxiangdaily.com\/servicios\/"},"modified":"2026-02-28T17:24:09","modified_gmt":"2026-02-28T09:24:09","slug":"servicios","status":"publish","type":"page","link":"https:\/\/www.xiangxiangdaily.com\/es\/servicios\/","title":{"rendered":"Servicios"},"content":{"rendered":"\t\t<div data-elementor-type=\"wp-page\" data-elementor-id=\"19929\" class=\"elementor elementor-19929 elementor-751\" data-elementor-post-type=\"page\">\n\t\t\t\t<div class=\"elementor-element elementor-element-2041c355 e-flex e-con-boxed e-con e-parent\" data-id=\"2041c355\" data-element_type=\"container\" data-e-type=\"container\" data-settings=\"{&quot;background_background&quot;:&quot;classic&quot;}\">\n\t\t\t\t\t<div class=\"e-con-inner\">\n\t\t\t\t<div class=\"elementor-element elementor-element-784b54c0 elementor-widget elementor-widget-heading\" data-id=\"784b54c0\" data-element_type=\"widget\" data-e-type=\"widget\" data-widget_type=\"heading.default\">\n\t\t\t\t<div class=\"elementor-widget-container\">\n\t\t\t\t\t<h1 class=\"elementor-heading-title elementor-size-default\">Una cadena de suministro racionalizada: <\/br>Servicios integrales<\/h1>\t\t\t\t<\/div>\n\t\t\t\t<\/div>\n\t\t\t\t<div class=\"elementor-element elementor-element-5d354759 elementor-widget elementor-widget-heading\" data-id=\"5d354759\" data-element_type=\"widget\" data-e-type=\"widget\" data-widget_type=\"heading.default\">\n\t\t\t\t<div class=\"elementor-widget-container\">\n\t\t\t\t\t<p class=\"elementor-heading-title elementor-size-default\">Estamos entre los mejores proveedores de servicios de fabricaci\u00f3n, distribuci\u00f3n y aumento de ingresos.<\/p>\t\t\t\t<\/div>\n\t\t\t\t<\/div>\n\t\t\t\t\t<\/div>\n\t\t\t\t<\/div>\n\t\t<div class=\"elementor-element elementor-element-e14c6d6 e-flex e-con-boxed e-con e-parent\" data-id=\"e14c6d6\" data-element_type=\"container\" data-e-type=\"container\" data-settings=\"{&quot;background_background&quot;:&quot;classic&quot;}\">\n\t\t\t\t\t<div class=\"e-con-inner\">\n\t\t\t\t<div class=\"elementor-element elementor-element-41f743e elementor-widget elementor-widget-breadcrumbs\" data-id=\"41f743e\" data-element_type=\"widget\" data-e-type=\"widget\" data-widget_type=\"breadcrumbs.default\">\n\t\t\t\t<div class=\"elementor-widget-container\">\n\t\t\t\t\t<nav><span class=\"last\">Inicio<\/span><\/nav>\t\t\t\t<\/div>\n\t\t\t\t<\/div>\n\t\t\t\t\t<\/div>\n\t\t\t\t<\/div>\n\t\t<div class=\"elementor-element elementor-element-a5b128f e-flex e-con-boxed e-con e-parent\" data-id=\"a5b128f\" data-element_type=\"container\" data-e-type=\"container\">\n\t\t\t\t\t<div class=\"e-con-inner\">\n\t\t<div class=\"elementor-element elementor-element-b9aa2b5 e-con-full e-flex e-con e-child\" data-id=\"b9aa2b5\" data-element_type=\"container\" data-e-type=\"container\">\n\t\t\t\t<div class=\"elementor-element elementor-element-33a6232 elementor-widget elementor-widget-heading\" data-id=\"33a6232\" data-element_type=\"widget\" data-e-type=\"widget\" data-widget_type=\"heading.default\">\n\t\t\t\t<div class=\"elementor-widget-container\">\n\t\t\t\t\t<h2 class=\"elementor-heading-title elementor-size-default\">A su lado desde la concepci\u00f3n hasta el env\u00edo<\/h2>\t\t\t\t<\/div>\n\t\t\t\t<\/div>\n\t\t\t\t<div class=\"elementor-element elementor-element-e2e7828 elementor-widget-divider--view-line elementor-widget elementor-widget-divider\" data-id=\"e2e7828\" data-element_type=\"widget\" data-e-type=\"widget\" data-widget_type=\"divider.default\">\n\t\t\t\t<div class=\"elementor-widget-container\">\n\t\t\t\t\t\t\t<div class=\"elementor-divider\">\n\t\t\t<span class=\"elementor-divider-separator\">\n\t\t\t\t\t\t<\/span>\n\t\t<\/div>\n\t\t\t\t\t\t<\/div>\n\t\t\t\t<\/div>\n\t\t\t\t<\/div>\n\t\t<div class=\"elementor-element elementor-element-bf89cb4 e-con-full e-flex e-con e-child\" data-id=\"bf89cb4\" data-element_type=\"container\" data-e-type=\"container\">\n\t\t\t\t<div class=\"elementor-element elementor-element-8b0f587 elementor-widget elementor-widget-heading\" data-id=\"8b0f587\" data-element_type=\"widget\" data-e-type=\"widget\" data-widget_type=\"heading.default\">\n\t\t\t\t<div class=\"elementor-widget-container\">\n\t\t\t\t\t<p class=\"elementor-heading-title elementor-size-default\">Nuestros equipos t\u00e9cnicos e industriales ponen a su disposici\u00f3n toda su experiencia para ayudarle a definir su proyecto cosm\u00e9tico y garantizar la perfecta compatibilidad entre nuestros productos y su idea, lo que garantiza nuestro \u00e9xito compartido.<\/p>\t\t\t\t<\/div>\n\t\t\t\t<\/div>\n\t\t\t\t<div class=\"elementor-element elementor-element-9c89bef elementor-widget elementor-widget-text-editor\" data-id=\"9c89bef\" data-element_type=\"widget\" data-e-type=\"widget\" data-widget_type=\"text-editor.default\">\n\t\t\t\t<div class=\"elementor-widget-container\">\n\t\t\t\t\t\t\t\t\t<p>Ofrecemos servicios integrales, respaldados por expertos en cosm\u00e9tica y m\u00e1s de 30 a\u00f1os de investigaci\u00f3n en el sector del <span style=\"text-decoration: underline;\">\n  <span style=\"color: #ff99cc;\">\n    <a style=\"color: #ff99cc; text-decoration: underline;\" href=\"https:\/\/www.pinterest.com\/xiangxaingdaily\/\" target=\"_blank\" rel=\"noopener\">cuidado personal<\/a>\n  <\/span>\n<\/span> personal.<\/p>\t\t\t\t\t\t\t\t<\/div>\n\t\t\t\t<\/div>\n\t\t\t\t<div class=\"elementor-element elementor-element-6d7a8e9 elementor-widget elementor-widget-heading\" data-id=\"6d7a8e9\" data-element_type=\"widget\" data-e-type=\"widget\" data-widget_type=\"heading.default\">\n\t\t\t\t<div class=\"elementor-widget-container\">\n\t\t\t\t\t<p class=\"elementor-heading-title elementor-size-default\">Cada uno de los servicios se adapta espec\u00edficamente y se te apoya cuidadosamente en cada fase del proceso, desde el dise\u00f1o inicial del producto hasta los <a href=\"https:\/\/www.xiangxiangdaily.com\/es\/servicio-posventa\/\" title=\"Servicio postventa\" target=\"_blank\" rel=\"noopener\" class=\"link-whisper\" data-wpil-monitor-id=\"2\">servicios posventa<\/a>, establecidos por Xiangxiang para proporcionar tambi\u00e9n informaci\u00f3n de calidad.<\/p>\t\t\t\t<\/div>\n\t\t\t\t<\/div>\n\t\t\t\t<\/div>\n\t\t\t\t\t<\/div>\n\t\t\t\t<\/div>\n\t\t<div class=\"elementor-element elementor-element-0489729 e-flex e-con-boxed e-con e-parent\" data-id=\"0489729\" data-element_type=\"container\" data-e-type=\"container\">\n\t\t\t\t\t<div class=\"e-con-inner\">\n\t\t<a class=\"elementor-element elementor-element-191c3a2 e-con-full e-flex e-con e-child\" data-id=\"191c3a2\" data-element_type=\"container\" data-e-type=\"container\" href=\"https:\/\/www.xiangxiangdaily.com\/es\/investigacion-desarrollo\/\">\n\t\t\t\t<div class=\"elementor-element elementor-element-37232d6 elementor-widget elementor-widget-image\" data-id=\"37232d6\" data-element_type=\"widget\" data-e-type=\"widget\" data-widget_type=\"image.default\">\n\t\t\t\t<div class=\"elementor-widget-container\">\n\t\t\t\t\t\t\t\t\t\t\t\t\t\t\t<img fetchpriority=\"high\" decoding=\"async\" width=\"500\" height=\"333\" src=\"https:\/\/www.xiangxiangdaily.com\/wp-content\/uploads\/2023\/12\/Research-Development0.webp\" class=\"attachment-large size-large wp-image-12019\" alt=\"Research &amp; Development(0)\" srcset=\"https:\/\/www.xiangxiangdaily.com\/wp-content\/uploads\/2023\/12\/Research-Development0.webp 500w, https:\/\/www.xiangxiangdaily.com\/wp-content\/uploads\/2023\/12\/Research-Development0-300x200.webp 300w\" sizes=\"(max-width: 500px) 100vw, 500px\" \/>\t\t\t\t\t\t\t\t\t\t\t\t\t\t\t<\/div>\n\t\t\t\t<\/div>\n\t\t\t\t<div class=\"elementor-element elementor-element-d64fa3b elementor-widget elementor-widget-heading\" data-id=\"d64fa3b\" data-element_type=\"widget\" data-e-type=\"widget\" data-widget_type=\"heading.default\">\n\t\t\t\t<div class=\"elementor-widget-container\">\n\t\t\t\t\t<h4 class=\"elementor-heading-title elementor-size-default\">Investigaci\u00f3n y desarrollo<\/h4>\t\t\t\t<\/div>\n\t\t\t\t<\/div>\n\t\t\t\t<div class=\"elementor-element elementor-element-e5500eb elementor-widget elementor-widget-heading\" data-id=\"e5500eb\" data-element_type=\"widget\" data-e-type=\"widget\" data-widget_type=\"heading.default\">\n\t\t\t\t<div class=\"elementor-widget-container\">\n\t\t\t\t\t<p class=\"elementor-heading-title elementor-size-default\">Creamos para usted los envases que mejor se adaptan a sus productos, sus mercados y sus clientes.<\/p>\t\t\t\t<\/div>\n\t\t\t\t<\/div>\n\t\t\t\t<\/a>\n\t\t<a class=\"elementor-element elementor-element-db1d02f e-con-full e-flex e-con e-child\" data-id=\"db1d02f\" data-element_type=\"container\" data-e-type=\"container\" href=\"https:\/\/www.xiangxiangdaily.com\/es\/oemodm-services\/\">\n\t\t\t\t<div class=\"elementor-element elementor-element-ca8e5a4 elementor-widget elementor-widget-image\" data-id=\"ca8e5a4\" data-element_type=\"widget\" data-e-type=\"widget\" data-widget_type=\"image.default\">\n\t\t\t\t<div class=\"elementor-widget-container\">\n\t\t\t\t\t\t\t\t\t\t\t\t\t\t\t<img decoding=\"async\" width=\"500\" height=\"333\" src=\"https:\/\/www.xiangxiangdaily.com\/wp-content\/uploads\/2023\/12\/OEM-ODM0.webp\" class=\"attachment-large size-large wp-image-12011\" alt=\"OEM &amp; ODM(0)\" srcset=\"https:\/\/www.xiangxiangdaily.com\/wp-content\/uploads\/2023\/12\/OEM-ODM0.webp 500w, https:\/\/www.xiangxiangdaily.com\/wp-content\/uploads\/2023\/12\/OEM-ODM0-300x200.webp 300w\" sizes=\"(max-width: 500px) 100vw, 500px\" \/>\t\t\t\t\t\t\t\t\t\t\t\t\t\t\t<\/div>\n\t\t\t\t<\/div>\n\t\t\t\t<div class=\"elementor-element elementor-element-dc81454 elementor-widget elementor-widget-heading\" data-id=\"dc81454\" data-element_type=\"widget\" data-e-type=\"widget\" data-widget_type=\"heading.default\">\n\t\t\t\t<div class=\"elementor-widget-container\">\n\t\t\t\t\t<h4 class=\"elementor-heading-title elementor-size-default\">OEM Y ODM<\/h4>\t\t\t\t<\/div>\n\t\t\t\t<\/div>\n\t\t\t\t<div class=\"elementor-element elementor-element-a54dd24 elementor-widget elementor-widget-heading\" data-id=\"a54dd24\" data-element_type=\"widget\" data-e-type=\"widget\" data-widget_type=\"heading.default\">\n\t\t\t\t<div class=\"elementor-widget-container\">\n\t\t\t\t\t<p class=\"elementor-heading-title elementor-size-default\">Con su dise\u00f1o o con la ayuda de nuestro equipo gr\u00e1fico y de marca, decoraremos y etiquetaremos su envase para una presentaci\u00f3n realmente especial.<\/p>\t\t\t\t<\/div>\n\t\t\t\t<\/div>\n\t\t\t\t<\/a>\n\t\t\t\t\t<\/div>\n\t\t\t\t<\/div>\n\t\t<div class=\"elementor-element elementor-element-d86938d e-flex e-con-boxed e-con e-parent\" data-id=\"d86938d\" data-element_type=\"container\" data-e-type=\"container\">\n\t\t\t\t\t<div class=\"e-con-inner\">\n\t\t<a class=\"elementor-element elementor-element-2807bb9 e-con-full e-flex e-con e-child\" data-id=\"2807bb9\" data-element_type=\"container\" data-e-type=\"container\" href=\"https:\/\/www.xiangxiangdaily.com\/manufacturing\/\">\n\t\t\t\t<div class=\"elementor-element elementor-element-d7d1dbb elementor-widget elementor-widget-image\" data-id=\"d7d1dbb\" data-element_type=\"widget\" data-e-type=\"widget\" data-widget_type=\"image.default\">\n\t\t\t\t<div class=\"elementor-widget-container\">\n\t\t\t\t\t\t\t\t\t\t\t\t\t\t\t<img decoding=\"async\" width=\"500\" height=\"333\" src=\"https:\/\/www.xiangxiangdaily.com\/wp-content\/uploads\/2023\/12\/Cosmetics-Manufacturing0.webp\" class=\"attachment-large size-large wp-image-12003\" alt=\"Cosmetics Manufacturing(0)\" \/>\t\t\t\t\t\t\t\t\t\t\t\t\t\t\t<\/div>\n\t\t\t\t<\/div>\n\t\t\t\t<div class=\"elementor-element elementor-element-39649e4 elementor-widget elementor-widget-heading\" data-id=\"39649e4\" data-element_type=\"widget\" data-e-type=\"widget\" data-widget_type=\"heading.default\">\n\t\t\t\t<div class=\"elementor-widget-container\">\n\t\t\t\t\t<h4 class=\"elementor-heading-title elementor-size-default\">Fabricaci\u00f3n de cosm\u00e9ticos<\/h4>\t\t\t\t<\/div>\n\t\t\t\t<\/div>\n\t\t\t\t<div class=\"elementor-element elementor-element-36b284d elementor-widget elementor-widget-heading\" data-id=\"36b284d\" data-element_type=\"widget\" data-e-type=\"widget\" data-widget_type=\"heading.default\">\n\t\t\t\t<div class=\"elementor-widget-container\">\n\t\t\t\t\t<p class=\"elementor-heading-title elementor-size-default\">Desde m\u00e1quinas de concesi\u00f3n de licencias hasta producci\u00f3n de cosm\u00e9ticos, pasando por tecnolog\u00edas de inspecci\u00f3n manuales o automatizadas, tenemos todo lo que necesita.<\/p>\t\t\t\t<\/div>\n\t\t\t\t<\/div>\n\t\t\t\t<\/a>\n\t\t<a class=\"elementor-element elementor-element-121753f e-con-full e-flex e-con e-child\" data-id=\"121753f\" data-element_type=\"container\" data-e-type=\"container\" href=\"https:\/\/www.xiangxiangdaily.com\/es\/calidad\/\">\n\t\t\t\t<div class=\"elementor-element elementor-element-4057b17 elementor-widget elementor-widget-image\" data-id=\"4057b17\" data-element_type=\"widget\" data-e-type=\"widget\" data-widget_type=\"image.default\">\n\t\t\t\t<div class=\"elementor-widget-container\">\n\t\t\t\t\t\t\t\t\t\t\t\t\t\t\t<img loading=\"lazy\" decoding=\"async\" width=\"500\" height=\"333\" src=\"https:\/\/www.xiangxiangdaily.com\/wp-content\/uploads\/2023\/12\/Quality-Management0.webp\" class=\"attachment-large size-large wp-image-12015\" alt=\"Quality Management(0)\" srcset=\"https:\/\/www.xiangxiangdaily.com\/wp-content\/uploads\/2023\/12\/Quality-Management0.webp 500w, https:\/\/www.xiangxiangdaily.com\/wp-content\/uploads\/2023\/12\/Quality-Management0-300x200.webp 300w\" sizes=\"(max-width: 500px) 100vw, 500px\" \/>\t\t\t\t\t\t\t\t\t\t\t\t\t\t\t<\/div>\n\t\t\t\t<\/div>\n\t\t\t\t<div class=\"elementor-element elementor-element-22771e0 elementor-widget elementor-widget-heading\" data-id=\"22771e0\" data-element_type=\"widget\" data-e-type=\"widget\" data-widget_type=\"heading.default\">\n\t\t\t\t<div class=\"elementor-widget-container\">\n\t\t\t\t\t<h4 class=\"elementor-heading-title elementor-size-default\">Gesti\u00f3n de la calidad<\/h4>\t\t\t\t<\/div>\n\t\t\t\t<\/div>\n\t\t\t\t<div class=\"elementor-element elementor-element-c27530d elementor-widget elementor-widget-heading\" data-id=\"c27530d\" data-element_type=\"widget\" data-e-type=\"widget\" data-widget_type=\"heading.default\">\n\t\t\t\t<div class=\"elementor-widget-container\">\n\t\t\t\t\t<p class=\"elementor-heading-title elementor-size-default\">Auditor\u00edas sistem\u00e1ticas de nuevos productos, control de la producci\u00f3n en curso de cada l\u00ednea y auditor\u00edas de procesos.<\/p>\t\t\t\t<\/div>\n\t\t\t\t<\/div>\n\t\t\t\t<\/a>\n\t\t\t\t\t<\/div>\n\t\t\t\t<\/div>\n\t\t<div class=\"elementor-element elementor-element-2980634 e-flex e-con-boxed e-con e-parent\" data-id=\"2980634\" data-element_type=\"container\" data-e-type=\"container\">\n\t\t\t\t\t<div class=\"e-con-inner\">\n\t\t<a class=\"elementor-element elementor-element-124f62e e-con-full e-flex e-con e-child\" data-id=\"124f62e\" data-element_type=\"container\" data-e-type=\"container\" href=\"https:\/\/www.xiangxiangdaily.com\/es\/almacenamiento-logistica\/\">\n\t\t\t\t<div class=\"elementor-element elementor-element-855325c elementor-widget elementor-widget-image\" data-id=\"855325c\" data-element_type=\"widget\" data-e-type=\"widget\" data-widget_type=\"image.default\">\n\t\t\t\t<div class=\"elementor-widget-container\">\n\t\t\t\t\t\t\t\t\t\t\t\t\t\t\t<img loading=\"lazy\" decoding=\"async\" width=\"500\" height=\"333\" src=\"https:\/\/www.xiangxiangdaily.com\/wp-content\/uploads\/2023\/12\/Inventory-Management0.webp\" class=\"attachment-large size-large wp-image-12007\" alt=\"Inventory Management(0)\" srcset=\"https:\/\/www.xiangxiangdaily.com\/wp-content\/uploads\/2023\/12\/Inventory-Management0.webp 500w, https:\/\/www.xiangxiangdaily.com\/wp-content\/uploads\/2023\/12\/Inventory-Management0-300x200.webp 300w\" sizes=\"(max-width: 500px) 100vw, 500px\" \/>\t\t\t\t\t\t\t\t\t\t\t\t\t\t\t<\/div>\n\t\t\t\t<\/div>\n\t\t\t\t<div class=\"elementor-element elementor-element-80c74b3 elementor-widget elementor-widget-heading\" data-id=\"80c74b3\" data-element_type=\"widget\" data-e-type=\"widget\" data-widget_type=\"heading.default\">\n\t\t\t\t<div class=\"elementor-widget-container\">\n\t\t\t\t\t<h4 class=\"elementor-heading-title elementor-size-default\">Almacenamiento y log\u00edstica<\/h4>\t\t\t\t<\/div>\n\t\t\t\t<\/div>\n\t\t\t\t<div class=\"elementor-element elementor-element-5efd053 elementor-widget elementor-widget-heading\" data-id=\"5efd053\" data-element_type=\"widget\" data-e-type=\"widget\" data-widget_type=\"heading.default\">\n\t\t\t\t<div class=\"elementor-widget-container\">\n\t\t\t\t\t<p class=\"elementor-heading-title elementor-size-default\">Con m\u00e1s de 3 millones de pies cuadrados de espacio de almac\u00e9n y nuestra amplia experiencia en gesti\u00f3n de inventarios, estamos preparados para servirle.<\/p>\t\t\t\t<\/div>\n\t\t\t\t<\/div>\n\t\t\t\t<\/a>\n\t\t<a class=\"elementor-element elementor-element-ea0d23d e-con-full e-flex e-con e-child\" data-id=\"ea0d23d\" data-element_type=\"container\" data-e-type=\"container\" href=\"https:\/\/www.xiangxiangdaily.com\/es\/servicio-posventa\/\">\n\t\t\t\t<div class=\"elementor-element elementor-element-c9482da elementor-widget elementor-widget-image\" data-id=\"c9482da\" data-element_type=\"widget\" data-e-type=\"widget\" data-widget_type=\"image.default\">\n\t\t\t\t<div class=\"elementor-widget-container\">\n\t\t\t\t\t\t\t\t\t\t\t\t\t\t\t<img loading=\"lazy\" decoding=\"async\" width=\"500\" height=\"333\" src=\"https:\/\/www.xiangxiangdaily.com\/wp-content\/uploads\/2023\/12\/After-Sales-Services0.webp\" class=\"attachment-large size-large wp-image-11999\" alt=\"After-Sales Services(0)\" srcset=\"https:\/\/www.xiangxiangdaily.com\/wp-content\/uploads\/2023\/12\/After-Sales-Services0.webp 500w, https:\/\/www.xiangxiangdaily.com\/wp-content\/uploads\/2023\/12\/After-Sales-Services0-300x200.webp 300w\" sizes=\"(max-width: 500px) 100vw, 500px\" \/>\t\t\t\t\t\t\t\t\t\t\t\t\t\t\t<\/div>\n\t\t\t\t<\/div>\n\t\t\t\t<div class=\"elementor-element elementor-element-a025783 elementor-widget elementor-widget-heading\" data-id=\"a025783\" data-element_type=\"widget\" data-e-type=\"widget\" data-widget_type=\"heading.default\">\n\t\t\t\t<div class=\"elementor-widget-container\">\n\t\t\t\t\t<h4 class=\"elementor-heading-title elementor-size-default\">Servicio posventa<\/h4>\t\t\t\t<\/div>\n\t\t\t\t<\/div>\n\t\t\t\t<div class=\"elementor-element elementor-element-e9709d0 elementor-widget elementor-widget-heading\" data-id=\"e9709d0\" data-element_type=\"widget\" data-e-type=\"widget\" data-widget_type=\"heading.default\">\n\t\t\t\t<div class=\"elementor-widget-container\">\n\t\t\t\t\t<p class=\"elementor-heading-title elementor-size-default\">Nuestro equipo le presta apoyo sobre el terreno para garantizar la eficacia y la resoluci\u00f3n de cualquier problema.\n<\/p>\t\t\t\t<\/div>\n\t\t\t\t<\/div>\n\t\t\t\t<\/a>\n\t\t\t\t\t<\/div>\n\t\t\t\t<\/div>\n\t\t\t\t<\/div>\n\t\t","protected":false},"excerpt":{"rendered":"<p>Una cadena de suministro racionalizada: Servicios integrales Estamos entre los mejores proveedores de servicios de fabricaci\u00f3n, distribuci\u00f3n y aumento de ingresos. Home A su lado desde la concepci\u00f3n hasta el env\u00edo Nuestros equipos t\u00e9cnicos e industriales ponen a su disposici\u00f3n toda su experiencia para ayudarle a definir su proyecto cosm\u00e9tico y garantizar la perfecta compatibilidad [&hellip;]<\/p>\n","protected":false},"author":1,"featured_media":11459,"parent":0,"menu_order":0,"comment_status":"closed","ping_status":"closed","template":"","meta":{"_acf_changed":false,"footnotes":""},"class_list":["post-19929","page","type-page","status-publish","has-post-thumbnail","hentry"],"acf":[],"_links":{"self":[{"href":"https:\/\/www.xiangxiangdaily.com\/es\/wp-json\/wp\/v2\/pages\/19929","targetHints":{"allow":["GET"]}}],"collection":[{"href":"https:\/\/www.xiangxiangdaily.com\/es\/wp-json\/wp\/v2\/pages"}],"about":[{"href":"https:\/\/www.xiangxiangdaily.com\/es\/wp-json\/wp\/v2\/types\/page"}],"author":[{"embeddable":true,"href":"https:\/\/www.xiangxiangdaily.com\/es\/wp-json\/wp\/v2\/users\/1"}],"replies":[{"embeddable":true,"href":"https:\/\/www.xiangxiangdaily.com\/es\/wp-json\/wp\/v2\/comments?post=19929"}],"version-history":[{"count":0,"href":"https:\/\/www.xiangxiangdaily.com\/es\/wp-json\/wp\/v2\/pages\/19929\/revisions"}],"wp:featuredmedia":[{"embeddable":true,"href":"https:\/\/www.xiangxiangdaily.com\/es\/wp-json\/wp\/v2\/media\/11459"}],"wp:attachment":[{"href":"https:\/\/www.xiangxiangdaily.com\/es\/wp-json\/wp\/v2\/media?parent=19929"}],"curies":[{"name":"wp","href":"https:\/\/api.w.org\/{rel}","templated":true}]}}