{"id":20212,"date":"2023-12-08T18:05:54","date_gmt":"2023-12-08T10:05:54","guid":{"rendered":"https:\/\/www.xiangxiangdaily.com\/comercio-electronico-y-minoristas\/"},"modified":"2025-11-12T10:48:51","modified_gmt":"2025-11-12T02:48:51","slug":"comercio-electronico-y-minoristas","status":"publish","type":"page","link":"https:\/\/www.xiangxiangdaily.com\/es\/comercio-electronico-y-minoristas\/","title":{"rendered":"Comercio electr\u00f3nico y minoristas"},"content":{"rendered":"\t\t<div data-elementor-type=\"wp-page\" data-elementor-id=\"20212\" class=\"elementor elementor-20212 elementor-9905\" data-elementor-post-type=\"page\">\n\t\t\t\t<div class=\"elementor-element elementor-element-16de91d1 e-flex e-con-boxed e-con e-parent\" data-id=\"16de91d1\" data-element_type=\"container\" data-e-type=\"container\" data-settings=\"{&quot;background_background&quot;:&quot;classic&quot;}\">\n\t\t\t\t\t<div class=\"e-con-inner\">\n\t\t\t\t<div class=\"elementor-element elementor-element-4609a700 elementor-widget elementor-widget-heading\" data-id=\"4609a700\" data-element_type=\"widget\" data-e-type=\"widget\" data-widget_type=\"heading.default\">\n\t\t\t\t<div class=\"elementor-widget-container\">\n\t\t\t\t\t<h1 class=\"elementor-heading-title elementor-size-default\">Soluci\u00f3n para comercio electr\u00f3nico y minoristas<\/h1>\t\t\t\t<\/div>\n\t\t\t\t<\/div>\n\t\t\t\t<div class=\"elementor-element elementor-element-5076f3ad elementor-widget elementor-widget-heading\" data-id=\"5076f3ad\" data-element_type=\"widget\" data-e-type=\"widget\" data-widget_type=\"heading.default\">\n\t\t\t\t<div class=\"elementor-widget-container\">\n\t\t\t\t\t<p class=\"elementor-heading-title elementor-size-default\">Comprometidos a proporcionar a nuestros clientes los recursos y la asistencia que necesitan para triunfar en el cambiante entorno del comercio electr\u00f3nico y minorista.<\/p>\t\t\t\t<\/div>\n\t\t\t\t<\/div>\n\t\t\t\t<div class=\"elementor-element elementor-element-d85a150 elementor-widget elementor-widget-breadcrumbs\" data-id=\"d85a150\" data-element_type=\"widget\" data-e-type=\"widget\" data-widget_type=\"breadcrumbs.default\">\n\t\t\t\t<div class=\"elementor-widget-container\">\n\t\t\t\t\t<nav><span class=\"last\">Inicio<\/span><\/nav>\t\t\t\t<\/div>\n\t\t\t\t<\/div>\n\t\t\t\t\t<\/div>\n\t\t\t\t<\/div>\n\t\t<div class=\"elementor-element elementor-element-6c9b7da e-flex e-con-boxed e-con e-parent\" data-id=\"6c9b7da\" data-element_type=\"container\" data-e-type=\"container\" data-settings=\"{&quot;background_background&quot;:&quot;classic&quot;}\">\n\t\t\t\t\t<div class=\"e-con-inner\">\n\t\t<div class=\"elementor-element elementor-element-692afdc e-flex e-con-boxed e-con e-child\" data-id=\"692afdc\" data-element_type=\"container\" data-e-type=\"container\">\n\t\t\t\t\t<div class=\"e-con-inner\">\n\t\t\t\t<div class=\"elementor-element elementor-element-4a4ed38 elementor-widget elementor-widget-heading\" data-id=\"4a4ed38\" data-element_type=\"widget\" data-e-type=\"widget\" data-widget_type=\"heading.default\">\n\t\t\t\t<div class=\"elementor-widget-container\">\n\t\t\t\t\t<h5 class=\"elementor-heading-title elementor-size-default\">Proveedor de m\u00e1s de 3000 marcas de cosm\u00e9ticos<\/h5>\t\t\t\t<\/div>\n\t\t\t\t<\/div>\n\t\t\t\t<div class=\"elementor-element elementor-element-2335f20 elementor-widget elementor-widget-heading\" data-id=\"2335f20\" data-element_type=\"widget\" data-e-type=\"widget\" data-widget_type=\"heading.default\">\n\t\t\t\t<div class=\"elementor-widget-container\">\n\t\t\t\t\t<h2 class=\"elementor-heading-title elementor-size-default\">Haz crecer tu negocio de comercio electr\u00f3nico con nuestras soluciones probadas<\/h2>\t\t\t\t<\/div>\n\t\t\t\t<\/div>\n\t\t\t\t<div class=\"elementor-element elementor-element-050424d elementor-widget elementor-widget-heading\" data-id=\"050424d\" data-element_type=\"widget\" data-e-type=\"widget\" data-widget_type=\"heading.default\">\n\t\t\t\t<div class=\"elementor-widget-container\">\n\t\t\t\t\t<p class=\"elementor-heading-title elementor-size-default\">Nuestra soluci\u00f3n de comercio electr\u00f3nico se basa en a\u00f1os de experiencia e investigaci\u00f3n. Hemos ayudado a miles de minoristas a hacer crecer sus negocios, y podemos ayudarle a usted tambi\u00e9n.<\/p>\t\t\t\t<\/div>\n\t\t\t\t<\/div>\n\t\t\t\t<div class=\"elementor-element elementor-element-b6838d2 elementor-widget elementor-widget-button\" data-id=\"b6838d2\" data-element_type=\"widget\" data-e-type=\"widget\" data-widget_type=\"button.default\">\n\t\t\t\t<div class=\"elementor-widget-container\">\n\t\t\t\t\t\t\t\t\t<div class=\"elementor-button-wrapper\">\n\t\t\t\t\t<a class=\"elementor-button elementor-button-link elementor-size-sm\" href=\"#elementor-action%3Aaction%3Dpopup%3Aopen%26settings%3DeyJpZCI6ODQ4NDMsInRvZ2dsZSI6ZmFsc2V9\">\n\t\t\t\t\t\t<span class=\"elementor-button-content-wrapper\">\n\t\t\t\t\t\t\t\t\t<span class=\"elementor-button-text\">Hable de su proyecto<\/span>\n\t\t\t\t\t<\/span>\n\t\t\t\t\t<\/a>\n\t\t\t\t<\/div>\n\t\t\t\t\t\t\t\t<\/div>\n\t\t\t\t<\/div>\n\t\t\t\t\t<\/div>\n\t\t\t\t<\/div>\n\t\t<div class=\"elementor-element elementor-element-bf2cf63 e-flex e-con-boxed e-con e-child\" data-id=\"bf2cf63\" data-element_type=\"container\" data-e-type=\"container\">\n\t\t\t\t\t<div class=\"e-con-inner\">\n\t\t\t\t<div class=\"elementor-element elementor-element-f45ffeb elementor-widget elementor-widget-image\" data-id=\"f45ffeb\" data-element_type=\"widget\" data-e-type=\"widget\" data-widget_type=\"image.default\">\n\t\t\t\t<div class=\"elementor-widget-container\">\n\t\t\t\t\t\t\t\t\t\t\t\t\t\t\t<img fetchpriority=\"high\" decoding=\"async\" width=\"500\" height=\"353\" src=\"https:\/\/www.xiangxiangdaily.com\/wp-content\/uploads\/2024\/01\/Beauty-Salon-Product-Manufacturer.webp\" class=\"attachment-large size-large wp-image-12192\" alt=\"Beauty Salon Product Manufacturer\" srcset=\"https:\/\/www.xiangxiangdaily.com\/wp-content\/uploads\/2024\/01\/Beauty-Salon-Product-Manufacturer.webp 500w, https:\/\/www.xiangxiangdaily.com\/wp-content\/uploads\/2024\/01\/Beauty-Salon-Product-Manufacturer-300x212.webp 300w\" sizes=\"(max-width: 500px) 100vw, 500px\" \/>\t\t\t\t\t\t\t\t\t\t\t\t\t\t\t<\/div>\n\t\t\t\t<\/div>\n\t\t\t\t\t<\/div>\n\t\t\t\t<\/div>\n\t\t\t\t\t<\/div>\n\t\t\t\t<\/div>\n\t\t<div class=\"elementor-element elementor-element-76a0d6d e-flex e-con-boxed e-con e-parent\" data-id=\"76a0d6d\" data-element_type=\"container\" data-e-type=\"container\">\n\t\t\t\t\t<div class=\"e-con-inner\">\n\t\t\t\t<div class=\"elementor-element elementor-element-439b752 elementor-widget elementor-widget-text-editor\" data-id=\"439b752\" data-element_type=\"widget\" data-e-type=\"widget\" data-widget_type=\"text-editor.default\">\n\t\t\t\t<div class=\"elementor-widget-container\">\n\t\t\t\t\t\t\t\t\t<p>Como <a class=\"link-whisper\" title=\"Cuidado corporal Fabricante\" href=\"https:\/\/www.xiangxiangdaily.com\/es\/fabricante-de-productos-de-higiene-corporal\/\" target=\"_blank\" rel=\"noopener\" data-wpil-monitor-id=\"109\">fabricante de productos de cuidado<\/a> personal con amplia experiencia en productos para el cuidado del cabello, comprendemos los retos y oportunidades \u00fanicos a los que se enfrentan las plataformas de comercio electr\u00f3nico y los minoristas en el competitivo mercado actual. Tanto si eres una tienda online, una gran superficie o una tienda boutique, te ofrecemos <strong>productos personalizados <a class=\"link-whisper\" title=\"Cuidado del cabello Fabricantes\" href=\"https:\/\/www.xiangxiangdaily.com\/es\/fabricante-de-productos-para-el-cuidado-del-cabello\/\" target=\"_blank\" rel=\"noopener\" data-wpil-monitor-id=\"803\">para el cuidado del cabello<\/a><\/strong> adaptados a las necesidades de tus clientes y a tus objetivos empresariales. Nuestra probada experiencia en el sector garantiza que podemos ayudarte a ofrecer productos distintivos de alta calidad que impulsen las ventas y la fidelidad de los clientes.<\/p>\n<h3>1. Formulaciones de productos a medida para tu mercado<\/h3>\n<p>El comercio electr\u00f3nico y los mercados minoristas son incre\u00edblemente diversos, con clientes que buscan una amplia gama de productos especializados. Tanto si tu p\u00fablico prefiere <strong>soluciones<\/strong> <strong>org\u00e1nicas, veganas<\/strong> o <strong>de lujo para el cuidado del cabello<\/strong>, ofrecemos <strong>f\u00f3rmulas de productos a medida<\/strong> dise\u00f1adas para satisfacer las demandas espec\u00edficas del mercado. Nuestro equipo de expertos colabora contigo para crear champ\u00fas, acondicionadores y otros productos para el cuidado del cabello que se ajusten a la identidad de tu marca y a las preferencias de tus clientes.<\/p>\n<p>Tenemos en cuenta factores clave como las tendencias de los ingredientes, los cambios estacionales y las preocupaciones populares sobre el cuidado del cabello, como la hidrataci\u00f3n, el fortalecimiento o el volumen, para garantizar que tu l\u00ednea de productos resuene entre los consumidores a los que te diriges.<\/p>\n<h3>2. Soluciones de marca blanca y marca blanca<\/h3>\n<p>Para las plataformas de comercio electr\u00f3nico y los minoristas, tener una <strong>l\u00ednea de productos de marca blanca<\/strong> es una forma excelente de crear reconocimiento de marca y fidelidad de los clientes. Ofrecemos <strong>servicios de etiquetado privado<\/strong> que te permiten vender productos para el cuidado del cabello con tu propia marca. Con total flexibilidad sobre el dise\u00f1o del envase, la colocaci\u00f3n del logotipo y los materiales de marketing, puedes crear una l\u00ednea de productos que destaque entre la competencia.<\/p>\n<p>Para quienes deseen introducirse r\u00e1pidamente en el mercado, tambi\u00e9n ofrecemos <strong>soluciones de marca blanca:<\/strong>productos <strong>listos para<\/strong>usar que se pueden renombrar y lanzar con facilidad. Esto te permite centrarte en el marketing y la distribuci\u00f3n sin el largo proceso de desarrollo del producto.<\/p>\n<h3>3. Fabricaci\u00f3n escalable y soluciones flexibles para la cadena de suministro<\/h3>\n<p>Los minoristas y las empresas de comercio electr\u00f3nico necesitan <strong>escalabilidad y flexibilidad<\/strong>, especialmente cuando navegan por una demanda fluctuante o por tendencias estacionales. Nuestra capacidad de fabricaci\u00f3n nos permite aumentar o reducir la producci\u00f3n en funci\u00f3n de tus necesidades, garantizando que nunca te quedes sin existencias o con un exceso de inventario.<\/p>\n<p>Adem\u00e1s, ofrecemos soluciones flexibles de envasado y cadena de suministro para apoyar tu modelo de negocio, tanto si necesitas env\u00edos a granel, unidades sueltas para la venta individual al por menor o envases ecol\u00f3gicos para cumplir los objetivos de sostenibilidad.<\/p>\n<h3>4. Experiencia en cumplimiento normativo y tendencias del mercado<\/h3>\n<p>Nuestra amplia experiencia en la industria <a class=\"link-whisper\" title=\"Los 20 mejores proveedores de cosm\u00e9tica y cuidado personal de China\" href=\"https:\/\/www.xiangxiangdaily.com\/es\/top-20-personal-care-cosmetics-suppliers-in-china\/\" target=\"_blank\" rel=\"noopener\" data-wpil-monitor-id=\"2685\">del cuidado personal<\/a> garantiza que todos nuestros productos cumplen <strong>las normas reglamentarias<\/strong> en distintas regiones, como EE.UU., la UE y Asia. Nos mantenemos a la vanguardia de las normativas y directrices de seguridad del sector, garantizando que tus productos cumplan plenamente las normas y certificaciones m\u00e1s recientes, como las normas sobre <strong>productos sin crueldad<\/strong>, <strong>sin parabenos<\/strong> o <strong>ecol\u00f3gicos<\/strong>.<\/p>\n<p>Adem\u00e1s, nuestro equipo vigila <strong>las tendencias emergentes del mercado<\/strong>, de modo que tanto si se trata del aumento de consumidores con conciencia ecol\u00f3gica como de los \u00faltimos ingredientes que ganan popularidad, puedes confiar en que nuestros productos satisfar\u00e1n las demandas cambiantes de tus clientes.<\/p>\n<h3>5. \u00c9xito probado en comercio electr\u00f3nico y minorista<\/h3>\n<p>Hemos trabajado con una amplia gama de <strong>plataformas de comercio electr\u00f3nico<\/strong> y <strong>minoristas<\/strong>, desde tiendas online boutique hasta grandes marcas consolidadas. Nuestros clientes han aprovechado con \u00e9xito nuestros productos para diferenciarse en el mercado, ofreciendo soluciones \u00fanicas de alta calidad para el cuidado del cabello que hacen que los clientes vuelvan.<\/p>\n<p>Por ejemplo, hemos ayudado a empresas de comercio electr\u00f3nico a desarrollar productos de cuidado del cabello por suscripci\u00f3n que proporcionan ingresos recurrentes, y hemos apoyado a minoristas en el lanzamiento de l\u00edneas de productos de temporada que aprovechan las tendencias de las compras navide\u00f1as. Nuestro enfoque flexible nos permite adaptar nuestras soluciones a tus estrategias de mercado y objetivos de crecimiento espec\u00edficos.<\/p>\n<h3>6. Desarrollo de productos en colaboraci\u00f3n y apoyo continuo<\/h3>\n<p>Nos enorgullecemos de adoptar un <strong>enfoque colaborativo<\/strong> con nuestros clientes minoristas y de comercio electr\u00f3nico. Desde la consulta inicial hasta el lanzamiento del producto y m\u00e1s all\u00e1, trabajamos estrechamente contigo en cada fase del desarrollo. Creemos que comprender la visi\u00f3n de tu marca y las necesidades de tus clientes es clave para ofrecer una l\u00ednea de productos que no s\u00f3lo tenga \u00e9xito, sino que tambi\u00e9n resista el paso del tiempo.<\/p>\n<p>Adem\u00e1s del desarrollo de productos, ofrecemos <strong>apoyo continuo<\/strong> para ayudarte a ajustar las f\u00f3rmulas, introducir nuevos productos o ampliar la producci\u00f3n en funci\u00f3n del crecimiento de tu negocio. Tanto si quieres ampliar tu l\u00ednea de productos como adaptarte a las cambiantes tendencias de consumo, estamos aqu\u00ed para garantizar tu \u00e9xito a largo plazo.<\/p>\n\t\t\t\t\t\t\t\t<\/div>\n\t\t\t\t<\/div>\n\t\t\t\t\t<\/div>\n\t\t\t\t<\/div>\n\t\t\t\t<\/div>\n\t\t","protected":false},"excerpt":{"rendered":"<p>Soluci\u00f3n para comercio electr\u00f3nico y minoristas Comprometidos a proporcionar a nuestros clientes los recursos y la asistencia que necesitan para triunfar en el cambiante entorno del comercio electr\u00f3nico y minorista. Home Proveedor de m\u00e1s de 3000 marcas de cosm\u00e9ticos Haz crecer tu negocio de comercio electr\u00f3nico con nuestras soluciones probadas Nuestra soluci\u00f3n de comercio electr\u00f3nico [&hellip;]<\/p>\n","protected":false},"author":1,"featured_media":13322,"parent":0,"menu_order":0,"comment_status":"closed","ping_status":"closed","template":"elementor_theme","meta":{"_acf_changed":false,"footnotes":""},"class_list":["post-20212","page","type-page","status-publish","has-post-thumbnail","hentry"],"acf":[],"_links":{"self":[{"href":"https:\/\/www.xiangxiangdaily.com\/es\/wp-json\/wp\/v2\/pages\/20212","targetHints":{"allow":["GET"]}}],"collection":[{"href":"https:\/\/www.xiangxiangdaily.com\/es\/wp-json\/wp\/v2\/pages"}],"about":[{"href":"https:\/\/www.xiangxiangdaily.com\/es\/wp-json\/wp\/v2\/types\/page"}],"author":[{"embeddable":true,"href":"https:\/\/www.xiangxiangdaily.com\/es\/wp-json\/wp\/v2\/users\/1"}],"replies":[{"embeddable":true,"href":"https:\/\/www.xiangxiangdaily.com\/es\/wp-json\/wp\/v2\/comments?post=20212"}],"version-history":[{"count":0,"href":"https:\/\/www.xiangxiangdaily.com\/es\/wp-json\/wp\/v2\/pages\/20212\/revisions"}],"wp:featuredmedia":[{"embeddable":true,"href":"https:\/\/www.xiangxiangdaily.com\/es\/wp-json\/wp\/v2\/media\/13322"}],"wp:attachment":[{"href":"https:\/\/www.xiangxiangdaily.com\/es\/wp-json\/wp\/v2\/media?parent=20212"}],"curies":[{"name":"wp","href":"https:\/\/api.w.org\/{rel}","templated":true}]}}