{"id":62909,"date":"2022-11-23T12:34:00","date_gmt":"2022-11-23T04:34:00","guid":{"rendered":"https:\/\/www.xiangxiangdaily.com\/terms-conditions\/"},"modified":"2026-02-28T17:08:56","modified_gmt":"2026-02-28T09:08:56","slug":"terms-conditions","status":"publish","type":"page","link":"https:\/\/www.xiangxiangdaily.com\/es\/terms-conditions\/","title":{"rendered":"Condiciones generales"},"content":{"rendered":"\t\t<div data-elementor-type=\"wp-page\" data-elementor-id=\"62909\" class=\"elementor elementor-62909 elementor-444\" data-elementor-post-type=\"page\">\n\t\t\t\t<div class=\"elementor-element elementor-element-c663898 e-flex e-con-boxed e-con e-parent\" data-id=\"c663898\" data-element_type=\"container\" data-e-type=\"container\" data-settings=\"{&quot;background_background&quot;:&quot;classic&quot;}\">\n\t\t\t\t\t<div class=\"e-con-inner\">\n\t\t\t\t<div class=\"elementor-element elementor-element-af456e3 elementor-widget elementor-widget-heading\" data-id=\"af456e3\" data-element_type=\"widget\" data-e-type=\"widget\" data-widget_type=\"heading.default\">\n\t\t\t\t<div class=\"elementor-widget-container\">\n\t\t\t\t\t<h1 class=\"elementor-heading-title elementor-size-default\">T\u00e9rminos y condiciones del sitio web<\/h1>\t\t\t\t<\/div>\n\t\t\t\t<\/div>\n\t\t\t\t<div class=\"elementor-element elementor-element-28b59da elementor-align-center elementor-widget elementor-widget-breadcrumbs\" data-id=\"28b59da\" data-element_type=\"widget\" data-e-type=\"widget\" data-widget_type=\"breadcrumbs.default\">\n\t\t\t\t<div class=\"elementor-widget-container\">\n\t\t\t\t\t<nav><span class=\"last\">Inicio<\/span><\/nav>\t\t\t\t<\/div>\n\t\t\t\t<\/div>\n\t\t\t\t\t<\/div>\n\t\t\t\t<\/div>\n\t\t<div class=\"elementor-element elementor-element-290ab4f e-flex e-con-boxed e-con e-parent\" data-id=\"290ab4f\" data-element_type=\"container\" data-e-type=\"container\">\n\t\t\t\t\t<div class=\"e-con-inner\">\n\t\t\t\t<div class=\"elementor-element elementor-element-cb1a7f9 elementor-widget elementor-widget-text-editor\" data-id=\"cb1a7f9\" data-element_type=\"widget\" data-e-type=\"widget\" data-widget_type=\"text-editor.default\">\n\t\t\t\t<div class=\"elementor-widget-container\">\n\t\t\t\t\t\t\t\t\t<p>t\u00e9rminos y condiciones de este sitio web, palabras como \"nosotros\", \"nuestro\", \"Lidercare\", \"Xiangxiangdaily\", \"Grupo Xiangxiangdaily\", etc. se utilizan para referirse a Xiangxiangdaily Switzerland Ltd. y sus empresas filiales. La referencia a \"este sitio web\" en este documento se refiere a cualquier persona que <a class=\"link-whisper\" title=\"P\u00f3ngase en contacto con\" href=\"https:\/\/www.xiangxiangdaily.com\/es\/pongase-en-contacto-con\/\" target=\"_blank\" rel=\"noopener\" data-wpil-monitor-id=\"536\">contacte<\/a> y\/o utilice este sitio web. <\/p>\n<p>A lo largo de este sitio web, palabras como \"nosotros\", \"nuestro\", \"Lidercare\", \"Xiangxiangdaily\", \"Grupo Xiangxiangdaily\", etc. se utilizan para referirse a Xiangxiangdaily Switzerland Ltd. y sus empresas filiales. La referencia a \"este sitio web\" en este documento se refiere a cualquier persona que contacte y\/o utilice este sitio web. <\/p>\n<p>A lo largo de este sitio web, palabras como \"nosotros\", \"nuestro\", \"<span style=\"text-decoration: underline; color: #333333;\"><a style=\"color: #333333; text-decoration: underline;\" href=\"http:\/\/www.lidercare.com\" target=\"_blank\" rel=\"noopener\">Lidercare<\/a><\/span>\", \"Xiangxiangdaily\", \"Grupo Xiangxiangdaily\", etc. se utilizan para referirse a Xiangxiangdaily Switzerland Ltd. y sus empresas filiales. La referencia a \"este sitio web\" en este documento se refiere a cualquier persona que contacte y\/o utilice este sitio web.<\/p>\n<h2>Aviso de privacidad del sitio web<\/h2>\n<p>Cualquier informaci\u00f3n personal o informaci\u00f3n que se transmita a este sitio web est\u00e1 sujeta a la pol\u00edtica de privacidad del Grupo Xiangxiang. <span style=\"text-decoration: underline; color: #333333;\"><a style=\"color: #333333; text-decoration: underline;\" href=\"https:\/\/www.xiangxiangdaily.com\/es\/privacy-policy\/\">pol\u00edtica de privacidad<\/a><\/span> y a la protecci\u00f3n de la privacidad y de los datos personales tal y como se indica en este sitio web.<\/p>\n<h2>Correcci\u00f3n, integridad y puntualidad de la informaci\u00f3n<\/h2>\n<p>La exactitud e integridad de la informaci\u00f3n presentada en este sitio web no es responsabilidad nuestra. Cualquier confianza depositada en los materiales contenidos en este sitio web se hace por tu cuenta y riesgo. Aceptas responsabilizarte de cualquier modificaci\u00f3n o actualizaci\u00f3n de la informaci\u00f3n y los materiales de este sitio web.  <\/p>\n<h2>Transmisi\u00f3n<\/h2>\n<p>Cualquier comunicaci\u00f3n o material no personal transmitido al Sitio, incluidos, entre otros, materiales, preguntas, comentarios, sugerencias o contenidos similares, se considera no confidencial y no privado. Cualquier contenido transmitido o publicado por ti en el Sitio es propiedad de Lidercare Group y puede utilizarse para cualquier fin, incluidos, entre otros, la reproducci\u00f3n, divulgaci\u00f3n, transmisi\u00f3n, distribuci\u00f3n, emisi\u00f3n y publicaci\u00f3n. Adem\u00e1s, cualquier idea, trabajo art\u00edstico, inspiraci\u00f3n, sugerencia o concepto transmitido por ti a este sitio web podr\u00e1 ser utilizado por Xiangxiang Group para diversos fines, como el desarrollo de productos, la producci\u00f3n, la promoci\u00f3n y el marketing.  <\/p>\n<p>Xiangxiang Group no ser\u00e1 responsable de proporcionar informaci\u00f3n relacionada con los usos anteriores. Al proporcionar informaci\u00f3n, garantizas que la informaci\u00f3n que proporcionas es de tu propiedad y que no infringir\u00e1s ning\u00fan derecho de terceros ni violar\u00e1s de otro modo ninguna ley aplicable mediante el uso de la informaci\u00f3n por parte de Xiangxiang Group. Adem\u00e1s, Xiangxiang Group no est\u00e1 obligado a utilizar la informaci\u00f3n enviada.  <\/p>\n<h2>Derechos de propiedad intelectual<\/h2>\n<p>XiangxiangDaily Products Ltd. de Suiza es el titular de la marca registrada. Todos los derechos de autor, marcas comerciales y otros derechos de propiedad intelectual del texto, im\u00e1genes y otros materiales de este sitio web pertenecen al Grupo XiangxiangDaily o tienen licencia del propietario correspondiente. <\/p>\n<p>Se te permite acceder a este sitio web, copiar extractos (referencias), imprimirlos en tu disco duro o reenviarlos a otras personas. Sin embargo, debes mantener todos los derechos de autor, otros avisos de propiedad y avisos de marcas comerciales que aparezcan en la copia. La reproducci\u00f3n de cualquier parte del sitio web no puede venderse ni distribuirse comercialmente, ni puede modificarse ni a\u00f1adirse a otras obras, publicaciones o sitios web.  <\/p>\n<p>Las marcas comerciales, logotipos, tipos de letra y marcas de servicio (denominadas colectivamente \"marcas comerciales\") que aparecen en este sitio web son propiedad del Grupo XiangxiangDaily. El uso de cualquiera de las marcas comerciales que aparecen en este sitio web o de cualquier otro contenido de este sitio web est\u00e1 estrictamente prohibido, salvo lo dispuesto en estos T\u00e9rminos y Condiciones. Tambi\u00e9n debes tener en cuenta que el Grupo XiangxiangDaily har\u00e1 valer plenamente sus derechos de propiedad intelectual en la m\u00e1xima medida permitida por la ley.  <\/p>\n<h2>Enlace a otros sitios<\/h2>\n<p>El sitio web del Grupo XiangxiangDaily puede contener enlaces a redes y sistemas externos que no est\u00e1n bajo el control de XiangxiangDaily. No garantizamos la exactitud, funcionalidad o contenido de ning\u00fan sitio web externo enlazado desde nuestro sitio web. Los enlaces proporcionados se ofrecen de buena fe y el Grupo XiangxiangDaily no se responsabiliza de ning\u00fan cambio posterior realizado en el sitio web enlazado. El enlace a otros sitios web no implica la aprobaci\u00f3n ni el reconocimiento por parte del Grupo XiangxiangDaily. Te recomendamos encarecidamente que revises detenidamente los avisos legales y de privacidad de cualquier sitio web externo que visites.    <\/p>\n<p>Al acceder y utilizar este sitio web, lo haces por tu cuenta y riesgo.<\/p>\n<h2>Garant\u00eda<\/h2>\n<p>Este sitio web se te proporciona \"tal cual\" y \"seg\u00fan disponibilidad\", y XiangxiangDaily no ofrece garant\u00edas de ning\u00fan tipo, ya sean expresas, impl\u00edcitas, legales o de otro tipo (incluidas las garant\u00edas impl\u00edcitas de comerciabilidad, calidad satisfactoria, idoneidad para un fin determinado), incluidas las garant\u00edas o declaraciones de que la informaci\u00f3n del sitio web ser\u00e1 completa, precisa, fiable, puntual, no infringir\u00e1 derechos de terceros, que el acceso a este sitio web ser\u00e1 ininterrumpido o que no habr\u00e1 errores o virus en el sitio web. XiangxiangDaily tampoco garantiza que este sitio web sea seguro, o que cualquier consejo o informaci\u00f3n obtenidos del sitio web sean precisos o fiables. Se renuncia expresamente a cualquier garant\u00eda o representaci\u00f3n.  <\/p>\n<p>Ten en cuenta que algunas jurisdicciones pueden no permitir la exclusi\u00f3n de garant\u00edas impl\u00edcitas, por lo que algunas de estas exclusiones pueden no ser aplicables en tu caso. Comprueba tu legislaci\u00f3n local. <\/p>\n<p>Nos reservamos el derecho a limitar, suspender o cancelar tu acceso a este sitio web o a cualquiera de sus funciones en cualquier momento y sin previo aviso.<\/p>\n<h2>Responsabilidad legal<\/h2>\n<p>Independientemente del motivo y de si se debe a tu uso, imposibilidad de uso o cambios realizados en este sitio web, o al acceso a otros sitios web a trav\u00e9s de enlaces proporcionados en este sitio web, o a cualquier acci\u00f3n realizada o no por nosotros en respuesta a los mensajes de correo electr\u00f3nico que nos env\u00edes, Lidercare Group y\/u otras partes implicadas en la creaci\u00f3n, producci\u00f3n o representaci\u00f3n de este sitio web no ser\u00e1n responsables de ning\u00fan da\u00f1o, coste, p\u00e9rdida o responsabilidad directa, incidental, consecuente, indirecta, especial o punitiva, seg\u00fan lo permita la legislaci\u00f3n aplicable.<\/p>\n<p>Lidercare Group y\/u otras personas implicadas en la creaci\u00f3n, producci\u00f3n o transmisi\u00f3n de este sitio web no ser\u00e1n responsables del mantenimiento y servicio de este sitio web ni de ninguna correcci\u00f3n, actualizaci\u00f3n o publicaci\u00f3n relacionada con este sitio web. Cualquier material de este sitio web est\u00e1 sujeto a cambios sin previo aviso. <\/p>\n<p>Adem\u00e1s, Lidercare Group no se hace responsable de ning\u00fan da\u00f1o que pueda resultar de la infecci\u00f3n por virus de tu equipo inform\u00e1tico u otra propiedad como consecuencia de tu uso, acceso o descarga de cualquier material de este sitio web. Si decides descargar materiales de este sitio web, lo haces por tu cuenta y riesgo. <\/p>\n<p>Ten en cuenta que algunas jurisdicciones no permiten la exclusi\u00f3n o limitaci\u00f3n de responsabilidad por da\u00f1os incidentales o consecuentes, por lo que algunas exclusiones o limitaciones pueden no ser aplicables en tu caso. Comprueba tu legislaci\u00f3n local. <\/p>\n<h2>Actividad prohibida<\/h2>\n<p>No se te permite participar en ninguna actividad que Lidercare Group considere inapropiada, ilegal o prohibida por cualquier ley aplicable, incluyendo, pero sin limitarse a:<\/p>\n<ul>\n<li>Vulnerar la intimidad o los derechos legales de cualquier persona, como cargar datos personales sin su consentimiento.<\/li>\n<li>Utilizar este sitio web para difamar o menoscabar a Lidercare Group, sus empleados u otras personas de forma que se da\u00f1e su reputaci\u00f3n.<\/li>\n<li>Cargar un archivo que contenga un virus que da\u00f1e la propiedad de Lidercare o de otros.<\/li>\n<li>Publicar o transmitir material no autorizado al Sitio, incluido, entre otros, material relacionado con amenazas al sistema o a la ciberseguridad, racismo, obscenidad u otros contenidos ilegales que consideremos que puedan causar da\u00f1os, desventajas o violaciones a Lidercare Group o a terceras empresas.<\/li>\n<\/ul>\n<p>T\u00fa y Lidercare acept\u00e1is que cualquier disputa o reclamaci\u00f3n derivada del uso de este sitio web se regir\u00e1 por las leyes de la Regi\u00f3n Administrativa Especial de Hong Kong y estar\u00e1 sujeta a la jurisdicci\u00f3n exclusiva de los tribunales de la Regi\u00f3n Administrativa Especial de Hong Kong.<\/p>\n<h2>Uso del sitio web<\/h2>\n<ul>\n<li>Este sitio web est\u00e1 destinado \u00fanicamente a tu uso personal, y no est\u00e1s autorizado a utilizarlo con fines comerciales ni a conceder dicha autorizaci\u00f3n a terceros.<\/li>\n<li>Nos reservamos el derecho a revisar, editar, mover o eliminar unilateralmente cualquier material mostrado o publicado en el Sitio Web o en su tabl\u00f3n de anuncios sin previo aviso, a nuestra entera discreci\u00f3n.<\/li>\n<li>No puedes modificar, copiar, reajustar, reimprimir, cargar, publicar, transmitir o distribuir ning\u00fan Material, incluyendo el c\u00f3digo y el software del Sitio, de ninguna manera.<\/li>\n<li>Te comprometes a abstenerte de utilizar este sitio web para publicar cualquier material obsceno, difamatorio, incitador, acosador, racista o que incite al odio, y a utilizarlo \u00fanicamente de acuerdo con la ley.<\/li>\n<li>Eres responsable de garantizar que cualquier material que proporciones en el Sitio o publiques en el Tabl\u00f3n de anuncios o en el Foro, o en cualquier otro lugar, no viole ning\u00fan derecho de autor, marca comercial u otros derechos exclusivos personales o de terceros.<\/li>\n<li>Te comprometes a no da\u00f1ar, cubrir, atacar, modificar o interferir con el Sitio y su software, hardware y\/o servidores relacionados de ninguna manera.<\/li>\n<\/ul>\n<p>El incumplimiento de las condiciones anteriores puede dar lugar a la suspensi\u00f3n o cancelaci\u00f3n de tu acceso a este sitio web, con o sin previo aviso en diferentes momentos del sitio web.<\/p>\n<h2>Confidencialidad y acuerdo de confidencialidad<\/h2>\n<p>Reconoces y aceptas que cualquier informaci\u00f3n confidencial proporcionada por Lidercare Group, est\u00e9 marcada como tal o no, incluidos, entre otros, materiales, procesos y t\u00e9cnicas patentados relacionados con la revisi\u00f3n y prueba de futuros conceptos de productos o servicios en encuestas o debates en l\u00ednea o fuera de l\u00ednea, se mantendr\u00e1 confidencial y no se divulgar\u00e1, copiar\u00e1, utilizar\u00e1 ni proporcionar\u00e1 directa o indirectamente a terceros.<\/p>\n\t\t\t\t\t\t\t\t<\/div>\n\t\t\t\t<\/div>\n\t\t\t\t\t<\/div>\n\t\t\t\t<\/div>\n\t\t\t\t<\/div>\n\t\t","protected":false},"excerpt":{"rendered":"<p>T\u00e9rminos y condiciones del sitio web Home t\u00e9rminos y condiciones de este sitio web, palabras como \"nosotros\", \"nuestro\", \"Lidercare\", \"Xiangxiangdaily\", \"Grupo Xiangxiangdaily\", etc. se utilizan para referirse a Xiangxiangdaily Switzerland Ltd. y sus empresas filiales. La referencia a \"este sitio web\" en este documento se refiere a cualquier persona que contacte y\/o utilice este sitio [&hellip;]<\/p>\n","protected":false},"author":1,"featured_media":0,"parent":0,"menu_order":0,"comment_status":"closed","ping_status":"closed","template":"","meta":{"_acf_changed":false,"footnotes":""},"class_list":["post-62909","page","type-page","status-publish","hentry"],"acf":[],"_links":{"self":[{"href":"https:\/\/www.xiangxiangdaily.com\/es\/wp-json\/wp\/v2\/pages\/62909","targetHints":{"allow":["GET"]}}],"collection":[{"href":"https:\/\/www.xiangxiangdaily.com\/es\/wp-json\/wp\/v2\/pages"}],"about":[{"href":"https:\/\/www.xiangxiangdaily.com\/es\/wp-json\/wp\/v2\/types\/page"}],"author":[{"embeddable":true,"href":"https:\/\/www.xiangxiangdaily.com\/es\/wp-json\/wp\/v2\/users\/1"}],"replies":[{"embeddable":true,"href":"https:\/\/www.xiangxiangdaily.com\/es\/wp-json\/wp\/v2\/comments?post=62909"}],"version-history":[{"count":0,"href":"https:\/\/www.xiangxiangdaily.com\/es\/wp-json\/wp\/v2\/pages\/62909\/revisions"}],"wp:attachment":[{"href":"https:\/\/www.xiangxiangdaily.com\/es\/wp-json\/wp\/v2\/media?parent=62909"}],"curies":[{"name":"wp","href":"https:\/\/api.w.org\/{rel}","templated":true}]}}