{"id":19205,"date":"2023-12-09T10:09:23","date_gmt":"2023-12-09T02:09:23","guid":{"rendered":"https:\/\/www.xiangxiangdaily.com\/salon-de-beaute-spa\/"},"modified":"2025-11-12T10:48:25","modified_gmt":"2025-11-12T02:48:25","slug":"salon-de-beaute-spa","status":"publish","type":"page","link":"https:\/\/www.xiangxiangdaily.com\/fr\/salon-de-beaute-spa\/","title":{"rendered":"Salon de beaut\u00e9 et spa"},"content":{"rendered":"\t\t<div data-elementor-type=\"wp-page\" data-elementor-id=\"19205\" class=\"elementor elementor-19205 elementor-9933\" data-elementor-post-type=\"page\">\n\t\t\t\t<div class=\"elementor-element elementor-element-3f866b89 e-flex e-con-boxed e-con e-parent\" data-id=\"3f866b89\" data-element_type=\"container\" data-e-type=\"container\" data-settings=\"{&quot;background_background&quot;:&quot;classic&quot;}\">\n\t\t\t\t\t<div class=\"e-con-inner\">\n\t\t\t\t<div class=\"elementor-element elementor-element-1d734e5b elementor-widget elementor-widget-heading\" data-id=\"1d734e5b\" data-element_type=\"widget\" data-e-type=\"widget\" data-widget_type=\"heading.default\">\n\t\t\t\t<div class=\"elementor-widget-container\">\n\t\t\t\t\t<h1 class=\"elementor-heading-title elementor-size-default\">Bauty salon &amp; spa slution<\/h1>\t\t\t\t<\/div>\n\t\t\t\t<\/div>\n\t\t\t\t<div class=\"elementor-element elementor-element-16b408c6 elementor-widget elementor-widget-heading\" data-id=\"16b408c6\" data-element_type=\"widget\" data-e-type=\"widget\" data-widget_type=\"heading.default\">\n\t\t\t\t<div class=\"elementor-widget-container\">\n\t\t\t\t\t<p class=\"elementor-heading-title elementor-size-default\">Nos produits sont con\u00e7us pour \u00eatre efficaces, s\u00fbrs et abordables, afin d'aider les salons et les spas \u00e0 offrir la meilleure exp\u00e9rience possible \u00e0 leurs clients.<\/p>\t\t\t\t<\/div>\n\t\t\t\t<\/div>\n\t\t\t\t<div class=\"elementor-element elementor-element-25315c0 elementor-widget elementor-widget-breadcrumbs\" data-id=\"25315c0\" data-element_type=\"widget\" data-e-type=\"widget\" data-widget_type=\"breadcrumbs.default\">\n\t\t\t\t<div class=\"elementor-widget-container\">\n\t\t\t\t\t<nav><span class=\"last\">Accueil<\/span><\/nav>\t\t\t\t<\/div>\n\t\t\t\t<\/div>\n\t\t\t\t\t<\/div>\n\t\t\t\t<\/div>\n\t\t<div class=\"elementor-element elementor-element-c4728be e-flex e-con-boxed e-con e-parent\" data-id=\"c4728be\" data-element_type=\"container\" data-e-type=\"container\" data-settings=\"{&quot;background_background&quot;:&quot;classic&quot;}\">\n\t\t\t\t\t<div class=\"e-con-inner\">\n\t\t<div class=\"elementor-element elementor-element-f624669 e-flex e-con-boxed e-con e-child\" data-id=\"f624669\" data-element_type=\"container\" data-e-type=\"container\">\n\t\t\t\t\t<div class=\"e-con-inner\">\n\t\t\t\t<div class=\"elementor-element elementor-element-c1146ca elementor-widget elementor-widget-heading\" data-id=\"c1146ca\" data-element_type=\"widget\" data-e-type=\"widget\" data-widget_type=\"heading.default\">\n\t\t\t\t<div class=\"elementor-widget-container\">\n\t\t\t\t\t<h4 class=\"elementor-heading-title elementor-size-default\">3000+ fournisseurs de marques de beaut\u00e9<\/h4>\t\t\t\t<\/div>\n\t\t\t\t<\/div>\n\t\t\t\t<div class=\"elementor-element elementor-element-90cc8e6 elementor-widget elementor-widget-heading\" data-id=\"90cc8e6\" data-element_type=\"widget\" data-e-type=\"widget\" data-widget_type=\"heading.default\">\n\t\t\t\t<div class=\"elementor-widget-container\">\n\t\t\t\t\t<h2 class=\"elementor-heading-title elementor-size-default\">Boostez votre entreprise d'institut de beaut\u00e9 \u00e0 moindre co\u00fbt<\/h2>\t\t\t\t<\/div>\n\t\t\t\t<\/div>\n\t\t\t\t<div class=\"elementor-element elementor-element-09fbb1b elementor-widget elementor-widget-heading\" data-id=\"09fbb1b\" data-element_type=\"widget\" data-e-type=\"widget\" data-widget_type=\"heading.default\">\n\t\t\t\t<div class=\"elementor-widget-container\">\n\t\t\t\t\t<p class=\"elementor-heading-title elementor-size-default\">Nous sommes l'un des principaux fabricants de produits de soins capillaires et nos produits sont reconnus par les salons de coiffure du monde entier. Nous proposons une large gamme de produits pour r\u00e9pondre aux besoins de tous vos clients, ainsi que des formulations personnalis\u00e9es pour cr\u00e9er le produit parfait pour votre salon.<\/p>\t\t\t\t<\/div>\n\t\t\t\t<\/div>\n\t\t\t\t<div class=\"elementor-element elementor-element-ccf37ef elementor-widget elementor-widget-button\" data-id=\"ccf37ef\" data-element_type=\"widget\" data-e-type=\"widget\" data-widget_type=\"button.default\">\n\t\t\t\t<div class=\"elementor-widget-container\">\n\t\t\t\t\t\t\t\t\t<div class=\"elementor-button-wrapper\">\n\t\t\t\t\t<a class=\"elementor-button elementor-button-link elementor-size-sm\" href=\"#elementor-action%3Aaction%3Dpopup%3Aopen%26settings%3DeyJpZCI6ODQ4NDUsInRvZ2dsZSI6ZmFsc2V9\">\n\t\t\t\t\t\t<span class=\"elementor-button-content-wrapper\">\n\t\t\t\t\t\t\t\t\t<span class=\"elementor-button-text\">Parlez de votre projet<\/span>\n\t\t\t\t\t<\/span>\n\t\t\t\t\t<\/a>\n\t\t\t\t<\/div>\n\t\t\t\t\t\t\t\t<\/div>\n\t\t\t\t<\/div>\n\t\t\t\t\t<\/div>\n\t\t\t\t<\/div>\n\t\t<div class=\"elementor-element elementor-element-64a1b2a e-flex e-con-boxed e-con e-child\" data-id=\"64a1b2a\" data-element_type=\"container\" data-e-type=\"container\">\n\t\t\t\t\t<div class=\"e-con-inner\">\n\t\t\t\t<div class=\"elementor-element elementor-element-b02fb33 elementor-widget elementor-widget-image\" data-id=\"b02fb33\" data-element_type=\"widget\" data-e-type=\"widget\" data-widget_type=\"image.default\">\n\t\t\t\t<div class=\"elementor-widget-container\">\n\t\t\t\t\t\t\t\t\t\t\t\t\t\t\t<img fetchpriority=\"high\" decoding=\"async\" width=\"500\" height=\"353\" src=\"https:\/\/www.xiangxiangdaily.com\/wp-content\/uploads\/2024\/01\/Beauty-Salon-Product-Manufacturer.webp\" class=\"attachment-large size-large wp-image-12190\" alt=\"Beauty Salon Product Manufacturer\" srcset=\"https:\/\/www.xiangxiangdaily.com\/wp-content\/uploads\/2024\/01\/Beauty-Salon-Product-Manufacturer.webp 500w, https:\/\/www.xiangxiangdaily.com\/wp-content\/uploads\/2024\/01\/Beauty-Salon-Product-Manufacturer-300x212.webp 300w\" sizes=\"(max-width: 500px) 100vw, 500px\" \/>\t\t\t\t\t\t\t\t\t\t\t\t\t\t\t<\/div>\n\t\t\t\t<\/div>\n\t\t\t\t\t<\/div>\n\t\t\t\t<\/div>\n\t\t\t\t\t<\/div>\n\t\t\t\t<\/div>\n\t\t<div class=\"elementor-element elementor-element-5d6aead e-flex e-con-boxed e-con e-parent\" data-id=\"5d6aead\" data-element_type=\"container\" data-e-type=\"container\">\n\t\t\t\t\t<div class=\"e-con-inner\">\n\t\t\t\t<div class=\"elementor-element elementor-element-1893d67 elementor-widget elementor-widget-heading\" data-id=\"1893d67\" data-element_type=\"widget\" data-e-type=\"widget\" data-widget_type=\"heading.default\">\n\t\t\t\t<div class=\"elementor-widget-container\">\n\t\t\t\t\t<h2 class=\"elementor-heading-title elementor-size-default\">Les meilleurs produits de soins capillaires pour votre salon<\/h2>\t\t\t\t<\/div>\n\t\t\t\t<\/div>\n\t\t\t\t<div class=\"elementor-element elementor-element-d464a19 elementor-widget elementor-widget-heading\" data-id=\"d464a19\" data-element_type=\"widget\" data-e-type=\"widget\" data-widget_type=\"heading.default\">\n\t\t\t\t<div class=\"elementor-widget-container\">\n\t\t\t\t\t<p class=\"elementor-heading-title elementor-size-default\">Sur le march\u00e9 concurrentiel d'aujourd'hui, les instituts de beaut\u00e9 doivent proposer des produits de haute qualit\u00e9 pour se d\u00e9marquer de la concurrence. Nos produits de <a href=\"https:\/\/www.xiangxiangdaily.com\/fr\/fabricant-de-produits-capillaires\/\" title=\"Fabricant de soins capillaires\" target=\"_blank\" rel=\"noopener\" class=\"link-whisper\" data-wpil-monitor-id=\"618\">soins capillaires<\/a> sont fabriqu\u00e9s avec les meilleurs ingr\u00e9dients et formulations, et ils sont efficaces pour tous les types de cheveux.<\/p>\t\t\t\t<\/div>\n\t\t\t\t<\/div>\n\t\t\t\t<div class=\"elementor-element elementor-element-5a4b824 elementor-widget-divider--view-line elementor-widget elementor-widget-divider\" data-id=\"5a4b824\" data-element_type=\"widget\" data-e-type=\"widget\" data-widget_type=\"divider.default\">\n\t\t\t\t<div class=\"elementor-widget-container\">\n\t\t\t\t\t\t\t<div class=\"elementor-divider\">\n\t\t\t<span class=\"elementor-divider-separator\">\n\t\t\t\t\t\t<\/span>\n\t\t<\/div>\n\t\t\t\t\t\t<\/div>\n\t\t\t\t<\/div>\n\t\t\t\t<div class=\"elementor-element elementor-element-8569e17 elementor-widget elementor-widget-text-editor\" data-id=\"8569e17\" data-element_type=\"widget\" data-e-type=\"widget\" data-widget_type=\"text-editor.default\">\n\t\t\t\t<div class=\"elementor-widget-container\">\n\t\t\t\t\t\t\t\t\t<p>En tant que <a class=\"link-whisper\" title=\"Fabricant de produits de soins corporels\" href=\"https:\/\/www.xiangxiangdaily.com\/fr\/fabricant-de-produits-de-soins-corporels\/\" target=\"_blank\" rel=\"noopener\" data-wpil-monitor-id=\"99\">fabricant leader de produits de soins personnels<\/a>, nous sommes sp\u00e9cialis\u00e9s dans la fourniture de shampooings, d&rsquo;apr\u00e8s-shampooings et d&rsquo;autres solutions de soins capillaires de haute qualit\u00e9 pour les salons, les spas et d&rsquo;autres entreprises de beaut\u00e9 professionnelles. Nous comprenons que chaque salon a sa propre identit\u00e9, sa propre client\u00e8le et ses propres normes de service. C&rsquo;est pourquoi nous proposons un <strong>d\u00e9veloppement de produits sur mesure<\/strong> afin de garantir que vous obteniez exactement ce dont vous avez besoin pour vous d\u00e9marquer sur un march\u00e9 concurrentiel.<\/p>\n<h3>1. Formulations sur mesure<\/h3>\n<p>Vos clients vous font confiance pour leur offrir ce qu&rsquo;il y a de mieux, et nous vous aidons \u00e0 y parvenir en cr\u00e9ant des produits sp\u00e9cifiquement adapt\u00e9s \u00e0 vos besoins. Que vous recherchiez des shampooings sans sulfate, des apr\u00e8s-shampooings nourrissants ou des formulations biologiques, nous travaillons avec vous pour d\u00e9velopper des <strong>formulations personnalis\u00e9es<\/strong> qui correspondent aux valeurs de votre marque et aux pr\u00e9f\u00e9rences de vos clients.<\/p>\n<p>Notre \u00e9quipe d&rsquo;experts collabore avec vous pour d\u00e9terminer les ingr\u00e9dients, les parfums, les textures et les emballages qui refl\u00e8tent le mieux l&rsquo;image de votre salon et r\u00e9pondent aux besoins de vos clients. Qu&rsquo;il s&rsquo;agisse du volume et de la texture des cheveux de vos clients ou des tendances saisonni\u00e8res en mati\u00e8re de soins capillaires, nous veillons \u00e0 ce que nos produits soient parfaitement adapt\u00e9s \u00e0 votre entreprise.<\/p>\n<h3>2. Labellisation et marque priv\u00e9e<\/h3>\n<p>Nous ne nous arr\u00eatons pas \u00e0 la formulation. Nous proposons des <strong>services d&rsquo;\u00e9tiquetage priv\u00e9<\/strong> pour donner \u00e0 votre salon ou \u00e0 votre spa sa propre ligne de produits de soins capillaires. En apposant le nom et le logo de votre marque sur les bouteilles, vous cr\u00e9ez une exp\u00e9rience client plus personnalis\u00e9e et renforcez la fid\u00e9lit\u00e9 \u00e0 la marque.<\/p>\n<p>Notre \u00e9quipe de designers peut vous aider \u00e0 cr\u00e9er un logo ou \u00e0 actualiser votre emballage pour lui donner un aspect frais et moderne qui capture l&rsquo;essence de votre entreprise. Cela permet non seulement d&rsquo;am\u00e9liorer votre image de marque, mais aussi de cr\u00e9er une source de revenus suppl\u00e9mentaire en vendant vos produits exclusifs dans votre salon.<\/p>\n<h3>3. Flexibilit\u00e9 dans les commandes et le conditionnement<\/h3>\n<p>Nous comprenons les besoins des entreprises, grandes ou petites. Que vous soyez une boutique ou une grande cha\u00eene, nous vous proposons des options de commande flexibles adapt\u00e9es \u00e0 votre taille et \u00e0 vos besoins. Nos solutions d&#8217;emballage sont \u00e9galement personnalisables pour s&rsquo;adapter \u00e0 votre esth\u00e9tique - que vous pr\u00e9f\u00e9riez un emballage \u00e9cologique, des bouteilles de qualit\u00e9 sup\u00e9rieure ou des options d&rsquo;approvisionnement en vrac.<\/p>\n<h3>4. Expertise sectorielle et r\u00e9ussite av\u00e9r\u00e9e<\/h3>\n<p>Forts de nos ann\u00e9es d&rsquo;exp\u00e9rience dans le secteur de la <a class=\"link-whisper\" title=\"Les 5 premiers fabricants de produits de soin de la peau en Chine\" href=\"https:\/\/www.xiangxiangdaily.com\/fr\/fabricants-de-produits-de-soins-de-la-peau\/\" target=\"_blank\" rel=\"noopener\" data-wpil-monitor-id=\"1525\">fabrication de produits de soins personnels<\/a>, nous avons travaill\u00e9 avec un large \u00e9ventail d&rsquo;entreprises du secteur de la beaut\u00e9. Notre <strong>palmar\u00e8s<\/strong> s&rsquo;\u00e9tend des spas de luxe aux salons de coiffure \u00e0 forte fr\u00e9quentation, chacun ayant des d\u00e9fis et des attentes qui lui sont propres.<\/p>\n<p>Notre connaissance approfondie du secteur nous permet de rester \u00e0 l&rsquo;avant-garde des tendances et des r\u00e9glementations, et de fournir des produits non seulement efficaces, mais aussi s\u00fbrs et conformes aux normes industrielles. Nous avons aid\u00e9 avec succ\u00e8s des salons de coiffure sur de nombreux march\u00e9s \u00e0 am\u00e9liorer leurs offres de services et \u00e0 accro\u00eetre la satisfaction de leurs clients gr\u00e2ce \u00e0 des produits de soins capillaires sur mesure.<\/p>\n<h3>5. Approche collaborative<\/h3>\n<p>Nous ne nous consid\u00e9rons pas seulement comme un fournisseur, mais comme un <strong>partenaire strat\u00e9gique<\/strong> de votre r\u00e9ussite. Notre processus commence par la compr\u00e9hension de vos objectifs commerciaux sp\u00e9cifiques et des pr\u00e9f\u00e9rences de vos clients. \u00c0 partir de l\u00e0, nous collaborons \u00e9troitement tout au long du processus de d\u00e9veloppement, en veillant \u00e0 ce que le produit final r\u00e9ponde exactement \u00e0 vos sp\u00e9cifications.<\/p>\n<p>Nous appr\u00e9cions les relations \u00e0 long terme et nous nous engageons \u00e0 fournir un soutien continu. Que vous ayez besoin de modifier une formulation, d&rsquo;introduire de nouveaux produits ou d&rsquo;augmenter la production, nous sommes l\u00e0 pour vous aider \u00e0 d\u00e9velopper votre entreprise \u00e0 chaque \u00e9tape.<\/p>\n\t\t\t\t\t\t\t\t<\/div>\n\t\t\t\t<\/div>\n\t\t\t\t\t<\/div>\n\t\t\t\t<\/div>\n\t\t\t\t<\/div>\n\t\t","protected":false},"excerpt":{"rendered":"<p>Bauty salon &amp; spa slution Nos produits sont con\u00e7us pour \u00eatre efficaces, s\u00fbrs et abordables, afin d&rsquo;aider les salons et les spas \u00e0 offrir la meilleure exp\u00e9rience possible \u00e0 leurs clients. Home 3000+ fournisseurs de marques de beaut\u00e9 Boostez votre entreprise d&rsquo;institut de beaut\u00e9 \u00e0 moindre co\u00fbt Nous sommes l&rsquo;un des principaux fabricants de produits [&hellip;]<\/p>\n","protected":false},"author":1,"featured_media":13309,"parent":0,"menu_order":0,"comment_status":"closed","ping_status":"closed","template":"elementor_theme","meta":{"_acf_changed":false,"footnotes":""},"class_list":["post-19205","page","type-page","status-publish","has-post-thumbnail","hentry"],"acf":[],"_links":{"self":[{"href":"https:\/\/www.xiangxiangdaily.com\/fr\/wp-json\/wp\/v2\/pages\/19205","targetHints":{"allow":["GET"]}}],"collection":[{"href":"https:\/\/www.xiangxiangdaily.com\/fr\/wp-json\/wp\/v2\/pages"}],"about":[{"href":"https:\/\/www.xiangxiangdaily.com\/fr\/wp-json\/wp\/v2\/types\/page"}],"author":[{"embeddable":true,"href":"https:\/\/www.xiangxiangdaily.com\/fr\/wp-json\/wp\/v2\/users\/1"}],"replies":[{"embeddable":true,"href":"https:\/\/www.xiangxiangdaily.com\/fr\/wp-json\/wp\/v2\/comments?post=19205"}],"version-history":[{"count":0,"href":"https:\/\/www.xiangxiangdaily.com\/fr\/wp-json\/wp\/v2\/pages\/19205\/revisions"}],"wp:featuredmedia":[{"embeddable":true,"href":"https:\/\/www.xiangxiangdaily.com\/fr\/wp-json\/wp\/v2\/media\/13309"}],"wp:attachment":[{"href":"https:\/\/www.xiangxiangdaily.com\/fr\/wp-json\/wp\/v2\/media?parent=19205"}],"curies":[{"name":"wp","href":"https:\/\/api.w.org\/{rel}","templated":true}]}}