{"id":19229,"date":"2023-01-13T14:14:13","date_gmt":"2023-01-13T06:14:13","guid":{"rendered":"https:\/\/www.xiangxiangdaily.com\/blogs\/"},"modified":"2026-04-07T17:12:55","modified_gmt":"2026-04-07T09:12:55","slug":"blogs","status":"publish","type":"page","link":"https:\/\/www.xiangxiangdaily.com\/fr\/blogs\/","title":{"rendered":"Blogs"},"content":{"rendered":"\t\t<div data-elementor-type=\"wp-page\" data-elementor-id=\"19229\" class=\"elementor elementor-19229 elementor-3646\" data-elementor-post-type=\"page\">\n\t\t\t\t<div class=\"elementor-element elementor-element-819521e e-flex e-con-boxed e-con e-parent\" data-id=\"819521e\" data-element_type=\"container\" data-e-type=\"container\">\n\t\t\t\t\t<div class=\"e-con-inner\">\n\t\t\t\t<div class=\"elementor-element elementor-element-975c5c6 elementor-widget elementor-widget-heading\" data-id=\"975c5c6\" data-element_type=\"widget\" data-e-type=\"widget\" data-widget_type=\"heading.default\">\n\t\t\t\t<div class=\"elementor-widget-container\">\n\t\t\t\t\t<h1 class=\"elementor-heading-title elementor-size-default\">Blogs<\/h1>\t\t\t\t<\/div>\n\t\t\t\t<\/div>\n\t\t\t\t<div class=\"elementor-element elementor-element-649766b elementor-grid-3 elementor-grid-tablet-2 elementor-grid-mobile-1 elementor-posts--thumbnail-top elementor-widget elementor-widget-posts\" data-id=\"649766b\" data-element_type=\"widget\" data-e-type=\"widget\" data-settings=\"{&quot;pagination_type&quot;:&quot;numbers_and_prev_next&quot;,&quot;classic_columns&quot;:&quot;3&quot;,&quot;classic_columns_tablet&quot;:&quot;2&quot;,&quot;classic_columns_mobile&quot;:&quot;1&quot;,&quot;classic_row_gap&quot;:{&quot;unit&quot;:&quot;px&quot;,&quot;size&quot;:35,&quot;sizes&quot;:[]},&quot;classic_row_gap_laptop&quot;:{&quot;unit&quot;:&quot;px&quot;,&quot;size&quot;:&quot;&quot;,&quot;sizes&quot;:[]},&quot;classic_row_gap_tablet&quot;:{&quot;unit&quot;:&quot;px&quot;,&quot;size&quot;:&quot;&quot;,&quot;sizes&quot;:[]},&quot;classic_row_gap_mobile&quot;:{&quot;unit&quot;:&quot;px&quot;,&quot;size&quot;:&quot;&quot;,&quot;sizes&quot;:[]}}\" data-widget_type=\"posts.classic\">\n\t\t\t\t<div class=\"elementor-widget-container\">\n\t\t\t\t\t\t\t<div class=\"elementor-posts-container elementor-posts elementor-posts--skin-classic elementor-grid\" role=\"list\">\r\n\t\t\t\t<article class=\"elementor-post elementor-grid-item post-91774 post type-post status-publish format-standard has-post-thumbnail hentry category-nouveau\" role=\"listitem\">\r\n\t\t\t\t<a class=\"elementor-post__thumbnail__link\" href=\"https:\/\/www.xiangxiangdaily.com\/fr\/pdrn-face-cream-oem-odm-guide-for-brands\/\" tabindex=\"-1\" >\r\n\t\t\t<div class=\"elementor-post__thumbnail\"><img fetchpriority=\"high\" decoding=\"async\" width=\"300\" height=\"200\" src=\"https:\/\/www.xiangxiangdaily.com\/wp-content\/uploads\/2026\/02\/ChatGPT-Image-2026\u5e742\u67085\u65e5-18_05_30-300x200.png\" class=\"attachment-medium size-medium wp-image-91756\" alt=\"\" srcset=\"https:\/\/www.xiangxiangdaily.com\/wp-content\/uploads\/2026\/02\/ChatGPT-Image-2026\u5e742\u67085\u65e5-18_05_30-300x200.png 300w, https:\/\/www.xiangxiangdaily.com\/wp-content\/uploads\/2026\/02\/ChatGPT-Image-2026\u5e742\u67085\u65e5-18_05_30-1024x683.png 1024w, https:\/\/www.xiangxiangdaily.com\/wp-content\/uploads\/2026\/02\/ChatGPT-Image-2026\u5e742\u67085\u65e5-18_05_30-768x512.png 768w, https:\/\/www.xiangxiangdaily.com\/wp-content\/uploads\/2026\/02\/ChatGPT-Image-2026\u5e742\u67085\u65e5-18_05_30-600x400.png 600w, https:\/\/www.xiangxiangdaily.com\/wp-content\/uploads\/2026\/02\/ChatGPT-Image-2026\u5e742\u67085\u65e5-18_05_30.png 1536w\" sizes=\"(max-width: 300px) 100vw, 300px\" \/><\/div>\r\n\t\t<\/a>\r\n\t\t\t\t<div class=\"elementor-post__text\">\r\n\t\t\t\t<h3 class=\"elementor-post__title\">\r\n\t\t\t<a href=\"https:\/\/www.xiangxiangdaily.com\/fr\/pdrn-face-cream-oem-odm-guide-for-brands\/\" >\r\n\t\t\t\tPDRN Cr\u00e8me pour le visage Guide OEM\/ODM pour les marques\t\t\t<\/a>\r\n\t\t<\/h3>\r\n\t\t\t\t<div class=\"elementor-post__meta-data\">\r\n\t\t\t\t\t<span class=\"elementor-post-date\">\r\n\t\t\t5 f\u00e9vrier 2026\t\t<\/span>\r\n\t\t\t\t<span class=\"elementor-post-avatar\">\r\n\t\t\tAucun commentaire\t\t<\/span>\r\n\t\t\t\t<\/div>\r\n\t\t\t\t<div class=\"elementor-post__excerpt\">\r\n\t\t\t<p>Cr\u00e8me pour le visage PDRN Guide OEM\/ODM pour les marques : formulation, emballage, et liste de contr\u00f4le des fournisseurs. D\u00e9couvrez pourquoi Xiangxiang Daily est un partenaire de fabrication de confiance. <\/p>\n\t\t<\/div>\r\n\t\t\r\n\t\t<a class=\"elementor-post__read-more\" href=\"https:\/\/www.xiangxiangdaily.com\/fr\/pdrn-face-cream-oem-odm-guide-for-brands\/\" aria-label=\"Read more about PDRN Cr\u00e8me pour le visage Guide OEM\/ODM pour les marques\" tabindex=\"-1\" >\r\n\t\t\tLire plus \"\t\t<\/a>\r\n\r\n\t\t\t\t<\/div>\r\n\t\t\t\t<\/article>\r\n\t\t\t\t<article class=\"elementor-post elementor-grid-item post-91615 post type-post status-publish format-standard has-post-thumbnail hentry category-nouveau\" role=\"listitem\">\r\n\t\t\t\t<a class=\"elementor-post__thumbnail__link\" href=\"https:\/\/www.xiangxiangdaily.com\/fr\/how-to-choose-a-soap-bar-oem-factory\/\" tabindex=\"-1\" >\r\n\t\t\t<div class=\"elementor-post__thumbnail\"><img decoding=\"async\" width=\"300\" height=\"200\" src=\"https:\/\/www.xiangxiangdaily.com\/wp-content\/uploads\/2026\/02\/ChatGPT-Image-2026\u5e742\u67084\u65e5-11_32_46-1-300x200.png\" class=\"attachment-medium size-medium wp-image-91593\" alt=\"\" srcset=\"https:\/\/www.xiangxiangdaily.com\/wp-content\/uploads\/2026\/02\/ChatGPT-Image-2026\u5e742\u67084\u65e5-11_32_46-1-300x200.png 300w, https:\/\/www.xiangxiangdaily.com\/wp-content\/uploads\/2026\/02\/ChatGPT-Image-2026\u5e742\u67084\u65e5-11_32_46-1-768x512.png 768w, https:\/\/www.xiangxiangdaily.com\/wp-content\/uploads\/2026\/02\/ChatGPT-Image-2026\u5e742\u67084\u65e5-11_32_46-1-600x400.png 600w, https:\/\/www.xiangxiangdaily.com\/wp-content\/uploads\/2026\/02\/ChatGPT-Image-2026\u5e742\u67084\u65e5-11_32_46-1.png 800w\" sizes=\"(max-width: 300px) 100vw, 300px\" \/><\/div>\r\n\t\t<\/a>\r\n\t\t\t\t<div class=\"elementor-post__text\">\r\n\t\t\t\t<h3 class=\"elementor-post__title\">\r\n\t\t\t<a href=\"https:\/\/www.xiangxiangdaily.com\/fr\/how-to-choose-a-soap-bar-oem-factory\/\" >\r\n\t\t\t\tComment choisir un fabricant de savon OEM\t\t\t<\/a>\r\n\t\t<\/h3>\r\n\t\t\t\t<div class=\"elementor-post__meta-data\">\r\n\t\t\t\t\t<span class=\"elementor-post-date\">\r\n\t\t\t4 f\u00e9vrier 2026\t\t<\/span>\r\n\t\t\t\t<span class=\"elementor-post-avatar\">\r\n\t\t\tAucun commentaire\t\t<\/span>\r\n\t\t\t\t<\/div>\r\n\t\t\t\t<div class=\"elementor-post__excerpt\">\r\n\t\t\t<p>D\u00e9couvrez comment choisir une usine OEM de savon pour votre marque, ce qu&rsquo;il faut v\u00e9rifier chez les fournisseurs et pourquoi Xiangxiang Daily est un partenaire OEM\/ODM de confiance.<\/p>\n\t\t<\/div>\r\n\t\t\r\n\t\t<a class=\"elementor-post__read-more\" href=\"https:\/\/www.xiangxiangdaily.com\/fr\/how-to-choose-a-soap-bar-oem-factory\/\" aria-label=\"Read more about Comment choisir un fabricant de savon OEM\" tabindex=\"-1\" >\r\n\t\t\tLire plus \"\t\t<\/a>\r\n\r\n\t\t\t\t<\/div>\r\n\t\t\t\t<\/article>\r\n\t\t\t\t<article class=\"elementor-post elementor-grid-item post-91275 post type-post status-publish format-standard has-post-thumbnail hentry category-nouveau\" role=\"listitem\">\r\n\t\t\t\t<a class=\"elementor-post__thumbnail__link\" href=\"https:\/\/www.xiangxiangdaily.com\/fr\/how-to-choose-a-hair-care-manufacturer\/\" tabindex=\"-1\" >\r\n\t\t\t<div class=\"elementor-post__thumbnail\"><img decoding=\"async\" width=\"300\" height=\"200\" src=\"https:\/\/www.xiangxiangdaily.com\/wp-content\/uploads\/2026\/02\/ChatGPT-Image-2026\u5e742\u67082\u65e5-15_05_52-1-300x200.png\" class=\"attachment-medium size-medium wp-image-91253\" alt=\"\" srcset=\"https:\/\/www.xiangxiangdaily.com\/wp-content\/uploads\/2026\/02\/ChatGPT-Image-2026\u5e742\u67082\u65e5-15_05_52-1-300x200.png 300w, https:\/\/www.xiangxiangdaily.com\/wp-content\/uploads\/2026\/02\/ChatGPT-Image-2026\u5e742\u67082\u65e5-15_05_52-1-768x512.png 768w, https:\/\/www.xiangxiangdaily.com\/wp-content\/uploads\/2026\/02\/ChatGPT-Image-2026\u5e742\u67082\u65e5-15_05_52-1-600x400.png 600w, https:\/\/www.xiangxiangdaily.com\/wp-content\/uploads\/2026\/02\/ChatGPT-Image-2026\u5e742\u67082\u65e5-15_05_52-1.png 800w\" sizes=\"(max-width: 300px) 100vw, 300px\" \/><\/div>\r\n\t\t<\/a>\r\n\t\t\t\t<div class=\"elementor-post__text\">\r\n\t\t\t\t<h3 class=\"elementor-post__title\">\r\n\t\t\t<a href=\"https:\/\/www.xiangxiangdaily.com\/fr\/how-to-choose-a-hair-care-manufacturer\/\" >\r\n\t\t\t\tComment choisir un fabricant de produits capillaires\t\t\t<\/a>\r\n\t\t<\/h3>\r\n\t\t\t\t<div class=\"elementor-post__meta-data\">\r\n\t\t\t\t\t<span class=\"elementor-post-date\">\r\n\t\t\t2 f\u00e9vrier 2026\t\t<\/span>\r\n\t\t\t\t<span class=\"elementor-post-avatar\">\r\n\t\t\tAucun commentaire\t\t<\/span>\r\n\t\t\t\t<\/div>\r\n\t\t\t\t<div class=\"elementor-post__excerpt\">\r\n\t\t\t<p>Apprenez \u00e0 choisir le bon fabricant de produits capillaires pour votre marque et d\u00e9couvrez pourquoi Xiangxiang Daily est un partenaire OEM\/ODM de confiance pour les march\u00e9s mondiaux.<\/p>\n\t\t<\/div>\r\n\t\t\r\n\t\t<a class=\"elementor-post__read-more\" href=\"https:\/\/www.xiangxiangdaily.com\/fr\/how-to-choose-a-hair-care-manufacturer\/\" aria-label=\"Read more about Comment choisir un fabricant de produits capillaires\" tabindex=\"-1\" >\r\n\t\t\tLire plus \"\t\t<\/a>\r\n\r\n\t\t\t\t<\/div>\r\n\t\t\t\t<\/article>\r\n\t\t\t\t<article class=\"elementor-post elementor-grid-item post-91174 post type-post status-publish format-standard has-post-thumbnail hentry category-nouveau\" role=\"listitem\">\r\n\t\t\t\t<a class=\"elementor-post__thumbnail__link\" href=\"https:\/\/www.xiangxiangdaily.com\/fr\/leading-facial-serum-suppliers-for-your-brand\/\" tabindex=\"-1\" >\r\n\t\t\t<div class=\"elementor-post__thumbnail\"><img loading=\"lazy\" decoding=\"async\" width=\"300\" height=\"200\" src=\"https:\/\/www.xiangxiangdaily.com\/wp-content\/uploads\/2026\/01\/ChatGPT-Image-2026\u5e741\u670830\u65e5-15_23_43-1-300x200.png\" class=\"attachment-medium size-medium wp-image-91152\" alt=\"\" srcset=\"https:\/\/www.xiangxiangdaily.com\/wp-content\/uploads\/2026\/01\/ChatGPT-Image-2026\u5e741\u670830\u65e5-15_23_43-1-300x200.png 300w, https:\/\/www.xiangxiangdaily.com\/wp-content\/uploads\/2026\/01\/ChatGPT-Image-2026\u5e741\u670830\u65e5-15_23_43-1-768x512.png 768w, https:\/\/www.xiangxiangdaily.com\/wp-content\/uploads\/2026\/01\/ChatGPT-Image-2026\u5e741\u670830\u65e5-15_23_43-1-600x400.png 600w, https:\/\/www.xiangxiangdaily.com\/wp-content\/uploads\/2026\/01\/ChatGPT-Image-2026\u5e741\u670830\u65e5-15_23_43-1.png 800w\" sizes=\"(max-width: 300px) 100vw, 300px\" \/><\/div>\r\n\t\t<\/a>\r\n\t\t\t\t<div class=\"elementor-post__text\">\r\n\t\t\t\t<h3 class=\"elementor-post__title\">\r\n\t\t\t<a href=\"https:\/\/www.xiangxiangdaily.com\/fr\/leading-facial-serum-suppliers-for-your-brand\/\" >\r\n\t\t\t\tPrincipaux fournisseurs de s\u00e9rum pour le visage pour votre marque\t\t\t<\/a>\r\n\t\t<\/h3>\r\n\t\t\t\t<div class=\"elementor-post__meta-data\">\r\n\t\t\t\t\t<span class=\"elementor-post-date\">\r\n\t\t\t30 janvier 2026\t\t<\/span>\r\n\t\t\t\t<span class=\"elementor-post-avatar\">\r\n\t\t\tAucun commentaire\t\t<\/span>\r\n\t\t\t\t<\/div>\r\n\t\t\t\t<div class=\"elementor-post__excerpt\">\r\n\t\t\t<p>\"D\u00e9couvrez les meilleurs fournisseurs de s\u00e9rum pour le visage pour votre marque de distributeur. Apprenez ce qu&rsquo;il faut prendre en compte lors du choix d&rsquo;un fournisseur et pourquoi Xiangxiang Daily se distingue.\"<\/p>\n\t\t<\/div>\r\n\t\t\r\n\t\t<a class=\"elementor-post__read-more\" href=\"https:\/\/www.xiangxiangdaily.com\/fr\/leading-facial-serum-suppliers-for-your-brand\/\" aria-label=\"Read more about Principaux fournisseurs de s\u00e9rum pour le visage pour votre marque\" tabindex=\"-1\" >\r\n\t\t\tLire plus \"\t\t<\/a>\r\n\r\n\t\t\t\t<\/div>\r\n\t\t\t\t<\/article>\r\n\t\t\t\t<article class=\"elementor-post elementor-grid-item post-91077 post type-post status-publish format-standard has-post-thumbnail hentry category-nouveau\" role=\"listitem\">\r\n\t\t\t\t<a class=\"elementor-post__thumbnail__link\" href=\"https:\/\/www.xiangxiangdaily.com\/fr\/top-10-skin-care-product-suppliers-in-malaysia\/\" tabindex=\"-1\" >\r\n\t\t\t<div class=\"elementor-post__thumbnail\"><img loading=\"lazy\" decoding=\"async\" width=\"300\" height=\"200\" src=\"https:\/\/www.xiangxiangdaily.com\/wp-content\/uploads\/2026\/01\/Top-10-Skin-Care-Product-Suppliers-in-Malaysia-300x200.jpg\" class=\"attachment-medium size-medium wp-image-91109\" alt=\"Les 10 meilleurs fournisseurs de produits de soin de la peau en Malaisie\" srcset=\"https:\/\/www.xiangxiangdaily.com\/wp-content\/uploads\/2026\/01\/Top-10-Skin-Care-Product-Suppliers-in-Malaysia-300x200.jpg 300w, https:\/\/www.xiangxiangdaily.com\/wp-content\/uploads\/2026\/01\/Top-10-Skin-Care-Product-Suppliers-in-Malaysia-768x512.jpg 768w, https:\/\/www.xiangxiangdaily.com\/wp-content\/uploads\/2026\/01\/Top-10-Skin-Care-Product-Suppliers-in-Malaysia-600x400.jpg 600w, https:\/\/www.xiangxiangdaily.com\/wp-content\/uploads\/2026\/01\/Top-10-Skin-Care-Product-Suppliers-in-Malaysia.jpg 800w\" sizes=\"(max-width: 300px) 100vw, 300px\" \/><\/div>\r\n\t\t<\/a>\r\n\t\t\t\t<div class=\"elementor-post__text\">\r\n\t\t\t\t<h3 class=\"elementor-post__title\">\r\n\t\t\t<a href=\"https:\/\/www.xiangxiangdaily.com\/fr\/top-10-skin-care-product-suppliers-in-malaysia\/\" >\r\n\t\t\t\tLes 10 premiers fournisseurs de produits de soin de la peau en Malaisie\t\t\t<\/a>\r\n\t\t<\/h3>\r\n\t\t\t\t<div class=\"elementor-post__meta-data\">\r\n\t\t\t\t\t<span class=\"elementor-post-date\">\r\n\t\t\t14 janvier 2026\t\t<\/span>\r\n\t\t\t\t<span class=\"elementor-post-avatar\">\r\n\t\t\tAucun commentaire\t\t<\/span>\r\n\t\t\t\t<\/div>\r\n\t\t\t\t<div class=\"elementor-post__excerpt\">\r\n\t\t\t<p>Les 10 meilleurs fournisseurs de produits de soins de la peau en Malaisie. D\u00e9couvrez des fabricants OEM et ODM de confiance, dirig\u00e9s par Xiangxiang Daily, pour des marques de beaut\u00e9 mondiales. <\/p>\n\t\t<\/div>\r\n\t\t\r\n\t\t<a class=\"elementor-post__read-more\" href=\"https:\/\/www.xiangxiangdaily.com\/fr\/top-10-skin-care-product-suppliers-in-malaysia\/\" aria-label=\"Read more about Les 10 premiers fournisseurs de produits de soin de la peau en Malaisie\" tabindex=\"-1\" >\r\n\t\t\tLire plus \"\t\t<\/a>\r\n\r\n\t\t\t\t<\/div>\r\n\t\t\t\t<\/article>\r\n\t\t\t\t<article class=\"elementor-post elementor-grid-item post-90946 post type-post status-publish format-standard has-post-thumbnail hentry category-nouveau\" role=\"listitem\">\r\n\t\t\t\t<a class=\"elementor-post__thumbnail__link\" href=\"https:\/\/www.xiangxiangdaily.com\/fr\/how-to-build-your-own-skincare-brand-in-2026\/\" tabindex=\"-1\" >\r\n\t\t\t<div class=\"elementor-post__thumbnail\"><img loading=\"lazy\" decoding=\"async\" width=\"300\" height=\"200\" src=\"https:\/\/www.xiangxiangdaily.com\/wp-content\/uploads\/2025\/12\/Skincare-brand-development-guide-300x200.jpg\" class=\"attachment-medium size-medium wp-image-90910\" alt=\"\" srcset=\"https:\/\/www.xiangxiangdaily.com\/wp-content\/uploads\/2025\/12\/Skincare-brand-development-guide-300x200.jpg 300w, https:\/\/www.xiangxiangdaily.com\/wp-content\/uploads\/2025\/12\/Skincare-brand-development-guide-768x512.jpg 768w, https:\/\/www.xiangxiangdaily.com\/wp-content\/uploads\/2025\/12\/Skincare-brand-development-guide-600x400.jpg 600w, https:\/\/www.xiangxiangdaily.com\/wp-content\/uploads\/2025\/12\/Skincare-brand-development-guide.jpg 800w\" sizes=\"(max-width: 300px) 100vw, 300px\" \/><\/div>\r\n\t\t<\/a>\r\n\t\t\t\t<div class=\"elementor-post__text\">\r\n\t\t\t\t<h3 class=\"elementor-post__title\">\r\n\t\t\t<a href=\"https:\/\/www.xiangxiangdaily.com\/fr\/how-to-build-your-own-skincare-brand-in-2026\/\" >\r\n\t\t\t\tComment cr\u00e9er votre propre marque de soins en 2026\t\t\t<\/a>\r\n\t\t<\/h3>\r\n\t\t\t\t<div class=\"elementor-post__meta-data\">\r\n\t\t\t\t\t<span class=\"elementor-post-date\">\r\n\t\t\t17 d\u00e9cembre 2025\t\t<\/span>\r\n\t\t\t\t<span class=\"elementor-post-avatar\">\r\n\t\t\tAucun commentaire\t\t<\/span>\r\n\t\t\t\t<\/div>\r\n\t\t\t\t<div class=\"elementor-post__excerpt\">\r\n\t\t\t<p>Un guide professionnel 2026 couvrant la cr\u00e9ation de marques de soins de la peau, le d\u00e9veloppement de produits, l&#8217;emballage, la conformit\u00e9, la fabrication et la strat\u00e9gie de mise sur le march\u00e9.<\/p>\n\t\t<\/div>\r\n\t\t\r\n\t\t<a class=\"elementor-post__read-more\" href=\"https:\/\/www.xiangxiangdaily.com\/fr\/how-to-build-your-own-skincare-brand-in-2026\/\" aria-label=\"Read more about Comment cr\u00e9er votre propre marque de soins en 2026\" tabindex=\"-1\" >\r\n\t\t\tLire plus \"\t\t<\/a>\r\n\r\n\t\t\t\t<\/div>\r\n\t\t\t\t<\/article>\r\n\t\t\t\t<article class=\"elementor-post elementor-grid-item post-90883 post type-post status-publish format-standard has-post-thumbnail hentry category-nouveau\" role=\"listitem\">\r\n\t\t\t\t<a class=\"elementor-post__thumbnail__link\" href=\"https:\/\/www.xiangxiangdaily.com\/fr\/cambodian-shampoo-packaging-and-design-features\/\" tabindex=\"-1\" >\r\n\t\t\t<div class=\"elementor-post__thumbnail\"><img loading=\"lazy\" decoding=\"async\" width=\"300\" height=\"200\" src=\"https:\/\/www.xiangxiangdaily.com\/wp-content\/uploads\/2025\/12\/Natural-Inspired-Design-Trends-in-Cambodia-Shampoo-300x200.jpg\" class=\"attachment-medium size-medium wp-image-90866\" alt=\"Tendances de conception inspir\u00e9es de la nature dans le shampooing Cambodge\" srcset=\"https:\/\/www.xiangxiangdaily.com\/wp-content\/uploads\/2025\/12\/Natural-Inspired-Design-Trends-in-Cambodia-Shampoo-300x200.jpg 300w, https:\/\/www.xiangxiangdaily.com\/wp-content\/uploads\/2025\/12\/Natural-Inspired-Design-Trends-in-Cambodia-Shampoo-768x512.jpg 768w, https:\/\/www.xiangxiangdaily.com\/wp-content\/uploads\/2025\/12\/Natural-Inspired-Design-Trends-in-Cambodia-Shampoo-600x400.jpg 600w, https:\/\/www.xiangxiangdaily.com\/wp-content\/uploads\/2025\/12\/Natural-Inspired-Design-Trends-in-Cambodia-Shampoo.jpg 800w\" sizes=\"(max-width: 300px) 100vw, 300px\" \/><\/div>\r\n\t\t<\/a>\r\n\t\t\t\t<div class=\"elementor-post__text\">\r\n\t\t\t\t<h3 class=\"elementor-post__title\">\r\n\t\t\t<a href=\"https:\/\/www.xiangxiangdaily.com\/fr\/cambodian-shampoo-packaging-and-design-features\/\" >\r\n\t\t\t\tEmballage et design du shampoing cambodgien\t\t\t<\/a>\r\n\t\t<\/h3>\r\n\t\t\t\t<div class=\"elementor-post__meta-data\">\r\n\t\t\t\t\t<span class=\"elementor-post-date\">\r\n\t\t\t10 d\u00e9cembre 2025\t\t<\/span>\r\n\t\t\t\t<span class=\"elementor-post-avatar\">\r\n\t\t\tAucun commentaire\t\t<\/span>\r\n\t\t\t\t<\/div>\r\n\t\t\t\t<div class=\"elementor-post__excerpt\">\r\n\t\t\t<p>Un regard approfondi sur l&#8217;emballage des shampooings cambodgiens, des r\u00e8gles d&rsquo;\u00e9tiquetage khm\u00e8res aux visuels culturels, en passant par les couleurs et les tendances \u00e9cologiques qui fa\u00e7onnent le design des soins capillaires.<\/p>\n\t\t<\/div>\r\n\t\t\r\n\t\t<a class=\"elementor-post__read-more\" href=\"https:\/\/www.xiangxiangdaily.com\/fr\/cambodian-shampoo-packaging-and-design-features\/\" aria-label=\"Read more about Emballage et design du shampoing cambodgien\" tabindex=\"-1\" >\r\n\t\t\tLire plus \"\t\t<\/a>\r\n\r\n\t\t\t\t<\/div>\r\n\t\t\t\t<\/article>\r\n\t\t\t\t<article class=\"elementor-post elementor-grid-item post-90841 post type-post status-publish format-standard has-post-thumbnail hentry category-nouveau\" role=\"listitem\">\r\n\t\t\t\t<a class=\"elementor-post__thumbnail__link\" href=\"https:\/\/www.xiangxiangdaily.com\/fr\/nigeria-hair-care-market-size-growth-and-trends\/\" tabindex=\"-1\" >\r\n\t\t\t<div class=\"elementor-post__thumbnail\"><img loading=\"lazy\" decoding=\"async\" width=\"300\" height=\"200\" src=\"https:\/\/www.xiangxiangdaily.com\/wp-content\/uploads\/2025\/11\/Nigeria-Hair-Care-Opportunities-for-New-Brands-300x200.jpg\" class=\"attachment-medium size-medium wp-image-90823\" alt=\"Soins capillaires au Nigeria : des opportunit\u00e9s pour les nouvelles marques\" srcset=\"https:\/\/www.xiangxiangdaily.com\/wp-content\/uploads\/2025\/11\/Nigeria-Hair-Care-Opportunities-for-New-Brands-300x200.jpg 300w, https:\/\/www.xiangxiangdaily.com\/wp-content\/uploads\/2025\/11\/Nigeria-Hair-Care-Opportunities-for-New-Brands-768x512.jpg 768w, https:\/\/www.xiangxiangdaily.com\/wp-content\/uploads\/2025\/11\/Nigeria-Hair-Care-Opportunities-for-New-Brands-600x400.jpg 600w, https:\/\/www.xiangxiangdaily.com\/wp-content\/uploads\/2025\/11\/Nigeria-Hair-Care-Opportunities-for-New-Brands.jpg 800w\" sizes=\"(max-width: 300px) 100vw, 300px\" \/><\/div>\r\n\t\t<\/a>\r\n\t\t\t\t<div class=\"elementor-post__text\">\r\n\t\t\t\t<h3 class=\"elementor-post__title\">\r\n\t\t\t<a href=\"https:\/\/www.xiangxiangdaily.com\/fr\/nigeria-hair-care-market-size-growth-and-trends\/\" >\r\n\t\t\t\tTaille du march\u00e9 des soins capillaires au Nigeria Croissance et tendances\t\t\t<\/a>\r\n\t\t<\/h3>\r\n\t\t\t\t<div class=\"elementor-post__meta-data\">\r\n\t\t\t\t\t<span class=\"elementor-post-date\">\r\n\t\t\t25 novembre 2025\t\t<\/span>\r\n\t\t\t\t<span class=\"elementor-post-avatar\">\r\n\t\t\tAucun commentaire\t\t<\/span>\r\n\t\t\t\t<\/div>\r\n\t\t\t\t<div class=\"elementor-post__excerpt\">\r\n\t\t\t<p>Une analyse actualis\u00e9e du march\u00e9 nig\u00e9rian des soins capillaires, couvrant la taille, les moteurs de croissance, les tendances de consommation, les canaux, la concurrence, la r\u00e9glementation et les opportunit\u00e9s cl\u00e9s pour les marques.<\/p>\n\t\t<\/div>\r\n\t\t\r\n\t\t<a class=\"elementor-post__read-more\" href=\"https:\/\/www.xiangxiangdaily.com\/fr\/nigeria-hair-care-market-size-growth-and-trends\/\" aria-label=\"Read more about Taille du march\u00e9 des soins capillaires au Nigeria Croissance et tendances\" tabindex=\"-1\" >\r\n\t\t\tLire plus \"\t\t<\/a>\r\n\r\n\t\t\t\t<\/div>\r\n\t\t\t\t<\/article>\r\n\t\t\t\t<article class=\"elementor-post elementor-grid-item post-90806 post type-post status-publish format-standard has-post-thumbnail hentry category-nouveau\" role=\"listitem\">\r\n\t\t\t\t<a class=\"elementor-post__thumbnail__link\" href=\"https:\/\/www.xiangxiangdaily.com\/fr\/how-much-budget-you-need-to-start-a-skincare-brand\/\" tabindex=\"-1\" >\r\n\t\t\t<div class=\"elementor-post__thumbnail\"><img loading=\"lazy\" decoding=\"async\" width=\"300\" height=\"200\" src=\"https:\/\/www.xiangxiangdaily.com\/wp-content\/uploads\/2025\/11\/Startup-Costs-for-Launching-Your-Own-Skincare-Line-300x200.jpg\" class=\"attachment-medium size-medium wp-image-90773\" alt=\"Co\u00fbts de d\u00e9marrage pour lancer votre propre ligne de soins de la peau\" srcset=\"https:\/\/www.xiangxiangdaily.com\/wp-content\/uploads\/2025\/11\/Startup-Costs-for-Launching-Your-Own-Skincare-Line-300x200.jpg 300w, https:\/\/www.xiangxiangdaily.com\/wp-content\/uploads\/2025\/11\/Startup-Costs-for-Launching-Your-Own-Skincare-Line-768x512.jpg 768w, https:\/\/www.xiangxiangdaily.com\/wp-content\/uploads\/2025\/11\/Startup-Costs-for-Launching-Your-Own-Skincare-Line-600x400.jpg 600w, https:\/\/www.xiangxiangdaily.com\/wp-content\/uploads\/2025\/11\/Startup-Costs-for-Launching-Your-Own-Skincare-Line.jpg 800w\" sizes=\"(max-width: 300px) 100vw, 300px\" \/><\/div>\r\n\t\t<\/a>\r\n\t\t\t\t<div class=\"elementor-post__text\">\r\n\t\t\t\t<h3 class=\"elementor-post__title\">\r\n\t\t\t<a href=\"https:\/\/www.xiangxiangdaily.com\/fr\/how-much-budget-you-need-to-start-a-skincare-brand\/\" >\r\n\t\t\t\tQuel est le budget n\u00e9cessaire pour lancer une marque de soins de la peau ?\t\t\t<\/a>\r\n\t\t<\/h3>\r\n\t\t\t\t<div class=\"elementor-post__meta-data\">\r\n\t\t\t\t\t<span class=\"elementor-post-date\">\r\n\t\t\t17 novembre 2025\t\t<\/span>\r\n\t\t\t\t<span class=\"elementor-post-avatar\">\r\n\t\t\tAucun commentaire\t\t<\/span>\r\n\t\t\t\t<\/div>\r\n\t\t\t\t<div class=\"elementor-post__excerpt\">\r\n\t\t\t<p>D\u00e9couvrez le co\u00fbt r\u00e9el de la cr\u00e9ation d&rsquo;une ligne de produits de soins pour la peau, qui couvre les formules, les quotas, l&#8217;emballage, les tests, l&rsquo;image de marque et les \u00e9l\u00e9ments essentiels du marketing.<\/p>\n\t\t<\/div>\r\n\t\t\r\n\t\t<a class=\"elementor-post__read-more\" href=\"https:\/\/www.xiangxiangdaily.com\/fr\/how-much-budget-you-need-to-start-a-skincare-brand\/\" aria-label=\"Read more about Quel est le budget n\u00e9cessaire pour lancer une marque de soins de la peau ?\" tabindex=\"-1\" >\r\n\t\t\tLire plus \"\t\t<\/a>\r\n\r\n\t\t\t\t<\/div>\r\n\t\t\t\t<\/article>\r\n\t\t\t\t<\/div>\r\n\t\t\r\n\t\t\t\t<div class=\"e-load-more-anchor\" data-page=\"1\" data-max-page=\"21\" data-next-page=\"https:\/\/www.xiangxiangdaily.com\/fr\/wp-json\/wp\/v2\/pages\/19229\/page\/2\/\"><\/div>\r\n\t\t\t\t<nav class=\"elementor-pagination\" aria-label=\"Pagination\">\r\n\t\t\t<span class=\"page-numbers prev\">\" Pr\u00e9c\u00e9dent<\/span>\n<span aria-current=\"page\" class=\"page-numbers current\"><span class=\"elementor-screen-only\">Page<\/span>1<\/span>\n<a class=\"page-numbers\" href=\"https:\/\/www.xiangxiangdaily.com\/fr\/wp-json\/wp\/v2\/pages\/19229\/page\/2\/\"><span class=\"elementor-screen-only\">Page<\/span>2<\/a>\n<a class=\"page-numbers\" href=\"https:\/\/www.xiangxiangdaily.com\/fr\/wp-json\/wp\/v2\/pages\/19229\/page\/3\/\"><span class=\"elementor-screen-only\">Page<\/span>3<\/a>\n<a class=\"page-numbers\" href=\"https:\/\/www.xiangxiangdaily.com\/fr\/wp-json\/wp\/v2\/pages\/19229\/page\/4\/\"><span class=\"elementor-screen-only\">Page<\/span>4<\/a>\n<a class=\"page-numbers\" href=\"https:\/\/www.xiangxiangdaily.com\/fr\/wp-json\/wp\/v2\/pages\/19229\/page\/5\/\"><span class=\"elementor-screen-only\">Page<\/span>5<\/a>\n<a class=\"page-numbers next\" href=\"https:\/\/www.xiangxiangdaily.com\/fr\/wp-json\/wp\/v2\/pages\/19229\/page\/2\/\">Suivant \"<\/a>\t\t<\/nav>\r\n\t\t\t\t\t\t<\/div>\n\t\t\t\t<\/div>\n\t\t\t\t\t<\/div>\n\t\t\t\t<\/div>\n\t\t\t\t<\/div>\n\t\t","protected":false},"excerpt":{"rendered":"<p>Nous vous tenons au courant des derni\u00e8res tendances, actualit\u00e9s et d\u00e9veloppements du secteur afin que vous ayez toujours une longueur d&rsquo;avance.<\/p>\n","protected":false},"author":1,"featured_media":0,"parent":0,"menu_order":0,"comment_status":"closed","ping_status":"closed","template":"elementor_theme","meta":{"_acf_changed":false,"footnotes":""},"class_list":["post-19229","page","type-page","status-publish","hentry"],"acf":[],"_links":{"self":[{"href":"https:\/\/www.xiangxiangdaily.com\/fr\/wp-json\/wp\/v2\/pages\/19229","targetHints":{"allow":["GET"]}}],"collection":[{"href":"https:\/\/www.xiangxiangdaily.com\/fr\/wp-json\/wp\/v2\/pages"}],"about":[{"href":"https:\/\/www.xiangxiangdaily.com\/fr\/wp-json\/wp\/v2\/types\/page"}],"author":[{"embeddable":true,"href":"https:\/\/www.xiangxiangdaily.com\/fr\/wp-json\/wp\/v2\/users\/1"}],"replies":[{"embeddable":true,"href":"https:\/\/www.xiangxiangdaily.com\/fr\/wp-json\/wp\/v2\/comments?post=19229"}],"version-history":[{"count":0,"href":"https:\/\/www.xiangxiangdaily.com\/fr\/wp-json\/wp\/v2\/pages\/19229\/revisions"}],"wp:attachment":[{"href":"https:\/\/www.xiangxiangdaily.com\/fr\/wp-json\/wp\/v2\/media?parent=19229"}],"curies":[{"name":"wp","href":"https:\/\/api.w.org\/{rel}","templated":true}]}}