{"id":19279,"date":"2023-12-09T09:53:29","date_gmt":"2023-12-09T01:53:29","guid":{"rendered":"https:\/\/www.xiangxiangdaily.com\/entrepreneurs-startups\/"},"modified":"2026-01-31T09:47:10","modified_gmt":"2026-01-31T01:47:10","slug":"entrepreneurs-startups","status":"publish","type":"page","link":"https:\/\/www.xiangxiangdaily.com\/fr\/entrepreneurs-startups\/","title":{"rendered":"Entrepreneurs et startups"},"content":{"rendered":"\t\t<div data-elementor-type=\"wp-page\" data-elementor-id=\"19279\" class=\"elementor elementor-19279 elementor-9924\" data-elementor-post-type=\"page\">\n\t\t\t\t<div class=\"elementor-element elementor-element-66eab8d6 e-flex e-con-boxed e-con e-parent\" data-id=\"66eab8d6\" data-element_type=\"container\" data-e-type=\"container\" data-settings=\"{&quot;background_background&quot;:&quot;classic&quot;}\">\n\t\t\t\t\t<div class=\"e-con-inner\">\n\t\t\t\t<div class=\"elementor-element elementor-element-4f07bcb3 elementor-widget elementor-widget-heading\" data-id=\"4f07bcb3\" data-element_type=\"widget\" data-e-type=\"widget\" data-widget_type=\"heading.default\">\n\t\t\t\t<div class=\"elementor-widget-container\">\n\t\t\t\t\t<h1 class=\"elementor-heading-title elementor-size-default\">Entrepreneurs et startups<\/h1>\t\t\t\t<\/div>\n\t\t\t\t<\/div>\n\t\t\t\t<div class=\"elementor-element elementor-element-49d8ff13 elementor-widget elementor-widget-heading\" data-id=\"49d8ff13\" data-element_type=\"widget\" data-e-type=\"widget\" data-widget_type=\"heading.default\">\n\t\t\t\t<div class=\"elementor-widget-container\">\n\t\t\t\t\t<p class=\"elementor-heading-title elementor-size-default\">Nous sommes passionn\u00e9s par le fait d'aider les entrepreneurs et les startups \u00e0 r\u00e9aliser leurs r\u00eaves. Nous pensons que tout le monde m\u00e9rite d'avoir la possibilit\u00e9 de cr\u00e9er une marque de produits de soins personnels \u00e0 succ\u00e8s.<\/p>\t\t\t\t<\/div>\n\t\t\t\t<\/div>\n\t\t\t\t<div class=\"elementor-element elementor-element-7b0c04c elementor-widget elementor-widget-breadcrumbs\" data-id=\"7b0c04c\" data-element_type=\"widget\" data-e-type=\"widget\" data-widget_type=\"breadcrumbs.default\">\n\t\t\t\t<div class=\"elementor-widget-container\">\n\t\t\t\t\t<nav><span class=\"last\">Accueil<\/span><\/nav>\t\t\t\t<\/div>\n\t\t\t\t<\/div>\n\t\t\t\t\t<\/div>\n\t\t\t\t<\/div>\n\t\t<div class=\"elementor-element elementor-element-471bbf2 e-flex e-con-boxed e-con e-parent\" data-id=\"471bbf2\" data-element_type=\"container\" data-e-type=\"container\">\n\t\t\t\t\t<div class=\"e-con-inner\">\n\t\t\t\t<div class=\"elementor-element elementor-element-0f6e7a6 elementor-widget elementor-widget-text-editor\" data-id=\"0f6e7a6\" data-element_type=\"widget\" data-e-type=\"widget\" data-widget_type=\"text-editor.default\">\n\t\t\t\t<div class=\"elementor-widget-container\">\n\t\t\t\t\t\t\t\t\t<p><img fetchpriority=\"high\" decoding=\"async\" class=\"alignnone wp-image-36425 size-full\" src=\"https:\/\/www.xiangxiangdaily.com\/wp-content\/uploads\/2024\/09\/Rosemary-Strengthening-Hair-Masque-4.webp\" alt=\"Masque capillaire fortifiant au romarin (4)\" width=\"800\" height=\"800\" srcset=\"https:\/\/www.xiangxiangdaily.com\/wp-content\/uploads\/2024\/09\/Rosemary-Strengthening-Hair-Masque-4.webp 800w, https:\/\/www.xiangxiangdaily.com\/wp-content\/uploads\/2024\/09\/Rosemary-Strengthening-Hair-Masque-4-300x300.webp 300w, https:\/\/www.xiangxiangdaily.com\/wp-content\/uploads\/2024\/09\/Rosemary-Strengthening-Hair-Masque-4-600x600.webp 600w, https:\/\/www.xiangxiangdaily.com\/wp-content\/uploads\/2024\/09\/Rosemary-Strengthening-Hair-Masque-4-500x500.webp 500w, https:\/\/www.xiangxiangdaily.com\/wp-content\/uploads\/2024\/09\/Rosemary-Strengthening-Hair-Masque-4-150x150.webp 150w, https:\/\/www.xiangxiangdaily.com\/wp-content\/uploads\/2024\/09\/Rosemary-Strengthening-Hair-Masque-4-768x768.webp 768w\" sizes=\"(max-width: 800px) 100vw, 800px\" \/><\/p>\n<p>Dans le secteur concurrentiel des soins personnels d&rsquo;aujourd&rsquo;hui, les entrepreneurs et les jeunes pousses sont souvent confront\u00e9s \u00e0 des difficult\u00e9s lorsqu&rsquo;ils cr\u00e9ent une marque \u00e0 partir de z\u00e9ro. La cr\u00e9ation d&rsquo;une gamme unique de produits de soins capillaires, <a class=\"link-whisper\" title=\"Fabricant de produits de soins corporels\" href=\"https:\/\/www.xiangxiangdaily.com\/fr\/fabricant-de-produits-de-soins-corporels\/\" target=\"_blank\" rel=\"noopener\" data-wpil-monitor-id=\"105\">corporels<\/a> ou faciaux ne se r\u00e9sume pas \u00e0 une id\u00e9e g\u00e9niale : elle exige une expertise en mati\u00e8re de formulation des produits, de respect des r\u00e9glementations et de compr\u00e9hension des tendances du march\u00e9. Chez Xiangxiang, nous sommes passionn\u00e9s par la transformation de votre vision en r\u00e9alit\u00e9. En tant que <a class=\"link-whisper\" title=\"Fabricant de soins capillaires\" href=\"https:\/\/www.xiangxiangdaily.com\/fr\/fabricant-de-produits-capillaires\/\" target=\"_blank\" rel=\"noopener\" data-wpil-monitor-id=\"753\">fabricant de produits de soins personnels de<\/a> confiance, nous aidons les entrepreneurs et les jeunes entreprises \u00e0 r\u00e9aliser leurs r\u00eaves en leur offrant un soutien professionnel adapt\u00e9 \u00e0 leurs besoins sp\u00e9cifiques.<\/p>\n<h2>Une approche personnalis\u00e9e pour chaque entrepreneur<\/h2>\n<p>Chaque entrepreneur a une vision unique, et nous comprenons que les solutions uniques ne fonctionnent pas dans ce secteur dynamique. Que vous vous int\u00e9ressiez aux produits de soins capillaires, aux solutions de soins de la peau ou aux produits de soins corporels essentiels, notre approche est personnalis\u00e9e afin de r\u00e9pondre aux objectifs sp\u00e9cifiques de votre marque. D\u00e8s le premier jour, nous travaillons en \u00e9troite collaboration avec vous pour comprendre votre niche de march\u00e9, votre public cible et les valeurs de votre marque.<\/p>\n<p>Notre \u00e9quipe de d\u00e9veloppeurs de produits exp\u00e9riment\u00e9s et de sp\u00e9cialistes de l&rsquo;industrie collaborera avec vous pour concevoir des formules qui refl\u00e8tent l&rsquo;identit\u00e9 de votre marque. Que vous cherchiez \u00e0 cr\u00e9er une ligne \u00e9cologique et enti\u00e8rement naturelle ou une solution de pointe avec des ingr\u00e9dients innovants, nous disposons de l&rsquo;expertise n\u00e9cessaire pour donner vie \u00e0 votre vision.<\/p>\n<h2>Comprendre les caract\u00e9ristiques propres \u00e0 l&rsquo;industrie<\/h2>\n<p>L&rsquo;une des cl\u00e9s du succ\u00e8s dans l&rsquo;industrie des <a class=\"link-whisper\" title=\"Les 20 premiers fournisseurs de produits de soins personnels et de cosm\u00e9tiques en Chine\" href=\"https:\/\/www.xiangxiangdaily.com\/fr\/top-20-personal-care-cosmetics-suppliers-in-china\/\" target=\"_blank\" rel=\"noopener\" data-wpil-monitor-id=\"2683\">soins personnels<\/a> est la compr\u00e9hension des caract\u00e9ristiques uniques de chaque cat\u00e9gorie de produits. Nous sommes fiers de notre connaissance approfondie des tendances en mati\u00e8re de soins capillaires, de soins corporels et de soins du visage, ce qui nous permet d&rsquo;offrir des perspectives qui distinguent vos produits. Par exemple :<\/p>\n<ul>\n<li>\n<p><strong>Soins capillaires<\/strong>: Nos formulations sont con\u00e7ues pour r\u00e9pondre aux besoins de diff\u00e9rents types de cheveux, des <a class=\"link-whisper\" title=\"L'huile de ricin pour les cheveux boucl\u00e9s\" href=\"https:\/\/www.xiangxiangdaily.com\/fr\/fabricant-de-produits-capillaires\/fabricant-dhuile-capillaire\/huile-de-ricin-pour-cheveux-boucles\/\" target=\"_blank\" rel=\"noopener\" data-wpil-monitor-id=\"752\">cheveux boucl\u00e9s et textur\u00e9s<\/a> aux cheveux color\u00e9s et fins. Nous fournissons des solutions pour la r\u00e9tention d&rsquo;humidit\u00e9, la sant\u00e9 du cuir chevelu et la r\u00e9paration des dommages, afin que vos produits r\u00e9pondent aux divers besoins de vos clients.<\/p>\n<\/li>\n<li>\n<p><strong>Soins du corps<\/strong>: Nous comprenons que les consommateurs d&rsquo;aujourd&rsquo;hui recherchent des <a class=\"link-whisper\" title=\"Huile corporelle hydratante au cacao\" href=\"https:\/\/www.xiangxiangdaily.com\/fr\/fabricant-de-produits-de-soins-corporels\/huile-de-massage-a-etiquette-privee\/huile-corporelle-hydratante-de-cacao\/\" target=\"_blank\" rel=\"noopener\" data-wpil-monitor-id=\"449\">produits de soins corporels qui vont au-del\u00e0 de la simple hydratation<\/a>. Des luxueuses <a class=\"link-whisper\" title=\"Fabricant de lotions corporelles\" href=\"https:\/\/www.xiangxiangdaily.com\/fr\/fabricant-de-produits-de-soins-corporels\/fabricant-de-lotions-corporelles\/\" target=\"_blank\" rel=\"noopener\" data-wpil-monitor-id=\"213\">lotions corporelles<\/a> aux gommages th\u00e9rapeutiques, nous proposons des formulations sur mesure qui offrent une combinaison parfaite d&rsquo;hydratation, de nutrition et de parfum, tout en respectant les normes de beaut\u00e9 propre.<\/p>\n<\/li>\n<li>\n<p><strong>Soins du visage<\/strong>: L&rsquo;industrie des soins de la peau \u00e9volue rapidement, avec une demande de produits ax\u00e9s sur l&rsquo;anti-\u00e2ge, le traitement de l&rsquo;acn\u00e9 et les solutions pour peaux sensibles. Notre \u00e9quipe est au fait des derni\u00e8res avanc\u00e9es en mati\u00e8re d&rsquo;ingr\u00e9dients actifs tels que l&rsquo;acide hyaluronique, le r\u00e9tinol et la vitamine C, ce qui garantit que vos produits de soins du visage sont \u00e0 la fois efficaces et commercialisables.<\/p>\n<\/li>\n<\/ul>\n<h2>R\u00e9soudre les points douloureux gr\u00e2ce \u00e0 des solutions personnalis\u00e9es<\/h2>\n<p>Les entreprises en phase de d\u00e9marrage sont souvent confront\u00e9es \u00e0 des probl\u00e8mes tels que des ressources limit\u00e9es, des obstacles r\u00e9glementaires ou des incertitudes quant \u00e0 la formulation des produits. Notre expertise permet d&rsquo;att\u00e9nuer ces difficult\u00e9s courantes :<\/p>\n<ol>\n<li>\n<p><strong>D\u00e9veloppement de produits<\/strong>: <a class=\"link-whisper\" title=\"Comment choisir les ingr\u00e9dients d'un shampooing personnalis\u00e9\" href=\"https:\/\/www.xiangxiangdaily.com\/fr\/how-to-choose-ingredients-for-custom-shampoo-2\/\" target=\"_blank\" rel=\"noopener\" data-wpil-monitor-id=\"1619\">La<\/a> cr\u00e9ation de produits de soins personnels de haute qualit\u00e9 n\u00e9cessite une connaissance des ingr\u00e9dients, de l&rsquo;efficacit\u00e9 et de la s\u00e9curit\u00e9. Nous travaillons avec vous pour formuler des produits qui non seulement r\u00e9pondent \u00e0 votre vision, mais qui sont \u00e9galement conformes aux r\u00e9glementations industrielles. Que vous ayez besoin de produits biologiques, sans cruaut\u00e9 ou certifi\u00e9s v\u00e9g\u00e9taliens, nous veillons \u00e0 ce que vos formulations r\u00e9pondent aux normes les plus strictes.<\/p>\n<\/li>\n<li>\n<p><strong>Fabrication en petites s\u00e9ries<\/strong>: Pour les entreprises en phase de d\u00e9marrage, les co\u00fbts de production initiaux peuvent \u00eatre \u00e9crasants. Nous proposons une fabrication en petites s\u00e9ries, ce qui vous permet de tester le march\u00e9 sans avoir \u00e0 supporter la charge financi\u00e8re d&rsquo;une production \u00e0 grande \u00e9chelle. Cette flexibilit\u00e9 permet aux entrepreneurs de se concentrer sur le d\u00e9veloppement de leur marque avant de passer \u00e0 l&rsquo;\u00e9chelle sup\u00e9rieure.<\/p>\n<\/li>\n<li>\n<p><strong>Image de marque et emballage<\/strong>: La premi\u00e8re impression est importante. Nous vous aidons \u00e0 concevoir l&#8217;emballage et le design de vos produits afin que l&rsquo;esth\u00e9tique de votre marque corresponde \u00e0 votre public cible. Notre \u00e9quipe vous aidera \u00e0 choisir les bons mat\u00e9riaux d&#8217;emballage qui non seulement sont esth\u00e9tiques, mais qui prot\u00e8gent \u00e9galement l&rsquo;int\u00e9grit\u00e9 de vos produits.<\/p>\n<\/li>\n<li>\n<p><strong>Conformit\u00e9 r\u00e9glementaire<\/strong>: Naviguer dans les paysages r\u00e9glementaires tels que les directives de la FDA, la conformit\u00e9 internationale et les tests de s\u00e9curit\u00e9 des produits peut \u00eatre intimidant. Nous \u00e9liminons les incertitudes du processus, en veillant \u00e0 ce que tous vos produits soient conformes aux r\u00e9glementations en vigueur, afin que vous puissiez vous concentrer sur ce qui compte le plus : le d\u00e9veloppement de votre entreprise.<\/p>\n<\/li>\n<\/ol>\n<h2>Orientation professionnelle pour une croissance durable<\/h2>\n<p>Notre r\u00f4le en tant que fabricant de produits de soins personnels va au-del\u00e0 de la production. Nous nous engageons \u00e0 vous guider \u00e0 chaque \u00e9tape du parcours de votre marque, en vous offrant des conseils professionnels qui vous aideront \u00e0 vous d\u00e9velopper de mani\u00e8re durable. Nous comprenons l&rsquo;importance de suivre l&rsquo;\u00e9volution constante des pr\u00e9f\u00e9rences des consommateurs et des tendances du secteur.<\/p>\n<ul>\n<li>\n<p><strong>Aper\u00e7u des tendances<\/strong>: En prenant le pouls des tendances du march\u00e9, nous fournissons des informations sur les nouveaux besoins et pr\u00e9f\u00e9rences des consommateurs. Qu&rsquo;il s&rsquo;agisse de beaut\u00e9 propre, d&#8217;emballage durable ou de technologie de pointe en mati\u00e8re de soins de la peau, nous vous aiderons \u00e0 garder une longueur d&rsquo;avance.<\/p>\n<\/li>\n<li>\n<p>Un <strong>soutien continu<\/strong>: Une fois vos produits lanc\u00e9s, notre soutien ne s&rsquo;arr\u00eate pas l\u00e0. Nous continuons \u00e0 vous fournir une assistance permanente lorsque vous \u00e9largissez votre gamme de produits, introduisez de nouvelles innovations ou p\u00e9n\u00e9trez de nouveaux march\u00e9s.<\/p>\n<\/li>\n<\/ul>\n<h2>Votre succ\u00e8s est notre succ\u00e8s<\/h2>\n<p>Chez Xiangxiang, nous pensons que tout le monde m\u00e9rite d&rsquo;avoir la possibilit\u00e9 de cr\u00e9er une <a href=\"https:\/\/www.xiangxiangdaily.com\/fr\/leading-facial-serum-suppliers-for-your-brand\/\" title=\"Principaux fournisseurs de s\u00e9rum pour le visage pour votre marque\" target=\"_blank\" rel=\"noopener\" data-wpil-monitor-id=\"5017\">marque de soins personnels<\/a> prosp\u00e8re. Nous sommes passionn\u00e9s par l&rsquo;id\u00e9e d&rsquo;aider les entrepreneurs et les startups \u00e0 r\u00e9aliser leurs r\u00eaves, en combinant notre expertise en mati\u00e8re de fabrication avec votre vision pour cr\u00e9er des produits qui trouvent un \u00e9cho aupr\u00e8s des consommateurs.<\/p>\n<p>Que vous lanciez votre premier produit ou que vous \u00e9largissiez votre gamme actuelle, nous sommes l\u00e0 pour vous aider \u00e0 chaque \u00e9tape. Ensemble, nous pouvons cr\u00e9er une marque de soins personnels qui non seulement se distingue sur un march\u00e9 encombr\u00e9, mais qui a \u00e9galement un impact significatif sur vos clients.<\/p>\n<p>Construisons ensemble quelque chose de beau.<\/p>\n\t\t\t\t\t\t\t\t<\/div>\n\t\t\t\t<\/div>\n\t\t\t\t\t<\/div>\n\t\t\t\t<\/div>\n\t\t<div class=\"elementor-element elementor-element-39218e1 e-flex e-con-boxed e-con e-parent\" data-id=\"39218e1\" data-element_type=\"container\" data-e-type=\"container\">\n\t\t\t\t\t<div class=\"e-con-inner\">\n\t\t\t\t<div class=\"elementor-element elementor-element-9c89785 elementor-widget elementor-widget-heading\" data-id=\"9c89785\" data-element_type=\"widget\" data-e-type=\"widget\" data-widget_type=\"heading.default\">\n\t\t\t\t<div class=\"elementor-widget-container\">\n\t\t\t\t\t<h2 class=\"elementor-heading-title elementor-size-default\">Des produits de qualit\u00e9 qui r\u00e9pondent \u00e0 vos besoins<\/h2>\t\t\t\t<\/div>\n\t\t\t\t<\/div>\n\t\t\t\t<div class=\"elementor-element elementor-element-fca03d8 elementor-widget elementor-widget-heading\" data-id=\"fca03d8\" data-element_type=\"widget\" data-e-type=\"widget\" data-widget_type=\"heading.default\">\n\t\t\t\t<div class=\"elementor-widget-container\">\n\t\t\t\t\t<p class=\"elementor-heading-title elementor-size-default\">Nos produits de soins personnels sont enti\u00e8rement personnalisables, ce qui vous permet de cr\u00e9er des produits qui r\u00e9pondent aux besoins sp\u00e9cifiques de vos clients. Cela vous donne un avantage concurrentiel et vous aide \u00e0 vous d\u00e9marquer de la concurrence.<\/p>\t\t\t\t<\/div>\n\t\t\t\t<\/div>\n\t\t<div class=\"elementor-element elementor-element-71c0615 e-flex e-con-boxed e-con e-child\" data-id=\"71c0615\" data-element_type=\"container\" data-e-type=\"container\">\n\t\t\t\t\t<div class=\"e-con-inner\">\n\t\t<div class=\"elementor-element elementor-element-f7c5362 e-flex e-con-boxed e-con e-child\" data-id=\"f7c5362\" data-element_type=\"container\" data-e-type=\"container\">\n\t\t\t\t\t<div class=\"e-con-inner\">\n\t\t\t\t<div class=\"elementor-element elementor-element-52573ba elementor-widget elementor-widget-image\" data-id=\"52573ba\" data-element_type=\"widget\" data-e-type=\"widget\" data-widget_type=\"image.default\">\n\t\t\t\t<div class=\"elementor-widget-container\">\n\t\t\t\t\t\t\t\t\t\t\t\t\t\t\t<img decoding=\"async\" width=\"500\" height=\"333\" src=\"https:\/\/www.xiangxiangdaily.com\/wp-content\/uploads\/2023\/12\/Custom-Ingredients.webp\" class=\"attachment-large size-large wp-image-11621\" alt=\"Ingr\u00e9dients personnalis\u00e9s\" srcset=\"https:\/\/www.xiangxiangdaily.com\/wp-content\/uploads\/2023\/12\/Custom-Ingredients.webp 500w, https:\/\/www.xiangxiangdaily.com\/wp-content\/uploads\/2023\/12\/Custom-Ingredients-300x200.webp 300w\" sizes=\"(max-width: 500px) 100vw, 500px\" \/>\t\t\t\t\t\t\t\t\t\t\t\t\t\t\t<\/div>\n\t\t\t\t<\/div>\n\t\t<div class=\"elementor-element elementor-element-3a33e73 e-flex e-con-boxed e-con e-child\" data-id=\"3a33e73\" data-element_type=\"container\" data-e-type=\"container\">\n\t\t\t\t\t<div class=\"e-con-inner\">\n\t\t\t\t<div class=\"elementor-element elementor-element-ea5d290 elementor-view-default elementor-widget elementor-widget-icon\" data-id=\"ea5d290\" data-element_type=\"widget\" data-e-type=\"widget\" data-widget_type=\"icon.default\">\n\t\t\t\t<div class=\"elementor-widget-container\">\n\t\t\t\t\t\t\t<div class=\"elementor-icon-wrapper\">\n\t\t\t<div class=\"elementor-icon\">\n\t\t\t<i aria-hidden=\"true\" class=\"fas fa-check-circle\"><\/i>\t\t\t<\/div>\n\t\t<\/div>\n\t\t\t\t\t\t<\/div>\n\t\t\t\t<\/div>\n\t\t\t\t<div class=\"elementor-element elementor-element-640bb76 elementor-widget elementor-widget-heading\" data-id=\"640bb76\" data-element_type=\"widget\" data-e-type=\"widget\" data-widget_type=\"heading.default\">\n\t\t\t\t<div class=\"elementor-widget-container\">\n\t\t\t\t\t<h5 class=\"elementor-heading-title elementor-size-default\">Choisissez vos ingr\u00e9dients<\/h5>\t\t\t\t<\/div>\n\t\t\t\t<\/div>\n\t\t\t\t\t<\/div>\n\t\t\t\t<\/div>\n\t\t\t\t<div class=\"elementor-element elementor-element-f5e4a8f elementor-widget elementor-widget-heading\" data-id=\"f5e4a8f\" data-element_type=\"widget\" data-e-type=\"widget\" data-widget_type=\"heading.default\">\n\t\t\t\t<div class=\"elementor-widget-container\">\n\t\t\t\t\t<p class=\"elementor-heading-title elementor-size-default\">Vous pouvez choisir parmi une large gamme d'ingr\u00e9dients, y compris des options naturelles, biologiques et v\u00e9g\u00e9taliennes.<\/p>\t\t\t\t<\/div>\n\t\t\t\t<\/div>\n\t\t\t\t\t<\/div>\n\t\t\t\t<\/div>\n\t\t<div class=\"elementor-element elementor-element-6069f7e e-flex e-con-boxed e-con e-child\" data-id=\"6069f7e\" data-element_type=\"container\" data-e-type=\"container\">\n\t\t\t\t\t<div class=\"e-con-inner\">\n\t\t\t\t<div class=\"elementor-element elementor-element-de07089 elementor-widget elementor-widget-image\" data-id=\"de07089\" data-element_type=\"widget\" data-e-type=\"widget\" data-widget_type=\"image.default\">\n\t\t\t\t<div class=\"elementor-widget-container\">\n\t\t\t\t\t\t\t\t\t\t\t\t\t\t\t<img decoding=\"async\" width=\"500\" height=\"333\" src=\"https:\/\/www.xiangxiangdaily.com\/wp-content\/uploads\/2023\/12\/Packing-type.webp\" class=\"attachment-large size-large wp-image-11625\" alt=\"Type d\u2019emballage\" srcset=\"https:\/\/www.xiangxiangdaily.com\/wp-content\/uploads\/2023\/12\/Packing-type.webp 500w, https:\/\/www.xiangxiangdaily.com\/wp-content\/uploads\/2023\/12\/Packing-type-300x200.webp 300w\" sizes=\"(max-width: 500px) 100vw, 500px\" \/>\t\t\t\t\t\t\t\t\t\t\t\t\t\t\t<\/div>\n\t\t\t\t<\/div>\n\t\t<div class=\"elementor-element elementor-element-61a5e1b e-flex e-con-boxed e-con e-child\" data-id=\"61a5e1b\" data-element_type=\"container\" data-e-type=\"container\">\n\t\t\t\t\t<div class=\"e-con-inner\">\n\t\t\t\t<div class=\"elementor-element elementor-element-a9cc2e2 elementor-view-default elementor-widget elementor-widget-icon\" data-id=\"a9cc2e2\" data-element_type=\"widget\" data-e-type=\"widget\" data-widget_type=\"icon.default\">\n\t\t\t\t<div class=\"elementor-widget-container\">\n\t\t\t\t\t\t\t<div class=\"elementor-icon-wrapper\">\n\t\t\t<div class=\"elementor-icon\">\n\t\t\t<i aria-hidden=\"true\" class=\"fas fa-check-circle\"><\/i>\t\t\t<\/div>\n\t\t<\/div>\n\t\t\t\t\t\t<\/div>\n\t\t\t\t<\/div>\n\t\t\t\t<div class=\"elementor-element elementor-element-d2e4d43 elementor-widget elementor-widget-heading\" data-id=\"d2e4d43\" data-element_type=\"widget\" data-e-type=\"widget\" data-widget_type=\"heading.default\">\n\t\t\t\t<div class=\"elementor-widget-container\">\n\t\t\t\t\t<h5 class=\"elementor-heading-title elementor-size-default\">Concevoir votre emballage<\/h5>\t\t\t\t<\/div>\n\t\t\t\t<\/div>\n\t\t\t\t\t<\/div>\n\t\t\t\t<\/div>\n\t\t\t\t<div class=\"elementor-element elementor-element-7d9e140 elementor-widget elementor-widget-heading\" data-id=\"7d9e140\" data-element_type=\"widget\" data-e-type=\"widget\" data-widget_type=\"heading.default\">\n\t\t\t\t<div class=\"elementor-widget-container\">\n\t\t\t\t\t<p class=\"elementor-heading-title elementor-size-default\">Vous pouvez choisir parmi une vari\u00e9t\u00e9 d'options d'emballage, y compris des \u00e9tiquettes et des mat\u00e9riaux d'emballage personnalis\u00e9s.<\/p>\t\t\t\t<\/div>\n\t\t\t\t<\/div>\n\t\t\t\t\t<\/div>\n\t\t\t\t<\/div>\n\t\t<div class=\"elementor-element elementor-element-6fa05f8 e-flex e-con-boxed e-con e-child\" data-id=\"6fa05f8\" data-element_type=\"container\" data-e-type=\"container\">\n\t\t\t\t\t<div class=\"e-con-inner\">\n\t\t\t\t<div class=\"elementor-element elementor-element-7bce30d elementor-widget elementor-widget-image\" data-id=\"7bce30d\" data-element_type=\"widget\" data-e-type=\"widget\" data-widget_type=\"image.default\">\n\t\t\t\t<div class=\"elementor-widget-container\">\n\t\t\t\t\t\t\t\t\t\t\t\t\t\t\t<img loading=\"lazy\" decoding=\"async\" width=\"500\" height=\"333\" src=\"https:\/\/www.xiangxiangdaily.com\/wp-content\/uploads\/2023\/12\/Private-Label.webp\" class=\"attachment-large size-large wp-image-11617\" alt=\"Marque priv\u00e9e\" srcset=\"https:\/\/www.xiangxiangdaily.com\/wp-content\/uploads\/2023\/12\/Private-Label.webp 500w, https:\/\/www.xiangxiangdaily.com\/wp-content\/uploads\/2023\/12\/Private-Label-300x200.webp 300w\" sizes=\"(max-width: 500px) 100vw, 500px\" \/>\t\t\t\t\t\t\t\t\t\t\t\t\t\t\t<\/div>\n\t\t\t\t<\/div>\n\t\t<div class=\"elementor-element elementor-element-f61d47c e-flex e-con-boxed e-con e-child\" data-id=\"f61d47c\" data-element_type=\"container\" data-e-type=\"container\">\n\t\t\t\t\t<div class=\"e-con-inner\">\n\t\t\t\t<div class=\"elementor-element elementor-element-0172391 elementor-view-default elementor-widget elementor-widget-icon\" data-id=\"0172391\" data-element_type=\"widget\" data-e-type=\"widget\" data-widget_type=\"icon.default\">\n\t\t\t\t<div class=\"elementor-widget-container\">\n\t\t\t\t\t\t\t<div class=\"elementor-icon-wrapper\">\n\t\t\t<div class=\"elementor-icon\">\n\t\t\t<i aria-hidden=\"true\" class=\"fas fa-check-circle\"><\/i>\t\t\t<\/div>\n\t\t<\/div>\n\t\t\t\t\t\t<\/div>\n\t\t\t\t<\/div>\n\t\t\t\t<div class=\"elementor-element elementor-element-ae1f72b elementor-widget elementor-widget-heading\" data-id=\"ae1f72b\" data-element_type=\"widget\" data-e-type=\"widget\" data-widget_type=\"heading.default\">\n\t\t\t\t<div class=\"elementor-widget-container\">\n\t\t\t\t\t<h5 class=\"elementor-heading-title elementor-size-default\">Cr\u00e9ez votre marque<\/h5>\t\t\t\t<\/div>\n\t\t\t\t<\/div>\n\t\t\t\t\t<\/div>\n\t\t\t\t<\/div>\n\t\t\t\t<div class=\"elementor-element elementor-element-adbcdf8 elementor-widget elementor-widget-heading\" data-id=\"adbcdf8\" data-element_type=\"widget\" data-e-type=\"widget\" data-widget_type=\"heading.default\">\n\t\t\t\t<div class=\"elementor-widget-container\">\n\t\t\t\t\t<p class=\"elementor-heading-title elementor-size-default\">Nous pouvons vous aider \u00e0 cr\u00e9er une identit\u00e9 de marque unique pour vos produits de soins personnels.<\/p>\t\t\t\t<\/div>\n\t\t\t\t<\/div>\n\t\t\t\t\t<\/div>\n\t\t\t\t<\/div>\n\t\t\t\t\t<\/div>\n\t\t\t\t<\/div>\n\t\t\t\t\t<\/div>\n\t\t\t\t<\/div>\n\t\t\t\t<\/div>\n\t\t","protected":false},"excerpt":{"rendered":"<p>Entrepreneurs et startups Nous sommes passionn\u00e9s par le fait d&rsquo;aider les entrepreneurs et les startups \u00e0 r\u00e9aliser leurs r\u00eaves. Nous pensons que tout le monde m\u00e9rite d&rsquo;avoir la possibilit\u00e9 de cr\u00e9er une marque de produits de soins personnels \u00e0 succ\u00e8s. Home Dans le secteur concurrentiel des soins personnels d&rsquo;aujourd&rsquo;hui, les entrepreneurs et les jeunes pousses [&hellip;]<\/p>\n","protected":false},"author":1,"featured_media":13332,"parent":0,"menu_order":0,"comment_status":"closed","ping_status":"closed","template":"elementor_theme","meta":{"_acf_changed":false,"footnotes":""},"class_list":["post-19279","page","type-page","status-publish","has-post-thumbnail","hentry"],"acf":[],"_links":{"self":[{"href":"https:\/\/www.xiangxiangdaily.com\/fr\/wp-json\/wp\/v2\/pages\/19279","targetHints":{"allow":["GET"]}}],"collection":[{"href":"https:\/\/www.xiangxiangdaily.com\/fr\/wp-json\/wp\/v2\/pages"}],"about":[{"href":"https:\/\/www.xiangxiangdaily.com\/fr\/wp-json\/wp\/v2\/types\/page"}],"author":[{"embeddable":true,"href":"https:\/\/www.xiangxiangdaily.com\/fr\/wp-json\/wp\/v2\/users\/1"}],"replies":[{"embeddable":true,"href":"https:\/\/www.xiangxiangdaily.com\/fr\/wp-json\/wp\/v2\/comments?post=19279"}],"version-history":[{"count":0,"href":"https:\/\/www.xiangxiangdaily.com\/fr\/wp-json\/wp\/v2\/pages\/19279\/revisions"}],"wp:featuredmedia":[{"embeddable":true,"href":"https:\/\/www.xiangxiangdaily.com\/fr\/wp-json\/wp\/v2\/media\/13332"}],"wp:attachment":[{"href":"https:\/\/www.xiangxiangdaily.com\/fr\/wp-json\/wp\/v2\/media?parent=19279"}],"curies":[{"name":"wp","href":"https:\/\/api.w.org\/{rel}","templated":true}]}}