{"id":19851,"date":"2023-01-12T10:12:59","date_gmt":"2023-01-12T02:12:59","guid":{"rendered":"https:\/\/www.xiangxiangdaily.com\/leadership\/"},"modified":"2026-04-28T18:19:12","modified_gmt":"2026-04-28T10:19:12","slug":"leadership","status":"publish","type":"page","link":"https:\/\/www.xiangxiangdaily.com\/fr\/leadership\/","title":{"rendered":"Leadership"},"content":{"rendered":"\t\t<div data-elementor-type=\"wp-page\" data-elementor-id=\"19851\" class=\"elementor elementor-19851 elementor-3420\" data-elementor-post-type=\"page\">\n\t\t\t\t<div class=\"elementor-element elementor-element-6397af38 e-flex e-con-boxed e-con e-parent\" data-id=\"6397af38\" data-element_type=\"container\" data-e-type=\"container\" data-settings=\"{&quot;background_background&quot;:&quot;classic&quot;}\">\n\t\t\t\t\t<div class=\"e-con-inner\">\n\t\t\t\t<div class=\"elementor-element elementor-element-43f01f24 elementor-widget elementor-widget-heading\" data-id=\"43f01f24\" data-element_type=\"widget\" data-e-type=\"widget\" data-widget_type=\"heading.default\">\n\t\t\t\t<div class=\"elementor-widget-container\">\n\t\t\t\t\t<h1 class=\"elementor-heading-title elementor-size-default\">Leadership<\/h1>\t\t\t\t<\/div>\n\t\t\t\t<\/div>\n\t\t\t\t<div class=\"elementor-element elementor-element-c98dc6d elementor-widget elementor-widget-text-editor\" data-id=\"c98dc6d\" data-element_type=\"widget\" data-e-type=\"widget\" data-widget_type=\"text-editor.default\">\n\t\t\t\t<div class=\"elementor-widget-container\">\n\t\t\t\t\t\t\t\t\t<p>L\u2019\u00e9quipe de direction de Xiangxiangdaily montre l\u2019exemple, d\u00e9montrant les qualit\u00e9s qui distinguent nos employ\u00e9s : int\u00e9grit\u00e9, expertise et engagement \u00e0 servir nos clients avec distinction.<\/p>\t\t\t\t\t\t\t\t<\/div>\n\t\t\t\t<\/div>\n\t\t\t\t<div class=\"elementor-element elementor-element-f6f0186 elementor-widget elementor-widget-breadcrumbs\" data-id=\"f6f0186\" data-element_type=\"widget\" data-e-type=\"widget\" data-widget_type=\"breadcrumbs.default\">\n\t\t\t\t<div class=\"elementor-widget-container\">\n\t\t\t\t\t<nav><span class=\"last\">Accueil<\/span><\/nav>\t\t\t\t<\/div>\n\t\t\t\t<\/div>\n\t\t\t\t\t<\/div>\n\t\t\t\t<\/div>\n\t\t<div class=\"elementor-element elementor-element-03b9a7e e-flex e-con-boxed e-con e-parent\" data-id=\"03b9a7e\" data-element_type=\"container\" data-e-type=\"container\" data-settings=\"{&quot;background_background&quot;:&quot;classic&quot;}\">\n\t\t\t\t\t<div class=\"e-con-inner\">\n\t\t\t\t<div class=\"elementor-element elementor-element-2a97e8b elementor-widget elementor-widget-heading\" data-id=\"2a97e8b\" data-element_type=\"widget\" data-e-type=\"widget\" data-widget_type=\"heading.default\">\n\t\t\t\t<div class=\"elementor-widget-container\">\n\t\t\t\t\t<h2 class=\"elementor-heading-title elementor-size-default\">D\u00e9couvrez les visages qui se cachent derri\u00e8re le succ\u00e8s de Xiangxiang<\/h2>\t\t\t\t<\/div>\n\t\t\t\t<\/div>\n\t\t<div class=\"elementor-element elementor-element-a987817 e-flex e-con-boxed e-con e-child\" data-id=\"a987817\" data-element_type=\"container\" data-e-type=\"container\">\n\t\t\t\t\t<div class=\"e-con-inner\">\n\t\t\t\t<div class=\"elementor-element elementor-element-e1858a3 elementor-widget-divider--view-line elementor-widget elementor-widget-divider\" data-id=\"e1858a3\" data-element_type=\"widget\" data-e-type=\"widget\" data-widget_type=\"divider.default\">\n\t\t\t\t<div class=\"elementor-widget-container\">\n\t\t\t\t\t\t\t<div class=\"elementor-divider\">\n\t\t\t<span class=\"elementor-divider-separator\">\n\t\t\t\t\t\t<\/span>\n\t\t<\/div>\n\t\t\t\t\t\t<\/div>\n\t\t\t\t<\/div>\n\t\t\t\t<div class=\"elementor-element elementor-element-8360d4a elementor-view-default elementor-widget elementor-widget-icon\" data-id=\"8360d4a\" data-element_type=\"widget\" data-e-type=\"widget\" data-widget_type=\"icon.default\">\n\t\t\t\t<div class=\"elementor-widget-container\">\n\t\t\t\t\t\t\t<div class=\"elementor-icon-wrapper\">\n\t\t\t<div class=\"elementor-icon\">\n\t\t\t<i aria-hidden=\"true\" class=\"fas fa-star\"><\/i>\t\t\t<\/div>\n\t\t<\/div>\n\t\t\t\t\t\t<\/div>\n\t\t\t\t<\/div>\n\t\t\t\t<div class=\"elementor-element elementor-element-d0f75a7 elementor-widget-divider--view-line elementor-widget elementor-widget-divider\" data-id=\"d0f75a7\" data-element_type=\"widget\" data-e-type=\"widget\" data-widget_type=\"divider.default\">\n\t\t\t\t<div class=\"elementor-widget-container\">\n\t\t\t\t\t\t\t<div class=\"elementor-divider\">\n\t\t\t<span class=\"elementor-divider-separator\">\n\t\t\t\t\t\t<\/span>\n\t\t<\/div>\n\t\t\t\t\t\t<\/div>\n\t\t\t\t<\/div>\n\t\t\t\t\t<\/div>\n\t\t\t\t<\/div>\n\t\t\t\t<div class=\"elementor-element elementor-element-ffe8480 elementor-widget elementor-widget-text-editor\" data-id=\"ffe8480\" data-element_type=\"widget\" data-e-type=\"widget\" data-widget_type=\"text-editor.default\">\n\t\t\t\t<div class=\"elementor-widget-container\">\n\t\t\t\t\t\t\t\t\t<p>L&rsquo;\u00e9quipe dirigeante de Xiangxiang est compos\u00e9e d&rsquo;experts du secteur qui ont une connaissance approfondie de l&rsquo;industrie des soins personnels. Gr\u00e2ce \u00e0 leur vision, \u00e0 leur exp\u00e9rience et \u00e0 leur engagement in\u00e9branlable en faveur de l&rsquo;int\u00e9grit\u00e9, ils ont cr\u00e9\u00e9 une entreprise qui donne la priorit\u00e9 \u00e0 la r\u00e9ussite de ses employ\u00e9s et de ses clients.<\/p>\t\t\t\t\t\t\t\t<\/div>\n\t\t\t\t<\/div>\n\t\t\t\t\t<\/div>\n\t\t\t\t<\/div>\n\t\t<div class=\"elementor-element elementor-element-8b84784 e-flex e-con-boxed e-con e-parent\" data-id=\"8b84784\" data-element_type=\"container\" data-e-type=\"container\">\n\t\t\t\t\t<div class=\"e-con-inner\">\n\t\t\t\t<div class=\"elementor-element elementor-element-d0a8b66 elementor-widget elementor-widget-image\" data-id=\"d0a8b66\" data-element_type=\"widget\" data-e-type=\"widget\" data-widget_type=\"image.default\">\n\t\t\t\t<div class=\"elementor-widget-container\">\n\t\t\t\t\t\t\t\t\t\t\t\t\t\t\t<img fetchpriority=\"high\" decoding=\"async\" width=\"800\" height=\"801\" src=\"https:\/\/www.xiangxiangdaily.com\/wp-content\/uploads\/2023\/12\/Sophia-Li.webp\" class=\"attachment-large size-large wp-image-11397\" alt=\"Sophia Li\" srcset=\"https:\/\/www.xiangxiangdaily.com\/wp-content\/uploads\/2023\/12\/Sophia-Li.webp 800w, https:\/\/www.xiangxiangdaily.com\/wp-content\/uploads\/2023\/12\/Sophia-Li-300x300.webp 300w, https:\/\/www.xiangxiangdaily.com\/wp-content\/uploads\/2023\/12\/Sophia-Li-600x601.webp 600w, https:\/\/www.xiangxiangdaily.com\/wp-content\/uploads\/2023\/12\/Sophia-Li-500x500.webp 500w, https:\/\/www.xiangxiangdaily.com\/wp-content\/uploads\/2023\/12\/Sophia-Li-150x150.webp 150w, https:\/\/www.xiangxiangdaily.com\/wp-content\/uploads\/2023\/12\/Sophia-Li-768x769.webp 768w\" sizes=\"(max-width: 800px) 100vw, 800px\" \/>\t\t\t\t\t\t\t\t\t\t\t\t\t\t\t<\/div>\n\t\t\t\t<\/div>\n\t\t<div class=\"elementor-element elementor-element-72f72df e-flex e-con-boxed e-con e-child\" data-id=\"72f72df\" data-element_type=\"container\" data-e-type=\"container\">\n\t\t\t\t\t<div class=\"e-con-inner\">\n\t\t\t\t<div class=\"elementor-element elementor-element-7f91207 elementor-widget elementor-widget-heading\" data-id=\"7f91207\" data-element_type=\"widget\" data-e-type=\"widget\" data-widget_type=\"heading.default\">\n\t\t\t\t<div class=\"elementor-widget-container\">\n\t\t\t\t\t<h2 class=\"elementor-heading-title elementor-size-default\">Sophia Li<\/h2>\t\t\t\t<\/div>\n\t\t\t\t<\/div>\n\t\t\t\t<div class=\"elementor-element elementor-element-8d1744d elementor-widget elementor-widget-heading\" data-id=\"8d1744d\" data-element_type=\"widget\" data-e-type=\"widget\" data-widget_type=\"heading.default\">\n\t\t\t\t<div class=\"elementor-widget-container\">\n\t\t\t\t\t<div class=\"elementor-heading-title elementor-size-default\">Pr\u00e9sident<\/div>\t\t\t\t<\/div>\n\t\t\t\t<\/div>\n\t\t\t\t<div class=\"elementor-element elementor-element-89a4d43 elementor-widget elementor-widget-heading\" data-id=\"89a4d43\" data-element_type=\"widget\" data-e-type=\"widget\" data-widget_type=\"heading.default\">\n\t\t\t\t<div class=\"elementor-widget-container\">\n\t\t\t\t\t<h3 class=\"elementor-heading-title elementor-size-default\">\"La synergie est cr\u00e9\u00e9e lorsque des individus s'unissent pour atteindre un objectif commun.<\/h3>\t\t\t\t<\/div>\n\t\t\t\t<\/div>\n\t\t\t\t<div class=\"elementor-element elementor-element-55c9c35 elementor-widget elementor-widget-text-editor\" data-id=\"55c9c35\" data-element_type=\"widget\" data-e-type=\"widget\" data-widget_type=\"text-editor.default\">\n\t\t\t\t<div class=\"elementor-widget-container\">\n\t\t\t\t\t\t\t\t\t<p>Avant d&rsquo;occuper ce poste, elle a \u00e9t\u00e9 une dirigeante d\u00e9vou\u00e9e et un mentor encourageant tous les employ\u00e9s de Xiangxiang. Aujourd&rsquo;hui, elle supervise le d\u00e9veloppement de formulations et d&#8217;emballages innovants. <span style=\"text-decoration: underline;\"><a href=\"https:\/\/www.xiangxiangdaily.com\/oemodm-services\/\">formulations et d&#8217;emballages innovants<\/a><\/span> pour les produits de soins personnels. Elle met \u00e9galement en place une cha\u00eene d&rsquo;approvisionnement solide afin de garantir un service optimal \u00e0 nos clients, et stimule la croissance de l&rsquo;entreprise par le biais de fusions et d&rsquo;acquisitions strat\u00e9giques.  <br><br>En tant que PDG de notre entreprise de produits de soins personnels, Sophia se consacre \u00e0 l&rsquo;am\u00e9lioration de ses performances au profit de nos clients, de nos employ\u00e9s et de la communaut\u00e9 locale. Elle croit \u00e0 la production durable et aux emballages \u00e0 valeur ajout\u00e9e pour les cosm\u00e9tiques. Sophia a fait ses preuves en tant que dirigeante, ayant d\u00e9j\u00e0 occup\u00e9 le poste de directrice des op\u00e9rations en 2012 et jou\u00e9 un r\u00f4le cl\u00e9 dans la croissance de notre activit\u00e9 de produits de soins personnels \u00e0 Guangzhou, dans le Guangdong, en Chine.  <\/p>\t\t\t\t\t\t\t\t<\/div>\n\t\t\t\t<\/div>\n\t\t\t\t\t<\/div>\n\t\t\t\t<\/div>\n\t\t\t\t\t<\/div>\n\t\t\t\t<\/div>\n\t\t<div class=\"elementor-element elementor-element-9796745 e-flex e-con-boxed e-con e-parent\" data-id=\"9796745\" data-element_type=\"container\" data-e-type=\"container\">\n\t\t\t\t\t<div class=\"e-con-inner\">\n\t\t\t\t<div class=\"elementor-element elementor-element-e854484 elementor-widget elementor-widget-image\" data-id=\"e854484\" data-element_type=\"widget\" data-e-type=\"widget\" data-widget_type=\"image.default\">\n\t\t\t\t<div class=\"elementor-widget-container\">\n\t\t\t\t\t\t\t\t\t\t\t\t\t\t\t<img decoding=\"async\" width=\"800\" height=\"799\" src=\"https:\/\/www.xiangxiangdaily.com\/wp-content\/uploads\/2023\/12\/David-Shi.webp\" class=\"attachment-large size-large wp-image-11393\" alt=\"David Shi\" srcset=\"https:\/\/www.xiangxiangdaily.com\/wp-content\/uploads\/2023\/12\/David-Shi.webp 800w, https:\/\/www.xiangxiangdaily.com\/wp-content\/uploads\/2023\/12\/David-Shi-300x300.webp 300w, https:\/\/www.xiangxiangdaily.com\/wp-content\/uploads\/2023\/12\/David-Shi-600x599.webp 600w, https:\/\/www.xiangxiangdaily.com\/wp-content\/uploads\/2023\/12\/David-Shi-500x500.webp 500w, https:\/\/www.xiangxiangdaily.com\/wp-content\/uploads\/2023\/12\/David-Shi-150x150.webp 150w, https:\/\/www.xiangxiangdaily.com\/wp-content\/uploads\/2023\/12\/David-Shi-768x767.webp 768w\" sizes=\"(max-width: 800px) 100vw, 800px\" \/>\t\t\t\t\t\t\t\t\t\t\t\t\t\t\t<\/div>\n\t\t\t\t<\/div>\n\t\t<div class=\"elementor-element elementor-element-8934a71 e-flex e-con-boxed e-con e-child\" data-id=\"8934a71\" data-element_type=\"container\" data-e-type=\"container\">\n\t\t\t\t\t<div class=\"e-con-inner\">\n\t\t\t\t<div class=\"elementor-element elementor-element-bfb9894 elementor-widget elementor-widget-heading\" data-id=\"bfb9894\" data-element_type=\"widget\" data-e-type=\"widget\" data-widget_type=\"heading.default\">\n\t\t\t\t<div class=\"elementor-widget-container\">\n\t\t\t\t\t<h2 class=\"elementor-heading-title elementor-size-default\">David Shi<\/h2>\t\t\t\t<\/div>\n\t\t\t\t<\/div>\n\t\t\t\t<div class=\"elementor-element elementor-element-3848381 elementor-widget elementor-widget-heading\" data-id=\"3848381\" data-element_type=\"widget\" data-e-type=\"widget\" data-widget_type=\"heading.default\">\n\t\t\t\t<div class=\"elementor-widget-container\">\n\t\t\t\t\t<div class=\"elementor-heading-title elementor-size-default\">Directeur g\u00e9n\u00e9ral<\/div>\t\t\t\t<\/div>\n\t\t\t\t<\/div>\n\t\t\t\t<div class=\"elementor-element elementor-element-2c10e55 elementor-widget elementor-widget-heading\" data-id=\"2c10e55\" data-element_type=\"widget\" data-e-type=\"widget\" data-widget_type=\"heading.default\">\n\t\t\t\t<div class=\"elementor-widget-container\">\n\t\t\t\t\t<h3 class=\"elementor-heading-title elementor-size-default\">\"Xiangxiang croit au principe du gagnant-gagnant. Nous ne nous concentrons pas uniquement sur la r\u00e9ussite individuelle, mais nous nous effor\u00e7ons d'am\u00e9liorer et d'accro\u00eetre la r\u00e9ussite de tous\"<\/h3>\t\t\t\t<\/div>\n\t\t\t\t<\/div>\n\t\t\t\t<div class=\"elementor-element elementor-element-19681b8 elementor-widget elementor-widget-text-editor\" data-id=\"19681b8\" data-element_type=\"widget\" data-e-type=\"widget\" data-widget_type=\"text-editor.default\">\n\t\t\t\t<div class=\"elementor-widget-container\">\n\t\t\t\t\t\t\t\t\t<p>En 2018, David est devenu PDG de Xiangxiang, s&rsquo;appuyant sur plus de 10 ans d&rsquo;exp\u00e9rience dans la cha\u00eene d&rsquo;approvisionnement des industries des cosm\u00e9tiques et des soins personnels. Il est largement consid\u00e9r\u00e9 comme un pionnier dans le secteur de la fabrication de domaines, avec un \u0153il attentif aux tendances en mati\u00e8re d&#8217;emballage et d&rsquo;image de marque et une compr\u00e9hension aigu\u00eb des besoins en constante \u00e9volution de nos clients. <\/p>\t\t\t\t\t\t\t\t<\/div>\n\t\t\t\t<\/div>\n\t\t\t\t\t<\/div>\n\t\t\t\t<\/div>\n\t\t\t\t\t<\/div>\n\t\t\t\t<\/div>\n\t\t\t\t<\/div>\n\t\t","protected":false},"excerpt":{"rendered":"<p>Leadership L\u2019\u00e9quipe de direction de Xiangxiangdaily montre l\u2019exemple, d\u00e9montrant les qualit\u00e9s qui distinguent nos employ\u00e9s : int\u00e9grit\u00e9, expertise et engagement \u00e0 servir nos clients avec distinction. Home D\u00e9couvrez les visages qui se cachent derri\u00e8re le succ\u00e8s de Xiangxiang L&rsquo;\u00e9quipe dirigeante de Xiangxiang est compos\u00e9e d&rsquo;experts du secteur qui ont une connaissance approfondie de l&rsquo;industrie des [&hellip;]<\/p>\n","protected":false},"author":1,"featured_media":11277,"parent":0,"menu_order":0,"comment_status":"closed","ping_status":"closed","template":"","meta":{"_acf_changed":false,"footnotes":""},"class_list":["post-19851","page","type-page","status-publish","has-post-thumbnail","hentry"],"acf":[],"_links":{"self":[{"href":"https:\/\/www.xiangxiangdaily.com\/fr\/wp-json\/wp\/v2\/pages\/19851","targetHints":{"allow":["GET"]}}],"collection":[{"href":"https:\/\/www.xiangxiangdaily.com\/fr\/wp-json\/wp\/v2\/pages"}],"about":[{"href":"https:\/\/www.xiangxiangdaily.com\/fr\/wp-json\/wp\/v2\/types\/page"}],"author":[{"embeddable":true,"href":"https:\/\/www.xiangxiangdaily.com\/fr\/wp-json\/wp\/v2\/users\/1"}],"replies":[{"embeddable":true,"href":"https:\/\/www.xiangxiangdaily.com\/fr\/wp-json\/wp\/v2\/comments?post=19851"}],"version-history":[{"count":2,"href":"https:\/\/www.xiangxiangdaily.com\/fr\/wp-json\/wp\/v2\/pages\/19851\/revisions"}],"predecessor-version":[{"id":101788,"href":"https:\/\/www.xiangxiangdaily.com\/fr\/wp-json\/wp\/v2\/pages\/19851\/revisions\/101788"}],"wp:featuredmedia":[{"embeddable":true,"href":"https:\/\/www.xiangxiangdaily.com\/fr\/wp-json\/wp\/v2\/media\/11277"}],"wp:attachment":[{"href":"https:\/\/www.xiangxiangdaily.com\/fr\/wp-json\/wp\/v2\/media?parent=19851"}],"curies":[{"name":"wp","href":"https:\/\/api.w.org\/{rel}","templated":true}]}}