{"id":19924,"date":"2022-07-24T11:50:43","date_gmt":"2022-07-24T03:50:43","guid":{"rendered":"https:\/\/www.xiangxiangdaily.com\/services\/"},"modified":"2026-04-28T18:18:31","modified_gmt":"2026-04-28T10:18:31","slug":"services","status":"publish","type":"page","link":"https:\/\/www.xiangxiangdaily.com\/fr\/services\/","title":{"rendered":"Services"},"content":{"rendered":"\t\t<div data-elementor-type=\"wp-page\" data-elementor-id=\"19924\" class=\"elementor elementor-19924 elementor-751\" data-elementor-post-type=\"page\">\n\t\t\t\t<div class=\"elementor-element elementor-element-2041c355 e-flex e-con-boxed e-con e-parent\" data-id=\"2041c355\" data-element_type=\"container\" data-e-type=\"container\" data-settings=\"{&quot;background_background&quot;:&quot;classic&quot;}\">\n\t\t\t\t\t<div class=\"e-con-inner\">\n\t\t\t\t<div class=\"elementor-element elementor-element-784b54c0 elementor-widget elementor-widget-heading\" data-id=\"784b54c0\" data-element_type=\"widget\" data-e-type=\"widget\" data-widget_type=\"heading.default\">\n\t\t\t\t<div class=\"elementor-widget-container\">\n\t\t\t\t\t<h1 class=\"elementor-heading-title elementor-size-default\">Une cha\u00eene d'approvisionnement rationalis\u00e9e : <\/br>Des services complets<\/h1>\t\t\t\t<\/div>\n\t\t\t\t<\/div>\n\t\t\t\t<div class=\"elementor-element elementor-element-5d354759 elementor-widget elementor-widget-heading\" data-id=\"5d354759\" data-element_type=\"widget\" data-e-type=\"widget\" data-widget_type=\"heading.default\">\n\t\t\t\t<div class=\"elementor-widget-container\">\n\t\t\t\t\t<p class=\"elementor-heading-title elementor-size-default\">Nous faisons partie des meilleurs fournisseurs de services de fabrication, de distribution et d'augmentation des revenus.<\/p>\t\t\t\t<\/div>\n\t\t\t\t<\/div>\n\t\t\t\t<div class=\"elementor-element elementor-element-41f743e elementor-widget elementor-widget-breadcrumbs\" data-id=\"41f743e\" data-element_type=\"widget\" data-e-type=\"widget\" data-widget_type=\"breadcrumbs.default\">\n\t\t\t\t<div class=\"elementor-widget-container\">\n\t\t\t\t\t<nav><span class=\"last\">Accueil<\/span><\/nav>\t\t\t\t<\/div>\n\t\t\t\t<\/div>\n\t\t\t\t\t<\/div>\n\t\t\t\t<\/div>\n\t\t<div class=\"elementor-element elementor-element-a5b128f e-flex e-con-boxed e-con e-parent\" data-id=\"a5b128f\" data-element_type=\"container\" data-e-type=\"container\">\n\t\t\t\t\t<div class=\"e-con-inner\">\n\t\t<div class=\"elementor-element elementor-element-b9aa2b5 e-con-full e-flex e-con e-child\" data-id=\"b9aa2b5\" data-element_type=\"container\" data-e-type=\"container\">\n\t\t\t\t<div class=\"elementor-element elementor-element-33a6232 elementor-widget elementor-widget-heading\" data-id=\"33a6232\" data-element_type=\"widget\" data-e-type=\"widget\" data-widget_type=\"heading.default\">\n\t\t\t\t<div class=\"elementor-widget-container\">\n\t\t\t\t\t<h2 class=\"elementor-heading-title elementor-size-default\">\u00c0 vos c\u00f4t\u00e9s de la conception \u00e0 l'exp\u00e9dition<\/h2>\t\t\t\t<\/div>\n\t\t\t\t<\/div>\n\t\t\t\t<div class=\"elementor-element elementor-element-e2e7828 elementor-widget-divider--view-line elementor-widget elementor-widget-divider\" data-id=\"e2e7828\" data-element_type=\"widget\" data-e-type=\"widget\" data-widget_type=\"divider.default\">\n\t\t\t\t<div class=\"elementor-widget-container\">\n\t\t\t\t\t\t\t<div class=\"elementor-divider\">\n\t\t\t<span class=\"elementor-divider-separator\">\n\t\t\t\t\t\t<\/span>\n\t\t<\/div>\n\t\t\t\t\t\t<\/div>\n\t\t\t\t<\/div>\n\t\t\t\t<\/div>\n\t\t<div class=\"elementor-element elementor-element-bf89cb4 e-con-full e-flex e-con e-child\" data-id=\"bf89cb4\" data-element_type=\"container\" data-e-type=\"container\">\n\t\t\t\t<div class=\"elementor-element elementor-element-9c89bef elementor-widget elementor-widget-text-editor\" data-id=\"9c89bef\" data-element_type=\"widget\" data-e-type=\"widget\" data-widget_type=\"text-editor.default\">\n\t\t\t\t<div class=\"elementor-widget-container\">\n\t\t\t\t\t\t\t\t\t<p>Nos \u00e9quipes techniques et industrielles constituent un p\u00f4le d&rsquo;expertise pour vous accompagner dans la d\u00e9finition de votre projet cosm\u00e9tique et assurer une parfaite ad\u00e9quation entre nos produits et votre id\u00e9e, gage d&rsquo;un succ\u00e8s partag\u00e9.<\/p><p>Nous proposons des services complets, soutenus par des experts en cosm\u00e9tiques et plus de 30 ans de recherche dans le secteur <a href=\"https:\/\/www.xiangxiangdaily.com\/fr\/\">des soins personnels<\/a> .<br><br>Chaque service est sp\u00e9cifiquement adapt\u00e9 et vous \u00eates soigneusement accompagn\u00e9 \u00e0 chaque \u00e9tape du processus, de la conception initiale du produit aux <a class=\"link-whisper\" title=\"Service apr\u00e8s-vente\" href=\"https:\/\/www.xiangxiangdaily.com\/fr\/service-apres-vente\/\" target=\"_blank\" rel=\"noopener\" data-wpil-monitor-id=\"2\">services apr\u00e8s-vente<\/a> mis en place par Xiangxiang pour fournir \u00e9galement des retours de qualit\u00e9.<\/p>\t\t\t\t\t\t\t\t<\/div>\n\t\t\t\t<\/div>\n\t\t\t\t<\/div>\n\t\t\t\t\t<\/div>\n\t\t\t\t<\/div>\n\t\t<div class=\"elementor-element elementor-element-0489729 e-flex e-con-boxed e-con e-parent\" data-id=\"0489729\" data-element_type=\"container\" data-e-type=\"container\">\n\t\t\t\t\t<div class=\"e-con-inner\">\n\t\t<div class=\"elementor-element elementor-element-27f8592 e-grid e-con-full e-con e-child\" data-id=\"27f8592\" data-element_type=\"container\" data-e-type=\"container\">\n\t\t<a class=\"elementor-element elementor-element-db1d02f e-con-full e-flex e-con e-child\" data-id=\"db1d02f\" data-element_type=\"container\" data-e-type=\"container\" href=\"https:\/\/www.xiangxiangdaily.com\/oemodm-services\/\">\n\t\t\t\t<div class=\"elementor-element elementor-element-ca8e5a4 elementor-widget elementor-widget-image\" data-id=\"ca8e5a4\" data-element_type=\"widget\" data-e-type=\"widget\" data-widget_type=\"image.default\">\n\t\t\t\t<div class=\"elementor-widget-container\">\n\t\t\t\t\t\t\t\t\t\t\t\t\t\t\t<img fetchpriority=\"high\" decoding=\"async\" width=\"500\" height=\"333\" src=\"https:\/\/www.xiangxiangdaily.com\/wp-content\/uploads\/2023\/12\/OEM-ODM0.webp\" class=\"attachment-large size-large wp-image-12009\" alt=\"OEM &amp; ODM(0)\" srcset=\"https:\/\/www.xiangxiangdaily.com\/wp-content\/uploads\/2023\/12\/OEM-ODM0.webp 500w, https:\/\/www.xiangxiangdaily.com\/wp-content\/uploads\/2023\/12\/OEM-ODM0-300x200.webp 300w\" sizes=\"(max-width: 500px) 100vw, 500px\" \/>\t\t\t\t\t\t\t\t\t\t\t\t\t\t\t<\/div>\n\t\t\t\t<\/div>\n\t\t\t\t<div class=\"elementor-element elementor-element-dc81454 elementor-widget elementor-widget-heading\" data-id=\"dc81454\" data-element_type=\"widget\" data-e-type=\"widget\" data-widget_type=\"heading.default\">\n\t\t\t\t<div class=\"elementor-widget-container\">\n\t\t\t\t\t<h3 class=\"elementor-heading-title elementor-size-default\">OEM ET ODM<\/h3>\t\t\t\t<\/div>\n\t\t\t\t<\/div>\n\t\t\t\t<div class=\"elementor-element elementor-element-567d606 elementor-widget elementor-widget-text-editor\" data-id=\"567d606\" data-element_type=\"widget\" data-e-type=\"widget\" data-widget_type=\"text-editor.default\">\n\t\t\t\t<div class=\"elementor-widget-container\">\n\t\t\t\t\t\t\t\t\t<p>Avec votre conception ou avec l&rsquo;aide de notre \u00e9quipe de graphistes et de sp\u00e9cialistes de la marque, nous d\u00e9corons et \u00e9tiquetons votre emballage pour une pr\u00e9sentation vraiment sp\u00e9ciale.<\/p>\t\t\t\t\t\t\t\t<\/div>\n\t\t\t\t<\/div>\n\t\t\t\t<\/a>\n\t\t<a class=\"elementor-element elementor-element-191c3a2 e-con-full e-flex e-con e-child\" data-id=\"191c3a2\" data-element_type=\"container\" data-e-type=\"container\" href=\"https:\/\/www.xiangxiangdaily.com\/fr\/recherche-developpement\/\">\n\t\t\t\t<div class=\"elementor-element elementor-element-37232d6 elementor-widget elementor-widget-image\" data-id=\"37232d6\" data-element_type=\"widget\" data-e-type=\"widget\" data-widget_type=\"image.default\">\n\t\t\t\t<div class=\"elementor-widget-container\">\n\t\t\t\t\t\t\t\t\t\t\t\t\t\t\t<img decoding=\"async\" width=\"500\" height=\"333\" src=\"https:\/\/www.xiangxiangdaily.com\/wp-content\/uploads\/2023\/12\/Research-Development0.webp\" class=\"attachment-large size-large wp-image-12017\" alt=\"Recherche &amp; D\u00e9veloppement (0)\" srcset=\"https:\/\/www.xiangxiangdaily.com\/wp-content\/uploads\/2023\/12\/Research-Development0.webp 500w, https:\/\/www.xiangxiangdaily.com\/wp-content\/uploads\/2023\/12\/Research-Development0-300x200.webp 300w\" sizes=\"(max-width: 500px) 100vw, 500px\" \/>\t\t\t\t\t\t\t\t\t\t\t\t\t\t\t<\/div>\n\t\t\t\t<\/div>\n\t\t\t\t<div class=\"elementor-element elementor-element-d64fa3b elementor-widget elementor-widget-heading\" data-id=\"d64fa3b\" data-element_type=\"widget\" data-e-type=\"widget\" data-widget_type=\"heading.default\">\n\t\t\t\t<div class=\"elementor-widget-container\">\n\t\t\t\t\t<h3 class=\"elementor-heading-title elementor-size-default\">Recherche et d\u00e9veloppement<\/h3>\t\t\t\t<\/div>\n\t\t\t\t<\/div>\n\t\t\t\t<div class=\"elementor-element elementor-element-6bb0d03 elementor-widget elementor-widget-text-editor\" data-id=\"6bb0d03\" data-element_type=\"widget\" data-e-type=\"widget\" data-widget_type=\"text-editor.default\">\n\t\t\t\t<div class=\"elementor-widget-container\">\n\t\t\t\t\t\t\t\t\t<p>Nous cr\u00e9ons pour vous des emballages qui conviennent le mieux \u00e0 vos produits, \u00e0 vos march\u00e9s et \u00e0 vos clients.<\/p>\t\t\t\t\t\t\t\t<\/div>\n\t\t\t\t<\/div>\n\t\t\t\t<\/a>\n\t\t<a class=\"elementor-element elementor-element-121753f e-con-full e-flex e-con e-child\" data-id=\"121753f\" data-element_type=\"container\" data-e-type=\"container\" href=\"https:\/\/www.xiangxiangdaily.com\/fr\/qualite\/\">\n\t\t\t\t<div class=\"elementor-element elementor-element-4057b17 elementor-widget elementor-widget-image\" data-id=\"4057b17\" data-element_type=\"widget\" data-e-type=\"widget\" data-widget_type=\"image.default\">\n\t\t\t\t<div class=\"elementor-widget-container\">\n\t\t\t\t\t\t\t\t\t\t\t\t\t\t\t<img decoding=\"async\" width=\"500\" height=\"333\" src=\"https:\/\/www.xiangxiangdaily.com\/wp-content\/uploads\/2023\/12\/Quality-Management0.webp\" class=\"attachment-large size-large wp-image-12013\" alt=\"Gestion de la qualit\u00e9 (0)\" srcset=\"https:\/\/www.xiangxiangdaily.com\/wp-content\/uploads\/2023\/12\/Quality-Management0.webp 500w, https:\/\/www.xiangxiangdaily.com\/wp-content\/uploads\/2023\/12\/Quality-Management0-300x200.webp 300w\" sizes=\"(max-width: 500px) 100vw, 500px\" \/>\t\t\t\t\t\t\t\t\t\t\t\t\t\t\t<\/div>\n\t\t\t\t<\/div>\n\t\t\t\t<div class=\"elementor-element elementor-element-22771e0 elementor-widget elementor-widget-heading\" data-id=\"22771e0\" data-element_type=\"widget\" data-e-type=\"widget\" data-widget_type=\"heading.default\">\n\t\t\t\t<div class=\"elementor-widget-container\">\n\t\t\t\t\t<h3 class=\"elementor-heading-title elementor-size-default\">Gestion de la qualit\u00e9<\/h3>\t\t\t\t<\/div>\n\t\t\t\t<\/div>\n\t\t\t\t<div class=\"elementor-element elementor-element-5fd608f elementor-widget elementor-widget-text-editor\" data-id=\"5fd608f\" data-element_type=\"widget\" data-e-type=\"widget\" data-widget_type=\"text-editor.default\">\n\t\t\t\t<div class=\"elementor-widget-container\">\n\t\t\t\t\t\t\t\t\t<p>Audits syst\u00e9matiques des nouveaux produits, contr\u00f4le de la production en cours de chaque ligne et audits de processus.<\/p>\t\t\t\t\t\t\t\t<\/div>\n\t\t\t\t<\/div>\n\t\t\t\t<\/a>\n\t\t<a class=\"elementor-element elementor-element-124f62e e-con-full e-flex e-con e-child\" data-id=\"124f62e\" data-element_type=\"container\" data-e-type=\"container\" href=\"https:\/\/www.xiangxiangdaily.com\/fr\/entreposage-logistique\/\">\n\t\t\t\t<div class=\"elementor-element elementor-element-855325c elementor-widget elementor-widget-image\" data-id=\"855325c\" data-element_type=\"widget\" data-e-type=\"widget\" data-widget_type=\"image.default\">\n\t\t\t\t<div class=\"elementor-widget-container\">\n\t\t\t\t\t\t\t\t\t\t\t\t\t\t\t<img loading=\"lazy\" decoding=\"async\" width=\"500\" height=\"333\" src=\"https:\/\/www.xiangxiangdaily.com\/wp-content\/uploads\/2023\/12\/Inventory-Management0.webp\" class=\"attachment-large size-large wp-image-12005\" alt=\"Gestion des stocks (0)\" srcset=\"https:\/\/www.xiangxiangdaily.com\/wp-content\/uploads\/2023\/12\/Inventory-Management0.webp 500w, https:\/\/www.xiangxiangdaily.com\/wp-content\/uploads\/2023\/12\/Inventory-Management0-300x200.webp 300w\" sizes=\"(max-width: 500px) 100vw, 500px\" \/>\t\t\t\t\t\t\t\t\t\t\t\t\t\t\t<\/div>\n\t\t\t\t<\/div>\n\t\t\t\t<div class=\"elementor-element elementor-element-80c74b3 elementor-widget elementor-widget-heading\" data-id=\"80c74b3\" data-element_type=\"widget\" data-e-type=\"widget\" data-widget_type=\"heading.default\">\n\t\t\t\t<div class=\"elementor-widget-container\">\n\t\t\t\t\t<h3 class=\"elementor-heading-title elementor-size-default\">Entreposage et logistique<\/h3>\t\t\t\t<\/div>\n\t\t\t\t<\/div>\n\t\t\t\t<div class=\"elementor-element elementor-element-2e2e29c elementor-widget elementor-widget-text-editor\" data-id=\"2e2e29c\" data-element_type=\"widget\" data-e-type=\"widget\" data-widget_type=\"text-editor.default\">\n\t\t\t\t<div class=\"elementor-widget-container\">\n\t\t\t\t\t\t\t\t\t<p>Avec plus d&rsquo;un million de m\u00e8tres carr\u00e9s d&rsquo;espace d&rsquo;entreposage et notre vaste exp\u00e9rience en mati\u00e8re de gestion des stocks, nous sommes pr\u00eats \u00e0 vous servir.<\/p>\t\t\t\t\t\t\t\t<\/div>\n\t\t\t\t<\/div>\n\t\t\t\t<\/a>\n\t\t<a class=\"elementor-element elementor-element-ea0d23d e-con-full e-flex e-con e-child\" data-id=\"ea0d23d\" data-element_type=\"container\" data-e-type=\"container\" href=\"https:\/\/www.xiangxiangdaily.com\/fr\/service-apres-vente\/\">\n\t\t\t\t<div class=\"elementor-element elementor-element-c9482da elementor-widget elementor-widget-image\" data-id=\"c9482da\" data-element_type=\"widget\" data-e-type=\"widget\" data-widget_type=\"image.default\">\n\t\t\t\t<div class=\"elementor-widget-container\">\n\t\t\t\t\t\t\t\t\t\t\t\t\t\t\t<img loading=\"lazy\" decoding=\"async\" width=\"500\" height=\"333\" src=\"https:\/\/www.xiangxiangdaily.com\/wp-content\/uploads\/2023\/12\/After-Sales-Services0.webp\" class=\"attachment-large size-large wp-image-11997\" alt=\"Services apr\u00e8s-vente (0)\" srcset=\"https:\/\/www.xiangxiangdaily.com\/wp-content\/uploads\/2023\/12\/After-Sales-Services0.webp 500w, https:\/\/www.xiangxiangdaily.com\/wp-content\/uploads\/2023\/12\/After-Sales-Services0-300x200.webp 300w\" sizes=\"(max-width: 500px) 100vw, 500px\" \/>\t\t\t\t\t\t\t\t\t\t\t\t\t\t\t<\/div>\n\t\t\t\t<\/div>\n\t\t\t\t<div class=\"elementor-element elementor-element-a025783 elementor-widget elementor-widget-heading\" data-id=\"a025783\" data-element_type=\"widget\" data-e-type=\"widget\" data-widget_type=\"heading.default\">\n\t\t\t\t<div class=\"elementor-widget-container\">\n\t\t\t\t\t<h3 class=\"elementor-heading-title elementor-size-default\">Service apr\u00e8s-vente<\/h3>\t\t\t\t<\/div>\n\t\t\t\t<\/div>\n\t\t\t\t<div class=\"elementor-element elementor-element-1f09bea elementor-widget elementor-widget-text-editor\" data-id=\"1f09bea\" data-element_type=\"widget\" data-e-type=\"widget\" data-widget_type=\"text-editor.default\">\n\t\t\t\t<div class=\"elementor-widget-container\">\n\t\t\t\t\t\t\t\t\t<p>Notre \u00e9quipe vous soutient sur le terrain pour garantir l&rsquo;efficacit\u00e9 et la r\u00e9solution des probl\u00e8mes.<\/p>\t\t\t\t\t\t\t\t<\/div>\n\t\t\t\t<\/div>\n\t\t\t\t<\/a>\n\t\t<a class=\"elementor-element elementor-element-2807bb9 e-con-full e-flex e-con e-child\" data-id=\"2807bb9\" data-element_type=\"container\" data-e-type=\"container\" href=\"https:\/\/www.xiangxiangdaily.com\/manufacturing\/\">\n\t\t\t\t<div class=\"elementor-element elementor-element-d7d1dbb elementor-widget elementor-widget-image\" data-id=\"d7d1dbb\" data-element_type=\"widget\" data-e-type=\"widget\" data-widget_type=\"image.default\">\n\t\t\t\t<div class=\"elementor-widget-container\">\n\t\t\t\t\t\t\t\t\t\t\t\t\t\t\t<img loading=\"lazy\" decoding=\"async\" width=\"500\" height=\"333\" src=\"https:\/\/www.xiangxiangdaily.com\/wp-content\/uploads\/2023\/12\/Cosmetics-Manufacturing0.webp\" class=\"attachment-large size-large wp-image-12001\" alt=\"Fabrication de cosm\u00e9tiques (0)\" \/>\t\t\t\t\t\t\t\t\t\t\t\t\t\t\t<\/div>\n\t\t\t\t<\/div>\n\t\t\t\t<div class=\"elementor-element elementor-element-39649e4 elementor-widget elementor-widget-heading\" data-id=\"39649e4\" data-element_type=\"widget\" data-e-type=\"widget\" data-widget_type=\"heading.default\">\n\t\t\t\t<div class=\"elementor-widget-container\">\n\t\t\t\t\t<h3 class=\"elementor-heading-title elementor-size-default\">Fabrication de cosm\u00e9tiques<\/h3>\t\t\t\t<\/div>\n\t\t\t\t<\/div>\n\t\t\t\t<div class=\"elementor-element elementor-element-dcdd898 elementor-widget elementor-widget-text-editor\" data-id=\"dcdd898\" data-element_type=\"widget\" data-e-type=\"widget\" data-widget_type=\"text-editor.default\">\n\t\t\t\t<div class=\"elementor-widget-container\">\n\t\t\t\t\t\t\t\t\t<p>Des machines \u00e0 d\u00e9livrer des licences \u00e0 la production de produits cosm\u00e9tiques, des technologies d&rsquo;inspection manuelles aux technologies d&rsquo;inspection automatis\u00e9es, nous avons tout ce qu&rsquo;il vous faut.<\/p>\t\t\t\t\t\t\t\t<\/div>\n\t\t\t\t<\/div>\n\t\t\t\t<\/a>\n\t\t\t\t<\/div>\n\t\t\t\t\t<\/div>\n\t\t\t\t<\/div>\n\t\t\t\t<\/div>\n\t\t","protected":false},"excerpt":{"rendered":"<p>Une cha\u00eene d&rsquo;approvisionnement rationalis\u00e9e : Des services complets Nous faisons partie des meilleurs fournisseurs de services de fabrication, de distribution et d&rsquo;augmentation des revenus. Home \u00c0 vos c\u00f4t\u00e9s de la conception \u00e0 l&rsquo;exp\u00e9dition Nos \u00e9quipes techniques et industrielles constituent un p\u00f4le d&rsquo;expertise pour vous accompagner dans la d\u00e9finition de votre projet cosm\u00e9tique et assurer une [&hellip;]<\/p>\n","protected":false},"author":1,"featured_media":11457,"parent":0,"menu_order":0,"comment_status":"closed","ping_status":"closed","template":"","meta":{"_acf_changed":false,"footnotes":""},"class_list":["post-19924","page","type-page","status-publish","has-post-thumbnail","hentry"],"acf":[],"_links":{"self":[{"href":"https:\/\/www.xiangxiangdaily.com\/fr\/wp-json\/wp\/v2\/pages\/19924","targetHints":{"allow":["GET"]}}],"collection":[{"href":"https:\/\/www.xiangxiangdaily.com\/fr\/wp-json\/wp\/v2\/pages"}],"about":[{"href":"https:\/\/www.xiangxiangdaily.com\/fr\/wp-json\/wp\/v2\/types\/page"}],"author":[{"embeddable":true,"href":"https:\/\/www.xiangxiangdaily.com\/fr\/wp-json\/wp\/v2\/users\/1"}],"replies":[{"embeddable":true,"href":"https:\/\/www.xiangxiangdaily.com\/fr\/wp-json\/wp\/v2\/comments?post=19924"}],"version-history":[{"count":2,"href":"https:\/\/www.xiangxiangdaily.com\/fr\/wp-json\/wp\/v2\/pages\/19924\/revisions"}],"predecessor-version":[{"id":101720,"href":"https:\/\/www.xiangxiangdaily.com\/fr\/wp-json\/wp\/v2\/pages\/19924\/revisions\/101720"}],"wp:featuredmedia":[{"embeddable":true,"href":"https:\/\/www.xiangxiangdaily.com\/fr\/wp-json\/wp\/v2\/media\/11457"}],"wp:attachment":[{"href":"https:\/\/www.xiangxiangdaily.com\/fr\/wp-json\/wp\/v2\/media?parent=19924"}],"curies":[{"name":"wp","href":"https:\/\/api.w.org\/{rel}","templated":true}]}}