{"id":20292,"date":"2023-12-08T18:05:54","date_gmt":"2023-12-08T10:05:54","guid":{"rendered":"https:\/\/www.xiangxiangdaily.com\/e-commerce-et-detaillants\/"},"modified":"2025-11-12T10:48:39","modified_gmt":"2025-11-12T02:48:39","slug":"e-commerce-et-detaillants","status":"publish","type":"page","link":"https:\/\/www.xiangxiangdaily.com\/fr\/e-commerce-et-detaillants\/","title":{"rendered":"Commerce \u00e9lectronique et d\u00e9taillants"},"content":{"rendered":"\t\t<div data-elementor-type=\"wp-page\" data-elementor-id=\"20292\" class=\"elementor elementor-20292 elementor-9905\" data-elementor-post-type=\"page\">\n\t\t\t\t<div class=\"elementor-element elementor-element-16de91d1 e-flex e-con-boxed e-con e-parent\" data-id=\"16de91d1\" data-element_type=\"container\" data-e-type=\"container\" data-settings=\"{&quot;background_background&quot;:&quot;classic&quot;}\">\n\t\t\t\t\t<div class=\"e-con-inner\">\n\t\t\t\t<div class=\"elementor-element elementor-element-4609a700 elementor-widget elementor-widget-heading\" data-id=\"4609a700\" data-element_type=\"widget\" data-e-type=\"widget\" data-widget_type=\"heading.default\">\n\t\t\t\t<div class=\"elementor-widget-container\">\n\t\t\t\t\t<h1 class=\"elementor-heading-title elementor-size-default\">Solution pour le commerce \u00e9lectronique et les d\u00e9taillants<\/h1>\t\t\t\t<\/div>\n\t\t\t\t<\/div>\n\t\t\t\t<div class=\"elementor-element elementor-element-5076f3ad elementor-widget elementor-widget-heading\" data-id=\"5076f3ad\" data-element_type=\"widget\" data-e-type=\"widget\" data-widget_type=\"heading.default\">\n\t\t\t\t<div class=\"elementor-widget-container\">\n\t\t\t\t\t<p class=\"elementor-heading-title elementor-size-default\">Nous nous engageons \u00e0 fournir \u00e0 nos clients les ressources et le soutien dont ils ont besoin pour r\u00e9ussir dans l'environnement en constante \u00e9volution du commerce \u00e9lectronique et de la vente au d\u00e9tail.<\/p>\t\t\t\t<\/div>\n\t\t\t\t<\/div>\n\t\t\t\t<div class=\"elementor-element elementor-element-d85a150 elementor-widget elementor-widget-breadcrumbs\" data-id=\"d85a150\" data-element_type=\"widget\" data-e-type=\"widget\" data-widget_type=\"breadcrumbs.default\">\n\t\t\t\t<div class=\"elementor-widget-container\">\n\t\t\t\t\t<nav><span class=\"last\">Accueil<\/span><\/nav>\t\t\t\t<\/div>\n\t\t\t\t<\/div>\n\t\t\t\t\t<\/div>\n\t\t\t\t<\/div>\n\t\t<div class=\"elementor-element elementor-element-6c9b7da e-flex e-con-boxed e-con e-parent\" data-id=\"6c9b7da\" data-element_type=\"container\" data-e-type=\"container\" data-settings=\"{&quot;background_background&quot;:&quot;classic&quot;}\">\n\t\t\t\t\t<div class=\"e-con-inner\">\n\t\t<div class=\"elementor-element elementor-element-692afdc e-flex e-con-boxed e-con e-child\" data-id=\"692afdc\" data-element_type=\"container\" data-e-type=\"container\">\n\t\t\t\t\t<div class=\"e-con-inner\">\n\t\t\t\t<div class=\"elementor-element elementor-element-4a4ed38 elementor-widget elementor-widget-heading\" data-id=\"4a4ed38\" data-element_type=\"widget\" data-e-type=\"widget\" data-widget_type=\"heading.default\">\n\t\t\t\t<div class=\"elementor-widget-container\">\n\t\t\t\t\t<h5 class=\"elementor-heading-title elementor-size-default\">3000+ fournisseurs de marques de cosm\u00e9tiques<\/h5>\t\t\t\t<\/div>\n\t\t\t\t<\/div>\n\t\t\t\t<div class=\"elementor-element elementor-element-2335f20 elementor-widget elementor-widget-heading\" data-id=\"2335f20\" data-element_type=\"widget\" data-e-type=\"widget\" data-widget_type=\"heading.default\">\n\t\t\t\t<div class=\"elementor-widget-container\">\n\t\t\t\t\t<h2 class=\"elementor-heading-title elementor-size-default\">D\u00e9veloppez votre activit\u00e9 de commerce \u00e9lectronique gr\u00e2ce \u00e0 nos solutions \u00e9prouv\u00e9es<\/h2>\t\t\t\t<\/div>\n\t\t\t\t<\/div>\n\t\t\t\t<div class=\"elementor-element elementor-element-050424d elementor-widget elementor-widget-heading\" data-id=\"050424d\" data-element_type=\"widget\" data-e-type=\"widget\" data-widget_type=\"heading.default\">\n\t\t\t\t<div class=\"elementor-widget-container\">\n\t\t\t\t\t<p class=\"elementor-heading-title elementor-size-default\">Notre solution de commerce \u00e9lectronique repose sur des ann\u00e9es d'exp\u00e9rience et de recherche. Nous avons aid\u00e9 des milliers de d\u00e9taillants \u00e0 d\u00e9velopper leurs activit\u00e9s, et nous pouvons vous aider aussi.<\/p>\t\t\t\t<\/div>\n\t\t\t\t<\/div>\n\t\t\t\t<div class=\"elementor-element elementor-element-b6838d2 elementor-widget elementor-widget-button\" data-id=\"b6838d2\" data-element_type=\"widget\" data-e-type=\"widget\" data-widget_type=\"button.default\">\n\t\t\t\t<div class=\"elementor-widget-container\">\n\t\t\t\t\t\t\t\t\t<div class=\"elementor-button-wrapper\">\n\t\t\t\t\t<a class=\"elementor-button elementor-button-link elementor-size-sm\" href=\"#elementor-action%3Aaction%3Dpopup%3Aopen%26settings%3DeyJpZCI6ODQ4NDUsInRvZ2dsZSI6ZmFsc2V9\">\n\t\t\t\t\t\t<span class=\"elementor-button-content-wrapper\">\n\t\t\t\t\t\t\t\t\t<span class=\"elementor-button-text\">Parlez de votre projet<\/span>\n\t\t\t\t\t<\/span>\n\t\t\t\t\t<\/a>\n\t\t\t\t<\/div>\n\t\t\t\t\t\t\t\t<\/div>\n\t\t\t\t<\/div>\n\t\t\t\t\t<\/div>\n\t\t\t\t<\/div>\n\t\t<div class=\"elementor-element elementor-element-bf2cf63 e-flex e-con-boxed e-con e-child\" data-id=\"bf2cf63\" data-element_type=\"container\" data-e-type=\"container\">\n\t\t\t\t\t<div class=\"e-con-inner\">\n\t\t\t\t<div class=\"elementor-element elementor-element-f45ffeb elementor-widget elementor-widget-image\" data-id=\"f45ffeb\" data-element_type=\"widget\" data-e-type=\"widget\" data-widget_type=\"image.default\">\n\t\t\t\t<div class=\"elementor-widget-container\">\n\t\t\t\t\t\t\t\t\t\t\t\t\t\t\t<img fetchpriority=\"high\" decoding=\"async\" width=\"500\" height=\"353\" src=\"https:\/\/www.xiangxiangdaily.com\/wp-content\/uploads\/2024\/01\/Beauty-Salon-Product-Manufacturer.webp\" class=\"attachment-large size-large wp-image-12190\" alt=\"Beauty Salon Product Manufacturer\" srcset=\"https:\/\/www.xiangxiangdaily.com\/wp-content\/uploads\/2024\/01\/Beauty-Salon-Product-Manufacturer.webp 500w, https:\/\/www.xiangxiangdaily.com\/wp-content\/uploads\/2024\/01\/Beauty-Salon-Product-Manufacturer-300x212.webp 300w\" sizes=\"(max-width: 500px) 100vw, 500px\" \/>\t\t\t\t\t\t\t\t\t\t\t\t\t\t\t<\/div>\n\t\t\t\t<\/div>\n\t\t\t\t\t<\/div>\n\t\t\t\t<\/div>\n\t\t\t\t\t<\/div>\n\t\t\t\t<\/div>\n\t\t<div class=\"elementor-element elementor-element-76a0d6d e-flex e-con-boxed e-con e-parent\" data-id=\"76a0d6d\" data-element_type=\"container\" data-e-type=\"container\">\n\t\t\t\t\t<div class=\"e-con-inner\">\n\t\t\t\t<div class=\"elementor-element elementor-element-439b752 elementor-widget elementor-widget-text-editor\" data-id=\"439b752\" data-element_type=\"widget\" data-e-type=\"widget\" data-widget_type=\"text-editor.default\">\n\t\t\t\t<div class=\"elementor-widget-container\">\n\t\t\t\t\t\t\t\t\t<p>En tant que <a class=\"link-whisper\" title=\"Fabricant de produits de soins corporels\" href=\"https:\/\/www.xiangxiangdaily.com\/fr\/fabricant-de-produits-de-soins-corporels\/\" target=\"_blank\" rel=\"noopener\" data-wpil-monitor-id=\"109\">fabricant de produits de soins<\/a> personnels ayant une grande exp\u00e9rience des produits capillaires, nous comprenons les d\u00e9fis et les opportunit\u00e9s uniques auxquels les plateformes de commerce \u00e9lectronique et les d\u00e9taillants sont confront\u00e9s sur le march\u00e9 concurrentiel d&rsquo;aujourd&rsquo;hui. Que vous soyez un magasin en ligne, un grand d\u00e9taillant ou une boutique, nous vous proposons des <strong>produits de <a class=\"link-whisper\" title=\"Fabricant de soins capillaires\" href=\"https:\/\/www.xiangxiangdaily.com\/fr\/fabricant-de-produits-capillaires\/\" target=\"_blank\" rel=\"noopener\" data-wpil-monitor-id=\"803\">soins capillaires<\/a> personnalis\u00e9s<\/strong>, adapt\u00e9s aux besoins de vos clients et \u00e0 vos objectifs commerciaux. Notre exp\u00e9rience \u00e9prouv\u00e9e dans le secteur nous permet de vous aider \u00e0 fournir des produits distinctifs de haute qualit\u00e9 qui stimulent les ventes et fid\u00e9lisent les clients.<\/p>\n<h3>1. Des formulations de produits sur mesure pour votre march\u00e9<\/h3>\n<p>Les march\u00e9s du commerce \u00e9lectronique et de la vente au d\u00e9tail sont incroyablement diversifi\u00e9s, les clients recherchant un large \u00e9ventail de produits sp\u00e9cialis\u00e9s. Que votre public pr\u00e9f\u00e8re les <strong>solutions de soins capillaires<\/strong> <strong>biologiques, v\u00e9g\u00e9taliens<\/strong> ou de <strong>luxe<\/strong>, nous proposons des <strong>formulations de produits sur mesure<\/strong> con\u00e7ues pour r\u00e9pondre aux demandes sp\u00e9cifiques du march\u00e9. Notre \u00e9quipe d&rsquo;experts collabore avec vous pour cr\u00e9er des shampooings, des apr\u00e8s-shampooings et d&rsquo;autres produits de soins capillaires qui correspondent \u00e0 l&rsquo;identit\u00e9 de votre marque et aux pr\u00e9f\u00e9rences de vos clients.<\/p>\n<p>Nous prenons en consid\u00e9ration des facteurs cl\u00e9s tels que les tendances en mati\u00e8re d&rsquo;ingr\u00e9dients, les changements saisonniers et les pr\u00e9occupations populaires en mati\u00e8re de soins capillaires, comme l&rsquo;hydratation, le renforcement ou la volumisation, afin de garantir que votre gamme de produits trouve un \u00e9cho aupr\u00e8s des consommateurs que vous ciblez.<\/p>\n<h3>2. Solutions de marque priv\u00e9e et de marque blanche<\/h3>\n<p>Pour les plateformes de commerce \u00e9lectronique et les d\u00e9taillants, disposer d&rsquo;une <strong>ligne de produits sous marque de distributeur<\/strong> est un excellent moyen d&rsquo;accro\u00eetre la notori\u00e9t\u00e9 de la marque et de fid\u00e9liser la client\u00e8le. Nous proposons des <strong>services de marquage priv\u00e9<\/strong> qui vous permettent de vendre des produits de soins capillaires sous votre propre marque. Gr\u00e2ce \u00e0 une flexibilit\u00e9 totale dans la conception de l&#8217;emballage, l&#8217;emplacement du logo et les supports marketing, vous pouvez cr\u00e9er une ligne de produits qui se d\u00e9marque de la concurrence.<\/p>\n<p>Pour ceux qui souhaitent entrer rapidement sur le march\u00e9, nous proposons \u00e9galement des <strong>solutions en marque blanche, c&rsquo;est-\u00e0-dire des<\/strong>produits <strong>pr\u00eats \u00e0 l&#8217;emploi<\/strong>qui peuvent \u00eatre renomm\u00e9s et lanc\u00e9s facilement. Cela vous permet de vous concentrer sur la commercialisation et la distribution sans avoir \u00e0 subir le long processus de d\u00e9veloppement du produit.<\/p>\n<h3>3. Fabrication \u00e9volutive et solutions flexibles pour la cha\u00eene d&rsquo;approvisionnement<\/h3>\n<p>Les d\u00e9taillants et les entreprises de commerce \u00e9lectronique ont besoin d&rsquo;<strong>\u00e9volutivit\u00e9 et de flexibilit\u00e9<\/strong>, en particulier lorsqu&rsquo;ils doivent faire face \u00e0 des fluctuations de la demande ou \u00e0 des tendances saisonni\u00e8res. Nos capacit\u00e9s de fabrication nous permettent d&rsquo;augmenter ou de r\u00e9duire la production en fonction de vos besoins, ce qui vous garantit de ne jamais \u00eatre confront\u00e9 \u00e0 des ruptures de stock ou \u00e0 des stocks exc\u00e9dentaires.<\/p>\n<p>En outre, nous proposons des solutions d&#8217;emballage et de cha\u00eene d&rsquo;approvisionnement flexibles pour soutenir votre mod\u00e8le d&rsquo;entreprise, que vous ayez besoin d&rsquo;exp\u00e9ditions en vrac, d&rsquo;unit\u00e9s individuelles pour la vente au d\u00e9tail ou d&#8217;emballages \u00e9cologiques pour atteindre vos objectifs de d\u00e9veloppement durable.<\/p>\n<h3>4. Expertise en mati\u00e8re de conformit\u00e9 r\u00e9glementaire et de tendances du march\u00e9<\/h3>\n<p>Notre vaste exp\u00e9rience dans l&rsquo;industrie des <a class=\"link-whisper\" title=\"Les 20 premiers fournisseurs de produits de soins personnels et de cosm\u00e9tiques en Chine\" href=\"https:\/\/www.xiangxiangdaily.com\/fr\/top-20-personal-care-cosmetics-suppliers-in-china\/\" target=\"_blank\" rel=\"noopener\" data-wpil-monitor-id=\"2685\">soins personnels<\/a> garantit que tous nos produits r\u00e9pondent aux <strong>normes r\u00e9glementaires<\/strong> dans diff\u00e9rentes r\u00e9gions, notamment aux \u00c9tats-Unis, dans l&rsquo;Union europ\u00e9enne et en Asie. Nous restons \u00e0 l&rsquo;aff\u00fbt des r\u00e9glementations industrielles et des directives de s\u00e9curit\u00e9, garantissant que vos produits sont enti\u00e8rement conformes aux r\u00e8gles et certifications les plus r\u00e9centes, telles que les normes <strong>\"cruelty-free<\/strong>\", \" <strong>paraben-free<\/strong>\" ou \" <strong>organic\"<\/strong>.<\/p>\n<p>En outre, notre \u00e9quipe surveille les <strong>tendances \u00e9mergentes du march\u00e9<\/strong>. Qu&rsquo;il s&rsquo;agisse de l&rsquo;augmentation du nombre de consommateurs soucieux de l&rsquo;environnement ou des derniers ingr\u00e9dients qui gagnent en popularit\u00e9, vous pouvez \u00eatre s\u00fbr que nos produits r\u00e9pondront \u00e0 l&rsquo;\u00e9volution de la demande de vos clients.<\/p>\n<h3>5. Succ\u00e8s av\u00e9r\u00e9 dans le domaine du commerce \u00e9lectronique et de la vente au d\u00e9tail<\/h3>\n<p>Nous avons travaill\u00e9 avec un large \u00e9ventail de <strong>plateformes de commerce \u00e9lectronique<\/strong> et de <strong>d\u00e9taillants<\/strong>, depuis les boutiques en ligne jusqu&rsquo;aux grandes marques \u00e9tablies. Nos clients ont su tirer parti de nos produits pour se diff\u00e9rencier sur le march\u00e9, en offrant des solutions de soins capillaires uniques et de haute qualit\u00e9 qui fid\u00e9lisent les clients.<\/p>\n<p>Par exemple, nous avons aid\u00e9 des entreprises de commerce \u00e9lectronique \u00e0 d\u00e9velopper des produits de soins capillaires par abonnement qui g\u00e9n\u00e8rent des revenus r\u00e9currents, et nous avons aid\u00e9 des d\u00e9taillants \u00e0 lancer des gammes de produits saisonniers qui tirent parti des tendances d&rsquo;achat en p\u00e9riode de f\u00eates. Notre approche flexible nous permet d&rsquo;adapter nos solutions \u00e0 vos strat\u00e9gies de march\u00e9 sp\u00e9cifiques et \u00e0 vos objectifs de croissance.<\/p>\n<h3>6. D\u00e9veloppement de produits en collaboration et soutien continu<\/h3>\n<p>Nous sommes fiers d&rsquo;adopter une <strong>approche collaborative<\/strong> avec nos clients du commerce de d\u00e9tail et du commerce \u00e9lectronique. De la premi\u00e8re consultation au lancement du produit et au-del\u00e0, nous travaillons en \u00e9troite collaboration avec vous \u00e0 chaque \u00e9tape du d\u00e9veloppement. Nous pensons que la compr\u00e9hension de la vision de votre marque et des besoins de vos clients est essentielle pour fournir une gamme de produits qui ne soit pas seulement r\u00e9ussie, mais qui r\u00e9siste \u00e9galement \u00e0 l&rsquo;\u00e9preuve du temps.<\/p>\n<p>Outre le d\u00e9veloppement de produits, nous offrons un <strong>soutien continu<\/strong> pour vous aider \u00e0 ajuster les formulations, \u00e0 introduire de nouveaux produits ou \u00e0 augmenter la production en fonction de la croissance de votre entreprise. Que vous souhaitiez \u00e9largir votre gamme de produits ou vous adapter aux nouvelles tendances de consommation, nous sommes l\u00e0 pour garantir votre succ\u00e8s \u00e0 long terme.<\/p>\n\t\t\t\t\t\t\t\t<\/div>\n\t\t\t\t<\/div>\n\t\t\t\t\t<\/div>\n\t\t\t\t<\/div>\n\t\t\t\t<\/div>\n\t\t","protected":false},"excerpt":{"rendered":"<p>Solution pour le commerce \u00e9lectronique et les d\u00e9taillants Nous nous engageons \u00e0 fournir \u00e0 nos clients les ressources et le soutien dont ils ont besoin pour r\u00e9ussir dans l&rsquo;environnement en constante \u00e9volution du commerce \u00e9lectronique et de la vente au d\u00e9tail. Home 3000+ fournisseurs de marques de cosm\u00e9tiques D\u00e9veloppez votre activit\u00e9 de commerce \u00e9lectronique gr\u00e2ce [&hellip;]<\/p>\n","protected":false},"author":1,"featured_media":13320,"parent":0,"menu_order":0,"comment_status":"closed","ping_status":"closed","template":"elementor_theme","meta":{"_acf_changed":false,"footnotes":""},"class_list":["post-20292","page","type-page","status-publish","has-post-thumbnail","hentry"],"acf":[],"_links":{"self":[{"href":"https:\/\/www.xiangxiangdaily.com\/fr\/wp-json\/wp\/v2\/pages\/20292","targetHints":{"allow":["GET"]}}],"collection":[{"href":"https:\/\/www.xiangxiangdaily.com\/fr\/wp-json\/wp\/v2\/pages"}],"about":[{"href":"https:\/\/www.xiangxiangdaily.com\/fr\/wp-json\/wp\/v2\/types\/page"}],"author":[{"embeddable":true,"href":"https:\/\/www.xiangxiangdaily.com\/fr\/wp-json\/wp\/v2\/users\/1"}],"replies":[{"embeddable":true,"href":"https:\/\/www.xiangxiangdaily.com\/fr\/wp-json\/wp\/v2\/comments?post=20292"}],"version-history":[{"count":0,"href":"https:\/\/www.xiangxiangdaily.com\/fr\/wp-json\/wp\/v2\/pages\/20292\/revisions"}],"wp:featuredmedia":[{"embeddable":true,"href":"https:\/\/www.xiangxiangdaily.com\/fr\/wp-json\/wp\/v2\/media\/13320"}],"wp:attachment":[{"href":"https:\/\/www.xiangxiangdaily.com\/fr\/wp-json\/wp\/v2\/media?parent=20292"}],"curies":[{"name":"wp","href":"https:\/\/api.w.org\/{rel}","templated":true}]}}