{"id":20316,"date":"2023-03-29T14:21:49","date_gmt":"2023-03-29T06:21:49","guid":{"rendered":"https:\/\/www.xiangxiangdaily.com\/notre-marque\/"},"modified":"2025-11-12T14:01:37","modified_gmt":"2025-11-12T06:01:37","slug":"notre-marque","status":"publish","type":"page","link":"https:\/\/www.xiangxiangdaily.com\/fr\/notre-marque\/","title":{"rendered":"Notre marque"},"content":{"rendered":"\t\t<div data-elementor-type=\"wp-page\" data-elementor-id=\"20316\" class=\"elementor elementor-20316 elementor-7532\" data-elementor-post-type=\"page\">\n\t\t\t\t<div class=\"elementor-element elementor-element-7e7b1861 e-flex e-con-boxed e-con e-parent\" data-id=\"7e7b1861\" data-element_type=\"container\" data-e-type=\"container\" data-settings=\"{&quot;background_background&quot;:&quot;classic&quot;}\">\n\t\t\t\t\t<div class=\"e-con-inner\">\n\t\t\t\t<div class=\"elementor-element elementor-element-4fc2465f elementor-widget elementor-widget-heading\" data-id=\"4fc2465f\" data-element_type=\"widget\" data-e-type=\"widget\" data-widget_type=\"heading.default\">\n\t\t\t\t<div class=\"elementor-widget-container\">\n\t\t\t\t\t<h1 class=\"elementor-heading-title elementor-size-default\">Lib\u00e9rez le pouvoir de votre marque<\/h1>\t\t\t\t<\/div>\n\t\t\t\t<\/div>\n\t\t\t\t<div class=\"elementor-element elementor-element-30745ae7 elementor-widget elementor-widget-heading\" data-id=\"30745ae7\" data-element_type=\"widget\" data-e-type=\"widget\" data-widget_type=\"heading.default\">\n\t\t\t\t<div class=\"elementor-widget-container\">\n\t\t\t\t\t<p class=\"elementor-heading-title elementor-size-default\">Notre marque priv\u00e9e offre aux entreprises l'avantage d'une meilleure reconnaissance de la marque, de la personnalisation, de la rentabilit\u00e9 et du contr\u00f4le des prix et de la distribution.<\/p>\t\t\t\t<\/div>\n\t\t\t\t<\/div>\n\t\t\t\t<div class=\"elementor-element elementor-element-b730b85 elementor-widget elementor-widget-breadcrumbs\" data-id=\"b730b85\" data-element_type=\"widget\" data-e-type=\"widget\" data-widget_type=\"breadcrumbs.default\">\n\t\t\t\t<div class=\"elementor-widget-container\">\n\t\t\t\t\t<nav><span class=\"last\">Accueil<\/span><\/nav>\t\t\t\t<\/div>\n\t\t\t\t<\/div>\n\t\t\t\t\t<\/div>\n\t\t\t\t<\/div>\n\t\t<div class=\"elementor-element elementor-element-9afd530 e-flex e-con-boxed e-con e-parent\" data-id=\"9afd530\" data-element_type=\"container\" data-e-type=\"container\">\n\t\t\t\t\t<div class=\"e-con-inner\">\n\t\t<div class=\"elementor-element elementor-element-1de65fd e-con-full e-flex e-con e-child\" data-id=\"1de65fd\" data-element_type=\"container\" data-e-type=\"container\">\n\t\t\t\t<div class=\"elementor-element elementor-element-95659ee elementor-widget elementor-widget-heading\" data-id=\"95659ee\" data-element_type=\"widget\" data-e-type=\"widget\" data-widget_type=\"heading.default\">\n\t\t\t\t<div class=\"elementor-widget-container\">\n\t\t\t\t\t<h2 class=\"elementor-heading-title elementor-size-default\">PPZ et Lidercare<\/h2>\t\t\t\t<\/div>\n\t\t\t\t<\/div>\n\t\t\t\t<div class=\"elementor-element elementor-element-eb88551 elementor-widget elementor-widget-heading\" data-id=\"eb88551\" data-element_type=\"widget\" data-e-type=\"widget\" data-widget_type=\"heading.default\">\n\t\t\t\t<div class=\"elementor-widget-container\">\n\t\t\t\t\t<p class=\"elementor-heading-title elementor-size-default\">PPZ et Lidercare sont deux marques ind\u00e9pendantes de Xiangxiang Daily dans le secteur des soins personnels, qui mettent l'accent sur la promotion d'habitudes de bain saines et l'utilisation de mat\u00e9riaux respectueux de l'environnement. Notre philosophie d'entreprise consiste \u00e0 fournir \u00e0 nos clients des produits de haute qualit\u00e9, s\u00fbrs et durables qui favorisent l'hygi\u00e8ne personnelle et le bien-\u00eatre.<\/p>\t\t\t\t<\/div>\n\t\t\t\t<\/div>\n\t\t\t\t<\/div>\n\t\t<div class=\"elementor-element elementor-element-75360fe e-con-full e-flex e-con e-child\" data-id=\"75360fe\" data-element_type=\"container\" data-e-type=\"container\">\n\t\t\t\t<div class=\"elementor-element elementor-element-733d2d8 elementor-widget elementor-widget-image\" data-id=\"733d2d8\" data-element_type=\"widget\" data-e-type=\"widget\" data-widget_type=\"image.default\">\n\t\t\t\t<div class=\"elementor-widget-container\">\n\t\t\t\t\t\t\t\t\t\t\t\t\t\t\t<img fetchpriority=\"high\" decoding=\"async\" width=\"300\" height=\"300\" src=\"https:\/\/www.xiangxiangdaily.com\/wp-content\/uploads\/2023\/12\/PPZ.webp\" class=\"attachment-medium size-medium wp-image-11401\" alt=\"\" srcset=\"https:\/\/www.xiangxiangdaily.com\/wp-content\/uploads\/2023\/12\/PPZ.webp 300w, https:\/\/www.xiangxiangdaily.com\/wp-content\/uploads\/2023\/12\/PPZ-150x150.webp 150w\" sizes=\"(max-width: 300px) 100vw, 300px\" \/>\t\t\t\t\t\t\t\t\t\t\t\t\t\t\t<\/div>\n\t\t\t\t<\/div>\n\t\t\t\t<div class=\"elementor-element elementor-element-16873ff elementor-widget elementor-widget-image\" data-id=\"16873ff\" data-element_type=\"widget\" data-e-type=\"widget\" data-widget_type=\"image.default\">\n\t\t\t\t<div class=\"elementor-widget-container\">\n\t\t\t\t\t\t\t\t\t\t\t\t\t\t\t<img decoding=\"async\" width=\"300\" height=\"300\" src=\"https:\/\/www.xiangxiangdaily.com\/wp-content\/uploads\/2023\/12\/lidercare.webp\" class=\"attachment-medium size-medium wp-image-11405\" alt=\"\" srcset=\"https:\/\/www.xiangxiangdaily.com\/wp-content\/uploads\/2023\/12\/lidercare.webp 300w, https:\/\/www.xiangxiangdaily.com\/wp-content\/uploads\/2023\/12\/lidercare-150x150.webp 150w\" sizes=\"(max-width: 300px) 100vw, 300px\" \/>\t\t\t\t\t\t\t\t\t\t\t\t\t\t\t<\/div>\n\t\t\t\t<\/div>\n\t\t\t\t<\/div>\n\t\t\t\t\t<\/div>\n\t\t\t\t<\/div>\n\t\t<div class=\"elementor-element elementor-element-6bdfa64 e-flex e-con-boxed e-con e-parent\" data-id=\"6bdfa64\" data-element_type=\"container\" data-e-type=\"container\">\n\t\t\t\t\t<div class=\"e-con-inner\">\n\t\t<div class=\"elementor-element elementor-element-d34608c e-con-full e-flex e-con e-child\" data-id=\"d34608c\" data-element_type=\"container\" data-e-type=\"container\">\n\t\t\t\t<div class=\"elementor-element elementor-element-408b000 elementor-widget elementor-widget-image\" data-id=\"408b000\" data-element_type=\"widget\" data-e-type=\"widget\" data-widget_type=\"image.default\">\n\t\t\t\t<div class=\"elementor-widget-container\">\n\t\t\t\t\t\t\t\t\t\t\t\t\t\t\t<img decoding=\"async\" width=\"800\" height=\"758\" src=\"https:\/\/www.xiangxiangdaily.com\/wp-content\/uploads\/2023\/12\/healthy-bath.webp\" class=\"attachment-large size-large wp-image-11409\" alt=\"healthy bath\" srcset=\"https:\/\/www.xiangxiangdaily.com\/wp-content\/uploads\/2023\/12\/healthy-bath.webp 800w, https:\/\/www.xiangxiangdaily.com\/wp-content\/uploads\/2023\/12\/healthy-bath-600x569.webp 600w, https:\/\/www.xiangxiangdaily.com\/wp-content\/uploads\/2023\/12\/healthy-bath-300x284.webp 300w, https:\/\/www.xiangxiangdaily.com\/wp-content\/uploads\/2023\/12\/healthy-bath-768x728.webp 768w\" sizes=\"(max-width: 800px) 100vw, 800px\" \/>\t\t\t\t\t\t\t\t\t\t\t\t\t\t\t<\/div>\n\t\t\t\t<\/div>\n\t\t\t\t<\/div>\n\t\t<div class=\"elementor-element elementor-element-36a7bbe e-con-full e-flex e-con e-child\" data-id=\"36a7bbe\" data-element_type=\"container\" data-e-type=\"container\">\n\t\t\t\t<div class=\"elementor-element elementor-element-54cac70 elementor-widget elementor-widget-heading\" data-id=\"54cac70\" data-element_type=\"widget\" data-e-type=\"widget\" data-widget_type=\"heading.default\">\n\t\t\t\t<div class=\"elementor-widget-container\">\n\t\t\t\t\t<h2 class=\"elementor-heading-title elementor-size-default\">Leader de l'industrie des soins personnels<\/h2>\t\t\t\t<\/div>\n\t\t\t\t<\/div>\n\t\t\t\t<div class=\"elementor-element elementor-element-1eb7667 elementor-widget elementor-widget-heading\" data-id=\"1eb7667\" data-element_type=\"widget\" data-e-type=\"widget\" data-widget_type=\"heading.default\">\n\t\t\t\t<div class=\"elementor-widget-container\">\n\t\t\t\t\t<p class=\"elementor-heading-title elementor-size-default\">Chez PPZ et Lidercare, nous comprenons l'importance du maintien d'une bonne hygi\u00e8ne et le r\u00f4le que joue le bain pour y parvenir. Nos produits sont con\u00e7us pour promouvoir des habitudes de bain saines en fournissant un nettoyage et une alimentation efficaces tout en \u00e9tant doux pour la peau.<\/p>\t\t\t\t<\/div>\n\t\t\t\t<\/div>\n\t\t\t\t<div class=\"elementor-element elementor-element-eb7cedf elementor-widget elementor-widget-heading\" data-id=\"eb7cedf\" data-element_type=\"widget\" data-e-type=\"widget\" data-widget_type=\"heading.default\">\n\t\t\t\t<div class=\"elementor-widget-container\">\n\t\t\t\t\t<p class=\"elementor-heading-title elementor-size-default\">Conform\u00e9ment \u00e0 notre engagement \u00e0 promouvoir le d\u00e9veloppement durable, nous utilisons des <a href=\"https:\/\/www.xiangxiangdaily.com\/fr\/oem-shampoo-cost-from-raw-materials-to-finished-products\/\" title=\"Co\u00fbt des shampooings OEM : Des mati\u00e8res premi\u00e8res aux produits finis\" target=\"_blank\" rel=\"noopener\" data-wpil-monitor-id=\"4978\">mat\u00e9riaux respectueux de l'environnement dans nos produits.<\/a> Nous nous effor\u00e7ons de minimiser notre impact sur l'environnement tout en continuant \u00e0 fabriquer des produits de la plus haute qualit\u00e9.<\/p>\t\t\t\t<\/div>\n\t\t\t\t<\/div>\n\t\t\t\t<\/div>\n\t\t\t\t\t<\/div>\n\t\t\t\t<\/div>\n\t\t<div class=\"elementor-element elementor-element-230e8e1 e-flex e-con-boxed e-con e-parent\" data-id=\"230e8e1\" data-element_type=\"container\" data-e-type=\"container\">\n\t\t\t\t\t<div class=\"e-con-inner\">\n\t\t<div class=\"elementor-element elementor-element-63c28af e-con-full e-flex e-con e-child\" data-id=\"63c28af\" data-element_type=\"container\" data-e-type=\"container\">\n\t\t\t\t<div class=\"elementor-element elementor-element-1c2d280 elementor-widget elementor-widget-heading\" data-id=\"1c2d280\" data-element_type=\"widget\" data-e-type=\"widget\" data-widget_type=\"heading.default\">\n\t\t\t\t<div class=\"elementor-widget-container\">\n\t\t\t\t\t<h2 class=\"elementor-heading-title elementor-size-default\">Vegan et sans cruaut\u00e9<\/h2>\t\t\t\t<\/div>\n\t\t\t\t<\/div>\n\t\t\t\t<div class=\"elementor-element elementor-element-0504f4b elementor-widget elementor-widget-heading\" data-id=\"0504f4b\" data-element_type=\"widget\" data-e-type=\"widget\" data-widget_type=\"heading.default\">\n\t\t\t\t<div class=\"elementor-widget-container\">\n\t\t\t\t\t<p class=\"elementor-heading-title elementor-size-default\">Globalement, notre mission chez PPZ et Lidercare est de fournir \u00e0 nos clients des produits s\u00fbrs, efficaces et respectueux de l'environnement. Nous pensons qu'en promouvant des habitudes de bain saines et en utilisant des mat\u00e9riaux durables, nous pouvons avoir un impact positif sur la sant\u00e9 de nos clients et de la plan\u00e8te.<\/p>\t\t\t\t<\/div>\n\t\t\t\t<\/div>\n\t\t\t\t<\/div>\n\t\t<div class=\"elementor-element elementor-element-248be4d e-con-full e-flex e-con e-child\" data-id=\"248be4d\" data-element_type=\"container\" data-e-type=\"container\">\n\t\t\t\t<div class=\"elementor-element elementor-element-3aaf807 elementor-widget elementor-widget-image\" data-id=\"3aaf807\" data-element_type=\"widget\" data-e-type=\"widget\" data-widget_type=\"image.default\">\n\t\t\t\t<div class=\"elementor-widget-container\">\n\t\t\t\t\t\t\t\t\t\t\t\t\t\t\t<img loading=\"lazy\" decoding=\"async\" width=\"800\" height=\"560\" src=\"https:\/\/www.xiangxiangdaily.com\/wp-content\/uploads\/2023\/12\/Environmentally-friendly-cosmetics.webp\" class=\"attachment-large size-large wp-image-11413\" alt=\"\" srcset=\"https:\/\/www.xiangxiangdaily.com\/wp-content\/uploads\/2023\/12\/Environmentally-friendly-cosmetics.webp 800w, https:\/\/www.xiangxiangdaily.com\/wp-content\/uploads\/2023\/12\/Environmentally-friendly-cosmetics-600x420.webp 600w, https:\/\/www.xiangxiangdaily.com\/wp-content\/uploads\/2023\/12\/Environmentally-friendly-cosmetics-300x210.webp 300w, https:\/\/www.xiangxiangdaily.com\/wp-content\/uploads\/2023\/12\/Environmentally-friendly-cosmetics-768x538.webp 768w\" sizes=\"(max-width: 800px) 100vw, 800px\" \/>\t\t\t\t\t\t\t\t\t\t\t\t\t\t\t<\/div>\n\t\t\t\t<\/div>\n\t\t\t\t<\/div>\n\t\t\t\t\t<\/div>\n\t\t\t\t<\/div>\n\t\t\t\t<\/div>\n\t\t","protected":false},"excerpt":{"rendered":"<p>Lib\u00e9rez le pouvoir de votre marque Notre marque priv\u00e9e offre aux entreprises l&rsquo;avantage d&rsquo;une meilleure reconnaissance de la marque, de la personnalisation, de la rentabilit\u00e9 et du contr\u00f4le des prix et de la distribution. Home PPZ et Lidercare PPZ et Lidercare sont deux marques ind\u00e9pendantes de Xiangxiang Daily dans le secteur des soins personnels, qui [&hellip;]<\/p>\n","protected":false},"author":1,"featured_media":11409,"parent":0,"menu_order":0,"comment_status":"closed","ping_status":"closed","template":"","meta":{"_acf_changed":false,"footnotes":""},"class_list":["post-20316","page","type-page","status-publish","has-post-thumbnail","hentry"],"acf":[],"_links":{"self":[{"href":"https:\/\/www.xiangxiangdaily.com\/fr\/wp-json\/wp\/v2\/pages\/20316","targetHints":{"allow":["GET"]}}],"collection":[{"href":"https:\/\/www.xiangxiangdaily.com\/fr\/wp-json\/wp\/v2\/pages"}],"about":[{"href":"https:\/\/www.xiangxiangdaily.com\/fr\/wp-json\/wp\/v2\/types\/page"}],"author":[{"embeddable":true,"href":"https:\/\/www.xiangxiangdaily.com\/fr\/wp-json\/wp\/v2\/users\/1"}],"replies":[{"embeddable":true,"href":"https:\/\/www.xiangxiangdaily.com\/fr\/wp-json\/wp\/v2\/comments?post=20316"}],"version-history":[{"count":0,"href":"https:\/\/www.xiangxiangdaily.com\/fr\/wp-json\/wp\/v2\/pages\/20316\/revisions"}],"wp:featuredmedia":[{"embeddable":true,"href":"https:\/\/www.xiangxiangdaily.com\/fr\/wp-json\/wp\/v2\/media\/11409"}],"wp:attachment":[{"href":"https:\/\/www.xiangxiangdaily.com\/fr\/wp-json\/wp\/v2\/media?parent=20316"}],"curies":[{"name":"wp","href":"https:\/\/api.w.org\/{rel}","templated":true}]}}