{"id":62882,"date":"2022-03-02T09:54:53","date_gmt":"2022-03-02T01:54:53","guid":{"rendered":"https:\/\/www.xiangxiangdaily.com\/privacy-policy\/"},"modified":"2026-02-28T17:23:59","modified_gmt":"2026-02-28T09:23:59","slug":"privacy-policy","status":"publish","type":"page","link":"https:\/\/www.xiangxiangdaily.com\/fr\/privacy-policy\/","title":{"rendered":"Politique de confidentialit\u00e9"},"content":{"rendered":"\t\t<div data-elementor-type=\"wp-page\" data-elementor-id=\"62882\" class=\"elementor elementor-62882 elementor-1017\" data-elementor-post-type=\"page\">\n\t\t\t\t<div class=\"elementor-element elementor-element-51053e5 e-flex e-con-boxed e-con e-parent\" data-id=\"51053e5\" data-element_type=\"container\" data-e-type=\"container\" data-settings=\"{&quot;background_background&quot;:&quot;classic&quot;}\">\n\t\t\t\t\t<div class=\"e-con-inner\">\n\t\t\t\t<div class=\"elementor-element elementor-element-3754c262 elementor-widget elementor-widget-heading\" data-id=\"3754c262\" data-element_type=\"widget\" data-e-type=\"widget\" data-widget_type=\"heading.default\">\n\t\t\t\t<div class=\"elementor-widget-container\">\n\t\t\t\t\t<h1 class=\"elementor-heading-title elementor-size-default\">  Politique de confidentialit\u00e9<\/h1>\t\t\t\t<\/div>\n\t\t\t\t<\/div>\n\t\t\t\t<div class=\"elementor-element elementor-element-d43209f elementor-align-center elementor-widget elementor-widget-breadcrumbs\" data-id=\"d43209f\" data-element_type=\"widget\" data-e-type=\"widget\" data-widget_type=\"breadcrumbs.default\">\n\t\t\t\t<div class=\"elementor-widget-container\">\n\t\t\t\t\t<nav><span class=\"last\">Accueil<\/span><\/nav>\t\t\t\t<\/div>\n\t\t\t\t<\/div>\n\t\t\t\t\t<\/div>\n\t\t\t\t<\/div>\n\t\t<div class=\"elementor-element elementor-element-6442494 e-flex e-con-boxed e-con e-parent\" data-id=\"6442494\" data-element_type=\"container\" data-e-type=\"container\">\n\t\t\t\t\t<div class=\"e-con-inner\">\n\t\t\t\t<div class=\"elementor-element elementor-element-91aa2e4 elementor-widget elementor-widget-text-editor\" data-id=\"91aa2e4\" data-element_type=\"widget\" data-e-type=\"widget\" data-widget_type=\"text-editor.default\">\n\t\t\t\t<div class=\"elementor-widget-container\">\n\t\t\t\t\t\t\t\t\t<h2>Le respect de la vie priv\u00e9e est important.<\/h2><p>Nous savons que la confidentialit\u00e9 des donn\u00e9es est une question de premier plan aujourd&rsquo;hui, et nous voulons que vous profitiez de votre interaction avec nous tout en sachant que nous attachons de l&rsquo;importance \u00e0 vos donn\u00e9es personnelles et que nous les prot\u00e9geons.<\/p><p>Vous trouverez ici un aper\u00e7u de la mani\u00e8re dont nous traitons vos donn\u00e9es \u00e0 caract\u00e8re personnel, des raisons pour lesquelles nous les traitons et de la mani\u00e8re dont vous en b\u00e9n\u00e9ficiez. Vous verrez \u00e9galement quels sont vos droits et comment vous pouvez nous contacter.<\/p><h2>Mises \u00e0 jour du pr\u00e9sent avis de confidentialit\u00e9<\/h2><p>Au fur et \u00e0 mesure de l&rsquo;\u00e9volution des affaires et de la technologie, nous pourrions \u00eatre amen\u00e9s \u00e0 modifier le pr\u00e9sent avis de confidentialit\u00e9. Nous vous encourageons \u00e0 consulter r\u00e9guli\u00e8rement le pr\u00e9sent avis de confidentialit\u00e9 afin de vous assurer que vous \u00eates au courant de la mani\u00e8re dont Lidercare utilise vos donn\u00e9es \u00e0 caract\u00e8re personnel.<\/p><h2>Vous avez moins de 13 ans ?<\/h2><p>Si vous avez moins de 13 ans, nous vous demandons d&rsquo;attendre d&rsquo;\u00eatre un peu plus \u00e2g\u00e9 pour interagir avec nous ou de demander \u00e0 un parent ou \u00e0 un tuteur de nous <a class=\"link-whisper\" title=\"Contact\" href=\"https:\/\/www.xiangxiangdaily.com\/fr\/contact\/\" target=\"_blank\" rel=\"noopener\" data-wpil-monitor-id=\"534\">contacter<\/a>! Nous ne pouvons pas collecter et utiliser vos donn\u00e9es personnelles sans leur accord.<\/p><h2>Pourquoi traitons-nous vos donn\u00e9es personnelles ?<\/h2><p>Nous traitons vos donn\u00e9es personnelles, y compris les donn\u00e9es personnelles sensibles que vous nous avez fournies avec votre consentement, afin de communiquer avec vous, d&rsquo;ex\u00e9cuter vos commandes, de r\u00e9pondre \u00e0 vos questions et de vous fournir des informations sur Lidercare et ses produits. Nous traitons \u00e9galement vos donn\u00e9es personnelles pour nous aider \u00e0 nous conformer \u00e0 la loi, pour vendre ou transf\u00e9rer toute partie pertinente de notre entreprise, pour g\u00e9rer nos syst\u00e8mes et nos finances, pour mener des enqu\u00eates et pour exercer des droits l\u00e9gaux. Nous combinons vos donn\u00e9es personnelles provenant de toutes les sources afin de mieux vous comprendre et d&rsquo;am\u00e9liorer et de personnaliser votre exp\u00e9rience lorsque vous interagissez avec nous.<\/p><h2>Qui peut acc\u00e9der \u00e0 vos donn\u00e9es personnelles et pourquoi ?<\/h2><p>Nous limitons la divulgation de vos donn\u00e9es \u00e0 caract\u00e8re personnel \u00e0 d&rsquo;autres personnes. Toutefois, nous devons divulguer vos donn\u00e9es \u00e0 caract\u00e8re personnel dans certains cas et principalement aux destinataires suivants :<\/p><p>les soci\u00e9t\u00e9s du groupe Lidercare, lorsque cela est n\u00e9cessaire pour nos int\u00e9r\u00eats l\u00e9gitimes ou avec votre consentement ;<\/p><p>Des tiers engag\u00e9s par nous pour fournir des services tels que l&rsquo;administration des sites web, des applications et des services de Lidercare (par exemple, des fonctionnalit\u00e9s, des programmes et des promotions) mis \u00e0 votre disposition, sous r\u00e9serve des protections appropri\u00e9es ;<\/p><p>les agences d&rsquo;\u00e9valuation du cr\u00e9dit et les soci\u00e9t\u00e9s de recouvrement de cr\u00e9ances, lorsque la loi l&rsquo;autorise et si nous devons v\u00e9rifier votre solvabilit\u00e9 (par exemple, si vous choisissez de commander avec une facture) ou recouvrer des factures impay\u00e9es ; et les agences et autorit\u00e9s publiques concern\u00e9es, si la loi ou un int\u00e9r\u00eat commercial l\u00e9gitime l&rsquo;exige.<\/p><h2>S\u00e9curit\u00e9 et conservation des donn\u00e9es<\/h2><p>Nous utilisons une s\u00e9rie de mesures pour pr\u00e9server la confidentialit\u00e9 et la s\u00e9curit\u00e9 de vos donn\u00e9es \u00e0 caract\u00e8re personnel, notamment en limitant l&rsquo;acc\u00e8s \u00e0 vos donn\u00e9es \u00e0 caract\u00e8re personnel aux personnes qui en ont besoin et en appliquant des normes de s\u00e9curit\u00e9 appropri\u00e9es pour prot\u00e9ger vos donn\u00e9es.<\/p><p>Nous prenons toutes les mesures raisonnables pour garantir que vos donn\u00e9es \u00e0 caract\u00e8re personnel ne sont trait\u00e9es que pendant la p\u00e9riode minimale n\u00e9cessaire en rapport avec : (i) aux fins \u00e9nonc\u00e9es dans le pr\u00e9sent avis de confidentialit\u00e9 ; (ii) toute finalit\u00e9 suppl\u00e9mentaire qui vous a \u00e9t\u00e9 notifi\u00e9e au moment de la collecte des donn\u00e9es \u00e0 caract\u00e8re personnel concern\u00e9es ou avant celle-ci, ou du d\u00e9but du traitement concern\u00e9 ; ou (iii) comme l&rsquo;exige ou le permet la l\u00e9gislation applicable ; et ensuite, pour la dur\u00e9e de tout d\u00e9lai de prescription applicable. En bref, lorsque vos donn\u00e9es \u00e0 caract\u00e8re personnel ne sont plus n\u00e9cessaires, nous les d\u00e9truisons ou les supprimons en toute s\u00e9curit\u00e9.<\/p><h2>Contactez nous<\/h2><p>Lidercare agit en tant que \"responsable du traitement\" de vos donn\u00e9es \u00e0 caract\u00e8re personnel qui sont trait\u00e9es en vertu du pr\u00e9sent avis de confidentialit\u00e9 ou en relation avec celui-ci. Si vous avez des questions ou des commentaires concernant le pr\u00e9sent avis de confidentialit\u00e9 ou les pratiques de collecte et de traitement des donn\u00e9es personnelles de Lidercare, veuillez nous contacter, ou nous envoyer un courriel \u00e0 Lidercare@hotmail.com ou un courrier \u00e0 l&rsquo;adresse suivante :<br> Room 221, Building B, 22 Jianpeng Road, Helong Street, Guangzhou, Guangdong, Chine<\/p>\t\t\t\t\t\t\t\t<\/div>\n\t\t\t\t<\/div>\n\t\t\t\t\t<\/div>\n\t\t\t\t<\/div>\n\t\t\t\t<\/div>\n\t\t","protected":false},"excerpt":{"rendered":"<p>Politique de confidentialit\u00e9 Home Le respect de la vie priv\u00e9e est important. Nous savons que la confidentialit\u00e9 des donn\u00e9es est une question de premier plan aujourd&rsquo;hui, et nous voulons que vous profitiez de votre interaction avec nous tout en sachant que nous attachons de l&rsquo;importance \u00e0 vos donn\u00e9es personnelles et que nous les prot\u00e9geons. Vous [&hellip;]<\/p>\n","protected":false},"author":1,"featured_media":0,"parent":0,"menu_order":0,"comment_status":"closed","ping_status":"closed","template":"","meta":{"_acf_changed":false,"footnotes":""},"class_list":["post-62882","page","type-page","status-publish","hentry"],"acf":[],"_links":{"self":[{"href":"https:\/\/www.xiangxiangdaily.com\/fr\/wp-json\/wp\/v2\/pages\/62882","targetHints":{"allow":["GET"]}}],"collection":[{"href":"https:\/\/www.xiangxiangdaily.com\/fr\/wp-json\/wp\/v2\/pages"}],"about":[{"href":"https:\/\/www.xiangxiangdaily.com\/fr\/wp-json\/wp\/v2\/types\/page"}],"author":[{"embeddable":true,"href":"https:\/\/www.xiangxiangdaily.com\/fr\/wp-json\/wp\/v2\/users\/1"}],"replies":[{"embeddable":true,"href":"https:\/\/www.xiangxiangdaily.com\/fr\/wp-json\/wp\/v2\/comments?post=62882"}],"version-history":[{"count":0,"href":"https:\/\/www.xiangxiangdaily.com\/fr\/wp-json\/wp\/v2\/pages\/62882\/revisions"}],"wp:attachment":[{"href":"https:\/\/www.xiangxiangdaily.com\/fr\/wp-json\/wp\/v2\/media?parent=62882"}],"curies":[{"name":"wp","href":"https:\/\/api.w.org\/{rel}","templated":true}]}}