{"id":33018,"date":"2023-12-09T10:09:23","date_gmt":"2023-12-09T02:09:23","guid":{"rendered":"https:\/\/www.xiangxiangdaily.com\/salone-di-bellezza-spa\/"},"modified":"2025-11-12T10:48:33","modified_gmt":"2025-11-12T02:48:33","slug":"salone-di-bellezza-spa","status":"publish","type":"page","link":"https:\/\/www.xiangxiangdaily.com\/it\/salone-di-bellezza-spa\/","title":{"rendered":"Salone di bellezza e spa"},"content":{"rendered":"\t\t<div data-elementor-type=\"wp-page\" data-elementor-id=\"33018\" class=\"elementor elementor-33018 elementor-9933\" data-elementor-post-type=\"page\">\n\t\t\t\t<div class=\"elementor-element elementor-element-3f866b89 e-flex e-con-boxed e-con e-parent\" data-id=\"3f866b89\" data-element_type=\"container\" data-e-type=\"container\" data-settings=\"{&quot;background_background&quot;:&quot;classic&quot;}\">\n\t\t\t\t\t<div class=\"e-con-inner\">\n\t\t\t\t<div class=\"elementor-element elementor-element-1d734e5b elementor-widget elementor-widget-heading\" data-id=\"1d734e5b\" data-element_type=\"widget\" data-e-type=\"widget\" data-widget_type=\"heading.default\">\n\t\t\t\t<div class=\"elementor-widget-container\">\n\t\t\t\t\t<h1 class=\"elementor-heading-title elementor-size-default\">Salone e spa Bauty slution<\/h1>\t\t\t\t<\/div>\n\t\t\t\t<\/div>\n\t\t\t\t<div class=\"elementor-element elementor-element-16b408c6 elementor-widget elementor-widget-heading\" data-id=\"16b408c6\" data-element_type=\"widget\" data-e-type=\"widget\" data-widget_type=\"heading.default\">\n\t\t\t\t<div class=\"elementor-widget-container\">\n\t\t\t\t\t<p class=\"elementor-heading-title elementor-size-default\">I nostri prodotti sono progettati per essere efficaci, sicuri e convenienti, per aiutare i saloni e le spa a offrire la migliore esperienza ai loro clienti.<\/p>\t\t\t\t<\/div>\n\t\t\t\t<\/div>\n\t\t\t\t<div class=\"elementor-element elementor-element-25315c0 elementor-widget elementor-widget-breadcrumbs\" data-id=\"25315c0\" data-element_type=\"widget\" data-e-type=\"widget\" data-widget_type=\"breadcrumbs.default\">\n\t\t\t\t<div class=\"elementor-widget-container\">\n\t\t\t\t\t<nav><span class=\"last\">Casa<\/span><\/nav>\t\t\t\t<\/div>\n\t\t\t\t<\/div>\n\t\t\t\t\t<\/div>\n\t\t\t\t<\/div>\n\t\t<div class=\"elementor-element elementor-element-c4728be e-flex e-con-boxed e-con e-parent\" data-id=\"c4728be\" data-element_type=\"container\" data-e-type=\"container\" data-settings=\"{&quot;background_background&quot;:&quot;classic&quot;}\">\n\t\t\t\t\t<div class=\"e-con-inner\">\n\t\t<div class=\"elementor-element elementor-element-f624669 e-flex e-con-boxed e-con e-child\" data-id=\"f624669\" data-element_type=\"container\" data-e-type=\"container\">\n\t\t\t\t\t<div class=\"e-con-inner\">\n\t\t\t\t<div class=\"elementor-element elementor-element-c1146ca elementor-widget elementor-widget-heading\" data-id=\"c1146ca\" data-element_type=\"widget\" data-e-type=\"widget\" data-widget_type=\"heading.default\">\n\t\t\t\t<div class=\"elementor-widget-container\">\n\t\t\t\t\t<h4 class=\"elementor-heading-title elementor-size-default\">3000+ fornitore di marchi di bellezza<\/h4>\t\t\t\t<\/div>\n\t\t\t\t<\/div>\n\t\t\t\t<div class=\"elementor-element elementor-element-90cc8e6 elementor-widget elementor-widget-heading\" data-id=\"90cc8e6\" data-element_type=\"widget\" data-e-type=\"widget\" data-widget_type=\"heading.default\">\n\t\t\t\t<div class=\"elementor-widget-container\">\n\t\t\t\t\t<h2 class=\"elementor-heading-title elementor-size-default\">Potenzia la tua attivit\u00e0 di salone di bellezza al costo pi\u00f9 basso<\/h2>\t\t\t\t<\/div>\n\t\t\t\t<\/div>\n\t\t\t\t<div class=\"elementor-element elementor-element-09fbb1b elementor-widget elementor-widget-heading\" data-id=\"09fbb1b\" data-element_type=\"widget\" data-e-type=\"widget\" data-widget_type=\"heading.default\">\n\t\t\t\t<div class=\"elementor-widget-container\">\n\t\t\t\t\t<p class=\"elementor-heading-title elementor-size-default\">Siamo un'azienda leader nella produzione di prodotti per la cura dei capelli e i nostri prodotti sono apprezzati dai saloni di tutto il mondo. Offriamo una vasta gamma di prodotti per soddisfare le esigenze di tutti i tuoi clienti e offriamo anche formulazioni personalizzate per creare il prodotto perfetto per il tuo salone.<\/p>\t\t\t\t<\/div>\n\t\t\t\t<\/div>\n\t\t\t\t<div class=\"elementor-element elementor-element-ccf37ef elementor-widget elementor-widget-button\" data-id=\"ccf37ef\" data-element_type=\"widget\" data-e-type=\"widget\" data-widget_type=\"button.default\">\n\t\t\t\t<div class=\"elementor-widget-container\">\n\t\t\t\t\t\t\t\t\t<div class=\"elementor-button-wrapper\">\n\t\t\t\t\t<a class=\"elementor-button elementor-button-link elementor-size-sm\" href=\"#elementor-action%3Aaction%3Dpopup%3Aopen%26settings%3DeyJpZCI6ODQ4MDgsInRvZ2dsZSI6ZmFsc2V9\">\n\t\t\t\t\t\t<span class=\"elementor-button-content-wrapper\">\n\t\t\t\t\t\t\t\t\t<span class=\"elementor-button-text\">Parla del tuo progetto<\/span>\n\t\t\t\t\t<\/span>\n\t\t\t\t\t<\/a>\n\t\t\t\t<\/div>\n\t\t\t\t\t\t\t\t<\/div>\n\t\t\t\t<\/div>\n\t\t\t\t\t<\/div>\n\t\t\t\t<\/div>\n\t\t<div class=\"elementor-element elementor-element-64a1b2a e-flex e-con-boxed e-con e-child\" data-id=\"64a1b2a\" data-element_type=\"container\" data-e-type=\"container\">\n\t\t\t\t\t<div class=\"e-con-inner\">\n\t\t\t\t<div class=\"elementor-element elementor-element-b02fb33 elementor-widget elementor-widget-image\" data-id=\"b02fb33\" data-element_type=\"widget\" data-e-type=\"widget\" data-widget_type=\"image.default\">\n\t\t\t\t<div class=\"elementor-widget-container\">\n\t\t\t\t\t\t\t\t\t\t\t\t\t\t\t<img fetchpriority=\"high\" decoding=\"async\" width=\"500\" height=\"353\" src=\"https:\/\/www.xiangxiangdaily.com\/wp-content\/uploads\/2024\/01\/Beauty-Salon-Product-Manufacturer.webp\" class=\"attachment-large size-large wp-image-33596\" alt=\"\" srcset=\"https:\/\/www.xiangxiangdaily.com\/wp-content\/uploads\/2024\/01\/Beauty-Salon-Product-Manufacturer.webp 500w, https:\/\/www.xiangxiangdaily.com\/wp-content\/uploads\/2024\/01\/Beauty-Salon-Product-Manufacturer-300x212.webp 300w\" sizes=\"(max-width: 500px) 100vw, 500px\" \/>\t\t\t\t\t\t\t\t\t\t\t\t\t\t\t<\/div>\n\t\t\t\t<\/div>\n\t\t\t\t\t<\/div>\n\t\t\t\t<\/div>\n\t\t\t\t\t<\/div>\n\t\t\t\t<\/div>\n\t\t<div class=\"elementor-element elementor-element-5d6aead e-flex e-con-boxed e-con e-parent\" data-id=\"5d6aead\" data-element_type=\"container\" data-e-type=\"container\">\n\t\t\t\t\t<div class=\"e-con-inner\">\n\t\t\t\t<div class=\"elementor-element elementor-element-1893d67 elementor-widget elementor-widget-heading\" data-id=\"1893d67\" data-element_type=\"widget\" data-e-type=\"widget\" data-widget_type=\"heading.default\">\n\t\t\t\t<div class=\"elementor-widget-container\">\n\t\t\t\t\t<h2 class=\"elementor-heading-title elementor-size-default\">I migliori prodotti per la cura dei capelli per il tuo salone<\/h2>\t\t\t\t<\/div>\n\t\t\t\t<\/div>\n\t\t\t\t<div class=\"elementor-element elementor-element-d464a19 elementor-widget elementor-widget-heading\" data-id=\"d464a19\" data-element_type=\"widget\" data-e-type=\"widget\" data-widget_type=\"heading.default\">\n\t\t\t\t<div class=\"elementor-widget-container\">\n\t\t\t\t\t<p class=\"elementor-heading-title elementor-size-default\">Nel mercato competitivo di oggi, i saloni di bellezza devono offrire prodotti di alta qualit\u00e0 per distinguersi dalla concorrenza. I nostri prodotti <a href=\"https:\/\/www.xiangxiangdaily.com\/it\/produttore-di-prodotti-per-la-cura-dei-capelli\/\" title=\"Produttore di prodotti per la cura dei capelli\" target=\"_blank\" rel=\"noopener\" class=\"link-whisper\" data-wpil-monitor-id=\"618\">per la cura dei capelli<\/a> sono realizzati con i migliori ingredienti e formulazioni e sono efficaci per tutti i tipi di capelli.<\/p>\t\t\t\t<\/div>\n\t\t\t\t<\/div>\n\t\t\t\t<div class=\"elementor-element elementor-element-5a4b824 elementor-widget-divider--view-line elementor-widget elementor-widget-divider\" data-id=\"5a4b824\" data-element_type=\"widget\" data-e-type=\"widget\" data-widget_type=\"divider.default\">\n\t\t\t\t<div class=\"elementor-widget-container\">\n\t\t\t\t\t\t\t<div class=\"elementor-divider\">\n\t\t\t<span class=\"elementor-divider-separator\">\n\t\t\t\t\t\t<\/span>\n\t\t<\/div>\n\t\t\t\t\t\t<\/div>\n\t\t\t\t<\/div>\n\t\t\t\t<div class=\"elementor-element elementor-element-8569e17 elementor-widget elementor-widget-text-editor\" data-id=\"8569e17\" data-element_type=\"widget\" data-e-type=\"widget\" data-widget_type=\"text-editor.default\">\n\t\t\t\t<div class=\"elementor-widget-container\">\n\t\t\t\t\t\t\t\t\t<p>In qualit\u00e0 di azienda leader <a class=\"link-whisper\" title=\"Produttore di prodotti per la cura del corpo\" href=\"https:\/\/www.xiangxiangdaily.com\/it\/produttore-di-prodotti-per-la-cura-del-corpo\/\" target=\"_blank\" rel=\"noopener\" data-wpil-monitor-id=\"99\">nella produzione di prodotti per la cura della persona<\/a>, siamo specializzati nella fornitura di shampoo, balsami e altre soluzioni per la cura dei capelli di alta qualit\u00e0 per saloni, spa e altre attivit\u00e0 di bellezza professionali. Sappiamo che ogni salone ha la sua identit\u00e0, la sua clientela e i suoi standard di servizio. Ecco perch\u00e9 offriamo lo <strong>sviluppo di prodotti personalizzati per<\/strong> assicurarti di ottenere esattamente ci\u00f2 di cui hai bisogno per distinguerti in un mercato competitivo.<\/p>\n<h3>1. Formulazioni su misura<\/h3>\n<p>I tuoi clienti si affidano a te per avere il meglio, e noi ti aiutiamo a mantenerlo creando prodotti specifici per le tue esigenze. Che tu stia cercando shampoo senza solfati, balsami nutrienti o formulazioni biologiche, lavoriamo con te per sviluppare <strong>formulazioni personalizzate<\/strong> in linea con i valori del tuo marchio e le preferenze dei clienti.<\/p>\n<p>Il nostro team di esperti collabora con te per determinare gli ingredienti, i profumi, le texture e le confezioni che meglio riflettono l&#8217;immagine del tuo salone e soddisfano le esigenze dei tuoi clienti. Dal volume e dalla consistenza dei capelli dei tuoi clienti alle tendenze stagionali della cura dei capelli, ci assicuriamo che i nostri prodotti siano perfetti per la tua attivit\u00e0.<\/p>\n<h3>2. Etichettatura privata e branding<\/h3>\n<p>Non ci fermiamo solo alla formulazione. Offriamo <strong>servizi di private labeling<\/strong> per dare al tuo salone o alla tua spa la propria linea di prodotti per la cura dei capelli. Con il nome e il logo del tuo marchio sulle bottiglie, crei un&#8217;esperienza pi\u00f9 personalizzata per il cliente e lo fidelizzi.<\/p>\n<p>Il nostro team di designer pu\u00f2 aiutarti a creare un logo o ad aggiornare il tuo packaging per dare un aspetto fresco e moderno che catturi l&#8217;essenza della tua attivit\u00e0. Questo non solo migliora l&#8217;immagine del tuo marchio, ma apre anche un ulteriore flusso di entrate grazie alla vendita dei tuoi prodotti esclusivi nel tuo salone.<\/p>\n<h3>3. Flessibilit\u00e0 negli ordini e nel confezionamento<\/h3>\n<p>Conosciamo le esigenze delle aziende, grandi e piccole. Che tu sia un salone boutique o una grande catena, ti offriamo opzioni d&#8217;ordine flessibili per soddisfare le tue dimensioni e la tua domanda. Le nostre soluzioni di packaging sono anche personalizzabili per adattarsi alla tua estetica, sia che tu preferisca un packaging ecologico, bottiglie di qualit\u00e0 superiore o opzioni di fornitura all&#8217;ingrosso.<\/p>\n<h3>4. Esperienza nel settore e successo comprovato<\/h3>\n<p>Con anni di esperienza nel settore <a class=\"link-whisper\" title=\"I 5 principali produttori di prodotti per la cura della pelle in Cina\" href=\"https:\/\/www.xiangxiangdaily.com\/it\/produttori-di-prodotti-per-la-cura-della-pelle\/\" target=\"_blank\" rel=\"noopener\" data-wpil-monitor-id=\"1525\">della produzione di prodotti per la cura della persona<\/a>, abbiamo lavorato con una vasta gamma di aziende del settore della bellezza. La nostra <strong>esperienza di successo<\/strong> spazia da centri benessere di lusso a saloni ad alto volume, ognuno con sfide e aspettative uniche.<\/p>\n<p>La nostra vasta conoscenza del settore ci permette di essere sempre al passo con le tendenze e le normative, fornendo prodotti non solo efficaci ma anche sicuri e conformi agli standard industriali. Abbiamo aiutato con successo i saloni in diversi mercati a migliorare la loro offerta di servizi e ad aumentare la soddisfazione dei clienti con prodotti per la cura dei capelli su misura.<\/p>\n<h3>5. Approccio collaborativo<\/h3>\n<p>Non ci consideriamo solo un fornitore, ma un <strong>partner strategico<\/strong> per il tuo successo. Il nostro processo inizia con la comprensione degli obiettivi aziendali specifici e delle preferenze dei clienti. Da l\u00ec, collaboriamo a stretto contatto durante tutto il processo di sviluppo, assicurandoci che il prodotto finale soddisfi le tue esatte specifiche.<\/p>\n<p>Apprezziamo le relazioni a lungo termine e ci impegniamo a fornire un supporto continuo. Sia che tu debba modificare una formulazione, introdurre nuovi prodotti o aumentare la produzione, siamo qui per aiutarti a far crescere la tua attivit\u00e0 in ogni fase del processo.<\/p>\n\t\t\t\t\t\t\t\t<\/div>\n\t\t\t\t<\/div>\n\t\t\t\t\t<\/div>\n\t\t\t\t<\/div>\n\t\t\t\t<\/div>\n\t\t","protected":false},"excerpt":{"rendered":"<p>Salone e spa Bauty slution I nostri prodotti sono progettati per essere efficaci, sicuri e convenienti, per aiutare i saloni e le spa a offrire la migliore esperienza ai loro clienti. Home 3000+ fornitore di marchi di bellezza Potenzia la tua attivit\u00e0 di salone di bellezza al costo pi\u00f9 basso Siamo un&#8217;azienda leader nella produzione [&hellip;]<\/p>\n","protected":false},"author":1,"featured_media":33020,"parent":0,"menu_order":0,"comment_status":"closed","ping_status":"closed","template":"elementor_theme","meta":{"_acf_changed":false,"footnotes":""},"class_list":["post-33018","page","type-page","status-publish","has-post-thumbnail","hentry"],"acf":[],"_links":{"self":[{"href":"https:\/\/www.xiangxiangdaily.com\/it\/wp-json\/wp\/v2\/pages\/33018","targetHints":{"allow":["GET"]}}],"collection":[{"href":"https:\/\/www.xiangxiangdaily.com\/it\/wp-json\/wp\/v2\/pages"}],"about":[{"href":"https:\/\/www.xiangxiangdaily.com\/it\/wp-json\/wp\/v2\/types\/page"}],"author":[{"embeddable":true,"href":"https:\/\/www.xiangxiangdaily.com\/it\/wp-json\/wp\/v2\/users\/1"}],"replies":[{"embeddable":true,"href":"https:\/\/www.xiangxiangdaily.com\/it\/wp-json\/wp\/v2\/comments?post=33018"}],"version-history":[{"count":0,"href":"https:\/\/www.xiangxiangdaily.com\/it\/wp-json\/wp\/v2\/pages\/33018\/revisions"}],"wp:featuredmedia":[{"embeddable":true,"href":"https:\/\/www.xiangxiangdaily.com\/it\/wp-json\/wp\/v2\/media\/33020"}],"wp:attachment":[{"href":"https:\/\/www.xiangxiangdaily.com\/it\/wp-json\/wp\/v2\/media?parent=33018"}],"curies":[{"name":"wp","href":"https:\/\/api.w.org\/{rel}","templated":true}]}}