{"id":33084,"date":"2023-12-09T09:53:29","date_gmt":"2023-12-09T01:53:29","guid":{"rendered":"https:\/\/www.xiangxiangdaily.com\/imprenditori-startup\/"},"modified":"2026-01-31T09:47:13","modified_gmt":"2026-01-31T01:47:13","slug":"imprenditori-startup","status":"publish","type":"page","link":"https:\/\/www.xiangxiangdaily.com\/it\/imprenditori-startup\/","title":{"rendered":"Imprenditori e startup"},"content":{"rendered":"\t\t<div data-elementor-type=\"wp-page\" data-elementor-id=\"33084\" class=\"elementor elementor-33084 elementor-9924\" data-elementor-post-type=\"page\">\n\t\t\t\t<div class=\"elementor-element elementor-element-66eab8d6 e-flex e-con-boxed e-con e-parent\" data-id=\"66eab8d6\" data-element_type=\"container\" data-e-type=\"container\" data-settings=\"{&quot;background_background&quot;:&quot;classic&quot;}\">\n\t\t\t\t\t<div class=\"e-con-inner\">\n\t\t\t\t<div class=\"elementor-element elementor-element-4f07bcb3 elementor-widget elementor-widget-heading\" data-id=\"4f07bcb3\" data-element_type=\"widget\" data-e-type=\"widget\" data-widget_type=\"heading.default\">\n\t\t\t\t<div class=\"elementor-widget-container\">\n\t\t\t\t\t<h1 class=\"elementor-heading-title elementor-size-default\">Imprenditori e startup<\/h1>\t\t\t\t<\/div>\n\t\t\t\t<\/div>\n\t\t\t\t<div class=\"elementor-element elementor-element-49d8ff13 elementor-widget elementor-widget-heading\" data-id=\"49d8ff13\" data-element_type=\"widget\" data-e-type=\"widget\" data-widget_type=\"heading.default\">\n\t\t\t\t<div class=\"elementor-widget-container\">\n\t\t\t\t\t<p class=\"elementor-heading-title elementor-size-default\">Siamo appassionati nell'aiutare gli imprenditori e le startup a realizzare i loro sogni. Crediamo che tutti abbiano l'opportunit\u00e0 di creare un marchio di successo per la cura della persona.<\/p>\t\t\t\t<\/div>\n\t\t\t\t<\/div>\n\t\t\t\t<div class=\"elementor-element elementor-element-7b0c04c elementor-widget elementor-widget-breadcrumbs\" data-id=\"7b0c04c\" data-element_type=\"widget\" data-e-type=\"widget\" data-widget_type=\"breadcrumbs.default\">\n\t\t\t\t<div class=\"elementor-widget-container\">\n\t\t\t\t\t<nav><span class=\"last\">Casa<\/span><\/nav>\t\t\t\t<\/div>\n\t\t\t\t<\/div>\n\t\t\t\t\t<\/div>\n\t\t\t\t<\/div>\n\t\t<div class=\"elementor-element elementor-element-471bbf2 e-flex e-con-boxed e-con e-parent\" data-id=\"471bbf2\" data-element_type=\"container\" data-e-type=\"container\">\n\t\t\t\t\t<div class=\"e-con-inner\">\n\t\t\t\t<div class=\"elementor-element elementor-element-0f6e7a6 elementor-widget elementor-widget-text-editor\" data-id=\"0f6e7a6\" data-element_type=\"widget\" data-e-type=\"widget\" data-widget_type=\"text-editor.default\">\n\t\t\t\t<div class=\"elementor-widget-container\">\n\t\t\t\t\t\t\t\t\t<p><img fetchpriority=\"high\" decoding=\"async\" class=\"alignnone wp-image-36425 size-full\" src=\"https:\/\/www.xiangxiangdaily.com\/wp-content\/uploads\/2024\/09\/Rosemary-Strengthening-Hair-Masque-4.webp\" alt=\"Maschera rinforzante per capelli al rosmarino (4)\" width=\"800\" height=\"800\" srcset=\"https:\/\/www.xiangxiangdaily.com\/wp-content\/uploads\/2024\/09\/Rosemary-Strengthening-Hair-Masque-4.webp 800w, https:\/\/www.xiangxiangdaily.com\/wp-content\/uploads\/2024\/09\/Rosemary-Strengthening-Hair-Masque-4-300x300.webp 300w, https:\/\/www.xiangxiangdaily.com\/wp-content\/uploads\/2024\/09\/Rosemary-Strengthening-Hair-Masque-4-600x600.webp 600w, https:\/\/www.xiangxiangdaily.com\/wp-content\/uploads\/2024\/09\/Rosemary-Strengthening-Hair-Masque-4-500x500.webp 500w, https:\/\/www.xiangxiangdaily.com\/wp-content\/uploads\/2024\/09\/Rosemary-Strengthening-Hair-Masque-4-150x150.webp 150w, https:\/\/www.xiangxiangdaily.com\/wp-content\/uploads\/2024\/09\/Rosemary-Strengthening-Hair-Masque-4-768x768.webp 768w\" sizes=\"(max-width: 800px) 100vw, 800px\" \/><\/p>\n<p>Nell&#8217;odierno settore competitivo della cura della persona, gli imprenditori e le startup si trovano spesso ad affrontare delle sfide quando devono costruire un marchio da zero. Il percorso per creare una linea unica di prodotti per la cura dei capelli, del <a class=\"link-whisper\" title=\"Produttore di prodotti per la cura del corpo\" href=\"https:\/\/www.xiangxiangdaily.com\/it\/produttore-di-prodotti-per-la-cura-del-corpo\/\" target=\"_blank\" rel=\"noopener\" data-wpil-monitor-id=\"105\">corpo<\/a> o del viso non richiede solo una grande idea, ma anche competenze nella formulazione dei prodotti, nella conformit\u00e0 alle normative e nella comprensione delle tendenze del mercato. Noi di Xiangxiang ci impegniamo con passione a trasformare la tua visione in realt\u00e0. In qualit\u00e0 di <a class=\"link-whisper\" title=\"Produttore di prodotti per la cura dei capelli\" href=\"https:\/\/www.xiangxiangdaily.com\/it\/produttore-di-prodotti-per-la-cura-dei-capelli\/\" target=\"_blank\" rel=\"noopener\" data-wpil-monitor-id=\"753\">produttore di fiducia di prodotti per la cura<\/a> della persona, aiutiamo gli imprenditori e le startup a realizzare i loro sogni fornendo un supporto professionale personalizzato in base alle loro esigenze specifiche.<\/p>\n<h2>Un approccio personalizzato per ogni imprenditore<\/h2>\n<p>Ogni imprenditore ha una visione unica e noi siamo consapevoli che le soluzioni uniche non funzionano in questo settore dinamico. Che si tratti di prodotti per la cura dei capelli, soluzioni per la cura della pelle o prodotti essenziali per la cura del corpo, il nostro approccio \u00e8 personalizzato per soddisfare gli obiettivi specifici del tuo marchio. Fin dal primo giorno lavoriamo a stretto contatto con te per capire la tua nicchia di mercato, il tuo pubblico di riferimento e i valori del tuo marchio.<\/p>\n<p>Il nostro team di esperti sviluppatori di prodotti e specialisti del settore collaborer\u00e0 con te per progettare formule che riflettano l&#8217;identit\u00e0 del tuo marchio. Che tu voglia creare una linea ecologica e completamente naturale o una soluzione all&#8217;avanguardia con ingredienti innovativi, abbiamo l&#8217;esperienza necessaria per dare vita alla tua visione.<\/p>\n<h2>Comprendere le caratteristiche specifiche del settore<\/h2>\n<p>Una delle chiavi del successo nel settore <a class=\"link-whisper\" title=\"I 20 migliori fornitori di cosmetici e prodotti per la cura della persona in Cina\" href=\"https:\/\/www.xiangxiangdaily.com\/it\/top-20-personal-care-cosmetics-suppliers-in-china\/\" target=\"_blank\" rel=\"noopener\" data-wpil-monitor-id=\"2683\">della cura della persona<\/a> \u00e8 la comprensione delle caratteristiche uniche di ogni categoria di prodotti. Siamo orgogliosi della nostra profonda conoscenza delle tendenze nel campo della cura dei capelli, del corpo e del viso, che ci permette di offrire spunti che distinguono i tuoi prodotti. Ad esempio:<\/p>\n<ul>\n<li>\n<p><strong>Cura dei capelli<\/strong>: Le nostre formulazioni sono studiate per affrontare diversi tipi di capelli e condizioni, dai <a class=\"link-whisper\" title=\"Olio di ricino per capelli ricci\" href=\"https:\/\/www.xiangxiangdaily.com\/it\/produttore-di-prodotti-per-la-cura-dei-capelli\/produttore-di-olio-per-capelli\/olio-di-ricino-per-capelli-ricci\/\" target=\"_blank\" rel=\"noopener\" data-wpil-monitor-id=\"752\">capelli ricci e strutturati<\/a> a quelli trattati con il colore e ai capelli fini. Forniamo soluzioni per la ritenzione dell&#8217;umidit\u00e0, la salute del cuoio capelluto e la riparazione dei danni, assicurando che i tuoi prodotti soddisfino le diverse esigenze dei tuoi clienti.<\/p>\n<\/li>\n<li>\n<p><strong>Cura del corpo<\/strong>: Sappiamo che oggi i consumatori cercano <a class=\"link-whisper\" title=\"Olio corpo idratante al cacao\" href=\"https:\/\/www.xiangxiangdaily.com\/it\/produttore-di-prodotti-per-la-cura-del-corpo\/olio-di-massaggio-a-marchio-privato\/olio-di-cacao-idratante-per-il-corpo\/\" target=\"_blank\" rel=\"noopener\" data-wpil-monitor-id=\"449\">prodotti per la cura del corpo che vadano oltre la semplice idratazione<\/a>. Dalle lussuose <a class=\"link-whisper\" title=\"Lozione per il corpo Produttore\" href=\"https:\/\/www.xiangxiangdaily.com\/it\/produttore-di-prodotti-per-la-cura-del-corpo\/produttore-di-lozioni-per-il-corpo\/\" target=\"_blank\" rel=\"noopener\" data-wpil-monitor-id=\"213\">lozioni per il corpo<\/a> agli scrub terapeutici, offriamo formulazioni su misura che offrono la combinazione perfetta di idratazione, nutrimento e fragranza, nel rispetto degli standard di bellezza pulita.<\/p>\n<\/li>\n<li>\n<p><strong>Cura del viso<\/strong>: L&#8217;industria della cura della pelle si sta evolvendo rapidamente, con una domanda di prodotti che si concentrano sull&#8217;anti-invecchiamento, sul trattamento dell&#8217;acne e sulle soluzioni per la pelle sensibile. Il nostro team \u00e8 aggiornato sugli ultimi progressi in materia di principi attivi come l&#8217;acido ialuronico, il retinolo e la vitamina C, assicurando che i tuoi prodotti per la cura del viso siano efficaci e commerciabili.<\/p>\n<\/li>\n<\/ul>\n<h2>Risolvere i punti dolenti con soluzioni personalizzate<\/h2>\n<p>Le startup si trovano spesso ad affrontare problemi quali risorse limitate, ostacoli normativi o incertezze sulla formulazione del prodotto. La nostra esperienza ci aiuta a risolvere questi problemi comuni:<\/p>\n<ol>\n<li>\n<p><strong>Sviluppo dei prodotti<\/strong>: La creazione di <a class=\"link-whisper\" title=\"Come scegliere gli ingredienti per lo shampoo personalizzato\" href=\"https:\/\/www.xiangxiangdaily.com\/it\/how-to-choose-ingredients-for-custom-shampoo-2\/\" target=\"_blank\" rel=\"noopener\" data-wpil-monitor-id=\"1619\">prodotti per la cura della persona di alta qualit\u00e0 richiede la conoscenza degli ingredienti<\/a>, dell&#8217;efficacia e della sicurezza. Lavoriamo con te per formulare prodotti che non solo soddisfino la tua visione, ma che siano anche conformi alle normative del settore. Che tu abbia bisogno di prodotti biologici, cruelty-free o certificati vegani, ci assicuriamo che le tue formulazioni soddisfino gli standard pi\u00f9 elevati.<\/p>\n<\/li>\n<li>\n<p><strong>Produzione di piccoli lotti<\/strong>: Per le startup, i costi di produzione iniziali possono essere eccessivi. Offriamo una produzione in piccoli lotti, che ti permette di testare il mercato senza l&#8217;onere finanziario di una produzione su larga scala. Questa flessibilit\u00e0 permette agli imprenditori di concentrarsi sulla costruzione del proprio marchio prima di scalare.<\/p>\n<\/li>\n<li>\n<p><strong>Branding e packaging<\/strong>: La prima impressione \u00e8 importante. Assistiamo il packaging e il design dei prodotti per garantire che l&#8217;estetica del tuo marchio sia in linea con il tuo pubblico di riferimento. Il nostro team ti aiuter\u00e0 a scegliere i materiali di imballaggio giusti, che non solo siano belli da vedere ma che proteggano anche l&#8217;integrit\u00e0 dei tuoi prodotti.<\/p>\n<\/li>\n<li>\n<p><strong>Conformit\u00e0 normativa<\/strong>: Navigare nel panorama normativo, come le linee guida della FDA, la conformit\u00e0 internazionale e i test sulla sicurezza dei prodotti, pu\u00f2 intimidire. Eliminiamo le congetture dal processo, assicurandoti che tutti i tuoi prodotti siano conformi alle normative necessarie, in modo che tu possa concentrarti su ci\u00f2 che conta di pi\u00f9: far crescere la tua attivit\u00e0.<\/p>\n<\/li>\n<\/ol>\n<h2>Guida professionale per una crescita sostenibile<\/h2>\n<p>Il nostro ruolo di produttori di prodotti per la cura della persona va oltre la produzione. Ci impegniamo a guidarti in ogni fase del percorso del tuo marchio, offrendoti una consulenza professionale che ti aiuti a scalare in modo sostenibile. Siamo consapevoli dell&#8217;importanza di stare al passo con le preferenze dei consumatori e le tendenze del settore in continua evoluzione.<\/p>\n<ul>\n<li>\n<p><strong>Approfondimenti sulle tendenze<\/strong>: Con il nostro dito sul polso delle tendenze del mercato, forniamo approfondimenti sulle esigenze e le preferenze emergenti dei consumatori. Che si tratti di bellezza pulita, packaging sostenibile o tecnologia avanzata per la cura della pelle, ti aiuteremo a essere all&#8217;avanguardia.<\/p>\n<\/li>\n<li>\n<p><strong>Assistenza continua<\/strong>: Una volta lanciati i tuoi prodotti, il nostro supporto non finisce. Continuiamo a fornirti un&#8217;assistenza continua quando espandi la tua linea di prodotti, introduci nuove innovazioni o entri in nuovi mercati.<\/p>\n<\/li>\n<\/ul>\n<h2>Il tuo successo \u00e8 il nostro successo<\/h2>\n<p>Noi di Xiangxiang crediamo che tutti abbiano l&#8217;opportunit\u00e0 di costruire un <a href=\"https:\/\/www.xiangxiangdaily.com\/it\/leading-facial-serum-suppliers-for-your-brand\/\" title=\"I principali fornitori di siero per il viso per il tuo marchio\" target=\"_blank\" rel=\"noopener\" data-wpil-monitor-id=\"5017\">marchio di successo per la cura della persona<\/a>. Siamo appassionati nell&#8217;aiutare gli imprenditori e le startup a realizzare i loro sogni, combinando la nostra esperienza di produzione con la tua visione per creare prodotti che risuonino con i consumatori.<\/p>\n<p>Che tu stia lanciando il tuo primo prodotto o ampliando la tua linea attuale, siamo qui per supportarti in ogni fase del tuo percorso. Insieme possiamo creare un marchio di prodotti per la cura della persona che non solo si distingua in un mercato affollato, ma che abbia anche un impatto significativo sui tuoi clienti.<\/p>\n<p>Costruiamo qualcosa di bello insieme.<\/p>\n\t\t\t\t\t\t\t\t<\/div>\n\t\t\t\t<\/div>\n\t\t\t\t\t<\/div>\n\t\t\t\t<\/div>\n\t\t<div class=\"elementor-element elementor-element-39218e1 e-flex e-con-boxed e-con e-parent\" data-id=\"39218e1\" data-element_type=\"container\" data-e-type=\"container\">\n\t\t\t\t\t<div class=\"e-con-inner\">\n\t\t\t\t<div class=\"elementor-element elementor-element-9c89785 elementor-widget elementor-widget-heading\" data-id=\"9c89785\" data-element_type=\"widget\" data-e-type=\"widget\" data-widget_type=\"heading.default\">\n\t\t\t\t<div class=\"elementor-widget-container\">\n\t\t\t\t\t<h2 class=\"elementor-heading-title elementor-size-default\">Prodotti di qualit\u00e0 che soddisfano le tue esigenze<\/h2>\t\t\t\t<\/div>\n\t\t\t\t<\/div>\n\t\t\t\t<div class=\"elementor-element elementor-element-fca03d8 elementor-widget elementor-widget-heading\" data-id=\"fca03d8\" data-element_type=\"widget\" data-e-type=\"widget\" data-widget_type=\"heading.default\">\n\t\t\t\t<div class=\"elementor-widget-container\">\n\t\t\t\t\t<p class=\"elementor-heading-title elementor-size-default\">I nostri prodotti per la cura della persona sono completamente personalizzabili, cos\u00ec puoi creare prodotti che soddisfino le esigenze specifiche dei tuoi clienti. Questo ti d\u00e0 un vantaggio competitivo e ti aiuta a distinguerti dalla concorrenza.<\/p>\t\t\t\t<\/div>\n\t\t\t\t<\/div>\n\t\t<div class=\"elementor-element elementor-element-71c0615 e-flex e-con-boxed e-con e-child\" data-id=\"71c0615\" data-element_type=\"container\" data-e-type=\"container\">\n\t\t\t\t\t<div class=\"e-con-inner\">\n\t\t<div class=\"elementor-element elementor-element-f7c5362 e-flex e-con-boxed e-con e-child\" data-id=\"f7c5362\" data-element_type=\"container\" data-e-type=\"container\">\n\t\t\t\t\t<div class=\"e-con-inner\">\n\t\t\t\t<div class=\"elementor-element elementor-element-52573ba elementor-widget elementor-widget-image\" data-id=\"52573ba\" data-element_type=\"widget\" data-e-type=\"widget\" data-widget_type=\"image.default\">\n\t\t\t\t<div class=\"elementor-widget-container\">\n\t\t\t\t\t\t\t\t\t\t\t\t\t\t\t<img decoding=\"async\" width=\"500\" height=\"333\" src=\"https:\/\/www.xiangxiangdaily.com\/wp-content\/uploads\/2023\/12\/Custom-Ingredients.webp\" class=\"attachment-large size-large wp-image-99124\" alt=\"Ingredienti personalizzati\" \/>\t\t\t\t\t\t\t\t\t\t\t\t\t\t\t<\/div>\n\t\t\t\t<\/div>\n\t\t<div class=\"elementor-element elementor-element-3a33e73 e-flex e-con-boxed e-con e-child\" data-id=\"3a33e73\" data-element_type=\"container\" data-e-type=\"container\">\n\t\t\t\t\t<div class=\"e-con-inner\">\n\t\t\t\t<div class=\"elementor-element elementor-element-ea5d290 elementor-view-default elementor-widget elementor-widget-icon\" data-id=\"ea5d290\" data-element_type=\"widget\" data-e-type=\"widget\" data-widget_type=\"icon.default\">\n\t\t\t\t<div class=\"elementor-widget-container\">\n\t\t\t\t\t\t\t<div class=\"elementor-icon-wrapper\">\n\t\t\t<div class=\"elementor-icon\">\n\t\t\t<i aria-hidden=\"true\" class=\"fas fa-check-circle\"><\/i>\t\t\t<\/div>\n\t\t<\/div>\n\t\t\t\t\t\t<\/div>\n\t\t\t\t<\/div>\n\t\t\t\t<div class=\"elementor-element elementor-element-640bb76 elementor-widget elementor-widget-heading\" data-id=\"640bb76\" data-element_type=\"widget\" data-e-type=\"widget\" data-widget_type=\"heading.default\">\n\t\t\t\t<div class=\"elementor-widget-container\">\n\t\t\t\t\t<h5 class=\"elementor-heading-title elementor-size-default\">Scegli gli ingredienti<\/h5>\t\t\t\t<\/div>\n\t\t\t\t<\/div>\n\t\t\t\t\t<\/div>\n\t\t\t\t<\/div>\n\t\t\t\t<div class=\"elementor-element elementor-element-f5e4a8f elementor-widget elementor-widget-heading\" data-id=\"f5e4a8f\" data-element_type=\"widget\" data-e-type=\"widget\" data-widget_type=\"heading.default\">\n\t\t\t\t<div class=\"elementor-widget-container\">\n\t\t\t\t\t<p class=\"elementor-heading-title elementor-size-default\">Puoi scegliere tra un'ampia gamma di ingredienti, tra cui opzioni naturali, biologiche e vegane.<\/p>\t\t\t\t<\/div>\n\t\t\t\t<\/div>\n\t\t\t\t\t<\/div>\n\t\t\t\t<\/div>\n\t\t<div class=\"elementor-element elementor-element-6069f7e e-flex e-con-boxed e-con e-child\" data-id=\"6069f7e\" data-element_type=\"container\" data-e-type=\"container\">\n\t\t\t\t\t<div class=\"e-con-inner\">\n\t\t\t\t<div class=\"elementor-element elementor-element-de07089 elementor-widget elementor-widget-image\" data-id=\"de07089\" data-element_type=\"widget\" data-e-type=\"widget\" data-widget_type=\"image.default\">\n\t\t\t\t<div class=\"elementor-widget-container\">\n\t\t\t\t\t\t\t\t\t\t\t\t\t\t\t<img decoding=\"async\" width=\"500\" height=\"333\" src=\"https:\/\/www.xiangxiangdaily.com\/wp-content\/uploads\/2023\/12\/Packing-type.webp\" class=\"attachment-large size-large wp-image-99132\" alt=\"Tipo di imballaggio\" \/>\t\t\t\t\t\t\t\t\t\t\t\t\t\t\t<\/div>\n\t\t\t\t<\/div>\n\t\t<div class=\"elementor-element elementor-element-61a5e1b e-flex e-con-boxed e-con e-child\" data-id=\"61a5e1b\" data-element_type=\"container\" data-e-type=\"container\">\n\t\t\t\t\t<div class=\"e-con-inner\">\n\t\t\t\t<div class=\"elementor-element elementor-element-a9cc2e2 elementor-view-default elementor-widget elementor-widget-icon\" data-id=\"a9cc2e2\" data-element_type=\"widget\" data-e-type=\"widget\" data-widget_type=\"icon.default\">\n\t\t\t\t<div class=\"elementor-widget-container\">\n\t\t\t\t\t\t\t<div class=\"elementor-icon-wrapper\">\n\t\t\t<div class=\"elementor-icon\">\n\t\t\t<i aria-hidden=\"true\" class=\"fas fa-check-circle\"><\/i>\t\t\t<\/div>\n\t\t<\/div>\n\t\t\t\t\t\t<\/div>\n\t\t\t\t<\/div>\n\t\t\t\t<div class=\"elementor-element elementor-element-d2e4d43 elementor-widget elementor-widget-heading\" data-id=\"d2e4d43\" data-element_type=\"widget\" data-e-type=\"widget\" data-widget_type=\"heading.default\">\n\t\t\t\t<div class=\"elementor-widget-container\">\n\t\t\t\t\t<h5 class=\"elementor-heading-title elementor-size-default\">Progetta la tua confezione<\/h5>\t\t\t\t<\/div>\n\t\t\t\t<\/div>\n\t\t\t\t\t<\/div>\n\t\t\t\t<\/div>\n\t\t\t\t<div class=\"elementor-element elementor-element-7d9e140 elementor-widget elementor-widget-heading\" data-id=\"7d9e140\" data-element_type=\"widget\" data-e-type=\"widget\" data-widget_type=\"heading.default\">\n\t\t\t\t<div class=\"elementor-widget-container\">\n\t\t\t\t\t<p class=\"elementor-heading-title elementor-size-default\">Puoi scegliere tra diverse opzioni di imballaggio, tra cui etichette e materiali di imballaggio personalizzati.<\/p>\t\t\t\t<\/div>\n\t\t\t\t<\/div>\n\t\t\t\t\t<\/div>\n\t\t\t\t<\/div>\n\t\t<div class=\"elementor-element elementor-element-6fa05f8 e-flex e-con-boxed e-con e-child\" data-id=\"6fa05f8\" data-element_type=\"container\" data-e-type=\"container\">\n\t\t\t\t\t<div class=\"e-con-inner\">\n\t\t\t\t<div class=\"elementor-element elementor-element-7bce30d elementor-widget elementor-widget-image\" data-id=\"7bce30d\" data-element_type=\"widget\" data-e-type=\"widget\" data-widget_type=\"image.default\">\n\t\t\t\t<div class=\"elementor-widget-container\">\n\t\t\t\t\t\t\t\t\t\t\t\t\t\t\t<img loading=\"lazy\" decoding=\"async\" width=\"500\" height=\"333\" src=\"https:\/\/www.xiangxiangdaily.com\/wp-content\/uploads\/2023\/12\/Private-Label.webp\" class=\"attachment-large size-large wp-image-99116\" alt=\"Marchio privato\" \/>\t\t\t\t\t\t\t\t\t\t\t\t\t\t\t<\/div>\n\t\t\t\t<\/div>\n\t\t<div class=\"elementor-element elementor-element-f61d47c e-flex e-con-boxed e-con e-child\" data-id=\"f61d47c\" data-element_type=\"container\" data-e-type=\"container\">\n\t\t\t\t\t<div class=\"e-con-inner\">\n\t\t\t\t<div class=\"elementor-element elementor-element-0172391 elementor-view-default elementor-widget elementor-widget-icon\" data-id=\"0172391\" data-element_type=\"widget\" data-e-type=\"widget\" data-widget_type=\"icon.default\">\n\t\t\t\t<div class=\"elementor-widget-container\">\n\t\t\t\t\t\t\t<div class=\"elementor-icon-wrapper\">\n\t\t\t<div class=\"elementor-icon\">\n\t\t\t<i aria-hidden=\"true\" class=\"fas fa-check-circle\"><\/i>\t\t\t<\/div>\n\t\t<\/div>\n\t\t\t\t\t\t<\/div>\n\t\t\t\t<\/div>\n\t\t\t\t<div class=\"elementor-element elementor-element-ae1f72b elementor-widget elementor-widget-heading\" data-id=\"ae1f72b\" data-element_type=\"widget\" data-e-type=\"widget\" data-widget_type=\"heading.default\">\n\t\t\t\t<div class=\"elementor-widget-container\">\n\t\t\t\t\t<h5 class=\"elementor-heading-title elementor-size-default\">Crea il tuo marchio<\/h5>\t\t\t\t<\/div>\n\t\t\t\t<\/div>\n\t\t\t\t\t<\/div>\n\t\t\t\t<\/div>\n\t\t\t\t<div class=\"elementor-element elementor-element-adbcdf8 elementor-widget elementor-widget-heading\" data-id=\"adbcdf8\" data-element_type=\"widget\" data-e-type=\"widget\" data-widget_type=\"heading.default\">\n\t\t\t\t<div class=\"elementor-widget-container\">\n\t\t\t\t\t<p class=\"elementor-heading-title elementor-size-default\">Possiamo aiutarti a creare un'identit\u00e0 di marca unica per i tuoi prodotti per la cura della persona.<\/p>\t\t\t\t<\/div>\n\t\t\t\t<\/div>\n\t\t\t\t\t<\/div>\n\t\t\t\t<\/div>\n\t\t\t\t\t<\/div>\n\t\t\t\t<\/div>\n\t\t\t\t\t<\/div>\n\t\t\t\t<\/div>\n\t\t\t\t<\/div>\n\t\t","protected":false},"excerpt":{"rendered":"<p>Imprenditori e startup Siamo appassionati nell&#8217;aiutare gli imprenditori e le startup a realizzare i loro sogni. Crediamo che tutti abbiano l&#8217;opportunit\u00e0 di creare un marchio di successo per la cura della persona. Home Nell&#8217;odierno settore competitivo della cura della persona, gli imprenditori e le startup si trovano spesso ad affrontare delle sfide quando devono costruire [&hellip;]<\/p>\n","protected":false},"author":1,"featured_media":33085,"parent":0,"menu_order":0,"comment_status":"closed","ping_status":"closed","template":"elementor_theme","meta":{"_acf_changed":false,"footnotes":""},"class_list":["post-33084","page","type-page","status-publish","has-post-thumbnail","hentry"],"acf":[],"_links":{"self":[{"href":"https:\/\/www.xiangxiangdaily.com\/it\/wp-json\/wp\/v2\/pages\/33084","targetHints":{"allow":["GET"]}}],"collection":[{"href":"https:\/\/www.xiangxiangdaily.com\/it\/wp-json\/wp\/v2\/pages"}],"about":[{"href":"https:\/\/www.xiangxiangdaily.com\/it\/wp-json\/wp\/v2\/types\/page"}],"author":[{"embeddable":true,"href":"https:\/\/www.xiangxiangdaily.com\/it\/wp-json\/wp\/v2\/users\/1"}],"replies":[{"embeddable":true,"href":"https:\/\/www.xiangxiangdaily.com\/it\/wp-json\/wp\/v2\/comments?post=33084"}],"version-history":[{"count":0,"href":"https:\/\/www.xiangxiangdaily.com\/it\/wp-json\/wp\/v2\/pages\/33084\/revisions"}],"wp:featuredmedia":[{"embeddable":true,"href":"https:\/\/www.xiangxiangdaily.com\/it\/wp-json\/wp\/v2\/media\/33085"}],"wp:attachment":[{"href":"https:\/\/www.xiangxiangdaily.com\/it\/wp-json\/wp\/v2\/media?parent=33084"}],"curies":[{"name":"wp","href":"https:\/\/api.w.org\/{rel}","templated":true}]}}