{"id":33192,"date":"2023-01-13T14:14:13","date_gmt":"2023-01-13T06:14:13","guid":{"rendered":"https:\/\/www.xiangxiangdaily.com\/blog\/"},"modified":"2026-04-07T17:12:52","modified_gmt":"2026-04-07T09:12:52","slug":"blog","status":"publish","type":"page","link":"https:\/\/www.xiangxiangdaily.com\/it\/blog\/","title":{"rendered":"Blog"},"content":{"rendered":"\t\t<div data-elementor-type=\"wp-page\" data-elementor-id=\"33192\" class=\"elementor elementor-33192 elementor-3646\" data-elementor-post-type=\"page\">\n\t\t\t\t<div class=\"elementor-element elementor-element-819521e e-flex e-con-boxed e-con e-parent\" data-id=\"819521e\" data-element_type=\"container\" data-e-type=\"container\">\n\t\t\t\t\t<div class=\"e-con-inner\">\n\t\t\t\t<div class=\"elementor-element elementor-element-975c5c6 elementor-widget elementor-widget-heading\" data-id=\"975c5c6\" data-element_type=\"widget\" data-e-type=\"widget\" data-widget_type=\"heading.default\">\n\t\t\t\t<div class=\"elementor-widget-container\">\n\t\t\t\t\t<h1 class=\"elementor-heading-title elementor-size-default\">Blog<\/h1>\t\t\t\t<\/div>\n\t\t\t\t<\/div>\n\t\t\t\t<div class=\"elementor-element elementor-element-649766b elementor-grid-3 elementor-grid-tablet-2 elementor-grid-mobile-1 elementor-posts--thumbnail-top elementor-widget elementor-widget-posts\" data-id=\"649766b\" data-element_type=\"widget\" data-e-type=\"widget\" data-settings=\"{&quot;pagination_type&quot;:&quot;numbers_and_prev_next&quot;,&quot;classic_columns&quot;:&quot;3&quot;,&quot;classic_columns_tablet&quot;:&quot;2&quot;,&quot;classic_columns_mobile&quot;:&quot;1&quot;,&quot;classic_row_gap&quot;:{&quot;unit&quot;:&quot;px&quot;,&quot;size&quot;:35,&quot;sizes&quot;:[]},&quot;classic_row_gap_laptop&quot;:{&quot;unit&quot;:&quot;px&quot;,&quot;size&quot;:&quot;&quot;,&quot;sizes&quot;:[]},&quot;classic_row_gap_tablet&quot;:{&quot;unit&quot;:&quot;px&quot;,&quot;size&quot;:&quot;&quot;,&quot;sizes&quot;:[]},&quot;classic_row_gap_mobile&quot;:{&quot;unit&quot;:&quot;px&quot;,&quot;size&quot;:&quot;&quot;,&quot;sizes&quot;:[]}}\" data-widget_type=\"posts.classic\">\n\t\t\t\t<div class=\"elementor-widget-container\">\n\t\t\t\t\t\t\t<div class=\"elementor-posts-container elementor-posts elementor-posts--skin-classic elementor-grid\" role=\"list\">\r\n\t\t\t\t<article class=\"elementor-post elementor-grid-item post-91783 post type-post status-publish format-standard has-post-thumbnail hentry category-nuovo\" role=\"listitem\">\r\n\t\t\t\t<a class=\"elementor-post__thumbnail__link\" href=\"https:\/\/www.xiangxiangdaily.com\/it\/pdrn-face-cream-oem-odm-guide-for-brands\/\" tabindex=\"-1\" >\r\n\t\t\t<div class=\"elementor-post__thumbnail\"><img fetchpriority=\"high\" decoding=\"async\" width=\"300\" height=\"200\" src=\"https:\/\/www.xiangxiangdaily.com\/wp-content\/uploads\/2026\/02\/ChatGPT-Image-2026\u5e742\u67085\u65e5-18_05_30-300x200.png\" class=\"attachment-medium size-medium wp-image-91760\" alt=\"\" srcset=\"https:\/\/www.xiangxiangdaily.com\/wp-content\/uploads\/2026\/02\/ChatGPT-Image-2026\u5e742\u67085\u65e5-18_05_30-300x200.png 300w, https:\/\/www.xiangxiangdaily.com\/wp-content\/uploads\/2026\/02\/ChatGPT-Image-2026\u5e742\u67085\u65e5-18_05_30-1024x683.png 1024w, https:\/\/www.xiangxiangdaily.com\/wp-content\/uploads\/2026\/02\/ChatGPT-Image-2026\u5e742\u67085\u65e5-18_05_30-768x512.png 768w, https:\/\/www.xiangxiangdaily.com\/wp-content\/uploads\/2026\/02\/ChatGPT-Image-2026\u5e742\u67085\u65e5-18_05_30-600x400.png 600w, https:\/\/www.xiangxiangdaily.com\/wp-content\/uploads\/2026\/02\/ChatGPT-Image-2026\u5e742\u67085\u65e5-18_05_30.png 1536w\" sizes=\"(max-width: 300px) 100vw, 300px\" \/><\/div>\r\n\t\t<\/a>\r\n\t\t\t\t<div class=\"elementor-post__text\">\r\n\t\t\t\t<h3 class=\"elementor-post__title\">\r\n\t\t\t<a href=\"https:\/\/www.xiangxiangdaily.com\/it\/pdrn-face-cream-oem-odm-guide-for-brands\/\" >\r\n\t\t\t\tPDRN Crema Viso Guida OEM\/ODM per le marche\t\t\t<\/a>\r\n\t\t<\/h3>\r\n\t\t\t\t<div class=\"elementor-post__meta-data\">\r\n\t\t\t\t\t<span class=\"elementor-post-date\">\r\n\t\t\t5 Febbraio 2026\t\t<\/span>\r\n\t\t\t\t<span class=\"elementor-post-avatar\">\r\n\t\t\tNessun commento\t\t<\/span>\r\n\t\t\t\t<\/div>\r\n\t\t\t\t<div class=\"elementor-post__excerpt\">\r\n\t\t\t<p>Guida alla crema viso PDRN OEM\/ODM per i marchi: formulazione, imballaggio e lista di controllo dei fornitori. Scopri perch\u00e9 Xiangxiang Daily \u00e8 un partner di produzione affidabile. <\/p>\n\t\t<\/div>\r\n\t\t\r\n\t\t<a class=\"elementor-post__read-more\" href=\"https:\/\/www.xiangxiangdaily.com\/it\/pdrn-face-cream-oem-odm-guide-for-brands\/\" aria-label=\"Read more about PDRN Crema Viso Guida OEM\/ODM per le marche\" tabindex=\"-1\" >\r\n\t\t\tContinua a leggere \"\t\t<\/a>\r\n\r\n\t\t\t\t<\/div>\r\n\t\t\t\t<\/article>\r\n\t\t\t\t<article class=\"elementor-post elementor-grid-item post-91623 post type-post status-publish format-standard has-post-thumbnail hentry category-nuovo\" role=\"listitem\">\r\n\t\t\t\t<a class=\"elementor-post__thumbnail__link\" href=\"https:\/\/www.xiangxiangdaily.com\/it\/how-to-choose-a-soap-bar-oem-factory\/\" tabindex=\"-1\" >\r\n\t\t\t<div class=\"elementor-post__thumbnail\"><img decoding=\"async\" width=\"300\" height=\"200\" src=\"https:\/\/www.xiangxiangdaily.com\/wp-content\/uploads\/2026\/02\/ChatGPT-Image-2026\u5e742\u67084\u65e5-11_32_46-1-300x200.png\" class=\"attachment-medium size-medium wp-image-91597\" alt=\"\" srcset=\"https:\/\/www.xiangxiangdaily.com\/wp-content\/uploads\/2026\/02\/ChatGPT-Image-2026\u5e742\u67084\u65e5-11_32_46-1-300x200.png 300w, https:\/\/www.xiangxiangdaily.com\/wp-content\/uploads\/2026\/02\/ChatGPT-Image-2026\u5e742\u67084\u65e5-11_32_46-1-768x512.png 768w, https:\/\/www.xiangxiangdaily.com\/wp-content\/uploads\/2026\/02\/ChatGPT-Image-2026\u5e742\u67084\u65e5-11_32_46-1-600x400.png 600w, https:\/\/www.xiangxiangdaily.com\/wp-content\/uploads\/2026\/02\/ChatGPT-Image-2026\u5e742\u67084\u65e5-11_32_46-1.png 800w\" sizes=\"(max-width: 300px) 100vw, 300px\" \/><\/div>\r\n\t\t<\/a>\r\n\t\t\t\t<div class=\"elementor-post__text\">\r\n\t\t\t\t<h3 class=\"elementor-post__title\">\r\n\t\t\t<a href=\"https:\/\/www.xiangxiangdaily.com\/it\/how-to-choose-a-soap-bar-oem-factory\/\" >\r\n\t\t\t\tCome scegliere la fabbrica OEM di saponette\t\t\t<\/a>\r\n\t\t<\/h3>\r\n\t\t\t\t<div class=\"elementor-post__meta-data\">\r\n\t\t\t\t\t<span class=\"elementor-post-date\">\r\n\t\t\t4 Febbraio 2026\t\t<\/span>\r\n\t\t\t\t<span class=\"elementor-post-avatar\">\r\n\t\t\tNessun commento\t\t<\/span>\r\n\t\t\t\t<\/div>\r\n\t\t\t\t<div class=\"elementor-post__excerpt\">\r\n\t\t\t<p>Scopri come scegliere una fabbrica OEM di saponette per il tuo marchio, cosa controllare nei fornitori e perch\u00e9 Xiangxiang Daily \u00e8 un partner OEM\/ODM di fiducia.<\/p>\n\t\t<\/div>\r\n\t\t\r\n\t\t<a class=\"elementor-post__read-more\" href=\"https:\/\/www.xiangxiangdaily.com\/it\/how-to-choose-a-soap-bar-oem-factory\/\" aria-label=\"Read more about Come scegliere la fabbrica OEM di saponette\" tabindex=\"-1\" >\r\n\t\t\tContinua a leggere \"\t\t<\/a>\r\n\r\n\t\t\t\t<\/div>\r\n\t\t\t\t<\/article>\r\n\t\t\t\t<article class=\"elementor-post elementor-grid-item post-91281 post type-post status-publish format-standard has-post-thumbnail hentry category-nuovo\" role=\"listitem\">\r\n\t\t\t\t<a class=\"elementor-post__thumbnail__link\" href=\"https:\/\/www.xiangxiangdaily.com\/it\/how-to-choose-a-hair-care-manufacturer\/\" tabindex=\"-1\" >\r\n\t\t\t<div class=\"elementor-post__thumbnail\"><img decoding=\"async\" width=\"300\" height=\"200\" src=\"https:\/\/www.xiangxiangdaily.com\/wp-content\/uploads\/2026\/02\/ChatGPT-Image-2026\u5e742\u67082\u65e5-15_05_52-1-300x200.png\" class=\"attachment-medium size-medium wp-image-91257\" alt=\"\" srcset=\"https:\/\/www.xiangxiangdaily.com\/wp-content\/uploads\/2026\/02\/ChatGPT-Image-2026\u5e742\u67082\u65e5-15_05_52-1-300x200.png 300w, https:\/\/www.xiangxiangdaily.com\/wp-content\/uploads\/2026\/02\/ChatGPT-Image-2026\u5e742\u67082\u65e5-15_05_52-1-768x512.png 768w, https:\/\/www.xiangxiangdaily.com\/wp-content\/uploads\/2026\/02\/ChatGPT-Image-2026\u5e742\u67082\u65e5-15_05_52-1-600x400.png 600w, https:\/\/www.xiangxiangdaily.com\/wp-content\/uploads\/2026\/02\/ChatGPT-Image-2026\u5e742\u67082\u65e5-15_05_52-1.png 800w\" sizes=\"(max-width: 300px) 100vw, 300px\" \/><\/div>\r\n\t\t<\/a>\r\n\t\t\t\t<div class=\"elementor-post__text\">\r\n\t\t\t\t<h3 class=\"elementor-post__title\">\r\n\t\t\t<a href=\"https:\/\/www.xiangxiangdaily.com\/it\/how-to-choose-a-hair-care-manufacturer\/\" >\r\n\t\t\t\tCome scegliere un produttore di prodotti per capelli\t\t\t<\/a>\r\n\t\t<\/h3>\r\n\t\t\t\t<div class=\"elementor-post__meta-data\">\r\n\t\t\t\t\t<span class=\"elementor-post-date\">\r\n\t\t\t2 Febbraio 2026\t\t<\/span>\r\n\t\t\t\t<span class=\"elementor-post-avatar\">\r\n\t\t\tNessun commento\t\t<\/span>\r\n\t\t\t\t<\/div>\r\n\t\t\t\t<div class=\"elementor-post__excerpt\">\r\n\t\t\t<p>Scopri come scegliere il produttore di prodotti per la cura dei capelli pi\u00f9 adatto al tuo marchio e scopri perch\u00e9 Xiangxiang Daily \u00e8 un partner OEM\/ODM di fiducia per i mercati globali.<\/p>\n\t\t<\/div>\r\n\t\t\r\n\t\t<a class=\"elementor-post__read-more\" href=\"https:\/\/www.xiangxiangdaily.com\/it\/how-to-choose-a-hair-care-manufacturer\/\" aria-label=\"Read more about Come scegliere un produttore di prodotti per capelli\" tabindex=\"-1\" >\r\n\t\t\tContinua a leggere \"\t\t<\/a>\r\n\r\n\t\t\t\t<\/div>\r\n\t\t\t\t<\/article>\r\n\t\t\t\t<article class=\"elementor-post elementor-grid-item post-91167 post type-post status-publish format-standard has-post-thumbnail hentry category-nuovo\" role=\"listitem\">\r\n\t\t\t\t<a class=\"elementor-post__thumbnail__link\" href=\"https:\/\/www.xiangxiangdaily.com\/it\/leading-facial-serum-suppliers-for-your-brand\/\" tabindex=\"-1\" >\r\n\t\t\t<div class=\"elementor-post__thumbnail\"><img loading=\"lazy\" decoding=\"async\" width=\"300\" height=\"200\" src=\"https:\/\/www.xiangxiangdaily.com\/wp-content\/uploads\/2026\/01\/ChatGPT-Image-2026\u5e741\u670830\u65e5-15_23_43-1-300x200.png\" class=\"attachment-medium size-medium wp-image-91156\" alt=\"\" srcset=\"https:\/\/www.xiangxiangdaily.com\/wp-content\/uploads\/2026\/01\/ChatGPT-Image-2026\u5e741\u670830\u65e5-15_23_43-1-300x200.png 300w, https:\/\/www.xiangxiangdaily.com\/wp-content\/uploads\/2026\/01\/ChatGPT-Image-2026\u5e741\u670830\u65e5-15_23_43-1-768x512.png 768w, https:\/\/www.xiangxiangdaily.com\/wp-content\/uploads\/2026\/01\/ChatGPT-Image-2026\u5e741\u670830\u65e5-15_23_43-1-600x400.png 600w, https:\/\/www.xiangxiangdaily.com\/wp-content\/uploads\/2026\/01\/ChatGPT-Image-2026\u5e741\u670830\u65e5-15_23_43-1.png 800w\" sizes=\"(max-width: 300px) 100vw, 300px\" \/><\/div>\r\n\t\t<\/a>\r\n\t\t\t\t<div class=\"elementor-post__text\">\r\n\t\t\t\t<h3 class=\"elementor-post__title\">\r\n\t\t\t<a href=\"https:\/\/www.xiangxiangdaily.com\/it\/leading-facial-serum-suppliers-for-your-brand\/\" >\r\n\t\t\t\tI principali fornitori di siero per il viso per il tuo marchio\t\t\t<\/a>\r\n\t\t<\/h3>\r\n\t\t\t\t<div class=\"elementor-post__meta-data\">\r\n\t\t\t\t\t<span class=\"elementor-post-date\">\r\n\t\t\t30 Gennaio 2026\t\t<\/span>\r\n\t\t\t\t<span class=\"elementor-post-avatar\">\r\n\t\t\tNessun commento\t\t<\/span>\r\n\t\t\t\t<\/div>\r\n\t\t\t\t<div class=\"elementor-post__excerpt\">\r\n\t\t\t<p>\"Scopri i migliori fornitori di siero per il viso per il tuo marchio privato. Scopri cosa considerare nella scelta di un fornitore e perch\u00e9 Xiangxiang Daily si distingue.\"<\/p>\n\t\t<\/div>\r\n\t\t\r\n\t\t<a class=\"elementor-post__read-more\" href=\"https:\/\/www.xiangxiangdaily.com\/it\/leading-facial-serum-suppliers-for-your-brand\/\" aria-label=\"Read more about I principali fornitori di siero per il viso per il tuo marchio\" tabindex=\"-1\" >\r\n\t\t\tContinua a leggere \"\t\t<\/a>\r\n\r\n\t\t\t\t<\/div>\r\n\t\t\t\t<\/article>\r\n\t\t\t\t<article class=\"elementor-post elementor-grid-item post-91080 post type-post status-publish format-standard has-post-thumbnail hentry category-nuovo\" role=\"listitem\">\r\n\t\t\t\t<a class=\"elementor-post__thumbnail__link\" href=\"https:\/\/www.xiangxiangdaily.com\/it\/top-10-skin-care-product-suppliers-in-malaysia\/\" tabindex=\"-1\" >\r\n\t\t\t<div class=\"elementor-post__thumbnail\"><img loading=\"lazy\" decoding=\"async\" width=\"300\" height=\"200\" src=\"https:\/\/www.xiangxiangdaily.com\/wp-content\/uploads\/2026\/01\/Top-10-Skin-Care-Product-Suppliers-in-Malaysia-300x200.jpg\" class=\"attachment-medium size-medium wp-image-91113\" alt=\"I 10 migliori fornitori di prodotti per la cura della pelle in Malesia\" srcset=\"https:\/\/www.xiangxiangdaily.com\/wp-content\/uploads\/2026\/01\/Top-10-Skin-Care-Product-Suppliers-in-Malaysia-300x200.jpg 300w, https:\/\/www.xiangxiangdaily.com\/wp-content\/uploads\/2026\/01\/Top-10-Skin-Care-Product-Suppliers-in-Malaysia-768x512.jpg 768w, https:\/\/www.xiangxiangdaily.com\/wp-content\/uploads\/2026\/01\/Top-10-Skin-Care-Product-Suppliers-in-Malaysia-600x400.jpg 600w, https:\/\/www.xiangxiangdaily.com\/wp-content\/uploads\/2026\/01\/Top-10-Skin-Care-Product-Suppliers-in-Malaysia.jpg 800w\" sizes=\"(max-width: 300px) 100vw, 300px\" \/><\/div>\r\n\t\t<\/a>\r\n\t\t\t\t<div class=\"elementor-post__text\">\r\n\t\t\t\t<h3 class=\"elementor-post__title\">\r\n\t\t\t<a href=\"https:\/\/www.xiangxiangdaily.com\/it\/top-10-skin-care-product-suppliers-in-malaysia\/\" >\r\n\t\t\t\tI 10 migliori fornitori di prodotti per la cura della pelle in Malesia\t\t\t<\/a>\r\n\t\t<\/h3>\r\n\t\t\t\t<div class=\"elementor-post__meta-data\">\r\n\t\t\t\t\t<span class=\"elementor-post-date\">\r\n\t\t\t14 Gennaio 2026\t\t<\/span>\r\n\t\t\t\t<span class=\"elementor-post-avatar\">\r\n\t\t\tNessun commento\t\t<\/span>\r\n\t\t\t\t<\/div>\r\n\t\t\t\t<div class=\"elementor-post__excerpt\">\r\n\t\t\t<p>I 10 migliori fornitori di prodotti per la cura della pelle in Malesia. Scopri produttori OEM\/ODM affidabili, guidati da Xiangxiang Daily, per brand di bellezza globali. <\/p>\n\t\t<\/div>\r\n\t\t\r\n\t\t<a class=\"elementor-post__read-more\" href=\"https:\/\/www.xiangxiangdaily.com\/it\/top-10-skin-care-product-suppliers-in-malaysia\/\" aria-label=\"Read more about I 10 migliori fornitori di prodotti per la cura della pelle in Malesia\" tabindex=\"-1\" >\r\n\t\t\tContinua a leggere \"\t\t<\/a>\r\n\r\n\t\t\t\t<\/div>\r\n\t\t\t\t<\/article>\r\n\t\t\t\t<article class=\"elementor-post elementor-grid-item post-90932 post type-post status-publish format-standard has-post-thumbnail hentry category-nuovo\" role=\"listitem\">\r\n\t\t\t\t<a class=\"elementor-post__thumbnail__link\" href=\"https:\/\/www.xiangxiangdaily.com\/it\/how-to-build-your-own-skincare-brand-in-2026\/\" tabindex=\"-1\" >\r\n\t\t\t<div class=\"elementor-post__thumbnail\"><img loading=\"lazy\" decoding=\"async\" width=\"300\" height=\"200\" src=\"https:\/\/www.xiangxiangdaily.com\/wp-content\/uploads\/2025\/12\/Skincare-brand-development-guide-300x200.jpg\" class=\"attachment-medium size-medium wp-image-90914\" alt=\"\" srcset=\"https:\/\/www.xiangxiangdaily.com\/wp-content\/uploads\/2025\/12\/Skincare-brand-development-guide-300x200.jpg 300w, https:\/\/www.xiangxiangdaily.com\/wp-content\/uploads\/2025\/12\/Skincare-brand-development-guide-768x512.jpg 768w, https:\/\/www.xiangxiangdaily.com\/wp-content\/uploads\/2025\/12\/Skincare-brand-development-guide-600x400.jpg 600w, https:\/\/www.xiangxiangdaily.com\/wp-content\/uploads\/2025\/12\/Skincare-brand-development-guide.jpg 800w\" sizes=\"(max-width: 300px) 100vw, 300px\" \/><\/div>\r\n\t\t<\/a>\r\n\t\t\t\t<div class=\"elementor-post__text\">\r\n\t\t\t\t<h3 class=\"elementor-post__title\">\r\n\t\t\t<a href=\"https:\/\/www.xiangxiangdaily.com\/it\/how-to-build-your-own-skincare-brand-in-2026\/\" >\r\n\t\t\t\tCome creare il tuo marchio di prodotti per la cura della pelle nel 2026\t\t\t<\/a>\r\n\t\t<\/h3>\r\n\t\t\t\t<div class=\"elementor-post__meta-data\">\r\n\t\t\t\t\t<span class=\"elementor-post-date\">\r\n\t\t\t17 Dicembre 2025\t\t<\/span>\r\n\t\t\t\t<span class=\"elementor-post-avatar\">\r\n\t\t\tNessun commento\t\t<\/span>\r\n\t\t\t\t<\/div>\r\n\t\t\t\t<div class=\"elementor-post__excerpt\">\r\n\t\t\t<p>Una guida professionale per il 2026 che copre la creazione di un marchio di prodotti per la cura della pelle, lo sviluppo del prodotto, il confezionamento, la conformit\u00e0, la produzione e la strategia go-to-market.<\/p>\n\t\t<\/div>\r\n\t\t\r\n\t\t<a class=\"elementor-post__read-more\" href=\"https:\/\/www.xiangxiangdaily.com\/it\/how-to-build-your-own-skincare-brand-in-2026\/\" aria-label=\"Read more about Come creare il tuo marchio di prodotti per la cura della pelle nel 2026\" tabindex=\"-1\" >\r\n\t\t\tContinua a leggere \"\t\t<\/a>\r\n\r\n\t\t\t\t<\/div>\r\n\t\t\t\t<\/article>\r\n\t\t\t\t<article class=\"elementor-post elementor-grid-item post-90901 post type-post status-publish format-standard has-post-thumbnail hentry category-nuovo\" role=\"listitem\">\r\n\t\t\t\t<a class=\"elementor-post__thumbnail__link\" href=\"https:\/\/www.xiangxiangdaily.com\/it\/cambodian-shampoo-packaging-and-design-features\/\" tabindex=\"-1\" >\r\n\t\t\t<div class=\"elementor-post__thumbnail\"><img loading=\"lazy\" decoding=\"async\" width=\"300\" height=\"200\" src=\"https:\/\/www.xiangxiangdaily.com\/wp-content\/uploads\/2025\/12\/Natural-Inspired-Design-Trends-in-Cambodia-Shampoo-300x200.jpg\" class=\"attachment-medium size-medium wp-image-90870\" alt=\"Tendenze di design di ispirazione naturale nello shampoo per la Cambogia\" srcset=\"https:\/\/www.xiangxiangdaily.com\/wp-content\/uploads\/2025\/12\/Natural-Inspired-Design-Trends-in-Cambodia-Shampoo-300x200.jpg 300w, https:\/\/www.xiangxiangdaily.com\/wp-content\/uploads\/2025\/12\/Natural-Inspired-Design-Trends-in-Cambodia-Shampoo-768x512.jpg 768w, https:\/\/www.xiangxiangdaily.com\/wp-content\/uploads\/2025\/12\/Natural-Inspired-Design-Trends-in-Cambodia-Shampoo-600x400.jpg 600w, https:\/\/www.xiangxiangdaily.com\/wp-content\/uploads\/2025\/12\/Natural-Inspired-Design-Trends-in-Cambodia-Shampoo.jpg 800w\" sizes=\"(max-width: 300px) 100vw, 300px\" \/><\/div>\r\n\t\t<\/a>\r\n\t\t\t\t<div class=\"elementor-post__text\">\r\n\t\t\t\t<h3 class=\"elementor-post__title\">\r\n\t\t\t<a href=\"https:\/\/www.xiangxiangdaily.com\/it\/cambodian-shampoo-packaging-and-design-features\/\" >\r\n\t\t\t\tCaratteristiche del packaging e del design dello shampoo cambogiano\t\t\t<\/a>\r\n\t\t<\/h3>\r\n\t\t\t\t<div class=\"elementor-post__meta-data\">\r\n\t\t\t\t\t<span class=\"elementor-post-date\">\r\n\t\t\t10 Dicembre 2025\t\t<\/span>\r\n\t\t\t\t<span class=\"elementor-post-avatar\">\r\n\t\t\tNessun commento\t\t<\/span>\r\n\t\t\t\t<\/div>\r\n\t\t\t\t<div class=\"elementor-post__excerpt\">\r\n\t\t\t<p>Uno sguardo approfondito alle confezioni di shampoo cambogiane, dalle regole di etichettatura Khmer alle immagini culturali, ai colori e alle tendenze ecologiche che caratterizzano il design dei prodotti per capelli.<\/p>\n\t\t<\/div>\r\n\t\t\r\n\t\t<a class=\"elementor-post__read-more\" href=\"https:\/\/www.xiangxiangdaily.com\/it\/cambodian-shampoo-packaging-and-design-features\/\" aria-label=\"Read more about Caratteristiche del packaging e del design dello shampoo cambogiano\" tabindex=\"-1\" >\r\n\t\t\tContinua a leggere \"\t\t<\/a>\r\n\r\n\t\t\t\t<\/div>\r\n\t\t\t\t<\/article>\r\n\t\t\t\t<article class=\"elementor-post elementor-grid-item post-90855 post type-post status-publish format-standard has-post-thumbnail hentry category-nuovo\" role=\"listitem\">\r\n\t\t\t\t<a class=\"elementor-post__thumbnail__link\" href=\"https:\/\/www.xiangxiangdaily.com\/it\/nigeria-hair-care-market-size-growth-and-trends\/\" tabindex=\"-1\" >\r\n\t\t\t<div class=\"elementor-post__thumbnail\"><img loading=\"lazy\" decoding=\"async\" width=\"300\" height=\"200\" src=\"https:\/\/www.xiangxiangdaily.com\/wp-content\/uploads\/2025\/11\/Nigeria-Hair-Care-Opportunities-for-New-Brands-300x200.jpg\" class=\"attachment-medium size-medium wp-image-90827\" alt=\"Opportunit\u00e0 di cura dei capelli in Nigeria per i nuovi marchi\" srcset=\"https:\/\/www.xiangxiangdaily.com\/wp-content\/uploads\/2025\/11\/Nigeria-Hair-Care-Opportunities-for-New-Brands-300x200.jpg 300w, https:\/\/www.xiangxiangdaily.com\/wp-content\/uploads\/2025\/11\/Nigeria-Hair-Care-Opportunities-for-New-Brands-768x512.jpg 768w, https:\/\/www.xiangxiangdaily.com\/wp-content\/uploads\/2025\/11\/Nigeria-Hair-Care-Opportunities-for-New-Brands-600x400.jpg 600w, https:\/\/www.xiangxiangdaily.com\/wp-content\/uploads\/2025\/11\/Nigeria-Hair-Care-Opportunities-for-New-Brands.jpg 800w\" sizes=\"(max-width: 300px) 100vw, 300px\" \/><\/div>\r\n\t\t<\/a>\r\n\t\t\t\t<div class=\"elementor-post__text\">\r\n\t\t\t\t<h3 class=\"elementor-post__title\">\r\n\t\t\t<a href=\"https:\/\/www.xiangxiangdaily.com\/it\/nigeria-hair-care-market-size-growth-and-trends\/\" >\r\n\t\t\t\tCrescita e tendenze del mercato della cura dei capelli in Nigeria\t\t\t<\/a>\r\n\t\t<\/h3>\r\n\t\t\t\t<div class=\"elementor-post__meta-data\">\r\n\t\t\t\t\t<span class=\"elementor-post-date\">\r\n\t\t\t25 Novembre 2025\t\t<\/span>\r\n\t\t\t\t<span class=\"elementor-post-avatar\">\r\n\t\t\tNessun commento\t\t<\/span>\r\n\t\t\t\t<\/div>\r\n\t\t\t\t<div class=\"elementor-post__excerpt\">\r\n\t\t\t<p>Un&#8217;analisi aggiornata del mercato nigeriano dei prodotti per la cura dei capelli, che copre le dimensioni, i fattori di crescita, le tendenze dei consumatori, i canali, la concorrenza, le normative e le principali opportunit\u00e0 per i marchi.<\/p>\n\t\t<\/div>\r\n\t\t\r\n\t\t<a class=\"elementor-post__read-more\" href=\"https:\/\/www.xiangxiangdaily.com\/it\/nigeria-hair-care-market-size-growth-and-trends\/\" aria-label=\"Read more about Crescita e tendenze del mercato della cura dei capelli in Nigeria\" tabindex=\"-1\" >\r\n\t\t\tContinua a leggere \"\t\t<\/a>\r\n\r\n\t\t\t\t<\/div>\r\n\t\t\t\t<\/article>\r\n\t\t\t\t<article class=\"elementor-post elementor-grid-item post-90794 post type-post status-publish format-standard has-post-thumbnail hentry category-nuovo\" role=\"listitem\">\r\n\t\t\t\t<a class=\"elementor-post__thumbnail__link\" href=\"https:\/\/www.xiangxiangdaily.com\/it\/how-much-budget-you-need-to-start-a-skincare-brand\/\" tabindex=\"-1\" >\r\n\t\t\t<div class=\"elementor-post__thumbnail\"><img loading=\"lazy\" decoding=\"async\" width=\"300\" height=\"200\" src=\"https:\/\/www.xiangxiangdaily.com\/wp-content\/uploads\/2025\/11\/Startup-Costs-for-Launching-Your-Own-Skincare-Line-300x200.jpg\" class=\"attachment-medium size-medium wp-image-90777\" alt=\"Costi di avvio per il lancio della tua linea di prodotti per la cura della pelle\" srcset=\"https:\/\/www.xiangxiangdaily.com\/wp-content\/uploads\/2025\/11\/Startup-Costs-for-Launching-Your-Own-Skincare-Line-300x200.jpg 300w, https:\/\/www.xiangxiangdaily.com\/wp-content\/uploads\/2025\/11\/Startup-Costs-for-Launching-Your-Own-Skincare-Line-768x512.jpg 768w, https:\/\/www.xiangxiangdaily.com\/wp-content\/uploads\/2025\/11\/Startup-Costs-for-Launching-Your-Own-Skincare-Line-600x400.jpg 600w, https:\/\/www.xiangxiangdaily.com\/wp-content\/uploads\/2025\/11\/Startup-Costs-for-Launching-Your-Own-Skincare-Line.jpg 800w\" sizes=\"(max-width: 300px) 100vw, 300px\" \/><\/div>\r\n\t\t<\/a>\r\n\t\t\t\t<div class=\"elementor-post__text\">\r\n\t\t\t\t<h3 class=\"elementor-post__title\">\r\n\t\t\t<a href=\"https:\/\/www.xiangxiangdaily.com\/it\/how-much-budget-you-need-to-start-a-skincare-brand\/\" >\r\n\t\t\t\tQuanto budget ti serve per avviare un marchio di prodotti per la cura della pelle?\t\t\t<\/a>\r\n\t\t<\/h3>\r\n\t\t\t\t<div class=\"elementor-post__meta-data\">\r\n\t\t\t\t\t<span class=\"elementor-post-date\">\r\n\t\t\t17 Novembre 2025\t\t<\/span>\r\n\t\t\t\t<span class=\"elementor-post-avatar\">\r\n\t\t\tNessun commento\t\t<\/span>\r\n\t\t\t\t<\/div>\r\n\t\t\t\t<div class=\"elementor-post__excerpt\">\r\n\t\t\t<p>Scopri il costo reale dell&#8217;avvio di una linea di prodotti per la cura della pelle: formule, MOQ, packaging, test, branding e marketing.<\/p>\n\t\t<\/div>\r\n\t\t\r\n\t\t<a class=\"elementor-post__read-more\" href=\"https:\/\/www.xiangxiangdaily.com\/it\/how-much-budget-you-need-to-start-a-skincare-brand\/\" aria-label=\"Read more about Quanto budget ti serve per avviare un marchio di prodotti per la cura della pelle?\" tabindex=\"-1\" >\r\n\t\t\tContinua a leggere \"\t\t<\/a>\r\n\r\n\t\t\t\t<\/div>\r\n\t\t\t\t<\/article>\r\n\t\t\t\t<\/div>\r\n\t\t\r\n\t\t\t\t<div class=\"e-load-more-anchor\" data-page=\"1\" data-max-page=\"21\" data-next-page=\"https:\/\/www.xiangxiangdaily.com\/it\/wp-json\/wp\/v2\/pages\/33192\/page\/2\/\"><\/div>\r\n\t\t\t\t<nav class=\"elementor-pagination\" aria-label=\"Pagination\">\r\n\t\t\t<span class=\"page-numbers prev\">\" Precedente<\/span>\n<span aria-current=\"page\" class=\"page-numbers current\"><span class=\"elementor-screen-only\">Pagina<\/span>1<\/span>\n<a class=\"page-numbers\" href=\"https:\/\/www.xiangxiangdaily.com\/it\/wp-json\/wp\/v2\/pages\/33192\/page\/2\/\"><span class=\"elementor-screen-only\">Pagina<\/span>2<\/a>\n<a class=\"page-numbers\" href=\"https:\/\/www.xiangxiangdaily.com\/it\/wp-json\/wp\/v2\/pages\/33192\/page\/3\/\"><span class=\"elementor-screen-only\">Pagina<\/span>3<\/a>\n<a class=\"page-numbers\" href=\"https:\/\/www.xiangxiangdaily.com\/it\/wp-json\/wp\/v2\/pages\/33192\/page\/4\/\"><span class=\"elementor-screen-only\">Pagina<\/span>4<\/a>\n<a class=\"page-numbers\" href=\"https:\/\/www.xiangxiangdaily.com\/it\/wp-json\/wp\/v2\/pages\/33192\/page\/5\/\"><span class=\"elementor-screen-only\">Pagina<\/span>5<\/a>\n<a class=\"page-numbers next\" href=\"https:\/\/www.xiangxiangdaily.com\/it\/wp-json\/wp\/v2\/pages\/33192\/page\/2\/\">Successivo \"<\/a>\t\t<\/nav>\r\n\t\t\t\t\t\t<\/div>\n\t\t\t\t<\/div>\n\t\t\t\t\t<\/div>\n\t\t\t\t<\/div>\n\t\t\t\t<\/div>\n\t\t","protected":false},"excerpt":{"rendered":"<p>Ti teniamo aggiornato sulle ultime tendenze, notizie e sviluppi del settore, in modo che tu possa essere sempre un passo avanti.<\/p>\n","protected":false},"author":1,"featured_media":0,"parent":0,"menu_order":0,"comment_status":"closed","ping_status":"closed","template":"elementor_theme","meta":{"_acf_changed":false,"footnotes":""},"class_list":["post-33192","page","type-page","status-publish","hentry"],"acf":[],"_links":{"self":[{"href":"https:\/\/www.xiangxiangdaily.com\/it\/wp-json\/wp\/v2\/pages\/33192","targetHints":{"allow":["GET"]}}],"collection":[{"href":"https:\/\/www.xiangxiangdaily.com\/it\/wp-json\/wp\/v2\/pages"}],"about":[{"href":"https:\/\/www.xiangxiangdaily.com\/it\/wp-json\/wp\/v2\/types\/page"}],"author":[{"embeddable":true,"href":"https:\/\/www.xiangxiangdaily.com\/it\/wp-json\/wp\/v2\/users\/1"}],"replies":[{"embeddable":true,"href":"https:\/\/www.xiangxiangdaily.com\/it\/wp-json\/wp\/v2\/comments?post=33192"}],"version-history":[{"count":0,"href":"https:\/\/www.xiangxiangdaily.com\/it\/wp-json\/wp\/v2\/pages\/33192\/revisions"}],"wp:attachment":[{"href":"https:\/\/www.xiangxiangdaily.com\/it\/wp-json\/wp\/v2\/media?parent=33192"}],"curies":[{"name":"wp","href":"https:\/\/api.w.org\/{rel}","templated":true}]}}