{"id":33407,"date":"2023-01-12T10:12:59","date_gmt":"2023-01-12T02:12:59","guid":{"rendered":"https:\/\/www.xiangxiangdaily.com\/leadership\/"},"modified":"2026-03-17T14:31:11","modified_gmt":"2026-03-17T06:31:11","slug":"leadership","status":"publish","type":"page","link":"https:\/\/www.xiangxiangdaily.com\/it\/leadership\/","title":{"rendered":"Leadership"},"content":{"rendered":"\t\t<div data-elementor-type=\"wp-page\" data-elementor-id=\"33407\" class=\"elementor elementor-33407 elementor-3420\" data-elementor-post-type=\"page\">\n\t\t\t\t<div class=\"elementor-element elementor-element-6397af38 e-flex e-con-boxed e-con e-parent\" data-id=\"6397af38\" data-element_type=\"container\" data-e-type=\"container\" data-settings=\"{&quot;background_background&quot;:&quot;classic&quot;}\">\n\t\t\t\t\t<div class=\"e-con-inner\">\n\t\t\t\t<div class=\"elementor-element elementor-element-43f01f24 elementor-widget elementor-widget-heading\" data-id=\"43f01f24\" data-element_type=\"widget\" data-e-type=\"widget\" data-widget_type=\"heading.default\">\n\t\t\t\t<div class=\"elementor-widget-container\">\n\t\t\t\t\t<h1 class=\"elementor-heading-title elementor-size-default\">Leadership<\/h1>\t\t\t\t<\/div>\n\t\t\t\t<\/div>\n\t\t\t\t<div class=\"elementor-element elementor-element-2f2a3c9f elementor-widget elementor-widget-heading\" data-id=\"2f2a3c9f\" data-element_type=\"widget\" data-e-type=\"widget\" data-widget_type=\"heading.default\">\n\t\t\t\t<div class=\"elementor-widget-container\">\n\t\t\t\t\t<p class=\"elementor-heading-title elementor-size-default\">Il team dirigenziale di Xiangxiang d\u00e0 l'esempio, dimostrando le qualit\u00e0 che contraddistinguono i nostri dipendenti: integrit\u00e0, competenza e impegno nel servire i nostri clienti con eccellenza.<\/p>\t\t\t\t<\/div>\n\t\t\t\t<\/div>\n\t\t\t\t<div class=\"elementor-element elementor-element-f6f0186 elementor-widget elementor-widget-breadcrumbs\" data-id=\"f6f0186\" data-element_type=\"widget\" data-e-type=\"widget\" data-widget_type=\"breadcrumbs.default\">\n\t\t\t\t<div class=\"elementor-widget-container\">\n\t\t\t\t\t<nav><span class=\"last\">Casa<\/span><\/nav>\t\t\t\t<\/div>\n\t\t\t\t<\/div>\n\t\t\t\t\t<\/div>\n\t\t\t\t<\/div>\n\t\t<div class=\"elementor-element elementor-element-03b9a7e e-flex e-con-boxed e-con e-parent\" data-id=\"03b9a7e\" data-element_type=\"container\" data-e-type=\"container\" data-settings=\"{&quot;background_background&quot;:&quot;classic&quot;}\">\n\t\t\t\t\t<div class=\"e-con-inner\">\n\t\t\t\t<div class=\"elementor-element elementor-element-2a97e8b elementor-widget elementor-widget-heading\" data-id=\"2a97e8b\" data-element_type=\"widget\" data-e-type=\"widget\" data-widget_type=\"heading.default\">\n\t\t\t\t<div class=\"elementor-widget-container\">\n\t\t\t\t\t<h2 class=\"elementor-heading-title elementor-size-default\">Scopri i volti che si celano dietro il successo di Xiangxiang<\/h2>\t\t\t\t<\/div>\n\t\t\t\t<\/div>\n\t\t<div class=\"elementor-element elementor-element-a987817 e-flex e-con-boxed e-con e-child\" data-id=\"a987817\" data-element_type=\"container\" data-e-type=\"container\">\n\t\t\t\t\t<div class=\"e-con-inner\">\n\t\t\t\t<div class=\"elementor-element elementor-element-e1858a3 elementor-widget-divider--view-line elementor-widget elementor-widget-divider\" data-id=\"e1858a3\" data-element_type=\"widget\" data-e-type=\"widget\" data-widget_type=\"divider.default\">\n\t\t\t\t<div class=\"elementor-widget-container\">\n\t\t\t\t\t\t\t<div class=\"elementor-divider\">\n\t\t\t<span class=\"elementor-divider-separator\">\n\t\t\t\t\t\t<\/span>\n\t\t<\/div>\n\t\t\t\t\t\t<\/div>\n\t\t\t\t<\/div>\n\t\t\t\t<div class=\"elementor-element elementor-element-8360d4a elementor-view-default elementor-widget elementor-widget-icon\" data-id=\"8360d4a\" data-element_type=\"widget\" data-e-type=\"widget\" data-widget_type=\"icon.default\">\n\t\t\t\t<div class=\"elementor-widget-container\">\n\t\t\t\t\t\t\t<div class=\"elementor-icon-wrapper\">\n\t\t\t<div class=\"elementor-icon\">\n\t\t\t<i aria-hidden=\"true\" class=\"fas fa-star\"><\/i>\t\t\t<\/div>\n\t\t<\/div>\n\t\t\t\t\t\t<\/div>\n\t\t\t\t<\/div>\n\t\t\t\t<div class=\"elementor-element elementor-element-d0f75a7 elementor-widget-divider--view-line elementor-widget elementor-widget-divider\" data-id=\"d0f75a7\" data-element_type=\"widget\" data-e-type=\"widget\" data-widget_type=\"divider.default\">\n\t\t\t\t<div class=\"elementor-widget-container\">\n\t\t\t\t\t\t\t<div class=\"elementor-divider\">\n\t\t\t<span class=\"elementor-divider-separator\">\n\t\t\t\t\t\t<\/span>\n\t\t<\/div>\n\t\t\t\t\t\t<\/div>\n\t\t\t\t<\/div>\n\t\t\t\t\t<\/div>\n\t\t\t\t<\/div>\n\t\t\t\t<div class=\"elementor-element elementor-element-75bfd3f elementor-widget elementor-widget-heading\" data-id=\"75bfd3f\" data-element_type=\"widget\" data-e-type=\"widget\" data-widget_type=\"heading.default\">\n\t\t\t\t<div class=\"elementor-widget-container\">\n\t\t\t\t\t<p class=\"elementor-heading-title elementor-size-default\">Il team di leadership di Xiangxiang \u00e8 composto da esperti del settore che hanno una profonda conoscenza dell'industria della cura della persona. Grazie alla loro visione, all'esperienza e all'incrollabile impegno verso l'integrit\u00e0, hanno creato un'azienda che d\u00e0 priorit\u00e0 al successo dei suoi dipendenti e dei suoi clienti.<\/p>\t\t\t\t<\/div>\n\t\t\t\t<\/div>\n\t\t\t\t\t<\/div>\n\t\t\t\t<\/div>\n\t\t<div class=\"elementor-element elementor-element-8b84784 e-flex e-con-boxed e-con e-parent\" data-id=\"8b84784\" data-element_type=\"container\" data-e-type=\"container\">\n\t\t\t\t\t<div class=\"e-con-inner\">\n\t\t\t\t<div class=\"elementor-element elementor-element-d0a8b66 elementor-widget elementor-widget-image\" data-id=\"d0a8b66\" data-element_type=\"widget\" data-e-type=\"widget\" data-widget_type=\"image.default\">\n\t\t\t\t<div class=\"elementor-widget-container\">\n\t\t\t\t\t\t\t\t\t\t\t\t\t\t\t<img fetchpriority=\"high\" decoding=\"async\" width=\"800\" height=\"801\" src=\"https:\/\/www.xiangxiangdaily.com\/wp-content\/uploads\/2023\/12\/Sophia-Li.webp\" class=\"attachment-large size-large wp-image-98868\" alt=\"Sophia Li\" \/>\t\t\t\t\t\t\t\t\t\t\t\t\t\t\t<\/div>\n\t\t\t\t<\/div>\n\t\t<div class=\"elementor-element elementor-element-72f72df e-flex e-con-boxed e-con e-child\" data-id=\"72f72df\" data-element_type=\"container\" data-e-type=\"container\">\n\t\t\t\t\t<div class=\"e-con-inner\">\n\t\t\t\t<div class=\"elementor-element elementor-element-7f91207 elementor-widget elementor-widget-heading\" data-id=\"7f91207\" data-element_type=\"widget\" data-e-type=\"widget\" data-widget_type=\"heading.default\">\n\t\t\t\t<div class=\"elementor-widget-container\">\n\t\t\t\t\t<h2 class=\"elementor-heading-title elementor-size-default\">Sophia Li<\/h2>\t\t\t\t<\/div>\n\t\t\t\t<\/div>\n\t\t\t\t<div class=\"elementor-element elementor-element-8d1744d elementor-widget elementor-widget-heading\" data-id=\"8d1744d\" data-element_type=\"widget\" data-e-type=\"widget\" data-widget_type=\"heading.default\">\n\t\t\t\t<div class=\"elementor-widget-container\">\n\t\t\t\t\t<h4 class=\"elementor-heading-title elementor-size-default\">Presidente<\/h4>\t\t\t\t<\/div>\n\t\t\t\t<\/div>\n\t\t\t\t<div class=\"elementor-element elementor-element-89a4d43 elementor-widget elementor-widget-heading\" data-id=\"89a4d43\" data-element_type=\"widget\" data-e-type=\"widget\" data-widget_type=\"heading.default\">\n\t\t\t\t<div class=\"elementor-widget-container\">\n\t\t\t\t\t<h3 class=\"elementor-heading-title elementor-size-default\">\"La sinergia si crea quando gli individui si uniscono per raggiungere un obiettivo comune\".<\/h3>\t\t\t\t<\/div>\n\t\t\t\t<\/div>\n\t\t\t\t<div class=\"elementor-element elementor-element-55c9c35 elementor-widget elementor-widget-text-editor\" data-id=\"55c9c35\" data-element_type=\"widget\" data-e-type=\"widget\" data-widget_type=\"text-editor.default\">\n\t\t\t\t<div class=\"elementor-widget-container\">\n\t\t\t\t\t\t\t\t\t<p>Prima di questo ruolo, \u00e8 stata un leader impegnato e un mentore di supporto per tutti i dipendenti di Xiangxiang. Oggi, supervisiona lo sviluppo di formulazioni e confezioni innovative <span style=\"text-decoration: underline;\"><a href=\"https:\/\/www.xiangxiangdaily.com\/oemodm-services\/\">formulazioni e design di confezioni<\/a><\/span> per i prodotti per la cura della persona. Sta anche creando una solida catena di approvvigionamento per garantire un servizio ottimale ai nostri clienti e sta guidando la crescita dell&#8217;azienda attraverso fusioni e acquisizioni strategiche.  <\/p>\t\t\t\t\t\t\t\t<\/div>\n\t\t\t\t<\/div>\n\t\t\t\t<div class=\"elementor-element elementor-element-cd64f9f elementor-widget elementor-widget-heading\" data-id=\"cd64f9f\" data-element_type=\"widget\" data-e-type=\"widget\" data-widget_type=\"heading.default\">\n\t\t\t\t<div class=\"elementor-widget-container\">\n\t\t\t\t\t<p class=\"elementor-heading-title elementor-size-default\">In qualit\u00e0 di CEO della nostra <a href=\"https:\/\/www.xiangxiangdaily.com\/guide-to-starting-a-private-label-shampoo-business-2025\/\" title=\"Guida all'avvio di un'attivit\u00e0 di shampoo a marchio privato (2025)\" target=\"_blank\" rel=\"noopener\" class=\"link-whisper\" data-wpil-monitor-id=\"2951\">azienda di prodotti per la cura della persona<\/a>, Sophia si impegna a migliorarne le prestazioni a vantaggio dei nostri clienti, dei dipendenti e della comunit\u00e0 locale. Crede nella produzione sostenibile e nel packaging a valore aggiunto per i cosmetici. Sophia ha una comprovata esperienza come leader di successo, avendo gi\u00e0 ricoperto il ruolo di direttore operativo nel 2012 e svolgendo un ruolo chiave nella crescita della nostra attivit\u00e0 di prodotti per la cura della persona a Guangzhou, nel Guangdong, in Cina.  <\/p>\t\t\t\t<\/div>\n\t\t\t\t<\/div>\n\t\t\t\t\t<\/div>\n\t\t\t\t<\/div>\n\t\t\t\t\t<\/div>\n\t\t\t\t<\/div>\n\t\t<div class=\"elementor-element elementor-element-9796745 e-flex e-con-boxed e-con e-parent\" data-id=\"9796745\" data-element_type=\"container\" data-e-type=\"container\">\n\t\t\t\t\t<div class=\"e-con-inner\">\n\t\t\t\t<div class=\"elementor-element elementor-element-e854484 elementor-widget elementor-widget-image\" data-id=\"e854484\" data-element_type=\"widget\" data-e-type=\"widget\" data-widget_type=\"image.default\">\n\t\t\t\t<div class=\"elementor-widget-container\">\n\t\t\t\t\t\t\t\t\t\t\t\t\t\t\t<img decoding=\"async\" width=\"800\" height=\"799\" src=\"https:\/\/www.xiangxiangdaily.com\/wp-content\/uploads\/2023\/12\/David-Shi.webp\" class=\"attachment-large size-large wp-image-98860\" alt=\"David Shi\" \/>\t\t\t\t\t\t\t\t\t\t\t\t\t\t\t<\/div>\n\t\t\t\t<\/div>\n\t\t<div class=\"elementor-element elementor-element-8934a71 e-flex e-con-boxed e-con e-child\" data-id=\"8934a71\" data-element_type=\"container\" data-e-type=\"container\">\n\t\t\t\t\t<div class=\"e-con-inner\">\n\t\t\t\t<div class=\"elementor-element elementor-element-bfb9894 elementor-widget elementor-widget-heading\" data-id=\"bfb9894\" data-element_type=\"widget\" data-e-type=\"widget\" data-widget_type=\"heading.default\">\n\t\t\t\t<div class=\"elementor-widget-container\">\n\t\t\t\t\t<h2 class=\"elementor-heading-title elementor-size-default\">David Shi<\/h2>\t\t\t\t<\/div>\n\t\t\t\t<\/div>\n\t\t\t\t<div class=\"elementor-element elementor-element-3848381 elementor-widget elementor-widget-heading\" data-id=\"3848381\" data-element_type=\"widget\" data-e-type=\"widget\" data-widget_type=\"heading.default\">\n\t\t\t\t<div class=\"elementor-widget-container\">\n\t\t\t\t\t<p class=\"elementor-heading-title elementor-size-default\">Amministratore delegato<\/p>\t\t\t\t<\/div>\n\t\t\t\t<\/div>\n\t\t\t\t<div class=\"elementor-element elementor-element-2c10e55 elementor-widget elementor-widget-heading\" data-id=\"2c10e55\" data-element_type=\"widget\" data-e-type=\"widget\" data-widget_type=\"heading.default\">\n\t\t\t\t<div class=\"elementor-widget-container\">\n\t\t\t\t\t<h3 class=\"elementor-heading-title elementor-size-default\">\"Xiangxiang crede nel win-win. Non ci concentriamo solo sul successo individuale, ma cerchiamo di ottenere un successo migliore e pi\u00f9 elevato per tutti\".<\/h3>\t\t\t\t<\/div>\n\t\t\t\t<\/div>\n\t\t\t\t<div class=\"elementor-element elementor-element-39728a5 elementor-widget elementor-widget-heading\" data-id=\"39728a5\" data-element_type=\"widget\" data-e-type=\"widget\" data-widget_type=\"heading.default\">\n\t\t\t\t<div class=\"elementor-widget-container\">\n\t\t\t\t\t<p class=\"elementor-heading-title elementor-size-default\">Nel 2018, David \u00e8 diventato CEO di Xiangxiang, avvalendosi di oltre 10 anni di esperienza nella catena di approvvigionamento dell'industria cosmetica e della cura della persona. \u00c8 ampiamente considerato un pioniere nel settore della produzione di domini, con un occhio attento alle tendenze del packaging e del branding e un'acuta comprensione delle esigenze in continua evoluzione dei nostri clienti.<\/p>\t\t\t\t<\/div>\n\t\t\t\t<\/div>\n\t\t\t\t<div class=\"elementor-element elementor-element-557d528 elementor-widget elementor-widget-heading\" data-id=\"557d528\" data-element_type=\"widget\" data-e-type=\"widget\" data-widget_type=\"heading.default\">\n\t\t\t\t<div class=\"elementor-widget-container\">\n\t\t\t\t\t<p class=\"elementor-heading-title elementor-size-default\">David ha trasformato la catena di approvvigionamento di prodotti per la cura della persona di Xiangxiang, stabilendo pratiche di gestione efficienti per garantire una rapida consegna dei prodotti. Come dice lui stesso, la nostra missione \u00e8 fornire prodotti per la cura della persona di alta qualit\u00e0 ai marchi globali e migliorare il valore del loro marchio in ogni modo possibile.<\/p>\t\t\t\t<\/div>\n\t\t\t\t<\/div>\n\t\t\t\t\t<\/div>\n\t\t\t\t<\/div>\n\t\t\t\t\t<\/div>\n\t\t\t\t<\/div>\n\t\t<div class=\"elementor-element elementor-element-b065378 e-flex e-con-boxed e-con e-parent\" data-id=\"b065378\" data-element_type=\"container\" data-e-type=\"container\">\n\t\t\t\t\t<div class=\"e-con-inner\">\n\t\t\t\t<div class=\"elementor-element elementor-element-75fe2bf elementor-widget elementor-widget-image\" data-id=\"75fe2bf\" data-element_type=\"widget\" data-e-type=\"widget\" data-widget_type=\"image.default\">\n\t\t\t\t<div class=\"elementor-widget-container\">\n\t\t\t\t\t\t\t\t\t\t\t\t\t\t\t<img decoding=\"async\" width=\"800\" height=\"800\" src=\"https:\/\/www.xiangxiangdaily.com\/wp-content\/uploads\/2023\/12\/Cindy-Chen.webp\" class=\"attachment-large size-large wp-image-98852\" alt=\"Cindy Chen\" \/>\t\t\t\t\t\t\t\t\t\t\t\t\t\t\t<\/div>\n\t\t\t\t<\/div>\n\t\t<div class=\"elementor-element elementor-element-27b7f86 e-flex e-con-boxed e-con e-child\" data-id=\"27b7f86\" data-element_type=\"container\" data-e-type=\"container\">\n\t\t\t\t\t<div class=\"e-con-inner\">\n\t\t\t\t<div class=\"elementor-element elementor-element-6b1a4db elementor-widget elementor-widget-heading\" data-id=\"6b1a4db\" data-element_type=\"widget\" data-e-type=\"widget\" data-widget_type=\"heading.default\">\n\t\t\t\t<div class=\"elementor-widget-container\">\n\t\t\t\t\t<h2 class=\"elementor-heading-title elementor-size-default\">Cindy Chen<\/h2>\t\t\t\t<\/div>\n\t\t\t\t<\/div>\n\t\t\t\t<div class=\"elementor-element elementor-element-5ff5f30 elementor-widget elementor-widget-heading\" data-id=\"5ff5f30\" data-element_type=\"widget\" data-e-type=\"widget\" data-widget_type=\"heading.default\">\n\t\t\t\t<div class=\"elementor-widget-container\">\n\t\t\t\t\t<p class=\"elementor-heading-title elementor-size-default\">Direttore Generale<\/p>\t\t\t\t<\/div>\n\t\t\t\t<\/div>\n\t\t\t\t<div class=\"elementor-element elementor-element-6dcc58b elementor-widget elementor-widget-heading\" data-id=\"6dcc58b\" data-element_type=\"widget\" data-e-type=\"widget\" data-widget_type=\"heading.default\">\n\t\t\t\t<div class=\"elementor-widget-container\">\n\t\t\t\t\t<h3 class=\"elementor-heading-title elementor-size-default\">\"Dare priorit\u00e0 alla soddisfazione dei clienti \u00e8 la strategia aziendale pi\u00f9 efficace\".<\/h3>\t\t\t\t<\/div>\n\t\t\t\t<\/div>\n\t\t\t\t<div class=\"elementor-element elementor-element-f712298 elementor-widget elementor-widget-heading\" data-id=\"f712298\" data-element_type=\"widget\" data-e-type=\"widget\" data-widget_type=\"heading.default\">\n\t\t\t\t<div class=\"elementor-widget-container\">\n\t\t\t\t\t<p class=\"elementor-heading-title elementor-size-default\">Cindy lavora in azienda da oltre 10 anni e ha ricoperto diverse posizioni, tra cui quella di responsabile vendite, responsabile marketing e responsabile operativo. Ha una profonda conoscenza del settore dei cosmetici per la cura della persona ed \u00e8 una leader di comprovata esperienza nel guidare la crescita e l'innovazione.<\/p>\t\t\t\t<\/div>\n\t\t\t\t<\/div>\n\t\t\t\t<div class=\"elementor-element elementor-element-c0f044b elementor-widget elementor-widget-heading\" data-id=\"c0f044b\" data-element_type=\"widget\" data-e-type=\"widget\" data-widget_type=\"heading.default\">\n\t\t\t\t<div class=\"elementor-widget-container\">\n\t\t\t\t\t<p class=\"elementor-heading-title elementor-size-default\">Cindy \u00e8 una forte sostenitrice della soddisfazione del cliente. Crede che dare priorit\u00e0 alla soddisfazione del cliente sia la strategia aziendale pi\u00f9 efficace. Si impegna a fornire ai clienti i migliori prodotti e servizi possibili ed \u00e8 sempre alla ricerca di nuovi modi per migliorare l'esperienza dei clienti.<\/p>\t\t\t\t<\/div>\n\t\t\t\t<\/div>\n\t\t\t\t\t<\/div>\n\t\t\t\t<\/div>\n\t\t\t\t\t<\/div>\n\t\t\t\t<\/div>\n\t\t\t\t<\/div>\n\t\t","protected":false},"excerpt":{"rendered":"<p>Leadership Il team dirigenziale di Xiangxiang d\u00e0 l&#8217;esempio, dimostrando le qualit\u00e0 che contraddistinguono i nostri dipendenti: integrit\u00e0, competenza e impegno nel servire i nostri clienti con eccellenza. Home Scopri i volti che si celano dietro il successo di Xiangxiang Il team di leadership di Xiangxiang \u00e8 composto da esperti del settore che hanno una profonda [&hellip;]<\/p>\n","protected":false},"author":1,"featured_media":33409,"parent":0,"menu_order":0,"comment_status":"closed","ping_status":"closed","template":"","meta":{"_acf_changed":false,"footnotes":""},"class_list":["post-33407","page","type-page","status-publish","has-post-thumbnail","hentry"],"acf":[],"_links":{"self":[{"href":"https:\/\/www.xiangxiangdaily.com\/it\/wp-json\/wp\/v2\/pages\/33407","targetHints":{"allow":["GET"]}}],"collection":[{"href":"https:\/\/www.xiangxiangdaily.com\/it\/wp-json\/wp\/v2\/pages"}],"about":[{"href":"https:\/\/www.xiangxiangdaily.com\/it\/wp-json\/wp\/v2\/types\/page"}],"author":[{"embeddable":true,"href":"https:\/\/www.xiangxiangdaily.com\/it\/wp-json\/wp\/v2\/users\/1"}],"replies":[{"embeddable":true,"href":"https:\/\/www.xiangxiangdaily.com\/it\/wp-json\/wp\/v2\/comments?post=33407"}],"version-history":[{"count":0,"href":"https:\/\/www.xiangxiangdaily.com\/it\/wp-json\/wp\/v2\/pages\/33407\/revisions"}],"wp:featuredmedia":[{"embeddable":true,"href":"https:\/\/www.xiangxiangdaily.com\/it\/wp-json\/wp\/v2\/media\/33409"}],"wp:attachment":[{"href":"https:\/\/www.xiangxiangdaily.com\/it\/wp-json\/wp\/v2\/media?parent=33407"}],"curies":[{"name":"wp","href":"https:\/\/api.w.org\/{rel}","templated":true}]}}