{"id":33569,"date":"2022-12-03T09:13:09","date_gmt":"2022-12-03T01:13:09","guid":{"rendered":"https:\/\/www.xiangxiangdaily.com\/la-nostra-storia\/"},"modified":"2026-03-17T14:49:38","modified_gmt":"2026-03-17T06:49:38","slug":"la-nostra-storia","status":"publish","type":"page","link":"https:\/\/www.xiangxiangdaily.com\/it\/la-nostra-storia\/","title":{"rendered":"La nostra storia"},"content":{"rendered":"\t\t<div data-elementor-type=\"wp-page\" data-elementor-id=\"33569\" class=\"elementor elementor-33569 elementor-1697\" data-elementor-post-type=\"page\">\n\t\t\t\t<div class=\"elementor-element elementor-element-51a38b43 e-flex e-con-boxed e-con e-parent\" data-id=\"51a38b43\" data-element_type=\"container\" data-e-type=\"container\" data-settings=\"{&quot;background_background&quot;:&quot;classic&quot;}\">\n\t\t\t\t\t<div class=\"e-con-inner\">\n\t\t\t\t<div class=\"elementor-element elementor-element-2d650346 elementor-widget elementor-widget-heading\" data-id=\"2d650346\" data-element_type=\"widget\" data-e-type=\"widget\" data-widget_type=\"heading.default\">\n\t\t\t\t<div class=\"elementor-widget-container\">\n\t\t\t\t\t<h1 class=\"elementor-heading-title elementor-size-default\">Pietre miliari 2004 di Xiangxiangers<\/h1>\t\t\t\t<\/div>\n\t\t\t\t<\/div>\n\t\t\t\t<div class=\"elementor-element elementor-element-677cadea elementor-widget elementor-widget-heading\" data-id=\"677cadea\" data-element_type=\"widget\" data-e-type=\"widget\" data-widget_type=\"heading.default\">\n\t\t\t\t<div class=\"elementor-widget-container\">\n\t\t\t\t\t<p class=\"elementor-heading-title elementor-size-default\">Xiangxiang ha esteso il suo raggio d'azione a 30 regioni e paesi e opera nel settore della cura della persona da oltre 18 anni.<\/p>\t\t\t\t<\/div>\n\t\t\t\t<\/div>\n\t\t\t\t<div class=\"elementor-element elementor-element-c8f9a43 elementor-widget elementor-widget-breadcrumbs\" data-id=\"c8f9a43\" data-element_type=\"widget\" data-e-type=\"widget\" data-widget_type=\"breadcrumbs.default\">\n\t\t\t\t<div class=\"elementor-widget-container\">\n\t\t\t\t\t<nav aria-label=\"breadcrumbs\" class=\"rank-math-breadcrumb\"><p><span class=\"last\">Casa<\/span><\/p><\/nav>\t\t\t\t<\/div>\n\t\t\t\t<\/div>\n\t\t\t\t\t<\/div>\n\t\t\t\t<\/div>\n\t\t<div class=\"elementor-element elementor-element-362bfcf e-flex e-con-boxed e-con e-parent\" data-id=\"362bfcf\" data-element_type=\"container\" data-e-type=\"container\">\n\t\t\t\t\t<div class=\"e-con-inner\">\n\t\t<div class=\"elementor-element elementor-element-9230ac7 e-flex e-con-boxed e-con e-child\" data-id=\"9230ac7\" data-element_type=\"container\" data-e-type=\"container\">\n\t\t\t\t\t<div class=\"e-con-inner\">\n\t\t\t\t<div class=\"elementor-element elementor-element-f370d7f elementor-widget elementor-widget-heading\" data-id=\"f370d7f\" data-element_type=\"widget\" data-e-type=\"widget\" data-widget_type=\"heading.default\">\n\t\t\t\t<div class=\"elementor-widget-container\">\n\t\t\t\t\t<h2 class=\"elementor-heading-title elementor-size-default\">Alcuni momenti chiave della crescita di Xiangxiang<\/h2>\t\t\t\t<\/div>\n\t\t\t\t<\/div>\n\t\t\t\t<div class=\"elementor-element elementor-element-359a13c elementor-widget-divider--view-line elementor-widget elementor-widget-divider\" data-id=\"359a13c\" data-element_type=\"widget\" data-e-type=\"widget\" data-widget_type=\"divider.default\">\n\t\t\t\t<div class=\"elementor-widget-container\">\n\t\t\t\t\t\t\t<div class=\"elementor-divider\">\n\t\t\t<span class=\"elementor-divider-separator\">\n\t\t\t\t\t\t<\/span>\n\t\t<\/div>\n\t\t\t\t\t\t<\/div>\n\t\t\t\t<\/div>\n\t\t\t\t<div class=\"elementor-element elementor-element-a2a89f4 elementor-widget elementor-widget-heading\" data-id=\"a2a89f4\" data-element_type=\"widget\" data-e-type=\"widget\" data-widget_type=\"heading.default\">\n\t\t\t\t<div class=\"elementor-widget-container\">\n\t\t\t\t\t<p class=\"elementor-heading-title elementor-size-default\">Negli ultimi 18 anni ci siamo trasformati in un'azienda potente nel settore della cura della persona grazie ad acquisizioni strategiche e a una costante crescita organica. Scopri i punti salienti della nostra azienda per capire come abbiamo ottenuto risultati eccellenti. <\/p>\t\t\t\t<\/div>\n\t\t\t\t<\/div>\n\t\t\t\t<div class=\"elementor-element elementor-element-68c7f61 elementor-widget elementor-widget-button\" data-id=\"68c7f61\" data-element_type=\"widget\" data-e-type=\"widget\" data-widget_type=\"button.default\">\n\t\t\t\t<div class=\"elementor-widget-container\">\n\t\t\t\t\t\t\t\t\t<div class=\"elementor-button-wrapper\">\n\t\t\t\t\t<a class=\"elementor-button elementor-button-link elementor-size-sm\" href=\"#elementor-action%3Aaction%3Dpopup%3Aopen%26settings%3DeyJpZCI6ODQ4MDgsInRvZ2dsZSI6ZmFsc2V9\">\n\t\t\t\t\t\t<span class=\"elementor-button-content-wrapper\">\n\t\t\t\t\t\t<span class=\"elementor-button-icon\">\n\t\t\t\t<i aria-hidden=\"true\" class=\"fas fa-arrow-right\"><\/i>\t\t\t<\/span>\n\t\t\t\t\t\t\t\t\t<span class=\"elementor-button-text\">Avvia la tua attivit\u00e0<\/span>\n\t\t\t\t\t<\/span>\n\t\t\t\t\t<\/a>\n\t\t\t\t<\/div>\n\t\t\t\t\t\t\t\t<\/div>\n\t\t\t\t<\/div>\n\t\t\t\t\t<\/div>\n\t\t\t\t<\/div>\n\t\t<div class=\"elementor-element elementor-element-7b507db e-flex e-con-boxed e-con e-child\" data-id=\"7b507db\" data-element_type=\"container\" data-e-type=\"container\">\n\t\t\t\t\t<div class=\"e-con-inner\">\n\t\t\t\t<div class=\"elementor-element elementor-element-6d1b7cd elementor-widget elementor-widget-image\" data-id=\"6d1b7cd\" data-element_type=\"widget\" data-e-type=\"widget\" data-widget_type=\"image.default\">\n\t\t\t\t<div class=\"elementor-widget-container\">\n\t\t\t\t\t\t\t\t\t\t\t\t\t\t\t<img fetchpriority=\"high\" decoding=\"async\" width=\"800\" height=\"528\" src=\"https:\/\/www.xiangxiangdaily.com\/wp-content\/uploads\/2023\/12\/xiangxiang-team.webp\" class=\"attachment-large size-large wp-image-33570\" alt=\"\" srcset=\"https:\/\/www.xiangxiangdaily.com\/wp-content\/uploads\/2023\/12\/xiangxiang-team.webp 800w, https:\/\/www.xiangxiangdaily.com\/wp-content\/uploads\/2023\/12\/xiangxiang-team-600x396.webp 600w, https:\/\/www.xiangxiangdaily.com\/wp-content\/uploads\/2023\/12\/xiangxiang-team-300x198.webp 300w, https:\/\/www.xiangxiangdaily.com\/wp-content\/uploads\/2023\/12\/xiangxiang-team-768x507.webp 768w\" sizes=\"(max-width: 800px) 100vw, 800px\" \/>\t\t\t\t\t\t\t\t\t\t\t\t\t\t\t<\/div>\n\t\t\t\t<\/div>\n\t\t\t\t\t<\/div>\n\t\t\t\t<\/div>\n\t\t\t\t\t<\/div>\n\t\t\t\t<\/div>\n\t\t<div class=\"elementor-element elementor-element-fac9392 e-flex e-con-boxed e-con e-parent\" data-id=\"fac9392\" data-element_type=\"container\" data-e-type=\"container\">\n\t\t\t\t\t<div class=\"e-con-inner\">\n\t\t<div class=\"elementor-element elementor-element-778e16c e-flex e-con-boxed e-con e-child\" data-id=\"778e16c\" data-element_type=\"container\" data-e-type=\"container\">\n\t\t\t\t\t<div class=\"e-con-inner\">\n\t\t\t\t<div class=\"elementor-element elementor-element-3a85ab6 elementor-widget elementor-widget-heading\" data-id=\"3a85ab6\" data-element_type=\"widget\" data-e-type=\"widget\" data-widget_type=\"heading.default\">\n\t\t\t\t<div class=\"elementor-widget-container\">\n\t\t\t\t\t<h2 class=\"elementor-heading-title elementor-size-default\">Patrimonio cosmetico<\/h2>\t\t\t\t<\/div>\n\t\t\t\t<\/div>\n\t\t\t\t<div class=\"elementor-element elementor-element-f55d9b5 elementor-widget elementor-widget-heading\" data-id=\"f55d9b5\" data-element_type=\"widget\" data-e-type=\"widget\" data-widget_type=\"heading.default\">\n\t\t\t\t<div class=\"elementor-widget-container\">\n\t\t\t\t\t<h4 class=\"elementor-heading-title elementor-size-default\">- generazione dopo generazione<\/h4>\t\t\t\t<\/div>\n\t\t\t\t<\/div>\n\t\t\t\t<div class=\"elementor-element elementor-element-c83abe2 elementor-widget elementor-widget-heading\" data-id=\"c83abe2\" data-element_type=\"widget\" data-e-type=\"widget\" data-widget_type=\"heading.default\">\n\t\t\t\t<div class=\"elementor-widget-container\">\n\t\t\t\t\t<p class=\"elementor-heading-title elementor-size-default\">Spesso ci vogliono anni per comprendere appieno l'importanza di un'occasione importante, come la fondazione di Xiangxiang in Cina nel 2004. Fin dall'inizio, la nostra attenzione per la qualit\u00e0 artigianale e l'orgoglio \u00e8 rimasta incrollabile, anche dopo 18 anni di presenza nell'industria cosmetica cinese. Oggi siamo pi\u00f9 forti che mai e ci impegniamo a mantenere la nostra eredit\u00e0 di eccellenza per le generazioni a venire.  <\/p>\t\t\t\t<\/div>\n\t\t\t\t<\/div>\n\t\t\t\t<div class=\"elementor-element elementor-element-100cc7e elementor-widget elementor-widget-heading\" data-id=\"100cc7e\" data-element_type=\"widget\" data-e-type=\"widget\" data-widget_type=\"heading.default\">\n\t\t\t\t<div class=\"elementor-widget-container\">\n\t\t\t\t\t<p class=\"elementor-heading-title elementor-size-default\">Lo spirito innovativo della produzione di cosmetici continua a prosperare anche oggi, quando il nostro team di oltre 100 dipendenti collabora con clienti e partner per dare forma al futuro della cura della persona. Con il nostro team di progettazione interno, rimaniamo fedeli alle qualit\u00e0 che per prime hanno affascinato la nostra CEO Sophia con i cosmetici: la loro bellezza, versatilit\u00e0 e l'infinito potenziale di sostenibilit\u00e0. <\/p>\t\t\t\t<\/div>\n\t\t\t\t<\/div>\n\t\t\t\t\t<\/div>\n\t\t\t\t<\/div>\n\t\t<div class=\"elementor-element elementor-element-acdce22 e-flex e-con-boxed e-con e-child\" data-id=\"acdce22\" data-element_type=\"container\" data-e-type=\"container\">\n\t\t\t\t\t<div class=\"e-con-inner\">\n\t\t\t\t<div class=\"elementor-element elementor-element-b85e82c elementor-widget elementor-widget-image\" data-id=\"b85e82c\" data-element_type=\"widget\" data-e-type=\"widget\" data-widget_type=\"image.default\">\n\t\t\t\t<div class=\"elementor-widget-container\">\n\t\t\t\t\t\t\t\t\t\t\t\t\t\t\t<img decoding=\"async\" width=\"790\" height=\"616\" src=\"https:\/\/www.xiangxiangdaily.com\/wp-content\/uploads\/2023\/12\/Cosmetics-heritage.webp\" class=\"attachment-large size-large wp-image-98772\" alt=\"Cosmetics heritage\" \/>\t\t\t\t\t\t\t\t\t\t\t\t\t\t\t<\/div>\n\t\t\t\t<\/div>\n\t\t\t\t\t<\/div>\n\t\t\t\t<\/div>\n\t\t\t\t\t<\/div>\n\t\t\t\t<\/div>\n\t\t\t\t<\/div>\n\t\t","protected":false},"excerpt":{"rendered":"<p>Pietre miliari 2004 di Xiangxiangers Xiangxiang ha esteso il suo raggio d&#8217;azione a 30 regioni e paesi e opera nel settore della cura della persona da oltre 18 anni. Home Alcuni momenti chiave della crescita di Xiangxiang Negli ultimi 18 anni ci siamo trasformati in un&#8217;azienda potente nel settore della cura della persona grazie ad [&hellip;]<\/p>\n","protected":false},"author":1,"featured_media":33570,"parent":0,"menu_order":0,"comment_status":"closed","ping_status":"closed","template":"","meta":{"_acf_changed":false,"footnotes":""},"class_list":["post-33569","page","type-page","status-publish","has-post-thumbnail","hentry"],"acf":[],"_links":{"self":[{"href":"https:\/\/www.xiangxiangdaily.com\/it\/wp-json\/wp\/v2\/pages\/33569","targetHints":{"allow":["GET"]}}],"collection":[{"href":"https:\/\/www.xiangxiangdaily.com\/it\/wp-json\/wp\/v2\/pages"}],"about":[{"href":"https:\/\/www.xiangxiangdaily.com\/it\/wp-json\/wp\/v2\/types\/page"}],"author":[{"embeddable":true,"href":"https:\/\/www.xiangxiangdaily.com\/it\/wp-json\/wp\/v2\/users\/1"}],"replies":[{"embeddable":true,"href":"https:\/\/www.xiangxiangdaily.com\/it\/wp-json\/wp\/v2\/comments?post=33569"}],"version-history":[{"count":0,"href":"https:\/\/www.xiangxiangdaily.com\/it\/wp-json\/wp\/v2\/pages\/33569\/revisions"}],"wp:featuredmedia":[{"embeddable":true,"href":"https:\/\/www.xiangxiangdaily.com\/it\/wp-json\/wp\/v2\/media\/33570"}],"wp:attachment":[{"href":"https:\/\/www.xiangxiangdaily.com\/it\/wp-json\/wp\/v2\/media?parent=33569"}],"curies":[{"name":"wp","href":"https:\/\/api.w.org\/{rel}","templated":true}]}}