{"id":62890,"date":"2022-11-23T12:34:00","date_gmt":"2022-11-23T04:34:00","guid":{"rendered":"https:\/\/www.xiangxiangdaily.com\/terms-conditions\/"},"modified":"2026-02-28T17:24:41","modified_gmt":"2026-02-28T09:24:41","slug":"terms-conditions","status":"publish","type":"page","link":"https:\/\/www.xiangxiangdaily.com\/it\/terms-conditions\/","title":{"rendered":"Termini e condizioni"},"content":{"rendered":"\t\t<div data-elementor-type=\"wp-page\" data-elementor-id=\"62890\" class=\"elementor elementor-62890 elementor-444\" data-elementor-post-type=\"page\">\n\t\t\t\t<div class=\"elementor-element elementor-element-c663898 e-flex e-con-boxed e-con e-parent\" data-id=\"c663898\" data-element_type=\"container\" data-e-type=\"container\" data-settings=\"{&quot;background_background&quot;:&quot;classic&quot;}\">\n\t\t\t\t\t<div class=\"e-con-inner\">\n\t\t\t\t<div class=\"elementor-element elementor-element-af456e3 elementor-widget elementor-widget-heading\" data-id=\"af456e3\" data-element_type=\"widget\" data-e-type=\"widget\" data-widget_type=\"heading.default\">\n\t\t\t\t<div class=\"elementor-widget-container\">\n\t\t\t\t\t<h1 class=\"elementor-heading-title elementor-size-default\">Termini e condizioni del sito web<\/h1>\t\t\t\t<\/div>\n\t\t\t\t<\/div>\n\t\t\t\t<div class=\"elementor-element elementor-element-28b59da elementor-align-center elementor-widget elementor-widget-breadcrumbs\" data-id=\"28b59da\" data-element_type=\"widget\" data-e-type=\"widget\" data-widget_type=\"breadcrumbs.default\">\n\t\t\t\t<div class=\"elementor-widget-container\">\n\t\t\t\t\t<nav><span class=\"last\">Casa<\/span><\/nav>\t\t\t\t<\/div>\n\t\t\t\t<\/div>\n\t\t\t\t\t<\/div>\n\t\t\t\t<\/div>\n\t\t<div class=\"elementor-element elementor-element-290ab4f e-flex e-con-boxed e-con e-parent\" data-id=\"290ab4f\" data-element_type=\"container\" data-e-type=\"container\">\n\t\t\t\t\t<div class=\"e-con-inner\">\n\t\t\t\t<div class=\"elementor-element elementor-element-cb1a7f9 elementor-widget elementor-widget-text-editor\" data-id=\"cb1a7f9\" data-element_type=\"widget\" data-e-type=\"widget\" data-widget_type=\"text-editor.default\">\n\t\t\t\t<div class=\"elementor-widget-container\">\n\t\t\t\t\t\t\t\t\t<p>termini e condizioni di questo sito web, parole come \"noi\", \"nostro\", \"Lidercare\", \"Xiangxiangdaily\", \"Xiangxiangdaily Group\", ecc. sono utilizzate per riferirsi a Xiangxiangdaily Svizzera Ltd. e alle sue societ\u00e0 affiliate. Il riferimento a \"questo sito web\" in questo documento si riferisce a qualsiasi persona che <a class=\"link-whisper\" title=\"Contatto\" href=\"https:\/\/www.xiangxiangdaily.com\/it\/contatto\/\" target=\"_blank\" rel=\"noopener\" data-wpil-monitor-id=\"536\">contatti<\/a> e\/o utilizzi questo sito web. <\/p><p>In tutto il sito web, parole come \"noi\", \"nostro\", \"Lidercare\", \"Xiangxiangdaily\", \"Gruppo Xiangxiangdaily\", ecc. sono utilizzate per riferirsi a Xiangxiangdaily Svizzera Ltd. e alle sue societ\u00e0 affiliate. Il riferimento a \"questo sito web\" in questo documento si riferisce a qualsiasi persona che contatti e\/o utilizzi questo sito web. <\/p><p>In tutto il sito, parole come \"noi\", \"nostro\", \"<span style=\"text-decoration: underline; color: #333333;\"><a style=\"color: #333333; text-decoration: underline;\" href=\"http:\/\/www.lidercare.com\" target=\"_blank\" rel=\"noopener\">Lidercare<\/a><\/span>\", \"Xiangxiangdaily\", \"Xiangxiangdaily Group\", ecc. si riferiscono a Xiangxiangdaily Svizzera Ltd. e alle sue societ\u00e0 affiliate. Il riferimento a \"questo sito web\" in questo documento si riferisce a qualsiasi persona che contatti e\/o utilizzi questo sito web.<\/p><h2>Informativa sulla privacy del sito web<\/h2><p>Qualsiasi informazione personale o trasmessa a questo sito web \u00e8 soggetta alla politica sulla privacy del Gruppo Xiangxiang. <span style=\"text-decoration: underline; color: #333333;\"><a style=\"color: #333333; text-decoration: underline;\" href=\"https:\/\/www.xiangxiangdaily.com\/it\/privacy-policy\/\">politica sulla privacy<\/a><\/span> e alla protezione della privacy e dei dati personali come indicato in questo sito web.<\/p><h2>Correttezza, completezza e tempestivit\u00e0 delle informazioni<\/h2><p>L&#8217;accuratezza e la completezza delle informazioni presentate in questo sito web non sono di nostra responsabilit\u00e0. Qualsiasi affidamento sui materiali contenuti in questo sito web \u00e8 fatto a proprio rischio e pericolo. L&#8217;utente accetta di assumersi la responsabilit\u00e0 di qualsiasi modifica o aggiornamento apportato alle informazioni e ai materiali presenti su questo sito web.  <\/p><h2>Trasmissione<\/h2><p>Qualsiasi comunicazione o materiale non personale trasmesso al Sito, inclusi, a titolo esemplificativo ma non esaustivo, materiali, domande, commenti, suggerimenti o contenuti simili, \u00e8 considerato non confidenziale e non privato. Qualsiasi contenuto trasmesso o inviato dall&#8217;utente al Sito \u00e8 di propriet\u00e0 di Lidercare Group e pu\u00f2 essere utilizzato per qualsiasi scopo, inclusi, a titolo esemplificativo, la riproduzione, la divulgazione, la trasmissione, la distribuzione, la diffusione e la pubblicazione. Inoltre, qualsiasi idea, opera d&#8217;arte, ispirazione, suggerimento o concetto trasmesso dall&#8217;utente a questo sito web pu\u00f2 essere utilizzato dal Gruppo Xiangxiang per vari scopi, quali lo sviluppo del prodotto, la produzione, la promozione e il marketing.  <\/p><p>Il Gruppo Xiangxiang non \u00e8 responsabile della fornitura di informazioni relative agli usi sopra citati. Fornendo informazioni, l&#8217;utente garantisce che le informazioni fornite sono di sua propriet\u00e0 e che non infrangeranno i diritti di terzi o non violeranno in altro modo le leggi vigenti attraverso l&#8217;uso delle informazioni da parte del Gruppo Lidercare. Inoltre, il Gruppo Xiangxiang non \u00e8 obbligato a utilizzare le informazioni fornite.  <\/p><h2>Diritti di propriet\u00e0 intellettuale<\/h2><p>XiangxiangDaily Products Ltd. della Svizzera \u00e8 il titolare del marchio registrato. Tutti i diritti d&#8217;autore, i marchi e gli altri diritti di propriet\u00e0 intellettuale dei testi, delle immagini e degli altri materiali presenti in questo sito web appartengono al Gruppo XiangxiangDaily o sono concessi in licenza dal relativo proprietario. <\/p><p>Ti \u00e8 consentito accedere a questo sito web, copiare estratti (riferimenti), stamparli sul tuo disco rigido o inoltrarli ad altri. Tuttavia, \u00e8 necessario mantenere tutti i diritti d&#8217;autore, gli altri avvisi di propriet\u00e0 e i marchi di fabbrica presenti sulla copia. La riproduzione di qualsiasi parte del sito web non pu\u00f2 essere venduta o distribuita a fini commerciali, n\u00e9 pu\u00f2 essere modificata o aggiunta ad altre opere, pubblicazioni o siti web.  <\/p><p>I marchi, i loghi, i caratteri tipografici e i marchi di servizio (collettivamente denominati \"marchi\") che appaiono su questo sito web sono di propriet\u00e0 del Gruppo XiangxiangDaily. L&#8217;utilizzo dei marchi che compaiono su questo sito web o di qualsiasi altro contenuto di questo sito web \u00e8 severamente vietato, salvo quanto previsto dai presenti Termini e Condizioni. Ti ricordiamo inoltre che il Gruppo XiangxiangDaily far\u00e0 valere i propri diritti di propriet\u00e0 intellettuale nella misura massima consentita dalla legge.  <\/p><h2>Link ad altri siti<\/h2><p>Il sito web del Gruppo XiangxiangDaily pu\u00f2 contenere link a reti e sistemi esterni che non sono sotto il controllo di XiangxiangDaily. Non garantiamo l&#8217;accuratezza, la funzionalit\u00e0 o il contenuto di alcun sito web esterno collegato al nostro sito web. I link forniti sono offerti in buona fede e il Gruppo XiangxiangDaily non \u00e8 responsabile di eventuali modifiche successive apportate al sito web collegato. Il collegamento ad altri siti web non implica l&#8217;approvazione o il riconoscimento da parte del Gruppo XiangxiangDaily. Ti consigliamo vivamente di leggere attentamente le note legali e sulla privacy di qualsiasi sito web esterno che visiti.    <\/p><p>Accedendo e utilizzando questo sito web, lo fai a tuo rischio e pericolo.<\/p><h2>Garanzia<\/h2><p>Questo sito web \u00e8 fornito all&#8217;utente \"cos\u00ec com&#8217;\u00e8\" e \"come disponibile\" e XiangxiangDaily non fornisce garanzie di alcun tipo, sia espresse, implicite, legali o di altro tipo (incluse garanzie implicite di commerciabilit\u00e0, qualit\u00e0 soddisfacente, idoneit\u00e0 per uno scopo particolare), incluse garanzie o dichiarazioni che le informazioni sul sito web saranno complete, accurate, affidabili, tempestive, che non violino i diritti di terzi, che l&#8217;accesso a questo sito web sar\u00e0 ininterrotto o che non ci saranno errori o virus sul sito web. XiangxiangDaily non garantisce inoltre che il sito sia sicuro o che qualsiasi consiglio o informazione ottenuta dal sito sia accurata o affidabile. Qualsiasi garanzia o dichiarazione \u00e8 espressamente esclusa.  <\/p><p>Si noti che alcune giurisdizioni non consentono l&#8217;esclusione di garanzie implicite, pertanto alcune di queste esclusioni potrebbero non essere applicabili. Controlla le leggi locali. <\/p><p>Ci riserviamo il diritto di limitare, sospendere o interrompere l&#8217;accesso dell&#8217;utente a questo sito web o a qualsiasi sua funzione in qualsiasi momento e senza preavviso.<\/p><h2>Responsabilit\u00e0 legale<\/h2><p>Indipendentemente dal motivo e dal fatto che sia dovuto all&#8217;uso, all&#8217;impossibilit\u00e0 di usare o alle modifiche apportate a questo sito web, o all&#8217;accesso ad altri siti web attraverso i link forniti su questo sito web, o a qualsiasi azione intrapresa o non intrapresa da noi in risposta ai messaggi di posta elettronica che ci sono stati inviati, Lidercare Group e\/o altre parti coinvolte nella creazione, produzione o rappresentazione di questo sito web non potranno essere ritenute responsabili per qualsiasi danno diretto, incidentale, consequenziale, indiretto, speciale o punitivo, costi, perdite o responsabilit\u00e0, come consentito dalla legge applicabile.<\/p><p>Il Gruppo Lidercare e\/o altre persone coinvolte nella creazione, produzione o trasmissione di questo sito web non saranno responsabili della manutenzione e dell&#8217;assistenza di questo sito web o di eventuali correzioni, aggiornamenti o pubblicazioni relative a questo sito web. Il materiale contenuto in questo sito web \u00e8 soggetto a modifiche senza preavviso. <\/p><p>Inoltre, il Gruppo Lidercare non potr\u00e0 essere ritenuto responsabile di eventuali danni derivanti dall&#8217;infezione da virus del tuo computer o di altre propriet\u00e0 a seguito dell&#8217;utilizzo, dell&#8217;accesso o del download di qualsiasi materiale presente in questo sito web. Se scegli di scaricare materiale da questo sito web, lo fai a tuo rischio e pericolo. <\/p><p>Si noti che alcune giurisdizioni non consentono l&#8217;esclusione o la limitazione di responsabilit\u00e0 per danni incidentali o consequenziali, pertanto alcune esclusioni o limitazioni potrebbero non essere applicabili. Controlla le leggi locali. <\/p><h2>Attivit\u00e0 vietata<\/h2><p>Non ti \u00e8 consentito intraprendere alcuna attivit\u00e0 che Lidercare Group ritenga inappropriata, illegale o proibita da qualsiasi legge applicabile, incluso ma non limitato a:<\/p><ul><li>Violare la privacy o i diritti legali di un individuo, ad esempio caricando dati personali senza il suo consenso.<\/li><li>Utilizzare questo sito web per diffamare o minare Lidercare Group, i suoi dipendenti o altri soggetti in modo da danneggiarne la reputazione.<\/li><li>Caricare un file contenente un virus che danneggi la propriet\u00e0 di Lidercare o di altri.<\/li><li>Pubblicare o trasmettere materiale non autorizzato sul Sito, incluso, ma non solo, materiale relativo a minacce al sistema o alla sicurezza informatica, razzismo, oscenit\u00e0 o altri contenuti illegali che riteniamo possano causare danni, svantaggi o violazioni a Lidercare Group o a societ\u00e0 terze.<\/li><\/ul><p>Tu e Lidercare concordate che qualsiasi controversia o reclamo derivante dall&#8217;uso di questo sito web sar\u00e0 regolato dalle leggi della Regione Amministrativa Speciale di Hong Kong e sar\u00e0 soggetto alla giurisdizione esclusiva dei tribunali della Regione Amministrativa Speciale di Hong Kong.<\/p><h2>Utilizzo del sito web<\/h2><ul><li>Questo sito web \u00e8 destinato esclusivamente al tuo uso personale e non sei autorizzato a utilizzarlo per scopi commerciali o a concedere tale autorizzazione a terzi.<\/li><li>Ci riserviamo il diritto di rivedere, modificare, spostare o eliminare unilateralmente qualsiasi materiale visualizzato o pubblicato sul Sito web o sulla sua bacheca senza preavviso, a nostra esclusiva discrezione.<\/li><li>L&#8217;utente non pu\u00f2 modificare, copiare, reimpostare, ristampare, caricare, pubblicare, trasmettere o distribuire in alcun modo il Materiale, compresi il codice e il software del Sito.<\/li><li>L&#8217;utente accetta di astenersi dall&#8217;utilizzare questo sito web per pubblicare materiale osceno, diffamatorio, incitante, molesto, razzista o di odio e di utilizzarlo solo in conformit\u00e0 alla legge.<\/li><li>L&#8217;utente \u00e8 responsabile di garantire che qualsiasi materiale fornito sul Sito o pubblicato sulla Bacheca o sul Forum, o altrove, non violi alcun copyright, marchio di fabbrica o altri diritti esclusivi personali o di terzi.<\/li><li>L&#8217;utente accetta di non danneggiare, coprire, attaccare, modificare o interferire con il Sito e il relativo software, hardware e\/o server in alcun modo.<\/li><\/ul><p>Il mancato rispetto dei termini di cui sopra pu\u00f2 comportare la sospensione o l&#8217;interruzione del tuo accesso a questo sito web, con o senza preavviso in momenti diversi del sito web.<\/p><h2>Accordo di riservatezza e confidenzialit\u00e0<\/h2><p>L&#8217;utente riconosce e accetta che qualsiasi informazione confidenziale fornita da Lidercare Group, sia essa contrassegnata come tale o meno, inclusi, a titolo esemplificativo, materiali, processi e tecniche proprietari relativi alla revisione e alla sperimentazione di futuri prodotti o servizi nell&#8217;ambito di sondaggi o discussioni online o offline, sar\u00e0 mantenuta confidenziale e non sar\u00e0 divulgata, copiata, utilizzata o fornita direttamente o indirettamente a terzi.<\/p>\t\t\t\t\t\t\t\t<\/div>\n\t\t\t\t<\/div>\n\t\t\t\t\t<\/div>\n\t\t\t\t<\/div>\n\t\t\t\t<\/div>\n\t\t","protected":false},"excerpt":{"rendered":"<p>Termini e condizioni del sito web Home termini e condizioni di questo sito web, parole come \"noi\", \"nostro\", \"Lidercare\", \"Xiangxiangdaily\", \"Xiangxiangdaily Group\", ecc. sono utilizzate per riferirsi a Xiangxiangdaily Svizzera Ltd. e alle sue societ\u00e0 affiliate. Il riferimento a \"questo sito web\" in questo documento si riferisce a qualsiasi persona che contatti e\/o utilizzi questo [&hellip;]<\/p>\n","protected":false},"author":1,"featured_media":0,"parent":0,"menu_order":0,"comment_status":"closed","ping_status":"closed","template":"","meta":{"_acf_changed":false,"footnotes":""},"class_list":["post-62890","page","type-page","status-publish","hentry"],"acf":[],"_links":{"self":[{"href":"https:\/\/www.xiangxiangdaily.com\/it\/wp-json\/wp\/v2\/pages\/62890","targetHints":{"allow":["GET"]}}],"collection":[{"href":"https:\/\/www.xiangxiangdaily.com\/it\/wp-json\/wp\/v2\/pages"}],"about":[{"href":"https:\/\/www.xiangxiangdaily.com\/it\/wp-json\/wp\/v2\/types\/page"}],"author":[{"embeddable":true,"href":"https:\/\/www.xiangxiangdaily.com\/it\/wp-json\/wp\/v2\/users\/1"}],"replies":[{"embeddable":true,"href":"https:\/\/www.xiangxiangdaily.com\/it\/wp-json\/wp\/v2\/comments?post=62890"}],"version-history":[{"count":0,"href":"https:\/\/www.xiangxiangdaily.com\/it\/wp-json\/wp\/v2\/pages\/62890\/revisions"}],"wp:attachment":[{"href":"https:\/\/www.xiangxiangdaily.com\/it\/wp-json\/wp\/v2\/media?parent=62890"}],"curies":[{"name":"wp","href":"https:\/\/api.w.org\/{rel}","templated":true}]}}