{"id":35992,"date":"2023-12-09T09:53:29","date_gmt":"2023-12-09T01:53:29","guid":{"rendered":"https:\/\/www.xiangxiangdaily.com\/empresarios-empresas\/"},"modified":"2026-04-28T18:16:18","modified_gmt":"2026-04-28T10:16:18","slug":"empresarios-empresas","status":"publish","type":"page","link":"https:\/\/www.xiangxiangdaily.com\/pt-pt\/empresarios-empresas\/","title":{"rendered":"Empreendedores e empresas em fase de arranque"},"content":{"rendered":"\t\t<div data-elementor-type=\"wp-page\" data-elementor-id=\"35992\" class=\"elementor elementor-35992 elementor-9924\" data-elementor-post-type=\"page\">\n\t\t\t\t<div class=\"elementor-element elementor-element-66eab8d6 e-flex e-con-boxed e-con e-parent\" data-id=\"66eab8d6\" data-element_type=\"container\" data-e-type=\"container\" data-settings=\"{&quot;background_background&quot;:&quot;classic&quot;}\">\n\t\t\t\t\t<div class=\"e-con-inner\">\n\t\t\t\t<div class=\"elementor-element elementor-element-4f07bcb3 elementor-widget elementor-widget-heading\" data-id=\"4f07bcb3\" data-element_type=\"widget\" data-e-type=\"widget\" data-widget_type=\"heading.default\">\n\t\t\t\t<div class=\"elementor-widget-container\">\n\t\t\t\t\t<h1 class=\"elementor-heading-title elementor-size-default\">Empreendedores e empresas em fase de arranque<\/h1>\t\t\t\t<\/div>\n\t\t\t\t<\/div>\n\t\t\t\t<div class=\"elementor-element elementor-element-eb1ad30 elementor-widget elementor-widget-text-editor\" data-id=\"eb1ad30\" data-element_type=\"widget\" data-e-type=\"widget\" data-widget_type=\"text-editor.default\">\n\t\t\t\t<div class=\"elementor-widget-container\">\n\t\t\t\t\t\t\t\t\t<p>Somos apaixonados por ajudar os empres\u00e1rios e as empresas em fase de arranque a realizar os seus sonhos. Acreditamos que todos merecem a oportunidade de criar uma marca de cuidados pessoais de sucesso.<\/p>\t\t\t\t\t\t\t\t<\/div>\n\t\t\t\t<\/div>\n\t\t\t\t<div class=\"elementor-element elementor-element-7b0c04c elementor-widget elementor-widget-breadcrumbs\" data-id=\"7b0c04c\" data-element_type=\"widget\" data-e-type=\"widget\" data-widget_type=\"breadcrumbs.default\">\n\t\t\t\t<div class=\"elementor-widget-container\">\n\t\t\t\t\t<nav><span class=\"last\">Casa<\/span><\/nav>\t\t\t\t<\/div>\n\t\t\t\t<\/div>\n\t\t\t\t\t<\/div>\n\t\t\t\t<\/div>\n\t\t<div class=\"elementor-element elementor-element-471bbf2 e-flex e-con-boxed e-con e-parent\" data-id=\"471bbf2\" data-element_type=\"container\" data-e-type=\"container\">\n\t\t\t\t\t<div class=\"e-con-inner\">\n\t\t\t\t<div class=\"elementor-element elementor-element-0f6e7a6 elementor-widget elementor-widget-text-editor\" data-id=\"0f6e7a6\" data-element_type=\"widget\" data-e-type=\"widget\" data-widget_type=\"text-editor.default\">\n\t\t\t\t<div class=\"elementor-widget-container\">\n\t\t\t\t\t\t\t\t\t<p><img fetchpriority=\"high\" decoding=\"async\" class=\"wp-image-36425 size-full aligncenter\" src=\"https:\/\/www.xiangxiangdaily.com\/wp-content\/uploads\/2024\/09\/Rosemary-Strengthening-Hair-Masque-4.webp\" alt=\"M\u00e1scara de cabelo fortalecedora de alecrim (4)\" width=\"800\" height=\"800\" srcset=\"https:\/\/www.xiangxiangdaily.com\/wp-content\/uploads\/2024\/09\/Rosemary-Strengthening-Hair-Masque-4.webp 800w, https:\/\/www.xiangxiangdaily.com\/wp-content\/uploads\/2024\/09\/Rosemary-Strengthening-Hair-Masque-4-300x300.webp 300w, https:\/\/www.xiangxiangdaily.com\/wp-content\/uploads\/2024\/09\/Rosemary-Strengthening-Hair-Masque-4-600x600.webp 600w, https:\/\/www.xiangxiangdaily.com\/wp-content\/uploads\/2024\/09\/Rosemary-Strengthening-Hair-Masque-4-500x500.webp 500w, https:\/\/www.xiangxiangdaily.com\/wp-content\/uploads\/2024\/09\/Rosemary-Strengthening-Hair-Masque-4-150x150.webp 150w, https:\/\/www.xiangxiangdaily.com\/wp-content\/uploads\/2024\/09\/Rosemary-Strengthening-Hair-Masque-4-768x768.webp 768w\" sizes=\"(max-width: 800px) 100vw, 800px\" \/><\/p><p>Na atual ind\u00fastria competitiva dos cuidados pessoais, os empres\u00e1rios e as empresas em fase de arranque enfrentam frequentemente desafios quando constroem uma marca a partir do zero. A jornada para criar uma linha \u00fanica de cuidados capilares, <a class=\"link-whisper\" title=\"Fabricante de produtos de higiene corporal\" href=\"https:\/\/www.xiangxiangdaily.com\/pt-pt\/body-care-manufacturer-2\/\" target=\"_blank\" rel=\"noopener\" data-wpil-monitor-id=\"105\">corporais<\/a> ou faciais exige mais do que apenas uma grande ideia - exige conhecimentos especializados na formula\u00e7\u00e3o de produtos, conformidade regulamentar e compreens\u00e3o das tend\u00eancias do mercado. Na Xiangxiang, somos apaixonados por transformar a tua vis\u00e3o numa realidade. Como <a class=\"link-whisper\" title=\"Fabricante de produtos para o cuidado do cabelo\" href=\"https:\/\/www.xiangxiangdaily.com\/hair-care-manufacturer\/\" target=\"_blank\" rel=\"noopener\" data-wpil-monitor-id=\"753\">fabricante de confian\u00e7a no sector dos cuidados<\/a> pessoais, ajudamos os empres\u00e1rios e as empresas em fase de arranque a realizar os seus sonhos, fornecendo apoio profissional adaptado \u00e0s suas necessidades espec\u00edficas.<\/p><h2>Uma abordagem personalizada para cada empres\u00e1rio<\/h2><p>Cada empres\u00e1rio tem uma vis\u00e3o \u00fanica e n\u00f3s compreendemos que solu\u00e7\u00f5es de tamanho \u00fanico n\u00e3o funcionam neste sector din\u00e2mico. Quer estejas concentrado em produtos para o cabelo, solu\u00e7\u00f5es para a pele ou produtos essenciais para o corpo, a nossa abordagem \u00e9 personalizada para ir ao encontro dos objectivos espec\u00edficos da tua marca. Desde o primeiro dia, trabalhamos em estreita colabora\u00e7\u00e3o contigo para compreender o teu nicho de mercado, o teu p\u00fablico-alvo e os valores da tua marca.<\/p><p>A nossa equipa de programadores de produtos experientes e especialistas da ind\u00fastria colaborar\u00e1 contigo para conceber f\u00f3rmulas que reflictam a identidade da tua marca. Quer pretendas criar uma linha ecol\u00f3gica e totalmente natural ou uma solu\u00e7\u00e3o de ponta com ingredientes inovadores, temos a experi\u00eancia necess\u00e1ria para dar vida \u00e0 tua vis\u00e3o.<\/p><h2>Compreender as carater\u00edsticas espec\u00edficas do sector<\/h2><p>Uma das chaves para o sucesso na ind\u00fastria <a class=\"link-whisper\" title=\"Os 20 principais fornecedores de produtos de higiene pessoal e cosm\u00e9ticos na China\" href=\"https:\/\/www.xiangxiangdaily.com\/pt-pt\/top-20-personal-care-cosmetics-suppliers-in-china\/\" target=\"_blank\" rel=\"noopener\" data-wpil-monitor-id=\"2683\">de cuidados pessoais<\/a> \u00e9 compreender as carater\u00edsticas \u00fanicas de cada categoria de produto. Orgulhamo-nos do nosso profundo conhecimento das tend\u00eancias em mat\u00e9ria de cuidados capilares, cuidados corporais e cuidados faciais, o que nos permite oferecer ideias que diferenciam os teus produtos. Por exemplo:<\/p><ul><li><p><strong>Cuidados com o cabelo<\/strong>: As nossas f\u00f3rmulas s\u00e3o concebidas para tratar v\u00e1rios tipos e condi\u00e7\u00f5es de cabelo, desde o <a class=\"link-whisper\" title=\"\u00d3leo de r\u00edcino para cabelos encaracolados\" href=\"https:\/\/www.xiangxiangdaily.com\/hair-care-manufacturer\/hair-oil-manufacturer\/castor-oil-for-curly-hair\/\" target=\"_blank\" rel=\"noopener\" data-wpil-monitor-id=\"752\">cabelo encaracolado e texturado<\/a> ao cabelo fino e tratado com cor. Fornecemos solu\u00e7\u00f5es para reten\u00e7\u00e3o de humidade, sa\u00fade do couro cabeludo e repara\u00e7\u00e3o de danos, garantindo que os teus produtos satisfazem as diversas necessidades dos teus clientes.<\/p><\/li><li><p><strong>Cuidados com o corpo<\/strong>: Compreendemos que os consumidores de hoje procuram <a class=\"link-whisper\" title=\"\u00d3leo corporal hidratante de cacau\" href=\"https:\/\/www.xiangxiangdaily.com\/body-care-manufacturer\/private-label-massage-oil\/cocoa-moisturizing-body-oil\/\" target=\"_blank\" rel=\"noopener\" data-wpil-monitor-id=\"449\">produtos de cuidados corporais que v\u00e3o para al\u00e9m da simples hidrata\u00e7\u00e3o<\/a>. Desde <a class=\"link-whisper\" title=\"Lo\u00e7\u00e3o para o corpo Fabricante\" href=\"https:\/\/www.xiangxiangdaily.com\/pt-pt\/body-lotion-manufacturer-3\/\" target=\"_blank\" rel=\"noopener\" data-wpil-monitor-id=\"213\">lo\u00e7\u00f5es corporais<\/a> luxuosas a esfoliantes terap\u00eauticos, oferecemos f\u00f3rmulas personalizadas que proporcionam a combina\u00e7\u00e3o perfeita de hidrata\u00e7\u00e3o, nutri\u00e7\u00e3o e fragr\u00e2ncia, ao mesmo tempo que se alinham com os padr\u00f5es de beleza limpa.<\/p><\/li><li><p><strong>Cuidados faciais<\/strong>: A ind\u00fastria dos cuidados com a pele est\u00e1 a evoluir rapidamente, com a procura de produtos que se centram no anti-envelhecimento, no tratamento da acne e em solu\u00e7\u00f5es para peles sens\u00edveis. A nossa equipa est\u00e1 actualizada sobre os \u00faltimos avan\u00e7os em ingredientes activos como o \u00e1cido hialur\u00f3nico, o retinol e a vitamina C, garantindo que os teus produtos de cuidados faciais s\u00e3o eficazes e comercializ\u00e1veis.<\/p><\/li><\/ul><h2>Resolve os pontos problem\u00e1ticos com solu\u00e7\u00f5es personalizadas<\/h2><p>As empresas em fase de arranque deparam-se frequentemente com problemas como recursos limitados, obst\u00e1culos regulamentares ou incerteza quanto \u00e0 formula\u00e7\u00e3o do produto. A nossa experi\u00eancia ajuda a aliviar estes desafios comuns:<\/p><ol><li><p><strong>Desenvolvimento de produtos<\/strong>: A cria\u00e7\u00e3o de <a class=\"link-whisper\" title=\"Como escolher os ingredientes para um champ\u00f4 personalizado\" href=\"https:\/\/www.xiangxiangdaily.com\/pt-pt\/how-to-choose-ingredients-for-custom-shampoo-2\/\" target=\"_blank\" rel=\"noopener\" data-wpil-monitor-id=\"1619\">produtos de cuidados pessoais de alta qualidade requer conhecimentos sobre os ingredientes<\/a>, a efic\u00e1cia e a seguran\u00e7a. Trabalhamos contigo para formular produtos que n\u00e3o s\u00f3 v\u00e3o ao encontro da tua vis\u00e3o, como tamb\u00e9m cumprem os regulamentos da ind\u00fastria. Quer precises de produtos org\u00e2nicos, sem crueldade ou com certifica\u00e7\u00e3o vegan, garantimos que as tuas f\u00f3rmulas cumprem os mais elevados padr\u00f5es.<\/p><\/li><li><p><strong>Fabrico de pequenos lotes<\/strong>: Para as empresas em fase de arranque, os custos iniciais de produ\u00e7\u00e3o podem ser avassaladores. Oferecemos o fabrico de pequenos lotes, o que te permite testar o mercado sem os encargos financeiros de uma produ\u00e7\u00e3o em grande escala. Esta flexibilidade permite que os empres\u00e1rios se concentrem na constru\u00e7\u00e3o da sua marca antes de a expandirem.<\/p><\/li><li><p><strong>Marca e embalagem<\/strong>: As primeiras impress\u00f5es s\u00e3o importantes. Ajudamos com a embalagem e o design do produto para garantir que a est\u00e9tica da tua marca se alinha com o teu p\u00fablico-alvo. A nossa equipa ajuda-te a escolher os materiais de embalagem certos que n\u00e3o s\u00f3 t\u00eam um aspeto fant\u00e1stico como tamb\u00e9m protegem a integridade dos teus produtos.<\/p><\/li><li><p><strong>Conformidade regulamentar<\/strong>: Navegar em cen\u00e1rios regulamentares como as diretrizes da FDA, a conformidade internacional e os testes de seguran\u00e7a dos produtos pode ser intimidante. Eliminamos as d\u00favidas do processo, assegurando que todos os teus produtos est\u00e3o em conformidade com os regulamentos necess\u00e1rios, para que te possas concentrar no que \u00e9 mais importante - o crescimento do teu neg\u00f3cio.<\/p><\/li><\/ol><h2>Orienta\u00e7\u00e3o profissional para o crescimento sustent\u00e1vel<\/h2><p>O nosso papel como fabricante de produtos de higiene pessoal vai para al\u00e9m da produ\u00e7\u00e3o. Estamos empenhados em guiar-te em todas as fases do percurso da tua marca, oferecendo conselhos profissionais que te ajudam a crescer de forma sustent\u00e1vel. Compreendemos a import\u00e2ncia de nos mantermos a par das prefer\u00eancias dos consumidores e das tend\u00eancias da ind\u00fastria em constante mudan\u00e7a.<\/p><ul><li><p><strong>Percebe as tend\u00eancias<\/strong>: Com o nosso dedo no pulso das tend\u00eancias do mercado, fornecemos informa\u00e7\u00f5es sobre as necessidades e prefer\u00eancias emergentes dos consumidores. Quer se trate de beleza limpa, embalagens sustent\u00e1veis ou tecnologia avan\u00e7ada de cuidados da pele, ajudar-te-emos a manteres-te na vanguarda.<\/p><\/li><li><p><strong>Apoio cont\u00ednuo<\/strong>: Quando os teus produtos s\u00e3o lan\u00e7ados, o nosso apoio n\u00e3o termina. Continuamos a prestar assist\u00eancia cont\u00ednua \u00e0 medida que expande a sua linha de produtos, introduz novas inova\u00e7\u00f5es ou entra em novos mercados.<\/p><\/li><\/ul><h2>O teu sucesso \u00e9 o nosso sucesso<\/h2><p>Na Xiangxiang, acreditamos que todos merecem a oportunidade de construir uma <a title=\"Fornecedores l\u00edderes de soro facial para a tua marca\" href=\"https:\/\/www.xiangxiangdaily.com\/pt-pt\/leading-facial-serum-suppliers-for-your-brand\/\" target=\"_blank\" rel=\"noopener\" data-wpil-monitor-id=\"5017\">marca de cuidados pessoais de<\/a> sucesso. Somos apaixonados por ajudar os empres\u00e1rios e as empresas em fase de arranque a concretizar os seus sonhos, combinando a nossa experi\u00eancia de fabrico com a tua vis\u00e3o para criar produtos que ressoem junto dos consumidores.<\/p><p>Quer estejas a lan\u00e7ar o teu primeiro produto ou a expandir a tua linha atual, estamos aqui para te apoiar em cada passo do caminho. Juntos, podemos criar uma marca de cuidados pessoais que n\u00e3o s\u00f3 se destaque num mercado concorrido, como tamb\u00e9m tenha um impacto significativo nos teus clientes.<\/p><p>Vamos construir algo bonito - juntos.<\/p>\t\t\t\t\t\t\t\t<\/div>\n\t\t\t\t<\/div>\n\t\t\t\t\t<\/div>\n\t\t\t\t<\/div>\n\t\t<div class=\"elementor-element elementor-element-39218e1 e-flex e-con-boxed e-con e-parent\" data-id=\"39218e1\" data-element_type=\"container\" data-e-type=\"container\">\n\t\t\t\t\t<div class=\"e-con-inner\">\n\t\t\t\t<div class=\"elementor-element elementor-element-9c89785 elementor-widget elementor-widget-heading\" data-id=\"9c89785\" data-element_type=\"widget\" data-e-type=\"widget\" data-widget_type=\"heading.default\">\n\t\t\t\t<div class=\"elementor-widget-container\">\n\t\t\t\t\t<h2 class=\"elementor-heading-title elementor-size-default\">Produtos de qualidade que satisfazem as tuas necessidades<\/h2>\t\t\t\t<\/div>\n\t\t\t\t<\/div>\n\t\t\t\t<div class=\"elementor-element elementor-element-76f69c1 elementor-widget elementor-widget-text-editor\" data-id=\"76f69c1\" data-element_type=\"widget\" data-e-type=\"widget\" data-widget_type=\"text-editor.default\">\n\t\t\t\t<div class=\"elementor-widget-container\">\n\t\t\t\t\t\t\t\t\t<p>Os nossos produtos de cuidados pessoais s\u00e3o totalmente personaliz\u00e1veis, para que possas criar produtos que satisfa\u00e7am as necessidades espec\u00edficas dos teus clientes. Isto d\u00e1-te uma vantagem competitiva e ajuda-te a destacares-te da concorr\u00eancia.<\/p>\t\t\t\t\t\t\t\t<\/div>\n\t\t\t\t<\/div>\n\t\t<div class=\"elementor-element elementor-element-71c0615 e-flex e-con-boxed e-con e-child\" data-id=\"71c0615\" data-element_type=\"container\" data-e-type=\"container\">\n\t\t\t\t\t<div class=\"e-con-inner\">\n\t\t<div class=\"elementor-element elementor-element-f7c5362 e-flex e-con-boxed e-con e-child\" data-id=\"f7c5362\" data-element_type=\"container\" data-e-type=\"container\">\n\t\t\t\t\t<div class=\"e-con-inner\">\n\t\t\t\t<div class=\"elementor-element elementor-element-52573ba elementor-widget elementor-widget-image\" data-id=\"52573ba\" data-element_type=\"widget\" data-e-type=\"widget\" data-widget_type=\"image.default\">\n\t\t\t\t<div class=\"elementor-widget-container\">\n\t\t\t\t\t\t\t\t\t\t\t\t\t\t\t<img decoding=\"async\" width=\"500\" height=\"333\" src=\"https:\/\/www.xiangxiangdaily.com\/wp-content\/uploads\/2023\/12\/Custom-Ingredients.webp\" class=\"attachment-large size-large wp-image-99126\" alt=\"Ingredientes personalizados\" \/>\t\t\t\t\t\t\t\t\t\t\t\t\t\t\t<\/div>\n\t\t\t\t<\/div>\n\t\t<div class=\"elementor-element elementor-element-3a33e73 e-flex e-con-boxed e-con e-child\" data-id=\"3a33e73\" data-element_type=\"container\" data-e-type=\"container\">\n\t\t\t\t\t<div class=\"e-con-inner\">\n\t\t\t\t<div class=\"elementor-element elementor-element-ea5d290 elementor-view-default elementor-widget elementor-widget-icon\" data-id=\"ea5d290\" data-element_type=\"widget\" data-e-type=\"widget\" data-widget_type=\"icon.default\">\n\t\t\t\t<div class=\"elementor-widget-container\">\n\t\t\t\t\t\t\t<div class=\"elementor-icon-wrapper\">\n\t\t\t<div class=\"elementor-icon\">\n\t\t\t<i aria-hidden=\"true\" class=\"fas fa-check-circle\"><\/i>\t\t\t<\/div>\n\t\t<\/div>\n\t\t\t\t\t\t<\/div>\n\t\t\t\t<\/div>\n\t\t\t\t<div class=\"elementor-element elementor-element-640bb76 elementor-widget elementor-widget-heading\" data-id=\"640bb76\" data-element_type=\"widget\" data-e-type=\"widget\" data-widget_type=\"heading.default\">\n\t\t\t\t<div class=\"elementor-widget-container\">\n\t\t\t\t\t<h3 class=\"elementor-heading-title elementor-size-default\">Escolhe os teus ingredientes<\/h3>\t\t\t\t<\/div>\n\t\t\t\t<\/div>\n\t\t\t\t\t<\/div>\n\t\t\t\t<\/div>\n\t\t\t\t<div class=\"elementor-element elementor-element-3cd7d5f elementor-widget elementor-widget-text-editor\" data-id=\"3cd7d5f\" data-element_type=\"widget\" data-e-type=\"widget\" data-widget_type=\"text-editor.default\">\n\t\t\t\t<div class=\"elementor-widget-container\">\n\t\t\t\t\t\t\t\t\t<p>Podes escolher entre uma vasta gama de ingredientes, incluindo op\u00e7\u00f5es naturais, org\u00e2nicas e veganas.<\/p>\t\t\t\t\t\t\t\t<\/div>\n\t\t\t\t<\/div>\n\t\t\t\t\t<\/div>\n\t\t\t\t<\/div>\n\t\t<div class=\"elementor-element elementor-element-6069f7e e-flex e-con-boxed e-con e-child\" data-id=\"6069f7e\" data-element_type=\"container\" data-e-type=\"container\">\n\t\t\t\t\t<div class=\"e-con-inner\">\n\t\t\t\t<div class=\"elementor-element elementor-element-de07089 elementor-widget elementor-widget-image\" data-id=\"de07089\" data-element_type=\"widget\" data-e-type=\"widget\" data-widget_type=\"image.default\">\n\t\t\t\t<div class=\"elementor-widget-container\">\n\t\t\t\t\t\t\t\t\t\t\t\t\t\t\t<img decoding=\"async\" width=\"500\" height=\"333\" src=\"https:\/\/www.xiangxiangdaily.com\/wp-content\/uploads\/2023\/12\/Packing-type.webp\" class=\"attachment-large size-large wp-image-99134\" alt=\"Tipo de embalagem\" \/>\t\t\t\t\t\t\t\t\t\t\t\t\t\t\t<\/div>\n\t\t\t\t<\/div>\n\t\t<div class=\"elementor-element elementor-element-61a5e1b e-flex e-con-boxed e-con e-child\" data-id=\"61a5e1b\" data-element_type=\"container\" data-e-type=\"container\">\n\t\t\t\t\t<div class=\"e-con-inner\">\n\t\t\t\t<div class=\"elementor-element elementor-element-a9cc2e2 elementor-view-default elementor-widget elementor-widget-icon\" data-id=\"a9cc2e2\" data-element_type=\"widget\" data-e-type=\"widget\" data-widget_type=\"icon.default\">\n\t\t\t\t<div class=\"elementor-widget-container\">\n\t\t\t\t\t\t\t<div class=\"elementor-icon-wrapper\">\n\t\t\t<div class=\"elementor-icon\">\n\t\t\t<i aria-hidden=\"true\" class=\"fas fa-check-circle\"><\/i>\t\t\t<\/div>\n\t\t<\/div>\n\t\t\t\t\t\t<\/div>\n\t\t\t\t<\/div>\n\t\t\t\t<div class=\"elementor-element elementor-element-d2e4d43 elementor-widget elementor-widget-heading\" data-id=\"d2e4d43\" data-element_type=\"widget\" data-e-type=\"widget\" data-widget_type=\"heading.default\">\n\t\t\t\t<div class=\"elementor-widget-container\">\n\t\t\t\t\t<h3 class=\"elementor-heading-title elementor-size-default\">Concebe a tua embalagem<\/h3>\t\t\t\t<\/div>\n\t\t\t\t<\/div>\n\t\t\t\t\t<\/div>\n\t\t\t\t<\/div>\n\t\t\t\t<div class=\"elementor-element elementor-element-bd239c7 elementor-widget elementor-widget-text-editor\" data-id=\"bd239c7\" data-element_type=\"widget\" data-e-type=\"widget\" data-widget_type=\"text-editor.default\">\n\t\t\t\t<div class=\"elementor-widget-container\">\n\t\t\t\t\t\t\t\t\t<p>Podes escolher entre uma variedade de op\u00e7\u00f5es de embalagem, incluindo etiquetas e materiais de embalagem personalizados.<\/p>\t\t\t\t\t\t\t\t<\/div>\n\t\t\t\t<\/div>\n\t\t\t\t\t<\/div>\n\t\t\t\t<\/div>\n\t\t<div class=\"elementor-element elementor-element-6fa05f8 e-flex e-con-boxed e-con e-child\" data-id=\"6fa05f8\" data-element_type=\"container\" data-e-type=\"container\">\n\t\t\t\t\t<div class=\"e-con-inner\">\n\t\t\t\t<div class=\"elementor-element elementor-element-7bce30d elementor-widget elementor-widget-image\" data-id=\"7bce30d\" data-element_type=\"widget\" data-e-type=\"widget\" data-widget_type=\"image.default\">\n\t\t\t\t<div class=\"elementor-widget-container\">\n\t\t\t\t\t\t\t\t\t\t\t\t\t\t\t<img loading=\"lazy\" decoding=\"async\" width=\"500\" height=\"333\" src=\"https:\/\/www.xiangxiangdaily.com\/wp-content\/uploads\/2023\/12\/Private-Label.webp\" class=\"attachment-large size-large wp-image-99118\" alt=\"Marca pr\u00f3pria\" \/>\t\t\t\t\t\t\t\t\t\t\t\t\t\t\t<\/div>\n\t\t\t\t<\/div>\n\t\t<div class=\"elementor-element elementor-element-f61d47c e-flex e-con-boxed e-con e-child\" data-id=\"f61d47c\" data-element_type=\"container\" data-e-type=\"container\">\n\t\t\t\t\t<div class=\"e-con-inner\">\n\t\t\t\t<div class=\"elementor-element elementor-element-0172391 elementor-view-default elementor-widget elementor-widget-icon\" data-id=\"0172391\" data-element_type=\"widget\" data-e-type=\"widget\" data-widget_type=\"icon.default\">\n\t\t\t\t<div class=\"elementor-widget-container\">\n\t\t\t\t\t\t\t<div class=\"elementor-icon-wrapper\">\n\t\t\t<div class=\"elementor-icon\">\n\t\t\t<i aria-hidden=\"true\" class=\"fas fa-check-circle\"><\/i>\t\t\t<\/div>\n\t\t<\/div>\n\t\t\t\t\t\t<\/div>\n\t\t\t\t<\/div>\n\t\t\t\t<div class=\"elementor-element elementor-element-ae1f72b elementor-widget elementor-widget-heading\" data-id=\"ae1f72b\" data-element_type=\"widget\" data-e-type=\"widget\" data-widget_type=\"heading.default\">\n\t\t\t\t<div class=\"elementor-widget-container\">\n\t\t\t\t\t<h3 class=\"elementor-heading-title elementor-size-default\">Cria a tua marca<\/h3>\t\t\t\t<\/div>\n\t\t\t\t<\/div>\n\t\t\t\t\t<\/div>\n\t\t\t\t<\/div>\n\t\t\t\t<div class=\"elementor-element elementor-element-41103c5 elementor-widget elementor-widget-text-editor\" data-id=\"41103c5\" data-element_type=\"widget\" data-e-type=\"widget\" data-widget_type=\"text-editor.default\">\n\t\t\t\t<div class=\"elementor-widget-container\">\n\t\t\t\t\t\t\t\t\t<p>Podemos ajudar-te a criar uma identidade de marca \u00fanica para os teus produtos de cuidados pessoais.<\/p>\t\t\t\t\t\t\t\t<\/div>\n\t\t\t\t<\/div>\n\t\t\t\t\t<\/div>\n\t\t\t\t<\/div>\n\t\t\t\t\t<\/div>\n\t\t\t\t<\/div>\n\t\t\t\t\t<\/div>\n\t\t\t\t<\/div>\n\t\t\t\t<\/div>\n\t\t","protected":false},"excerpt":{"rendered":"<p>Empreendedores e empresas em fase de arranque Somos apaixonados por ajudar os empres\u00e1rios e as empresas em fase de arranque a realizar os seus sonhos. Acreditamos que todos merecem a oportunidade de criar uma marca de cuidados pessoais de sucesso. Home Na atual ind\u00fastria competitiva dos cuidados pessoais, os empres\u00e1rios e as empresas em fase [&hellip;]<\/p>\n","protected":false},"author":1,"featured_media":35994,"parent":0,"menu_order":0,"comment_status":"closed","ping_status":"closed","template":"elementor_theme","meta":{"_acf_changed":false,"footnotes":""},"class_list":["post-35992","page","type-page","status-publish","has-post-thumbnail","hentry"],"acf":[],"_links":{"self":[{"href":"https:\/\/www.xiangxiangdaily.com\/pt-pt\/wp-json\/wp\/v2\/pages\/35992","targetHints":{"allow":["GET"]}}],"collection":[{"href":"https:\/\/www.xiangxiangdaily.com\/pt-pt\/wp-json\/wp\/v2\/pages"}],"about":[{"href":"https:\/\/www.xiangxiangdaily.com\/pt-pt\/wp-json\/wp\/v2\/types\/page"}],"author":[{"embeddable":true,"href":"https:\/\/www.xiangxiangdaily.com\/pt-pt\/wp-json\/wp\/v2\/users\/1"}],"replies":[{"embeddable":true,"href":"https:\/\/www.xiangxiangdaily.com\/pt-pt\/wp-json\/wp\/v2\/comments?post=35992"}],"version-history":[{"count":2,"href":"https:\/\/www.xiangxiangdaily.com\/pt-pt\/wp-json\/wp\/v2\/pages\/35992\/revisions"}],"predecessor-version":[{"id":101615,"href":"https:\/\/www.xiangxiangdaily.com\/pt-pt\/wp-json\/wp\/v2\/pages\/35992\/revisions\/101615"}],"wp:featuredmedia":[{"embeddable":true,"href":"https:\/\/www.xiangxiangdaily.com\/pt-pt\/wp-json\/wp\/v2\/media\/35994"}],"wp:attachment":[{"href":"https:\/\/www.xiangxiangdaily.com\/pt-pt\/wp-json\/wp\/v2\/media?parent=35992"}],"curies":[{"name":"wp","href":"https:\/\/api.w.org\/{rel}","templated":true}]}}