{"id":35995,"date":"2023-12-13T16:33:32","date_gmt":"2023-12-13T08:33:32","guid":{"rendered":"https:\/\/www.xiangxiangdaily.com\/agradecimentos\/"},"modified":"2026-04-28T18:07:31","modified_gmt":"2026-04-28T10:07:31","slug":"agradecimentos","status":"publish","type":"page","link":"https:\/\/www.xiangxiangdaily.com\/pt-pt\/agradecimentos\/","title":{"rendered":"Obrigado"},"content":{"rendered":"\t\t<div data-elementor-type=\"wp-page\" data-elementor-id=\"35995\" class=\"elementor elementor-35995 elementor-10487\" data-elementor-post-type=\"page\">\n\t\t\t\t<div class=\"elementor-element elementor-element-24794f0 e-flex e-con-boxed e-con e-parent\" data-id=\"24794f0\" data-element_type=\"container\" data-e-type=\"container\">\n\t\t\t\t\t<div class=\"e-con-inner\">\n\t\t\t\t<div class=\"elementor-element elementor-element-feb6e69 elementor-widget elementor-widget-heading\" data-id=\"feb6e69\" data-element_type=\"widget\" data-e-type=\"widget\" data-widget_type=\"heading.default\">\n\t\t\t\t<div class=\"elementor-widget-container\">\n\t\t\t\t\t<h1 class=\"elementor-heading-title elementor-size-default\">Obrigado por nos escolheres\ud83d\udc96!<\/h1>\t\t\t\t<\/div>\n\t\t\t\t<\/div>\n\t\t<div class=\"elementor-element elementor-element-a708d2c e-flex e-con-boxed e-con e-child\" data-id=\"a708d2c\" data-element_type=\"container\" data-e-type=\"container\">\n\t\t\t\t\t<div class=\"e-con-inner\">\n\t\t<div class=\"elementor-element elementor-element-2276f21 e-flex e-con-boxed e-con e-child\" data-id=\"2276f21\" data-element_type=\"container\" data-e-type=\"container\">\n\t\t\t\t\t<div class=\"e-con-inner\">\n\t\t\t\t<div class=\"elementor-element elementor-element-24dbbd7 elementor-widget elementor-widget-image\" data-id=\"24dbbd7\" data-element_type=\"widget\" data-e-type=\"widget\" data-widget_type=\"image.default\">\n\t\t\t\t<div class=\"elementor-widget-container\">\n\t\t\t\t\t\t\t\t\t\t\t\t\t\t\t<img fetchpriority=\"high\" decoding=\"async\" width=\"800\" height=\"533\" src=\"https:\/\/www.xiangxiangdaily.com\/wp-content\/uploads\/2023\/12\/thanks.webp\" class=\"attachment-large size-large wp-image-35997\" alt=\"agradecimentos\" srcset=\"https:\/\/www.xiangxiangdaily.com\/wp-content\/uploads\/2023\/12\/thanks.webp 800w, https:\/\/www.xiangxiangdaily.com\/wp-content\/uploads\/2023\/12\/thanks-600x400.webp 600w, https:\/\/www.xiangxiangdaily.com\/wp-content\/uploads\/2023\/12\/thanks-300x200.webp 300w, https:\/\/www.xiangxiangdaily.com\/wp-content\/uploads\/2023\/12\/thanks-768x512.webp 768w\" sizes=\"(max-width: 800px) 100vw, 800px\" \/>\t\t\t\t\t\t\t\t\t\t\t\t\t\t\t<\/div>\n\t\t\t\t<\/div>\n\t\t\t\t\t<\/div>\n\t\t\t\t<\/div>\n\t\t<div class=\"elementor-element elementor-element-0ab1bb7 e-flex e-con-boxed e-con e-child\" data-id=\"0ab1bb7\" data-element_type=\"container\" data-e-type=\"container\">\n\t\t\t\t\t<div class=\"e-con-inner\">\n\t\t\t\t<div class=\"elementor-element elementor-element-5236ed5 elementor-widget elementor-widget-text-editor\" data-id=\"5236ed5\" data-element_type=\"widget\" data-e-type=\"widget\" data-widget_type=\"text-editor.default\">\n\t\t\t\t<div class=\"elementor-widget-container\">\n\t\t\t\t\t\t\t\t\t<p>A tua informa\u00e7\u00e3o foi enviada com sucesso.<\/p><p>Entraremos em contacto consigo em breve para agendar uma chamada ou reuni\u00e3o de seguimento.<br><br><i>Entretanto, se tiver alguma quest\u00e3o, n\u00e3o hesite em ligar ou <span style=\"color: #ff6600;\"><a style=\"color: #ff6600;\" href=\"https:\/\/wa.me\/8615986432834\" target=\"_blank\" rel=\"noopener\"><span style=\"text-decoration: underline;\"><span style=\"color: #00ccff; text-decoration: underline;\">contactar-nos<\/span><\/span><\/a><\/span> pelo WhatsApp.<\/i><\/p>\t\t\t\t\t\t\t\t<\/div>\n\t\t\t\t<\/div>\n\t\t<div class=\"elementor-element elementor-element-ea965e7 e-flex e-con-boxed e-con e-child\" data-id=\"ea965e7\" data-element_type=\"container\" data-e-type=\"container\">\n\t\t\t\t\t<div class=\"e-con-inner\">\n\t\t\t\t<div class=\"elementor-element elementor-element-8a0ad7c elementor-widget__width-auto elementor-widget elementor-widget-button\" data-id=\"8a0ad7c\" data-element_type=\"widget\" data-e-type=\"widget\" data-widget_type=\"button.default\">\n\t\t\t\t<div class=\"elementor-widget-container\">\n\t\t\t\t\t\t\t\t\t<div class=\"elementor-button-wrapper\">\n\t\t\t\t\t<a class=\"elementor-button elementor-button-link elementor-size-sm\" href=\"https:\/\/www.xiangxiangdaily.com\/catalogs\/\">\n\t\t\t\t\t\t<span class=\"elementor-button-content-wrapper\">\n\t\t\t\t\t\t<span class=\"elementor-button-icon\">\n\t\t\t\t<i aria-hidden=\"true\" class=\"fas fa-cloud-download-alt\"><\/i>\t\t\t<\/span>\n\t\t\t\t\t\t\t\t\t<span class=\"elementor-button-text\">Cat\u00e1logos<\/span>\n\t\t\t\t\t<\/span>\n\t\t\t\t\t<\/a>\n\t\t\t\t<\/div>\n\t\t\t\t\t\t\t\t<\/div>\n\t\t\t\t<\/div>\n\t\t\t\t<div class=\"elementor-element elementor-element-e594d6d elementor-widget__width-auto elementor-widget elementor-widget-button\" data-id=\"e594d6d\" data-element_type=\"widget\" data-e-type=\"widget\" data-widget_type=\"button.default\">\n\t\t\t\t<div class=\"elementor-widget-container\">\n\t\t\t\t\t\t\t\t\t<div class=\"elementor-button-wrapper\">\n\t\t\t\t\t<a class=\"elementor-button elementor-button-link elementor-size-sm\" href=\"https:\/\/www.xiangxiangdaily.com\/pt-pt\/\">\n\t\t\t\t\t\t<span class=\"elementor-button-content-wrapper\">\n\t\t\t\t\t\t<span class=\"elementor-button-icon\">\n\t\t\t\t<i aria-hidden=\"true\" class=\"fas fa-home\"><\/i>\t\t\t<\/span>\n\t\t\t\t\t\t\t\t\t<span class=\"elementor-button-text\">Volta para casa<\/span>\n\t\t\t\t\t<\/span>\n\t\t\t\t\t<\/a>\n\t\t\t\t<\/div>\n\t\t\t\t\t\t\t\t<\/div>\n\t\t\t\t<\/div>\n\t\t\t\t\t<\/div>\n\t\t\t\t<\/div>\n\t\t\t\t\t<\/div>\n\t\t\t\t<\/div>\n\t\t\t\t\t<\/div>\n\t\t\t\t<\/div>\n\t\t\t\t\t<\/div>\n\t\t\t\t<\/div>\n\t\t\t\t<\/div>\n\t\t","protected":false},"excerpt":{"rendered":"<p>Obrigado por nos escolheres\ud83d\udc96! A tua informa\u00e7\u00e3o foi enviada com sucesso. Entraremos em contacto consigo em breve para agendar uma chamada ou reuni\u00e3o de seguimento. Entretanto, se tiver alguma quest\u00e3o, n\u00e3o hesite em ligar ou contactar-nos pelo WhatsApp. Cat\u00e1logos Volta para casa<\/p>\n","protected":false},"author":1,"featured_media":35997,"parent":0,"menu_order":0,"comment_status":"closed","ping_status":"closed","template":"elementor_theme","meta":{"_acf_changed":false,"footnotes":""},"class_list":["post-35995","page","type-page","status-publish","has-post-thumbnail","hentry"],"acf":[],"_links":{"self":[{"href":"https:\/\/www.xiangxiangdaily.com\/pt-pt\/wp-json\/wp\/v2\/pages\/35995","targetHints":{"allow":["GET"]}}],"collection":[{"href":"https:\/\/www.xiangxiangdaily.com\/pt-pt\/wp-json\/wp\/v2\/pages"}],"about":[{"href":"https:\/\/www.xiangxiangdaily.com\/pt-pt\/wp-json\/wp\/v2\/types\/page"}],"author":[{"embeddable":true,"href":"https:\/\/www.xiangxiangdaily.com\/pt-pt\/wp-json\/wp\/v2\/users\/1"}],"replies":[{"embeddable":true,"href":"https:\/\/www.xiangxiangdaily.com\/pt-pt\/wp-json\/wp\/v2\/comments?post=35995"}],"version-history":[{"count":2,"href":"https:\/\/www.xiangxiangdaily.com\/pt-pt\/wp-json\/wp\/v2\/pages\/35995\/revisions"}],"predecessor-version":[{"id":101407,"href":"https:\/\/www.xiangxiangdaily.com\/pt-pt\/wp-json\/wp\/v2\/pages\/35995\/revisions\/101407"}],"wp:featuredmedia":[{"embeddable":true,"href":"https:\/\/www.xiangxiangdaily.com\/pt-pt\/wp-json\/wp\/v2\/media\/35997"}],"wp:attachment":[{"href":"https:\/\/www.xiangxiangdaily.com\/pt-pt\/wp-json\/wp\/v2\/media?parent=35995"}],"curies":[{"name":"wp","href":"https:\/\/api.w.org\/{rel}","templated":true}]}}