{"id":35998,"date":"2023-12-08T18:05:54","date_gmt":"2023-12-08T10:05:54","guid":{"rendered":"https:\/\/www.xiangxiangdaily.com\/comercio-eletronico-e-retalhistas\/"},"modified":"2025-11-12T10:48:52","modified_gmt":"2025-11-12T02:48:52","slug":"comercio-eletronico-e-retalhistas","status":"publish","type":"page","link":"https:\/\/www.xiangxiangdaily.com\/pt-pt\/comercio-eletronico-e-retalhistas\/","title":{"rendered":"Com\u00e9rcio eletr\u00f3nico e retalhistas"},"content":{"rendered":"\t\t<div data-elementor-type=\"wp-page\" data-elementor-id=\"35998\" class=\"elementor elementor-35998 elementor-9905\" data-elementor-post-type=\"page\">\n\t\t\t\t<div class=\"elementor-element elementor-element-16de91d1 e-flex e-con-boxed e-con e-parent\" data-id=\"16de91d1\" data-element_type=\"container\" data-e-type=\"container\" data-settings=\"{&quot;background_background&quot;:&quot;classic&quot;}\">\n\t\t\t\t\t<div class=\"e-con-inner\">\n\t\t\t\t<div class=\"elementor-element elementor-element-4609a700 elementor-widget elementor-widget-heading\" data-id=\"4609a700\" data-element_type=\"widget\" data-e-type=\"widget\" data-widget_type=\"heading.default\">\n\t\t\t\t<div class=\"elementor-widget-container\">\n\t\t\t\t\t<h1 class=\"elementor-heading-title elementor-size-default\">Solu\u00e7\u00e3o para com\u00e9rcio eletr\u00f3nico e retalhistas<\/h1>\t\t\t\t<\/div>\n\t\t\t\t<\/div>\n\t\t\t\t<div class=\"elementor-element elementor-element-5076f3ad elementor-widget elementor-widget-heading\" data-id=\"5076f3ad\" data-element_type=\"widget\" data-e-type=\"widget\" data-widget_type=\"heading.default\">\n\t\t\t\t<div class=\"elementor-widget-container\">\n\t\t\t\t\t<p class=\"elementor-heading-title elementor-size-default\">Empenhados em fornecer aos nossos clientes os recursos e o apoio de que necessitam para serem bem sucedidos no ambiente de com\u00e9rcio eletr\u00f3nico e retalho em constante mudan\u00e7a.<\/p>\t\t\t\t<\/div>\n\t\t\t\t<\/div>\n\t\t\t\t<div class=\"elementor-element elementor-element-d85a150 elementor-widget elementor-widget-breadcrumbs\" data-id=\"d85a150\" data-element_type=\"widget\" data-e-type=\"widget\" data-widget_type=\"breadcrumbs.default\">\n\t\t\t\t<div class=\"elementor-widget-container\">\n\t\t\t\t\t<nav><span class=\"last\">Casa<\/span><\/nav>\t\t\t\t<\/div>\n\t\t\t\t<\/div>\n\t\t\t\t\t<\/div>\n\t\t\t\t<\/div>\n\t\t<div class=\"elementor-element elementor-element-6c9b7da e-flex e-con-boxed e-con e-parent\" data-id=\"6c9b7da\" data-element_type=\"container\" data-e-type=\"container\" data-settings=\"{&quot;background_background&quot;:&quot;classic&quot;}\">\n\t\t\t\t\t<div class=\"e-con-inner\">\n\t\t<div class=\"elementor-element elementor-element-692afdc e-flex e-con-boxed e-con e-child\" data-id=\"692afdc\" data-element_type=\"container\" data-e-type=\"container\">\n\t\t\t\t\t<div class=\"e-con-inner\">\n\t\t\t\t<div class=\"elementor-element elementor-element-4a4ed38 elementor-widget elementor-widget-heading\" data-id=\"4a4ed38\" data-element_type=\"widget\" data-e-type=\"widget\" data-widget_type=\"heading.default\">\n\t\t\t\t<div class=\"elementor-widget-container\">\n\t\t\t\t\t<h5 class=\"elementor-heading-title elementor-size-default\">Mais de 3000 fornecedores de marcas de cosm\u00e9ticos<\/h5>\t\t\t\t<\/div>\n\t\t\t\t<\/div>\n\t\t\t\t<div class=\"elementor-element elementor-element-2335f20 elementor-widget elementor-widget-heading\" data-id=\"2335f20\" data-element_type=\"widget\" data-e-type=\"widget\" data-widget_type=\"heading.default\">\n\t\t\t\t<div class=\"elementor-widget-container\">\n\t\t\t\t\t<h2 class=\"elementor-heading-title elementor-size-default\">Faz crescer o teu neg\u00f3cio de com\u00e9rcio eletr\u00f3nico com as nossas solu\u00e7\u00f5es comprovadas<\/h2>\t\t\t\t<\/div>\n\t\t\t\t<\/div>\n\t\t\t\t<div class=\"elementor-element elementor-element-050424d elementor-widget elementor-widget-heading\" data-id=\"050424d\" data-element_type=\"widget\" data-e-type=\"widget\" data-widget_type=\"heading.default\">\n\t\t\t\t<div class=\"elementor-widget-container\">\n\t\t\t\t\t<p class=\"elementor-heading-title elementor-size-default\">A nossa solu\u00e7\u00e3o de com\u00e9rcio eletr\u00f3nico baseia-se em anos de experi\u00eancia e investiga\u00e7\u00e3o. Ajud\u00e1mos milhares de retalhistas a fazer crescer os seus neg\u00f3cios e podemos ajudar-te tamb\u00e9m.<\/p>\t\t\t\t<\/div>\n\t\t\t\t<\/div>\n\t\t\t\t<div class=\"elementor-element elementor-element-b6838d2 elementor-widget elementor-widget-button\" data-id=\"b6838d2\" data-element_type=\"widget\" data-e-type=\"widget\" data-widget_type=\"button.default\">\n\t\t\t\t<div class=\"elementor-widget-container\">\n\t\t\t\t\t\t\t\t\t<div class=\"elementor-button-wrapper\">\n\t\t\t\t\t<a class=\"elementor-button elementor-button-link elementor-size-sm\" href=\"#elementor-action%3Aaction%3Dpopup%3Aopen%26settings%3DeyJpZCI6ODQ4MTIsInRvZ2dsZSI6ZmFsc2V9\">\n\t\t\t\t\t\t<span class=\"elementor-button-content-wrapper\">\n\t\t\t\t\t\t\t\t\t<span class=\"elementor-button-text\">Fala sobre o teu projeto<\/span>\n\t\t\t\t\t<\/span>\n\t\t\t\t\t<\/a>\n\t\t\t\t<\/div>\n\t\t\t\t\t\t\t\t<\/div>\n\t\t\t\t<\/div>\n\t\t\t\t\t<\/div>\n\t\t\t\t<\/div>\n\t\t<div class=\"elementor-element elementor-element-bf2cf63 e-flex e-con-boxed e-con e-child\" data-id=\"bf2cf63\" data-element_type=\"container\" data-e-type=\"container\">\n\t\t\t\t\t<div class=\"e-con-inner\">\n\t\t\t\t<div class=\"elementor-element elementor-element-f45ffeb elementor-widget elementor-widget-image\" data-id=\"f45ffeb\" data-element_type=\"widget\" data-e-type=\"widget\" data-widget_type=\"image.default\">\n\t\t\t\t<div class=\"elementor-widget-container\">\n\t\t\t\t\t\t\t\t\t\t\t\t\t\t\t<img fetchpriority=\"high\" decoding=\"async\" width=\"500\" height=\"353\" src=\"https:\/\/www.xiangxiangdaily.com\/wp-content\/uploads\/2024\/01\/Beauty-Salon-Product-Manufacturer.webp\" class=\"attachment-large size-large wp-image-36103\" alt=\"\" srcset=\"https:\/\/www.xiangxiangdaily.com\/wp-content\/uploads\/2024\/01\/Beauty-Salon-Product-Manufacturer.webp 500w, https:\/\/www.xiangxiangdaily.com\/wp-content\/uploads\/2024\/01\/Beauty-Salon-Product-Manufacturer-300x212.webp 300w\" sizes=\"(max-width: 500px) 100vw, 500px\" \/>\t\t\t\t\t\t\t\t\t\t\t\t\t\t\t<\/div>\n\t\t\t\t<\/div>\n\t\t\t\t\t<\/div>\n\t\t\t\t<\/div>\n\t\t\t\t\t<\/div>\n\t\t\t\t<\/div>\n\t\t<div class=\"elementor-element elementor-element-76a0d6d e-flex e-con-boxed e-con e-parent\" data-id=\"76a0d6d\" data-element_type=\"container\" data-e-type=\"container\">\n\t\t\t\t\t<div class=\"e-con-inner\">\n\t\t\t\t<div class=\"elementor-element elementor-element-439b752 elementor-widget elementor-widget-text-editor\" data-id=\"439b752\" data-element_type=\"widget\" data-e-type=\"widget\" data-widget_type=\"text-editor.default\">\n\t\t\t\t<div class=\"elementor-widget-container\">\n\t\t\t\t\t\t\t\t\t<p>Enquanto <a class=\"link-whisper\" title=\"Fabricante de produtos de higiene corporal\" href=\"https:\/\/www.xiangxiangdaily.com\/pt-pt\/fabricante-de-produtos-para-o-corpo\/\" target=\"_blank\" rel=\"noopener\" data-wpil-monitor-id=\"109\">fabricante de<\/a> produtos de cuidados pessoais com uma vasta experi\u00eancia em produtos para o cabelo, compreendemos os desafios e as oportunidades \u00fanicas que as plataformas de com\u00e9rcio eletr\u00f3nico e os retalhistas enfrentam no mercado competitivo de hoje. Quer sejas uma loja online, um grande retalhista ou uma boutique, oferecemos <strong>produtos <a class=\"link-whisper\" title=\"Fabricante de produtos para o cuidado do cabelo\" href=\"https:\/\/www.xiangxiangdaily.com\/pt-pt\/fabricante-de-produtos-para-o-cabelo\/\" target=\"_blank\" rel=\"noopener\" data-wpil-monitor-id=\"803\">de cuidados capilares<\/a> personalizados<\/strong>, adaptados \u00e0s necessidades dos teus clientes e aos teus objectivos comerciais. O nosso historial comprovado na ind\u00fastria garante que podemos ajudar-te a fornecer produtos distintos e de alta qualidade que impulsionam as vendas e a fidelidade do cliente.<\/p>\n<h3>1. Formula\u00e7\u00f5es de produtos personalizadas para o teu mercado<\/h3>\n<p>Os mercados de com\u00e9rcio eletr\u00f3nico e retalhista s\u00e3o incrivelmente diversificados, com clientes que procuram uma vasta gama de produtos especializados. Quer o teu p\u00fablico prefira <strong>solu\u00e7\u00f5es de cuidados para o cabelo<\/strong> <strong>org\u00e2nicas, veganas<\/strong> ou <strong>de luxo<\/strong>, oferecemos <strong>f\u00f3rmulas de produtos personalizadas<\/strong> concebidas para satisfazer as exig\u00eancias espec\u00edficas do mercado. A nossa equipa de especialistas colabora contigo para criar champ\u00f4s, amaciadores e outros produtos para o cuidado do cabelo que se alinham com a identidade da tua marca e as prefer\u00eancias dos clientes.<\/p>\n<p>Temos em considera\u00e7\u00e3o factores-chave como as tend\u00eancias dos ingredientes, as altera\u00e7\u00f5es sazonais e as preocupa\u00e7\u00f5es populares em termos de cuidados capilares, como a hidrata\u00e7\u00e3o, o fortalecimento ou o volume, para garantir que a tua linha de produtos se repercute nos consumidores a que te diriges.<\/p>\n<h3>2. Solu\u00e7\u00f5es de marca pr\u00f3pria e de marca branca<\/h3>\n<p>Para as plataformas de com\u00e9rcio eletr\u00f3nico e os retalhistas, ter uma <strong>linha de produtos de marca pr\u00f3pria<\/strong> \u00e9 uma excelente forma de criar reconhecimento da marca e fidelidade do cliente. Fornecemos <strong>servi\u00e7os de marca pr\u00f3pria<\/strong> que te permitem vender produtos para o cabelo com a tua pr\u00f3pria marca. Com total flexibilidade sobre o design da embalagem, a coloca\u00e7\u00e3o do log\u00f3tipo e os materiais de marketing, podes criar uma linha de produtos que se destaca da concorr\u00eancia.<\/p>\n<p>Para aqueles que pretendem entrar rapidamente no mercado, tamb\u00e9m oferecemos <strong>solu\u00e7\u00f5es de marca branca -<\/strong>produtos <strong>prontos a<\/strong>usar que podem ser rebatizados e lan\u00e7ados com facilidade. Isto permite-te concentrar-te no marketing e na distribui\u00e7\u00e3o sem o longo processo de desenvolvimento do produto.<\/p>\n<h3>3. Solu\u00e7\u00f5es de fabrico escal\u00e1vel e de cadeia de abastecimento flex\u00edvel<\/h3>\n<p>Os retalhistas e as empresas de com\u00e9rcio eletr\u00f3nico necessitam de <strong>escalabilidade e flexibilidade<\/strong>, especialmente quando se trata de navegar por uma procura flutuante ou por tend\u00eancias sazonais. As nossas capacidades de fabrico permitem-nos aumentar ou diminuir a produ\u00e7\u00e3o com base nas tuas necessidades, assegurando que nunca te falte stock ou que tenhas excesso de invent\u00e1rio.<\/p>\n<p>Al\u00e9m disso, oferecemos solu\u00e7\u00f5es flex\u00edveis de embalagem e cadeia de fornecimento para apoiar o teu modelo de neg\u00f3cio, quer necessites de envios a granel, unidades individuais para venda a retalho individual ou embalagens ecol\u00f3gicas para cumprir os objectivos de sustentabilidade.<\/p>\n<h3>4. Conhecimentos especializados em mat\u00e9ria de conformidade regulamentar e tend\u00eancias do mercado<\/h3>\n<p>A nossa vasta experi\u00eancia na ind\u00fastria <a class=\"link-whisper\" title=\"Os 20 principais fornecedores de produtos de higiene pessoal e cosm\u00e9ticos na China\" href=\"https:\/\/www.xiangxiangdaily.com\/pt-pt\/top-20-personal-care-cosmetics-suppliers-in-china\/\" target=\"_blank\" rel=\"noopener\" data-wpil-monitor-id=\"2685\">de cuidados pessoais<\/a> garante que todos os nossos produtos cumprem <strong>as normas regulamentares<\/strong> em diferentes regi\u00f5es, incluindo os EUA, a UE e a \u00c1sia. Mantemo-nos \u00e0 frente dos regulamentos da ind\u00fastria e das diretrizes de seguran\u00e7a, assegurando que os teus produtos est\u00e3o em total conformidade com as mais recentes regras e certifica\u00e7\u00f5es, tais como normas <strong>sem crueldade<\/strong>, <strong>sem parabenos<\/strong> ou <strong>org\u00e2nicas<\/strong>.<\/p>\n<p>Al\u00e9m disso, a nossa equipa monitoriza <strong>as tend\u00eancias emergentes do mercado<\/strong>, por isso, quer se trate do aumento de consumidores com consci\u00eancia ecol\u00f3gica ou dos mais recentes ingredientes que ganham popularidade, podes confiar que os nossos produtos ir\u00e3o satisfazer as exig\u00eancias em evolu\u00e7\u00e3o dos teus clientes.<\/p>\n<h3>5. Sucesso comprovado no com\u00e9rcio eletr\u00f3nico e no retalho<\/h3>\n<p>Trabalh\u00e1mos com uma vasta gama de <strong>plataformas de com\u00e9rcio eletr\u00f3nico<\/strong> e <strong>retalhistas<\/strong>, desde boutiques online a grandes marcas estabelecidas. Os nossos clientes t\u00eam aproveitado com sucesso os nossos produtos para se diferenciarem no mercado, oferecendo solu\u00e7\u00f5es de cuidados capilares \u00fanicas e de alta qualidade que fazem com que os clientes voltem sempre.<\/p>\n<p>Por exemplo, ajud\u00e1mos empresas de com\u00e9rcio eletr\u00f3nico a desenvolver produtos de cuidados capilares baseados em assinaturas que proporcionam receitas recorrentes e apoi\u00e1mos retalhistas no lan\u00e7amento de linhas de produtos sazonais que capitalizam as tend\u00eancias das compras de fim de ano. A nossa abordagem flex\u00edvel permite-nos adaptar as nossas solu\u00e7\u00f5es \u00e0s suas estrat\u00e9gias de mercado e objectivos de crescimento espec\u00edficos.<\/p>\n<h3>6. Desenvolvimento colaborativo de produtos e apoio cont\u00ednuo<\/h3>\n<p>Orgulhamo-nos de adotar uma <strong>abordagem de colabora\u00e7\u00e3o<\/strong> com os nossos clientes de retalho e com\u00e9rcio eletr\u00f3nico. Desde a consulta inicial at\u00e9 ao lan\u00e7amento do produto e mais al\u00e9m, trabalhamos em estreita colabora\u00e7\u00e3o contigo em todas as fases de desenvolvimento. Acreditamos que compreender a vis\u00e3o da tua marca e as necessidades dos teus clientes \u00e9 fundamental para fornecer uma linha de produtos que n\u00e3o s\u00f3 seja bem sucedida como tamb\u00e9m resista ao teste do tempo.<\/p>\n<p>Para al\u00e9m do desenvolvimento de produtos, oferecemos <strong>apoio cont\u00ednuo<\/strong> para o ajudar a ajustar as f\u00f3rmulas, introduzir novos produtos ou aumentar a produ\u00e7\u00e3o com base no crescimento do seu neg\u00f3cio. Quer pretendas expandir a tua linha de produtos ou adaptar-te \u00e0s novas tend\u00eancias de consumo, estamos aqui para garantir o teu sucesso a longo prazo.<\/p>\n\t\t\t\t\t\t\t\t<\/div>\n\t\t\t\t<\/div>\n\t\t\t\t\t<\/div>\n\t\t\t\t<\/div>\n\t\t\t\t<\/div>\n\t\t","protected":false},"excerpt":{"rendered":"<p>Solu\u00e7\u00e3o para com\u00e9rcio eletr\u00f3nico e retalhistas Empenhados em fornecer aos nossos clientes os recursos e o apoio de que necessitam para serem bem sucedidos no ambiente de com\u00e9rcio eletr\u00f3nico e retalho em constante mudan\u00e7a. Home Mais de 3000 fornecedores de marcas de cosm\u00e9ticos Faz crescer o teu neg\u00f3cio de com\u00e9rcio eletr\u00f3nico com as nossas solu\u00e7\u00f5es [&hellip;]<\/p>\n","protected":false},"author":1,"featured_media":36000,"parent":0,"menu_order":0,"comment_status":"closed","ping_status":"closed","template":"elementor_theme","meta":{"_acf_changed":false,"footnotes":""},"class_list":["post-35998","page","type-page","status-publish","has-post-thumbnail","hentry"],"acf":[],"_links":{"self":[{"href":"https:\/\/www.xiangxiangdaily.com\/pt-pt\/wp-json\/wp\/v2\/pages\/35998","targetHints":{"allow":["GET"]}}],"collection":[{"href":"https:\/\/www.xiangxiangdaily.com\/pt-pt\/wp-json\/wp\/v2\/pages"}],"about":[{"href":"https:\/\/www.xiangxiangdaily.com\/pt-pt\/wp-json\/wp\/v2\/types\/page"}],"author":[{"embeddable":true,"href":"https:\/\/www.xiangxiangdaily.com\/pt-pt\/wp-json\/wp\/v2\/users\/1"}],"replies":[{"embeddable":true,"href":"https:\/\/www.xiangxiangdaily.com\/pt-pt\/wp-json\/wp\/v2\/comments?post=35998"}],"version-history":[{"count":0,"href":"https:\/\/www.xiangxiangdaily.com\/pt-pt\/wp-json\/wp\/v2\/pages\/35998\/revisions"}],"wp:featuredmedia":[{"embeddable":true,"href":"https:\/\/www.xiangxiangdaily.com\/pt-pt\/wp-json\/wp\/v2\/media\/36000"}],"wp:attachment":[{"href":"https:\/\/www.xiangxiangdaily.com\/pt-pt\/wp-json\/wp\/v2\/media?parent=35998"}],"curies":[{"name":"wp","href":"https:\/\/api.w.org\/{rel}","templated":true}]}}