{"id":36003,"date":"2023-12-09T10:09:23","date_gmt":"2023-12-09T02:09:23","guid":{"rendered":"https:\/\/www.xiangxiangdaily.com\/salao-de-beleza-spa\/"},"modified":"2026-04-28T18:07:23","modified_gmt":"2026-04-28T10:07:23","slug":"salao-de-beleza-spa","status":"publish","type":"page","link":"https:\/\/www.xiangxiangdaily.com\/pt-pt\/salao-de-beleza-spa\/","title":{"rendered":"Sal\u00e3o de beleza e spa"},"content":{"rendered":"\t\t<div data-elementor-type=\"wp-page\" data-elementor-id=\"36003\" class=\"elementor elementor-36003 elementor-9933\" data-elementor-post-type=\"page\">\n\t\t\t\t<div class=\"elementor-element elementor-element-3f866b89 e-flex e-con-boxed e-con e-parent\" data-id=\"3f866b89\" data-element_type=\"container\" data-e-type=\"container\" data-settings=\"{&quot;background_background&quot;:&quot;classic&quot;}\">\n\t\t\t\t\t<div class=\"e-con-inner\">\n\t\t\t\t<div class=\"elementor-element elementor-element-1d734e5b elementor-widget elementor-widget-heading\" data-id=\"1d734e5b\" data-element_type=\"widget\" data-e-type=\"widget\" data-widget_type=\"heading.default\">\n\t\t\t\t<div class=\"elementor-widget-container\">\n\t\t\t\t\t<h1 class=\"elementor-heading-title elementor-size-default\">Bauty salon &amp; spa slution<\/h1>\t\t\t\t<\/div>\n\t\t\t\t<\/div>\n\t\t\t\t<div class=\"elementor-element elementor-element-38a0c3f elementor-widget elementor-widget-text-editor\" data-id=\"38a0c3f\" data-element_type=\"widget\" data-e-type=\"widget\" data-widget_type=\"text-editor.default\">\n\t\t\t\t<div class=\"elementor-widget-container\">\n\t\t\t\t\t\t\t\t\t<p>Os nossos produtos s\u00e3o concebidos para serem eficazes, seguros e acess\u00edveis, ajudando os sal\u00f5es e spas a proporcionar a melhor experi\u00eancia aos seus clientes.<\/p>\t\t\t\t\t\t\t\t<\/div>\n\t\t\t\t<\/div>\n\t\t\t\t<div class=\"elementor-element elementor-element-25315c0 elementor-widget elementor-widget-breadcrumbs\" data-id=\"25315c0\" data-element_type=\"widget\" data-e-type=\"widget\" data-widget_type=\"breadcrumbs.default\">\n\t\t\t\t<div class=\"elementor-widget-container\">\n\t\t\t\t\t<nav><span class=\"last\">Casa<\/span><\/nav>\t\t\t\t<\/div>\n\t\t\t\t<\/div>\n\t\t\t\t\t<\/div>\n\t\t\t\t<\/div>\n\t\t<div class=\"elementor-element elementor-element-c4728be e-flex e-con-boxed e-con e-parent\" data-id=\"c4728be\" data-element_type=\"container\" data-e-type=\"container\" data-settings=\"{&quot;background_background&quot;:&quot;classic&quot;}\">\n\t\t\t\t\t<div class=\"e-con-inner\">\n\t\t<div class=\"elementor-element elementor-element-f624669 e-flex e-con-boxed e-con e-child\" data-id=\"f624669\" data-element_type=\"container\" data-e-type=\"container\">\n\t\t\t\t\t<div class=\"e-con-inner\">\n\t\t\t\t<div class=\"elementor-element elementor-element-c1146ca elementor-widget elementor-widget-heading\" data-id=\"c1146ca\" data-element_type=\"widget\" data-e-type=\"widget\" data-widget_type=\"heading.default\">\n\t\t\t\t<div class=\"elementor-widget-container\">\n\t\t\t\t\t<div class=\"elementor-heading-title elementor-size-default\">Mais de 3000 fornecedores de marcas de beleza<\/div>\t\t\t\t<\/div>\n\t\t\t\t<\/div>\n\t\t\t\t<div class=\"elementor-element elementor-element-90cc8e6 elementor-widget elementor-widget-heading\" data-id=\"90cc8e6\" data-element_type=\"widget\" data-e-type=\"widget\" data-widget_type=\"heading.default\">\n\t\t\t\t<div class=\"elementor-widget-container\">\n\t\t\t\t\t<h2 class=\"elementor-heading-title elementor-size-default\">Impulsiona o teu neg\u00f3cio de sal\u00e3o de beleza ao mais baixo custo<\/h2>\t\t\t\t<\/div>\n\t\t\t\t<\/div>\n\t\t\t\t<div class=\"elementor-element elementor-element-7ba5504 elementor-widget elementor-widget-text-editor\" data-id=\"7ba5504\" data-element_type=\"widget\" data-e-type=\"widget\" data-widget_type=\"text-editor.default\">\n\t\t\t\t<div class=\"elementor-widget-container\">\n\t\t\t\t\t\t\t\t\t<p>Somos um fabricante l\u00edder de produtos para o cuidado do cabelo e os nossos produtos t\u00eam a confian\u00e7a de sal\u00f5es de todo o mundo. Oferecemos uma vasta gama de produtos para satisfazer as necessidades de todos os teus clientes, e tamb\u00e9m oferecemos f\u00f3rmulas personalizadas para criar o produto perfeito para o teu sal\u00e3o.<\/p>\t\t\t\t\t\t\t\t<\/div>\n\t\t\t\t<\/div>\n\t\t\t\t<div class=\"elementor-element elementor-element-ccf37ef elementor-widget elementor-widget-button\" data-id=\"ccf37ef\" data-element_type=\"widget\" data-e-type=\"widget\" data-widget_type=\"button.default\">\n\t\t\t\t<div class=\"elementor-widget-container\">\n\t\t\t\t\t\t\t\t\t<div class=\"elementor-button-wrapper\">\n\t\t\t\t\t<a class=\"elementor-button elementor-button-link elementor-size-sm\" href=\"#elementor-action%3Aaction%3Dpopup%3Aopen%26settings%3DeyJpZCI6ODQ4MTIsInRvZ2dsZSI6ZmFsc2V9\">\n\t\t\t\t\t\t<span class=\"elementor-button-content-wrapper\">\n\t\t\t\t\t\t\t\t\t<span class=\"elementor-button-text\">Fala sobre o teu projeto<\/span>\n\t\t\t\t\t<\/span>\n\t\t\t\t\t<\/a>\n\t\t\t\t<\/div>\n\t\t\t\t\t\t\t\t<\/div>\n\t\t\t\t<\/div>\n\t\t\t\t\t<\/div>\n\t\t\t\t<\/div>\n\t\t<div class=\"elementor-element elementor-element-64a1b2a e-flex e-con-boxed e-con e-child\" data-id=\"64a1b2a\" data-element_type=\"container\" data-e-type=\"container\">\n\t\t\t\t\t<div class=\"e-con-inner\">\n\t\t\t\t<div class=\"elementor-element elementor-element-b02fb33 elementor-widget elementor-widget-image\" data-id=\"b02fb33\" data-element_type=\"widget\" data-e-type=\"widget\" data-widget_type=\"image.default\">\n\t\t\t\t<div class=\"elementor-widget-container\">\n\t\t\t\t\t\t\t\t\t\t\t\t\t\t\t<img fetchpriority=\"high\" decoding=\"async\" width=\"500\" height=\"353\" src=\"https:\/\/www.xiangxiangdaily.com\/wp-content\/uploads\/2024\/01\/Beauty-Salon-Product-Manufacturer.webp\" class=\"attachment-large size-large wp-image-36103\" alt=\"Fabricante de produtos para sal\u00e3o de beleza\" srcset=\"https:\/\/www.xiangxiangdaily.com\/wp-content\/uploads\/2024\/01\/Beauty-Salon-Product-Manufacturer.webp 500w, https:\/\/www.xiangxiangdaily.com\/wp-content\/uploads\/2024\/01\/Beauty-Salon-Product-Manufacturer-300x212.webp 300w\" sizes=\"(max-width: 500px) 100vw, 500px\" \/>\t\t\t\t\t\t\t\t\t\t\t\t\t\t\t<\/div>\n\t\t\t\t<\/div>\n\t\t\t\t\t<\/div>\n\t\t\t\t<\/div>\n\t\t\t\t\t<\/div>\n\t\t\t\t<\/div>\n\t\t<div class=\"elementor-element elementor-element-5d6aead e-flex e-con-boxed e-con e-parent\" data-id=\"5d6aead\" data-element_type=\"container\" data-e-type=\"container\">\n\t\t\t\t\t<div class=\"e-con-inner\">\n\t\t\t\t<div class=\"elementor-element elementor-element-1893d67 elementor-widget elementor-widget-heading\" data-id=\"1893d67\" data-element_type=\"widget\" data-e-type=\"widget\" data-widget_type=\"heading.default\">\n\t\t\t\t<div class=\"elementor-widget-container\">\n\t\t\t\t\t<h2 class=\"elementor-heading-title elementor-size-default\">Os melhores produtos de cuidado do cabelo para o teu sal\u00e3o<\/h2>\t\t\t\t<\/div>\n\t\t\t\t<\/div>\n\t\t\t\t<div class=\"elementor-element elementor-element-7bec875 elementor-widget elementor-widget-text-editor\" data-id=\"7bec875\" data-element_type=\"widget\" data-e-type=\"widget\" data-widget_type=\"text-editor.default\">\n\t\t\t\t<div class=\"elementor-widget-container\">\n\t\t\t\t\t\t\t\t\t<p>No mercado competitivo de hoje, os sal\u00f5es de beleza precisam de oferecer produtos de alta qualidade para se destacarem da concorr\u00eancia. Os nossos <a href=\"https:\/\/www.xiangxiangdaily.com\/pt-pt\/categoria-do-produto\/cuidados-com-o-cabelo\/\">produtos de cuidados capilares<\/a> s\u00e3o feitos com os melhores ingredientes e formula\u00e7\u00f5es, sendo eficazes para todos os tipos de cabelo.<\/p>\t\t\t\t\t\t\t\t<\/div>\n\t\t\t\t<\/div>\n\t\t\t\t<div class=\"elementor-element elementor-element-5a4b824 elementor-widget-divider--view-line elementor-widget elementor-widget-divider\" data-id=\"5a4b824\" data-element_type=\"widget\" data-e-type=\"widget\" data-widget_type=\"divider.default\">\n\t\t\t\t<div class=\"elementor-widget-container\">\n\t\t\t\t\t\t\t<div class=\"elementor-divider\">\n\t\t\t<span class=\"elementor-divider-separator\">\n\t\t\t\t\t\t<\/span>\n\t\t<\/div>\n\t\t\t\t\t\t<\/div>\n\t\t\t\t<\/div>\n\t\t\t\t<div class=\"elementor-element elementor-element-8569e17 elementor-widget elementor-widget-text-editor\" data-id=\"8569e17\" data-element_type=\"widget\" data-e-type=\"widget\" data-widget_type=\"text-editor.default\">\n\t\t\t\t<div class=\"elementor-widget-container\">\n\t\t\t\t\t\t\t\t\t<p>Como <a class=\"link-whisper\" title=\"Fabricante de produtos de higiene corporal\" href=\"https:\/\/www.xiangxiangdaily.com\/pt-pt\/body-care-manufacturer-2\/\" target=\"_blank\" rel=\"noopener\" data-wpil-monitor-id=\"99\">fabricante l\u00edder de produtos de cuidados pessoais<\/a>, especializamo-nos no fornecimento de champ\u00f4s, amaciadores e outras solu\u00e7\u00f5es de cuidados capilares de alta qualidade para sal\u00f5es, spas e outras empresas de beleza profissional. Compreendemos que cada sal\u00e3o tem a sua pr\u00f3pria identidade, clientela e padr\u00f5es de servi\u00e7o \u00fanicos. \u00c9 por isso que oferecemos <strong>o desenvolvimento de produtos personalizados<\/strong> para garantir que obt\u00e9m exatamente o que precisa para se destacar num mercado competitivo.<\/p><h3>1. Formula\u00e7\u00f5es \u00e0 medida<\/h3><p>Os teus clientes confiam em ti para ofereceres o melhor, e n\u00f3s ajudamos-te a cumpri-lo, criando produtos especificamente adaptados \u00e0s tuas necessidades. Quer estejas \u00e0 procura de champ\u00f4s sem sulfatos, amaciadores nutritivos ou f\u00f3rmulas org\u00e2nicas, trabalhamos contigo para desenvolver <strong>f\u00f3rmulas personalizadas<\/strong> que se alinham com os valores da tua marca e as prefer\u00eancias dos clientes.<\/p><p>A nossa equipa de especialistas colabora contigo para determinar os ingredientes, aromas, texturas e embalagens que melhor reflectem a imagem do teu sal\u00e3o e satisfazem as necessidades dos teus clientes. Desde o volume e a textura do cabelo dos teus clientes at\u00e9 \u00e0s tend\u00eancias sazonais em termos de cuidados com o cabelo, certificamo-nos de que os nossos produtos se adequam perfeitamente ao teu neg\u00f3cio.<\/p><h3>2. Marca pr\u00f3pria e marca de fabricante<\/h3><p>N\u00e3o nos limitamos \u00e0 formula\u00e7\u00e3o. Oferecemos <strong>servi\u00e7os de marca pr\u00f3pria<\/strong> para dar ao teu sal\u00e3o ou spa a sua pr\u00f3pria linha de produtos para o cabelo. Com o nome e o log\u00f3tipo da tua marca nas garrafas, crias uma experi\u00eancia mais personalizada para o cliente e constr\u00f3is a fidelidade \u00e0 marca.<\/p><p>A nossa equipa de design pode ajudar a criar um log\u00f3tipo ou a atualizar a sua embalagem para dar um aspeto fresco e moderno que capte a ess\u00eancia da sua empresa. Isto n\u00e3o s\u00f3 melhora a imagem da tua marca, como tamb\u00e9m abre um fluxo de receitas adicional atrav\u00e9s da venda dos teus produtos exclusivos no teu sal\u00e3o.<\/p><h3>3. Flexibilidade nas encomendas e nas embalagens<\/h3><p>Compreendemos as necessidades das empresas, grandes e pequenas. Quer se trate de um sal\u00e3o boutique ou de uma grande cadeia, oferecemos op\u00e7\u00f5es de encomenda flex\u00edveis que se adaptam \u00e0 sua dimens\u00e3o e procura. As nossas solu\u00e7\u00f5es de embalagem tamb\u00e9m s\u00e3o personaliz\u00e1veis para se adequarem \u00e0 tua est\u00e9tica - quer prefiras embalagens ecol\u00f3gicas, garrafas premium ou op\u00e7\u00f5es de fornecimento a granel.<\/p><h3>4. Experi\u00eancia no sector e sucesso comprovado<\/h3><p>Com anos de experi\u00eancia na ind\u00fastria <a class=\"link-whisper\" title=\"Os 5 principais fabricantes de produtos de cuidados da pele na China\" href=\"https:\/\/www.xiangxiangdaily.com\/pt-pt\/fabricantes-de-produtos-de-cuidados-da-pele\/\" target=\"_blank\" rel=\"noopener\" data-wpil-monitor-id=\"1525\">de fabrico de produtos de higiene pessoal<\/a>, trabalh\u00e1mos com uma gama diversificada de empresas de beleza. O nosso <strong>historial de sucesso<\/strong> abrange desde spas de luxo a sal\u00f5es de grande volume, cada um com desafios e expectativas \u00fanicas.<\/p><p>O nosso vasto conhecimento do sector garante que nos mantemos \u00e0 frente das tend\u00eancias e dos regulamentos, fornecendo produtos que n\u00e3o s\u00f3 s\u00e3o eficazes, mas tamb\u00e9m seguros e est\u00e3o em conformidade com as normas do sector. Ajud\u00e1mos com sucesso os sal\u00f5es de beleza de v\u00e1rios mercados a melhorar as suas ofertas de servi\u00e7os e a aumentar a satisfa\u00e7\u00e3o dos clientes com produtos de cuidados capilares personalizados.<\/p><h3>5. Abordagem colaborativa<\/h3><p>N\u00e3o nos vemos apenas como um fornecedor, mas como um <strong>parceiro estrat\u00e9gico<\/strong> para o teu sucesso. O nosso processo come\u00e7a com a compreens\u00e3o dos teus objectivos comerciais espec\u00edficos e das prefer\u00eancias dos clientes. A partir da\u00ed, colaboramos estreitamente durante todo o processo de desenvolvimento, garantindo que o produto final cumpre as tuas especifica\u00e7\u00f5es exactas.<\/p><p>Valorizamos as rela\u00e7\u00f5es a longo prazo e estamos empenhados em prestar um apoio cont\u00ednuo. Quer precises de ajustar uma f\u00f3rmula, introduzir novos produtos ou aumentar a produ\u00e7\u00e3o, estamos aqui para te ajudar a fazer crescer o teu neg\u00f3cio em cada passo do caminho.<\/p>\t\t\t\t\t\t\t\t<\/div>\n\t\t\t\t<\/div>\n\t\t\t\t\t<\/div>\n\t\t\t\t<\/div>\n\t\t\t\t<\/div>\n\t\t","protected":false},"excerpt":{"rendered":"<p>Bauty salon &amp; spa slution Os nossos produtos s\u00e3o concebidos para serem eficazes, seguros e acess\u00edveis, ajudando os sal\u00f5es e spas a proporcionar a melhor experi\u00eancia aos seus clientes. Home Mais de 3000 fornecedores de marcas de beleza Impulsiona o teu neg\u00f3cio de sal\u00e3o de beleza ao mais baixo custo Somos um fabricante l\u00edder de [&hellip;]<\/p>\n","protected":false},"author":1,"featured_media":36005,"parent":0,"menu_order":0,"comment_status":"closed","ping_status":"closed","template":"elementor_theme","meta":{"_acf_changed":false,"footnotes":""},"class_list":["post-36003","page","type-page","status-publish","has-post-thumbnail","hentry"],"acf":[],"_links":{"self":[{"href":"https:\/\/www.xiangxiangdaily.com\/pt-pt\/wp-json\/wp\/v2\/pages\/36003","targetHints":{"allow":["GET"]}}],"collection":[{"href":"https:\/\/www.xiangxiangdaily.com\/pt-pt\/wp-json\/wp\/v2\/pages"}],"about":[{"href":"https:\/\/www.xiangxiangdaily.com\/pt-pt\/wp-json\/wp\/v2\/types\/page"}],"author":[{"embeddable":true,"href":"https:\/\/www.xiangxiangdaily.com\/pt-pt\/wp-json\/wp\/v2\/users\/1"}],"replies":[{"embeddable":true,"href":"https:\/\/www.xiangxiangdaily.com\/pt-pt\/wp-json\/wp\/v2\/comments?post=36003"}],"version-history":[{"count":2,"href":"https:\/\/www.xiangxiangdaily.com\/pt-pt\/wp-json\/wp\/v2\/pages\/36003\/revisions"}],"predecessor-version":[{"id":101390,"href":"https:\/\/www.xiangxiangdaily.com\/pt-pt\/wp-json\/wp\/v2\/pages\/36003\/revisions\/101390"}],"wp:featuredmedia":[{"embeddable":true,"href":"https:\/\/www.xiangxiangdaily.com\/pt-pt\/wp-json\/wp\/v2\/media\/36005"}],"wp:attachment":[{"href":"https:\/\/www.xiangxiangdaily.com\/pt-pt\/wp-json\/wp\/v2\/media?parent=36003"}],"curies":[{"name":"wp","href":"https:\/\/api.w.org\/{rel}","templated":true}]}}