{"id":36027,"date":"2023-03-29T14:21:49","date_gmt":"2023-03-29T06:21:49","guid":{"rendered":"https:\/\/www.xiangxiangdaily.com\/a-nossa-marca\/"},"modified":"2025-11-12T14:01:39","modified_gmt":"2025-11-12T06:01:39","slug":"a-nossa-marca","status":"publish","type":"page","link":"https:\/\/www.xiangxiangdaily.com\/pt-pt\/a-nossa-marca\/","title":{"rendered":"A nossa marca"},"content":{"rendered":"\t\t<div data-elementor-type=\"wp-page\" data-elementor-id=\"36027\" class=\"elementor elementor-36027 elementor-7532\" data-elementor-post-type=\"page\">\n\t\t\t\t<div class=\"elementor-element elementor-element-7e7b1861 e-flex e-con-boxed e-con e-parent\" data-id=\"7e7b1861\" data-element_type=\"container\" data-e-type=\"container\" data-settings=\"{&quot;background_background&quot;:&quot;classic&quot;}\">\n\t\t\t\t\t<div class=\"e-con-inner\">\n\t\t\t\t<div class=\"elementor-element elementor-element-4fc2465f elementor-widget elementor-widget-heading\" data-id=\"4fc2465f\" data-element_type=\"widget\" data-e-type=\"widget\" data-widget_type=\"heading.default\">\n\t\t\t\t<div class=\"elementor-widget-container\">\n\t\t\t\t\t<h1 class=\"elementor-heading-title elementor-size-default\">Liberta o poder da tua marca<\/h1>\t\t\t\t<\/div>\n\t\t\t\t<\/div>\n\t\t\t\t<div class=\"elementor-element elementor-element-30745ae7 elementor-widget elementor-widget-heading\" data-id=\"30745ae7\" data-element_type=\"widget\" data-e-type=\"widget\" data-widget_type=\"heading.default\">\n\t\t\t\t<div class=\"elementor-widget-container\">\n\t\t\t\t\t<p class=\"elementor-heading-title elementor-size-default\">A nossa marca de marca pr\u00f3pria oferece \u00e0s empresas a vantagem de um maior reconhecimento da marca, personaliza\u00e7\u00e3o, rentabilidade e controlo dos pre\u00e7os e da distribui\u00e7\u00e3o.<\/p>\t\t\t\t<\/div>\n\t\t\t\t<\/div>\n\t\t\t\t<div class=\"elementor-element elementor-element-b730b85 elementor-widget elementor-widget-breadcrumbs\" data-id=\"b730b85\" data-element_type=\"widget\" data-e-type=\"widget\" data-widget_type=\"breadcrumbs.default\">\n\t\t\t\t<div class=\"elementor-widget-container\">\n\t\t\t\t\t<nav><span class=\"last\">Casa<\/span><\/nav>\t\t\t\t<\/div>\n\t\t\t\t<\/div>\n\t\t\t\t\t<\/div>\n\t\t\t\t<\/div>\n\t\t<div class=\"elementor-element elementor-element-9afd530 e-flex e-con-boxed e-con e-parent\" data-id=\"9afd530\" data-element_type=\"container\" data-e-type=\"container\">\n\t\t\t\t\t<div class=\"e-con-inner\">\n\t\t<div class=\"elementor-element elementor-element-1de65fd e-con-full e-flex e-con e-child\" data-id=\"1de65fd\" data-element_type=\"container\" data-e-type=\"container\">\n\t\t\t\t<div class=\"elementor-element elementor-element-95659ee elementor-widget elementor-widget-heading\" data-id=\"95659ee\" data-element_type=\"widget\" data-e-type=\"widget\" data-widget_type=\"heading.default\">\n\t\t\t\t<div class=\"elementor-widget-container\">\n\t\t\t\t\t<h2 class=\"elementor-heading-title elementor-size-default\">PPZ &amp; Lidercare<\/h2>\t\t\t\t<\/div>\n\t\t\t\t<\/div>\n\t\t\t\t<div class=\"elementor-element elementor-element-eb88551 elementor-widget elementor-widget-heading\" data-id=\"eb88551\" data-element_type=\"widget\" data-e-type=\"widget\" data-widget_type=\"heading.default\">\n\t\t\t\t<div class=\"elementor-widget-container\">\n\t\t\t\t\t<p class=\"elementor-heading-title elementor-size-default\">PPZ e Lidercare s\u00e3o duas marcas independentes da Xiangxiang Daily na ind\u00fastria de cuidados pessoais que se concentram na promo\u00e7\u00e3o de h\u00e1bitos de banho saud\u00e1veis e na utiliza\u00e7\u00e3o de materiais amigos do ambiente. A nossa filosofia empresarial baseia-se no fornecimento aos nossos clientes de produtos de alta qualidade, seguros e sustent\u00e1veis que promovem a higiene pessoal e o bem-estar. <\/p>\t\t\t\t<\/div>\n\t\t\t\t<\/div>\n\t\t\t\t<\/div>\n\t\t<div class=\"elementor-element elementor-element-75360fe e-con-full e-flex e-con e-child\" data-id=\"75360fe\" data-element_type=\"container\" data-e-type=\"container\">\n\t\t\t\t<div class=\"elementor-element elementor-element-733d2d8 elementor-widget elementor-widget-image\" data-id=\"733d2d8\" data-element_type=\"widget\" data-e-type=\"widget\" data-widget_type=\"image.default\">\n\t\t\t\t<div class=\"elementor-widget-container\">\n\t\t\t\t\t\t\t\t\t\t\t\t\t\t\t<img fetchpriority=\"high\" decoding=\"async\" width=\"300\" height=\"300\" src=\"https:\/\/www.xiangxiangdaily.com\/wp-content\/uploads\/2023\/12\/PPZ.webp\" class=\"attachment-medium size-medium wp-image-36029\" alt=\"\" srcset=\"https:\/\/www.xiangxiangdaily.com\/wp-content\/uploads\/2023\/12\/PPZ.webp 300w, https:\/\/www.xiangxiangdaily.com\/wp-content\/uploads\/2023\/12\/PPZ-150x150.webp 150w\" sizes=\"(max-width: 300px) 100vw, 300px\" \/>\t\t\t\t\t\t\t\t\t\t\t\t\t\t\t<\/div>\n\t\t\t\t<\/div>\n\t\t\t\t<div class=\"elementor-element elementor-element-16873ff elementor-widget elementor-widget-image\" data-id=\"16873ff\" data-element_type=\"widget\" data-e-type=\"widget\" data-widget_type=\"image.default\">\n\t\t\t\t<div class=\"elementor-widget-container\">\n\t\t\t\t\t\t\t\t\t\t\t\t\t\t\t<img decoding=\"async\" width=\"300\" height=\"300\" src=\"https:\/\/www.xiangxiangdaily.com\/wp-content\/uploads\/2023\/12\/lidercare.webp\" class=\"attachment-medium size-medium wp-image-36030\" alt=\"\" srcset=\"https:\/\/www.xiangxiangdaily.com\/wp-content\/uploads\/2023\/12\/lidercare.webp 300w, https:\/\/www.xiangxiangdaily.com\/wp-content\/uploads\/2023\/12\/lidercare-150x150.webp 150w\" sizes=\"(max-width: 300px) 100vw, 300px\" \/>\t\t\t\t\t\t\t\t\t\t\t\t\t\t\t<\/div>\n\t\t\t\t<\/div>\n\t\t\t\t<\/div>\n\t\t\t\t\t<\/div>\n\t\t\t\t<\/div>\n\t\t<div class=\"elementor-element elementor-element-6bdfa64 e-flex e-con-boxed e-con e-parent\" data-id=\"6bdfa64\" data-element_type=\"container\" data-e-type=\"container\">\n\t\t\t\t\t<div class=\"e-con-inner\">\n\t\t<div class=\"elementor-element elementor-element-d34608c e-con-full e-flex e-con e-child\" data-id=\"d34608c\" data-element_type=\"container\" data-e-type=\"container\">\n\t\t\t\t<div class=\"elementor-element elementor-element-408b000 elementor-widget elementor-widget-image\" data-id=\"408b000\" data-element_type=\"widget\" data-e-type=\"widget\" data-widget_type=\"image.default\">\n\t\t\t\t<div class=\"elementor-widget-container\">\n\t\t\t\t\t\t\t\t\t\t\t\t\t\t\t<img decoding=\"async\" width=\"800\" height=\"758\" src=\"https:\/\/www.xiangxiangdaily.com\/wp-content\/uploads\/2023\/12\/healthy-bath.webp\" class=\"attachment-large size-large wp-image-36031\" alt=\"\" srcset=\"https:\/\/www.xiangxiangdaily.com\/wp-content\/uploads\/2023\/12\/healthy-bath.webp 800w, https:\/\/www.xiangxiangdaily.com\/wp-content\/uploads\/2023\/12\/healthy-bath-600x569.webp 600w, https:\/\/www.xiangxiangdaily.com\/wp-content\/uploads\/2023\/12\/healthy-bath-300x284.webp 300w, https:\/\/www.xiangxiangdaily.com\/wp-content\/uploads\/2023\/12\/healthy-bath-768x728.webp 768w\" sizes=\"(max-width: 800px) 100vw, 800px\" \/>\t\t\t\t\t\t\t\t\t\t\t\t\t\t\t<\/div>\n\t\t\t\t<\/div>\n\t\t\t\t<\/div>\n\t\t<div class=\"elementor-element elementor-element-36a7bbe e-con-full e-flex e-con e-child\" data-id=\"36a7bbe\" data-element_type=\"container\" data-e-type=\"container\">\n\t\t\t\t<div class=\"elementor-element elementor-element-54cac70 elementor-widget elementor-widget-heading\" data-id=\"54cac70\" data-element_type=\"widget\" data-e-type=\"widget\" data-widget_type=\"heading.default\">\n\t\t\t\t<div class=\"elementor-widget-container\">\n\t\t\t\t\t<h2 class=\"elementor-heading-title elementor-size-default\">L\u00edder da ind\u00fastria de cuidados pessoais<\/h2>\t\t\t\t<\/div>\n\t\t\t\t<\/div>\n\t\t\t\t<div class=\"elementor-element elementor-element-1eb7667 elementor-widget elementor-widget-heading\" data-id=\"1eb7667\" data-element_type=\"widget\" data-e-type=\"widget\" data-widget_type=\"heading.default\">\n\t\t\t\t<div class=\"elementor-widget-container\">\n\t\t\t\t\t<p class=\"elementor-heading-title elementor-size-default\">Na PPZ e na Lidercare, compreendemos a import\u00e2ncia de manter uma higiene adequada e o papel que o banho desempenha nesse sentido. Os nossos produtos foram concebidos para promover h\u00e1bitos de banho saud\u00e1veis, proporcionando uma limpeza e nutri\u00e7\u00e3o eficazes, ao mesmo tempo que s\u00e3o suaves para a pele. <\/p>\t\t\t\t<\/div>\n\t\t\t\t<\/div>\n\t\t\t\t<div class=\"elementor-element elementor-element-eb7cedf elementor-widget elementor-widget-heading\" data-id=\"eb7cedf\" data-element_type=\"widget\" data-e-type=\"widget\" data-widget_type=\"heading.default\">\n\t\t\t\t<div class=\"elementor-widget-container\">\n\t\t\t\t\t<p class=\"elementor-heading-title elementor-size-default\">Em linha com o nosso compromisso de promover a sustentabilidade, utilizamos <a href=\"https:\/\/www.xiangxiangdaily.com\/pt-pt\/oem-shampoo-cost-from-raw-materials-to-finished-products\/\" title=\"Custo do champ\u00f4 OEM: Das mat\u00e9rias-primas aos produtos acabados\" target=\"_blank\" rel=\"noopener\" data-wpil-monitor-id=\"4978\">materiais amigos do ambiente nos nossos produtos<\/a>. O nosso objetivo \u00e9 minimizar o nosso impacto ambiental e, ao mesmo tempo, produzir produtos da mais elevada qualidade. <\/p>\t\t\t\t<\/div>\n\t\t\t\t<\/div>\n\t\t\t\t<\/div>\n\t\t\t\t\t<\/div>\n\t\t\t\t<\/div>\n\t\t<div class=\"elementor-element elementor-element-230e8e1 e-flex e-con-boxed e-con e-parent\" data-id=\"230e8e1\" data-element_type=\"container\" data-e-type=\"container\">\n\t\t\t\t\t<div class=\"e-con-inner\">\n\t\t<div class=\"elementor-element elementor-element-63c28af e-con-full e-flex e-con e-child\" data-id=\"63c28af\" data-element_type=\"container\" data-e-type=\"container\">\n\t\t\t\t<div class=\"elementor-element elementor-element-1c2d280 elementor-widget elementor-widget-heading\" data-id=\"1c2d280\" data-element_type=\"widget\" data-e-type=\"widget\" data-widget_type=\"heading.default\">\n\t\t\t\t<div class=\"elementor-widget-container\">\n\t\t\t\t\t<h2 class=\"elementor-heading-title elementor-size-default\">Vegan e sem crueldade<\/h2>\t\t\t\t<\/div>\n\t\t\t\t<\/div>\n\t\t\t\t<div class=\"elementor-element elementor-element-0504f4b elementor-widget elementor-widget-heading\" data-id=\"0504f4b\" data-element_type=\"widget\" data-e-type=\"widget\" data-widget_type=\"heading.default\">\n\t\t\t\t<div class=\"elementor-widget-container\">\n\t\t\t\t\t<p class=\"elementor-heading-title elementor-size-default\">De um modo geral, a nossa miss\u00e3o na PPZ e na Lidercare \u00e9 fornecer aos nossos clientes produtos que sejam seguros, eficazes e amigos do ambiente. Acreditamos que, ao promover h\u00e1bitos de banho saud\u00e1veis e ao utilizar materiais sustent\u00e1veis, podemos ajudar a ter um impacto positivo na sa\u00fade dos nossos clientes e do planeta. <\/p>\t\t\t\t<\/div>\n\t\t\t\t<\/div>\n\t\t\t\t<\/div>\n\t\t<div class=\"elementor-element elementor-element-248be4d e-con-full e-flex e-con e-child\" data-id=\"248be4d\" data-element_type=\"container\" data-e-type=\"container\">\n\t\t\t\t<div class=\"elementor-element elementor-element-3aaf807 elementor-widget elementor-widget-image\" data-id=\"3aaf807\" data-element_type=\"widget\" data-e-type=\"widget\" data-widget_type=\"image.default\">\n\t\t\t\t<div class=\"elementor-widget-container\">\n\t\t\t\t\t\t\t\t\t\t\t\t\t\t\t<img loading=\"lazy\" decoding=\"async\" width=\"800\" height=\"560\" src=\"https:\/\/www.xiangxiangdaily.com\/wp-content\/uploads\/2023\/12\/Environmentally-friendly-cosmetics.webp\" class=\"attachment-large size-large wp-image-36032\" alt=\"\" srcset=\"https:\/\/www.xiangxiangdaily.com\/wp-content\/uploads\/2023\/12\/Environmentally-friendly-cosmetics.webp 800w, https:\/\/www.xiangxiangdaily.com\/wp-content\/uploads\/2023\/12\/Environmentally-friendly-cosmetics-600x420.webp 600w, https:\/\/www.xiangxiangdaily.com\/wp-content\/uploads\/2023\/12\/Environmentally-friendly-cosmetics-300x210.webp 300w, https:\/\/www.xiangxiangdaily.com\/wp-content\/uploads\/2023\/12\/Environmentally-friendly-cosmetics-768x538.webp 768w\" sizes=\"(max-width: 800px) 100vw, 800px\" \/>\t\t\t\t\t\t\t\t\t\t\t\t\t\t\t<\/div>\n\t\t\t\t<\/div>\n\t\t\t\t<\/div>\n\t\t\t\t\t<\/div>\n\t\t\t\t<\/div>\n\t\t\t\t<\/div>\n\t\t","protected":false},"excerpt":{"rendered":"<p>Liberta o poder da tua marca A nossa marca de marca pr\u00f3pria oferece \u00e0s empresas a vantagem de um maior reconhecimento da marca, personaliza\u00e7\u00e3o, rentabilidade e controlo dos pre\u00e7os e da distribui\u00e7\u00e3o. Home PPZ &amp; Lidercare PPZ e Lidercare s\u00e3o duas marcas independentes da Xiangxiang Daily na ind\u00fastria de cuidados pessoais que se concentram na [&hellip;]<\/p>\n","protected":false},"author":1,"featured_media":36031,"parent":0,"menu_order":0,"comment_status":"closed","ping_status":"closed","template":"","meta":{"_acf_changed":false,"footnotes":""},"class_list":["post-36027","page","type-page","status-publish","has-post-thumbnail","hentry"],"acf":[],"_links":{"self":[{"href":"https:\/\/www.xiangxiangdaily.com\/pt-pt\/wp-json\/wp\/v2\/pages\/36027","targetHints":{"allow":["GET"]}}],"collection":[{"href":"https:\/\/www.xiangxiangdaily.com\/pt-pt\/wp-json\/wp\/v2\/pages"}],"about":[{"href":"https:\/\/www.xiangxiangdaily.com\/pt-pt\/wp-json\/wp\/v2\/types\/page"}],"author":[{"embeddable":true,"href":"https:\/\/www.xiangxiangdaily.com\/pt-pt\/wp-json\/wp\/v2\/users\/1"}],"replies":[{"embeddable":true,"href":"https:\/\/www.xiangxiangdaily.com\/pt-pt\/wp-json\/wp\/v2\/comments?post=36027"}],"version-history":[{"count":0,"href":"https:\/\/www.xiangxiangdaily.com\/pt-pt\/wp-json\/wp\/v2\/pages\/36027\/revisions"}],"wp:featuredmedia":[{"embeddable":true,"href":"https:\/\/www.xiangxiangdaily.com\/pt-pt\/wp-json\/wp\/v2\/media\/36031"}],"wp:attachment":[{"href":"https:\/\/www.xiangxiangdaily.com\/pt-pt\/wp-json\/wp\/v2\/media?parent=36027"}],"curies":[{"name":"wp","href":"https:\/\/api.w.org\/{rel}","templated":true}]}}