{"id":36035,"date":"2023-01-13T14:14:13","date_gmt":"2023-01-13T06:14:13","guid":{"rendered":"https:\/\/www.xiangxiangdaily.com\/blogues\/"},"modified":"2026-04-07T17:12:52","modified_gmt":"2026-04-07T09:12:52","slug":"blogues","status":"publish","type":"page","link":"https:\/\/www.xiangxiangdaily.com\/pt-pt\/blogues\/","title":{"rendered":"Blogues"},"content":{"rendered":"\t\t<div data-elementor-type=\"wp-page\" data-elementor-id=\"36035\" class=\"elementor elementor-36035 elementor-3646\" data-elementor-post-type=\"page\">\n\t\t\t\t<div class=\"elementor-element elementor-element-819521e e-flex e-con-boxed e-con e-parent\" data-id=\"819521e\" data-element_type=\"container\" data-e-type=\"container\">\n\t\t\t\t\t<div class=\"e-con-inner\">\n\t\t\t\t<div class=\"elementor-element elementor-element-975c5c6 elementor-widget elementor-widget-heading\" data-id=\"975c5c6\" data-element_type=\"widget\" data-e-type=\"widget\" data-widget_type=\"heading.default\">\n\t\t\t\t<div class=\"elementor-widget-container\">\n\t\t\t\t\t<h1 class=\"elementor-heading-title elementor-size-default\">Blogues<\/h1>\t\t\t\t<\/div>\n\t\t\t\t<\/div>\n\t\t\t\t<div class=\"elementor-element elementor-element-649766b elementor-grid-3 elementor-grid-tablet-2 elementor-grid-mobile-1 elementor-posts--thumbnail-top elementor-widget elementor-widget-posts\" data-id=\"649766b\" data-element_type=\"widget\" data-e-type=\"widget\" data-settings=\"{&quot;pagination_type&quot;:&quot;numbers_and_prev_next&quot;,&quot;classic_columns&quot;:&quot;3&quot;,&quot;classic_columns_tablet&quot;:&quot;2&quot;,&quot;classic_columns_mobile&quot;:&quot;1&quot;,&quot;classic_row_gap&quot;:{&quot;unit&quot;:&quot;px&quot;,&quot;size&quot;:35,&quot;sizes&quot;:[]},&quot;classic_row_gap_laptop&quot;:{&quot;unit&quot;:&quot;px&quot;,&quot;size&quot;:&quot;&quot;,&quot;sizes&quot;:[]},&quot;classic_row_gap_tablet&quot;:{&quot;unit&quot;:&quot;px&quot;,&quot;size&quot;:&quot;&quot;,&quot;sizes&quot;:[]},&quot;classic_row_gap_mobile&quot;:{&quot;unit&quot;:&quot;px&quot;,&quot;size&quot;:&quot;&quot;,&quot;sizes&quot;:[]}}\" data-widget_type=\"posts.classic\">\n\t\t\t\t<div class=\"elementor-widget-container\">\n\t\t\t\t\t\t\t<div class=\"elementor-posts-container elementor-posts elementor-posts--skin-classic elementor-grid\" role=\"list\">\n\t\t\t\t<article class=\"elementor-post elementor-grid-item post-91788 post type-post status-publish format-standard has-post-thumbnail hentry category-novo\" role=\"listitem\">\n\t\t\t\t<a class=\"elementor-post__thumbnail__link\" href=\"https:\/\/www.xiangxiangdaily.com\/pt-pt\/pdrn-face-cream-oem-odm-guide-for-brands\/\" tabindex=\"-1\">\n\t\t\t<div class=\"elementor-post__thumbnail\"><img fetchpriority=\"high\" decoding=\"async\" width=\"300\" height=\"200\" src=\"https:\/\/www.xiangxiangdaily.com\/wp-content\/uploads\/2026\/02\/ChatGPT-Image-2026\u5e742\u67085\u65e5-18_05_30-300x200.png\" class=\"attachment-medium size-medium wp-image-91762\" alt=\"\" srcset=\"https:\/\/www.xiangxiangdaily.com\/wp-content\/uploads\/2026\/02\/ChatGPT-Image-2026\u5e742\u67085\u65e5-18_05_30-300x200.png 300w, https:\/\/www.xiangxiangdaily.com\/wp-content\/uploads\/2026\/02\/ChatGPT-Image-2026\u5e742\u67085\u65e5-18_05_30-1024x683.png 1024w, https:\/\/www.xiangxiangdaily.com\/wp-content\/uploads\/2026\/02\/ChatGPT-Image-2026\u5e742\u67085\u65e5-18_05_30-768x512.png 768w, https:\/\/www.xiangxiangdaily.com\/wp-content\/uploads\/2026\/02\/ChatGPT-Image-2026\u5e742\u67085\u65e5-18_05_30-600x400.png 600w, https:\/\/www.xiangxiangdaily.com\/wp-content\/uploads\/2026\/02\/ChatGPT-Image-2026\u5e742\u67085\u65e5-18_05_30.png 1536w\" sizes=\"(max-width: 300px) 100vw, 300px\" \/><\/div>\n\t\t<\/a>\n\t\t\t\t<div class=\"elementor-post__text\">\n\t\t\t\t<h3 class=\"elementor-post__title\">\n\t\t\t<a href=\"https:\/\/www.xiangxiangdaily.com\/pt-pt\/pdrn-face-cream-oem-odm-guide-for-brands\/\">\n\t\t\t\tCreme facial PDRN Guia OEM\/ODM para marcas\t\t\t<\/a>\n\t\t<\/h3>\n\t\t\t\t<div class=\"elementor-post__meta-data\">\n\t\t\t\t\t<span class=\"elementor-post-date\">\n\t\t\tFevereiro 5, 2026\t\t<\/span>\n\t\t\t\t<span class=\"elementor-post-avatar\">\n\t\t\tSem coment\u00e1rios\t\t<\/span>\n\t\t\t\t<\/div>\n\t\t\t\t<div class=\"elementor-post__excerpt\">\n\t\t\t<p>Guia OEM\/ODM do creme facial PDRN para marcas: formula\u00e7\u00e3o, embalagem e lista de verifica\u00e7\u00e3o do fornecedor. Aprende porque \u00e9 que a Xiangxiang Daily \u00e9 um parceiro de fabrico de confian\u00e7a. <\/p>\n\t\t<\/div>\n\t\t\n\t\t<a class=\"elementor-post__read-more\" href=\"https:\/\/www.xiangxiangdaily.com\/pt-pt\/pdrn-face-cream-oem-odm-guide-for-brands\/\" aria-label=\"Read more about Creme facial PDRN Guia OEM\/ODM para marcas\" tabindex=\"-1\">\n\t\t\tL\u00ea mais \"\t\t<\/a>\n\n\t\t\t\t<\/div>\n\t\t\t\t<\/article>\n\t\t\t\t<article class=\"elementor-post elementor-grid-item post-91611 post type-post status-publish format-standard has-post-thumbnail hentry category-sem-categoria\" role=\"listitem\">\n\t\t\t\t<a class=\"elementor-post__thumbnail__link\" href=\"https:\/\/www.xiangxiangdaily.com\/pt-pt\/how-to-choose-a-soap-bar-oem-factory\/\" tabindex=\"-1\">\n\t\t\t<div class=\"elementor-post__thumbnail\"><img decoding=\"async\" width=\"300\" height=\"200\" src=\"https:\/\/www.xiangxiangdaily.com\/wp-content\/uploads\/2026\/02\/ChatGPT-Image-2026\u5e742\u67084\u65e5-11_32_46-1-300x200.png\" class=\"attachment-medium size-medium wp-image-91599\" alt=\"\" srcset=\"https:\/\/www.xiangxiangdaily.com\/wp-content\/uploads\/2026\/02\/ChatGPT-Image-2026\u5e742\u67084\u65e5-11_32_46-1-300x200.png 300w, https:\/\/www.xiangxiangdaily.com\/wp-content\/uploads\/2026\/02\/ChatGPT-Image-2026\u5e742\u67084\u65e5-11_32_46-1-768x512.png 768w, https:\/\/www.xiangxiangdaily.com\/wp-content\/uploads\/2026\/02\/ChatGPT-Image-2026\u5e742\u67084\u65e5-11_32_46-1-600x400.png 600w, https:\/\/www.xiangxiangdaily.com\/wp-content\/uploads\/2026\/02\/ChatGPT-Image-2026\u5e742\u67084\u65e5-11_32_46-1.png 800w\" sizes=\"(max-width: 300px) 100vw, 300px\" \/><\/div>\n\t\t<\/a>\n\t\t\t\t<div class=\"elementor-post__text\">\n\t\t\t\t<h3 class=\"elementor-post__title\">\n\t\t\t<a href=\"https:\/\/www.xiangxiangdaily.com\/pt-pt\/how-to-choose-a-soap-bar-oem-factory\/\">\n\t\t\t\tComo escolher uma f\u00e1brica de sab\u00e3o em barra OEM\t\t\t<\/a>\n\t\t<\/h3>\n\t\t\t\t<div class=\"elementor-post__meta-data\">\n\t\t\t\t\t<span class=\"elementor-post-date\">\n\t\t\tFevereiro 4, 2026\t\t<\/span>\n\t\t\t\t<span class=\"elementor-post-avatar\">\n\t\t\tSem coment\u00e1rios\t\t<\/span>\n\t\t\t\t<\/div>\n\t\t\t\t<div class=\"elementor-post__excerpt\">\n\t\t\t<p>Aprende como escolher uma f\u00e1brica OEM de saboneteiras para a tua marca, o que verificar nos fornecedores e porque \u00e9 que a Xiangxiang Daily \u00e9 um parceiro OEM\/ODM de confian\u00e7a.<\/p>\n\t\t<\/div>\n\t\t\n\t\t<a class=\"elementor-post__read-more\" href=\"https:\/\/www.xiangxiangdaily.com\/pt-pt\/how-to-choose-a-soap-bar-oem-factory\/\" aria-label=\"Read more about Como escolher uma f\u00e1brica de sab\u00e3o em barra OEM\" tabindex=\"-1\">\n\t\t\tL\u00ea mais \"\t\t<\/a>\n\n\t\t\t\t<\/div>\n\t\t\t\t<\/article>\n\t\t\t\t<article class=\"elementor-post elementor-grid-item post-91277 post type-post status-publish format-standard has-post-thumbnail hentry category-sem-categoria\" role=\"listitem\">\n\t\t\t\t<a class=\"elementor-post__thumbnail__link\" href=\"https:\/\/www.xiangxiangdaily.com\/pt-pt\/how-to-choose-a-hair-care-manufacturer\/\" tabindex=\"-1\">\n\t\t\t<div class=\"elementor-post__thumbnail\"><img decoding=\"async\" width=\"300\" height=\"200\" src=\"https:\/\/www.xiangxiangdaily.com\/wp-content\/uploads\/2026\/02\/ChatGPT-Image-2026\u5e742\u67082\u65e5-15_05_52-1-300x200.png\" class=\"attachment-medium size-medium wp-image-91259\" alt=\"\" srcset=\"https:\/\/www.xiangxiangdaily.com\/wp-content\/uploads\/2026\/02\/ChatGPT-Image-2026\u5e742\u67082\u65e5-15_05_52-1-300x200.png 300w, https:\/\/www.xiangxiangdaily.com\/wp-content\/uploads\/2026\/02\/ChatGPT-Image-2026\u5e742\u67082\u65e5-15_05_52-1-768x512.png 768w, https:\/\/www.xiangxiangdaily.com\/wp-content\/uploads\/2026\/02\/ChatGPT-Image-2026\u5e742\u67082\u65e5-15_05_52-1-600x400.png 600w, https:\/\/www.xiangxiangdaily.com\/wp-content\/uploads\/2026\/02\/ChatGPT-Image-2026\u5e742\u67082\u65e5-15_05_52-1.png 800w\" sizes=\"(max-width: 300px) 100vw, 300px\" \/><\/div>\n\t\t<\/a>\n\t\t\t\t<div class=\"elementor-post__text\">\n\t\t\t\t<h3 class=\"elementor-post__title\">\n\t\t\t<a href=\"https:\/\/www.xiangxiangdaily.com\/pt-pt\/how-to-choose-a-hair-care-manufacturer\/\">\n\t\t\t\tComo escolher um fabricante de produtos para o cabelo\t\t\t<\/a>\n\t\t<\/h3>\n\t\t\t\t<div class=\"elementor-post__meta-data\">\n\t\t\t\t\t<span class=\"elementor-post-date\">\n\t\t\tFevereiro 2, 2026\t\t<\/span>\n\t\t\t\t<span class=\"elementor-post-avatar\">\n\t\t\tSem coment\u00e1rios\t\t<\/span>\n\t\t\t\t<\/div>\n\t\t\t\t<div class=\"elementor-post__excerpt\">\n\t\t\t<p>Aprende a escolher o fabricante de produtos para o cabelo certo para a tua marca e descobre porque \u00e9 que a Xiangxiang Daily \u00e9 um parceiro OEM\/ODM de confian\u00e7a para os mercados globais.<\/p>\n\t\t<\/div>\n\t\t\n\t\t<a class=\"elementor-post__read-more\" href=\"https:\/\/www.xiangxiangdaily.com\/pt-pt\/how-to-choose-a-hair-care-manufacturer\/\" aria-label=\"Read more about Como escolher um fabricante de produtos para o cabelo\" tabindex=\"-1\">\n\t\t\tL\u00ea mais \"\t\t<\/a>\n\n\t\t\t\t<\/div>\n\t\t\t\t<\/article>\n\t\t\t\t<article class=\"elementor-post elementor-grid-item post-91170 post type-post status-publish format-standard has-post-thumbnail hentry category-sem-categoria\" role=\"listitem\">\n\t\t\t\t<a class=\"elementor-post__thumbnail__link\" href=\"https:\/\/www.xiangxiangdaily.com\/pt-pt\/leading-facial-serum-suppliers-for-your-brand\/\" tabindex=\"-1\">\n\t\t\t<div class=\"elementor-post__thumbnail\"><img loading=\"lazy\" decoding=\"async\" width=\"300\" height=\"200\" src=\"https:\/\/www.xiangxiangdaily.com\/wp-content\/uploads\/2026\/01\/ChatGPT-Image-2026\u5e741\u670830\u65e5-15_23_43-1-300x200.png\" class=\"attachment-medium size-medium wp-image-91158\" alt=\"\" srcset=\"https:\/\/www.xiangxiangdaily.com\/wp-content\/uploads\/2026\/01\/ChatGPT-Image-2026\u5e741\u670830\u65e5-15_23_43-1-300x200.png 300w, https:\/\/www.xiangxiangdaily.com\/wp-content\/uploads\/2026\/01\/ChatGPT-Image-2026\u5e741\u670830\u65e5-15_23_43-1-768x512.png 768w, https:\/\/www.xiangxiangdaily.com\/wp-content\/uploads\/2026\/01\/ChatGPT-Image-2026\u5e741\u670830\u65e5-15_23_43-1-600x400.png 600w, https:\/\/www.xiangxiangdaily.com\/wp-content\/uploads\/2026\/01\/ChatGPT-Image-2026\u5e741\u670830\u65e5-15_23_43-1.png 800w\" sizes=\"(max-width: 300px) 100vw, 300px\" \/><\/div>\n\t\t<\/a>\n\t\t\t\t<div class=\"elementor-post__text\">\n\t\t\t\t<h3 class=\"elementor-post__title\">\n\t\t\t<a href=\"https:\/\/www.xiangxiangdaily.com\/pt-pt\/leading-facial-serum-suppliers-for-your-brand\/\">\n\t\t\t\tFornecedores l\u00edderes de soro facial para a tua marca\t\t\t<\/a>\n\t\t<\/h3>\n\t\t\t\t<div class=\"elementor-post__meta-data\">\n\t\t\t\t\t<span class=\"elementor-post-date\">\n\t\t\tJaneiro 30, 2026\t\t<\/span>\n\t\t\t\t<span class=\"elementor-post-avatar\">\n\t\t\tSem coment\u00e1rios\t\t<\/span>\n\t\t\t\t<\/div>\n\t\t\t\t<div class=\"elementor-post__excerpt\">\n\t\t\t<p>\"Descobre os principais fornecedores de soro facial para a tua marca de marca pr\u00f3pria. Aprende o que considerar ao escolher um fornecedor e porque \u00e9 que a Xiangxiang Daily se destaca.\"<\/p>\n\t\t<\/div>\n\t\t\n\t\t<a class=\"elementor-post__read-more\" href=\"https:\/\/www.xiangxiangdaily.com\/pt-pt\/leading-facial-serum-suppliers-for-your-brand\/\" aria-label=\"Read more about Fornecedores l\u00edderes de soro facial para a tua marca\" tabindex=\"-1\">\n\t\t\tL\u00ea mais \"\t\t<\/a>\n\n\t\t\t\t<\/div>\n\t\t\t\t<\/article>\n\t\t\t\t<article class=\"elementor-post elementor-grid-item post-91084 post type-post status-publish format-standard has-post-thumbnail hentry category-sem-categoria\" role=\"listitem\">\n\t\t\t\t<a class=\"elementor-post__thumbnail__link\" href=\"https:\/\/www.xiangxiangdaily.com\/pt-pt\/top-10-skin-care-product-suppliers-in-malaysia\/\" tabindex=\"-1\">\n\t\t\t<div class=\"elementor-post__thumbnail\"><img loading=\"lazy\" decoding=\"async\" width=\"300\" height=\"200\" src=\"https:\/\/www.xiangxiangdaily.com\/wp-content\/uploads\/2026\/01\/Top-10-Skin-Care-Product-Suppliers-in-Malaysia-300x200.jpg\" class=\"attachment-medium size-medium wp-image-91115\" alt=\"Top 10 Skin Care Product Suppliers in Malaysia\" srcset=\"https:\/\/www.xiangxiangdaily.com\/wp-content\/uploads\/2026\/01\/Top-10-Skin-Care-Product-Suppliers-in-Malaysia-300x200.jpg 300w, https:\/\/www.xiangxiangdaily.com\/wp-content\/uploads\/2026\/01\/Top-10-Skin-Care-Product-Suppliers-in-Malaysia-768x512.jpg 768w, https:\/\/www.xiangxiangdaily.com\/wp-content\/uploads\/2026\/01\/Top-10-Skin-Care-Product-Suppliers-in-Malaysia-600x400.jpg 600w, https:\/\/www.xiangxiangdaily.com\/wp-content\/uploads\/2026\/01\/Top-10-Skin-Care-Product-Suppliers-in-Malaysia.jpg 800w\" sizes=\"(max-width: 300px) 100vw, 300px\" \/><\/div>\n\t\t<\/a>\n\t\t\t\t<div class=\"elementor-post__text\">\n\t\t\t\t<h3 class=\"elementor-post__title\">\n\t\t\t<a href=\"https:\/\/www.xiangxiangdaily.com\/pt-pt\/top-10-skin-care-product-suppliers-in-malaysia\/\">\n\t\t\t\tOs 10 principais fornecedores de produtos para cuidados com a pele na Mal\u00e1sia\t\t\t<\/a>\n\t\t<\/h3>\n\t\t\t\t<div class=\"elementor-post__meta-data\">\n\t\t\t\t\t<span class=\"elementor-post-date\">\n\t\t\tJaneiro 14, 2026\t\t<\/span>\n\t\t\t\t<span class=\"elementor-post-avatar\">\n\t\t\tSem coment\u00e1rios\t\t<\/span>\n\t\t\t\t<\/div>\n\t\t\t\t<div class=\"elementor-post__excerpt\">\n\t\t\t<p>Home Os 10 principais fornecedores de produtos para cuidados com a pele na Mal\u00e1sia A Mal\u00e1sia tornou-se um centro estrat\u00e9gico para o fabrico de produtos<\/p>\n\t\t<\/div>\n\t\t\n\t\t<a class=\"elementor-post__read-more\" href=\"https:\/\/www.xiangxiangdaily.com\/pt-pt\/top-10-skin-care-product-suppliers-in-malaysia\/\" aria-label=\"Read more about Os 10 principais fornecedores de produtos para cuidados com a pele na Mal\u00e1sia\" tabindex=\"-1\">\n\t\t\tL\u00ea mais \"\t\t<\/a>\n\n\t\t\t\t<\/div>\n\t\t\t\t<\/article>\n\t\t\t\t<article class=\"elementor-post elementor-grid-item post-90934 post type-post status-publish format-standard has-post-thumbnail hentry category-sem-categoria\" role=\"listitem\">\n\t\t\t\t<a class=\"elementor-post__thumbnail__link\" href=\"https:\/\/www.xiangxiangdaily.com\/pt-pt\/how-to-build-your-own-skincare-brand-in-2026\/\" tabindex=\"-1\">\n\t\t\t<div class=\"elementor-post__thumbnail\"><img loading=\"lazy\" decoding=\"async\" width=\"300\" height=\"200\" src=\"https:\/\/www.xiangxiangdaily.com\/wp-content\/uploads\/2025\/12\/Skincare-brand-development-guide-300x200.jpg\" class=\"attachment-medium size-medium wp-image-90916\" alt=\"\" srcset=\"https:\/\/www.xiangxiangdaily.com\/wp-content\/uploads\/2025\/12\/Skincare-brand-development-guide-300x200.jpg 300w, https:\/\/www.xiangxiangdaily.com\/wp-content\/uploads\/2025\/12\/Skincare-brand-development-guide-768x512.jpg 768w, https:\/\/www.xiangxiangdaily.com\/wp-content\/uploads\/2025\/12\/Skincare-brand-development-guide-600x400.jpg 600w, https:\/\/www.xiangxiangdaily.com\/wp-content\/uploads\/2025\/12\/Skincare-brand-development-guide.jpg 800w\" sizes=\"(max-width: 300px) 100vw, 300px\" \/><\/div>\n\t\t<\/a>\n\t\t\t\t<div class=\"elementor-post__text\">\n\t\t\t\t<h3 class=\"elementor-post__title\">\n\t\t\t<a href=\"https:\/\/www.xiangxiangdaily.com\/pt-pt\/how-to-build-your-own-skincare-brand-in-2026\/\">\n\t\t\t\tComo construir a tua pr\u00f3pria marca de cuidados de pele em 2026\t\t\t<\/a>\n\t\t<\/h3>\n\t\t\t\t<div class=\"elementor-post__meta-data\">\n\t\t\t\t\t<span class=\"elementor-post-date\">\n\t\t\tDezembro 17, 2025\t\t<\/span>\n\t\t\t\t<span class=\"elementor-post-avatar\">\n\t\t\tSem coment\u00e1rios\t\t<\/span>\n\t\t\t\t<\/div>\n\t\t\t\t<div class=\"elementor-post__excerpt\">\n\t\t\t<p>Home Como construir a tua pr\u00f3pria marca de cuidados de pele em 2026 Introdu\u00e7\u00e3o A ind\u00fastria global de cuidados com a pele continua a crescer,<\/p>\n\t\t<\/div>\n\t\t\n\t\t<a class=\"elementor-post__read-more\" href=\"https:\/\/www.xiangxiangdaily.com\/pt-pt\/how-to-build-your-own-skincare-brand-in-2026\/\" aria-label=\"Read more about Como construir a tua pr\u00f3pria marca de cuidados de pele em 2026\" tabindex=\"-1\">\n\t\t\tL\u00ea mais \"\t\t<\/a>\n\n\t\t\t\t<\/div>\n\t\t\t\t<\/article>\n\t\t\t\t<article class=\"elementor-post elementor-grid-item post-90903 post type-post status-publish format-standard has-post-thumbnail hentry category-sem-categoria\" role=\"listitem\">\n\t\t\t\t<a class=\"elementor-post__thumbnail__link\" href=\"https:\/\/www.xiangxiangdaily.com\/pt-pt\/cambodian-shampoo-packaging-and-design-features\/\" tabindex=\"-1\">\n\t\t\t<div class=\"elementor-post__thumbnail\"><img loading=\"lazy\" decoding=\"async\" width=\"300\" height=\"200\" src=\"https:\/\/www.xiangxiangdaily.com\/wp-content\/uploads\/2025\/12\/Natural-Inspired-Design-Trends-in-Cambodia-Shampoo-300x200.jpg\" class=\"attachment-medium size-medium wp-image-90872\" alt=\"Natural Inspired Design Trends in Cambodia Shampoo\" srcset=\"https:\/\/www.xiangxiangdaily.com\/wp-content\/uploads\/2025\/12\/Natural-Inspired-Design-Trends-in-Cambodia-Shampoo-300x200.jpg 300w, https:\/\/www.xiangxiangdaily.com\/wp-content\/uploads\/2025\/12\/Natural-Inspired-Design-Trends-in-Cambodia-Shampoo-768x512.jpg 768w, https:\/\/www.xiangxiangdaily.com\/wp-content\/uploads\/2025\/12\/Natural-Inspired-Design-Trends-in-Cambodia-Shampoo-600x400.jpg 600w, https:\/\/www.xiangxiangdaily.com\/wp-content\/uploads\/2025\/12\/Natural-Inspired-Design-Trends-in-Cambodia-Shampoo.jpg 800w\" sizes=\"(max-width: 300px) 100vw, 300px\" \/><\/div>\n\t\t<\/a>\n\t\t\t\t<div class=\"elementor-post__text\">\n\t\t\t\t<h3 class=\"elementor-post__title\">\n\t\t\t<a href=\"https:\/\/www.xiangxiangdaily.com\/pt-pt\/cambodian-shampoo-packaging-and-design-features\/\">\n\t\t\t\tCarater\u00edsticas da embalagem e do design do champ\u00f4 cambojano\t\t\t<\/a>\n\t\t<\/h3>\n\t\t\t\t<div class=\"elementor-post__meta-data\">\n\t\t\t\t\t<span class=\"elementor-post-date\">\n\t\t\tDezembro 10, 2025\t\t<\/span>\n\t\t\t\t<span class=\"elementor-post-avatar\">\n\t\t\tSem coment\u00e1rios\t\t<\/span>\n\t\t\t\t<\/div>\n\t\t\t\t<div class=\"elementor-post__excerpt\">\n\t\t\t<p>Home Carater\u00edsticas da embalagem e do design do champ\u00f4 cambojano Introdu\u00e7\u00e3o O mercado da beleza e dos cuidados pessoais do Camboja tem-se expandido de forma<\/p>\n\t\t<\/div>\n\t\t\n\t\t<a class=\"elementor-post__read-more\" href=\"https:\/\/www.xiangxiangdaily.com\/pt-pt\/cambodian-shampoo-packaging-and-design-features\/\" aria-label=\"Read more about Carater\u00edsticas da embalagem e do design do champ\u00f4 cambojano\" tabindex=\"-1\">\n\t\t\tL\u00ea mais \"\t\t<\/a>\n\n\t\t\t\t<\/div>\n\t\t\t\t<\/article>\n\t\t\t\t<article class=\"elementor-post elementor-grid-item post-90859 post type-post status-publish format-standard has-post-thumbnail hentry category-sem-categoria\" role=\"listitem\">\n\t\t\t\t<a class=\"elementor-post__thumbnail__link\" href=\"https:\/\/www.xiangxiangdaily.com\/pt-pt\/nigeria-hair-care-market-size-growth-and-trends\/\" tabindex=\"-1\">\n\t\t\t<div class=\"elementor-post__thumbnail\"><img loading=\"lazy\" decoding=\"async\" width=\"300\" height=\"200\" src=\"https:\/\/www.xiangxiangdaily.com\/wp-content\/uploads\/2025\/11\/Nigeria-Hair-Care-Opportunities-for-New-Brands-300x200.jpg\" class=\"attachment-medium size-medium wp-image-90829\" alt=\"Nigeria Hair Care Opportunities for New Brands\" srcset=\"https:\/\/www.xiangxiangdaily.com\/wp-content\/uploads\/2025\/11\/Nigeria-Hair-Care-Opportunities-for-New-Brands-300x200.jpg 300w, https:\/\/www.xiangxiangdaily.com\/wp-content\/uploads\/2025\/11\/Nigeria-Hair-Care-Opportunities-for-New-Brands-768x512.jpg 768w, https:\/\/www.xiangxiangdaily.com\/wp-content\/uploads\/2025\/11\/Nigeria-Hair-Care-Opportunities-for-New-Brands-600x400.jpg 600w, https:\/\/www.xiangxiangdaily.com\/wp-content\/uploads\/2025\/11\/Nigeria-Hair-Care-Opportunities-for-New-Brands.jpg 800w\" sizes=\"(max-width: 300px) 100vw, 300px\" \/><\/div>\n\t\t<\/a>\n\t\t\t\t<div class=\"elementor-post__text\">\n\t\t\t\t<h3 class=\"elementor-post__title\">\n\t\t\t<a href=\"https:\/\/www.xiangxiangdaily.com\/pt-pt\/nigeria-hair-care-market-size-growth-and-trends\/\">\n\t\t\t\tCrescimento e tend\u00eancias do mercado de cuidados capilares na Nig\u00e9ria\t\t\t<\/a>\n\t\t<\/h3>\n\t\t\t\t<div class=\"elementor-post__meta-data\">\n\t\t\t\t\t<span class=\"elementor-post-date\">\n\t\t\tNovembro 25, 2025\t\t<\/span>\n\t\t\t\t<span class=\"elementor-post-avatar\">\n\t\t\tSem coment\u00e1rios\t\t<\/span>\n\t\t\t\t<\/div>\n\t\t\t\t<div class=\"elementor-post__excerpt\">\n\t\t\t<p>Home Crescimento e tend\u00eancias do mercado de cuidados capilares na Nig\u00e9ria Dimens\u00e3o do mercado e panorama de crescimento A Nig\u00e9ria \u00e9 um dos maiores mercados<\/p>\n\t\t<\/div>\n\t\t\n\t\t<a class=\"elementor-post__read-more\" href=\"https:\/\/www.xiangxiangdaily.com\/pt-pt\/nigeria-hair-care-market-size-growth-and-trends\/\" aria-label=\"Read more about Crescimento e tend\u00eancias do mercado de cuidados capilares na Nig\u00e9ria\" tabindex=\"-1\">\n\t\t\tL\u00ea mais \"\t\t<\/a>\n\n\t\t\t\t<\/div>\n\t\t\t\t<\/article>\n\t\t\t\t<article class=\"elementor-post elementor-grid-item post-90798 post type-post status-publish format-standard has-post-thumbnail hentry category-sem-categoria\" role=\"listitem\">\n\t\t\t\t<a class=\"elementor-post__thumbnail__link\" href=\"https:\/\/www.xiangxiangdaily.com\/pt-pt\/how-much-budget-you-need-to-start-a-skincare-brand\/\" tabindex=\"-1\">\n\t\t\t<div class=\"elementor-post__thumbnail\"><img loading=\"lazy\" decoding=\"async\" width=\"300\" height=\"200\" src=\"https:\/\/www.xiangxiangdaily.com\/wp-content\/uploads\/2025\/11\/Startup-Costs-for-Launching-Your-Own-Skincare-Line-300x200.jpg\" class=\"attachment-medium size-medium wp-image-90779\" alt=\"Startup Costs for Launching Your Own Skincare Line\" srcset=\"https:\/\/www.xiangxiangdaily.com\/wp-content\/uploads\/2025\/11\/Startup-Costs-for-Launching-Your-Own-Skincare-Line-300x200.jpg 300w, https:\/\/www.xiangxiangdaily.com\/wp-content\/uploads\/2025\/11\/Startup-Costs-for-Launching-Your-Own-Skincare-Line-768x512.jpg 768w, https:\/\/www.xiangxiangdaily.com\/wp-content\/uploads\/2025\/11\/Startup-Costs-for-Launching-Your-Own-Skincare-Line-600x400.jpg 600w, https:\/\/www.xiangxiangdaily.com\/wp-content\/uploads\/2025\/11\/Startup-Costs-for-Launching-Your-Own-Skincare-Line.jpg 800w\" sizes=\"(max-width: 300px) 100vw, 300px\" \/><\/div>\n\t\t<\/a>\n\t\t\t\t<div class=\"elementor-post__text\">\n\t\t\t\t<h3 class=\"elementor-post__title\">\n\t\t\t<a href=\"https:\/\/www.xiangxiangdaily.com\/pt-pt\/how-much-budget-you-need-to-start-a-skincare-brand\/\">\n\t\t\t\tQuanto or\u00e7amento precisas para come\u00e7ar uma marca de cuidados de pele\t\t\t<\/a>\n\t\t<\/h3>\n\t\t\t\t<div class=\"elementor-post__meta-data\">\n\t\t\t\t\t<span class=\"elementor-post-date\">\n\t\t\tNovembro 17, 2025\t\t<\/span>\n\t\t\t\t<span class=\"elementor-post-avatar\">\n\t\t\tSem coment\u00e1rios\t\t<\/span>\n\t\t\t\t<\/div>\n\t\t\t\t<div class=\"elementor-post__excerpt\">\n\t\t\t<p>Home Quanto or\u00e7amento precisas para come\u00e7ar uma marca de cuidados de pele Lan\u00e7ar a tua pr\u00f3pria linha de produtos de cuidados da pele pode ser<\/p>\n\t\t<\/div>\n\t\t\n\t\t<a class=\"elementor-post__read-more\" href=\"https:\/\/www.xiangxiangdaily.com\/pt-pt\/how-much-budget-you-need-to-start-a-skincare-brand\/\" aria-label=\"Read more about Quanto or\u00e7amento precisas para come\u00e7ar uma marca de cuidados de pele\" tabindex=\"-1\">\n\t\t\tL\u00ea mais \"\t\t<\/a>\n\n\t\t\t\t<\/div>\n\t\t\t\t<\/article>\n\t\t\t\t<\/div>\n\t\t\n\t\t\t\t<div class=\"e-load-more-anchor\" data-page=\"1\" data-max-page=\"21\" data-next-page=\"https:\/\/www.xiangxiangdaily.com\/pt-pt\/wp-json\/wp\/v2\/pages\/36035\/page\/2\/\"><\/div>\n\t\t\t\t<nav class=\"elementor-pagination\" aria-label=\"Pagination\">\n\t\t\t<span class=\"page-numbers prev\">\" Anterior<\/span>\n<span aria-current=\"page\" class=\"page-numbers current\"><span class=\"elementor-screen-only\">Page<\/span>1<\/span>\n<a class=\"page-numbers\" href=\"https:\/\/www.xiangxiangdaily.com\/pt-pt\/wp-json\/wp\/v2\/pages\/36035\/page\/2\/\"><span class=\"elementor-screen-only\">Page<\/span>2<\/a>\n<a class=\"page-numbers\" href=\"https:\/\/www.xiangxiangdaily.com\/pt-pt\/wp-json\/wp\/v2\/pages\/36035\/page\/3\/\"><span class=\"elementor-screen-only\">Page<\/span>3<\/a>\n<a class=\"page-numbers\" href=\"https:\/\/www.xiangxiangdaily.com\/pt-pt\/wp-json\/wp\/v2\/pages\/36035\/page\/4\/\"><span class=\"elementor-screen-only\">Page<\/span>4<\/a>\n<a class=\"page-numbers\" href=\"https:\/\/www.xiangxiangdaily.com\/pt-pt\/wp-json\/wp\/v2\/pages\/36035\/page\/5\/\"><span class=\"elementor-screen-only\">Page<\/span>5<\/a>\n<a class=\"page-numbers next\" href=\"https:\/\/www.xiangxiangdaily.com\/pt-pt\/wp-json\/wp\/v2\/pages\/36035\/page\/2\/\">Seguinte \"<\/a>\t\t<\/nav>\n\t\t\t\t\t\t<\/div>\n\t\t\t\t<\/div>\n\t\t\t\t\t<\/div>\n\t\t\t\t<\/div>\n\t\t\t\t<\/div>\n\t\t","protected":false},"excerpt":{"rendered":"<p>Mantemos-te atualizado sobre as \u00faltimas tend\u00eancias, not\u00edcias e desenvolvimentos da ind\u00fastria para que possas estar sempre um passo \u00e0 frente.<\/p>\n","protected":false},"author":1,"featured_media":0,"parent":0,"menu_order":0,"comment_status":"closed","ping_status":"closed","template":"elementor_theme","meta":{"_acf_changed":false,"footnotes":""},"class_list":["post-36035","page","type-page","status-publish","hentry"],"acf":[],"_links":{"self":[{"href":"https:\/\/www.xiangxiangdaily.com\/pt-pt\/wp-json\/wp\/v2\/pages\/36035","targetHints":{"allow":["GET"]}}],"collection":[{"href":"https:\/\/www.xiangxiangdaily.com\/pt-pt\/wp-json\/wp\/v2\/pages"}],"about":[{"href":"https:\/\/www.xiangxiangdaily.com\/pt-pt\/wp-json\/wp\/v2\/types\/page"}],"author":[{"embeddable":true,"href":"https:\/\/www.xiangxiangdaily.com\/pt-pt\/wp-json\/wp\/v2\/users\/1"}],"replies":[{"embeddable":true,"href":"https:\/\/www.xiangxiangdaily.com\/pt-pt\/wp-json\/wp\/v2\/comments?post=36035"}],"version-history":[{"count":2,"href":"https:\/\/www.xiangxiangdaily.com\/pt-pt\/wp-json\/wp\/v2\/pages\/36035\/revisions"}],"predecessor-version":[{"id":98058,"href":"https:\/\/www.xiangxiangdaily.com\/pt-pt\/wp-json\/wp\/v2\/pages\/36035\/revisions\/98058"}],"wp:attachment":[{"href":"https:\/\/www.xiangxiangdaily.com\/pt-pt\/wp-json\/wp\/v2\/media?parent=36035"}],"curies":[{"name":"wp","href":"https:\/\/api.w.org\/{rel}","templated":true}]}}