{"id":36048,"date":"2023-01-12T10:12:59","date_gmt":"2023-01-12T02:12:59","guid":{"rendered":"https:\/\/www.xiangxiangdaily.com\/lideranca\/"},"modified":"2026-04-28T18:16:09","modified_gmt":"2026-04-28T10:16:09","slug":"lideranca","status":"publish","type":"page","link":"https:\/\/www.xiangxiangdaily.com\/pt-pt\/lideranca\/","title":{"rendered":"Lideran\u00e7a"},"content":{"rendered":"\t\t<div data-elementor-type=\"wp-page\" data-elementor-id=\"36048\" class=\"elementor elementor-36048 elementor-3420\" data-elementor-post-type=\"page\">\n\t\t\t\t<div class=\"elementor-element elementor-element-6397af38 e-flex e-con-boxed e-con e-parent\" data-id=\"6397af38\" data-element_type=\"container\" data-e-type=\"container\" data-settings=\"{&quot;background_background&quot;:&quot;classic&quot;}\">\n\t\t\t\t\t<div class=\"e-con-inner\">\n\t\t\t\t<div class=\"elementor-element elementor-element-43f01f24 elementor-widget elementor-widget-heading\" data-id=\"43f01f24\" data-element_type=\"widget\" data-e-type=\"widget\" data-widget_type=\"heading.default\">\n\t\t\t\t<div class=\"elementor-widget-container\">\n\t\t\t\t\t<h1 class=\"elementor-heading-title elementor-size-default\">Lideran\u00e7a<\/h1>\t\t\t\t<\/div>\n\t\t\t\t<\/div>\n\t\t\t\t<div class=\"elementor-element elementor-element-c98dc6d elementor-widget elementor-widget-text-editor\" data-id=\"c98dc6d\" data-element_type=\"widget\" data-e-type=\"widget\" data-widget_type=\"text-editor.default\">\n\t\t\t\t<div class=\"elementor-widget-container\">\n\t\t\t\t\t\t\t\t\t<p>A equipa de lideran\u00e7a da Xiangxiangdaily lidera pelo exemplo, demonstrando as qualidades que distinguem os nossos colaboradores: integridade, especializa\u00e7\u00e3o e compromisso em servir os nossos clientes com distin\u00e7\u00e3o.<\/p>\t\t\t\t\t\t\t\t<\/div>\n\t\t\t\t<\/div>\n\t\t\t\t<div class=\"elementor-element elementor-element-f6f0186 elementor-widget elementor-widget-breadcrumbs\" data-id=\"f6f0186\" data-element_type=\"widget\" data-e-type=\"widget\" data-widget_type=\"breadcrumbs.default\">\n\t\t\t\t<div class=\"elementor-widget-container\">\n\t\t\t\t\t<nav><span class=\"last\">Casa<\/span><\/nav>\t\t\t\t<\/div>\n\t\t\t\t<\/div>\n\t\t\t\t\t<\/div>\n\t\t\t\t<\/div>\n\t\t<div class=\"elementor-element elementor-element-03b9a7e e-flex e-con-boxed e-con e-parent\" data-id=\"03b9a7e\" data-element_type=\"container\" data-e-type=\"container\" data-settings=\"{&quot;background_background&quot;:&quot;classic&quot;}\">\n\t\t\t\t\t<div class=\"e-con-inner\">\n\t\t\t\t<div class=\"elementor-element elementor-element-2a97e8b elementor-widget elementor-widget-heading\" data-id=\"2a97e8b\" data-element_type=\"widget\" data-e-type=\"widget\" data-widget_type=\"heading.default\">\n\t\t\t\t<div class=\"elementor-widget-container\">\n\t\t\t\t\t<h2 class=\"elementor-heading-title elementor-size-default\">Descobre os rostos por detr\u00e1s do sucesso da Xiangxiang<\/h2>\t\t\t\t<\/div>\n\t\t\t\t<\/div>\n\t\t<div class=\"elementor-element elementor-element-a987817 e-flex e-con-boxed e-con e-child\" data-id=\"a987817\" data-element_type=\"container\" data-e-type=\"container\">\n\t\t\t\t\t<div class=\"e-con-inner\">\n\t\t\t\t<div class=\"elementor-element elementor-element-e1858a3 elementor-widget-divider--view-line elementor-widget elementor-widget-divider\" data-id=\"e1858a3\" data-element_type=\"widget\" data-e-type=\"widget\" data-widget_type=\"divider.default\">\n\t\t\t\t<div class=\"elementor-widget-container\">\n\t\t\t\t\t\t\t<div class=\"elementor-divider\">\n\t\t\t<span class=\"elementor-divider-separator\">\n\t\t\t\t\t\t<\/span>\n\t\t<\/div>\n\t\t\t\t\t\t<\/div>\n\t\t\t\t<\/div>\n\t\t\t\t<div class=\"elementor-element elementor-element-8360d4a elementor-view-default elementor-widget elementor-widget-icon\" data-id=\"8360d4a\" data-element_type=\"widget\" data-e-type=\"widget\" data-widget_type=\"icon.default\">\n\t\t\t\t<div class=\"elementor-widget-container\">\n\t\t\t\t\t\t\t<div class=\"elementor-icon-wrapper\">\n\t\t\t<div class=\"elementor-icon\">\n\t\t\t<i aria-hidden=\"true\" class=\"fas fa-star\"><\/i>\t\t\t<\/div>\n\t\t<\/div>\n\t\t\t\t\t\t<\/div>\n\t\t\t\t<\/div>\n\t\t\t\t<div class=\"elementor-element elementor-element-d0f75a7 elementor-widget-divider--view-line elementor-widget elementor-widget-divider\" data-id=\"d0f75a7\" data-element_type=\"widget\" data-e-type=\"widget\" data-widget_type=\"divider.default\">\n\t\t\t\t<div class=\"elementor-widget-container\">\n\t\t\t\t\t\t\t<div class=\"elementor-divider\">\n\t\t\t<span class=\"elementor-divider-separator\">\n\t\t\t\t\t\t<\/span>\n\t\t<\/div>\n\t\t\t\t\t\t<\/div>\n\t\t\t\t<\/div>\n\t\t\t\t\t<\/div>\n\t\t\t\t<\/div>\n\t\t\t\t<div class=\"elementor-element elementor-element-ffe8480 elementor-widget elementor-widget-text-editor\" data-id=\"ffe8480\" data-element_type=\"widget\" data-e-type=\"widget\" data-widget_type=\"text-editor.default\">\n\t\t\t\t<div class=\"elementor-widget-container\">\n\t\t\t\t\t\t\t\t\t<p>A equipa de lideran\u00e7a da Xiangxiang \u00e9 composta por especialistas da ind\u00fastria que t\u00eam um profundo conhecimento da ind\u00fastria de cuidados pessoais. Com a sua vis\u00e3o, experi\u00eancia e compromisso inabal\u00e1vel com a integridade, criaram uma empresa que d\u00e1 prioridade ao sucesso dos seus funcion\u00e1rios e clientes.<\/p>\t\t\t\t\t\t\t\t<\/div>\n\t\t\t\t<\/div>\n\t\t\t\t\t<\/div>\n\t\t\t\t<\/div>\n\t\t<div class=\"elementor-element elementor-element-8b84784 e-flex e-con-boxed e-con e-parent\" data-id=\"8b84784\" data-element_type=\"container\" data-e-type=\"container\">\n\t\t\t\t\t<div class=\"e-con-inner\">\n\t\t\t\t<div class=\"elementor-element elementor-element-d0a8b66 elementor-widget elementor-widget-image\" data-id=\"d0a8b66\" data-element_type=\"widget\" data-e-type=\"widget\" data-widget_type=\"image.default\">\n\t\t\t\t<div class=\"elementor-widget-container\">\n\t\t\t\t\t\t\t\t\t\t\t\t\t\t\t<img fetchpriority=\"high\" decoding=\"async\" width=\"800\" height=\"801\" src=\"https:\/\/www.xiangxiangdaily.com\/wp-content\/uploads\/2023\/12\/Sophia-Li.webp\" class=\"attachment-large size-large wp-image-98870\" alt=\"Sophia Li\" \/>\t\t\t\t\t\t\t\t\t\t\t\t\t\t\t<\/div>\n\t\t\t\t<\/div>\n\t\t<div class=\"elementor-element elementor-element-72f72df e-flex e-con-boxed e-con e-child\" data-id=\"72f72df\" data-element_type=\"container\" data-e-type=\"container\">\n\t\t\t\t\t<div class=\"e-con-inner\">\n\t\t\t\t<div class=\"elementor-element elementor-element-7f91207 elementor-widget elementor-widget-heading\" data-id=\"7f91207\" data-element_type=\"widget\" data-e-type=\"widget\" data-widget_type=\"heading.default\">\n\t\t\t\t<div class=\"elementor-widget-container\">\n\t\t\t\t\t<h2 class=\"elementor-heading-title elementor-size-default\">Sophia Li<\/h2>\t\t\t\t<\/div>\n\t\t\t\t<\/div>\n\t\t\t\t<div class=\"elementor-element elementor-element-8d1744d elementor-widget elementor-widget-heading\" data-id=\"8d1744d\" data-element_type=\"widget\" data-e-type=\"widget\" data-widget_type=\"heading.default\">\n\t\t\t\t<div class=\"elementor-widget-container\">\n\t\t\t\t\t<div class=\"elementor-heading-title elementor-size-default\">Presidente<\/div>\t\t\t\t<\/div>\n\t\t\t\t<\/div>\n\t\t\t\t<div class=\"elementor-element elementor-element-89a4d43 elementor-widget elementor-widget-heading\" data-id=\"89a4d43\" data-element_type=\"widget\" data-e-type=\"widget\" data-widget_type=\"heading.default\">\n\t\t\t\t<div class=\"elementor-widget-container\">\n\t\t\t\t\t<h3 class=\"elementor-heading-title elementor-size-default\">\"A sinergia \u00e9 criada quando os indiv\u00edduos se juntam para atingir um objetivo comum\"<\/h3>\t\t\t\t<\/div>\n\t\t\t\t<\/div>\n\t\t\t\t<div class=\"elementor-element elementor-element-55c9c35 elementor-widget elementor-widget-text-editor\" data-id=\"55c9c35\" data-element_type=\"widget\" data-e-type=\"widget\" data-widget_type=\"text-editor.default\">\n\t\t\t\t<div class=\"elementor-widget-container\">\n\t\t\t\t\t\t\t\t\t<p>Antes dessa fun\u00e7\u00e3o, foi uma l\u00edder dedicada e uma mentora de apoio para todos os funcion\u00e1rios da Xiangxiang. Atualmente, supervisiona o desenvolvimento de <span style=\"text-decoration: underline;\"><a href=\"https:\/\/www.xiangxiangdaily.com\/oemodm-services\/\">formula\u00e7\u00f5es e embalagens inovadoras<\/a><\/span> para produtos de cuidados pessoais. Estabelece tamb\u00e9m uma cadeia de fornecimento robusta para garantir um servi\u00e7o \u00f3timo aos nossos clientes e impulsiona o crescimento da empresa atrav\u00e9s de fus\u00f5es e aquisi\u00e7\u00f5es estrat\u00e9gicas.  <br><br>Como CEO do nosso neg\u00f3cio de produtos de cuidados pessoais, a Sophia dedica-se a melhorar o seu desempenho para beneficiar os nossos clientes, colaboradores e a comunidade local. Acredita na produ\u00e7\u00e3o sustent\u00e1vel e nas embalagens de valor acrescentado para cosm\u00e9ticos. Sophia tem um historial comprovado como l\u00edder de sucesso, tendo anteriormente sido nossa diretora de opera\u00e7\u00f5es em 2012 e desempenhando um papel fundamental no crescimento do nosso neg\u00f3cio de produtos de cuidados pessoais em Guangzhou, Guangdong, China.  <\/p>\t\t\t\t\t\t\t\t<\/div>\n\t\t\t\t<\/div>\n\t\t\t\t\t<\/div>\n\t\t\t\t<\/div>\n\t\t\t\t\t<\/div>\n\t\t\t\t<\/div>\n\t\t<div class=\"elementor-element elementor-element-9796745 e-flex e-con-boxed e-con e-parent\" data-id=\"9796745\" data-element_type=\"container\" data-e-type=\"container\">\n\t\t\t\t\t<div class=\"e-con-inner\">\n\t\t\t\t<div class=\"elementor-element elementor-element-e854484 elementor-widget elementor-widget-image\" data-id=\"e854484\" data-element_type=\"widget\" data-e-type=\"widget\" data-widget_type=\"image.default\">\n\t\t\t\t<div class=\"elementor-widget-container\">\n\t\t\t\t\t\t\t\t\t\t\t\t\t\t\t<img decoding=\"async\" width=\"800\" height=\"799\" src=\"https:\/\/www.xiangxiangdaily.com\/wp-content\/uploads\/2023\/12\/David-Shi.webp\" class=\"attachment-large size-large wp-image-98862\" alt=\"David Shi\" \/>\t\t\t\t\t\t\t\t\t\t\t\t\t\t\t<\/div>\n\t\t\t\t<\/div>\n\t\t<div class=\"elementor-element elementor-element-8934a71 e-flex e-con-boxed e-con e-child\" data-id=\"8934a71\" data-element_type=\"container\" data-e-type=\"container\">\n\t\t\t\t\t<div class=\"e-con-inner\">\n\t\t\t\t<div class=\"elementor-element elementor-element-bfb9894 elementor-widget elementor-widget-heading\" data-id=\"bfb9894\" data-element_type=\"widget\" data-e-type=\"widget\" data-widget_type=\"heading.default\">\n\t\t\t\t<div class=\"elementor-widget-container\">\n\t\t\t\t\t<h2 class=\"elementor-heading-title elementor-size-default\">David Shi<\/h2>\t\t\t\t<\/div>\n\t\t\t\t<\/div>\n\t\t\t\t<div class=\"elementor-element elementor-element-3848381 elementor-widget elementor-widget-heading\" data-id=\"3848381\" data-element_type=\"widget\" data-e-type=\"widget\" data-widget_type=\"heading.default\">\n\t\t\t\t<div class=\"elementor-widget-container\">\n\t\t\t\t\t<div class=\"elementor-heading-title elementor-size-default\">Diretor Geral<\/div>\t\t\t\t<\/div>\n\t\t\t\t<\/div>\n\t\t\t\t<div class=\"elementor-element elementor-element-2c10e55 elementor-widget elementor-widget-heading\" data-id=\"2c10e55\" data-element_type=\"widget\" data-e-type=\"widget\" data-widget_type=\"heading.default\">\n\t\t\t\t<div class=\"elementor-widget-container\">\n\t\t\t\t\t<h3 class=\"elementor-heading-title elementor-size-default\">\"A Xiangxiang acredita que todos ganham. N\u00e3o nos concentramos apenas no sucesso individual, mas esfor\u00e7amo-nos por obter um sucesso melhor e mais elevado para todos\"<\/h3>\t\t\t\t<\/div>\n\t\t\t\t<\/div>\n\t\t\t\t<div class=\"elementor-element elementor-element-19681b8 elementor-widget elementor-widget-text-editor\" data-id=\"19681b8\" data-element_type=\"widget\" data-e-type=\"widget\" data-widget_type=\"text-editor.default\">\n\t\t\t\t<div class=\"elementor-widget-container\">\n\t\t\t\t\t\t\t\t\t<p>Em 2018, David tornou-se o CEO da Xiangxiang, com base em mais de 10 anos de experi\u00eancia na cadeia de fornecimento das ind\u00fastrias de cosm\u00e9ticos e cuidados pessoais. Ele \u00e9 amplamente considerado um pioneiro no setor de fabrica\u00e7\u00e3o de dom\u00ednio, com um olho afiado para as tend\u00eancias de embalagem e marca e uma compreens\u00e3o aguda das necessidades em constante evolu\u00e7\u00e3o de nossos clientes. <\/p>\t\t\t\t\t\t\t\t<\/div>\n\t\t\t\t<\/div>\n\t\t\t\t\t<\/div>\n\t\t\t\t<\/div>\n\t\t\t\t\t<\/div>\n\t\t\t\t<\/div>\n\t\t\t\t<\/div>\n\t\t","protected":false},"excerpt":{"rendered":"<p>Lideran\u00e7a A equipa de lideran\u00e7a da Xiangxiangdaily lidera pelo exemplo, demonstrando as qualidades que distinguem os nossos colaboradores: integridade, especializa\u00e7\u00e3o e compromisso em servir os nossos clientes com distin\u00e7\u00e3o. Home Descobre os rostos por detr\u00e1s do sucesso da Xiangxiang A equipa de lideran\u00e7a da Xiangxiang \u00e9 composta por especialistas da ind\u00fastria que t\u00eam um profundo [&hellip;]<\/p>\n","protected":false},"author":1,"featured_media":36051,"parent":0,"menu_order":0,"comment_status":"closed","ping_status":"closed","template":"","meta":{"_acf_changed":false,"footnotes":""},"class_list":["post-36048","page","type-page","status-publish","has-post-thumbnail","hentry"],"acf":[],"_links":{"self":[{"href":"https:\/\/www.xiangxiangdaily.com\/pt-pt\/wp-json\/wp\/v2\/pages\/36048","targetHints":{"allow":["GET"]}}],"collection":[{"href":"https:\/\/www.xiangxiangdaily.com\/pt-pt\/wp-json\/wp\/v2\/pages"}],"about":[{"href":"https:\/\/www.xiangxiangdaily.com\/pt-pt\/wp-json\/wp\/v2\/types\/page"}],"author":[{"embeddable":true,"href":"https:\/\/www.xiangxiangdaily.com\/pt-pt\/wp-json\/wp\/v2\/users\/1"}],"replies":[{"embeddable":true,"href":"https:\/\/www.xiangxiangdaily.com\/pt-pt\/wp-json\/wp\/v2\/comments?post=36048"}],"version-history":[{"count":2,"href":"https:\/\/www.xiangxiangdaily.com\/pt-pt\/wp-json\/wp\/v2\/pages\/36048\/revisions"}],"predecessor-version":[{"id":101603,"href":"https:\/\/www.xiangxiangdaily.com\/pt-pt\/wp-json\/wp\/v2\/pages\/36048\/revisions\/101603"}],"wp:featuredmedia":[{"embeddable":true,"href":"https:\/\/www.xiangxiangdaily.com\/pt-pt\/wp-json\/wp\/v2\/media\/36051"}],"wp:attachment":[{"href":"https:\/\/www.xiangxiangdaily.com\/pt-pt\/wp-json\/wp\/v2\/media?parent=36048"}],"curies":[{"name":"wp","href":"https:\/\/api.w.org\/{rel}","templated":true}]}}