{"id":36080,"date":"2022-12-03T09:13:09","date_gmt":"2022-12-03T01:13:09","guid":{"rendered":"https:\/\/www.xiangxiangdaily.com\/a-nossa-historia\/"},"modified":"2026-04-28T17:54:32","modified_gmt":"2026-04-28T09:54:32","slug":"a-nossa-historia","status":"publish","type":"page","link":"https:\/\/www.xiangxiangdaily.com\/pt-pt\/a-nossa-historia\/","title":{"rendered":"A nossa hist\u00f3ria"},"content":{"rendered":"\t\t<div data-elementor-type=\"wp-page\" data-elementor-id=\"36080\" class=\"elementor elementor-36080 elementor-1697\" data-elementor-post-type=\"page\">\n\t\t\t\t<div class=\"elementor-element elementor-element-51a38b43 e-flex e-con-boxed e-con e-parent\" data-id=\"51a38b43\" data-element_type=\"container\" data-e-type=\"container\" data-settings=\"{&quot;background_background&quot;:&quot;classic&quot;}\">\n\t\t\t\t\t<div class=\"e-con-inner\">\n\t\t\t\t<div class=\"elementor-element elementor-element-2d650346 elementor-widget elementor-widget-heading\" data-id=\"2d650346\" data-element_type=\"widget\" data-e-type=\"widget\" data-widget_type=\"heading.default\">\n\t\t\t\t<div class=\"elementor-widget-container\">\n\t\t\t\t\t<h1 class=\"elementor-heading-title elementor-size-default\">A nossa hist\u00f3ria<\/h1>\t\t\t\t<\/div>\n\t\t\t\t<\/div>\n\t\t\t\t<div class=\"elementor-element elementor-element-8149c27 elementor-widget elementor-widget-text-editor\" data-id=\"8149c27\" data-element_type=\"widget\" data-e-type=\"widget\" data-widget_type=\"text-editor.default\">\n\t\t\t\t<div class=\"elementor-widget-container\">\n\t\t\t\t\t\t\t\t\t<p>A Xiangxiangdaily expandiu o seu alcance para 30 regi\u00f5es e pa\u00edses, e est\u00e1 envolvida na ind\u00fastria dos cuidados pessoais h\u00e1 mais de 18 anos.<\/p>\t\t\t\t\t\t\t\t<\/div>\n\t\t\t\t<\/div>\n\t\t\t\t<div class=\"elementor-element elementor-element-c8f9a43 elementor-widget elementor-widget-breadcrumbs\" data-id=\"c8f9a43\" data-element_type=\"widget\" data-e-type=\"widget\" data-widget_type=\"breadcrumbs.default\">\n\t\t\t\t<div class=\"elementor-widget-container\">\n\t\t\t\t\t<nav><span class=\"last\">Casa<\/span><\/nav>\t\t\t\t<\/div>\n\t\t\t\t<\/div>\n\t\t\t\t\t<\/div>\n\t\t\t\t<\/div>\n\t\t<div class=\"elementor-element elementor-element-362bfcf e-flex e-con-boxed e-con e-parent\" data-id=\"362bfcf\" data-element_type=\"container\" data-e-type=\"container\">\n\t\t\t\t\t<div class=\"e-con-inner\">\n\t\t<div class=\"elementor-element elementor-element-9230ac7 e-flex e-con-boxed e-con e-child\" data-id=\"9230ac7\" data-element_type=\"container\" data-e-type=\"container\">\n\t\t\t\t\t<div class=\"e-con-inner\">\n\t\t\t\t<div class=\"elementor-element elementor-element-f370d7f elementor-widget elementor-widget-heading\" data-id=\"f370d7f\" data-element_type=\"widget\" data-e-type=\"widget\" data-widget_type=\"heading.default\">\n\t\t\t\t<div class=\"elementor-widget-container\">\n\t\t\t\t\t<h2 class=\"elementor-heading-title elementor-size-default\">Momentos-chave no crescimento do Xiangxiangdaily<\/h2>\t\t\t\t<\/div>\n\t\t\t\t<\/div>\n\t\t\t\t<div class=\"elementor-element elementor-element-359a13c elementor-widget-divider--view-line elementor-widget elementor-widget-divider\" data-id=\"359a13c\" data-element_type=\"widget\" data-e-type=\"widget\" data-widget_type=\"divider.default\">\n\t\t\t\t<div class=\"elementor-widget-container\">\n\t\t\t\t\t\t\t<div class=\"elementor-divider\">\n\t\t\t<span class=\"elementor-divider-separator\">\n\t\t\t\t\t\t<\/span>\n\t\t<\/div>\n\t\t\t\t\t\t<\/div>\n\t\t\t\t<\/div>\n\t\t\t\t<div class=\"elementor-element elementor-element-7d3e911 elementor-widget elementor-widget-text-editor\" data-id=\"7d3e911\" data-element_type=\"widget\" data-e-type=\"widget\" data-widget_type=\"text-editor.default\">\n\t\t\t\t<div class=\"elementor-widget-container\">\n\t\t\t\t\t\t\t\t\t<p>Ao longo dos \u00faltimos 18 anos, transform\u00e1mo-nos numa pot\u00eancia de cuidados pessoais atrav\u00e9s de aquisi\u00e7\u00f5es estrat\u00e9gicas e de um crescimento org\u00e2nico est\u00e1vel. Investiga os nossos destaques empresariais para veres como temos apresentado excelentes resultados de forma consistente. <\/p>\t\t\t\t\t\t\t\t<\/div>\n\t\t\t\t<\/div>\n\t\t\t\t<div class=\"elementor-element elementor-element-68c7f61 elementor-widget elementor-widget-button\" data-id=\"68c7f61\" data-element_type=\"widget\" data-e-type=\"widget\" data-widget_type=\"button.default\">\n\t\t\t\t<div class=\"elementor-widget-container\">\n\t\t\t\t\t\t\t\t\t<div class=\"elementor-button-wrapper\">\n\t\t\t\t\t<a class=\"elementor-button elementor-button-link elementor-size-sm\" href=\"#elementor-action%3Aaction%3Dpopup%3Aopen%26settings%3DeyJpZCI6ODQ4MTIsInRvZ2dsZSI6ZmFsc2V9\">\n\t\t\t\t\t\t<span class=\"elementor-button-content-wrapper\">\n\t\t\t\t\t\t<span class=\"elementor-button-icon\">\n\t\t\t\t<i aria-hidden=\"true\" class=\"fas fa-arrow-right\"><\/i>\t\t\t<\/span>\n\t\t\t\t\t\t\t\t\t<span class=\"elementor-button-text\">Come\u00e7a o teu neg\u00f3cio<\/span>\n\t\t\t\t\t<\/span>\n\t\t\t\t\t<\/a>\n\t\t\t\t<\/div>\n\t\t\t\t\t\t\t\t<\/div>\n\t\t\t\t<\/div>\n\t\t\t\t\t<\/div>\n\t\t\t\t<\/div>\n\t\t<div class=\"elementor-element elementor-element-7b507db e-flex e-con-boxed e-con e-child\" data-id=\"7b507db\" data-element_type=\"container\" data-e-type=\"container\">\n\t\t\t\t\t<div class=\"e-con-inner\">\n\t\t\t\t<div class=\"elementor-element elementor-element-6d1b7cd elementor-widget elementor-widget-image\" data-id=\"6d1b7cd\" data-element_type=\"widget\" data-e-type=\"widget\" data-widget_type=\"image.default\">\n\t\t\t\t<div class=\"elementor-widget-container\">\n\t\t\t\t\t\t\t\t\t\t\t\t\t\t\t<img fetchpriority=\"high\" decoding=\"async\" width=\"800\" height=\"528\" src=\"https:\/\/www.xiangxiangdaily.com\/wp-content\/uploads\/2023\/12\/xiangxiang-team.webp\" class=\"attachment-large size-large wp-image-36081\" alt=\"equipa xiangxiang\" srcset=\"https:\/\/www.xiangxiangdaily.com\/wp-content\/uploads\/2023\/12\/xiangxiang-team.webp 800w, https:\/\/www.xiangxiangdaily.com\/wp-content\/uploads\/2023\/12\/xiangxiang-team-600x396.webp 600w, https:\/\/www.xiangxiangdaily.com\/wp-content\/uploads\/2023\/12\/xiangxiang-team-300x198.webp 300w, https:\/\/www.xiangxiangdaily.com\/wp-content\/uploads\/2023\/12\/xiangxiang-team-768x507.webp 768w\" sizes=\"(max-width: 800px) 100vw, 800px\" \/>\t\t\t\t\t\t\t\t\t\t\t\t\t\t\t<\/div>\n\t\t\t\t<\/div>\n\t\t\t\t\t<\/div>\n\t\t\t\t<\/div>\n\t\t\t\t\t<\/div>\n\t\t\t\t<\/div>\n\t\t<div class=\"elementor-element elementor-element-fac9392 e-flex e-con-boxed e-con e-parent\" data-id=\"fac9392\" data-element_type=\"container\" data-e-type=\"container\">\n\t\t\t\t\t<div class=\"e-con-inner\">\n\t\t<div class=\"elementor-element elementor-element-778e16c e-flex e-con-boxed e-con e-child\" data-id=\"778e16c\" data-element_type=\"container\" data-e-type=\"container\">\n\t\t\t\t\t<div class=\"e-con-inner\">\n\t\t\t\t<div class=\"elementor-element elementor-element-3a85ab6 elementor-widget elementor-widget-heading\" data-id=\"3a85ab6\" data-element_type=\"widget\" data-e-type=\"widget\" data-widget_type=\"heading.default\">\n\t\t\t\t<div class=\"elementor-widget-container\">\n\t\t\t\t\t<h2 class=\"elementor-heading-title elementor-size-default\">Patrim\u00f3nio cosm\u00e9tico<\/h2>\t\t\t\t<\/div>\n\t\t\t\t<\/div>\n\t\t\t\t<div class=\"elementor-element elementor-element-727348e elementor-widget elementor-widget-text-editor\" data-id=\"727348e\" data-element_type=\"widget\" data-e-type=\"widget\" data-widget_type=\"text-editor.default\">\n\t\t\t\t<div class=\"elementor-widget-container\">\n\t\t\t\t\t\t\t\t\t<p>Muitas vezes leva anos para compreender plenamente a import\u00e2ncia de uma ocasi\u00e3o importante, como o estabelecimento da Xiangxiang na China em 2004. Desde o in\u00edcio, o nosso foco na qualidade artesanal e no orgulho manteve-se inabal\u00e1vel, mesmo ap\u00f3s 18 anos de ser um ator proeminente na ind\u00fastria de cosm\u00e9ticos na China. Hoje, estamos mais fortes do que nunca e empenhados em manter o nosso legado de excel\u00eancia para as gera\u00e7\u00f5es vindouras.  <br><br>O esp\u00edrito inovador da produ\u00e7\u00e3o de cosm\u00e9ticos continua a prosperar hoje em dia, com a nossa equipa de mais de 100 funcion\u00e1rios a colaborar com clientes e parceiros para moldar o futuro dos cuidados pessoais. Com a nossa equipa de design interna, continuamos empenhados nas qualidades que primeiro cativaram a nossa CEO Sophia com os cosm\u00e9ticos: a sua beleza, versatilidade e potencial infinito de sustentabilidade. <\/p>\t\t\t\t\t\t\t\t<\/div>\n\t\t\t\t<\/div>\n\t\t\t\t\t<\/div>\n\t\t\t\t<\/div>\n\t\t<div class=\"elementor-element elementor-element-acdce22 e-flex e-con-boxed e-con e-child\" data-id=\"acdce22\" data-element_type=\"container\" data-e-type=\"container\">\n\t\t\t\t\t<div class=\"e-con-inner\">\n\t\t\t\t<div class=\"elementor-element elementor-element-b85e82c elementor-widget elementor-widget-image\" data-id=\"b85e82c\" data-element_type=\"widget\" data-e-type=\"widget\" data-widget_type=\"image.default\">\n\t\t\t\t<div class=\"elementor-widget-container\">\n\t\t\t\t\t\t\t\t\t\t\t\t\t\t\t<img decoding=\"async\" width=\"790\" height=\"616\" src=\"https:\/\/www.xiangxiangdaily.com\/wp-content\/uploads\/2023\/12\/Cosmetics-heritage.webp\" class=\"attachment-large size-large wp-image-98774\" alt=\"Patrim\u00f3nio cosm\u00e9tico\" \/>\t\t\t\t\t\t\t\t\t\t\t\t\t\t\t<\/div>\n\t\t\t\t<\/div>\n\t\t\t\t\t<\/div>\n\t\t\t\t<\/div>\n\t\t\t\t\t<\/div>\n\t\t\t\t<\/div>\n\t\t\t\t<\/div>\n\t\t","protected":false},"excerpt":{"rendered":"<p>A nossa hist\u00f3ria A Xiangxiangdaily expandiu o seu alcance para 30 regi\u00f5es e pa\u00edses, e est\u00e1 envolvida na ind\u00fastria dos cuidados pessoais h\u00e1 mais de 18 anos. Home Momentos-chave no crescimento do Xiangxiangdaily Ao longo dos \u00faltimos 18 anos, transform\u00e1mo-nos numa pot\u00eancia de cuidados pessoais atrav\u00e9s de aquisi\u00e7\u00f5es estrat\u00e9gicas e de um crescimento org\u00e2nico est\u00e1vel. [&hellip;]<\/p>\n","protected":false},"author":1,"featured_media":36081,"parent":0,"menu_order":0,"comment_status":"closed","ping_status":"closed","template":"","meta":{"_acf_changed":false,"footnotes":""},"class_list":["post-36080","page","type-page","status-publish","has-post-thumbnail","hentry"],"acf":[],"_links":{"self":[{"href":"https:\/\/www.xiangxiangdaily.com\/pt-pt\/wp-json\/wp\/v2\/pages\/36080","targetHints":{"allow":["GET"]}}],"collection":[{"href":"https:\/\/www.xiangxiangdaily.com\/pt-pt\/wp-json\/wp\/v2\/pages"}],"about":[{"href":"https:\/\/www.xiangxiangdaily.com\/pt-pt\/wp-json\/wp\/v2\/types\/page"}],"author":[{"embeddable":true,"href":"https:\/\/www.xiangxiangdaily.com\/pt-pt\/wp-json\/wp\/v2\/users\/1"}],"replies":[{"embeddable":true,"href":"https:\/\/www.xiangxiangdaily.com\/pt-pt\/wp-json\/wp\/v2\/comments?post=36080"}],"version-history":[{"count":2,"href":"https:\/\/www.xiangxiangdaily.com\/pt-pt\/wp-json\/wp\/v2\/pages\/36080\/revisions"}],"predecessor-version":[{"id":101325,"href":"https:\/\/www.xiangxiangdaily.com\/pt-pt\/wp-json\/wp\/v2\/pages\/36080\/revisions\/101325"}],"wp:featuredmedia":[{"embeddable":true,"href":"https:\/\/www.xiangxiangdaily.com\/pt-pt\/wp-json\/wp\/v2\/media\/36081"}],"wp:attachment":[{"href":"https:\/\/www.xiangxiangdaily.com\/pt-pt\/wp-json\/wp\/v2\/media?parent=36080"}],"curies":[{"name":"wp","href":"https:\/\/api.w.org\/{rel}","templated":true}]}}