{"id":62898,"date":"2022-03-02T09:54:53","date_gmt":"2022-03-02T01:54:53","guid":{"rendered":"https:\/\/www.xiangxiangdaily.com\/privacy-policy\/"},"modified":"2026-02-28T17:23:58","modified_gmt":"2026-02-28T09:23:58","slug":"privacy-policy","status":"publish","type":"page","link":"https:\/\/www.xiangxiangdaily.com\/pt-pt\/privacy-policy\/","title":{"rendered":"Pol\u00edtica de privacidade"},"content":{"rendered":"\t\t<div data-elementor-type=\"wp-page\" data-elementor-id=\"62898\" class=\"elementor elementor-62898 elementor-1017\" data-elementor-post-type=\"page\">\n\t\t\t\t<div class=\"elementor-element elementor-element-51053e5 e-flex e-con-boxed e-con e-parent\" data-id=\"51053e5\" data-element_type=\"container\" data-e-type=\"container\" data-settings=\"{&quot;background_background&quot;:&quot;classic&quot;}\">\n\t\t\t\t\t<div class=\"e-con-inner\">\n\t\t\t\t<div class=\"elementor-element elementor-element-3754c262 elementor-widget elementor-widget-heading\" data-id=\"3754c262\" data-element_type=\"widget\" data-e-type=\"widget\" data-widget_type=\"heading.default\">\n\t\t\t\t<div class=\"elementor-widget-container\">\n\t\t\t\t\t<h1 class=\"elementor-heading-title elementor-size-default\">  Pol\u00edtica de privacidade<\/h1>\t\t\t\t<\/div>\n\t\t\t\t<\/div>\n\t\t\t\t<div class=\"elementor-element elementor-element-d43209f elementor-align-center elementor-widget elementor-widget-breadcrumbs\" data-id=\"d43209f\" data-element_type=\"widget\" data-e-type=\"widget\" data-widget_type=\"breadcrumbs.default\">\n\t\t\t\t<div class=\"elementor-widget-container\">\n\t\t\t\t\t<nav><span class=\"last\">Casa<\/span><\/nav>\t\t\t\t<\/div>\n\t\t\t\t<\/div>\n\t\t\t\t\t<\/div>\n\t\t\t\t<\/div>\n\t\t<div class=\"elementor-element elementor-element-6442494 e-flex e-con-boxed e-con e-parent\" data-id=\"6442494\" data-element_type=\"container\" data-e-type=\"container\">\n\t\t\t\t\t<div class=\"e-con-inner\">\n\t\t\t\t<div class=\"elementor-element elementor-element-91aa2e4 elementor-widget elementor-widget-text-editor\" data-id=\"91aa2e4\" data-element_type=\"widget\" data-e-type=\"widget\" data-widget_type=\"text-editor.default\">\n\t\t\t\t<div class=\"elementor-widget-container\">\n\t\t\t\t\t\t\t\t\t<h2>A privacidade \u00e9 importante.<\/h2><p>Sabemos que a privacidade dos dados \u00e9 uma quest\u00e3o importante hoje em dia e queremos que desfrutes da tua intera\u00e7\u00e3o connosco, sabendo que valorizamos os teus Dados Pessoais e que os protegemos.<\/p><p>Aqui encontrar\u00e1s uma vis\u00e3o geral de como processamos os teus Dados Pessoais, as finalidades para as quais os processamos e como podes beneficiar. Ver\u00e1s tamb\u00e9m quais s\u00e3o os teus direitos e como podes contactar-nos.<\/p><h2>Actualiza\u00e7\u00f5es a este Aviso de Privacidade<\/h2><p>\u00c0 medida que o neg\u00f3cio e a tecnologia evoluem, poderemos ter de alterar este Aviso de Privacidade. Recomendamos que reveja regularmente este Aviso de Privacidade para se certificar de que est\u00e1 a par da forma como a Lidercare utiliza os seus Dados Pessoais.<\/p><h2>Tens menos de 13 anos?<\/h2><p>Se tens menos de 13 anos, pedimos-te que esperes ser um pouco mais velho para interagir connosco ou que pe\u00e7as a um pai ou tutor para nos <a class=\"link-whisper\" title=\"Contacto\" href=\"https:\/\/www.xiangxiangdaily.com\/pt-pt\/contacto\/\" target=\"_blank\" rel=\"noopener\" data-wpil-monitor-id=\"534\">contactar<\/a>! N\u00e3o podemos recolher e utilizar os teus Dados Pessoais sem o seu consentimento.<\/p><h2>Porque \u00e9 que processamos os teus Dados Pessoais?<\/h2><p>Processamos os seus Dados Pessoais, incluindo quaisquer dados pessoais sens\u00edveis que nos tenha fornecido com o seu consentimento, para comunicar consigo, satisfazer as suas encomendas, responder \u00e0s suas quest\u00f5es e fornecer-lhe comunica\u00e7\u00f5es sobre a Lidercare e os nossos produtos. Tamb\u00e9m processamos os teus Dados Pessoais para nos ajudar a cumprir a lei, para vender ou transferir qualquer parte relevante do nosso neg\u00f3cio, para gerir os nossos sistemas e finan\u00e7as, para conduzir investiga\u00e7\u00f5es e para exercer direitos legais. Combinamos os teus Dados Pessoais de todas as fontes para te podermos compreender melhor e melhorar e personalizar a tua experi\u00eancia quando interages connosco.<\/p><h2>Quem pode aceder aos teus dados pessoais e porqu\u00ea?<\/h2><p>Limitamos a divulga\u00e7\u00e3o dos teus Dados Pessoais a terceiros, no entanto, temos de divulgar os teus Dados Pessoais em determinados casos e principalmente aos seguintes destinat\u00e1rios:<\/p><p>Empresas do Grupo Lidercare, quando necess\u00e1rio para os nossos interesses leg\u00edtimos ou com o seu consentimento;<\/p><p>Terceiros contratados por n\u00f3s para fornecer servi\u00e7os como a administra\u00e7\u00e3o dos sites, aplica\u00e7\u00f5es e servi\u00e7os da Lidercare (por exemplo, funcionalidades, programas e promo\u00e7\u00f5es) dispon\u00edveis para ti, sujeitos \u00e0s protec\u00e7\u00f5es adequadas;<\/p><p>Ag\u00eancias de informa\u00e7\u00e3o de cr\u00e9dito\/cobradores de d\u00edvidas, quando permitido por lei e se precisarmos de verificar a tua solvabilidade (por exemplo, se optares por encomendar com fatura) ou cobrar facturas pendentes; e Ag\u00eancias e autoridades p\u00fablicas relevantes, se tal for exigido por lei ou por um interesse comercial leg\u00edtimo.<\/p><h2>Seguran\u00e7a e conserva\u00e7\u00e3o de dados<\/h2><p>Utilizamos uma s\u00e9rie de medidas para manter os teus Dados Pessoais confidenciais e seguros, incluindo a restri\u00e7\u00e3o do acesso aos teus Dados Pessoais com base na necessidade de conhecimento e seguindo as normas de seguran\u00e7a adequadas para proteger os teus dados.<\/p><p>Tomamos todas as medidas razo\u00e1veis para garantir que os teus Dados Pessoais apenas s\u00e3o processados durante o per\u00edodo m\u00ednimo necess\u00e1rio para o efeito: (i) os objectivos definidos na presente Declara\u00e7\u00e3o de Privacidade; (ii) quaisquer finalidades adicionais que te tenham sido notificadas no momento ou antes da recolha dos dados pessoais relevantes ou do in\u00edcio do tratamento relevante; ou (iii) conforme exigido ou permitido pela legisla\u00e7\u00e3o aplic\u00e1vel; e, posteriormente, durante o per\u00edodo de qualquer prazo de prescri\u00e7\u00e3o aplic\u00e1vel. Em suma, assim que os teus Dados Pessoais deixarem de ser necess\u00e1rios, destru\u00ed-los-emos ou apag\u00e1-los-emos de forma segura.<\/p><h2>Contacta-nos<\/h2><p>A Lidercare actua como \"respons\u00e1vel pelo tratamento\" dos seus Dados Pessoais que s\u00e3o processados ao abrigo de, ou em liga\u00e7\u00e3o com, este Aviso de Privacidade. Se tiveres alguma d\u00favida ou coment\u00e1rio sobre este Aviso de Privacidade ou sobre as pr\u00e1ticas de recolha e processamento de Dados Pessoais da Lidercare, contacta-nos, ou envia-nos um e-mail para Lidercare@hotmail.com ou para o seguinte endere\u00e7o<br> Room 221, Building B, 22 Jianpeng Road, Helong Street, Guangzhou, Guangdong, China<\/p>\t\t\t\t\t\t\t\t<\/div>\n\t\t\t\t<\/div>\n\t\t\t\t\t<\/div>\n\t\t\t\t<\/div>\n\t\t\t\t<\/div>\n\t\t","protected":false},"excerpt":{"rendered":"<p>Pol\u00edtica de privacidade Home A privacidade \u00e9 importante. Sabemos que a privacidade dos dados \u00e9 uma quest\u00e3o importante hoje em dia e queremos que desfrutes da tua intera\u00e7\u00e3o connosco, sabendo que valorizamos os teus Dados Pessoais e que os protegemos. Aqui encontrar\u00e1s uma vis\u00e3o geral de como processamos os teus Dados Pessoais, as finalidades para [&hellip;]<\/p>\n","protected":false},"author":1,"featured_media":0,"parent":0,"menu_order":0,"comment_status":"closed","ping_status":"closed","template":"","meta":{"_acf_changed":false,"footnotes":""},"class_list":["post-62898","page","type-page","status-publish","hentry"],"acf":[],"_links":{"self":[{"href":"https:\/\/www.xiangxiangdaily.com\/pt-pt\/wp-json\/wp\/v2\/pages\/62898","targetHints":{"allow":["GET"]}}],"collection":[{"href":"https:\/\/www.xiangxiangdaily.com\/pt-pt\/wp-json\/wp\/v2\/pages"}],"about":[{"href":"https:\/\/www.xiangxiangdaily.com\/pt-pt\/wp-json\/wp\/v2\/types\/page"}],"author":[{"embeddable":true,"href":"https:\/\/www.xiangxiangdaily.com\/pt-pt\/wp-json\/wp\/v2\/users\/1"}],"replies":[{"embeddable":true,"href":"https:\/\/www.xiangxiangdaily.com\/pt-pt\/wp-json\/wp\/v2\/comments?post=62898"}],"version-history":[{"count":0,"href":"https:\/\/www.xiangxiangdaily.com\/pt-pt\/wp-json\/wp\/v2\/pages\/62898\/revisions"}],"wp:attachment":[{"href":"https:\/\/www.xiangxiangdaily.com\/pt-pt\/wp-json\/wp\/v2\/media?parent=62898"}],"curies":[{"name":"wp","href":"https:\/\/api.w.org\/{rel}","templated":true}]}}