{"id":62904,"date":"2022-11-23T12:34:00","date_gmt":"2022-11-23T04:34:00","guid":{"rendered":"https:\/\/www.xiangxiangdaily.com\/terms-conditions\/"},"modified":"2026-02-28T17:24:41","modified_gmt":"2026-02-28T09:24:41","slug":"terms-conditions","status":"publish","type":"page","link":"https:\/\/www.xiangxiangdaily.com\/pt-pt\/terms-conditions\/","title":{"rendered":"Termos e condi\u00e7\u00f5es"},"content":{"rendered":"\t\t<div data-elementor-type=\"wp-page\" data-elementor-id=\"62904\" class=\"elementor elementor-62904 elementor-444\" data-elementor-post-type=\"page\">\n\t\t\t\t<div class=\"elementor-element elementor-element-c663898 e-flex e-con-boxed e-con e-parent\" data-id=\"c663898\" data-element_type=\"container\" data-e-type=\"container\" data-settings=\"{&quot;background_background&quot;:&quot;classic&quot;}\">\n\t\t\t\t\t<div class=\"e-con-inner\">\n\t\t\t\t<div class=\"elementor-element elementor-element-af456e3 elementor-widget elementor-widget-heading\" data-id=\"af456e3\" data-element_type=\"widget\" data-e-type=\"widget\" data-widget_type=\"heading.default\">\n\t\t\t\t<div class=\"elementor-widget-container\">\n\t\t\t\t\t<h1 class=\"elementor-heading-title elementor-size-default\">Termos e condi\u00e7\u00f5es do s\u00edtio Web<\/h1>\t\t\t\t<\/div>\n\t\t\t\t<\/div>\n\t\t\t\t<div class=\"elementor-element elementor-element-28b59da elementor-align-center elementor-widget elementor-widget-breadcrumbs\" data-id=\"28b59da\" data-element_type=\"widget\" data-e-type=\"widget\" data-widget_type=\"breadcrumbs.default\">\n\t\t\t\t<div class=\"elementor-widget-container\">\n\t\t\t\t\t<nav><span class=\"last\">Casa<\/span><\/nav>\t\t\t\t<\/div>\n\t\t\t\t<\/div>\n\t\t\t\t\t<\/div>\n\t\t\t\t<\/div>\n\t\t<div class=\"elementor-element elementor-element-290ab4f e-flex e-con-boxed e-con e-parent\" data-id=\"290ab4f\" data-element_type=\"container\" data-e-type=\"container\">\n\t\t\t\t\t<div class=\"e-con-inner\">\n\t\t\t\t<div class=\"elementor-element elementor-element-cb1a7f9 elementor-widget elementor-widget-text-editor\" data-id=\"cb1a7f9\" data-element_type=\"widget\" data-e-type=\"widget\" data-widget_type=\"text-editor.default\">\n\t\t\t\t<div class=\"elementor-widget-container\">\n\t\t\t\t\t\t\t\t\t<p>Nos termos e condi\u00e7\u00f5es deste site, palavras como \"n\u00f3s\", \"nosso\", \"Lidercare\", \"Xiangxiangdaily\", \"Xiangxiangdaily Group\", etc. s\u00e3o utilizadas para referir a Xiangxiangdaily Switzerland Ltd. e as suas empresas subsidi\u00e1rias. A refer\u00eancia a \"este site\" neste documento refere-se a qualquer pessoa que <a class=\"link-whisper\" title=\"Contacto\" href=\"https:\/\/www.xiangxiangdaily.com\/pt-pt\/contacto\/\" target=\"_blank\" rel=\"noopener\" data-wpil-monitor-id=\"536\">contacte<\/a> e\/ou utilize este site. <\/p><p>Em todo este site, palavras como \"n\u00f3s\", \"nosso\", \"Lidercare\", \"Xiangxiangdaily\", \"Xiangxiangdaily Group\", etc. s\u00e3o utilizadas para referir a Xiangxiangdaily Switzerland Ltd. e as suas empresas subsidi\u00e1rias. A refer\u00eancia a \"este site\" neste documento refere-se a qualquer pessoa que contacte e\/ou utilize este site. <\/p><p>Em todo este site, palavras como \"n\u00f3s\", \"nosso\", \"<span style=\"text-decoration: underline; color: #333333;\"><a style=\"color: #333333; text-decoration: underline;\" href=\"http:\/\/www.lidercare.com\" target=\"_blank\" rel=\"noopener\">Lidercare<\/a><\/span>\", \"Xiangxiangdaily\", \"Xiangxiangdaily Group\", etc. s\u00e3o utilizadas para referir a Xiangxiangdaily Switzerland Ltd. e as suas empresas subsidi\u00e1rias. A refer\u00eancia a \"este site\" neste documento refere-se a qualquer pessoa que contacte e\/ou utilize este site.<\/p><h2>Aviso de privacidade do s\u00edtio Web<\/h2><p>Qualquer informa\u00e7\u00e3o pessoal ou informa\u00e7\u00e3o que seja transmitida a este s\u00edtio Web est\u00e1 sujeita \u00e0 <span style=\"text-decoration: underline; color: #333333;\"><a style=\"color: #333333; text-decoration: underline;\" href=\"https:\/\/www.xiangxiangdaily.com\/pt-pt\/privacy-policy\/\">pol\u00edtica de privacidade<\/a><\/span> e \u00e0 prote\u00e7\u00e3o da privacidade e dos dados pessoais, conforme descrito neste s\u00edtio Web.<\/p><h2>Corre\u00e7\u00e3o, exaustividade e atualidade da informa\u00e7\u00e3o<\/h2><p>A exatid\u00e3o e a integridade das informa\u00e7\u00f5es apresentadas neste s\u00edtio Web n\u00e3o s\u00e3o da nossa responsabilidade. Qualquer confian\u00e7a depositada nos materiais contidos neste s\u00edtio Web \u00e9 feita por tua conta e risco. Concordas em assumir a responsabilidade por quaisquer modifica\u00e7\u00f5es ou actualiza\u00e7\u00f5es feitas \u00e0s informa\u00e7\u00f5es e materiais encontrados neste s\u00edtio Web.  <\/p><h2>Transmiss\u00e3o<\/h2><p>Qualquer comunica\u00e7\u00e3o ou material n\u00e3o pessoal transmitido para o Site, incluindo mas n\u00e3o limitado a materiais, quest\u00f5es, coment\u00e1rios, sugest\u00f5es ou conte\u00fados semelhantes, \u00e9 considerado n\u00e3o confidencial e n\u00e3o privado. Qualquer conte\u00fado transmitido ou publicado por si no Site \u00e9 propriedade do Grupo Lidercare e pode ser utilizado para qualquer fim, incluindo, mas n\u00e3o se limitando \u00e0 reprodu\u00e7\u00e3o, divulga\u00e7\u00e3o, transmiss\u00e3o, distribui\u00e7\u00e3o, difus\u00e3o e publica\u00e7\u00e3o. Al\u00e9m disso, quaisquer ideias, trabalhos art\u00edsticos, inspira\u00e7\u00f5es, sugest\u00f5es ou conceitos transmitidos por ti a este site podem ser utilizados pelo Grupo Xiangxiang para v\u00e1rios fins, tais como o desenvolvimento de produtos, produ\u00e7\u00e3o, promo\u00e7\u00e3o e marketing.  <\/p><p>O Grupo Xiangxiang n\u00e3o \u00e9 respons\u00e1vel pelo fornecimento de informa\u00e7\u00f5es relacionadas com as utiliza\u00e7\u00f5es acima referidas. Ao fornecer informa\u00e7\u00f5es, o utilizador garante que as informa\u00e7\u00f5es fornecidas s\u00e3o da sua propriedade e que n\u00e3o infringir\u00e1 quaisquer direitos de terceiros ou violar\u00e1 qualquer lei aplic\u00e1vel atrav\u00e9s da utiliza\u00e7\u00e3o das informa\u00e7\u00f5es pelo Grupo Lidercare. Al\u00e9m disso, o Grupo Xiangxiang n\u00e3o \u00e9 obrigado a utilizar as informa\u00e7\u00f5es fornecidas.  <\/p><h2>Direitos de propriedade intelectual<\/h2><p>A XiangxiangDaily Products Ltd. da Su\u00ed\u00e7a \u00e9 a detentora da marca registada. Todos os direitos de autor, marcas comerciais e outros direitos de propriedade intelectual do texto, imagens e outros materiais neste s\u00edtio Web pertencem ao XiangxiangDaily Group ou s\u00e3o licenciados pelo respetivo propriet\u00e1rio. <\/p><p>Est\u00e1s autorizado a aceder a este s\u00edtio Web, a copiar excertos (refer\u00eancias), a imprimi-los no teu disco r\u00edgido ou a reencaminh\u00e1-los para outras pessoas. No entanto, tens de manter todos os direitos de autor, outros avisos de propriedade e avisos de marca registada que aparecem na c\u00f3pia. A reprodu\u00e7\u00e3o de qualquer parte do s\u00edtio Web n\u00e3o pode ser vendida ou distribu\u00edda comercialmente, nem pode ser modificada ou acrescentada a outros trabalhos, publica\u00e7\u00f5es ou s\u00edtios Web.  <\/p><p>As marcas comerciais, log\u00f3tipos, tipos de letra e marcas de servi\u00e7o (coletivamente designadas por \"marcas comerciais\") que aparecem neste s\u00edtio Web s\u00e3o propriedade do XiangxiangDaily Group. A utiliza\u00e7\u00e3o de qualquer uma das marcas registadas que aparecem neste s\u00edtio Web ou de qualquer outro conte\u00fado deste s\u00edtio Web \u00e9 estritamente proibida, exceto conforme previsto nos presentes Termos e Condi\u00e7\u00f5es. Deves tamb\u00e9m ter em aten\u00e7\u00e3o que o XiangxiangDaily Group far\u00e1 cumprir integralmente os seus direitos de propriedade intelectual at\u00e9 ao limite m\u00e1ximo permitido por lei.  <\/p><h2>Liga a outros s\u00edtios<\/h2><p>O s\u00edtio Web do XiangxiangDaily Group pode conter liga\u00e7\u00f5es a redes e sistemas externos que n\u00e3o est\u00e3o sob o controlo do XiangxiangDaily. N\u00e3o garantimos a exatid\u00e3o, funcionalidade ou conte\u00fado de qualquer s\u00edtio Web externo ligado ao nosso s\u00edtio Web. As liga\u00e7\u00f5es fornecidas s\u00e3o oferecidas de boa f\u00e9 e o Grupo XiangxiangDaily n\u00e3o \u00e9 respons\u00e1vel por quaisquer altera\u00e7\u00f5es subsequentes efectuadas no s\u00edtio Web ligado. A liga\u00e7\u00e3o a outros s\u00edtios Web n\u00e3o implica a aprova\u00e7\u00e3o ou o reconhecimento por parte do XiangxiangDaily Group. Aconselhamos vivamente que revejas cuidadosamente os avisos legais e de privacidade de qualquer s\u00edtio Web externo que visites.    <\/p><p>Ao aceder e utilizar este s\u00edtio Web, f\u00e1-lo por sua pr\u00f3pria conta e risco.<\/p><h2>Garantia<\/h2><p>Este s\u00edtio Web \u00e9-te fornecido \"tal como est\u00e1\" e \"conforme dispon\u00edvel\", e o XiangxiangDaily n\u00e3o oferece garantias de qualquer tipo, sejam expressas, impl\u00edcitas, estatut\u00e1rias ou outras (incluindo garantias impl\u00edcitas de comercializa\u00e7\u00e3o, qualidade satisfat\u00f3ria, adequa\u00e7\u00e3o a um determinado fim), incluindo garantias ou representa\u00e7\u00f5es de que a informa\u00e7\u00e3o no s\u00edtio Web ser\u00e1 completa, exacta, fi\u00e1vel, oportuna, n\u00e3o violadora de direitos de terceiros, que o acesso a este s\u00edtio Web ser\u00e1 ininterrupto, ou que n\u00e3o haver\u00e1 erros ou v\u00edrus no s\u00edtio Web. O XiangxiangDaily tamb\u00e9m n\u00e3o garante que este website seja seguro, ou que qualquer conselho ou informa\u00e7\u00e3o obtida a partir do website seja exacta ou fi\u00e1vel. Quaisquer garantias ou representa\u00e7\u00f5es s\u00e3o expressamente rejeitadas.  <\/p><p>Tem em aten\u00e7\u00e3o que algumas jurisdi\u00e7\u00f5es podem n\u00e3o permitir a exclus\u00e3o de garantias impl\u00edcitas, pelo que algumas destas exclus\u00f5es podem n\u00e3o se aplicar a ti. Verifica a legisla\u00e7\u00e3o local. <\/p><p>Reservamo-nos o direito de limitar, suspender ou terminar o teu acesso a este s\u00edtio Web ou a quaisquer funcionalidades do mesmo, em qualquer altura e sem aviso pr\u00e9vio.<\/p><h2>Responsabilidade jur\u00eddica<\/h2><p>Independentemente da raz\u00e3o e do facto de se dever \u00e0 sua utiliza\u00e7\u00e3o, incapacidade de utiliza\u00e7\u00e3o ou altera\u00e7\u00f5es feitas a este site, ou ao acesso a outros sites atrav\u00e9s de liga\u00e7\u00f5es fornecidas neste site, ou a qualquer a\u00e7\u00e3o tomada ou n\u00e3o tomada por n\u00f3s em resposta a mensagens de correio eletr\u00f3nico que nos tenham sido enviadas, o Grupo Lidercare e\/ou outras partes envolvidas na cria\u00e7\u00e3o, produ\u00e7\u00e3o ou representa\u00e7\u00e3o deste site n\u00e3o poder\u00e3o ser responsabilizadas por quaisquer danos, custos, perdas ou responsabilidades diretas, incidentais, consequenciais, indirectas, especiais ou punitivas, conforme permitido pela lei aplic\u00e1vel.<\/p><p>O Grupo Lidercare e\/ou outras pessoas envolvidas na cria\u00e7\u00e3o, produ\u00e7\u00e3o ou transmiss\u00e3o deste site n\u00e3o ser\u00e3o respons\u00e1veis pela manuten\u00e7\u00e3o e servi\u00e7o deste site ou por quaisquer correc\u00e7\u00f5es, actualiza\u00e7\u00f5es ou publica\u00e7\u00f5es relacionadas com este site. Todos os materiais deste site est\u00e3o sujeitos a altera\u00e7\u00f5es sem aviso pr\u00e9vio. <\/p><p>Al\u00e9m disso, o Grupo Lidercare n\u00e3o se responsabiliza por quaisquer danos que possam resultar da infe\u00e7\u00e3o do seu equipamento inform\u00e1tico ou de outros bens com v\u00edrus, como resultado da sua utiliza\u00e7\u00e3o, acesso ou transfer\u00eancia de qualquer material deste site. Se optar por descarregar materiais deste site, f\u00e1-lo-\u00e1 por sua pr\u00f3pria conta e risco. <\/p><p>Tem em aten\u00e7\u00e3o que algumas jurisdi\u00e7\u00f5es n\u00e3o permitem a exclus\u00e3o ou limita\u00e7\u00e3o de responsabilidade por danos acidentais ou consequentes, pelo que algumas exclus\u00f5es ou limita\u00e7\u00f5es podem n\u00e3o se aplicar a ti. Verifica a legisla\u00e7\u00e3o local. <\/p><h2>Atividade proibida<\/h2><p>N\u00e3o est\u00e1 autorizado a participar em qualquer atividade que o Grupo Lidercare considere inadequada, ilegal ou proibida por qualquer lei aplic\u00e1vel, incluindo, mas n\u00e3o se limitando a:<\/p><ul><li>Violar a privacidade ou os direitos legais de qualquer pessoa, como carregar dados pessoais sem o seu consentimento.<\/li><li>Usar este site para difamar ou prejudicar o Grupo Lidercare, os seus funcion\u00e1rios ou outros, de forma a prejudicar a sua reputa\u00e7\u00e3o.<\/li><li>Enviar um ficheiro que contenha um v\u00edrus que danifique a propriedade da Lidercare ou de terceiros.<\/li><li>Publicar ou transmitir material n\u00e3o autorizado para o Site, incluindo, mas n\u00e3o se limitando a material relacionado com amea\u00e7as ao sistema ou \u00e0 seguran\u00e7a cibern\u00e9tica, racismo, obscenidade ou outro conte\u00fado ilegal que acreditamos que possa causar danos, desvantagens ou violar o Grupo Lidercare ou empresas terceiras.<\/li><\/ul><p>O utilizador e a Lidercare concordam que qualquer lit\u00edgio ou reclama\u00e7\u00e3o resultante da utiliza\u00e7\u00e3o deste site ser\u00e1 regido pelas leis da Regi\u00e3o Administrativa Especial de Hong Kong e estar\u00e1 sujeito \u00e0 jurisdi\u00e7\u00e3o exclusiva dos tribunais da Regi\u00e3o Administrativa Especial de Hong Kong.<\/p><h2>Utiliza\u00e7\u00e3o do s\u00edtio Web<\/h2><ul><li>Este s\u00edtio Web destina-se apenas ao teu uso pessoal e n\u00e3o est\u00e1s autorizado a utiliz\u00e1-lo para fins comerciais ou a conceder essa autoriza\u00e7\u00e3o a terceiros.<\/li><li>Reservamo-nos o direito de rever, editar, mover ou eliminar unilateralmente qualquer material apresentado ou publicado no Website ou no seu quadro de avisos sem aviso pr\u00e9vio, \u00e0 nossa inteira discri\u00e7\u00e3o.<\/li><li>N\u00e3o podes modificar, copiar, repor, reimprimir, carregar, publicar, transmitir ou distribuir quaisquer Materiais, incluindo o c\u00f3digo e o software do S\u00edtio, seja de que forma for.<\/li><li>Concordas em n\u00e3o utilizar este s\u00edtio Web para publicar qualquer material obsceno, difamat\u00f3rio, incitador, assediante, racista ou odioso, e em utiliz\u00e1-lo apenas em conformidade com a lei.<\/li><li>\u00c9s respons\u00e1vel por garantir que qualquer material que forne\u00e7as no Site ou publicado no Quadro de Avisos ou no F\u00f3rum, ou noutro local, n\u00e3o viola quaisquer direitos de autor, marcas comerciais ou outros direitos exclusivos pessoais ou de terceiros.<\/li><li>Concordas em n\u00e3o danificar, cobrir, atacar, modificar ou interferir com o Site e o seu software, hardware e\/ou servidores relacionados de qualquer forma.<\/li><\/ul><p>O n\u00e3o cumprimento dos termos acima referidos pode resultar na suspens\u00e3o ou cessa\u00e7\u00e3o do teu acesso a este s\u00edtio Web, com ou sem aviso pr\u00e9vio em diferentes momentos do s\u00edtio Web.<\/p><h2>Confidencialidade e acordo de confidencialidade<\/h2><p>O utilizador reconhece e aceita que qualquer informa\u00e7\u00e3o confidencial fornecida pelo Grupo Lidercare, quer esteja assinalada como tal ou n\u00e3o, incluindo, mas n\u00e3o se limitando a materiais, processos e t\u00e9cnicas de propriedade relacionados com a revis\u00e3o e teste de conceitos de produtos ou servi\u00e7os futuros em inqu\u00e9ritos ou discuss\u00f5es online ou offline, deve ser mantida confidencial e n\u00e3o deve ser divulgada, copiada, utilizada ou direta ou indiretamente fornecida a terceiros.<\/p>\t\t\t\t\t\t\t\t<\/div>\n\t\t\t\t<\/div>\n\t\t\t\t\t<\/div>\n\t\t\t\t<\/div>\n\t\t\t\t<\/div>\n\t\t","protected":false},"excerpt":{"rendered":"<p>Termos e condi\u00e7\u00f5es do s\u00edtio Web Home Nos termos e condi\u00e7\u00f5es deste site, palavras como \"n\u00f3s\", \"nosso\", \"Lidercare\", \"Xiangxiangdaily\", \"Xiangxiangdaily Group\", etc. s\u00e3o utilizadas para referir a Xiangxiangdaily Switzerland Ltd. e as suas empresas subsidi\u00e1rias. A refer\u00eancia a \"este site\" neste documento refere-se a qualquer pessoa que contacte e\/ou utilize este site. Em todo este [&hellip;]<\/p>\n","protected":false},"author":1,"featured_media":0,"parent":0,"menu_order":0,"comment_status":"closed","ping_status":"closed","template":"","meta":{"_acf_changed":false,"footnotes":""},"class_list":["post-62904","page","type-page","status-publish","hentry"],"acf":[],"_links":{"self":[{"href":"https:\/\/www.xiangxiangdaily.com\/pt-pt\/wp-json\/wp\/v2\/pages\/62904","targetHints":{"allow":["GET"]}}],"collection":[{"href":"https:\/\/www.xiangxiangdaily.com\/pt-pt\/wp-json\/wp\/v2\/pages"}],"about":[{"href":"https:\/\/www.xiangxiangdaily.com\/pt-pt\/wp-json\/wp\/v2\/types\/page"}],"author":[{"embeddable":true,"href":"https:\/\/www.xiangxiangdaily.com\/pt-pt\/wp-json\/wp\/v2\/users\/1"}],"replies":[{"embeddable":true,"href":"https:\/\/www.xiangxiangdaily.com\/pt-pt\/wp-json\/wp\/v2\/comments?post=62904"}],"version-history":[{"count":0,"href":"https:\/\/www.xiangxiangdaily.com\/pt-pt\/wp-json\/wp\/v2\/pages\/62904\/revisions"}],"wp:attachment":[{"href":"https:\/\/www.xiangxiangdaily.com\/pt-pt\/wp-json\/wp\/v2\/media?parent=62904"}],"curies":[{"name":"wp","href":"https:\/\/api.w.org\/{rel}","templated":true}]}}