{"id":94372,"date":"2026-03-16T10:46:37","date_gmt":"2026-03-16T02:46:37","guid":{"rendered":"https:\/\/www.xiangxiangdaily.com\/product\/conjunto-champo-oleo-de-argao\/"},"modified":"2026-04-18T17:13:41","modified_gmt":"2026-04-18T09:13:41","slug":"conjunto-de-champo-com-oleo-de-argao","status":"publish","type":"product","link":"https:\/\/www.xiangxiangdaily.com\/pt-pt\/produto\/conjunto-de-champo-com-oleo-de-argao\/","title":{"rendered":"Conjunto de champ\u00f4 com \u00f3leo de arg\u00e3o"},"featured_media":35908,"template":"","product-category":[300,384],"class_list":["post-94372","product","type-product","status-publish","has-post-thumbnail","hentry","product-category-cuidados-com-o-cabelo","product-category-shampoo-e-condicionador"],"acf":[],"_links":{"self":[{"href":"https:\/\/www.xiangxiangdaily.com\/pt-pt\/wp-json\/wp\/v2\/product\/94372","targetHints":{"allow":["GET"]}}],"collection":[{"href":"https:\/\/www.xiangxiangdaily.com\/pt-pt\/wp-json\/wp\/v2\/product"}],"about":[{"href":"https:\/\/www.xiangxiangdaily.com\/pt-pt\/wp-json\/wp\/v2\/types\/product"}],"wp:featuredmedia":[{"embeddable":true,"href":"https:\/\/www.xiangxiangdaily.com\/pt-pt\/wp-json\/wp\/v2\/media\/35908"}],"wp:attachment":[{"href":"https:\/\/www.xiangxiangdaily.com\/pt-pt\/wp-json\/wp\/v2\/media?parent=94372"}],"wp:term":[{"taxonomy":"product-category","embeddable":true,"href":"https:\/\/www.xiangxiangdaily.com\/pt-pt\/wp-json\/wp\/v2\/product-category?post=94372"}],"curies":[{"name":"wp","href":"https:\/\/api.w.org\/{rel}","templated":true}]}}