{"id":26098,"date":"2023-12-09T10:09:23","date_gmt":"2023-12-09T02:09:23","guid":{"rendered":"https:\/\/www.xiangxiangdaily.com\/tham-my-vien-spa\/"},"modified":"2026-04-28T18:10:00","modified_gmt":"2026-04-28T10:10:00","slug":"tham-my-vien-spa","status":"publish","type":"page","link":"https:\/\/www.xiangxiangdaily.com\/vi\/tham-my-vien-spa\/","title":{"rendered":"Th\u1ea9m m\u1ef9 vi\u1ec7n &amp; spa"},"content":{"rendered":"\t\t<div data-elementor-type=\"wp-page\" data-elementor-id=\"26098\" class=\"elementor elementor-26098 elementor-9933\" data-elementor-post-type=\"page\">\n\t\t\t\t<div class=\"elementor-element elementor-element-3f866b89 e-flex e-con-boxed e-con e-parent\" data-id=\"3f866b89\" data-element_type=\"container\" data-e-type=\"container\" data-settings=\"{&quot;background_background&quot;:&quot;classic&quot;}\">\n\t\t\t\t\t<div class=\"e-con-inner\">\n\t\t\t\t<div class=\"elementor-element elementor-element-1d734e5b elementor-widget elementor-widget-heading\" data-id=\"1d734e5b\" data-element_type=\"widget\" data-e-type=\"widget\" data-widget_type=\"heading.default\">\n\t\t\t\t<div class=\"elementor-widget-container\">\n\t\t\t\t\t<h1 class=\"elementor-heading-title elementor-size-default\">Gi\u1ea3i ph\u00e1p cho salon v\u00e0 spa Bauty<\/h1>\t\t\t\t<\/div>\n\t\t\t\t<\/div>\n\t\t\t\t<div class=\"elementor-element elementor-element-38a0c3f elementor-widget elementor-widget-text-editor\" data-id=\"38a0c3f\" data-element_type=\"widget\" data-e-type=\"widget\" data-widget_type=\"text-editor.default\">\n\t\t\t\t<div class=\"elementor-widget-container\">\n\t\t\t\t\t\t\t\t\t<p>S\u1ea3n ph\u1ea9m c\u1ee7a ch\u00fang t\u00f4i \u0111\u01b0\u1ee3c thi\u1ebft k\u1ebf hi\u1ec7u qu\u1ea3, an to\u00e0n v\u00e0 gi\u00e1 c\u1ea3 ph\u1ea3i ch\u0103ng, gi\u00fap c\u00e1c th\u1ea9m m\u1ef9 vi\u1ec7n v\u00e0 spa mang l\u1ea1i tr\u1ea3i nghi\u1ec7m t\u1ed1t nh\u1ea5t cho kh\u00e1ch h\u00e0ng.<\/p>\t\t\t\t\t\t\t\t<\/div>\n\t\t\t\t<\/div>\n\t\t\t\t<div class=\"elementor-element elementor-element-25315c0 elementor-widget elementor-widget-breadcrumbs\" data-id=\"25315c0\" data-element_type=\"widget\" data-e-type=\"widget\" data-widget_type=\"breadcrumbs.default\">\n\t\t\t\t<div class=\"elementor-widget-container\">\n\t\t\t\t\t<nav><span class=\"last\">Trang ch\u1ee7<\/span><\/nav>\t\t\t\t<\/div>\n\t\t\t\t<\/div>\n\t\t\t\t\t<\/div>\n\t\t\t\t<\/div>\n\t\t<div class=\"elementor-element elementor-element-c4728be e-flex e-con-boxed e-con e-parent\" data-id=\"c4728be\" data-element_type=\"container\" data-e-type=\"container\" data-settings=\"{&quot;background_background&quot;:&quot;classic&quot;}\">\n\t\t\t\t\t<div class=\"e-con-inner\">\n\t\t<div class=\"elementor-element elementor-element-f624669 e-flex e-con-boxed e-con e-child\" data-id=\"f624669\" data-element_type=\"container\" data-e-type=\"container\">\n\t\t\t\t\t<div class=\"e-con-inner\">\n\t\t\t\t<div class=\"elementor-element elementor-element-c1146ca elementor-widget elementor-widget-heading\" data-id=\"c1146ca\" data-element_type=\"widget\" data-e-type=\"widget\" data-widget_type=\"heading.default\">\n\t\t\t\t<div class=\"elementor-widget-container\">\n\t\t\t\t\t<div class=\"elementor-heading-title elementor-size-default\">3000+ Nh\u00e0 cung c\u1ea5p th\u01b0\u01a1ng hi\u1ec7u l\u00e0m \u0111\u1eb9p<\/div>\t\t\t\t<\/div>\n\t\t\t\t<\/div>\n\t\t\t\t<div class=\"elementor-element elementor-element-90cc8e6 elementor-widget elementor-widget-heading\" data-id=\"90cc8e6\" data-element_type=\"widget\" data-e-type=\"widget\" data-widget_type=\"heading.default\">\n\t\t\t\t<div class=\"elementor-widget-container\">\n\t\t\t\t\t<h2 class=\"elementor-heading-title elementor-size-default\">T\u0103ng c\u01b0\u1eddng ho\u1ea1t \u0111\u1ed9ng kinh doanh th\u1ea9m m\u1ef9 vi\u1ec7n c\u1ee7a b\u1ea1n v\u1edbi chi ph\u00ed th\u1ea5p nh\u1ea5t<\/h2>\t\t\t\t<\/div>\n\t\t\t\t<\/div>\n\t\t\t\t<div class=\"elementor-element elementor-element-7ba5504 elementor-widget elementor-widget-text-editor\" data-id=\"7ba5504\" data-element_type=\"widget\" data-e-type=\"widget\" data-widget_type=\"text-editor.default\">\n\t\t\t\t<div class=\"elementor-widget-container\">\n\t\t\t\t\t\t\t\t\t<p>Ch\u00fang t\u00f4i l\u00e0 nh\u00e0 s\u1ea3n xu\u1ea5t h\u00e0ng \u0111\u1ea7u c\u00e1c s\u1ea3n ph\u1ea9m ch\u0103m s\u00f3c t\u00f3c v\u00e0 s\u1ea3n ph\u1ea9m c\u1ee7a ch\u00fang t\u00f4i \u0111\u01b0\u1ee3c nhi\u1ec1u salon tr\u00ean to\u00e0n th\u1ebf gi\u1edbi tin d\u00f9ng. Ch\u00fang t\u00f4i cung c\u1ea5p nhi\u1ec1u lo\u1ea1i s\u1ea3n ph\u1ea9m \u0111\u1ec3 \u0111\u00e1p \u1ee9ng nhu c\u1ea7u c\u1ee7a m\u1ecdi kh\u00e1ch h\u00e0ng v\u00e0 c\u0169ng cung c\u1ea5p c\u00e1c c\u00f4ng th\u1ee9c t\u00f9y ch\u1ec9nh \u0111\u1ec3 t\u1ea1o ra s\u1ea3n ph\u1ea9m ho\u00e0n h\u1ea3o cho ti\u1ec7m c\u1ee7a b\u1ea1n.<\/p>\t\t\t\t\t\t\t\t<\/div>\n\t\t\t\t<\/div>\n\t\t\t\t<div class=\"elementor-element elementor-element-ccf37ef elementor-widget elementor-widget-button\" data-id=\"ccf37ef\" data-element_type=\"widget\" data-e-type=\"widget\" data-widget_type=\"button.default\">\n\t\t\t\t<div class=\"elementor-widget-container\">\n\t\t\t\t\t\t\t\t\t<div class=\"elementor-button-wrapper\">\n\t\t\t\t\t<a class=\"elementor-button elementor-button-link elementor-size-sm\" href=\"#elementor-action%3Aaction%3Dpopup%3Aopen%26settings%3DeyJpZCI6ODQ4OTMsInRvZ2dsZSI6ZmFsc2V9\">\n\t\t\t\t\t\t<span class=\"elementor-button-content-wrapper\">\n\t\t\t\t\t\t\t\t\t<span class=\"elementor-button-text\">N\u00f3i v\u1ec1 d\u1ef1 \u00e1n c\u1ee7a b\u1ea1n<\/span>\n\t\t\t\t\t<\/span>\n\t\t\t\t\t<\/a>\n\t\t\t\t<\/div>\n\t\t\t\t\t\t\t\t<\/div>\n\t\t\t\t<\/div>\n\t\t\t\t\t<\/div>\n\t\t\t\t<\/div>\n\t\t<div class=\"elementor-element elementor-element-64a1b2a e-flex e-con-boxed e-con e-child\" data-id=\"64a1b2a\" data-element_type=\"container\" data-e-type=\"container\">\n\t\t\t\t\t<div class=\"e-con-inner\">\n\t\t\t\t<div class=\"elementor-element elementor-element-b02fb33 elementor-widget elementor-widget-image\" data-id=\"b02fb33\" data-element_type=\"widget\" data-e-type=\"widget\" data-widget_type=\"image.default\">\n\t\t\t\t<div class=\"elementor-widget-container\">\n\t\t\t\t\t\t\t\t\t\t\t\t\t\t\t<img fetchpriority=\"high\" decoding=\"async\" width=\"500\" height=\"353\" src=\"https:\/\/www.xiangxiangdaily.com\/wp-content\/uploads\/2024\/01\/Beauty-Salon-Product-Manufacturer.webp\" class=\"attachment-large size-large wp-image-26231\" alt=\"Nh\u00e0 s\u1ea3n xu\u1ea5t s\u1ea3n ph\u1ea9m th\u1ea9m m\u1ef9 vi\u1ec7n\" srcset=\"https:\/\/www.xiangxiangdaily.com\/wp-content\/uploads\/2024\/01\/Beauty-Salon-Product-Manufacturer.webp 500w, https:\/\/www.xiangxiangdaily.com\/wp-content\/uploads\/2024\/01\/Beauty-Salon-Product-Manufacturer-300x212.webp 300w\" sizes=\"(max-width: 500px) 100vw, 500px\" \/>\t\t\t\t\t\t\t\t\t\t\t\t\t\t\t<\/div>\n\t\t\t\t<\/div>\n\t\t\t\t\t<\/div>\n\t\t\t\t<\/div>\n\t\t\t\t\t<\/div>\n\t\t\t\t<\/div>\n\t\t<div class=\"elementor-element elementor-element-5d6aead e-flex e-con-boxed e-con e-parent\" data-id=\"5d6aead\" data-element_type=\"container\" data-e-type=\"container\">\n\t\t\t\t\t<div class=\"e-con-inner\">\n\t\t\t\t<div class=\"elementor-element elementor-element-1893d67 elementor-widget elementor-widget-heading\" data-id=\"1893d67\" data-element_type=\"widget\" data-e-type=\"widget\" data-widget_type=\"heading.default\">\n\t\t\t\t<div class=\"elementor-widget-container\">\n\t\t\t\t\t<h2 class=\"elementor-heading-title elementor-size-default\">S\u1ea3n ph\u1ea9m ch\u0103m s\u00f3c t\u00f3c t\u1ed1t nh\u1ea5t cho ti\u1ec7m c\u1ee7a b\u1ea1n<\/h2>\t\t\t\t<\/div>\n\t\t\t\t<\/div>\n\t\t\t\t<div class=\"elementor-element elementor-element-7bec875 elementor-widget elementor-widget-text-editor\" data-id=\"7bec875\" data-element_type=\"widget\" data-e-type=\"widget\" data-widget_type=\"text-editor.default\">\n\t\t\t\t<div class=\"elementor-widget-container\">\n\t\t\t\t\t\t\t\t\t<p>Trong th\u1ecb tr\u01b0\u1eddng c\u1ea1nh tranh ng\u00e0y nay, c\u00e1c th\u1ea9m m\u1ef9 vi\u1ec7n c\u1ea7n cung c\u1ea5p c\u00e1c s\u1ea3n ph\u1ea9m ch\u1ea5t l\u01b0\u1ee3ng cao \u0111\u1ec3 n\u1ed5i b\u1eadt h\u01a1n so v\u1edbi \u0111\u1ed1i th\u1ee7 c\u1ea1nh tranh. C\u00e1c <a href=\"https:\/\/www.xiangxiangdaily.com\/vi\/danh-m\u1ee5c-s\u1ea3n-ph\u1ea9m\/cham-soc-toc\/\">s\u1ea3n ph\u1ea9m ch\u0103m s\u00f3c t\u00f3c<\/a> c\u1ee7a ch\u00fang t\u00f4i \u0111\u01b0\u1ee3c l\u00e0m b\u1eb1ng c\u00e1c th\u00e0nh ph\u1ea7n v\u00e0 c\u00f4ng th\u1ee9c t\u1ed1t nh\u1ea5t, v\u00e0 ch\u00fang c\u00f3 hi\u1ec7u qu\u1ea3 cho m\u1ecdi lo\u1ea1i t\u00f3c.<\/p>\t\t\t\t\t\t\t\t<\/div>\n\t\t\t\t<\/div>\n\t\t\t\t<div class=\"elementor-element elementor-element-5a4b824 elementor-widget-divider--view-line elementor-widget elementor-widget-divider\" data-id=\"5a4b824\" data-element_type=\"widget\" data-e-type=\"widget\" data-widget_type=\"divider.default\">\n\t\t\t\t<div class=\"elementor-widget-container\">\n\t\t\t\t\t\t\t<div class=\"elementor-divider\">\n\t\t\t<span class=\"elementor-divider-separator\">\n\t\t\t\t\t\t<\/span>\n\t\t<\/div>\n\t\t\t\t\t\t<\/div>\n\t\t\t\t<\/div>\n\t\t\t\t<div class=\"elementor-element elementor-element-8569e17 elementor-widget elementor-widget-text-editor\" data-id=\"8569e17\" data-element_type=\"widget\" data-e-type=\"widget\" data-widget_type=\"text-editor.default\">\n\t\t\t\t<div class=\"elementor-widget-container\">\n\t\t\t\t\t\t\t\t\t<p>L\u00e0 <a class=\"link-whisper\" title=\"Nh\u00e0 s\u1ea3n xu\u1ea5t ch\u0103m s\u00f3c c\u01a1 th\u1ec3\" href=\"https:\/\/www.xiangxiangdaily.com\/vi\/body-care-manufacturer-2\/\" target=\"_blank\" rel=\"noopener\" data-wpil-monitor-id=\"99\">nh\u00e0 s\u1ea3n xu\u1ea5t h\u00e0ng \u0111\u1ea7u c\u00e1c s\u1ea3n ph\u1ea9m ch\u0103m s\u00f3c c\u00e1 nh\u00e2n<\/a> , ch\u00fang t\u00f4i chuy\u00ean cung c\u1ea5p d\u1ea7u g\u1ed9i, d\u1ea7u x\u1ea3 v\u00e0 c\u00e1c gi\u1ea3i ph\u00e1p ch\u0103m s\u00f3c t\u00f3c ch\u1ea5t l\u01b0\u1ee3ng cao kh\u00e1c cho c\u00e1c ti\u1ec7m l\u00e0m t\u00f3c, spa v\u00e0 c\u00e1c doanh nghi\u1ec7p l\u00e0m \u0111\u1eb9p chuy\u00ean nghi\u1ec7p kh\u00e1c. Ch\u00fang t\u00f4i hi\u1ec3u r\u1eb1ng m\u1ed7i ti\u1ec7m \u0111\u1ec1u c\u00f3 b\u1ea3n s\u1eafc, \u0111\u1ed1i t\u01b0\u1ee3ng kh\u00e1ch h\u00e0ng v\u00e0 ti\u00eau chu\u1ea9n d\u1ecbch v\u1ee5 ri\u00eang. \u0110\u00f3 l\u00e0 l\u00fd do t\u1ea1i sao ch\u00fang t\u00f4i cung c\u1ea5p d\u1ecbch v\u1ee5 <strong>ph\u00e1t tri\u1ec3n s\u1ea3n ph\u1ea9m t\u00f9y ch\u1ec9nh<\/strong> \u0111\u1ec3 \u0111\u1ea3m b\u1ea3o b\u1ea1n nh\u1eadn \u0111\u01b0\u1ee3c ch\u00ednh x\u00e1c nh\u1eefng g\u00ec b\u1ea1n c\u1ea7n \u0111\u1ec3 n\u1ed5i b\u1eadt tr\u00ean th\u1ecb tr\u01b0\u1eddng c\u1ea1nh tranh.<\/p><h3>1. C\u00f4ng th\u1ee9c \u0111\u01b0\u1ee3c thi\u1ebft k\u1ebf ri\u00eang<\/h3><p>Kh\u00e1ch h\u00e0ng tin t\u01b0\u1edfng b\u1ea1n s\u1ebd cung c\u1ea5p d\u1ecbch v\u1ee5 t\u1ed1t nh\u1ea5t v\u00e0 ch\u00fang t\u00f4i s\u1ebd gi\u00fap b\u1ea1n th\u1ef1c hi\u1ec7n \u0111i\u1ec1u \u0111\u00f3 b\u1eb1ng c\u00e1ch t\u1ea1o ra nh\u1eefng s\u1ea3n ph\u1ea9m ph\u00f9 h\u1ee3p v\u1edbi nhu c\u1ea7u c\u1ee7a b\u1ea1n. Cho d\u00f9 b\u1ea1n \u0111ang t\u00ecm ki\u1ebfm d\u1ea7u g\u1ed9i kh\u00f4ng ch\u1ee9a sulfat, d\u1ea7u x\u1ea3 d\u01b0\u1ee1ng \u1ea9m hay c\u00f4ng th\u1ee9c h\u1eefu c\u01a1, ch\u00fang t\u00f4i s\u1ebd h\u1ee3p t\u00e1c v\u1edbi b\u1ea1n \u0111\u1ec3 ph\u00e1t tri\u1ec3n <strong>c\u00e1c c\u00f4ng th\u1ee9c t\u00f9y ch\u1ec9nh<\/strong> ph\u00f9 h\u1ee3p v\u1edbi gi\u00e1 tr\u1ecb th\u01b0\u01a1ng hi\u1ec7u v\u00e0 s\u1edf th\u00edch c\u1ee7a kh\u00e1ch h\u00e0ng.<\/p><p>\u0110\u1ed9i ng\u0169 chuy\u00ean gia c\u1ee7a ch\u00fang t\u00f4i s\u1ebd h\u1ee3p t\u00e1c v\u1edbi b\u1ea1n \u0111\u1ec3 x\u00e1c \u0111\u1ecbnh c\u00e1c th\u00e0nh ph\u1ea7n, m\u00f9i h\u01b0\u01a1ng, k\u1ebft c\u1ea5u v\u00e0 bao b\u00ec ph\u1ea3n \u00e1nh t\u1ed1t nh\u1ea5t h\u00ecnh \u1ea3nh ti\u1ec7m c\u1ee7a b\u1ea1n v\u00e0 \u0111\u00e1p \u1ee9ng nhu c\u1ea7u c\u1ee7a kh\u00e1ch h\u00e0ng. T\u1eeb kh\u1ed1i l\u01b0\u1ee3ng v\u00e0 k\u1ebft c\u1ea5u t\u00f3c c\u1ee7a kh\u00e1ch h\u00e0ng \u0111\u1ebfn xu h\u01b0\u1edbng ch\u0103m s\u00f3c t\u00f3c theo m\u00f9a, ch\u00fang t\u00f4i \u0111\u1ea3m b\u1ea3o s\u1ea3n ph\u1ea9m c\u1ee7a m\u00ecnh ph\u00f9 h\u1ee3p ho\u00e0n h\u1ea3o v\u1edbi doanh nghi\u1ec7p c\u1ee7a b\u1ea1n.<\/p><h3>2. Nh\u00e3n hi\u1ec7u ri\u00eang v\u00e0 th\u01b0\u01a1ng hi\u1ec7u<\/h3><p>Ch\u00fang t\u00f4i kh\u00f4ng ch\u1ec9 d\u1eebng l\u1ea1i \u1edf vi\u1ec7c x\u00e2y d\u1ef1ng. Ch\u00fang t\u00f4i cung c\u1ea5p <strong>d\u1ecbch v\u1ee5 d\u00e1n nh\u00e3n ri\u00eang<\/strong> \u0111\u1ec3 mang \u0111\u1ebfn cho ti\u1ec7m l\u00e0m t\u00f3c ho\u1eb7c spa c\u1ee7a b\u1ea1n d\u00f2ng s\u1ea3n ph\u1ea9m ch\u0103m s\u00f3c t\u00f3c ri\u00eang. V\u1edbi t\u00ean th\u01b0\u01a1ng hi\u1ec7u v\u00e0 logo tr\u00ean chai, b\u1ea1n s\u1ebd t\u1ea1o ra tr\u1ea3i nghi\u1ec7m kh\u00e1ch h\u00e0ng \u0111\u01b0\u1ee3c c\u00e1 nh\u00e2n h\u00f3a h\u01a1n v\u00e0 x\u00e2y d\u1ef1ng l\u00f2ng trung th\u00e0nh v\u1edbi th\u01b0\u01a1ng hi\u1ec7u.<\/p><p>\u0110\u1ed9i ng\u0169 thi\u1ebft k\u1ebf c\u1ee7a ch\u00fang t\u00f4i c\u00f3 th\u1ec3 gi\u00fap b\u1ea1n t\u1ea1o logo ho\u1eb7c c\u1eadp nh\u1eadt bao b\u00ec \u0111\u1ec3 mang \u0111\u1ebfn di\u1ec7n m\u1ea1o m\u1edbi m\u1ebb, hi\u1ec7n \u0111\u1ea1i, th\u1ec3 hi\u1ec7n \u0111\u01b0\u1ee3c b\u1ea3n ch\u1ea5t c\u1ee7a doanh nghi\u1ec7p b\u1ea1n. \u0110i\u1ec1u n\u00e0y kh\u00f4ng ch\u1ec9 n\u00e2ng cao h\u00ecnh \u1ea3nh th\u01b0\u01a1ng hi\u1ec7u c\u1ee7a b\u1ea1n m\u00e0 c\u00f2n m\u1edf ra ngu\u1ed3n doanh thu b\u1ed5 sung b\u1eb1ng c\u00e1ch b\u00e1n c\u00e1c s\u1ea3n ph\u1ea9m \u0111\u1ed9c quy\u1ec1n t\u1ea1i ti\u1ec7m c\u1ee7a b\u1ea1n.<\/p><h3>3. Linh ho\u1ea1t trong \u0111\u01a1n h\u00e0ng v\u00e0 \u0111\u00f3ng g\u00f3i<\/h3><p>Ch\u00fang t\u00f4i hi\u1ec3u nhu c\u1ea7u c\u1ee7a c\u00e1c doanh nghi\u1ec7p l\u1edbn v\u00e0 nh\u1ecf. Cho d\u00f9 b\u1ea1n l\u00e0 m\u1ed9t ti\u1ec7m l\u00e0m t\u00f3c nh\u1ecf hay m\u1ed9t chu\u1ed7i l\u1edbn, ch\u00fang t\u00f4i \u0111\u1ec1u cung c\u1ea5p c\u00e1c t\u00f9y ch\u1ecdn \u0111\u1eb7t h\u00e0ng linh ho\u1ea1t ph\u00f9 h\u1ee3p v\u1edbi quy m\u00f4 v\u00e0 nhu c\u1ea7u c\u1ee7a b\u1ea1n. C\u00e1c gi\u1ea3i ph\u00e1p \u0111\u00f3ng g\u00f3i c\u1ee7a ch\u00fang t\u00f4i c\u0169ng c\u00f3 th\u1ec3 t\u00f9y ch\u1ec9nh \u0111\u1ec3 ph\u00f9 h\u1ee3p v\u1edbi th\u1ea9m m\u1ef9 c\u1ee7a b\u1ea1n\u2014cho d\u00f9 b\u1ea1n th\u00edch bao b\u00ec th\u00e2n thi\u1ec7n v\u1edbi m\u00f4i tr\u01b0\u1eddng, chai cao c\u1ea5p hay t\u00f9y ch\u1ecdn cung c\u1ea5p s\u1ed1 l\u01b0\u1ee3ng l\u1edbn.<\/p><h3>4. Chuy\u00ean m\u00f4n trong ng\u00e0nh v\u00e0 th\u00e0nh c\u00f4ng \u0111\u00e3 \u0111\u01b0\u1ee3c ch\u1ee9ng minh<\/h3><p>V\u1edbi nhi\u1ec1u n\u0103m kinh nghi\u1ec7m trong ng\u00e0nh <a class=\"link-whisper\" title=\"5 nh\u00e0 s\u1ea3n xu\u1ea5t ch\u0103m s\u00f3c da h\u00e0ng \u0111\u1ea7u t\u1ea1i Trung Qu\u1ed1c\" href=\"https:\/\/www.xiangxiangdaily.com\/vi\/nha-san-xuat-san-pham-cham-soc-da\/\" target=\"_blank\" rel=\"noopener\" data-wpil-monitor-id=\"1525\">s\u1ea3n xu\u1ea5t s\u1ea3n ph\u1ea9m ch\u0103m s\u00f3c c\u00e1 nh\u00e2n<\/a> , ch\u00fang t\u00f4i \u0111\u00e3 h\u1ee3p t\u00e1c v\u1edbi nhi\u1ec1u doanh nghi\u1ec7p l\u00e0m \u0111\u1eb9p kh\u00e1c nhau. <strong>Th\u00e0nh t\u00edch th\u00e0nh c\u00f4ng<\/strong> c\u1ee7a ch\u00fang t\u00f4i tr\u1ea3i d\u00e0i t\u1eeb c\u00e1c spa sang tr\u1ecdng \u0111\u1ebfn c\u00e1c th\u1ea9m m\u1ef9 vi\u1ec7n l\u1edbn, m\u1ed7i n\u01a1i \u0111\u1ec1u c\u00f3 nh\u1eefng th\u00e1ch th\u1ee9c v\u00e0 k\u1ef3 v\u1ecdng ri\u00eang.<\/p><p>Ki\u1ebfn th\u1ee9c s\u00e2u r\u1ed9ng v\u1ec1 ng\u00e0nh c\u1ee7a ch\u00fang t\u00f4i \u0111\u1ea3m b\u1ea3o r\u1eb1ng ch\u00fang t\u00f4i lu\u00f4n \u0111i \u0111\u1ea7u trong c\u00e1c xu h\u01b0\u1edbng v\u00e0 quy \u0111\u1ecbnh, cung c\u1ea5p c\u00e1c s\u1ea3n ph\u1ea9m kh\u00f4ng ch\u1ec9 hi\u1ec7u qu\u1ea3 m\u00e0 c\u00f2n an to\u00e0n v\u00e0 tu\u00e2n th\u1ee7 c\u00e1c ti\u00eau chu\u1ea9n c\u1ee7a ng\u00e0nh. Ch\u00fang t\u00f4i \u0111\u00e3 th\u00e0nh c\u00f4ng trong vi\u1ec7c gi\u00fap c\u00e1c ti\u1ec7m l\u00e0m t\u00f3c tr\u00ean nhi\u1ec1u th\u1ecb tr\u01b0\u1eddng n\u00e2ng cao d\u1ecbch v\u1ee5 v\u00e0 t\u0103ng s\u1ef1 h\u00e0i l\u00f2ng c\u1ee7a kh\u00e1ch h\u00e0ng v\u1edbi c\u00e1c s\u1ea3n ph\u1ea9m ch\u0103m s\u00f3c t\u00f3c chuy\u00ean bi\u1ec7t.<\/p><h3>5. Ph\u01b0\u01a1ng ph\u00e1p ti\u1ebfp c\u1eadn h\u1ee3p t\u00e1c<\/h3><p>Ch\u00fang t\u00f4i kh\u00f4ng ch\u1ec9 coi m\u00ecnh l\u00e0 nh\u00e0 cung c\u1ea5p m\u00e0 c\u00f2n l\u00e0 <strong>\u0111\u1ed1i t\u00e1c chi\u1ebfn l\u01b0\u1ee3c<\/strong> cho s\u1ef1 th\u00e0nh c\u00f4ng c\u1ee7a b\u1ea1n. Quy tr\u00ecnh c\u1ee7a ch\u00fang t\u00f4i b\u1eaft \u0111\u1ea7u b\u1eb1ng vi\u1ec7c t\u00ecm hi\u1ec3u m\u1ee5c ti\u00eau kinh doanh c\u1ee5 th\u1ec3 v\u00e0 s\u1edf th\u00edch c\u1ee7a kh\u00e1ch h\u00e0ng. T\u1eeb \u0111\u00f3, ch\u00fang t\u00f4i h\u1ee3p t\u00e1c ch\u1eb7t ch\u1ebd trong su\u1ed1t qu\u00e1 tr\u00ecnh ph\u00e1t tri\u1ec3n, \u0111\u1ea3m b\u1ea3o r\u1eb1ng s\u1ea3n ph\u1ea9m cu\u1ed1i c\u00f9ng \u0111\u00e1p \u1ee9ng ch\u00ednh x\u00e1c c\u00e1c th\u00f4ng s\u1ed1 k\u1ef9 thu\u1eadt c\u1ee7a b\u1ea1n.<\/p><p>Ch\u00fang t\u00f4i coi tr\u1ecdng m\u1ed1i quan h\u1ec7 l\u00e2u d\u00e0i v\u00e0 cam k\u1ebft cung c\u1ea5p h\u1ed7 tr\u1ee3 li\u00ean t\u1ee5c. Cho d\u00f9 b\u1ea1n c\u1ea7n \u0111i\u1ec1u ch\u1ec9nh c\u00f4ng th\u1ee9c, gi\u1edbi thi\u1ec7u s\u1ea3n ph\u1ea9m m\u1edbi hay m\u1edf r\u1ed9ng quy m\u00f4 s\u1ea3n xu\u1ea5t, ch\u00fang t\u00f4i lu\u00f4n s\u1eb5n s\u00e0ng h\u1ed7 tr\u1ee3 b\u1ea1n ph\u00e1t tri\u1ec3n doanh nghi\u1ec7p trong t\u1eebng b\u01b0\u1edbc.<\/p>\t\t\t\t\t\t\t\t<\/div>\n\t\t\t\t<\/div>\n\t\t\t\t\t<\/div>\n\t\t\t\t<\/div>\n\t\t\t\t<\/div>\n\t\t","protected":false},"excerpt":{"rendered":"<p>Gi\u1ea3i ph\u00e1p cho salon v\u00e0 spa Bauty S\u1ea3n ph\u1ea9m c\u1ee7a ch\u00fang t\u00f4i \u0111\u01b0\u1ee3c thi\u1ebft k\u1ebf hi\u1ec7u qu\u1ea3, an to\u00e0n v\u00e0 gi\u00e1 c\u1ea3 ph\u1ea3i ch\u0103ng, gi\u00fap c\u00e1c th\u1ea9m m\u1ef9 vi\u1ec7n v\u00e0 spa mang l\u1ea1i tr\u1ea3i nghi\u1ec7m t\u1ed1t nh\u1ea5t cho kh\u00e1ch h\u00e0ng. Home 3000+ Nh\u00e0 cung c\u1ea5p th\u01b0\u01a1ng hi\u1ec7u l\u00e0m \u0111\u1eb9p T\u0103ng c\u01b0\u1eddng ho\u1ea1t \u0111\u1ed9ng kinh doanh [&hellip;]<\/p>\n","protected":false},"author":1,"featured_media":26102,"parent":0,"menu_order":0,"comment_status":"closed","ping_status":"closed","template":"elementor_theme","meta":{"_acf_changed":false,"footnotes":""},"class_list":["post-26098","page","type-page","status-publish","has-post-thumbnail","hentry"],"acf":[],"_links":{"self":[{"href":"https:\/\/www.xiangxiangdaily.com\/vi\/wp-json\/wp\/v2\/pages\/26098","targetHints":{"allow":["GET"]}}],"collection":[{"href":"https:\/\/www.xiangxiangdaily.com\/vi\/wp-json\/wp\/v2\/pages"}],"about":[{"href":"https:\/\/www.xiangxiangdaily.com\/vi\/wp-json\/wp\/v2\/types\/page"}],"author":[{"embeddable":true,"href":"https:\/\/www.xiangxiangdaily.com\/vi\/wp-json\/wp\/v2\/users\/1"}],"replies":[{"embeddable":true,"href":"https:\/\/www.xiangxiangdaily.com\/vi\/wp-json\/wp\/v2\/comments?post=26098"}],"version-history":[{"count":2,"href":"https:\/\/www.xiangxiangdaily.com\/vi\/wp-json\/wp\/v2\/pages\/26098\/revisions"}],"predecessor-version":[{"id":101461,"href":"https:\/\/www.xiangxiangdaily.com\/vi\/wp-json\/wp\/v2\/pages\/26098\/revisions\/101461"}],"wp:featuredmedia":[{"embeddable":true,"href":"https:\/\/www.xiangxiangdaily.com\/vi\/wp-json\/wp\/v2\/media\/26102"}],"wp:attachment":[{"href":"https:\/\/www.xiangxiangdaily.com\/vi\/wp-json\/wp\/v2\/media?parent=26098"}],"curies":[{"name":"wp","href":"https:\/\/api.w.org\/{rel}","templated":true}]}}