{"id":26117,"date":"2023-12-08T18:05:54","date_gmt":"2023-12-08T10:05:54","guid":{"rendered":"https:\/\/www.xiangxiangdaily.com\/thuong-mai-dien-tu-va-nha-ban-le\/"},"modified":"2025-11-12T10:48:51","modified_gmt":"2025-11-12T02:48:51","slug":"thuong-mai-dien-tu-va-nha-ban-le","status":"publish","type":"page","link":"https:\/\/www.xiangxiangdaily.com\/vi\/thuong-mai-dien-tu-va-nha-ban-le\/","title":{"rendered":"Th\u01b0\u01a1ng m\u1ea1i \u0111i\u1ec7n t\u1eed v\u00e0 nh\u00e0 b\u00e1n l\u1ebb"},"content":{"rendered":"\t\t<div data-elementor-type=\"wp-page\" data-elementor-id=\"26117\" class=\"elementor elementor-26117 elementor-9905\" data-elementor-post-type=\"page\">\n\t\t\t\t<div class=\"elementor-element elementor-element-16de91d1 e-flex e-con-boxed e-con e-parent\" data-id=\"16de91d1\" data-element_type=\"container\" data-e-type=\"container\" data-settings=\"{&quot;background_background&quot;:&quot;classic&quot;}\">\n\t\t\t\t\t<div class=\"e-con-inner\">\n\t\t\t\t<div class=\"elementor-element elementor-element-4609a700 elementor-widget elementor-widget-heading\" data-id=\"4609a700\" data-element_type=\"widget\" data-e-type=\"widget\" data-widget_type=\"heading.default\">\n\t\t\t\t<div class=\"elementor-widget-container\">\n\t\t\t\t\t<h1 class=\"elementor-heading-title elementor-size-default\">Gi\u1ea3i ph\u00e1p th\u01b0\u01a1ng m\u1ea1i \u0111i\u1ec7n t\u1eed v\u00e0 b\u00e1n l\u1ebb<\/h1>\t\t\t\t<\/div>\n\t\t\t\t<\/div>\n\t\t\t\t<div class=\"elementor-element elementor-element-5076f3ad elementor-widget elementor-widget-heading\" data-id=\"5076f3ad\" data-element_type=\"widget\" data-e-type=\"widget\" data-widget_type=\"heading.default\">\n\t\t\t\t<div class=\"elementor-widget-container\">\n\t\t\t\t\t<p class=\"elementor-heading-title elementor-size-default\">Cam k\u1ebft cung c\u1ea5p cho kh\u00e1ch h\u00e0ng c\u00e1c ngu\u1ed3n l\u1ef1c v\u00e0 s\u1ef1 h\u1ed7 tr\u1ee3 h\u1ecd c\u1ea7n \u0111\u1ec3 th\u00e0nh c\u00f4ng trong m\u00f4i tr\u01b0\u1eddng th\u01b0\u01a1ng m\u1ea1i \u0111i\u1ec7n t\u1eed v\u00e0 b\u00e1n l\u1ebb lu\u00f4n thay \u0111\u1ed5i.<\/p>\t\t\t\t<\/div>\n\t\t\t\t<\/div>\n\t\t\t\t<div class=\"elementor-element elementor-element-d85a150 elementor-widget elementor-widget-breadcrumbs\" data-id=\"d85a150\" data-element_type=\"widget\" data-e-type=\"widget\" data-widget_type=\"breadcrumbs.default\">\n\t\t\t\t<div class=\"elementor-widget-container\">\n\t\t\t\t\t<nav><span class=\"last\">Trang ch\u1ee7<\/span><\/nav>\t\t\t\t<\/div>\n\t\t\t\t<\/div>\n\t\t\t\t\t<\/div>\n\t\t\t\t<\/div>\n\t\t<div class=\"elementor-element elementor-element-6c9b7da e-flex e-con-boxed e-con e-parent\" data-id=\"6c9b7da\" data-element_type=\"container\" data-e-type=\"container\" data-settings=\"{&quot;background_background&quot;:&quot;classic&quot;}\">\n\t\t\t\t\t<div class=\"e-con-inner\">\n\t\t<div class=\"elementor-element elementor-element-692afdc e-flex e-con-boxed e-con e-child\" data-id=\"692afdc\" data-element_type=\"container\" data-e-type=\"container\">\n\t\t\t\t\t<div class=\"e-con-inner\">\n\t\t\t\t<div class=\"elementor-element elementor-element-4a4ed38 elementor-widget elementor-widget-heading\" data-id=\"4a4ed38\" data-element_type=\"widget\" data-e-type=\"widget\" data-widget_type=\"heading.default\">\n\t\t\t\t<div class=\"elementor-widget-container\">\n\t\t\t\t\t<h5 class=\"elementor-heading-title elementor-size-default\">Nh\u00e0 cung c\u1ea5p h\u01a1n 3000 th\u01b0\u01a1ng hi\u1ec7u m\u1ef9 ph\u1ea9m<\/h5>\t\t\t\t<\/div>\n\t\t\t\t<\/div>\n\t\t\t\t<div class=\"elementor-element elementor-element-2335f20 elementor-widget elementor-widget-heading\" data-id=\"2335f20\" data-element_type=\"widget\" data-e-type=\"widget\" data-widget_type=\"heading.default\">\n\t\t\t\t<div class=\"elementor-widget-container\">\n\t\t\t\t\t<h2 class=\"elementor-heading-title elementor-size-default\">Ph\u00e1t tri\u1ec3n doanh nghi\u1ec7p th\u01b0\u01a1ng m\u1ea1i \u0111i\u1ec7n t\u1eed c\u1ee7a b\u1ea1n v\u1edbi c\u00e1c gi\u1ea3i ph\u00e1p \u0111\u00e3 \u0111\u01b0\u1ee3c ch\u1ee9ng minh c\u1ee7a ch\u00fang t\u00f4i<\/h2>\t\t\t\t<\/div>\n\t\t\t\t<\/div>\n\t\t\t\t<div class=\"elementor-element elementor-element-050424d elementor-widget elementor-widget-heading\" data-id=\"050424d\" data-element_type=\"widget\" data-e-type=\"widget\" data-widget_type=\"heading.default\">\n\t\t\t\t<div class=\"elementor-widget-container\">\n\t\t\t\t\t<p class=\"elementor-heading-title elementor-size-default\">Gi\u1ea3i ph\u00e1p th\u01b0\u01a1ng m\u1ea1i \u0111i\u1ec7n t\u1eed c\u1ee7a ch\u00fang t\u00f4i d\u1ef1a tr\u00ean nhi\u1ec1u n\u0103m kinh nghi\u1ec7m v\u00e0 nghi\u00ean c\u1ee9u. Ch\u00fang t\u00f4i \u0111\u00e3 gi\u00fap h\u00e0ng ng\u00e0n nh\u00e0 b\u00e1n l\u1ebb ph\u00e1t tri\u1ec3n doanh nghi\u1ec7p c\u1ee7a h\u1ecd v\u00e0 ch\u00fang t\u00f4i c\u0169ng c\u00f3 th\u1ec3 gi\u00fap b\u1ea1n.<\/p>\t\t\t\t<\/div>\n\t\t\t\t<\/div>\n\t\t\t\t<div class=\"elementor-element elementor-element-b6838d2 elementor-widget elementor-widget-button\" data-id=\"b6838d2\" data-element_type=\"widget\" data-e-type=\"widget\" data-widget_type=\"button.default\">\n\t\t\t\t<div class=\"elementor-widget-container\">\n\t\t\t\t\t\t\t\t\t<div class=\"elementor-button-wrapper\">\n\t\t\t\t\t<a class=\"elementor-button elementor-button-link elementor-size-sm\" href=\"#elementor-action%3Aaction%3Dpopup%3Aopen%26settings%3DeyJpZCI6ODQ4OTMsInRvZ2dsZSI6ZmFsc2V9\">\n\t\t\t\t\t\t<span class=\"elementor-button-content-wrapper\">\n\t\t\t\t\t\t\t\t\t<span class=\"elementor-button-text\">N\u00f3i v\u1ec1 d\u1ef1 \u00e1n c\u1ee7a b\u1ea1n<\/span>\n\t\t\t\t\t<\/span>\n\t\t\t\t\t<\/a>\n\t\t\t\t<\/div>\n\t\t\t\t\t\t\t\t<\/div>\n\t\t\t\t<\/div>\n\t\t\t\t\t<\/div>\n\t\t\t\t<\/div>\n\t\t<div class=\"elementor-element elementor-element-bf2cf63 e-flex e-con-boxed e-con e-child\" data-id=\"bf2cf63\" data-element_type=\"container\" data-e-type=\"container\">\n\t\t\t\t\t<div class=\"e-con-inner\">\n\t\t\t\t<div class=\"elementor-element elementor-element-f45ffeb elementor-widget elementor-widget-image\" data-id=\"f45ffeb\" data-element_type=\"widget\" data-e-type=\"widget\" data-widget_type=\"image.default\">\n\t\t\t\t<div class=\"elementor-widget-container\">\n\t\t\t\t\t\t\t\t\t\t\t\t\t\t\t<img fetchpriority=\"high\" decoding=\"async\" width=\"500\" height=\"353\" src=\"https:\/\/www.xiangxiangdaily.com\/wp-content\/uploads\/2024\/01\/Beauty-Salon-Product-Manufacturer.webp\" class=\"attachment-large size-large wp-image-26231\" alt=\"\" srcset=\"https:\/\/www.xiangxiangdaily.com\/wp-content\/uploads\/2024\/01\/Beauty-Salon-Product-Manufacturer.webp 500w, https:\/\/www.xiangxiangdaily.com\/wp-content\/uploads\/2024\/01\/Beauty-Salon-Product-Manufacturer-300x212.webp 300w\" sizes=\"(max-width: 500px) 100vw, 500px\" \/>\t\t\t\t\t\t\t\t\t\t\t\t\t\t\t<\/div>\n\t\t\t\t<\/div>\n\t\t\t\t\t<\/div>\n\t\t\t\t<\/div>\n\t\t\t\t\t<\/div>\n\t\t\t\t<\/div>\n\t\t<div class=\"elementor-element elementor-element-76a0d6d e-flex e-con-boxed e-con e-parent\" data-id=\"76a0d6d\" data-element_type=\"container\" data-e-type=\"container\">\n\t\t\t\t\t<div class=\"e-con-inner\">\n\t\t\t\t<div class=\"elementor-element elementor-element-439b752 elementor-widget elementor-widget-text-editor\" data-id=\"439b752\" data-element_type=\"widget\" data-e-type=\"widget\" data-widget_type=\"text-editor.default\">\n\t\t\t\t<div class=\"elementor-widget-container\">\n\t\t\t\t\t\t\t\t\t<p>L\u00e0 <a class=\"link-whisper\" title=\"Nh\u00e0 s\u1ea3n xu\u1ea5t ch\u0103m s\u00f3c c\u01a1 th\u1ec3\" href=\"https:\/\/www.xiangxiangdaily.com\/vi\/nha-san-xuat-cham-soc-co-the\/\" target=\"_blank\" rel=\"noopener\" data-wpil-monitor-id=\"109\">nh\u00e0 s\u1ea3n xu\u1ea5t s\u1ea3n ph\u1ea9m ch\u0103m s\u00f3c<\/a> c\u00e1 nh\u00e2n c\u00f3 nhi\u1ec1u kinh nghi\u1ec7m trong l\u0129nh v\u1ef1c s\u1ea3n ph\u1ea9m ch\u0103m s\u00f3c t\u00f3c, ch\u00fang t\u00f4i hi\u1ec3u nh\u1eefng th\u00e1ch th\u1ee9c v\u00e0 c\u01a1 h\u1ed9i \u0111\u1eb7c bi\u1ec7t m\u00e0 c\u00e1c n\u1ec1n t\u1ea3ng th\u01b0\u01a1ng m\u1ea1i \u0111i\u1ec7n t\u1eed v\u00e0 nh\u00e0 b\u00e1n l\u1ebb ph\u1ea3i \u0111\u1ed1i m\u1eb7t tr\u00ean th\u1ecb tr\u01b0\u1eddng c\u1ea1nh tranh ng\u00e0y nay. Cho d\u00f9 b\u1ea1n l\u00e0 c\u1eeda h\u00e0ng tr\u1ef1c tuy\u1ebfn, nh\u00e0 b\u00e1n l\u1ebb l\u1edbn hay c\u1eeda h\u00e0ng th\u1eddi trang, ch\u00fang t\u00f4i \u0111\u1ec1u cung c\u1ea5p <strong>c\u00e1c s\u1ea3n ph\u1ea9m <a class=\"link-whisper\" title=\"Nh\u00e0 s\u1ea3n xu\u1ea5t ch\u0103m s\u00f3c t\u00f3c\" href=\"https:\/\/www.xiangxiangdaily.com\/vi\/nha-san-xuat-cham-soc-toc\/\" target=\"_blank\" rel=\"noopener\" data-wpil-monitor-id=\"803\">ch\u0103m s\u00f3c t\u00f3c<\/a> t\u00f9y ch\u1ec9nh<\/strong> theo nhu c\u1ea7u v\u00e0 m\u1ee5c ti\u00eau kinh doanh c\u1ee7a kh\u00e1ch h\u00e0ng. V\u1edbi th\u00e0nh t\u00edch \u0111\u00e3 \u0111\u01b0\u1ee3c ch\u1ee9ng minh trong ng\u00e0nh, ch\u00fang t\u00f4i c\u00f3 th\u1ec3 gi\u00fap b\u1ea1n cung c\u1ea5p nh\u1eefng s\u1ea3n ph\u1ea9m ch\u1ea5t l\u01b0\u1ee3ng cao, \u0111\u1eb7c bi\u1ec7t gi\u00fap th\u00fac \u0111\u1ea9y doanh s\u1ed1 v\u00e0 l\u00f2ng trung th\u00e0nh c\u1ee7a kh\u00e1ch h\u00e0ng.<\/p>\n<h3>1. C\u00f4ng th\u1ee9c s\u1ea3n ph\u1ea9m ri\u00eang cho th\u1ecb tr\u01b0\u1eddng c\u1ee7a b\u1ea1n<\/h3>\n<p>Th\u1ecb tr\u01b0\u1eddng th\u01b0\u01a1ng m\u1ea1i \u0111i\u1ec7n t\u1eed v\u00e0 b\u00e1n l\u1ebb v\u00f4 c\u00f9ng \u0111a d\u1ea1ng, v\u1edbi kh\u00e1ch h\u00e0ng t\u00ecm ki\u1ebfm nhi\u1ec1u lo\u1ea1i s\u1ea3n ph\u1ea9m chuy\u00ean bi\u1ec7t. Cho d\u00f9 \u0111\u1ed1i t\u01b0\u1ee3ng c\u1ee7a b\u1ea1n th\u00edch <strong>c\u00e1c gi\u1ea3i ph\u00e1p ch\u0103m s\u00f3c t\u00f3c<\/strong> <strong>h\u1eefu c\u01a1, thu\u1ea7n chay<\/strong> hay cao c\u1ea5p, ch\u00fang t\u00f4i \u0111\u1ec1u cung c\u1ea5p <strong>c\u00e1c c\u00f4ng th\u1ee9c s\u1ea3n ph\u1ea9m ri\u00eang bi\u1ec7t<\/strong> \u0111\u01b0\u1ee3c thi\u1ebft k\u1ebf \u0111\u1ec3 \u0111\u00e1p \u1ee9ng nhu c\u1ea7u c\u1ee5 th\u1ec3 c\u1ee7a th\u1ecb tr\u01b0\u1eddng. \u0110\u1ed9i ng\u0169 chuy\u00ean gia c\u1ee7a ch\u00fang t\u00f4i s\u1ebd h\u1ee3p t\u00e1c v\u1edbi b\u1ea1n \u0111\u1ec3 t\u1ea1o ra c\u00e1c lo\u1ea1i d\u1ea7u g\u1ed9i, d\u1ea7u x\u1ea3 v\u00e0 c\u00e1c s\u1ea3n ph\u1ea9m ch\u0103m s\u00f3c t\u00f3c kh\u00e1c ph\u00f9 h\u1ee3p v\u1edbi b\u1ea3n s\u1eafc th\u01b0\u01a1ng hi\u1ec7u v\u00e0 s\u1edf th\u00edch c\u1ee7a kh\u00e1ch h\u00e0ng.<\/p>\n<p>Ch\u00fang t\u00f4i c\u00e2n nh\u1eafc c\u00e1c y\u1ebfu t\u1ed1 ch\u00ednh nh\u01b0 xu h\u01b0\u1edbng th\u00e0nh ph\u1ea7n, thay \u0111\u1ed5i theo m\u00f9a v\u00e0 c\u00e1c m\u1ed1i quan t\u00e2m ph\u1ed5 bi\u1ebfn v\u1ec1 ch\u0103m s\u00f3c t\u00f3c nh\u01b0 d\u01b0\u1ee1ng \u1ea9m, l\u00e0m ch\u1eafc kh\u1ecfe ho\u1eb7c t\u1ea1o \u0111\u1ed9 ph\u1ed3ng \u0111\u1ec3 \u0111\u1ea3m b\u1ea3o r\u1eb1ng d\u00f2ng s\u1ea3n ph\u1ea9m c\u1ee7a b\u1ea1n g\u00e2y \u0111\u01b0\u1ee3c ti\u1ebfng vang v\u1edbi ng\u01b0\u1eddi ti\u00eau d\u00f9ng m\u00e0 b\u1ea1n nh\u1eafm \u0111\u1ebfn.<\/p>\n<h3>2. Gi\u1ea3i ph\u00e1p nh\u00e3n hi\u1ec7u ri\u00eang v\u00e0 nh\u00e3n hi\u1ec7u tr\u1eafng<\/h3>\n<p>\u0110\u1ed1i v\u1edbi c\u00e1c n\u1ec1n t\u1ea3ng th\u01b0\u01a1ng m\u1ea1i \u0111i\u1ec7n t\u1eed v\u00e0 nh\u00e0 b\u00e1n l\u1ebb, vi\u1ec7c c\u00f3 <strong>d\u00f2ng s\u1ea3n ph\u1ea9m nh\u00e3n hi\u1ec7u ri\u00eang<\/strong> l\u00e0 m\u1ed9t c\u00e1ch tuy\u1ec7t v\u1eddi \u0111\u1ec3 x\u00e2y d\u1ef1ng nh\u1eadn di\u1ec7n th\u01b0\u01a1ng hi\u1ec7u v\u00e0 l\u00f2ng trung th\u00e0nh c\u1ee7a kh\u00e1ch h\u00e0ng. Ch\u00fang t\u00f4i cung c\u1ea5p <strong>d\u1ecbch v\u1ee5 d\u00e1n nh\u00e3n ri\u00eang<\/strong> cho ph\u00e9p b\u1ea1n b\u00e1n c\u00e1c s\u1ea3n ph\u1ea9m ch\u0103m s\u00f3c t\u00f3c d\u01b0\u1edbi t\u00ean th\u01b0\u01a1ng hi\u1ec7u c\u1ee7a ri\u00eang b\u1ea1n. V\u1edbi s\u1ef1 linh ho\u1ea1t ho\u00e0n to\u00e0n v\u1ec1 thi\u1ebft k\u1ebf bao b\u00ec, v\u1ecb tr\u00ed \u0111\u1eb7t logo v\u00e0 t\u00e0i li\u1ec7u ti\u1ebfp th\u1ecb, b\u1ea1n c\u00f3 th\u1ec3 t\u1ea1o ra d\u00f2ng s\u1ea3n ph\u1ea9m n\u1ed5i b\u1eadt h\u01a1n so v\u1edbi \u0111\u1ed1i th\u1ee7 c\u1ea1nh tranh.<\/p>\n<p>\u0110\u1ed1i v\u1edbi nh\u1eefng ai mu\u1ed1n nhanh ch\u00f3ng th\u00e2m nh\u1eadp th\u1ecb tr\u01b0\u1eddng, ch\u00fang t\u00f4i c\u0169ng cung c\u1ea5p <strong>c\u00e1c gi\u1ea3i ph\u00e1p nh\u00e3n tr\u1eafng<\/strong> \u2014 c\u00e1c s\u1ea3n ph\u1ea9m c\u00f3 s\u1eb5n c\u00f3 th\u1ec3 \u0111\u1ed5i th\u01b0\u01a1ng hi\u1ec7u v\u00e0 ra m\u1eaft d\u1ec5 d\u00e0ng. \u0110i\u1ec1u n\u00e0y cho ph\u00e9p b\u1ea1n t\u1eadp trung v\u00e0o ti\u1ebfp th\u1ecb v\u00e0 ph\u00e2n ph\u1ed1i m\u00e0 kh\u00f4ng c\u1ea7n \u0111\u1ebfn qu\u00e1 tr\u00ecnh ph\u00e1t tri\u1ec3n s\u1ea3n ph\u1ea9m k\u00e9o d\u00e0i.<\/p>\n<h3>3. Gi\u1ea3i ph\u00e1p s\u1ea3n xu\u1ea5t c\u00f3 kh\u1ea3 n\u0103ng m\u1edf r\u1ed9ng v\u00e0 chu\u1ed7i cung \u1ee9ng linh ho\u1ea1t<\/h3>\n<p>C\u00e1c nh\u00e0 b\u00e1n l\u1ebb v\u00e0 doanh nghi\u1ec7p th\u01b0\u01a1ng m\u1ea1i \u0111i\u1ec7n t\u1eed c\u1ea7n <strong>kh\u1ea3 n\u0103ng m\u1edf r\u1ed9ng v\u00e0 linh ho\u1ea1t<\/strong> , \u0111\u1eb7c bi\u1ec7t l\u00e0 khi \u1ee9ng ph\u00f3 v\u1edbi nhu c\u1ea7u bi\u1ebfn \u0111\u1ed9ng ho\u1eb7c xu h\u01b0\u1edbng theo m\u00f9a. N\u0103ng l\u1ef1c s\u1ea3n xu\u1ea5t c\u1ee7a ch\u00fang t\u00f4i cho ph\u00e9p ch\u00fang t\u00f4i t\u0103ng ho\u1eb7c gi\u1ea3m quy m\u00f4 s\u1ea3n xu\u1ea5t d\u1ef1a tr\u00ean nhu c\u1ea7u c\u1ee7a b\u1ea1n, \u0111\u1ea3m b\u1ea3o r\u1eb1ng b\u1ea1n kh\u00f4ng bao gi\u1edd g\u1eb7p ph\u1ea3i t\u00ecnh tr\u1ea1ng thi\u1ebfu h\u00e0ng ho\u1eb7c t\u1ed3n kho d\u01b0 th\u1eeba.<\/p>\n<p>Ngo\u00e0i ra, ch\u00fang t\u00f4i c\u00f2n cung c\u1ea5p c\u00e1c gi\u1ea3i ph\u00e1p \u0111\u00f3ng g\u00f3i linh ho\u1ea1t v\u00e0 chu\u1ed7i cung \u1ee9ng \u0111\u1ec3 h\u1ed7 tr\u1ee3 m\u00f4 h\u00ecnh kinh doanh c\u1ee7a b\u1ea1n, cho d\u00f9 b\u1ea1n y\u00eau c\u1ea7u l\u00f4 h\u00e0ng s\u1ed1 l\u01b0\u1ee3ng l\u1edbn, \u0111\u01a1n v\u1ecb ri\u00eang l\u1ebb \u0111\u1ec3 b\u00e1n l\u1ebb hay bao b\u00ec th\u00e2n thi\u1ec7n v\u1edbi m\u00f4i tr\u01b0\u1eddng \u0111\u1ec3 \u0111\u00e1p \u1ee9ng c\u00e1c m\u1ee5c ti\u00eau ph\u00e1t tri\u1ec3n b\u1ec1n v\u1eefng.<\/p>\n<h3>4. Chuy\u00ean m\u00f4n v\u1ec1 tu\u00e2n th\u1ee7 quy \u0111\u1ecbnh v\u00e0 xu h\u01b0\u1edbng th\u1ecb tr\u01b0\u1eddng<\/h3>\n<p>Kinh nghi\u1ec7m s\u00e2u r\u1ed9ng c\u1ee7a ch\u00fang t\u00f4i trong ng\u00e0nh <a class=\"link-whisper\" title=\"20 Nh\u00e0 cung c\u1ea5p m\u1ef9 ph\u1ea9m v\u00e0 ch\u0103m s\u00f3c c\u00e1 nh\u00e2n h\u00e0ng \u0111\u1ea7u t\u1ea1i Trung Qu\u1ed1c\" href=\"https:\/\/www.xiangxiangdaily.com\/vi\/top-20-personal-care-cosmetics-suppliers-in-china\/\" target=\"_blank\" rel=\"noopener\" data-wpil-monitor-id=\"2685\">ch\u0103m s\u00f3c c\u00e1 nh\u00e2n<\/a> \u0111\u1ea3m b\u1ea3o r\u1eb1ng t\u1ea5t c\u1ea3 s\u1ea3n ph\u1ea9m c\u1ee7a ch\u00fang t\u00f4i \u0111\u1ec1u \u0111\u00e1p \u1ee9ng <strong>c\u00e1c ti\u00eau chu\u1ea9n quy \u0111\u1ecbnh<\/strong> \u1edf nhi\u1ec1u khu v\u1ef1c kh\u00e1c nhau, bao g\u1ed3m Hoa K\u1ef3, EU v\u00e0 Ch\u00e2u \u00c1. Ch\u00fang t\u00f4i lu\u00f4n tu\u00e2n th\u1ee7 c\u00e1c quy \u0111\u1ecbnh c\u1ee7a ng\u00e0nh v\u00e0 h\u01b0\u1edbng d\u1eabn v\u1ec1 an to\u00e0n, \u0111\u1ea3m b\u1ea3o s\u1ea3n ph\u1ea9m c\u1ee7a b\u1ea1n tu\u00e2n th\u1ee7 \u0111\u1ea7y \u0111\u1ee7 c\u00e1c quy t\u1eafc v\u00e0 ch\u1ee9ng nh\u1eadn m\u1edbi nh\u1ea5t, ch\u1eb3ng h\u1ea1n nh\u01b0 ti\u00eau <strong>chu\u1ea9n kh\u00f4ng th\u1eed nghi\u1ec7m tr\u00ean \u0111\u1ed9ng v\u1eadt<\/strong> , <strong>kh\u00f4ng ch\u1ee9a paraben<\/strong> ho\u1eb7c ti\u00eau chu\u1ea9n <strong>h\u1eefu c\u01a1<\/strong> .<\/p>\n<p>H\u01a1n n\u1eefa, nh\u00f3m c\u1ee7a ch\u00fang t\u00f4i theo d\u00f5i <strong>c\u00e1c xu h\u01b0\u1edbng th\u1ecb tr\u01b0\u1eddng m\u1edbi n\u1ed5i<\/strong> , v\u00ec v\u1eady, cho d\u00f9 \u0111\u00f3 l\u00e0 s\u1ef1 gia t\u0103ng c\u1ee7a ng\u01b0\u1eddi ti\u00eau d\u00f9ng c\u00f3 \u00fd th\u1ee9c b\u1ea3o v\u1ec7 m\u00f4i tr\u01b0\u1eddng hay c\u00e1c th\u00e0nh ph\u1ea7n m\u1edbi nh\u1ea5t \u0111ang ng\u00e0y c\u00e0ng ph\u1ed5 bi\u1ebfn, b\u1ea1n c\u00f3 th\u1ec3 tin t\u01b0\u1edfng r\u1eb1ng s\u1ea3n ph\u1ea9m c\u1ee7a ch\u00fang t\u00f4i s\u1ebd \u0111\u00e1p \u1ee9ng \u0111\u01b0\u1ee3c nhu c\u1ea7u ng\u00e0y c\u00e0ng thay \u0111\u1ed5i c\u1ee7a kh\u00e1ch h\u00e0ng.<\/p>\n<h3>5. Th\u00e0nh c\u00f4ng \u0111\u00e3 \u0111\u01b0\u1ee3c ch\u1ee9ng minh trong th\u01b0\u01a1ng m\u1ea1i \u0111i\u1ec7n t\u1eed v\u00e0 b\u00e1n l\u1ebb<\/h3>\n<p>Ch\u00fang t\u00f4i \u0111\u00e3 l\u00e0m vi\u1ec7c v\u1edbi nhi\u1ec1u <strong>n\u1ec1n t\u1ea3ng th\u01b0\u01a1ng m\u1ea1i \u0111i\u1ec7n t\u1eed<\/strong> v\u00e0 <strong>nh\u00e0 b\u00e1n l\u1ebb<\/strong> , t\u1eeb c\u00e1c c\u1eeda h\u00e0ng tr\u1ef1c tuy\u1ebfn nh\u1ecf \u0111\u1ebfn c\u00e1c th\u01b0\u01a1ng hi\u1ec7u l\u1edbn, uy t\u00edn. Kh\u00e1ch h\u00e0ng c\u1ee7a ch\u00fang t\u00f4i \u0111\u00e3 t\u1eadn d\u1ee5ng th\u00e0nh c\u00f4ng c\u00e1c s\u1ea3n ph\u1ea9m c\u1ee7a ch\u00fang t\u00f4i \u0111\u1ec3 t\u1ea1o s\u1ef1 kh\u00e1c bi\u1ec7t tr\u00ean th\u1ecb tr\u01b0\u1eddng, cung c\u1ea5p c\u00e1c gi\u1ea3i ph\u00e1p ch\u0103m s\u00f3c t\u00f3c \u0111\u1ed9c \u0111\u00e1o, ch\u1ea5t l\u01b0\u1ee3ng cao gi\u00fap kh\u00e1ch h\u00e0ng quay l\u1ea1i.<\/p>\n<p>V\u00ed d\u1ee5, ch\u00fang t\u00f4i \u0111\u00e3 gi\u00fap c\u00e1c doanh nghi\u1ec7p th\u01b0\u01a1ng m\u1ea1i \u0111i\u1ec7n t\u1eed ph\u00e1t tri\u1ec3n c\u00e1c s\u1ea3n ph\u1ea9m ch\u0103m s\u00f3c t\u00f3c theo h\u00ecnh th\u1ee9c \u0111\u0103ng k\u00fd, mang l\u1ea1i doanh thu \u0111\u1ecbnh k\u1ef3 v\u00e0 h\u1ed7 tr\u1ee3 c\u00e1c nh\u00e0 b\u00e1n l\u1ebb tung ra c\u00e1c d\u00f2ng s\u1ea3n ph\u1ea9m theo m\u00f9a t\u1eadn d\u1ee5ng xu h\u01b0\u1edbng mua s\u1eafm trong d\u1ecbp l\u1ec5. Ph\u01b0\u01a1ng ph\u00e1p linh ho\u1ea1t c\u1ee7a ch\u00fang t\u00f4i cho ph\u00e9p ch\u00fang t\u00f4i \u0111i\u1ec1u ch\u1ec9nh c\u00e1c gi\u1ea3i ph\u00e1p \u0111\u1ec3 ph\u00f9 h\u1ee3p v\u1edbi chi\u1ebfn l\u01b0\u1ee3c th\u1ecb tr\u01b0\u1eddng v\u00e0 m\u1ee5c ti\u00eau t\u0103ng tr\u01b0\u1edfng c\u1ee5 th\u1ec3 c\u1ee7a b\u1ea1n.<\/p>\n<h3>6. Ph\u00e1t tri\u1ec3n s\u1ea3n ph\u1ea9m h\u1ee3p t\u00e1c v\u00e0 h\u1ed7 tr\u1ee3 li\u00ean t\u1ee5c<\/h3>\n<p>Ch\u00fang t\u00f4i t\u1ef1 h\u00e0o khi \u00e1p d\u1ee5ng <strong>ph\u01b0\u01a1ng ph\u00e1p h\u1ee3p t\u00e1c<\/strong> v\u1edbi c\u00e1c kh\u00e1ch h\u00e0ng b\u00e1n l\u1ebb v\u00e0 th\u01b0\u01a1ng m\u1ea1i \u0111i\u1ec7n t\u1eed. T\u1eeb kh\u00e2u t\u01b0 v\u1ea5n ban \u0111\u1ea7u cho \u0111\u1ebfn khi ra m\u1eaft s\u1ea3n ph\u1ea9m v\u00e0 h\u01a1n th\u1ebf n\u1eefa, ch\u00fang t\u00f4i h\u1ee3p t\u00e1c ch\u1eb7t ch\u1ebd v\u1edbi b\u1ea1n \u1edf m\u1ecdi giai \u0111o\u1ea1n ph\u00e1t tri\u1ec3n. Ch\u00fang t\u00f4i tin r\u1eb1ng vi\u1ec7c hi\u1ec3u \u0111\u01b0\u1ee3c t\u1ea7m nh\u00ecn th\u01b0\u01a1ng hi\u1ec7u v\u00e0 nhu c\u1ea7u c\u1ee7a kh\u00e1ch h\u00e0ng l\u00e0 ch\u00eca kh\u00f3a \u0111\u1ec3 cung c\u1ea5p m\u1ed9t d\u00f2ng s\u1ea3n ph\u1ea9m kh\u00f4ng ch\u1ec9 th\u00e0nh c\u00f4ng m\u00e0 c\u00f2n v\u01b0\u1ee3t qua \u0111\u01b0\u1ee3c th\u1eed th\u00e1ch c\u1ee7a th\u1eddi gian.<\/p>\n<p>Ngo\u00e0i vi\u1ec7c ph\u00e1t tri\u1ec3n s\u1ea3n ph\u1ea9m, ch\u00fang t\u00f4i c\u00f2n cung c\u1ea5p <strong>h\u1ed7 tr\u1ee3 li\u00ean t\u1ee5c<\/strong> \u0111\u1ec3 gi\u00fap b\u1ea1n \u0111i\u1ec1u ch\u1ec9nh c\u00f4ng th\u1ee9c, gi\u1edbi thi\u1ec7u s\u1ea3n ph\u1ea9m m\u1edbi ho\u1eb7c m\u1edf r\u1ed9ng quy m\u00f4 s\u1ea3n xu\u1ea5t d\u1ef1a tr\u00ean s\u1ef1 ph\u00e1t tri\u1ec3n kinh doanh c\u1ee7a b\u1ea1n. Cho d\u00f9 b\u1ea1n \u0111ang mu\u1ed1n m\u1edf r\u1ed9ng d\u00f2ng s\u1ea3n ph\u1ea9m hay th\u00edch \u1ee9ng v\u1edbi xu h\u01b0\u1edbng ti\u00eau d\u00f9ng thay \u0111\u1ed5i, ch\u00fang t\u00f4i lu\u00f4n \u1edf \u0111\u00e2y \u0111\u1ec3 \u0111\u1ea3m b\u1ea3o th\u00e0nh c\u00f4ng l\u00e2u d\u00e0i cho b\u1ea1n.<\/p>\n\t\t\t\t\t\t\t\t<\/div>\n\t\t\t\t<\/div>\n\t\t\t\t\t<\/div>\n\t\t\t\t<\/div>\n\t\t\t\t<\/div>\n\t\t","protected":false},"excerpt":{"rendered":"<p>Gi\u1ea3i ph\u00e1p th\u01b0\u01a1ng m\u1ea1i \u0111i\u1ec7n t\u1eed v\u00e0 b\u00e1n l\u1ebb Cam k\u1ebft cung c\u1ea5p cho kh\u00e1ch h\u00e0ng c\u00e1c ngu\u1ed3n l\u1ef1c v\u00e0 s\u1ef1 h\u1ed7 tr\u1ee3 h\u1ecd c\u1ea7n \u0111\u1ec3 th\u00e0nh c\u00f4ng trong m\u00f4i tr\u01b0\u1eddng th\u01b0\u01a1ng m\u1ea1i \u0111i\u1ec7n t\u1eed v\u00e0 b\u00e1n l\u1ebb lu\u00f4n thay \u0111\u1ed5i. Home Nh\u00e0 cung c\u1ea5p h\u01a1n 3000 th\u01b0\u01a1ng hi\u1ec7u m\u1ef9 ph\u1ea9m Ph\u00e1t tri\u1ec3n doanh nghi\u1ec7p [&hellip;]<\/p>\n","protected":false},"author":1,"featured_media":26119,"parent":0,"menu_order":0,"comment_status":"closed","ping_status":"closed","template":"elementor_theme","meta":{"_acf_changed":false,"footnotes":""},"class_list":["post-26117","page","type-page","status-publish","has-post-thumbnail","hentry"],"acf":[],"_links":{"self":[{"href":"https:\/\/www.xiangxiangdaily.com\/vi\/wp-json\/wp\/v2\/pages\/26117","targetHints":{"allow":["GET"]}}],"collection":[{"href":"https:\/\/www.xiangxiangdaily.com\/vi\/wp-json\/wp\/v2\/pages"}],"about":[{"href":"https:\/\/www.xiangxiangdaily.com\/vi\/wp-json\/wp\/v2\/types\/page"}],"author":[{"embeddable":true,"href":"https:\/\/www.xiangxiangdaily.com\/vi\/wp-json\/wp\/v2\/users\/1"}],"replies":[{"embeddable":true,"href":"https:\/\/www.xiangxiangdaily.com\/vi\/wp-json\/wp\/v2\/comments?post=26117"}],"version-history":[{"count":0,"href":"https:\/\/www.xiangxiangdaily.com\/vi\/wp-json\/wp\/v2\/pages\/26117\/revisions"}],"wp:featuredmedia":[{"embeddable":true,"href":"https:\/\/www.xiangxiangdaily.com\/vi\/wp-json\/wp\/v2\/media\/26119"}],"wp:attachment":[{"href":"https:\/\/www.xiangxiangdaily.com\/vi\/wp-json\/wp\/v2\/media?parent=26117"}],"curies":[{"name":"wp","href":"https:\/\/api.w.org\/{rel}","templated":true}]}}