{"id":26146,"date":"2023-03-29T14:21:49","date_gmt":"2023-03-29T06:21:49","guid":{"rendered":"https:\/\/www.xiangxiangdaily.com\/thuong-hieu-cua-chung-toi\/"},"modified":"2025-11-12T14:01:40","modified_gmt":"2025-11-12T06:01:40","slug":"thuong-hieu-cua-chung-toi","status":"publish","type":"page","link":"https:\/\/www.xiangxiangdaily.com\/vi\/thuong-hieu-cua-chung-toi\/","title":{"rendered":"Th\u01b0\u01a1ng hi\u1ec7u c\u1ee7a ch\u00fang t\u00f4i"},"content":{"rendered":"\t\t<div data-elementor-type=\"wp-page\" data-elementor-id=\"26146\" class=\"elementor elementor-26146 elementor-7532\" data-elementor-post-type=\"page\">\n\t\t\t\t<div class=\"elementor-element elementor-element-7e7b1861 e-flex e-con-boxed e-con e-parent\" data-id=\"7e7b1861\" data-element_type=\"container\" data-e-type=\"container\" data-settings=\"{&quot;background_background&quot;:&quot;classic&quot;}\">\n\t\t\t\t\t<div class=\"e-con-inner\">\n\t\t\t\t<div class=\"elementor-element elementor-element-4fc2465f elementor-widget elementor-widget-heading\" data-id=\"4fc2465f\" data-element_type=\"widget\" data-e-type=\"widget\" data-widget_type=\"heading.default\">\n\t\t\t\t<div class=\"elementor-widget-container\">\n\t\t\t\t\t<h1 class=\"elementor-heading-title elementor-size-default\">Gi\u1ea3i ph\u00f3ng s\u1ee9c m\u1ea1nh c\u1ee7a th\u01b0\u01a1ng hi\u1ec7u c\u1ee7a b\u1ea1n<\/h1>\t\t\t\t<\/div>\n\t\t\t\t<\/div>\n\t\t\t\t<div class=\"elementor-element elementor-element-30745ae7 elementor-widget elementor-widget-heading\" data-id=\"30745ae7\" data-element_type=\"widget\" data-e-type=\"widget\" data-widget_type=\"heading.default\">\n\t\t\t\t<div class=\"elementor-widget-container\">\n\t\t\t\t\t<p class=\"elementor-heading-title elementor-size-default\">Nh\u00e3n hi\u1ec7u ri\u00eang c\u1ee7a ch\u00fang t\u00f4i mang \u0111\u1ebfn cho doanh nghi\u1ec7p l\u1ee3i th\u1ebf v\u1ec1 kh\u1ea3 n\u0103ng nh\u1eadn di\u1ec7n th\u01b0\u01a1ng hi\u1ec7u, t\u00f9y ch\u1ec9nh, ti\u1ebft ki\u1ec7m chi ph\u00ed v\u00e0 ki\u1ec3m so\u00e1t gi\u00e1 c\u1ea3 v\u00e0 ph\u00e2n ph\u1ed1i.<\/p>\t\t\t\t<\/div>\n\t\t\t\t<\/div>\n\t\t\t\t<div class=\"elementor-element elementor-element-b730b85 elementor-widget elementor-widget-breadcrumbs\" data-id=\"b730b85\" data-element_type=\"widget\" data-e-type=\"widget\" data-widget_type=\"breadcrumbs.default\">\n\t\t\t\t<div class=\"elementor-widget-container\">\n\t\t\t\t\t<nav><span class=\"last\">Trang ch\u1ee7<\/span><\/nav>\t\t\t\t<\/div>\n\t\t\t\t<\/div>\n\t\t\t\t\t<\/div>\n\t\t\t\t<\/div>\n\t\t<div class=\"elementor-element elementor-element-9afd530 e-flex e-con-boxed e-con e-parent\" data-id=\"9afd530\" data-element_type=\"container\" data-e-type=\"container\">\n\t\t\t\t\t<div class=\"e-con-inner\">\n\t\t<div class=\"elementor-element elementor-element-1de65fd e-con-full e-flex e-con e-child\" data-id=\"1de65fd\" data-element_type=\"container\" data-e-type=\"container\">\n\t\t\t\t<div class=\"elementor-element elementor-element-95659ee elementor-widget elementor-widget-heading\" data-id=\"95659ee\" data-element_type=\"widget\" data-e-type=\"widget\" data-widget_type=\"heading.default\">\n\t\t\t\t<div class=\"elementor-widget-container\">\n\t\t\t\t\t<h2 class=\"elementor-heading-title elementor-size-default\">PPZ &amp; Ch\u0103m s\u00f3c Lider<\/h2>\t\t\t\t<\/div>\n\t\t\t\t<\/div>\n\t\t\t\t<div class=\"elementor-element elementor-element-eb88551 elementor-widget elementor-widget-heading\" data-id=\"eb88551\" data-element_type=\"widget\" data-e-type=\"widget\" data-widget_type=\"heading.default\">\n\t\t\t\t<div class=\"elementor-widget-container\">\n\t\t\t\t\t<p class=\"elementor-heading-title elementor-size-default\">PPZ v\u00e0 Lidercare l\u00e0 hai th\u01b0\u01a1ng hi\u1ec7u \u0111\u1ed9c l\u1eadp c\u1ee7a Xiangxiang Daily trong ng\u00e0nh ch\u0103m s\u00f3c c\u00e1 nh\u00e2n t\u1eadp trung v\u00e0o vi\u1ec7c th\u00fac \u0111\u1ea9y th\u00f3i quen t\u1eafm r\u1eeda l\u00e0nh m\u1ea1nh v\u00e0 s\u1eed d\u1ee5ng v\u1eadt li\u1ec7u th\u00e2n thi\u1ec7n v\u1edbi m\u00f4i tr\u01b0\u1eddng. Tri\u1ebft l\u00fd doanh nghi\u1ec7p c\u1ee7a ch\u00fang t\u00f4i d\u1ef1a tr\u00ean vi\u1ec7c cung c\u1ea5p cho kh\u00e1ch h\u00e0ng nh\u1eefng s\u1ea3n ph\u1ea9m ch\u1ea5t l\u01b0\u1ee3ng cao, an to\u00e0n v\u00e0 b\u1ec1n v\u1eefng, gi\u00fap n\u00e2ng cao v\u1ec7 sinh c\u00e1 nh\u00e2n v\u00e0 s\u1ee9c kh\u1ecfe.<\/p>\t\t\t\t<\/div>\n\t\t\t\t<\/div>\n\t\t\t\t<\/div>\n\t\t<div class=\"elementor-element elementor-element-75360fe e-con-full e-flex e-con e-child\" data-id=\"75360fe\" data-element_type=\"container\" data-e-type=\"container\">\n\t\t\t\t<div class=\"elementor-element elementor-element-733d2d8 elementor-widget elementor-widget-image\" data-id=\"733d2d8\" data-element_type=\"widget\" data-e-type=\"widget\" data-widget_type=\"image.default\">\n\t\t\t\t<div class=\"elementor-widget-container\">\n\t\t\t\t\t\t\t\t\t\t\t\t\t\t\t<img fetchpriority=\"high\" decoding=\"async\" width=\"300\" height=\"300\" src=\"https:\/\/www.xiangxiangdaily.com\/wp-content\/uploads\/2023\/12\/PPZ.webp\" class=\"attachment-medium size-medium wp-image-26147\" alt=\"\" srcset=\"https:\/\/www.xiangxiangdaily.com\/wp-content\/uploads\/2023\/12\/PPZ.webp 300w, https:\/\/www.xiangxiangdaily.com\/wp-content\/uploads\/2023\/12\/PPZ-150x150.webp 150w\" sizes=\"(max-width: 300px) 100vw, 300px\" \/>\t\t\t\t\t\t\t\t\t\t\t\t\t\t\t<\/div>\n\t\t\t\t<\/div>\n\t\t\t\t<div class=\"elementor-element elementor-element-16873ff elementor-widget elementor-widget-image\" data-id=\"16873ff\" data-element_type=\"widget\" data-e-type=\"widget\" data-widget_type=\"image.default\">\n\t\t\t\t<div class=\"elementor-widget-container\">\n\t\t\t\t\t\t\t\t\t\t\t\t\t\t\t<img decoding=\"async\" width=\"300\" height=\"300\" src=\"https:\/\/www.xiangxiangdaily.com\/wp-content\/uploads\/2023\/12\/lidercare.webp\" class=\"attachment-medium size-medium wp-image-26148\" alt=\"\" srcset=\"https:\/\/www.xiangxiangdaily.com\/wp-content\/uploads\/2023\/12\/lidercare.webp 300w, https:\/\/www.xiangxiangdaily.com\/wp-content\/uploads\/2023\/12\/lidercare-150x150.webp 150w\" sizes=\"(max-width: 300px) 100vw, 300px\" \/>\t\t\t\t\t\t\t\t\t\t\t\t\t\t\t<\/div>\n\t\t\t\t<\/div>\n\t\t\t\t<\/div>\n\t\t\t\t\t<\/div>\n\t\t\t\t<\/div>\n\t\t<div class=\"elementor-element elementor-element-6bdfa64 e-flex e-con-boxed e-con e-parent\" data-id=\"6bdfa64\" data-element_type=\"container\" data-e-type=\"container\">\n\t\t\t\t\t<div class=\"e-con-inner\">\n\t\t<div class=\"elementor-element elementor-element-d34608c e-con-full e-flex e-con e-child\" data-id=\"d34608c\" data-element_type=\"container\" data-e-type=\"container\">\n\t\t\t\t<div class=\"elementor-element elementor-element-408b000 elementor-widget elementor-widget-image\" data-id=\"408b000\" data-element_type=\"widget\" data-e-type=\"widget\" data-widget_type=\"image.default\">\n\t\t\t\t<div class=\"elementor-widget-container\">\n\t\t\t\t\t\t\t\t\t\t\t\t\t\t\t<img decoding=\"async\" width=\"800\" height=\"758\" src=\"https:\/\/www.xiangxiangdaily.com\/wp-content\/uploads\/2023\/12\/healthy-bath.webp\" class=\"attachment-large size-large wp-image-26149\" alt=\"\" srcset=\"https:\/\/www.xiangxiangdaily.com\/wp-content\/uploads\/2023\/12\/healthy-bath.webp 800w, https:\/\/www.xiangxiangdaily.com\/wp-content\/uploads\/2023\/12\/healthy-bath-600x569.webp 600w, https:\/\/www.xiangxiangdaily.com\/wp-content\/uploads\/2023\/12\/healthy-bath-300x284.webp 300w, https:\/\/www.xiangxiangdaily.com\/wp-content\/uploads\/2023\/12\/healthy-bath-768x728.webp 768w\" sizes=\"(max-width: 800px) 100vw, 800px\" \/>\t\t\t\t\t\t\t\t\t\t\t\t\t\t\t<\/div>\n\t\t\t\t<\/div>\n\t\t\t\t<\/div>\n\t\t<div class=\"elementor-element elementor-element-36a7bbe e-con-full e-flex e-con e-child\" data-id=\"36a7bbe\" data-element_type=\"container\" data-e-type=\"container\">\n\t\t\t\t<div class=\"elementor-element elementor-element-54cac70 elementor-widget elementor-widget-heading\" data-id=\"54cac70\" data-element_type=\"widget\" data-e-type=\"widget\" data-widget_type=\"heading.default\">\n\t\t\t\t<div class=\"elementor-widget-container\">\n\t\t\t\t\t<h2 class=\"elementor-heading-title elementor-size-default\">Nh\u00e0 l\u00e3nh \u0111\u1ea1o ng\u00e0nh ch\u0103m s\u00f3c c\u00e1 nh\u00e2n<\/h2>\t\t\t\t<\/div>\n\t\t\t\t<\/div>\n\t\t\t\t<div class=\"elementor-element elementor-element-1eb7667 elementor-widget elementor-widget-heading\" data-id=\"1eb7667\" data-element_type=\"widget\" data-e-type=\"widget\" data-widget_type=\"heading.default\">\n\t\t\t\t<div class=\"elementor-widget-container\">\n\t\t\t\t\t<p class=\"elementor-heading-title elementor-size-default\">T\u1ea1i PPZ v\u00e0 Lidercare, ch\u00fang t\u00f4i hi\u1ec3u t\u1ea7m quan tr\u1ecdng c\u1ee7a vi\u1ec7c duy tr\u00ec v\u1ec7 sinh \u0111\u00fang c\u00e1ch v\u00e0 vai tr\u00f2 c\u1ee7a vi\u1ec7c t\u1eafm r\u1eeda trong vi\u1ec7c n\u00e0y. S\u1ea3n ph\u1ea9m c\u1ee7a ch\u00fang t\u00f4i \u0111\u01b0\u1ee3c thi\u1ebft k\u1ebf \u0111\u1ec3 th\u00fac \u0111\u1ea9y th\u00f3i quen t\u1eafm r\u1eeda l\u00e0nh m\u1ea1nh b\u1eb1ng c\u00e1ch l\u00e0m s\u1ea1ch v\u00e0 nu\u00f4i d\u01b0\u1ee1ng hi\u1ec7u qu\u1ea3, \u0111\u1ed3ng th\u1eddi d\u1ecbu nh\u1eb9 v\u1edbi da.<\/p>\t\t\t\t<\/div>\n\t\t\t\t<\/div>\n\t\t\t\t<div class=\"elementor-element elementor-element-eb7cedf elementor-widget elementor-widget-heading\" data-id=\"eb7cedf\" data-element_type=\"widget\" data-e-type=\"widget\" data-widget_type=\"heading.default\">\n\t\t\t\t<div class=\"elementor-widget-container\">\n\t\t\t\t\t<p class=\"elementor-heading-title elementor-size-default\">V\u1edbi cam k\u1ebft th\u00fac \u0111\u1ea9y t\u00ednh b\u1ec1n v\u1eefng, ch\u00fang t\u00f4i s\u1eed d\u1ee5ng <a href=\"https:\/\/www.xiangxiangdaily.com\/vi\/oem-shampoo-cost-from-raw-materials-to-finished-products\/\" title=\"Chi ph\u00ed d\u1ea7u g\u1ed9i OEM: T\u1eeb nguy\u00ean li\u1ec7u th\u00f4 \u0111\u1ebfn th\u00e0nh ph\u1ea9m\" target=\"_blank\" rel=\"noopener\" data-wpil-monitor-id=\"4978\">v\u1eadt li\u1ec7u th\u00e2n thi\u1ec7n v\u1edbi m\u00f4i tr\u01b0\u1eddng trong s\u1ea3n ph\u1ea9m<\/a> . Tr\u1ecdng t\u00e2m c\u1ee7a ch\u00fang t\u00f4i l\u00e0 gi\u1ea3m thi\u1ec3u t\u00e1c \u0111\u1ed9ng \u0111\u1ebfn m\u00f4i tr\u01b0\u1eddng nh\u01b0ng v\u1eabn \u0111\u1ea3m b\u1ea3o s\u1ea3n xu\u1ea5t ra nh\u1eefng s\u1ea3n ph\u1ea9m ch\u1ea5t l\u01b0\u1ee3ng cao nh\u1ea5t. <\/p>\t\t\t\t<\/div>\n\t\t\t\t<\/div>\n\t\t\t\t<\/div>\n\t\t\t\t\t<\/div>\n\t\t\t\t<\/div>\n\t\t<div class=\"elementor-element elementor-element-230e8e1 e-flex e-con-boxed e-con e-parent\" data-id=\"230e8e1\" data-element_type=\"container\" data-e-type=\"container\">\n\t\t\t\t\t<div class=\"e-con-inner\">\n\t\t<div class=\"elementor-element elementor-element-63c28af e-con-full e-flex e-con e-child\" data-id=\"63c28af\" data-element_type=\"container\" data-e-type=\"container\">\n\t\t\t\t<div class=\"elementor-element elementor-element-1c2d280 elementor-widget elementor-widget-heading\" data-id=\"1c2d280\" data-element_type=\"widget\" data-e-type=\"widget\" data-widget_type=\"heading.default\">\n\t\t\t\t<div class=\"elementor-widget-container\">\n\t\t\t\t\t<h2 class=\"elementor-heading-title elementor-size-default\">Thu\u1ea7n chay v\u00e0 kh\u00f4ng th\u1eed nghi\u1ec7m tr\u00ean \u0111\u1ed9ng v\u1eadt<\/h2>\t\t\t\t<\/div>\n\t\t\t\t<\/div>\n\t\t\t\t<div class=\"elementor-element elementor-element-0504f4b elementor-widget elementor-widget-heading\" data-id=\"0504f4b\" data-element_type=\"widget\" data-e-type=\"widget\" data-widget_type=\"heading.default\">\n\t\t\t\t<div class=\"elementor-widget-container\">\n\t\t\t\t\t<p class=\"elementor-heading-title elementor-size-default\">Nh\u00ecn chung, s\u1ee9 m\u1ec7nh c\u1ee7a ch\u00fang t\u00f4i t\u1ea1i PPZ v\u00e0 Lidercare l\u00e0 cung c\u1ea5p cho kh\u00e1ch h\u00e0ng nh\u1eefng s\u1ea3n ph\u1ea9m an to\u00e0n, hi\u1ec7u qu\u1ea3 v\u00e0 th\u00e2n thi\u1ec7n v\u1edbi m\u00f4i tr\u01b0\u1eddng. Ch\u00fang t\u00f4i tin r\u1eb1ng b\u1eb1ng c\u00e1ch th\u00fac \u0111\u1ea9y th\u00f3i quen t\u1eafm r\u1eeda l\u00e0nh m\u1ea1nh v\u00e0 s\u1eed d\u1ee5ng v\u1eadt li\u1ec7u b\u1ec1n v\u1eefng, ch\u00fang t\u00f4i c\u00f3 th\u1ec3 g\u00f3p ph\u1ea7n t\u1ea1o ra t\u00e1c \u0111\u1ed9ng t\u00edch c\u1ef1c \u0111\u1ebfn s\u1ee9c kh\u1ecfe c\u1ee7a kh\u00e1ch h\u00e0ng v\u00e0 h\u00e0nh tinh.<\/p>\t\t\t\t<\/div>\n\t\t\t\t<\/div>\n\t\t\t\t<\/div>\n\t\t<div class=\"elementor-element elementor-element-248be4d e-con-full e-flex e-con e-child\" data-id=\"248be4d\" data-element_type=\"container\" data-e-type=\"container\">\n\t\t\t\t<div class=\"elementor-element elementor-element-3aaf807 elementor-widget elementor-widget-image\" data-id=\"3aaf807\" data-element_type=\"widget\" data-e-type=\"widget\" data-widget_type=\"image.default\">\n\t\t\t\t<div class=\"elementor-widget-container\">\n\t\t\t\t\t\t\t\t\t\t\t\t\t\t\t<img loading=\"lazy\" decoding=\"async\" width=\"800\" height=\"560\" src=\"https:\/\/www.xiangxiangdaily.com\/wp-content\/uploads\/2023\/12\/Environmentally-friendly-cosmetics.webp\" class=\"attachment-large size-large wp-image-26150\" alt=\"\" srcset=\"https:\/\/www.xiangxiangdaily.com\/wp-content\/uploads\/2023\/12\/Environmentally-friendly-cosmetics.webp 800w, https:\/\/www.xiangxiangdaily.com\/wp-content\/uploads\/2023\/12\/Environmentally-friendly-cosmetics-600x420.webp 600w, https:\/\/www.xiangxiangdaily.com\/wp-content\/uploads\/2023\/12\/Environmentally-friendly-cosmetics-300x210.webp 300w, https:\/\/www.xiangxiangdaily.com\/wp-content\/uploads\/2023\/12\/Environmentally-friendly-cosmetics-768x538.webp 768w\" sizes=\"(max-width: 800px) 100vw, 800px\" \/>\t\t\t\t\t\t\t\t\t\t\t\t\t\t\t<\/div>\n\t\t\t\t<\/div>\n\t\t\t\t<\/div>\n\t\t\t\t\t<\/div>\n\t\t\t\t<\/div>\n\t\t\t\t<\/div>\n\t\t","protected":false},"excerpt":{"rendered":"<p>Gi\u1ea3i ph\u00f3ng s\u1ee9c m\u1ea1nh c\u1ee7a th\u01b0\u01a1ng hi\u1ec7u c\u1ee7a b\u1ea1n Nh\u00e3n hi\u1ec7u ri\u00eang c\u1ee7a ch\u00fang t\u00f4i mang \u0111\u1ebfn cho doanh nghi\u1ec7p l\u1ee3i th\u1ebf v\u1ec1 kh\u1ea3 n\u0103ng nh\u1eadn di\u1ec7n th\u01b0\u01a1ng hi\u1ec7u, t\u00f9y ch\u1ec9nh, ti\u1ebft ki\u1ec7m chi ph\u00ed v\u00e0 ki\u1ec3m so\u00e1t gi\u00e1 c\u1ea3 v\u00e0 ph\u00e2n ph\u1ed1i. Home PPZ &amp; Ch\u0103m s\u00f3c Lider PPZ v\u00e0 Lidercare l\u00e0 hai th\u01b0\u01a1ng [&hellip;]<\/p>\n","protected":false},"author":1,"featured_media":26149,"parent":0,"menu_order":0,"comment_status":"closed","ping_status":"closed","template":"","meta":{"_acf_changed":false,"footnotes":""},"class_list":["post-26146","page","type-page","status-publish","has-post-thumbnail","hentry"],"acf":[],"_links":{"self":[{"href":"https:\/\/www.xiangxiangdaily.com\/vi\/wp-json\/wp\/v2\/pages\/26146","targetHints":{"allow":["GET"]}}],"collection":[{"href":"https:\/\/www.xiangxiangdaily.com\/vi\/wp-json\/wp\/v2\/pages"}],"about":[{"href":"https:\/\/www.xiangxiangdaily.com\/vi\/wp-json\/wp\/v2\/types\/page"}],"author":[{"embeddable":true,"href":"https:\/\/www.xiangxiangdaily.com\/vi\/wp-json\/wp\/v2\/users\/1"}],"replies":[{"embeddable":true,"href":"https:\/\/www.xiangxiangdaily.com\/vi\/wp-json\/wp\/v2\/comments?post=26146"}],"version-history":[{"count":0,"href":"https:\/\/www.xiangxiangdaily.com\/vi\/wp-json\/wp\/v2\/pages\/26146\/revisions"}],"wp:featuredmedia":[{"embeddable":true,"href":"https:\/\/www.xiangxiangdaily.com\/vi\/wp-json\/wp\/v2\/media\/26149"}],"wp:attachment":[{"href":"https:\/\/www.xiangxiangdaily.com\/vi\/wp-json\/wp\/v2\/media?parent=26146"}],"curies":[{"name":"wp","href":"https:\/\/api.w.org\/{rel}","templated":true}]}}