{"id":26172,"date":"2023-01-12T10:12:59","date_gmt":"2023-01-12T02:12:59","guid":{"rendered":"https:\/\/www.xiangxiangdaily.com\/kha-nang-lanh-dao\/"},"modified":"2026-04-28T17:53:47","modified_gmt":"2026-04-28T09:53:47","slug":"kha-nang-lanh-dao","status":"publish","type":"page","link":"https:\/\/www.xiangxiangdaily.com\/vi\/kha-nang-lanh-dao\/","title":{"rendered":"L\u00e3nh \u0111\u1ea1o"},"content":{"rendered":"\t\t<div data-elementor-type=\"wp-page\" data-elementor-id=\"26172\" class=\"elementor elementor-26172 elementor-3420\" data-elementor-post-type=\"page\">\n\t\t\t\t<div class=\"elementor-element elementor-element-6397af38 e-flex e-con-boxed e-con e-parent\" data-id=\"6397af38\" data-element_type=\"container\" data-e-type=\"container\" data-settings=\"{&quot;background_background&quot;:&quot;classic&quot;}\">\n\t\t\t\t\t<div class=\"e-con-inner\">\n\t\t\t\t<div class=\"elementor-element elementor-element-43f01f24 elementor-widget elementor-widget-heading\" data-id=\"43f01f24\" data-element_type=\"widget\" data-e-type=\"widget\" data-widget_type=\"heading.default\">\n\t\t\t\t<div class=\"elementor-widget-container\">\n\t\t\t\t\t<h1 class=\"elementor-heading-title elementor-size-default\">L\u00e3nh \u0111\u1ea1o<\/h1>\t\t\t\t<\/div>\n\t\t\t\t<\/div>\n\t\t\t\t<div class=\"elementor-element elementor-element-c98dc6d elementor-widget elementor-widget-text-editor\" data-id=\"c98dc6d\" data-element_type=\"widget\" data-e-type=\"widget\" data-widget_type=\"text-editor.default\">\n\t\t\t\t<div class=\"elementor-widget-container\">\n\t\t\t\t\t\t\t\t\t<p>\u0110\u1ed9i ng\u0169 l\u00e3nh \u0111\u1ea1o c\u1ee7a Xiangxiangdaily d\u1eabn d\u1eaft b\u1eb1ng t\u1ea5m g\u01b0\u01a1ng, th\u1ec3 hi\u1ec7n nh\u1eefng ph\u1ea9m ch\u1ea5t khi\u1ebfn nh\u00e2n vi\u00ean c\u1ee7a ch\u00fang t\u00f4i tr\u1edf n\u00ean kh\u00e1c bi\u1ec7t: ch\u00ednh tr\u1ef1c, chuy\u00ean m\u00f4n v\u00e0 cam k\u1ebft ph\u1ee5c v\u1ee5 kh\u00e1ch h\u00e0ng m\u1ed9t c\u00e1ch kh\u00e1c bi\u1ec7t.<\/p>\t\t\t\t\t\t\t\t<\/div>\n\t\t\t\t<\/div>\n\t\t\t\t<div class=\"elementor-element elementor-element-f6f0186 elementor-widget elementor-widget-breadcrumbs\" data-id=\"f6f0186\" data-element_type=\"widget\" data-e-type=\"widget\" data-widget_type=\"breadcrumbs.default\">\n\t\t\t\t<div class=\"elementor-widget-container\">\n\t\t\t\t\t<nav><span class=\"last\">Trang ch\u1ee7<\/span><\/nav>\t\t\t\t<\/div>\n\t\t\t\t<\/div>\n\t\t\t\t\t<\/div>\n\t\t\t\t<\/div>\n\t\t<div class=\"elementor-element elementor-element-03b9a7e e-flex e-con-boxed e-con e-parent\" data-id=\"03b9a7e\" data-element_type=\"container\" data-e-type=\"container\" data-settings=\"{&quot;background_background&quot;:&quot;classic&quot;}\">\n\t\t\t\t\t<div class=\"e-con-inner\">\n\t\t\t\t<div class=\"elementor-element elementor-element-2a97e8b elementor-widget elementor-widget-heading\" data-id=\"2a97e8b\" data-element_type=\"widget\" data-e-type=\"widget\" data-widget_type=\"heading.default\">\n\t\t\t\t<div class=\"elementor-widget-container\">\n\t\t\t\t\t<h2 class=\"elementor-heading-title elementor-size-default\">Kh\u00e1m ph\u00e1 nh\u1eefng g\u01b0\u01a1ng m\u1eb7t \u0111\u1eb1ng sau th\u00e0nh c\u00f4ng c\u1ee7a Xiangxiang<\/h2>\t\t\t\t<\/div>\n\t\t\t\t<\/div>\n\t\t<div class=\"elementor-element elementor-element-a987817 e-flex e-con-boxed e-con e-child\" data-id=\"a987817\" data-element_type=\"container\" data-e-type=\"container\">\n\t\t\t\t\t<div class=\"e-con-inner\">\n\t\t\t\t<div class=\"elementor-element elementor-element-e1858a3 elementor-widget-divider--view-line elementor-widget elementor-widget-divider\" data-id=\"e1858a3\" data-element_type=\"widget\" data-e-type=\"widget\" data-widget_type=\"divider.default\">\n\t\t\t\t<div class=\"elementor-widget-container\">\n\t\t\t\t\t\t\t<div class=\"elementor-divider\">\n\t\t\t<span class=\"elementor-divider-separator\">\n\t\t\t\t\t\t<\/span>\n\t\t<\/div>\n\t\t\t\t\t\t<\/div>\n\t\t\t\t<\/div>\n\t\t\t\t<div class=\"elementor-element elementor-element-8360d4a elementor-view-default elementor-widget elementor-widget-icon\" data-id=\"8360d4a\" data-element_type=\"widget\" data-e-type=\"widget\" data-widget_type=\"icon.default\">\n\t\t\t\t<div class=\"elementor-widget-container\">\n\t\t\t\t\t\t\t<div class=\"elementor-icon-wrapper\">\n\t\t\t<div class=\"elementor-icon\">\n\t\t\t<i aria-hidden=\"true\" class=\"fas fa-star\"><\/i>\t\t\t<\/div>\n\t\t<\/div>\n\t\t\t\t\t\t<\/div>\n\t\t\t\t<\/div>\n\t\t\t\t<div class=\"elementor-element elementor-element-d0f75a7 elementor-widget-divider--view-line elementor-widget elementor-widget-divider\" data-id=\"d0f75a7\" data-element_type=\"widget\" data-e-type=\"widget\" data-widget_type=\"divider.default\">\n\t\t\t\t<div class=\"elementor-widget-container\">\n\t\t\t\t\t\t\t<div class=\"elementor-divider\">\n\t\t\t<span class=\"elementor-divider-separator\">\n\t\t\t\t\t\t<\/span>\n\t\t<\/div>\n\t\t\t\t\t\t<\/div>\n\t\t\t\t<\/div>\n\t\t\t\t\t<\/div>\n\t\t\t\t<\/div>\n\t\t\t\t<div class=\"elementor-element elementor-element-ffe8480 elementor-widget elementor-widget-text-editor\" data-id=\"ffe8480\" data-element_type=\"widget\" data-e-type=\"widget\" data-widget_type=\"text-editor.default\">\n\t\t\t\t<div class=\"elementor-widget-container\">\n\t\t\t\t\t\t\t\t\t<p>\u0110\u1ed9i ng\u0169 l\u00e3nh \u0111\u1ea1o c\u1ee7a Xiangxiang bao g\u1ed3m c\u00e1c chuy\u00ean gia trong ng\u00e0nh c\u00f3 hi\u1ec3u bi\u1ebft s\u00e2u s\u1eafc v\u1ec1 ng\u00e0nh ch\u0103m s\u00f3c c\u00e1 nh\u00e2n. V\u1edbi t\u1ea7m nh\u00ecn, kinh nghi\u1ec7m v\u00e0 cam k\u1ebft ki\u00ean \u0111\u1ecbnh v\u1ec1 t\u00ednh ch\u00ednh tr\u1ef1c, h\u1ecd \u0111\u00e3 t\u1ea1o ra m\u1ed9t c\u00f4ng ty \u01b0u ti\u00ean s\u1ef1 th\u00e0nh c\u00f4ng c\u1ee7a nh\u00e2n vi\u00ean v\u00e0 kh\u00e1ch h\u00e0ng.<\/p>\t\t\t\t\t\t\t\t<\/div>\n\t\t\t\t<\/div>\n\t\t\t\t\t<\/div>\n\t\t\t\t<\/div>\n\t\t<div class=\"elementor-element elementor-element-8b84784 e-flex e-con-boxed e-con e-parent\" data-id=\"8b84784\" data-element_type=\"container\" data-e-type=\"container\">\n\t\t\t\t\t<div class=\"e-con-inner\">\n\t\t\t\t<div class=\"elementor-element elementor-element-d0a8b66 elementor-widget elementor-widget-image\" data-id=\"d0a8b66\" data-element_type=\"widget\" data-e-type=\"widget\" data-widget_type=\"image.default\">\n\t\t\t\t<div class=\"elementor-widget-container\">\n\t\t\t\t\t\t\t\t\t\t\t\t\t\t\t<img fetchpriority=\"high\" decoding=\"async\" width=\"800\" height=\"801\" src=\"https:\/\/www.xiangxiangdaily.com\/wp-content\/uploads\/2023\/12\/Sophia-Li.webp\" class=\"attachment-large size-large wp-image-98872\" alt=\"Sophia Li\" \/>\t\t\t\t\t\t\t\t\t\t\t\t\t\t\t<\/div>\n\t\t\t\t<\/div>\n\t\t<div class=\"elementor-element elementor-element-72f72df e-flex e-con-boxed e-con e-child\" data-id=\"72f72df\" data-element_type=\"container\" data-e-type=\"container\">\n\t\t\t\t\t<div class=\"e-con-inner\">\n\t\t\t\t<div class=\"elementor-element elementor-element-7f91207 elementor-widget elementor-widget-heading\" data-id=\"7f91207\" data-element_type=\"widget\" data-e-type=\"widget\" data-widget_type=\"heading.default\">\n\t\t\t\t<div class=\"elementor-widget-container\">\n\t\t\t\t\t<h2 class=\"elementor-heading-title elementor-size-default\">Sophia Li<\/h2>\t\t\t\t<\/div>\n\t\t\t\t<\/div>\n\t\t\t\t<div class=\"elementor-element elementor-element-8d1744d elementor-widget elementor-widget-heading\" data-id=\"8d1744d\" data-element_type=\"widget\" data-e-type=\"widget\" data-widget_type=\"heading.default\">\n\t\t\t\t<div class=\"elementor-widget-container\">\n\t\t\t\t\t<div class=\"elementor-heading-title elementor-size-default\">Ch\u1ee7 t\u1ecbch H\u0110QT<\/div>\t\t\t\t<\/div>\n\t\t\t\t<\/div>\n\t\t\t\t<div class=\"elementor-element elementor-element-89a4d43 elementor-widget elementor-widget-heading\" data-id=\"89a4d43\" data-element_type=\"widget\" data-e-type=\"widget\" data-widget_type=\"heading.default\">\n\t\t\t\t<div class=\"elementor-widget-container\">\n\t\t\t\t\t<h3 class=\"elementor-heading-title elementor-size-default\">\u201cS\u1ee9c m\u1ea1nh t\u1ed5ng h\u1ee3p \u0111\u01b0\u1ee3c t\u1ea1o ra khi c\u00e1c c\u00e1 nh\u00e2n c\u00f9ng nhau \u0111\u1ea1t \u0111\u01b0\u1ee3c m\u1ee5c ti\u00eau chung\u201d<\/h3>\t\t\t\t<\/div>\n\t\t\t\t<\/div>\n\t\t\t\t<div class=\"elementor-element elementor-element-55c9c35 elementor-widget elementor-widget-text-editor\" data-id=\"55c9c35\" data-element_type=\"widget\" data-e-type=\"widget\" data-widget_type=\"text-editor.default\">\n\t\t\t\t<div class=\"elementor-widget-container\">\n\t\t\t\t\t\t\t\t\t<p>Tr\u01b0\u1edbc vai tr\u00f2 \u0111\u00f3, b\u00e0 \u0111\u00e3 t\u1eebng l\u00e0 m\u1ed9t nh\u00e0 l\u00e3nh \u0111\u1ea1o t\u1eadn t\u1ee5y v\u00e0 l\u00e0 ng\u01b0\u1eddi c\u1ed1 v\u1ea5n h\u1ed7 tr\u1ee3 cho t\u1ea5t c\u1ea3 nh\u00e2n vi\u00ean Xiangxiang. Ng\u00e0y nay, b\u00e0 \u0111ang gi\u00e1m s\u00e1t vi\u1ec7c ph\u00e1t tri\u1ec3n <span style=\"text-decoration: underline;\"><a href=\"https:\/\/www.xiangxiangdaily.com\/oemodm-services\/\">c\u00e1c c\u00f4ng th\u1ee9c s\u00e1ng t\u1ea1o v\u00e0 thi\u1ebft k\u1ebf bao b\u00ec<\/a><\/span> cho c\u00e1c s\u1ea3n ph\u1ea9m ch\u0103m s\u00f3c c\u00e1 nh\u00e2n. B\u00e0 c\u0169ng \u0111ang thi\u1ebft l\u1eadp m\u1ed9t chu\u1ed7i cung \u1ee9ng m\u1ea1nh m\u1ebd \u0111\u1ec3 \u0111\u1ea3m b\u1ea3o d\u1ecbch v\u1ee5 t\u1ed1i \u01b0u cho kh\u00e1ch h\u00e0ng c\u1ee7a ch\u00fang t\u00f4i v\u00e0 th\u00fac \u0111\u1ea9y s\u1ef1 t\u0103ng tr\u01b0\u1edfng c\u1ee7a c\u00f4ng ty th\u00f4ng qua c\u00e1c v\u1ee5 s\u00e1p nh\u1eadp v\u00e0 mua l\u1ea1i mang t\u00ednh chi\u1ebfn l\u01b0\u1ee3c.  <br><br>V\u1edbi t\u01b0 c\u00e1ch l\u00e0 Gi\u00e1m \u0111\u1ed1c \u0111i\u1ec1u h\u00e0nh c\u1ee7a doanh nghi\u1ec7p s\u1ea3n ph\u1ea9m ch\u0103m s\u00f3c c\u00e1 nh\u00e2n c\u1ee7a ch\u00fang t\u00f4i, Sophia lu\u00f4n t\u1eadn t\u00e2m n\u00e2ng cao hi\u1ec7u su\u1ea5t c\u1ee7a m\u00ecnh \u0111\u1ec3 mang l\u1ea1i l\u1ee3i \u00edch cho kh\u00e1ch h\u00e0ng, nh\u00e2n vi\u00ean v\u00e0 c\u1ed9ng \u0111\u1ed3ng \u0111\u1ecba ph\u01b0\u01a1ng c\u1ee7a ch\u00fang t\u00f4i. C\u00f4 tin t\u01b0\u1edfng v\u00e0o s\u1ea3n xu\u1ea5t b\u1ec1n v\u1eefng v\u00e0 bao b\u00ec gi\u00e1 tr\u1ecb gia t\u0103ng cho m\u1ef9 ph\u1ea9m. Sophia c\u00f3 th\u00e0nh t\u00edch \u0111\u00e3 \u0111\u01b0\u1ee3c ch\u1ee9ng minh l\u00e0 m\u1ed9t nh\u00e0 l\u00e3nh \u0111\u1ea1o th\u00e0nh c\u00f4ng, tr\u01b0\u1edbc \u0111\u00e2y t\u1eebng l\u00e0 gi\u00e1m \u0111\u1ed1c \u0111i\u1ec1u h\u00e0nh c\u1ee7a ch\u00fang t\u00f4i v\u00e0o n\u0103m 2012 v\u00e0 \u0111\u00f3ng vai tr\u00f2 quan tr\u1ecdng trong s\u1ef1 ph\u00e1t tri\u1ec3n c\u1ee7a ho\u1ea1t \u0111\u1ed9ng kinh doanh s\u1ea3n ph\u1ea9m ch\u0103m s\u00f3c c\u00e1 nh\u00e2n c\u1ee7a ch\u00fang t\u00f4i \u1edf Qu\u1ea3ng Ch\u00e2u, Qu\u1ea3ng \u0110\u00f4ng, Trung Qu\u1ed1c.  <\/p>\t\t\t\t\t\t\t\t<\/div>\n\t\t\t\t<\/div>\n\t\t\t\t\t<\/div>\n\t\t\t\t<\/div>\n\t\t\t\t\t<\/div>\n\t\t\t\t<\/div>\n\t\t<div class=\"elementor-element elementor-element-9796745 e-flex e-con-boxed e-con e-parent\" data-id=\"9796745\" data-element_type=\"container\" data-e-type=\"container\">\n\t\t\t\t\t<div class=\"e-con-inner\">\n\t\t\t\t<div class=\"elementor-element elementor-element-e854484 elementor-widget elementor-widget-image\" data-id=\"e854484\" data-element_type=\"widget\" data-e-type=\"widget\" data-widget_type=\"image.default\">\n\t\t\t\t<div class=\"elementor-widget-container\">\n\t\t\t\t\t\t\t\t\t\t\t\t\t\t\t<img decoding=\"async\" width=\"800\" height=\"799\" src=\"https:\/\/www.xiangxiangdaily.com\/wp-content\/uploads\/2023\/12\/David-Shi.webp\" class=\"attachment-large size-large wp-image-98864\" alt=\"David Shi\" \/>\t\t\t\t\t\t\t\t\t\t\t\t\t\t\t<\/div>\n\t\t\t\t<\/div>\n\t\t<div class=\"elementor-element elementor-element-8934a71 e-flex e-con-boxed e-con e-child\" data-id=\"8934a71\" data-element_type=\"container\" data-e-type=\"container\">\n\t\t\t\t\t<div class=\"e-con-inner\">\n\t\t\t\t<div class=\"elementor-element elementor-element-bfb9894 elementor-widget elementor-widget-heading\" data-id=\"bfb9894\" data-element_type=\"widget\" data-e-type=\"widget\" data-widget_type=\"heading.default\">\n\t\t\t\t<div class=\"elementor-widget-container\">\n\t\t\t\t\t<h2 class=\"elementor-heading-title elementor-size-default\">David Shi<\/h2>\t\t\t\t<\/div>\n\t\t\t\t<\/div>\n\t\t\t\t<div class=\"elementor-element elementor-element-3848381 elementor-widget elementor-widget-heading\" data-id=\"3848381\" data-element_type=\"widget\" data-e-type=\"widget\" data-widget_type=\"heading.default\">\n\t\t\t\t<div class=\"elementor-widget-container\">\n\t\t\t\t\t<div class=\"elementor-heading-title elementor-size-default\">Gi\u00e1m \u0111\u1ed1c \u0111i\u1ec1u h\u00e0nh<\/div>\t\t\t\t<\/div>\n\t\t\t\t<\/div>\n\t\t\t\t<div class=\"elementor-element elementor-element-2c10e55 elementor-widget elementor-widget-heading\" data-id=\"2c10e55\" data-element_type=\"widget\" data-e-type=\"widget\" data-widget_type=\"heading.default\">\n\t\t\t\t<div class=\"elementor-widget-container\">\n\t\t\t\t\t<h3 class=\"elementor-heading-title elementor-size-default\">\u201cXiangxiang tin v\u00e0o chi\u1ebfn th\u1eafng \u0111\u00f4i b\u00ean c\u00f9ng c\u00f3 l\u1ee3i. Ch\u00fang t\u00f4i kh\u00f4ng ch\u1ec9 t\u1eadp trung v\u00e0o th\u00e0nh c\u00f4ng c\u1ee7a c\u00e1 nh\u00e2n m\u00e0 c\u00f2n ph\u1ea5n \u0111\u1ea5u v\u00ec th\u00e0nh c\u00f4ng t\u1ed1t h\u01a1n v\u00e0 cao h\u01a1n cho t\u1ea5t c\u1ea3 m\u1ecdi ng\u01b0\u1eddi\u201d<\/h3>\t\t\t\t<\/div>\n\t\t\t\t<\/div>\n\t\t\t\t<div class=\"elementor-element elementor-element-19681b8 elementor-widget elementor-widget-text-editor\" data-id=\"19681b8\" data-element_type=\"widget\" data-e-type=\"widget\" data-widget_type=\"text-editor.default\">\n\t\t\t\t<div class=\"elementor-widget-container\">\n\t\t\t\t\t\t\t\t\t<p>N\u0103m 2018, David tr\u1edf th\u00e0nh T\u1ed5ng gi\u00e1m \u0111\u1ed1c \u0111i\u1ec1u h\u00e0nh c\u1ee7a Xiangxiang, v\u1edbi h\u01a1n 10 n\u0103m kinh nghi\u1ec7m trong chu\u1ed7i cung \u1ee9ng ng\u00e0nh m\u1ef9 ph\u1ea9m v\u00e0 ch\u0103m s\u00f3c c\u00e1 nh\u00e2n. \u00d4ng \u0111\u01b0\u1ee3c coi r\u1ed9ng r\u00e3i l\u00e0 ng\u01b0\u1eddi ti\u00ean phong trong l\u0129nh v\u1ef1c s\u1ea3n xu\u1ea5t, c\u00f3 con m\u1eaft tinh t\u01b0\u1eddng v\u1ec1 xu h\u01b0\u1edbng bao b\u00ec v\u00e0 x\u00e2y d\u1ef1ng th\u01b0\u01a1ng hi\u1ec7u c\u0169ng nh\u01b0 hi\u1ec3u bi\u1ebft s\u00e2u s\u1eafc v\u1ec1 nhu c\u1ea7u ng\u00e0y c\u00e0ng thay \u0111\u1ed5i c\u1ee7a kh\u00e1ch h\u00e0ng.<\/p>\t\t\t\t\t\t\t\t<\/div>\n\t\t\t\t<\/div>\n\t\t\t\t\t<\/div>\n\t\t\t\t<\/div>\n\t\t\t\t\t<\/div>\n\t\t\t\t<\/div>\n\t\t\t\t<\/div>\n\t\t","protected":false},"excerpt":{"rendered":"<p>L\u00e3nh \u0111\u1ea1o \u0110\u1ed9i ng\u0169 l\u00e3nh \u0111\u1ea1o c\u1ee7a Xiangxiangdaily d\u1eabn d\u1eaft b\u1eb1ng t\u1ea5m g\u01b0\u01a1ng, th\u1ec3 hi\u1ec7n nh\u1eefng ph\u1ea9m ch\u1ea5t khi\u1ebfn nh\u00e2n vi\u00ean c\u1ee7a ch\u00fang t\u00f4i tr\u1edf n\u00ean kh\u00e1c bi\u1ec7t: ch\u00ednh tr\u1ef1c, chuy\u00ean m\u00f4n v\u00e0 cam k\u1ebft ph\u1ee5c v\u1ee5 kh\u00e1ch h\u00e0ng m\u1ed9t c\u00e1ch kh\u00e1c bi\u1ec7t. Home Kh\u00e1m ph\u00e1 nh\u1eefng g\u01b0\u01a1ng m\u1eb7t \u0111\u1eb1ng sau th\u00e0nh c\u00f4ng c\u1ee7a Xiangxiang [&hellip;]<\/p>\n","protected":false},"author":1,"featured_media":26173,"parent":0,"menu_order":0,"comment_status":"closed","ping_status":"closed","template":"","meta":{"_acf_changed":false,"footnotes":""},"class_list":["post-26172","page","type-page","status-publish","has-post-thumbnail","hentry"],"acf":[],"_links":{"self":[{"href":"https:\/\/www.xiangxiangdaily.com\/vi\/wp-json\/wp\/v2\/pages\/26172","targetHints":{"allow":["GET"]}}],"collection":[{"href":"https:\/\/www.xiangxiangdaily.com\/vi\/wp-json\/wp\/v2\/pages"}],"about":[{"href":"https:\/\/www.xiangxiangdaily.com\/vi\/wp-json\/wp\/v2\/types\/page"}],"author":[{"embeddable":true,"href":"https:\/\/www.xiangxiangdaily.com\/vi\/wp-json\/wp\/v2\/users\/1"}],"replies":[{"embeddable":true,"href":"https:\/\/www.xiangxiangdaily.com\/vi\/wp-json\/wp\/v2\/comments?post=26172"}],"version-history":[{"count":2,"href":"https:\/\/www.xiangxiangdaily.com\/vi\/wp-json\/wp\/v2\/pages\/26172\/revisions"}],"predecessor-version":[{"id":101297,"href":"https:\/\/www.xiangxiangdaily.com\/vi\/wp-json\/wp\/v2\/pages\/26172\/revisions\/101297"}],"wp:featuredmedia":[{"embeddable":true,"href":"https:\/\/www.xiangxiangdaily.com\/vi\/wp-json\/wp\/v2\/media\/26173"}],"wp:attachment":[{"href":"https:\/\/www.xiangxiangdaily.com\/vi\/wp-json\/wp\/v2\/media?parent=26172"}],"curies":[{"name":"wp","href":"https:\/\/api.w.org\/{rel}","templated":true}]}}