{"id":26179,"date":"2023-01-12T09:54:40","date_gmt":"2023-01-12T01:54:40","guid":{"rendered":"https:\/\/www.xiangxiangdaily.com\/dich-vu-sau-ban-hang\/"},"modified":"2026-04-28T18:17:57","modified_gmt":"2026-04-28T10:17:57","slug":"dich-vu-sau-ban-hang","status":"publish","type":"page","link":"https:\/\/www.xiangxiangdaily.com\/vi\/dich-vu-sau-ban-hang\/","title":{"rendered":"D\u1ecbch v\u1ee5 sau b\u00e1n h\u00e0ng"},"content":{"rendered":"\t\t<div data-elementor-type=\"wp-page\" data-elementor-id=\"26179\" class=\"elementor elementor-26179 elementor-3395\" data-elementor-post-type=\"page\">\n\t\t\t\t<div class=\"elementor-element elementor-element-4b59c0ec e-flex e-con-boxed e-con e-parent\" data-id=\"4b59c0ec\" data-element_type=\"container\" data-e-type=\"container\" data-settings=\"{&quot;background_background&quot;:&quot;classic&quot;}\">\n\t\t\t\t\t<div class=\"e-con-inner\">\n\t\t\t\t<div class=\"elementor-element elementor-element-4072d0d elementor-widget elementor-widget-heading\" data-id=\"4072d0d\" data-element_type=\"widget\" data-e-type=\"widget\" data-widget_type=\"heading.default\">\n\t\t\t\t<div class=\"elementor-widget-container\">\n\t\t\t\t\t<h1 class=\"elementor-heading-title elementor-size-default\">D\u1ecbch v\u1ee5 sau b\u00e1n h\u00e0ng<\/h1>\t\t\t\t<\/div>\n\t\t\t\t<\/div>\n\t\t\t\t<div class=\"elementor-element elementor-element-419f6bb4 elementor-widget elementor-widget-heading\" data-id=\"419f6bb4\" data-element_type=\"widget\" data-e-type=\"widget\" data-widget_type=\"heading.default\">\n\t\t\t\t<div class=\"elementor-widget-container\">\n\t\t\t\t\t<p class=\"elementor-heading-title elementor-size-default\">B\u1ea5t k\u1ef3 s\u1ef1 h\u1ed7 tr\u1ee3 n\u00e0o b\u1ea1n c\u1ea7n, b\u1ea5t c\u1ee9 n\u01a1i \u0111\u00e2u, b\u1ea5t c\u1ee9 khi n\u00e0o.<\/p>\t\t\t\t<\/div>\n\t\t\t\t<\/div>\n\t\t\t\t<div class=\"elementor-element elementor-element-502a1f7 elementor-widget elementor-widget-breadcrumbs\" data-id=\"502a1f7\" data-element_type=\"widget\" data-e-type=\"widget\" data-widget_type=\"breadcrumbs.default\">\n\t\t\t\t<div class=\"elementor-widget-container\">\n\t\t\t\t\t<nav><span class=\"last\">Trang ch\u1ee7<\/span><\/nav>\t\t\t\t<\/div>\n\t\t\t\t<\/div>\n\t\t\t\t\t<\/div>\n\t\t\t\t<\/div>\n\t\t<div class=\"elementor-element elementor-element-19f7ea6 e-flex e-con-boxed e-con e-parent\" data-id=\"19f7ea6\" data-element_type=\"container\" data-e-type=\"container\">\n\t\t\t\t\t<div class=\"e-con-inner\">\n\t\t<div class=\"elementor-element elementor-element-5c2c743 e-flex e-con-boxed e-con e-child\" data-id=\"5c2c743\" data-element_type=\"container\" data-e-type=\"container\">\n\t\t\t\t\t<div class=\"e-con-inner\">\n\t\t\t\t<div class=\"elementor-element elementor-element-8ed3f1f elementor-widget elementor-widget-heading\" data-id=\"8ed3f1f\" data-element_type=\"widget\" data-e-type=\"widget\" data-widget_type=\"heading.default\">\n\t\t\t\t<div class=\"elementor-widget-container\">\n\t\t\t\t\t<h2 class=\"elementor-heading-title elementor-size-default\">D\u1ecbch v\u1ee5 t\u1eeb \u0111\u1ea7u \u0111\u1ebfn cu\u1ed1i v\u00f2ng \u0111\u1eddi s\u1ea3n ph\u1ea9m c\u1ee7a b\u1ea1n<\/h2>\t\t\t\t<\/div>\n\t\t\t\t<\/div>\n\t\t\t\t<div class=\"elementor-element elementor-element-e9ab525 elementor-widget elementor-widget-text-editor\" data-id=\"e9ab525\" data-element_type=\"widget\" data-e-type=\"widget\" data-widget_type=\"text-editor.default\">\n\t\t\t\t<div class=\"elementor-widget-container\">\n\t\t\t\t\t\t\t\t\t<p>B\u1ed9 ph\u1eadn H\u1eadu m\u00e3i c\u1ee7a ch\u00fang t\u00f4i lu\u00f4n s\u1eb5n s\u00e0ng h\u1ed7 tr\u1ee3 b\u1ea1n gi\u1ea3i quy\u1ebft m\u1ecdi v\u1ea5n \u0111\u1ec1 ho\u1eb7c th\u1eafc m\u1eafc \u2013 b\u1ea1n c\u00f3 th\u1ec3 ti\u1ebfp c\u1eadn m\u1ecdi lo\u1ea1i d\u1ecbch v\u1ee5 t\u1eeb khi b\u1eaft \u0111\u1ea7u \u0111\u1ebfn khi tr\u1ea3 l\u1ea1i s\u1ea3n ph\u1ea9m.<br><br>N\u1ebfu c\u1ea7n, m\u1ed9t nh\u00e2n vi\u00ean s\u1ebd nhanh ch\u00f3ng \u0111\u1ebfn \u0111\u1ecba \u0111i\u1ec3m \u0111\u1ec3 l\u00e0m vi\u1ec7c v\u1edbi b\u1ea1n v\u00e0 ch\u0103m s\u00f3c c\u00e1c m\u1ed1i quan t\u00e2m v\u00e0 nhu c\u1ea7u c\u1ee7a b\u1ea1n. Nh\u00e2n vi\u00ean d\u1ecbch v\u1ee5 sau b\u00e1n h\u00e0ng c\u1ee7a ch\u00fang t\u00f4i kh\u00f4ng ch\u1ec9 l\u00e0 chuy\u00ean gia m\u1ef9 ph\u1ea9m m\u00e0 c\u00f2n c\u00f3 c\u00e1c k\u1ef9 n\u0103ng v\u00e0 tr\u00ecnh \u0111\u1ed9 kh\u00e1c. V\u00ed d\u1ee5, nh\u00f3m c\u1ee7a ch\u00fang t\u00f4i c\u00f3 c\u00e1c nh\u00e0 thi\u1ebft k\u1ebf l\u00e0nh ngh\u1ec1, nh\u1eefng ng\u01b0\u1eddi s\u1eb5n s\u00e0ng \u0111\u01b0a ra b\u1ea5t k\u1ef3 \u00fd t\u01b0\u1edfng \u0111\u00f3ng g\u00f3i b\u1ed5 sung n\u00e0o cho b\u1ea5t k\u1ef3 s\u1ef1 ki\u1ec7n \u0111\u1eb7c bi\u1ec7t n\u00e0o.<\/p>\t\t\t\t\t\t\t\t<\/div>\n\t\t\t\t<\/div>\n\t\t\t\t\t<\/div>\n\t\t\t\t<\/div>\n\t\t<div class=\"elementor-element elementor-element-12c626a e-flex e-con-boxed e-con e-child\" data-id=\"12c626a\" data-element_type=\"container\" data-e-type=\"container\">\n\t\t\t\t\t<div class=\"e-con-inner\">\n\t\t\t\t<div class=\"elementor-element elementor-element-d6f09bd elementor-widget elementor-widget-image\" data-id=\"d6f09bd\" data-element_type=\"widget\" data-e-type=\"widget\" data-widget_type=\"image.default\">\n\t\t\t\t<div class=\"elementor-widget-container\">\n\t\t\t\t\t\t\t\t\t\t\t\t\t\t\t<img fetchpriority=\"high\" decoding=\"async\" width=\"800\" height=\"533\" src=\"https:\/\/www.xiangxiangdaily.com\/wp-content\/uploads\/2023\/12\/After-Sales-Services.webp\" class=\"attachment-large size-large wp-image-26180\" alt=\"D\u1ecbch v\u1ee5 sau b\u00e1n h\u00e0ng\" srcset=\"https:\/\/www.xiangxiangdaily.com\/wp-content\/uploads\/2023\/12\/After-Sales-Services.webp 800w, https:\/\/www.xiangxiangdaily.com\/wp-content\/uploads\/2023\/12\/After-Sales-Services-600x400.webp 600w, https:\/\/www.xiangxiangdaily.com\/wp-content\/uploads\/2023\/12\/After-Sales-Services-300x200.webp 300w, https:\/\/www.xiangxiangdaily.com\/wp-content\/uploads\/2023\/12\/After-Sales-Services-768x512.webp 768w\" sizes=\"(max-width: 800px) 100vw, 800px\" \/>\t\t\t\t\t\t\t\t\t\t\t\t\t\t\t<\/div>\n\t\t\t\t<\/div>\n\t\t\t\t\t<\/div>\n\t\t\t\t<\/div>\n\t\t\t\t\t<\/div>\n\t\t\t\t<\/div>\n\t\t<div class=\"elementor-element elementor-element-d204239 e-flex e-con-boxed e-con e-parent\" data-id=\"d204239\" data-element_type=\"container\" data-e-type=\"container\" data-settings=\"{&quot;background_background&quot;:&quot;classic&quot;}\">\n\t\t\t\t\t<div class=\"e-con-inner\">\n\t\t\t\t<div class=\"elementor-element elementor-element-e055765 elementor-widget-divider--view-line elementor-widget elementor-widget-divider\" data-id=\"e055765\" data-element_type=\"widget\" data-e-type=\"widget\" data-widget_type=\"divider.default\">\n\t\t\t\t<div class=\"elementor-widget-container\">\n\t\t\t\t\t\t\t<div class=\"elementor-divider\">\n\t\t\t<span class=\"elementor-divider-separator\">\n\t\t\t\t\t\t<\/span>\n\t\t<\/div>\n\t\t\t\t\t\t<\/div>\n\t\t\t\t<\/div>\n\t\t\t\t<div class=\"elementor-element elementor-element-1966eed elementor-widget elementor-widget-heading\" data-id=\"1966eed\" data-element_type=\"widget\" data-e-type=\"widget\" data-widget_type=\"heading.default\">\n\t\t\t\t<div class=\"elementor-widget-container\">\n\t\t\t\t\t<h2 class=\"elementor-heading-title elementor-size-default\">Qu\u1ea3n l\u00fd d\u1ef1 \u00e1n c\u1ee7a b\u1ea1n. T\u1eeb \u0111\u1ea7u \u0111\u1ebfn cu\u1ed1i.<\/h2>\t\t\t\t<\/div>\n\t\t\t\t<\/div>\n\t\t<div class=\"elementor-element elementor-element-72d9213 e-flex e-con-boxed e-con e-child\" data-id=\"72d9213\" data-element_type=\"container\" data-e-type=\"container\">\n\t\t\t\t\t<div class=\"e-con-inner\">\n\t\t<div class=\"elementor-element elementor-element-3bc1d18 e-flex e-con-boxed e-con e-child\" data-id=\"3bc1d18\" data-element_type=\"container\" data-e-type=\"container\" data-settings=\"{&quot;background_background&quot;:&quot;classic&quot;}\">\n\t\t\t\t\t<div class=\"e-con-inner\">\n\t\t\t\t<div class=\"elementor-element elementor-element-a61f8b9 elementor-widget elementor-widget-heading\" data-id=\"a61f8b9\" data-element_type=\"widget\" data-e-type=\"widget\" data-widget_type=\"heading.default\">\n\t\t\t\t<div class=\"elementor-widget-container\">\n\t\t\t\t\t<h3 class=\"elementor-heading-title elementor-size-default\">D\u1ecbch v\u1ee5 nhanh ch\u00f3ng v\u00e0 t\u00f9y ch\u1ec9nh<\/h3>\t\t\t\t<\/div>\n\t\t\t\t<\/div>\n\t\t\t\t<div class=\"elementor-element elementor-element-86fee0f elementor-widget elementor-widget-text-editor\" data-id=\"86fee0f\" data-element_type=\"widget\" data-e-type=\"widget\" data-widget_type=\"text-editor.default\">\n\t\t\t\t<div class=\"elementor-widget-container\">\n\t\t\t\t\t\t\t\t\t<p>M\u1ecdi y\u00eau c\u1ea7u \u0111\u1ec1u \u0111\u01b0\u1ee3c qu\u1ea3n l\u00fd b\u1edfi m\u1ed9t nh\u00f3m chuy\u00ean gia x\u1eed l\u00fd to\u00e0n b\u1ed9 quy tr\u00ecnh, t\u1eeb b\u00e1o gi\u00e1 \u0111\u1ebfn giao h\u00e0ng t\u1eadn n\u01a1i.<\/p>\t\t\t\t\t\t\t\t<\/div>\n\t\t\t\t<\/div>\n\t\t\t\t<div class=\"elementor-element elementor-element-9d6dda1 elementor-view-stacked elementor-absolute elementor-shape-circle elementor-widget elementor-widget-icon\" data-id=\"9d6dda1\" data-element_type=\"widget\" data-e-type=\"widget\" data-settings=\"{&quot;_position&quot;:&quot;absolute&quot;}\" data-widget_type=\"icon.default\">\n\t\t\t\t<div class=\"elementor-widget-container\">\n\t\t\t\t\t\t\t<div class=\"elementor-icon-wrapper\">\n\t\t\t<div class=\"elementor-icon\">\n\t\t\t<i aria-hidden=\"true\" class=\"far fa-file-alt\"><\/i>\t\t\t<\/div>\n\t\t<\/div>\n\t\t\t\t\t\t<\/div>\n\t\t\t\t<\/div>\n\t\t\t\t\t<\/div>\n\t\t\t\t<\/div>\n\t\t<div class=\"elementor-element elementor-element-4f9514b e-flex e-con-boxed e-con e-child\" data-id=\"4f9514b\" data-element_type=\"container\" data-e-type=\"container\" data-settings=\"{&quot;background_background&quot;:&quot;classic&quot;}\">\n\t\t\t\t\t<div class=\"e-con-inner\">\n\t\t\t\t<div class=\"elementor-element elementor-element-c1b47f2 elementor-widget elementor-widget-heading\" data-id=\"c1b47f2\" data-element_type=\"widget\" data-e-type=\"widget\" data-widget_type=\"heading.default\">\n\t\t\t\t<div class=\"elementor-widget-container\">\n\t\t\t\t\t<h3 class=\"elementor-heading-title elementor-size-default\">Tr\u01b0\u1edbc v\u00e0 sau d\u1ecbch v\u1ee5<\/h3>\t\t\t\t<\/div>\n\t\t\t\t<\/div>\n\t\t\t\t<div class=\"elementor-element elementor-element-4ac5b3c elementor-widget elementor-widget-text-editor\" data-id=\"4ac5b3c\" data-element_type=\"widget\" data-e-type=\"widget\" data-widget_type=\"text-editor.default\">\n\t\t\t\t<div class=\"elementor-widget-container\">\n\t\t\t\t\t\t\t\t\t<p>Ch\u00fang t\u00f4i h\u1ee9a r\u1eb1ng s\u1ea3n ph\u1ea9m c\u1ee7a ch\u00fang t\u00f4i s\u1ebd \u0111\u1ebfn tay b\u1ea1n m\u00e0 kh\u00f4ng b\u1ecb h\u01b0 h\u1ea1i v\u1edbi bao b\u00ec l\u00e0m b\u1eb1ng b\u00eca c\u1ee9ng v\u00e0 x\u1ed1p. Ngo\u00e0i ra, ch\u00fang t\u00f4i khuy\u00ean b\u1ea1n n\u00ean s\u1eed d\u1ee5ng \u0110i\u1ec1u kho\u1ea3n 2% C\u1ed9ng ho\u1eb7c Tr\u1eeb.<\/p>\t\t\t\t\t\t\t\t<\/div>\n\t\t\t\t<\/div>\n\t\t\t\t<div class=\"elementor-element elementor-element-320dcb7 elementor-view-stacked elementor-absolute elementor-shape-circle elementor-widget elementor-widget-icon\" data-id=\"320dcb7\" data-element_type=\"widget\" data-e-type=\"widget\" data-settings=\"{&quot;_position&quot;:&quot;absolute&quot;}\" data-widget_type=\"icon.default\">\n\t\t\t\t<div class=\"elementor-widget-container\">\n\t\t\t\t\t\t\t<div class=\"elementor-icon-wrapper\">\n\t\t\t<div class=\"elementor-icon\">\n\t\t\t<i aria-hidden=\"true\" class=\"fas fa-headset\"><\/i>\t\t\t<\/div>\n\t\t<\/div>\n\t\t\t\t\t\t<\/div>\n\t\t\t\t<\/div>\n\t\t\t\t\t<\/div>\n\t\t\t\t<\/div>\n\t\t<div class=\"elementor-element elementor-element-6474ecb e-flex e-con-boxed e-con e-child\" data-id=\"6474ecb\" data-element_type=\"container\" data-e-type=\"container\" data-settings=\"{&quot;background_background&quot;:&quot;classic&quot;}\">\n\t\t\t\t\t<div class=\"e-con-inner\">\n\t\t\t\t<div class=\"elementor-element elementor-element-1538bfa elementor-widget elementor-widget-heading\" data-id=\"1538bfa\" data-element_type=\"widget\" data-e-type=\"widget\" data-widget_type=\"heading.default\">\n\t\t\t\t<div class=\"elementor-widget-container\">\n\t\t\t\t\t<h3 class=\"elementor-heading-title elementor-size-default\">H\u1ed7 tr\u1ee3 b\u1ea3o h\u00e0nh<\/h3>\t\t\t\t<\/div>\n\t\t\t\t<\/div>\n\t\t\t\t<div class=\"elementor-element elementor-element-26fd65b elementor-widget elementor-widget-text-editor\" data-id=\"26fd65b\" data-element_type=\"widget\" data-e-type=\"widget\" data-widget_type=\"text-editor.default\">\n\t\t\t\t<div class=\"elementor-widget-container\">\n\t\t\t\t\t\t\t\t\t<p>M\u1ed7i d\u1ef1 \u00e1n m\u1ef9 ph\u1ea9m \u0111\u1ec1u c\u00f3 nhu c\u1ea7u b\u1ea3o m\u1eadt kh\u00e1c nhau, \u0111\u00f3 l\u00e0 l\u00fd do t\u1ea1i sao ch\u00fang t\u00f4i cung c\u1ea5p nhi\u1ec1u ch\u1ebf \u0111\u1ed9 b\u1ea3o h\u00e0nh linh ho\u1ea1t.<\/p>\t\t\t\t\t\t\t\t<\/div>\n\t\t\t\t<\/div>\n\t\t\t\t<div class=\"elementor-element elementor-element-a2bfa86 elementor-view-stacked elementor-absolute elementor-shape-circle elementor-widget elementor-widget-icon\" data-id=\"a2bfa86\" data-element_type=\"widget\" data-e-type=\"widget\" data-settings=\"{&quot;_position&quot;:&quot;absolute&quot;}\" data-widget_type=\"icon.default\">\n\t\t\t\t<div class=\"elementor-widget-container\">\n\t\t\t\t\t\t\t<div class=\"elementor-icon-wrapper\">\n\t\t\t<div class=\"elementor-icon\">\n\t\t\t<i aria-hidden=\"true\" class=\"far fa-comments\"><\/i>\t\t\t<\/div>\n\t\t<\/div>\n\t\t\t\t\t\t<\/div>\n\t\t\t\t<\/div>\n\t\t\t\t\t<\/div>\n\t\t\t\t<\/div>\n\t\t\t\t\t<\/div>\n\t\t\t\t<\/div>\n\t\t\t\t\t<\/div>\n\t\t\t\t<\/div>\n\t\t<div class=\"elementor-element elementor-element-57dccb3 e-flex e-con-boxed e-con e-parent\" data-id=\"57dccb3\" data-element_type=\"container\" data-e-type=\"container\">\n\t\t\t\t\t<div class=\"e-con-inner\">\n\t\t<div class=\"elementor-element elementor-element-7b323ab e-flex e-con-boxed e-con e-child\" data-id=\"7b323ab\" data-element_type=\"container\" data-e-type=\"container\" data-settings=\"{&quot;background_background&quot;:&quot;classic&quot;}\">\n\t\t\t\t\t<div class=\"e-con-inner\">\n\t\t\t\t<div class=\"elementor-element elementor-element-b873fc0 elementor-widget elementor-widget-image\" data-id=\"b873fc0\" data-element_type=\"widget\" data-e-type=\"widget\" data-widget_type=\"image.default\">\n\t\t\t\t<div class=\"elementor-widget-container\">\n\t\t\t\t\t\t\t\t\t\t\t\t\t\t\t<img decoding=\"async\" width=\"800\" height=\"800\" src=\"https:\/\/www.xiangxiangdaily.com\/wp-content\/uploads\/2023\/12\/Need-support.webp\" class=\"attachment-large size-large wp-image-98960\" alt=\"C\u1ea7n h\u1ed7 tr\u1ee3\" \/>\t\t\t\t\t\t\t\t\t\t\t\t\t\t\t<\/div>\n\t\t\t\t<\/div>\n\t\t\t\t\t<\/div>\n\t\t\t\t<\/div>\n\t\t<div class=\"elementor-element elementor-element-30d0ce3 e-flex e-con-boxed e-con e-child\" data-id=\"30d0ce3\" data-element_type=\"container\" data-e-type=\"container\">\n\t\t\t\t\t<div class=\"e-con-inner\">\n\t\t\t\t<div class=\"elementor-element elementor-element-160534f elementor-widget elementor-widget-heading\" data-id=\"160534f\" data-element_type=\"widget\" data-e-type=\"widget\" data-widget_type=\"heading.default\">\n\t\t\t\t<div class=\"elementor-widget-container\">\n\t\t\t\t\t<h2 class=\"elementor-heading-title elementor-size-default\">C\u1ea7n h\u1ed7 tr\u1ee3?<br>Ch\u00fang t\u00f4i ph\u1ee5c v\u1ee5 b\u1ea1n 24\/7\/365!<\/h2>\t\t\t\t<\/div>\n\t\t\t\t<\/div>\n\t\t\t\t<div class=\"elementor-element elementor-element-9571926 elementor-widget elementor-widget-text-editor\" data-id=\"9571926\" data-element_type=\"widget\" data-e-type=\"widget\" data-widget_type=\"text-editor.default\">\n\t\t\t\t<div class=\"elementor-widget-container\">\n\t\t\t\t\t\t\t\t\t<p>Ch\u00fang t\u00f4i mu\u1ed1n b\u1ea1n h\u00e0i l\u00f2ng! \u0110\u00f3 l\u00e0 l\u00fd do t\u1ea1i sao ch\u00fang t\u00f4i \u0111\u00e3 t\u1ea1o ra c\u00e1c gi\u1ea3i ph\u00e1p d\u1ecbch v\u1ee5 s\u1ebd gi\u00fap b\u1ea1n ngay c\u1ea3 sau khi mua h\u00e0ng. H\u1ee3p t\u00e1c v\u00e0 tin t\u01b0\u1edfng l\u00e0 nh\u1eefng gi\u00e1 tr\u1ecb m\u00e0 ch\u00fang t\u00f4i theo \u0111u\u1ed5i \u1edf Trung Qu\u1ed1c. N\u1ebfu b\u1ea1n c\u1ea7n tr\u1ee3 gi\u00fap, ch\u00fang t\u00f4i lu\u00f4n s\u1eb5n s\u00e0ng ph\u1ee5c v\u1ee5 b\u1ea1n.<\/p>\t\t\t\t\t\t\t\t<\/div>\n\t\t\t\t<\/div>\n\t\t<div class=\"elementor-element elementor-element-d801eaf e-flex e-con-boxed e-con e-child\" data-id=\"d801eaf\" data-element_type=\"container\" data-e-type=\"container\">\n\t\t\t\t\t<div class=\"e-con-inner\">\n\t\t\t\t<div class=\"elementor-element elementor-element-9c2a20b elementor-widget elementor-widget-button\" data-id=\"9c2a20b\" data-element_type=\"widget\" data-e-type=\"widget\" data-widget_type=\"button.default\">\n\t\t\t\t<div class=\"elementor-widget-container\">\n\t\t\t\t\t\t\t\t\t<div class=\"elementor-button-wrapper\">\n\t\t\t\t\t<a class=\"elementor-button elementor-button-link elementor-size-xl\" href=\"https:\/\/www.xiangxiangdaily.com\/vi\/cau-hoi-thuong-gap\/\">\n\t\t\t\t\t\t<span class=\"elementor-button-content-wrapper\">\n\t\t\t\t\t\t\t\t\t<span class=\"elementor-button-text\">C\u00e2u h\u1ecfi th\u01b0\u1eddng g\u1eb7p<\/span>\n\t\t\t\t\t<\/span>\n\t\t\t\t\t<\/a>\n\t\t\t\t<\/div>\n\t\t\t\t\t\t\t\t<\/div>\n\t\t\t\t<\/div>\n\t\t\t\t<div class=\"elementor-element elementor-element-3c8e683 elementor-widget elementor-widget-button\" data-id=\"3c8e683\" data-element_type=\"widget\" data-e-type=\"widget\" data-widget_type=\"button.default\">\n\t\t\t\t<div class=\"elementor-widget-container\">\n\t\t\t\t\t\t\t\t\t<div class=\"elementor-button-wrapper\">\n\t\t\t\t\t<a class=\"elementor-button elementor-button-link elementor-size-xl\" href=\"https:\/\/www.xiangxiangdaily.com\/vi\/lien-he\/\">\n\t\t\t\t\t\t<span class=\"elementor-button-content-wrapper\">\n\t\t\t\t\t\t\t\t\t<span class=\"elementor-button-text\">Mu\u1ed1n \u0111\u01b0\u1ee3c h\u1ed7 tr\u1ee3 ngay b\u00e2y gi\u1edd<\/span>\n\t\t\t\t\t<\/span>\n\t\t\t\t\t<\/a>\n\t\t\t\t<\/div>\n\t\t\t\t\t\t\t\t<\/div>\n\t\t\t\t<\/div>\n\t\t\t\t\t<\/div>\n\t\t\t\t<\/div>\n\t\t\t\t\t<\/div>\n\t\t\t\t<\/div>\n\t\t\t\t\t<\/div>\n\t\t\t\t<\/div>\n\t\t\t\t<\/div>\n\t\t","protected":false},"excerpt":{"rendered":"<p>D\u1ecbch v\u1ee5 sau b\u00e1n h\u00e0ng B\u1ea5t k\u1ef3 s\u1ef1 h\u1ed7 tr\u1ee3 n\u00e0o b\u1ea1n c\u1ea7n, b\u1ea5t c\u1ee9 n\u01a1i \u0111\u00e2u, b\u1ea5t c\u1ee9 khi n\u00e0o. Home D\u1ecbch v\u1ee5 t\u1eeb \u0111\u1ea7u \u0111\u1ebfn cu\u1ed1i v\u00f2ng \u0111\u1eddi s\u1ea3n ph\u1ea9m c\u1ee7a b\u1ea1n B\u1ed9 ph\u1eadn H\u1eadu m\u00e3i c\u1ee7a ch\u00fang t\u00f4i lu\u00f4n s\u1eb5n s\u00e0ng h\u1ed7 tr\u1ee3 b\u1ea1n gi\u1ea3i quy\u1ebft m\u1ecdi v\u1ea5n \u0111\u1ec1 ho\u1eb7c th\u1eafc m\u1eafc [&hellip;]<\/p>\n","protected":false},"author":1,"featured_media":26180,"parent":0,"menu_order":0,"comment_status":"closed","ping_status":"closed","template":"","meta":{"_acf_changed":false,"footnotes":""},"class_list":["post-26179","page","type-page","status-publish","has-post-thumbnail","hentry"],"acf":[],"_links":{"self":[{"href":"https:\/\/www.xiangxiangdaily.com\/vi\/wp-json\/wp\/v2\/pages\/26179","targetHints":{"allow":["GET"]}}],"collection":[{"href":"https:\/\/www.xiangxiangdaily.com\/vi\/wp-json\/wp\/v2\/pages"}],"about":[{"href":"https:\/\/www.xiangxiangdaily.com\/vi\/wp-json\/wp\/v2\/types\/page"}],"author":[{"embeddable":true,"href":"https:\/\/www.xiangxiangdaily.com\/vi\/wp-json\/wp\/v2\/users\/1"}],"replies":[{"embeddable":true,"href":"https:\/\/www.xiangxiangdaily.com\/vi\/wp-json\/wp\/v2\/comments?post=26179"}],"version-history":[{"count":3,"href":"https:\/\/www.xiangxiangdaily.com\/vi\/wp-json\/wp\/v2\/pages\/26179\/revisions"}],"predecessor-version":[{"id":101678,"href":"https:\/\/www.xiangxiangdaily.com\/vi\/wp-json\/wp\/v2\/pages\/26179\/revisions\/101678"}],"wp:featuredmedia":[{"embeddable":true,"href":"https:\/\/www.xiangxiangdaily.com\/vi\/wp-json\/wp\/v2\/media\/26180"}],"wp:attachment":[{"href":"https:\/\/www.xiangxiangdaily.com\/vi\/wp-json\/wp\/v2\/media?parent=26179"}],"curies":[{"name":"wp","href":"https:\/\/api.w.org\/{rel}","templated":true}]}}